{"id":4288,"date":"2024-01-10T07:44:36","date_gmt":"2024-01-10T07:44:36","guid":{"rendered":"https:\/\/longchangchemical.com\/?post_type=product&#038;p=4288"},"modified":"2025-12-22T06:22:54","modified_gmt":"2025-12-22T06:22:54","slug":"taurinamide-hcl-cas-89756-60-5","status":"publish","type":"product","link":"https:\/\/longchangchemical.com\/de\/product\/taurinamide-hcl-cas-89756-60-5\/","title":{"rendered":"Taurinamid hcl cas 89756-60-5"},"content":{"rendered":"<h2><strong>Taurinamid HCl Typische Eigenschaften<\/strong><\/h2>\n<table class=\"table-1\" cellspacing=\"0\">\n<tbody>\n<tr>\n<td>Artikel<\/td>\n<td>Spezifikationen<\/td>\n<\/tr>\n<tr>\n<td>Erscheinungsbild<\/td>\n<td>Wei\u00df oder cremefarbener Feststoff<\/td>\n<\/tr>\n<tr>\n<td>Reinheit<\/td>\n<td>\u226798%<\/td>\n<\/tr>\n<tr>\n<td>Luftfeuchtigkeit<\/td>\n<td>\u22660.5%<\/td>\n<\/tr>\n<\/tbody>\n<\/table>\n<h2><strong>Taurinamid HCl Verwendung<\/strong><\/h2>\n<ol>\n<li><strong>Pharmazeutische Industrie:<\/strong> Taurinamid HCl, mit der CAS-Nummer 89756-60-5, wird h\u00e4ufig in der pharmazeutischen Industrie verwendet. Es dient als wichtiges Zwischenprodukt bei der Synthese bestimmter pharmazeutischer Verbindungen.<\/li>\n<li><strong>Forschung und Entwicklung:<\/strong> Diese Verbindung wird in der Forschung und Entwicklung eingesetzt. Taurinamid HCl kann als Reagenz oder Substrat in verschiedenen Laborexperimenten und chemischen Analysen verwendet werden.<\/li>\n<li><strong>Chemische Synthese:<\/strong> Taurinamid HCl wird in der chemischen Synthese verwendet. Es wird als Baustein oder Ausgangsstoff bei der Herstellung bestimmter chemischer Verbindungen f\u00fcr verschiedene Anwendungen eingesetzt.<\/li>\n<li><strong>Biochemische Studien:<\/strong> In biochemischen Studien kann Taurinamid HCl eingesetzt werden. Es kann bei Studien \u00fcber Taurinderivate oder andere biochemische Prozesse eine Rolle spielen.<\/li>\n<\/ol>\n<h2><strong>Taurinamid HCl Verpackung und Versand<\/strong><\/h2>\n<p>Verpackung: 25kg\/Fass<\/p>\n<p>Lieferung: See oder Luft<\/p>\n<h2><strong>Taurinamid HCl Lagerung<\/strong><\/h2>\n<p>Ein k\u00fchler, bel\u00fcfteter, trockener Ort.<\/p>\n<h2><strong><b>Kontaktieren Sie uns jetzt!<\/b><\/strong><\/h2>\n<h4><strong><b>Wenn Sie COA, MSDS oder TDS ben\u00f6tigen, geben Sie bitte Ihre Kontaktinformationen in das untenstehende Formular ein. Wir werden uns in der Regel innerhalb von 24 Stunden mit Ihnen in Verbindung setzen. Sie k\u00f6nnen mir auch eine E-Mail schicken <span style=\"color: #0000ff;\"><a style=\"color: #0000ff;\" href=\"mailto:info@longchangchemical.com\">info@longchangchemical.com<\/a><\/span> w\u00e4hrend der Gesch\u00e4ftszeiten ( 8:30 bis 18:00 Uhr UTC+8 Mo.~Sa. ) oder nutzen Sie den Live-Chat auf der Website, um eine schnelle Antwort zu erhalten.<\/b><\/strong><\/h4>","protected":false},"excerpt":{"rendered":"<h2><strong>Taurinamid HClSchnelle Details<\/strong><\/h2>\n<p>Chemische Bezeichnung: Taurinamid HCl<\/p>\n<p>CAS-Nr.: 89756-60-5<\/p>\n<p>Molekulare Formel: C2H9ClN2O2S<\/p>\n<p>Chemische Struktur:<img decoding=\"async\" title=\"Taurinamid HCl Struktur\" src=\"https:\/\/www.longchangchemical.com\/wp-content\/uploads\/product-details\/20200612228287.png\" alt=\"Taurinamid HCl Struktur\" width=\"137\" height=\"46\" border=\"0\" vspace=\"0\" \/><\/p>\n<p>Molekulargewicht:160.6<\/p>\n<p>Aussehen:Wei\u00dfer oder cremefarbener Feststoff<\/p>\n<p>Assay: 98%<\/p>","protected":false},"featured_media":6386,"comment_status":"open","ping_status":"closed","template":"","meta":[],"product_brand":[],"product_cat":[15],"product_tag":[],"class_list":{"0":"post-4288","1":"product","2":"type-product","3":"status-publish","4":"has-post-thumbnail","6":"product_cat-food-additives","8":"first","9":"instock","10":"shipping-taxable","11":"product-type-simple"},"yoast_head":"<!-- This site is optimized with the Yoast SEO plugin v25.3.1 - https:\/\/yoast.com\/wordpress\/plugins\/seo\/ -->\n<title>China Taurinamide hcl Manufacturer CAS 89756-60-5-Longchang Chemical<\/title>\n<meta name=\"description\" content=\"Taurinamide hcl cas 89756-60-5 is key product of Longchang Chemical. We provide best price. We are the leading manufacturer and supplier in China with the best quanlity and competitive price.\" \/>\n<meta name=\"robots\" content=\"index, follow, max-snippet:-1, max-image-preview:large, max-video-preview:-1\" \/>\n<link rel=\"canonical\" href=\"https:\/\/longchangchemical.com\/de\/product\/taurinamide-hcl-cas-89756-60-5\/\" \/>\n<meta property=\"og:locale\" content=\"de_DE\" \/>\n<meta property=\"og:type\" content=\"article\" \/>\n<meta property=\"og:title\" content=\"China Taurinamide hcl Manufacturer CAS 89756-60-5-Longchang Chemical\" \/>\n<meta property=\"og:description\" content=\"Taurinamide hcl cas 89756-60-5 is key product of Longchang Chemical. We provide best price. We are the leading manufacturer and supplier in China with the best quanlity and competitive price.\" \/>\n<meta property=\"og:url\" content=\"https:\/\/longchangchemical.com\/de\/product\/taurinamide-hcl-cas-89756-60-5\/\" \/>\n<meta property=\"og:site_name\" content=\"Longchang Chemical\" \/>\n<meta property=\"article:modified_time\" content=\"2025-12-22T06:22:54+00:00\" \/>\n<meta property=\"og:image\" content=\"https:\/\/longchangchemical.com\/wp-content\/uploads\/2021\/01\/1.jpg\" \/>\n\t<meta property=\"og:image:width\" content=\"800\" \/>\n\t<meta property=\"og:image:height\" content=\"800\" \/>\n\t<meta property=\"og:image:type\" content=\"image\/jpeg\" \/>\n<meta name=\"twitter:card\" content=\"summary_large_image\" \/>\n<script type=\"application\/ld+json\" class=\"yoast-schema-graph\">{\"@context\":\"https:\/\/schema.org\",\"@graph\":[{\"@type\":\"WebPage\",\"@id\":\"https:\/\/longchangchemical.com\/product\/taurinamide-hcl-cas-89756-60-5\/\",\"url\":\"https:\/\/longchangchemical.com\/product\/taurinamide-hcl-cas-89756-60-5\/\",\"name\":\"China Taurinamide hcl Manufacturer CAS 89756-60-5-Longchang Chemical\",\"isPartOf\":{\"@id\":\"https:\/\/longchangchemical.com\/#website\"},\"primaryImageOfPage\":{\"@id\":\"https:\/\/longchangchemical.com\/product\/taurinamide-hcl-cas-89756-60-5\/#primaryimage\"},\"image\":{\"@id\":\"https:\/\/longchangchemical.com\/product\/taurinamide-hcl-cas-89756-60-5\/#primaryimage\"},\"thumbnailUrl\":\"https:\/\/longchangchemical.com\/wp-content\/uploads\/2021\/01\/1.jpg\",\"datePublished\":\"2024-01-10T07:44:36+00:00\",\"dateModified\":\"2025-12-22T06:22:54+00:00\",\"description\":\"Taurinamide hcl cas 89756-60-5 is key product of Longchang Chemical. We provide best price. We are the leading manufacturer and supplier in China with the best quanlity and competitive price.\",\"breadcrumb\":{\"@id\":\"https:\/\/longchangchemical.com\/product\/taurinamide-hcl-cas-89756-60-5\/#breadcrumb\"},\"inLanguage\":\"de\",\"potentialAction\":[{\"@type\":\"ReadAction\",\"target\":[\"https:\/\/longchangchemical.com\/product\/taurinamide-hcl-cas-89756-60-5\/\"]}]},{\"@type\":\"ImageObject\",\"inLanguage\":\"de\",\"@id\":\"https:\/\/longchangchemical.com\/product\/taurinamide-hcl-cas-89756-60-5\/#primaryimage\",\"url\":\"https:\/\/longchangchemical.com\/wp-content\/uploads\/2021\/01\/1.jpg\",\"contentUrl\":\"https:\/\/longchangchemical.com\/wp-content\/uploads\/2021\/01\/1.jpg\",\"width\":800,\"height\":800,\"caption\":\"taurinamide hcl cas 89756-60-5\"},{\"@type\":\"BreadcrumbList\",\"@id\":\"https:\/\/longchangchemical.com\/product\/taurinamide-hcl-cas-89756-60-5\/#breadcrumb\",\"itemListElement\":[{\"@type\":\"ListItem\",\"position\":1,\"name\":\"Home\",\"item\":\"https:\/\/longchangchemical.com\/\"},{\"@type\":\"ListItem\",\"position\":2,\"name\":\"Products Longchang\",\"item\":\"https:\/\/longchangchemical.com\/product\/\"},{\"@type\":\"ListItem\",\"position\":3,\"name\":\"Taurinamide hcl cas 89756-60-5\"}]},{\"@type\":\"WebSite\",\"@id\":\"https:\/\/longchangchemical.com\/#website\",\"url\":\"https:\/\/longchangchemical.com\/\",\"name\":\"Longchang Chemical\",\"description\":\"China chemical manufacturer \uff06 supplier\",\"publisher\":{\"@id\":\"https:\/\/longchangchemical.com\/#organization\"},\"potentialAction\":[{\"@type\":\"SearchAction\",\"target\":{\"@type\":\"EntryPoint\",\"urlTemplate\":\"https:\/\/longchangchemical.com\/?s={search_term_string}\"},\"query-input\":{\"@type\":\"PropertyValueSpecification\",\"valueRequired\":true,\"valueName\":\"search_term_string\"}}],\"inLanguage\":\"de\"},{\"@type\":\"Organization\",\"@id\":\"https:\/\/longchangchemical.com\/#organization\",\"name\":\"Longchang Chemical\",\"url\":\"https:\/\/longchangchemical.com\/\",\"logo\":{\"@type\":\"ImageObject\",\"inLanguage\":\"de\",\"@id\":\"https:\/\/longchangchemical.com\/#\/schema\/logo\/image\/\",\"url\":\"https:\/\/longchangchemical.com\/wp-content\/uploads\/2020\/08\/cropped-longchang-logo.png\",\"contentUrl\":\"https:\/\/longchangchemical.com\/wp-content\/uploads\/2020\/08\/cropped-longchang-logo.png\",\"width\":512,\"height\":512,\"caption\":\"Longchang Chemical\"},\"image\":{\"@id\":\"https:\/\/longchangchemical.com\/#\/schema\/logo\/image\/\"}}]}<\/script>\n<!-- \/ Yoast SEO plugin. -->","yoast_head_json":{"title":"China Taurinamid hcl Hersteller CAS 89756-60-5-Longchang Chemical","description":"Taurinamid hcl cas 89756-60-5 ist ein Schl\u00fcsselprodukt von Longchang Chemical. Wir bieten besten Preis. Wir sind der f\u00fchrende Hersteller und Lieferant in China mit dem besten quanlity und konkurrenzf\u00e4higen Preis.","robots":{"index":"index","follow":"follow","max-snippet":"max-snippet:-1","max-image-preview":"max-image-preview:large","max-video-preview":"max-video-preview:-1"},"canonical":"https:\/\/longchangchemical.com\/de\/product\/taurinamide-hcl-cas-89756-60-5\/","og_locale":"de_DE","og_type":"article","og_title":"China Taurinamide hcl Manufacturer CAS 89756-60-5-Longchang Chemical","og_description":"Taurinamide hcl cas 89756-60-5 is key product of Longchang Chemical. We provide best price. We are the leading manufacturer and supplier in China with the best quanlity and competitive price.","og_url":"https:\/\/longchangchemical.com\/de\/product\/taurinamide-hcl-cas-89756-60-5\/","og_site_name":"Longchang Chemical","article_modified_time":"2025-12-22T06:22:54+00:00","og_image":[{"width":800,"height":800,"url":"https:\/\/longchangchemical.com\/wp-content\/uploads\/2021\/01\/1.jpg","type":"image\/jpeg"}],"twitter_card":"summary_large_image","schema":{"@context":"https:\/\/schema.org","@graph":[{"@type":"WebPage","@id":"https:\/\/longchangchemical.com\/product\/taurinamide-hcl-cas-89756-60-5\/","url":"https:\/\/longchangchemical.com\/product\/taurinamide-hcl-cas-89756-60-5\/","name":"China Taurinamid hcl Hersteller CAS 89756-60-5-Longchang Chemical","isPartOf":{"@id":"https:\/\/longchangchemical.com\/#website"},"primaryImageOfPage":{"@id":"https:\/\/longchangchemical.com\/product\/taurinamide-hcl-cas-89756-60-5\/#primaryimage"},"image":{"@id":"https:\/\/longchangchemical.com\/product\/taurinamide-hcl-cas-89756-60-5\/#primaryimage"},"thumbnailUrl":"https:\/\/longchangchemical.com\/wp-content\/uploads\/2021\/01\/1.jpg","datePublished":"2024-01-10T07:44:36+00:00","dateModified":"2025-12-22T06:22:54+00:00","description":"Taurinamid hcl cas 89756-60-5 ist ein Schl\u00fcsselprodukt von Longchang Chemical. Wir bieten besten Preis. Wir sind der f\u00fchrende Hersteller und Lieferant in China mit dem besten quanlity und konkurrenzf\u00e4higen Preis.","breadcrumb":{"@id":"https:\/\/longchangchemical.com\/product\/taurinamide-hcl-cas-89756-60-5\/#breadcrumb"},"inLanguage":"de","potentialAction":[{"@type":"ReadAction","target":["https:\/\/longchangchemical.com\/product\/taurinamide-hcl-cas-89756-60-5\/"]}]},{"@type":"ImageObject","inLanguage":"de","@id":"https:\/\/longchangchemical.com\/product\/taurinamide-hcl-cas-89756-60-5\/#primaryimage","url":"https:\/\/longchangchemical.com\/wp-content\/uploads\/2021\/01\/1.jpg","contentUrl":"https:\/\/longchangchemical.com\/wp-content\/uploads\/2021\/01\/1.jpg","width":800,"height":800,"caption":"taurinamide hcl cas 89756-60-5"},{"@type":"BreadcrumbList","@id":"https:\/\/longchangchemical.com\/product\/taurinamide-hcl-cas-89756-60-5\/#breadcrumb","itemListElement":[{"@type":"ListItem","position":1,"name":"Home","item":"https:\/\/longchangchemical.com\/"},{"@type":"ListItem","position":2,"name":"Products Longchang","item":"https:\/\/longchangchemical.com\/product\/"},{"@type":"ListItem","position":3,"name":"Taurinamide hcl cas 89756-60-5"}]},{"@type":"WebSite","@id":"https:\/\/longchangchemical.com\/#website","url":"https:\/\/longchangchemical.com\/","name":"Longchang Chemical","description":"China Hersteller von Chemikalien \uff06 Lieferant","publisher":{"@id":"https:\/\/longchangchemical.com\/#organization"},"potentialAction":[{"@type":"SearchAction","target":{"@type":"EntryPoint","urlTemplate":"https:\/\/longchangchemical.com\/?s={search_term_string}"},"query-input":{"@type":"PropertyValueSpecification","valueRequired":true,"valueName":"search_term_string"}}],"inLanguage":"de"},{"@type":"Organization","@id":"https:\/\/longchangchemical.com\/#organization","name":"Longchang Chemical","url":"https:\/\/longchangchemical.com\/","logo":{"@type":"ImageObject","inLanguage":"de","@id":"https:\/\/longchangchemical.com\/#\/schema\/logo\/image\/","url":"https:\/\/longchangchemical.com\/wp-content\/uploads\/2020\/08\/cropped-longchang-logo.png","contentUrl":"https:\/\/longchangchemical.com\/wp-content\/uploads\/2020\/08\/cropped-longchang-logo.png","width":512,"height":512,"caption":"Longchang Chemical"},"image":{"@id":"https:\/\/longchangchemical.com\/#\/schema\/logo\/image\/"}}]}},"_links":{"self":[{"href":"https:\/\/longchangchemical.com\/de\/wp-json\/wp\/v2\/product\/4288","targetHints":{"allow":["GET"]}}],"collection":[{"href":"https:\/\/longchangchemical.com\/de\/wp-json\/wp\/v2\/product"}],"about":[{"href":"https:\/\/longchangchemical.com\/de\/wp-json\/wp\/v2\/types\/product"}],"replies":[{"embeddable":true,"href":"https:\/\/longchangchemical.com\/de\/wp-json\/wp\/v2\/comments?post=4288"}],"wp:featuredmedia":[{"embeddable":true,"href":"https:\/\/longchangchemical.com\/de\/wp-json\/wp\/v2\/media\/6386"}],"wp:attachment":[{"href":"https:\/\/longchangchemical.com\/de\/wp-json\/wp\/v2\/media?parent=4288"}],"wp:term":[{"taxonomy":"product_brand","embeddable":true,"href":"https:\/\/longchangchemical.com\/de\/wp-json\/wp\/v2\/product_brand?post=4288"},{"taxonomy":"product_cat","embeddable":true,"href":"https:\/\/longchangchemical.com\/de\/wp-json\/wp\/v2\/product_cat?post=4288"},{"taxonomy":"product_tag","embeddable":true,"href":"https:\/\/longchangchemical.com\/de\/wp-json\/wp\/v2\/product_tag?post=4288"}],"curies":[{"name":"wp","href":"https:\/\/api.w.org\/{rel}","templated":true}]}}