{"id":4286,"date":"2024-01-10T08:00:03","date_gmt":"2024-01-10T08:00:03","guid":{"rendered":"https:\/\/longchangchemical.com\/?post_type=product&#038;p=4286"},"modified":"2025-12-22T06:16:14","modified_gmt":"2025-12-22T06:16:14","slug":"polyvinyl-acetate-cas-9003-20-7","status":"publish","type":"product","link":"https:\/\/longchangchemical.com\/de\/product\/polyvinyl-acetate-cas-9003-20-7\/","title":{"rendered":"Poly(vinylacetat) cas 9003-20-7"},"content":{"rendered":"<h2><strong>Poly(vinylacetat) Typische Eigenschaften<\/strong><\/h2>\n<table class=\"table-1\" cellspacing=\"1\">\n<tbody>\n<tr>\n<td colspan=\"2\">Artikel<\/td>\n<td colspan=\"2\">Spezifikationen<\/td>\n<\/tr>\n<tr>\n<td>Erscheinungsbild<\/td>\n<td colspan=\"2\">Transparent, wasserwei\u00df bis hellgelb, k\u00f6rnig, flockig usw.<\/td>\n<td><\/td>\n<\/tr>\n<tr>\n<td>Viskosit\u00e4t (10% Ethylacetat fl\u00fcssig),20\u2103<\/td>\n<td colspan=\"2\">1,0-4,0 mPa.s<\/td>\n<td><\/td>\n<\/tr>\n<tr>\n<td>S\u00e4ure (C3HCOOH)<\/td>\n<td colspan=\"2\">\u22640,05%<\/td>\n<td><\/td>\n<\/tr>\n<tr>\n<td>Verlust beim Trocknen<\/td>\n<td colspan=\"2\">\u22641,0%<\/td>\n<td><\/td>\n<\/tr>\n<tr>\n<td>Reste von Vinylacetatmonomer<\/td>\n<td colspan=\"2\">\u22645mg\/kg<\/td>\n<td><\/td>\n<\/tr>\n<tr>\n<td>Pb<\/td>\n<td colspan=\"2\">\u22643mg\/kg<\/td>\n<td><\/td>\n<\/tr>\n<tr>\n<td>Als<\/td>\n<td colspan=\"2\">\u22643mg\/kg<\/td>\n<td><\/td>\n<\/tr>\n<tr>\n<td>Hg<\/td>\n<td colspan=\"2\">\u22640,5mg\/kg<\/td>\n<td><\/td>\n<\/tr>\n<tr>\n<td>Cd<\/td>\n<td colspan=\"2\">\u22641mg\/kg<\/td>\n<\/tr>\n<\/tbody>\n<\/table>\n<h2><strong>Poly(vinylacetat) Verwendung<\/strong><\/h2>\n<p>1. Als Kaugummi-Basis, Chinas Vorschriften k\u00f6nnen f\u00fcr emulgierte Aromen und Zahnfleisch verwendet werden, ist die maximale Verwendung 60g \/ kg.<\/p>\n<p>2. Verwendet zur Herstellung von Spielzeugsamt und Vliesstoff<\/p>\n<p>3. Verwendet als Rohstoff f\u00fcr Polyvinylalkohol, Vinylacetat-Vinylchlorid-Copolymer, Vinylacetat-Ethylen-Copolymer, auch f\u00fcr die Herstellung von Beschichtungen, Klebstoffen usw.<\/p>\n<p>4. Haupts\u00e4chlich verwendet als Beschichtungen, Klebstoffe, Papier, Kaugummigrundlagen und Textilveredelungsmittel sowie als Rohstoffe f\u00fcr Polyvinylalkohol und Polyvinylacetal<\/p>\n<p>5. Die Gummibasis aus Gummizucker; das Frucht\u00fcberzugsmittel verhindert das Verdunsten von Feuchtigkeit und tr\u00e4gt zur Erhaltung der Frische bei.<\/p>\n<p>6. Das thermoplastische Harz wird in einem sauren oder alkalischen L\u00f6sungsmittel zu Polyvinylalkohol hydrolysiert, um einen Hauptrohstoff aus Polyvinylalkohol herzustellen. Wenn das Molek\u00fcl einen Photosensibilisator enth\u00e4lt, ist es lichtempfindlich und unterliegt einer Zersetzungsreaktion unter der Einwirkung von ultraviolettem Licht oder Elektronenstrahlen und hat eine positive lichtempfindliche Harzeigenschaft. Polyvinylacetat ist in einer Vielzahl von organischen L\u00f6sungsmitteln l\u00f6slich und kann mit einer Vielzahl von Monomeren mit Doppelbindungen copolymerisiert werden, um verschiedene funktionelle Gruppen mit unterschiedlichen Eigenschaften einzuf\u00fchren. Wird h\u00e4ufig als Bindemittel verwendet.<\/p>\n<p>7. Wird als Rohstoff f\u00fcr Polyvinylalkohol, Vinylacetat-Vinylchlorid-Copolymer, Vinylacetat-Ethylen-Copolymer, Farbe, Bindemittel, Kaugummi usw. verwendet.<\/p>\n<h2><strong>Poly(vinylacetat) Verpackung<\/strong><\/h2>\n<p>Trommel, Nettogewicht: 25 kg pro Trommel<\/p>\n<h2><strong>Poly(vinylacetat) Lagerung<\/strong><\/h2>\n<p>Lagerungsbedingungen: An einem k\u00fchlen, trockenen und bel\u00fcfteten Ort aufbewahren und vor Licht sch\u00fctzen. Haltbarkeit: Zwei Jahre bei sachgem\u00e4\u00dfer Lagerung.<\/p>\n<h2><strong>Andere Informationen<\/strong><\/h2>\n<p>Die oben genannten Informationen beinhalten unsere technologischen Geheimnisse \u00fcber die Herstellung dieses Produkts, daher sollten die Benutzer sie geheim halten. Die oben genannten Informationen werden als korrekt angesehen, erheben jedoch nicht den Anspruch, allumfassend zu sein und sollten nur als Leitfaden verwendet werden. Die Benutzer verwenden diese Informationen nur als Erg\u00e4nzung zu anderen Informationen, die sie gesammelt haben, und sollten die Eignung dieser Informationen unabh\u00e4ngig beurteilen, um eine ordnungsgem\u00e4\u00dfe Verwendung sicherzustellen. Diese Informationen werden ohne Gew\u00e4hr zur Verf\u00fcgung gestellt, und jede Verwendung des Produkts, die nicht mit diesem Technischen Produktdatenblatt \u00fcbereinstimmt, oder in Kombination mit einem anderen Produkt oder Verfahren liegt in der Verantwortung des Benutzers.<\/p>\n<h2><strong><b>Kontaktieren Sie uns jetzt!<\/b><\/strong><\/h2>\n<h4><strong><b>Wenn Sie COA, MSDS oder TDS ben\u00f6tigen, geben Sie bitte Ihre Kontaktinformationen in das untenstehende Formular ein. Wir werden uns in der Regel innerhalb von 24 Stunden mit Ihnen in Verbindung setzen. Sie k\u00f6nnen mir auch eine E-Mail schicken <span style=\"color: #0000ff;\"><a style=\"color: #0000ff;\" href=\"mailto:info@longchangchemical.com\">info@longchangchemical.com<\/a><\/span> w\u00e4hrend der Gesch\u00e4ftszeiten ( 8:30 bis 18:00 Uhr UTC+8 Mo.~Sa. ) oder nutzen Sie den Live-Chat auf der Website, um eine schnelle Antwort zu erhalten.<\/b><\/strong><\/h4>","protected":false},"excerpt":{"rendered":"<h2><strong>Poly(vinylacetat) schnell Details<\/strong><\/h2>\n<p>Produktname: Poly(vinylacetat)<\/p>\n<p>CAS: 9003-20-7<\/p>\n<p>Summenformel:C4H6O2<\/p>\n<p>Molekulargewicht:86.08924<\/p>\n<p>\u00c4u\u00dferes Erscheinungsbild: Transparent, wasserwei\u00df bis hellgelb, k\u00f6rnig, flockig, etc.<\/p>","protected":false},"featured_media":6388,"comment_status":"open","ping_status":"closed","template":"","meta":[],"product_brand":[],"product_cat":[15],"product_tag":[],"class_list":{"0":"post-4286","1":"product","2":"type-product","3":"status-publish","4":"has-post-thumbnail","6":"product_cat-food-additives","8":"first","9":"instock","10":"shipping-taxable","11":"product-type-simple"},"yoast_head":"<!-- This site is optimized with the Yoast SEO plugin v25.3.1 - https:\/\/yoast.com\/wordpress\/plugins\/seo\/ -->\n<title>China Poly(vinyl acetate) Manufacturer CAS 9003-20-7 -Longchang Chemical<\/title>\n<meta name=\"description\" content=\"poly(vinyl acetate) cas 9003-20-7 is key product of Longchang Chemical. We provide best price. We are the leading manufacturer and supplier in China with the best quanlity and competitive price.\" \/>\n<meta name=\"robots\" content=\"index, follow, max-snippet:-1, max-image-preview:large, max-video-preview:-1\" \/>\n<link rel=\"canonical\" href=\"https:\/\/longchangchemical.com\/de\/product\/polyvinyl-acetate-cas-9003-20-7\/\" \/>\n<meta property=\"og:locale\" content=\"de_DE\" \/>\n<meta property=\"og:type\" content=\"article\" \/>\n<meta property=\"og:title\" content=\"China Poly(vinyl acetate) Manufacturer CAS 9003-20-7 -Longchang Chemical\" \/>\n<meta property=\"og:description\" content=\"poly(vinyl acetate) cas 9003-20-7 is key product of Longchang Chemical. We provide best price. We are the leading manufacturer and supplier in China with the best quanlity and competitive price.\" \/>\n<meta property=\"og:url\" content=\"https:\/\/longchangchemical.com\/de\/product\/polyvinyl-acetate-cas-9003-20-7\/\" \/>\n<meta property=\"og:site_name\" content=\"Longchang Chemical\" \/>\n<meta property=\"article:modified_time\" content=\"2025-12-22T06:16:14+00:00\" \/>\n<meta property=\"og:image\" content=\"https:\/\/longchangchemical.com\/wp-content\/uploads\/2021\/01\/2.jpg\" \/>\n\t<meta property=\"og:image:width\" content=\"800\" \/>\n\t<meta property=\"og:image:height\" content=\"800\" \/>\n\t<meta property=\"og:image:type\" content=\"image\/jpeg\" \/>\n<meta name=\"twitter:card\" content=\"summary_large_image\" \/>\n<script type=\"application\/ld+json\" class=\"yoast-schema-graph\">{\"@context\":\"https:\/\/schema.org\",\"@graph\":[{\"@type\":\"WebPage\",\"@id\":\"https:\/\/longchangchemical.com\/product\/polyvinyl-acetate-cas-9003-20-7\/\",\"url\":\"https:\/\/longchangchemical.com\/product\/polyvinyl-acetate-cas-9003-20-7\/\",\"name\":\"China Poly(vinyl acetate) Manufacturer CAS 9003-20-7 -Longchang Chemical\",\"isPartOf\":{\"@id\":\"https:\/\/longchangchemical.com\/#website\"},\"primaryImageOfPage\":{\"@id\":\"https:\/\/longchangchemical.com\/product\/polyvinyl-acetate-cas-9003-20-7\/#primaryimage\"},\"image\":{\"@id\":\"https:\/\/longchangchemical.com\/product\/polyvinyl-acetate-cas-9003-20-7\/#primaryimage\"},\"thumbnailUrl\":\"https:\/\/longchangchemical.com\/wp-content\/uploads\/2021\/01\/2.jpg\",\"datePublished\":\"2024-01-10T08:00:03+00:00\",\"dateModified\":\"2025-12-22T06:16:14+00:00\",\"description\":\"poly(vinyl acetate) cas 9003-20-7 is key product of Longchang Chemical. We provide best price. We are the leading manufacturer and supplier in China with the best quanlity and competitive price.\",\"breadcrumb\":{\"@id\":\"https:\/\/longchangchemical.com\/product\/polyvinyl-acetate-cas-9003-20-7\/#breadcrumb\"},\"inLanguage\":\"de\",\"potentialAction\":[{\"@type\":\"ReadAction\",\"target\":[\"https:\/\/longchangchemical.com\/product\/polyvinyl-acetate-cas-9003-20-7\/\"]}]},{\"@type\":\"ImageObject\",\"inLanguage\":\"de\",\"@id\":\"https:\/\/longchangchemical.com\/product\/polyvinyl-acetate-cas-9003-20-7\/#primaryimage\",\"url\":\"https:\/\/longchangchemical.com\/wp-content\/uploads\/2021\/01\/2.jpg\",\"contentUrl\":\"https:\/\/longchangchemical.com\/wp-content\/uploads\/2021\/01\/2.jpg\",\"width\":800,\"height\":800,\"caption\":\"poly(vinyl acetate) cas 9003-20-7\"},{\"@type\":\"BreadcrumbList\",\"@id\":\"https:\/\/longchangchemical.com\/product\/polyvinyl-acetate-cas-9003-20-7\/#breadcrumb\",\"itemListElement\":[{\"@type\":\"ListItem\",\"position\":1,\"name\":\"Home\",\"item\":\"https:\/\/longchangchemical.com\/\"},{\"@type\":\"ListItem\",\"position\":2,\"name\":\"Products Longchang\",\"item\":\"https:\/\/longchangchemical.com\/product\/\"},{\"@type\":\"ListItem\",\"position\":3,\"name\":\"poly(vinyl acetate) cas 9003-20-7\"}]},{\"@type\":\"WebSite\",\"@id\":\"https:\/\/longchangchemical.com\/#website\",\"url\":\"https:\/\/longchangchemical.com\/\",\"name\":\"Longchang Chemical\",\"description\":\"China chemical manufacturer \uff06 supplier\",\"publisher\":{\"@id\":\"https:\/\/longchangchemical.com\/#organization\"},\"potentialAction\":[{\"@type\":\"SearchAction\",\"target\":{\"@type\":\"EntryPoint\",\"urlTemplate\":\"https:\/\/longchangchemical.com\/?s={search_term_string}\"},\"query-input\":{\"@type\":\"PropertyValueSpecification\",\"valueRequired\":true,\"valueName\":\"search_term_string\"}}],\"inLanguage\":\"de\"},{\"@type\":\"Organization\",\"@id\":\"https:\/\/longchangchemical.com\/#organization\",\"name\":\"Longchang Chemical\",\"url\":\"https:\/\/longchangchemical.com\/\",\"logo\":{\"@type\":\"ImageObject\",\"inLanguage\":\"de\",\"@id\":\"https:\/\/longchangchemical.com\/#\/schema\/logo\/image\/\",\"url\":\"https:\/\/longchangchemical.com\/wp-content\/uploads\/2020\/08\/cropped-longchang-logo.png\",\"contentUrl\":\"https:\/\/longchangchemical.com\/wp-content\/uploads\/2020\/08\/cropped-longchang-logo.png\",\"width\":512,\"height\":512,\"caption\":\"Longchang Chemical\"},\"image\":{\"@id\":\"https:\/\/longchangchemical.com\/#\/schema\/logo\/image\/\"}}]}<\/script>\n<!-- \/ Yoast SEO plugin. -->","yoast_head_json":{"title":"China Poly(vinylacetat) Hersteller CAS 9003-20-7 -Longchang Chemical","description":"Poly(vinylacetat) cas 9003-20-7 ist ein Schl\u00fcsselprodukt von Longchang Chemical. Wir bieten besten Preis. Wir sind der f\u00fchrende Hersteller und Lieferant in China mit dem besten quanlity und konkurrenzf\u00e4higen Preis.","robots":{"index":"index","follow":"follow","max-snippet":"max-snippet:-1","max-image-preview":"max-image-preview:large","max-video-preview":"max-video-preview:-1"},"canonical":"https:\/\/longchangchemical.com\/de\/product\/polyvinyl-acetate-cas-9003-20-7\/","og_locale":"de_DE","og_type":"article","og_title":"China Poly(vinyl acetate) Manufacturer CAS 9003-20-7 -Longchang Chemical","og_description":"poly(vinyl acetate) cas 9003-20-7 is key product of Longchang Chemical. We provide best price. We are the leading manufacturer and supplier in China with the best quanlity and competitive price.","og_url":"https:\/\/longchangchemical.com\/de\/product\/polyvinyl-acetate-cas-9003-20-7\/","og_site_name":"Longchang Chemical","article_modified_time":"2025-12-22T06:16:14+00:00","og_image":[{"width":800,"height":800,"url":"https:\/\/longchangchemical.com\/wp-content\/uploads\/2021\/01\/2.jpg","type":"image\/jpeg"}],"twitter_card":"summary_large_image","schema":{"@context":"https:\/\/schema.org","@graph":[{"@type":"WebPage","@id":"https:\/\/longchangchemical.com\/product\/polyvinyl-acetate-cas-9003-20-7\/","url":"https:\/\/longchangchemical.com\/product\/polyvinyl-acetate-cas-9003-20-7\/","name":"China Poly(vinylacetat) Hersteller CAS 9003-20-7 -Longchang Chemical","isPartOf":{"@id":"https:\/\/longchangchemical.com\/#website"},"primaryImageOfPage":{"@id":"https:\/\/longchangchemical.com\/product\/polyvinyl-acetate-cas-9003-20-7\/#primaryimage"},"image":{"@id":"https:\/\/longchangchemical.com\/product\/polyvinyl-acetate-cas-9003-20-7\/#primaryimage"},"thumbnailUrl":"https:\/\/longchangchemical.com\/wp-content\/uploads\/2021\/01\/2.jpg","datePublished":"2024-01-10T08:00:03+00:00","dateModified":"2025-12-22T06:16:14+00:00","description":"Poly(vinylacetat) cas 9003-20-7 ist ein Schl\u00fcsselprodukt von Longchang Chemical. Wir bieten besten Preis. Wir sind der f\u00fchrende Hersteller und Lieferant in China mit dem besten quanlity und konkurrenzf\u00e4higen Preis.","breadcrumb":{"@id":"https:\/\/longchangchemical.com\/product\/polyvinyl-acetate-cas-9003-20-7\/#breadcrumb"},"inLanguage":"de","potentialAction":[{"@type":"ReadAction","target":["https:\/\/longchangchemical.com\/product\/polyvinyl-acetate-cas-9003-20-7\/"]}]},{"@type":"ImageObject","inLanguage":"de","@id":"https:\/\/longchangchemical.com\/product\/polyvinyl-acetate-cas-9003-20-7\/#primaryimage","url":"https:\/\/longchangchemical.com\/wp-content\/uploads\/2021\/01\/2.jpg","contentUrl":"https:\/\/longchangchemical.com\/wp-content\/uploads\/2021\/01\/2.jpg","width":800,"height":800,"caption":"poly(vinyl acetate) cas 9003-20-7"},{"@type":"BreadcrumbList","@id":"https:\/\/longchangchemical.com\/product\/polyvinyl-acetate-cas-9003-20-7\/#breadcrumb","itemListElement":[{"@type":"ListItem","position":1,"name":"Home","item":"https:\/\/longchangchemical.com\/"},{"@type":"ListItem","position":2,"name":"Products Longchang","item":"https:\/\/longchangchemical.com\/product\/"},{"@type":"ListItem","position":3,"name":"poly(vinyl acetate) cas 9003-20-7"}]},{"@type":"WebSite","@id":"https:\/\/longchangchemical.com\/#website","url":"https:\/\/longchangchemical.com\/","name":"Longchang Chemical","description":"China Hersteller von Chemikalien \uff06 Lieferant","publisher":{"@id":"https:\/\/longchangchemical.com\/#organization"},"potentialAction":[{"@type":"SearchAction","target":{"@type":"EntryPoint","urlTemplate":"https:\/\/longchangchemical.com\/?s={search_term_string}"},"query-input":{"@type":"PropertyValueSpecification","valueRequired":true,"valueName":"search_term_string"}}],"inLanguage":"de"},{"@type":"Organization","@id":"https:\/\/longchangchemical.com\/#organization","name":"Longchang Chemical","url":"https:\/\/longchangchemical.com\/","logo":{"@type":"ImageObject","inLanguage":"de","@id":"https:\/\/longchangchemical.com\/#\/schema\/logo\/image\/","url":"https:\/\/longchangchemical.com\/wp-content\/uploads\/2020\/08\/cropped-longchang-logo.png","contentUrl":"https:\/\/longchangchemical.com\/wp-content\/uploads\/2020\/08\/cropped-longchang-logo.png","width":512,"height":512,"caption":"Longchang Chemical"},"image":{"@id":"https:\/\/longchangchemical.com\/#\/schema\/logo\/image\/"}}]}},"_links":{"self":[{"href":"https:\/\/longchangchemical.com\/de\/wp-json\/wp\/v2\/product\/4286","targetHints":{"allow":["GET"]}}],"collection":[{"href":"https:\/\/longchangchemical.com\/de\/wp-json\/wp\/v2\/product"}],"about":[{"href":"https:\/\/longchangchemical.com\/de\/wp-json\/wp\/v2\/types\/product"}],"replies":[{"embeddable":true,"href":"https:\/\/longchangchemical.com\/de\/wp-json\/wp\/v2\/comments?post=4286"}],"wp:featuredmedia":[{"embeddable":true,"href":"https:\/\/longchangchemical.com\/de\/wp-json\/wp\/v2\/media\/6388"}],"wp:attachment":[{"href":"https:\/\/longchangchemical.com\/de\/wp-json\/wp\/v2\/media?parent=4286"}],"wp:term":[{"taxonomy":"product_brand","embeddable":true,"href":"https:\/\/longchangchemical.com\/de\/wp-json\/wp\/v2\/product_brand?post=4286"},{"taxonomy":"product_cat","embeddable":true,"href":"https:\/\/longchangchemical.com\/de\/wp-json\/wp\/v2\/product_cat?post=4286"},{"taxonomy":"product_tag","embeddable":true,"href":"https:\/\/longchangchemical.com\/de\/wp-json\/wp\/v2\/product_tag?post=4286"}],"curies":[{"name":"wp","href":"https:\/\/api.w.org\/{rel}","templated":true}]}}