{"id":4280,"date":"2024-01-10T08:23:38","date_gmt":"2024-01-10T08:23:38","guid":{"rendered":"https:\/\/longchangchemical.com\/?post_type=product&#038;p=4280"},"modified":"2026-01-12T06:46:39","modified_gmt":"2026-01-12T06:46:39","slug":"methoxypolyethylene-glycols-cas-9004-74-4","status":"publish","type":"product","link":"https:\/\/longchangchemical.com\/de\/product\/methoxypolyethylene-glycols-cas-9004-74-4\/","title":{"rendered":"Methoxypolyethylenglykole cas 9004-74-4"},"content":{"rendered":"<h2><strong>MethoxypolyethylenglykoleTypische Eigenschaften<\/strong><\/h2>\n<table class=\"table-1\" cellspacing=\"0\">\n<tbody>\n<tr>\n<td><strong>Artikel<\/strong><\/td>\n<td><strong>Spezifikationen<\/strong><\/td>\n<td><strong>Ergebnisse<\/strong><\/td>\n<\/tr>\n<tr>\n<td>Erscheinungsbild bei 25\u00b0C<\/td>\n<td>Wei\u00dfe Flocke<\/td>\n<td>Wei\u00dfe Flocke<\/td>\n<\/tr>\n<tr>\n<td>Farbe (Pt-Co)<\/td>\n<td>0~80<\/td>\n<td>30<\/td>\n<\/tr>\n<tr>\n<td>Hydroxylzahl\uff08mgKOH\/g\uff09<\/td>\n<td>23~28<\/td>\n<td>25.3<\/td>\n<\/tr>\n<tr>\n<td>Molekulares Gewicht<\/td>\n<td>2000~2400<\/td>\n<td>2218<\/td>\n<\/tr>\n<tr>\n<td>pH-Wert<\/td>\n<td>5.0~7.0<\/td>\n<td>6.35<\/td>\n<\/tr>\n<tr>\n<td>Wasser\uff08% m\/m\uff09<\/td>\n<td>\u22641.0<\/td>\n<td>0.32<\/td>\n<\/tr>\n<\/tbody>\n<\/table>\n<h2><strong>Methoxypolyethylenglykole Verwendung<\/strong><\/h2>\n<p>Es kann f\u00fcr hochleistungsf\u00e4higen, hochfesten (C60 oder h\u00f6her), handels\u00fcblichen Beton beim Mischen vor Ort und beim Transport \u00fcber weite Strecken verwendet werden.Methoxypolyethylenglykole.<\/p>\n<ol>\n<li><strong>Polymer-Industrie:<\/strong> Methoxypolyethylenglykole mit der CAS-Nummer 9004-74-4 werden in der Polymerindustrie h\u00e4ufig verwendet. Sie dienen als Schl\u00fcsselkomponenten bei der Herstellung verschiedener Polymere und Copolymere und tragen zur Ver\u00e4nderung der Polymereigenschaften bei.<\/li>\n<li><strong>Emulgator:<\/strong> Diese Verbindung wird als Emulgator verwendet. Methoxypolyethylenglykole k\u00f6nnen zur Stabilit\u00e4t und Textur von Emulsionen beitragen, was sie in Formulierungen wie Cremes, Lotionen und Industrieprodukten wertvoll macht.<\/li>\n<li><strong>Textilindustrie:<\/strong> Methoxypolyethylenglykole k\u00f6nnen in der Textilindustrie eingesetzt werden. Sie k\u00f6nnen in der Textilveredelung eingesetzt werden und verleihen den Geweben Weichheit und Gl\u00e4tte.<\/li>\n<li><strong>K\u00f6rperpflegeprodukte:<\/strong> Bei der Herstellung von K\u00f6rperpflegeprodukten werden Methoxypolyethylenglykole verwendet. Sie werden aufgrund ihrer emulgierenden und konditionierenden Eigenschaften in Formulierungen f\u00fcr Haut- und Haarpflegeprodukte eingesetzt.<\/li>\n<\/ol>\n<h2><strong>Methoxypolyethylenglykole Verpackung und Versand<\/strong><\/h2>\n<p>Verpackung: 200Kg\/Fass<\/p>\n<h2><strong>MethoxypolyethylenglykoleLagerung<\/strong><\/h2>\n<p>Es sollte k\u00fchl und trocken gelagert werden.<\/p>\n<h2><strong><b>Kontaktieren Sie uns jetzt!<\/b><\/strong><\/h2>\n<h4><strong><b>Wenn Sie COA, MSDS oder TDS ben\u00f6tigen, geben Sie bitte Ihre Kontaktinformationen in das untenstehende Formular ein. Wir werden uns in der Regel innerhalb von 24 Stunden mit Ihnen in Verbindung setzen. Sie k\u00f6nnen mir auch eine E-Mail schicken <span style=\"color: #0000ff;\"><a style=\"color: #0000ff;\" href=\"mailto:info@longchangchemical.com\">info@longchangchemical.com<\/a><\/span> w\u00e4hrend der Gesch\u00e4ftszeiten ( 8:30 bis 18:00 Uhr UTC+8 Mo.~Sa. ) oder nutzen Sie den Live-Chat auf der Website, um eine schnelle Antwort zu erhalten.<\/b><\/strong><\/h4>","protected":false},"excerpt":{"rendered":"<h2><strong>MethoxypolyethylenglykoleSchnelle Details<\/strong><\/h2>\n<p>Chemische Bezeichnung: Methoxypolyethylenglykole<\/p>\n<p>CAS-Nr.: 9004-74-4<\/p>\n<p>Molekulare Formel: C5H12O3<\/p>\n<p>Chemische Struktur:<img decoding=\"async\" title=\"Methoxypolyethylenglykole Struktur\" src=\"https:\/\/www.longchangchemical.com\/wp-content\/uploads\/product-details\/20200611239401.png\" alt=\"Methoxypolyethylenglykole Struktur\" width=\"234\" height=\"71\" border=\"0\" vspace=\"0\" \/><\/p>\n<p>Molekulargewicht: 20.14698<\/p>\n<p>Erscheinungsbild:Wei\u00dfe Flocke<\/p>\n<p>Pr\u00fcfung: 2000~2400<\/p>","protected":false},"featured_media":6391,"comment_status":"open","ping_status":"closed","template":"","meta":[],"product_brand":[],"product_cat":[154],"product_tag":[],"class_list":{"0":"post-4280","1":"product","2":"type-product","3":"status-publish","4":"has-post-thumbnail","6":"product_cat-solvent","8":"first","9":"instock","10":"shipping-taxable","11":"product-type-simple"},"yoast_head":"<!-- This site is optimized with the Yoast SEO plugin v25.3.1 - https:\/\/yoast.com\/wordpress\/plugins\/seo\/ -->\n<title>China Methoxypolyethylene Glycols Manufacturer CAS 9004-74-4 -Longchang Chemical<\/title>\n<meta name=\"description\" content=\"methoxypolyethylene glycols cas 9004-74-4 is key product of Longchang Chemical. We provide best price. We are the leading manufacturer and supplier in China with the best quanlity and competitive price.\" \/>\n<meta name=\"robots\" content=\"index, follow, max-snippet:-1, max-image-preview:large, max-video-preview:-1\" \/>\n<link rel=\"canonical\" href=\"https:\/\/longchangchemical.com\/de\/product\/methoxypolyethylene-glycols-cas-9004-74-4\/\" \/>\n<meta property=\"og:locale\" content=\"de_DE\" \/>\n<meta property=\"og:type\" content=\"article\" \/>\n<meta property=\"og:title\" content=\"China Methoxypolyethylene Glycols Manufacturer CAS 9004-74-4 -Longchang Chemical\" \/>\n<meta property=\"og:description\" content=\"methoxypolyethylene glycols cas 9004-74-4 is key product of Longchang Chemical. We provide best price. We are the leading manufacturer and supplier in China with the best quanlity and competitive price.\" \/>\n<meta property=\"og:url\" content=\"https:\/\/longchangchemical.com\/de\/product\/methoxypolyethylene-glycols-cas-9004-74-4\/\" \/>\n<meta property=\"og:site_name\" content=\"Longchang Chemical\" \/>\n<meta property=\"article:modified_time\" content=\"2026-01-12T06:46:39+00:00\" \/>\n<meta property=\"og:image\" content=\"https:\/\/longchangchemical.com\/wp-content\/uploads\/2021\/01\/3.jpg\" \/>\n\t<meta property=\"og:image:width\" content=\"800\" \/>\n\t<meta property=\"og:image:height\" content=\"800\" \/>\n\t<meta property=\"og:image:type\" content=\"image\/jpeg\" \/>\n<meta name=\"twitter:card\" content=\"summary_large_image\" \/>\n<script type=\"application\/ld+json\" class=\"yoast-schema-graph\">{\"@context\":\"https:\/\/schema.org\",\"@graph\":[{\"@type\":\"WebPage\",\"@id\":\"https:\/\/longchangchemical.com\/product\/methoxypolyethylene-glycols-cas-9004-74-4\/\",\"url\":\"https:\/\/longchangchemical.com\/product\/methoxypolyethylene-glycols-cas-9004-74-4\/\",\"name\":\"China Methoxypolyethylene Glycols Manufacturer CAS 9004-74-4 -Longchang Chemical\",\"isPartOf\":{\"@id\":\"https:\/\/longchangchemical.com\/#website\"},\"primaryImageOfPage\":{\"@id\":\"https:\/\/longchangchemical.com\/product\/methoxypolyethylene-glycols-cas-9004-74-4\/#primaryimage\"},\"image\":{\"@id\":\"https:\/\/longchangchemical.com\/product\/methoxypolyethylene-glycols-cas-9004-74-4\/#primaryimage\"},\"thumbnailUrl\":\"https:\/\/longchangchemical.com\/wp-content\/uploads\/2021\/01\/3.jpg\",\"datePublished\":\"2024-01-10T08:23:38+00:00\",\"dateModified\":\"2026-01-12T06:46:39+00:00\",\"description\":\"methoxypolyethylene glycols cas 9004-74-4 is key product of Longchang Chemical. We provide best price. We are the leading manufacturer and supplier in China with the best quanlity and competitive price.\",\"breadcrumb\":{\"@id\":\"https:\/\/longchangchemical.com\/product\/methoxypolyethylene-glycols-cas-9004-74-4\/#breadcrumb\"},\"inLanguage\":\"de\",\"potentialAction\":[{\"@type\":\"ReadAction\",\"target\":[\"https:\/\/longchangchemical.com\/product\/methoxypolyethylene-glycols-cas-9004-74-4\/\"]}]},{\"@type\":\"ImageObject\",\"inLanguage\":\"de\",\"@id\":\"https:\/\/longchangchemical.com\/product\/methoxypolyethylene-glycols-cas-9004-74-4\/#primaryimage\",\"url\":\"https:\/\/longchangchemical.com\/wp-content\/uploads\/2021\/01\/3.jpg\",\"contentUrl\":\"https:\/\/longchangchemical.com\/wp-content\/uploads\/2021\/01\/3.jpg\",\"width\":800,\"height\":800,\"caption\":\"methoxypolyethylene glycols cas 9004-74-4\"},{\"@type\":\"BreadcrumbList\",\"@id\":\"https:\/\/longchangchemical.com\/product\/methoxypolyethylene-glycols-cas-9004-74-4\/#breadcrumb\",\"itemListElement\":[{\"@type\":\"ListItem\",\"position\":1,\"name\":\"Home\",\"item\":\"https:\/\/longchangchemical.com\/\"},{\"@type\":\"ListItem\",\"position\":2,\"name\":\"Products Longchang\",\"item\":\"https:\/\/longchangchemical.com\/product\/\"},{\"@type\":\"ListItem\",\"position\":3,\"name\":\"methoxypolyethylene glycols cas 9004-74-4\"}]},{\"@type\":\"WebSite\",\"@id\":\"https:\/\/longchangchemical.com\/#website\",\"url\":\"https:\/\/longchangchemical.com\/\",\"name\":\"Longchang Chemical\",\"description\":\"China chemical manufacturer \uff06 supplier\",\"publisher\":{\"@id\":\"https:\/\/longchangchemical.com\/#organization\"},\"potentialAction\":[{\"@type\":\"SearchAction\",\"target\":{\"@type\":\"EntryPoint\",\"urlTemplate\":\"https:\/\/longchangchemical.com\/?s={search_term_string}\"},\"query-input\":{\"@type\":\"PropertyValueSpecification\",\"valueRequired\":true,\"valueName\":\"search_term_string\"}}],\"inLanguage\":\"de\"},{\"@type\":\"Organization\",\"@id\":\"https:\/\/longchangchemical.com\/#organization\",\"name\":\"Longchang Chemical\",\"url\":\"https:\/\/longchangchemical.com\/\",\"logo\":{\"@type\":\"ImageObject\",\"inLanguage\":\"de\",\"@id\":\"https:\/\/longchangchemical.com\/#\/schema\/logo\/image\/\",\"url\":\"https:\/\/longchangchemical.com\/wp-content\/uploads\/2020\/08\/cropped-longchang-logo.png\",\"contentUrl\":\"https:\/\/longchangchemical.com\/wp-content\/uploads\/2020\/08\/cropped-longchang-logo.png\",\"width\":512,\"height\":512,\"caption\":\"Longchang Chemical\"},\"image\":{\"@id\":\"https:\/\/longchangchemical.com\/#\/schema\/logo\/image\/\"}}]}<\/script>\n<!-- \/ Yoast SEO plugin. -->","yoast_head_json":{"title":"China Methoxypolyethylenglykole Hersteller CAS 9004-74-4 -Longchang Chemical","description":"Methoxypolyethylenglykole cas 9004-74-4 ist ein Schl\u00fcsselprodukt von Longchang Chemical. Wir bieten besten Preis. Wir sind der f\u00fchrende Hersteller und Lieferant in China mit dem besten quanlity und konkurrenzf\u00e4higen Preis.","robots":{"index":"index","follow":"follow","max-snippet":"max-snippet:-1","max-image-preview":"max-image-preview:large","max-video-preview":"max-video-preview:-1"},"canonical":"https:\/\/longchangchemical.com\/de\/product\/methoxypolyethylene-glycols-cas-9004-74-4\/","og_locale":"de_DE","og_type":"article","og_title":"China Methoxypolyethylene Glycols Manufacturer CAS 9004-74-4 -Longchang Chemical","og_description":"methoxypolyethylene glycols cas 9004-74-4 is key product of Longchang Chemical. We provide best price. We are the leading manufacturer and supplier in China with the best quanlity and competitive price.","og_url":"https:\/\/longchangchemical.com\/de\/product\/methoxypolyethylene-glycols-cas-9004-74-4\/","og_site_name":"Longchang Chemical","article_modified_time":"2026-01-12T06:46:39+00:00","og_image":[{"width":800,"height":800,"url":"https:\/\/longchangchemical.com\/wp-content\/uploads\/2021\/01\/3.jpg","type":"image\/jpeg"}],"twitter_card":"summary_large_image","schema":{"@context":"https:\/\/schema.org","@graph":[{"@type":"WebPage","@id":"https:\/\/longchangchemical.com\/product\/methoxypolyethylene-glycols-cas-9004-74-4\/","url":"https:\/\/longchangchemical.com\/product\/methoxypolyethylene-glycols-cas-9004-74-4\/","name":"China Methoxypolyethylenglykole Hersteller CAS 9004-74-4 -Longchang Chemical","isPartOf":{"@id":"https:\/\/longchangchemical.com\/#website"},"primaryImageOfPage":{"@id":"https:\/\/longchangchemical.com\/product\/methoxypolyethylene-glycols-cas-9004-74-4\/#primaryimage"},"image":{"@id":"https:\/\/longchangchemical.com\/product\/methoxypolyethylene-glycols-cas-9004-74-4\/#primaryimage"},"thumbnailUrl":"https:\/\/longchangchemical.com\/wp-content\/uploads\/2021\/01\/3.jpg","datePublished":"2024-01-10T08:23:38+00:00","dateModified":"2026-01-12T06:46:39+00:00","description":"Methoxypolyethylenglykole cas 9004-74-4 ist ein Schl\u00fcsselprodukt von Longchang Chemical. Wir bieten besten Preis. Wir sind der f\u00fchrende Hersteller und Lieferant in China mit dem besten quanlity und konkurrenzf\u00e4higen Preis.","breadcrumb":{"@id":"https:\/\/longchangchemical.com\/product\/methoxypolyethylene-glycols-cas-9004-74-4\/#breadcrumb"},"inLanguage":"de","potentialAction":[{"@type":"ReadAction","target":["https:\/\/longchangchemical.com\/product\/methoxypolyethylene-glycols-cas-9004-74-4\/"]}]},{"@type":"ImageObject","inLanguage":"de","@id":"https:\/\/longchangchemical.com\/product\/methoxypolyethylene-glycols-cas-9004-74-4\/#primaryimage","url":"https:\/\/longchangchemical.com\/wp-content\/uploads\/2021\/01\/3.jpg","contentUrl":"https:\/\/longchangchemical.com\/wp-content\/uploads\/2021\/01\/3.jpg","width":800,"height":800,"caption":"methoxypolyethylene glycols cas 9004-74-4"},{"@type":"BreadcrumbList","@id":"https:\/\/longchangchemical.com\/product\/methoxypolyethylene-glycols-cas-9004-74-4\/#breadcrumb","itemListElement":[{"@type":"ListItem","position":1,"name":"Home","item":"https:\/\/longchangchemical.com\/"},{"@type":"ListItem","position":2,"name":"Products Longchang","item":"https:\/\/longchangchemical.com\/product\/"},{"@type":"ListItem","position":3,"name":"methoxypolyethylene glycols cas 9004-74-4"}]},{"@type":"WebSite","@id":"https:\/\/longchangchemical.com\/#website","url":"https:\/\/longchangchemical.com\/","name":"Longchang Chemical","description":"China Hersteller von Chemikalien \uff06 Lieferant","publisher":{"@id":"https:\/\/longchangchemical.com\/#organization"},"potentialAction":[{"@type":"SearchAction","target":{"@type":"EntryPoint","urlTemplate":"https:\/\/longchangchemical.com\/?s={search_term_string}"},"query-input":{"@type":"PropertyValueSpecification","valueRequired":true,"valueName":"search_term_string"}}],"inLanguage":"de"},{"@type":"Organization","@id":"https:\/\/longchangchemical.com\/#organization","name":"Longchang Chemical","url":"https:\/\/longchangchemical.com\/","logo":{"@type":"ImageObject","inLanguage":"de","@id":"https:\/\/longchangchemical.com\/#\/schema\/logo\/image\/","url":"https:\/\/longchangchemical.com\/wp-content\/uploads\/2020\/08\/cropped-longchang-logo.png","contentUrl":"https:\/\/longchangchemical.com\/wp-content\/uploads\/2020\/08\/cropped-longchang-logo.png","width":512,"height":512,"caption":"Longchang Chemical"},"image":{"@id":"https:\/\/longchangchemical.com\/#\/schema\/logo\/image\/"}}]}},"_links":{"self":[{"href":"https:\/\/longchangchemical.com\/de\/wp-json\/wp\/v2\/product\/4280","targetHints":{"allow":["GET"]}}],"collection":[{"href":"https:\/\/longchangchemical.com\/de\/wp-json\/wp\/v2\/product"}],"about":[{"href":"https:\/\/longchangchemical.com\/de\/wp-json\/wp\/v2\/types\/product"}],"replies":[{"embeddable":true,"href":"https:\/\/longchangchemical.com\/de\/wp-json\/wp\/v2\/comments?post=4280"}],"wp:featuredmedia":[{"embeddable":true,"href":"https:\/\/longchangchemical.com\/de\/wp-json\/wp\/v2\/media\/6391"}],"wp:attachment":[{"href":"https:\/\/longchangchemical.com\/de\/wp-json\/wp\/v2\/media?parent=4280"}],"wp:term":[{"taxonomy":"product_brand","embeddable":true,"href":"https:\/\/longchangchemical.com\/de\/wp-json\/wp\/v2\/product_brand?post=4280"},{"taxonomy":"product_cat","embeddable":true,"href":"https:\/\/longchangchemical.com\/de\/wp-json\/wp\/v2\/product_cat?post=4280"},{"taxonomy":"product_tag","embeddable":true,"href":"https:\/\/longchangchemical.com\/de\/wp-json\/wp\/v2\/product_tag?post=4280"}],"curies":[{"name":"wp","href":"https:\/\/api.w.org\/{rel}","templated":true}]}}