{"id":4273,"date":"2024-01-11T02:43:43","date_gmt":"2024-01-11T02:43:43","guid":{"rendered":"https:\/\/longchangchemical.com\/?post_type=product&#038;p=4273"},"modified":"2026-01-12T06:39:50","modified_gmt":"2026-01-12T06:39:50","slug":"gantrez-an-139-cas-9011-16-9","status":"publish","type":"product","link":"https:\/\/longchangchemical.com\/de\/product\/gantrez-an-139-cas-9011-16-9\/","title":{"rendered":"gantrez an-139 cas 9011-16-9"},"content":{"rendered":"<h2><strong>Gantrez AN-139Typische Eigenschaften<\/strong><\/h2>\n<table class=\"table-1\" cellspacing=\"0\">\n<tbody>\n<tr>\n<td>Artikel<\/td>\n<td>Spezifikationen<\/td>\n<\/tr>\n<tr>\n<td>Erscheinungsbild<\/td>\n<td>Flie\u00dff\u00e4higkeit wei\u00dfes Pulver<\/td>\n<\/tr>\n<tr>\n<td>Absorption (2,5 Gramm gel\u00f6st in 100 Milliliter Butanon, Ultraviolett 330mm)<\/td>\n<td>\uff1c0.23<\/td>\n<\/tr>\n<tr>\n<td>Charakteristische Viskosit\u00e4t (1%-Butanonl\u00f6sung)<\/td>\n<td>1.0~1.5<\/td>\n<\/tr>\n<tr>\n<td>Verlust beim Trocknen,%<\/td>\n<td>\uff1c2.0<\/td>\n<\/tr>\n<tr>\n<td>Aktiv,%<\/td>\n<td>\uff1e98<\/td>\n<\/tr>\n<tr>\n<td>Klopfdichte(g\/cm\u00b3)<\/td>\n<td>0.34~0.45<\/td>\n<\/tr>\n<tr>\n<td>Restliches Maleinanhydrid<\/td>\n<td>Nicht entdeckt<\/td>\n<\/tr>\n<\/tbody>\n<\/table>\n<h2><strong>Gantrez AN-139 Verwendung<\/strong><\/h2>\n<p>Es kann als Basispolymer zur Herstellung biologischer Prothesenbindemittel verwendet werden. Es kann auch als Versiegelungsmittel, Fixiermittel und Reagenz verwendet werden.<\/p>\n<ol>\n<li><strong>Polymer-Industrie:<\/strong> Gantrez AN-139, mit der CAS-Nummer 9011-16-9, wird h\u00e4ufig in der Polymerindustrie verwendet. Es handelt sich um ein Copolymer aus Methylvinylether und Maleins\u00e4ureanhydrid, das in verschiedenen Polymerformulierungen Verwendung findet.<\/li>\n<li><strong>Klebstoff-Formulierungen:<\/strong> Diese Verbindung wird in Klebstoffformulierungen verwendet. Gantrez AN-139 kann zu den Haftungseigenschaften von Formulierungen beitragen und ist daher f\u00fcr die Verwendung in Klebstoffprodukten geeignet.<\/li>\n<li><strong>K\u00f6rperpflegeprodukte:<\/strong> Gantrez AN-139 kann in der K\u00f6rperpflegemittelindustrie eingesetzt werden. Aufgrund seiner klebenden und filmbildenden Eigenschaften wird es bei der Formulierung bestimmter Kosmetik- und K\u00f6rperpflegeprodukte verwendet.<\/li>\n<li><strong>Pharmazeutische Anwendungen:<\/strong> In der pharmazeutischen Industrie wird Gantrez AN-139 in bestimmten Formulierungen verwendet. Es kann eine Rolle in Systemen zur Verabreichung von Arzneimitteln oder in pharmazeutischen Formulierungen spielen, wo seine Eigenschaften von Vorteil sind.<\/li>\n<\/ol>\n<h2><strong>Gantrez AN-139 Verpackung und Versand<\/strong><\/h2>\n<p>Verpackung: 25kg\/ Eimer aus Pappe<\/p>\n<p>Lieferung: Nicht gef\u00e4hrliche Ladung<\/p>\n<h2><strong>Gantrez AN-139 Lagerung<\/strong><\/h2>\n<p>In trockenen, bel\u00fcfteten R\u00e4umen lagern, um direkte Sonneneinstrahlung zu vermeiden.<\/p>\n<h2><strong><b>Kontaktieren Sie uns jetzt!<\/b><\/strong><\/h2>\n<h4><strong><b>Wenn Sie COA, MSDS oder TDS ben\u00f6tigen, geben Sie bitte Ihre Kontaktinformationen in das untenstehende Formular ein. Wir werden uns in der Regel innerhalb von 24 Stunden mit Ihnen in Verbindung setzen. Sie k\u00f6nnen mir auch eine E-Mail schicken <span style=\"color: #0000ff;\"><a style=\"color: #0000ff;\" href=\"mailto:info@longchangchemical.com\">info@longchangchemical.com<\/a><\/span> w\u00e4hrend der Gesch\u00e4ftszeiten ( 8:30 bis 18:00 Uhr UTC+8 Mo.~Sa. ) oder nutzen Sie den Live-Chat auf der Website, um eine schnelle Antwort zu erhalten.<\/b><\/strong><\/h4>","protected":false},"excerpt":{"rendered":"<h2><strong>Gantrez AN-139 Schnelle Details<\/strong><\/h2>\n<p>Chemische Bezeichnung: Gantrez AN-139<\/p>\n<p>CAS-Nr.: 9011-16-9<\/p>\n<p>Summenformel: C21H24O12X2<\/p>\n<p>Chemische Struktur:<img decoding=\"async\" title=\"Gantrez AN-139 Struktur\" src=\"https:\/\/www.longchangchemical.com\/wp-content\/uploads\/product-details\/20200612090094.png\" alt=\"Gantrez AN-139 Struktur\" width=\"87\" height=\"60\" border=\"0\" vspace=\"0\" \/><\/p>\n<p>Molekulargewicht: 468,41<\/p>\n<p>\u00c4u\u00dferes Erscheinungsbild: Flie\u00dfendes wei\u00dfes Pulver<\/p>\n<p>Pr\u00fcfung:\uff1e98%<\/p>","protected":false},"featured_media":6404,"comment_status":"open","ping_status":"closed","template":"","meta":[],"product_brand":[],"product_cat":[154],"product_tag":[],"class_list":{"0":"post-4273","1":"product","2":"type-product","3":"status-publish","4":"has-post-thumbnail","6":"product_cat-solvent","8":"first","9":"instock","10":"shipping-taxable","11":"product-type-simple"},"yoast_head":"<!-- This site is optimized with the Yoast SEO plugin v25.3.1 - https:\/\/yoast.com\/wordpress\/plugins\/seo\/ -->\n<title>China Gantrez an-139 Manufacturer CAS 9011-16-9 -Longchang Chemical<\/title>\n<meta name=\"description\" content=\"gantrez an-139 cas 9011-16-9 is key product of Longchang Chemical. We provide best price. We are the leading manufacturer and supplier in China with the best quanlity and competitive price.\" \/>\n<meta name=\"robots\" content=\"index, follow, max-snippet:-1, max-image-preview:large, max-video-preview:-1\" \/>\n<link rel=\"canonical\" href=\"https:\/\/longchangchemical.com\/de\/product\/gantrez-an-139-cas-9011-16-9\/\" \/>\n<meta property=\"og:locale\" content=\"de_DE\" \/>\n<meta property=\"og:type\" content=\"article\" \/>\n<meta property=\"og:title\" content=\"China Gantrez an-139 Manufacturer CAS 9011-16-9 -Longchang Chemical\" \/>\n<meta property=\"og:description\" content=\"gantrez an-139 cas 9011-16-9 is key product of Longchang Chemical. We provide best price. We are the leading manufacturer and supplier in China with the best quanlity and competitive price.\" \/>\n<meta property=\"og:url\" content=\"https:\/\/longchangchemical.com\/de\/product\/gantrez-an-139-cas-9011-16-9\/\" \/>\n<meta property=\"og:site_name\" content=\"Longchang Chemical\" \/>\n<meta property=\"article:modified_time\" content=\"2026-01-12T06:39:50+00:00\" \/>\n<meta property=\"og:image\" content=\"https:\/\/longchangchemical.com\/wp-content\/uploads\/2021\/01\/9.jpg\" \/>\n\t<meta property=\"og:image:width\" content=\"800\" \/>\n\t<meta property=\"og:image:height\" content=\"800\" \/>\n\t<meta property=\"og:image:type\" content=\"image\/jpeg\" \/>\n<meta name=\"twitter:card\" content=\"summary_large_image\" \/>\n<script type=\"application\/ld+json\" class=\"yoast-schema-graph\">{\"@context\":\"https:\/\/schema.org\",\"@graph\":[{\"@type\":\"WebPage\",\"@id\":\"https:\/\/longchangchemical.com\/product\/gantrez-an-139-cas-9011-16-9\/\",\"url\":\"https:\/\/longchangchemical.com\/product\/gantrez-an-139-cas-9011-16-9\/\",\"name\":\"China Gantrez an-139 Manufacturer CAS 9011-16-9 -Longchang Chemical\",\"isPartOf\":{\"@id\":\"https:\/\/longchangchemical.com\/#website\"},\"primaryImageOfPage\":{\"@id\":\"https:\/\/longchangchemical.com\/product\/gantrez-an-139-cas-9011-16-9\/#primaryimage\"},\"image\":{\"@id\":\"https:\/\/longchangchemical.com\/product\/gantrez-an-139-cas-9011-16-9\/#primaryimage\"},\"thumbnailUrl\":\"https:\/\/longchangchemical.com\/wp-content\/uploads\/2021\/01\/9.jpg\",\"datePublished\":\"2024-01-11T02:43:43+00:00\",\"dateModified\":\"2026-01-12T06:39:50+00:00\",\"description\":\"gantrez an-139 cas 9011-16-9 is key product of Longchang Chemical. We provide best price. We are the leading manufacturer and supplier in China with the best quanlity and competitive price.\",\"breadcrumb\":{\"@id\":\"https:\/\/longchangchemical.com\/product\/gantrez-an-139-cas-9011-16-9\/#breadcrumb\"},\"inLanguage\":\"de\",\"potentialAction\":[{\"@type\":\"ReadAction\",\"target\":[\"https:\/\/longchangchemical.com\/product\/gantrez-an-139-cas-9011-16-9\/\"]}]},{\"@type\":\"ImageObject\",\"inLanguage\":\"de\",\"@id\":\"https:\/\/longchangchemical.com\/product\/gantrez-an-139-cas-9011-16-9\/#primaryimage\",\"url\":\"https:\/\/longchangchemical.com\/wp-content\/uploads\/2021\/01\/9.jpg\",\"contentUrl\":\"https:\/\/longchangchemical.com\/wp-content\/uploads\/2021\/01\/9.jpg\",\"width\":800,\"height\":800,\"caption\":\"gantrez an-139 cas 9011-16-9\"},{\"@type\":\"BreadcrumbList\",\"@id\":\"https:\/\/longchangchemical.com\/product\/gantrez-an-139-cas-9011-16-9\/#breadcrumb\",\"itemListElement\":[{\"@type\":\"ListItem\",\"position\":1,\"name\":\"Home\",\"item\":\"https:\/\/longchangchemical.com\/\"},{\"@type\":\"ListItem\",\"position\":2,\"name\":\"Products Longchang\",\"item\":\"https:\/\/longchangchemical.com\/product\/\"},{\"@type\":\"ListItem\",\"position\":3,\"name\":\"gantrez an-139 cas 9011-16-9\"}]},{\"@type\":\"WebSite\",\"@id\":\"https:\/\/longchangchemical.com\/#website\",\"url\":\"https:\/\/longchangchemical.com\/\",\"name\":\"Longchang Chemical\",\"description\":\"China chemical manufacturer \uff06 supplier\",\"publisher\":{\"@id\":\"https:\/\/longchangchemical.com\/#organization\"},\"potentialAction\":[{\"@type\":\"SearchAction\",\"target\":{\"@type\":\"EntryPoint\",\"urlTemplate\":\"https:\/\/longchangchemical.com\/?s={search_term_string}\"},\"query-input\":{\"@type\":\"PropertyValueSpecification\",\"valueRequired\":true,\"valueName\":\"search_term_string\"}}],\"inLanguage\":\"de\"},{\"@type\":\"Organization\",\"@id\":\"https:\/\/longchangchemical.com\/#organization\",\"name\":\"Longchang Chemical\",\"url\":\"https:\/\/longchangchemical.com\/\",\"logo\":{\"@type\":\"ImageObject\",\"inLanguage\":\"de\",\"@id\":\"https:\/\/longchangchemical.com\/#\/schema\/logo\/image\/\",\"url\":\"https:\/\/longchangchemical.com\/wp-content\/uploads\/2020\/08\/cropped-longchang-logo.png\",\"contentUrl\":\"https:\/\/longchangchemical.com\/wp-content\/uploads\/2020\/08\/cropped-longchang-logo.png\",\"width\":512,\"height\":512,\"caption\":\"Longchang Chemical\"},\"image\":{\"@id\":\"https:\/\/longchangchemical.com\/#\/schema\/logo\/image\/\"}}]}<\/script>\n<!-- \/ Yoast SEO plugin. -->","yoast_head_json":{"title":"China Gantrez an-139 Hersteller CAS 9011-16-9 -Longchang Chemical","description":"gantrez an-139 cas 9011-16-9 ist ein Schl\u00fcsselprodukt von Longchang Chemical. Wir bieten besten Preis. Wir sind der f\u00fchrende Hersteller und Lieferant in China mit dem besten quanlity und konkurrenzf\u00e4higen Preis.","robots":{"index":"index","follow":"follow","max-snippet":"max-snippet:-1","max-image-preview":"max-image-preview:large","max-video-preview":"max-video-preview:-1"},"canonical":"https:\/\/longchangchemical.com\/de\/product\/gantrez-an-139-cas-9011-16-9\/","og_locale":"de_DE","og_type":"article","og_title":"China Gantrez an-139 Manufacturer CAS 9011-16-9 -Longchang Chemical","og_description":"gantrez an-139 cas 9011-16-9 is key product of Longchang Chemical. We provide best price. We are the leading manufacturer and supplier in China with the best quanlity and competitive price.","og_url":"https:\/\/longchangchemical.com\/de\/product\/gantrez-an-139-cas-9011-16-9\/","og_site_name":"Longchang Chemical","article_modified_time":"2026-01-12T06:39:50+00:00","og_image":[{"width":800,"height":800,"url":"https:\/\/longchangchemical.com\/wp-content\/uploads\/2021\/01\/9.jpg","type":"image\/jpeg"}],"twitter_card":"summary_large_image","schema":{"@context":"https:\/\/schema.org","@graph":[{"@type":"WebPage","@id":"https:\/\/longchangchemical.com\/product\/gantrez-an-139-cas-9011-16-9\/","url":"https:\/\/longchangchemical.com\/product\/gantrez-an-139-cas-9011-16-9\/","name":"China Gantrez an-139 Hersteller CAS 9011-16-9 -Longchang Chemical","isPartOf":{"@id":"https:\/\/longchangchemical.com\/#website"},"primaryImageOfPage":{"@id":"https:\/\/longchangchemical.com\/product\/gantrez-an-139-cas-9011-16-9\/#primaryimage"},"image":{"@id":"https:\/\/longchangchemical.com\/product\/gantrez-an-139-cas-9011-16-9\/#primaryimage"},"thumbnailUrl":"https:\/\/longchangchemical.com\/wp-content\/uploads\/2021\/01\/9.jpg","datePublished":"2024-01-11T02:43:43+00:00","dateModified":"2026-01-12T06:39:50+00:00","description":"gantrez an-139 cas 9011-16-9 ist ein Schl\u00fcsselprodukt von Longchang Chemical. Wir bieten besten Preis. Wir sind der f\u00fchrende Hersteller und Lieferant in China mit dem besten quanlity und konkurrenzf\u00e4higen Preis.","breadcrumb":{"@id":"https:\/\/longchangchemical.com\/product\/gantrez-an-139-cas-9011-16-9\/#breadcrumb"},"inLanguage":"de","potentialAction":[{"@type":"ReadAction","target":["https:\/\/longchangchemical.com\/product\/gantrez-an-139-cas-9011-16-9\/"]}]},{"@type":"ImageObject","inLanguage":"de","@id":"https:\/\/longchangchemical.com\/product\/gantrez-an-139-cas-9011-16-9\/#primaryimage","url":"https:\/\/longchangchemical.com\/wp-content\/uploads\/2021\/01\/9.jpg","contentUrl":"https:\/\/longchangchemical.com\/wp-content\/uploads\/2021\/01\/9.jpg","width":800,"height":800,"caption":"gantrez an-139 cas 9011-16-9"},{"@type":"BreadcrumbList","@id":"https:\/\/longchangchemical.com\/product\/gantrez-an-139-cas-9011-16-9\/#breadcrumb","itemListElement":[{"@type":"ListItem","position":1,"name":"Home","item":"https:\/\/longchangchemical.com\/"},{"@type":"ListItem","position":2,"name":"Products Longchang","item":"https:\/\/longchangchemical.com\/product\/"},{"@type":"ListItem","position":3,"name":"gantrez an-139 cas 9011-16-9"}]},{"@type":"WebSite","@id":"https:\/\/longchangchemical.com\/#website","url":"https:\/\/longchangchemical.com\/","name":"Longchang Chemical","description":"China Hersteller von Chemikalien \uff06 Lieferant","publisher":{"@id":"https:\/\/longchangchemical.com\/#organization"},"potentialAction":[{"@type":"SearchAction","target":{"@type":"EntryPoint","urlTemplate":"https:\/\/longchangchemical.com\/?s={search_term_string}"},"query-input":{"@type":"PropertyValueSpecification","valueRequired":true,"valueName":"search_term_string"}}],"inLanguage":"de"},{"@type":"Organization","@id":"https:\/\/longchangchemical.com\/#organization","name":"Longchang Chemical","url":"https:\/\/longchangchemical.com\/","logo":{"@type":"ImageObject","inLanguage":"de","@id":"https:\/\/longchangchemical.com\/#\/schema\/logo\/image\/","url":"https:\/\/longchangchemical.com\/wp-content\/uploads\/2020\/08\/cropped-longchang-logo.png","contentUrl":"https:\/\/longchangchemical.com\/wp-content\/uploads\/2020\/08\/cropped-longchang-logo.png","width":512,"height":512,"caption":"Longchang Chemical"},"image":{"@id":"https:\/\/longchangchemical.com\/#\/schema\/logo\/image\/"}}]}},"_links":{"self":[{"href":"https:\/\/longchangchemical.com\/de\/wp-json\/wp\/v2\/product\/4273","targetHints":{"allow":["GET"]}}],"collection":[{"href":"https:\/\/longchangchemical.com\/de\/wp-json\/wp\/v2\/product"}],"about":[{"href":"https:\/\/longchangchemical.com\/de\/wp-json\/wp\/v2\/types\/product"}],"replies":[{"embeddable":true,"href":"https:\/\/longchangchemical.com\/de\/wp-json\/wp\/v2\/comments?post=4273"}],"wp:featuredmedia":[{"embeddable":true,"href":"https:\/\/longchangchemical.com\/de\/wp-json\/wp\/v2\/media\/6404"}],"wp:attachment":[{"href":"https:\/\/longchangchemical.com\/de\/wp-json\/wp\/v2\/media?parent=4273"}],"wp:term":[{"taxonomy":"product_brand","embeddable":true,"href":"https:\/\/longchangchemical.com\/de\/wp-json\/wp\/v2\/product_brand?post=4273"},{"taxonomy":"product_cat","embeddable":true,"href":"https:\/\/longchangchemical.com\/de\/wp-json\/wp\/v2\/product_cat?post=4273"},{"taxonomy":"product_tag","embeddable":true,"href":"https:\/\/longchangchemical.com\/de\/wp-json\/wp\/v2\/product_tag?post=4273"}],"curies":[{"name":"wp","href":"https:\/\/api.w.org\/{rel}","templated":true}]}}