{"id":4268,"date":"2024-01-11T03:11:30","date_gmt":"2024-01-11T03:11:30","guid":{"rendered":"https:\/\/longchangchemical.com\/?post_type=product&#038;p=4268"},"modified":"2025-12-22T03:45:36","modified_gmt":"2025-12-22T03:45:36","slug":"3-aminopropyltriethoxysilane-kh-550-cas-919-30-2","status":"publish","type":"product","link":"https:\/\/longchangchemical.com\/de\/product\/3-aminopropyltriethoxysilane-kh-550-cas-919-30-2\/","title":{"rendered":"3-Aminopropyltriethoxysilan \/ kh-550 cas 919-30-2"},"content":{"rendered":"<h2><strong>3-Aminopropyltriethoxysilanetypische Eigenschaften<\/strong><\/h2>\n<table class=\"table-1\" cellspacing=\"0\">\n<tbody>\n<tr>\n<td><strong>Artikel<\/strong><\/td>\n<td><strong>Spezifikationen<\/strong><\/td>\n<\/tr>\n<tr>\n<td>Erscheinungsbild<\/td>\n<td>Farblose transparente Fl\u00fcssigkeit<\/td>\n<\/tr>\n<tr>\n<td>Assay, %<\/td>\n<td>\u226598<\/td>\n<\/tr>\n<tr>\n<td>Spezifisches Gewicht bei 25 0C,g\/cm3<\/td>\n<td>0.9300-0.9500<\/td>\n<\/tr>\n<tr>\n<td>Brechungsindex, n20\/D<\/td>\n<td>1.4195-1.4235<\/td>\n<\/tr>\n<tr>\n<td>Wasserdispersion<\/td>\n<td>Qualifiziert<\/td>\n<\/tr>\n<\/tbody>\n<\/table>\n<h2><strong>3-AminopropyltriethoxysilanVerwendung<\/strong><\/h2>\n<ol>\n<li><strong>Silan-Kopplungsmittel:<\/strong> 3-Aminopropyltriethoxysilan mit der CAS-Nummer 919-30-2 wird h\u00e4ufig als Silan-Kupplungsmittel verwendet. Es wird eingesetzt, um die Haftung zwischen organischen und anorganischen Materialien in verschiedenen Formulierungen zu verbessern.<\/li>\n<li><strong>Haftvermittler:<\/strong> Diese Verbindung dient als Haftvermittler. 3-Aminopropyltriethoxysilan verbessert die Haftfestigkeit zwischen Oberfl\u00e4chen und ist daher in Anwendungen wie Beschichtungen, Klebstoffen und Dichtungsmitteln wertvoll.<\/li>\n<li><strong>Ver\u00e4nderung der Oberfl\u00e4che:<\/strong> 3-Aminopropyltriethoxysilan wird zur Oberfl\u00e4chenmodifizierung verwendet. Es kann eingesetzt werden, um die Eigenschaften von Oberfl\u00e4chen zu ver\u00e4ndern und sie mit bestimmten Beschichtungen oder Klebstoffen vertr\u00e4glicher zu machen.<\/li>\n<li><strong>Chemische Forschung:<\/strong> In der chemischen Forschung wird 3-Aminopropyltriethoxysilan f\u00fcr verschiedene Experimente und Analysen verwendet. Seine Vielseitigkeit macht es wertvoll f\u00fcr die Entdeckung und Entwicklung neuer Materialien.<\/li>\n<\/ol>\n<h2><strong>3-AminopropyltriethoxysilanVerpackung und Versand<\/strong><\/h2>\n<p>Verpackung: 200kg\/Fass<\/p>\n<p>Lieferung: UN 2735 8\/PG 2<\/p>\n<h2><strong>3-AminopropyltriethoxysilanSpeicherung<\/strong><\/h2>\n<p>In einem bel\u00fcfteten und bei niedriger Temperatur trocknenden Lagerhaus lagern.<\/p>\n<h2><strong><b>Kontaktieren Sie uns jetzt!<\/b><\/strong><\/h2>\n<h4><strong><b>Wenn Sie COA, MSDS oder TDS ben\u00f6tigen, geben Sie bitte Ihre Kontaktinformationen in das untenstehende Formular ein. Wir werden uns in der Regel innerhalb von 24 Stunden mit Ihnen in Verbindung setzen. Sie k\u00f6nnen mir auch eine E-Mail schicken <span style=\"color: #0000ff;\"><a style=\"color: #0000ff;\" href=\"mailto:info@longchangchemical.com\">info@longchangchemical.com<\/a><\/span> w\u00e4hrend der Gesch\u00e4ftszeiten ( 8:30 bis 18:00 Uhr UTC+8 Mo.~Sa. ) oder nutzen Sie den Live-Chat auf der Website, um eine schnelle Antwort zu erhalten.<\/b><\/strong><\/h4>","protected":false},"excerpt":{"rendered":"<h2><strong>3-Aminopropyltriethoxysilanschnelle Details<\/strong><\/h2>\n<p>Chemische Bezeichnung: 3-Aminopropyltriethoxysilan<\/p>\n<p>Anderer Name:KH-550<\/p>\n<p>CAS-Nr.: 919-30-2<\/p>\n<p>Molekulare Formel: C9H23NO3Si<\/p>\n<p>Chemische Struktur:<img decoding=\"async\" title=\"3-Aminopropyltriethoxysilan Struktur\" src=\"https:\/\/www.longchangchemical.com\/wp-content\/uploads\/product-details\/20200611238481.png\" alt=\"3-Aminopropyltriethoxysilan Struktur\" width=\"139\" height=\"74\" border=\"0\" vspace=\"0\" \/><\/p>\n<p>Molekulargewicht:221.37<\/p>\n<p>Aussehen:Farblose transparente Fl\u00fcssigkeit<\/p>\n<p>Assay: 98%min<\/p>","protected":false},"featured_media":6408,"comment_status":"open","ping_status":"closed","template":"","meta":[],"product_brand":[],"product_cat":[69],"product_tag":[],"class_list":{"0":"post-4268","1":"product","2":"type-product","3":"status-publish","4":"has-post-thumbnail","6":"product_cat-catalysts-chemical-auxiliary-agents","8":"first","9":"instock","10":"shipping-taxable","11":"product-type-simple"},"yoast_head":"<!-- This site is optimized with the Yoast SEO plugin v25.3.1 - https:\/\/yoast.com\/wordpress\/plugins\/seo\/ -->\n<title>China 3-Aminopropyltriethoxysilane Manufacturer CAS 919-30-2 -Longchang Chemical<\/title>\n<meta name=\"description\" content=\"3-aminopropyltriethoxysilane \/ kh-550 cas 919-30-2 is key product of Longchang Chemical. We provide best price. We are the leading manufacturer and supplier in China with the best quanlity and competitive price.\" \/>\n<meta name=\"robots\" content=\"index, follow, max-snippet:-1, max-image-preview:large, max-video-preview:-1\" \/>\n<link rel=\"canonical\" href=\"https:\/\/longchangchemical.com\/de\/product\/3-aminopropyltriethoxysilane-kh-550-cas-919-30-2\/\" \/>\n<meta property=\"og:locale\" content=\"de_DE\" \/>\n<meta property=\"og:type\" content=\"article\" \/>\n<meta property=\"og:title\" content=\"China 3-Aminopropyltriethoxysilane Manufacturer CAS 919-30-2 -Longchang Chemical\" \/>\n<meta property=\"og:description\" content=\"3-aminopropyltriethoxysilane \/ kh-550 cas 919-30-2 is key product of Longchang Chemical. We provide best price. We are the leading manufacturer and supplier in China with the best quanlity and competitive price.\" \/>\n<meta property=\"og:url\" content=\"https:\/\/longchangchemical.com\/de\/product\/3-aminopropyltriethoxysilane-kh-550-cas-919-30-2\/\" \/>\n<meta property=\"og:site_name\" content=\"Longchang Chemical\" \/>\n<meta property=\"article:modified_time\" content=\"2025-12-22T03:45:36+00:00\" \/>\n<meta property=\"og:image\" content=\"https:\/\/longchangchemical.com\/wp-content\/uploads\/2021\/01\/6.jpg\" \/>\n\t<meta property=\"og:image:width\" content=\"800\" \/>\n\t<meta property=\"og:image:height\" content=\"800\" \/>\n\t<meta property=\"og:image:type\" content=\"image\/jpeg\" \/>\n<meta name=\"twitter:card\" content=\"summary_large_image\" \/>\n<script type=\"application\/ld+json\" class=\"yoast-schema-graph\">{\"@context\":\"https:\/\/schema.org\",\"@graph\":[{\"@type\":\"WebPage\",\"@id\":\"https:\/\/longchangchemical.com\/product\/3-aminopropyltriethoxysilane-kh-550-cas-919-30-2\/\",\"url\":\"https:\/\/longchangchemical.com\/product\/3-aminopropyltriethoxysilane-kh-550-cas-919-30-2\/\",\"name\":\"China 3-Aminopropyltriethoxysilane Manufacturer CAS 919-30-2 -Longchang Chemical\",\"isPartOf\":{\"@id\":\"https:\/\/longchangchemical.com\/#website\"},\"primaryImageOfPage\":{\"@id\":\"https:\/\/longchangchemical.com\/product\/3-aminopropyltriethoxysilane-kh-550-cas-919-30-2\/#primaryimage\"},\"image\":{\"@id\":\"https:\/\/longchangchemical.com\/product\/3-aminopropyltriethoxysilane-kh-550-cas-919-30-2\/#primaryimage\"},\"thumbnailUrl\":\"https:\/\/longchangchemical.com\/wp-content\/uploads\/2021\/01\/6.jpg\",\"datePublished\":\"2024-01-11T03:11:30+00:00\",\"dateModified\":\"2025-12-22T03:45:36+00:00\",\"description\":\"3-aminopropyltriethoxysilane \/ kh-550 cas 919-30-2 is key product of Longchang Chemical. We provide best price. We are the leading manufacturer and supplier in China with the best quanlity and competitive price.\",\"breadcrumb\":{\"@id\":\"https:\/\/longchangchemical.com\/product\/3-aminopropyltriethoxysilane-kh-550-cas-919-30-2\/#breadcrumb\"},\"inLanguage\":\"de\",\"potentialAction\":[{\"@type\":\"ReadAction\",\"target\":[\"https:\/\/longchangchemical.com\/product\/3-aminopropyltriethoxysilane-kh-550-cas-919-30-2\/\"]}]},{\"@type\":\"ImageObject\",\"inLanguage\":\"de\",\"@id\":\"https:\/\/longchangchemical.com\/product\/3-aminopropyltriethoxysilane-kh-550-cas-919-30-2\/#primaryimage\",\"url\":\"https:\/\/longchangchemical.com\/wp-content\/uploads\/2021\/01\/6.jpg\",\"contentUrl\":\"https:\/\/longchangchemical.com\/wp-content\/uploads\/2021\/01\/6.jpg\",\"width\":800,\"height\":800,\"caption\":\"3-aminopropyltriethoxysilane \/ kh-550 cas 919-30-2\"},{\"@type\":\"BreadcrumbList\",\"@id\":\"https:\/\/longchangchemical.com\/product\/3-aminopropyltriethoxysilane-kh-550-cas-919-30-2\/#breadcrumb\",\"itemListElement\":[{\"@type\":\"ListItem\",\"position\":1,\"name\":\"Home\",\"item\":\"https:\/\/longchangchemical.com\/\"},{\"@type\":\"ListItem\",\"position\":2,\"name\":\"Products Longchang\",\"item\":\"https:\/\/longchangchemical.com\/product\/\"},{\"@type\":\"ListItem\",\"position\":3,\"name\":\"3-aminopropyltriethoxysilane \/ kh-550 cas 919-30-2\"}]},{\"@type\":\"WebSite\",\"@id\":\"https:\/\/longchangchemical.com\/#website\",\"url\":\"https:\/\/longchangchemical.com\/\",\"name\":\"Longchang Chemical\",\"description\":\"China chemical manufacturer \uff06 supplier\",\"publisher\":{\"@id\":\"https:\/\/longchangchemical.com\/#organization\"},\"potentialAction\":[{\"@type\":\"SearchAction\",\"target\":{\"@type\":\"EntryPoint\",\"urlTemplate\":\"https:\/\/longchangchemical.com\/?s={search_term_string}\"},\"query-input\":{\"@type\":\"PropertyValueSpecification\",\"valueRequired\":true,\"valueName\":\"search_term_string\"}}],\"inLanguage\":\"de\"},{\"@type\":\"Organization\",\"@id\":\"https:\/\/longchangchemical.com\/#organization\",\"name\":\"Longchang Chemical\",\"url\":\"https:\/\/longchangchemical.com\/\",\"logo\":{\"@type\":\"ImageObject\",\"inLanguage\":\"de\",\"@id\":\"https:\/\/longchangchemical.com\/#\/schema\/logo\/image\/\",\"url\":\"https:\/\/longchangchemical.com\/wp-content\/uploads\/2020\/08\/cropped-longchang-logo.png\",\"contentUrl\":\"https:\/\/longchangchemical.com\/wp-content\/uploads\/2020\/08\/cropped-longchang-logo.png\",\"width\":512,\"height\":512,\"caption\":\"Longchang Chemical\"},\"image\":{\"@id\":\"https:\/\/longchangchemical.com\/#\/schema\/logo\/image\/\"}}]}<\/script>\n<!-- \/ Yoast SEO plugin. -->","yoast_head_json":{"title":"China 3-Aminopropyltriethoxysilan Hersteller CAS 919-30-2 -Longchang Chemical","description":"3-Aminopropyltriethoxysilan \/ kh-550 cas 919-30-2 ist ein Schl\u00fcsselprodukt von Longchang Chemical. Wir bieten besten Preis. Wir sind der f\u00fchrende Hersteller und Lieferant in China mit dem besten quanlity und konkurrenzf\u00e4higen Preis.","robots":{"index":"index","follow":"follow","max-snippet":"max-snippet:-1","max-image-preview":"max-image-preview:large","max-video-preview":"max-video-preview:-1"},"canonical":"https:\/\/longchangchemical.com\/de\/product\/3-aminopropyltriethoxysilane-kh-550-cas-919-30-2\/","og_locale":"de_DE","og_type":"article","og_title":"China 3-Aminopropyltriethoxysilane Manufacturer CAS 919-30-2 -Longchang Chemical","og_description":"3-aminopropyltriethoxysilane \/ kh-550 cas 919-30-2 is key product of Longchang Chemical. We provide best price. We are the leading manufacturer and supplier in China with the best quanlity and competitive price.","og_url":"https:\/\/longchangchemical.com\/de\/product\/3-aminopropyltriethoxysilane-kh-550-cas-919-30-2\/","og_site_name":"Longchang Chemical","article_modified_time":"2025-12-22T03:45:36+00:00","og_image":[{"width":800,"height":800,"url":"https:\/\/longchangchemical.com\/wp-content\/uploads\/2021\/01\/6.jpg","type":"image\/jpeg"}],"twitter_card":"summary_large_image","schema":{"@context":"https:\/\/schema.org","@graph":[{"@type":"WebPage","@id":"https:\/\/longchangchemical.com\/product\/3-aminopropyltriethoxysilane-kh-550-cas-919-30-2\/","url":"https:\/\/longchangchemical.com\/product\/3-aminopropyltriethoxysilane-kh-550-cas-919-30-2\/","name":"China 3-Aminopropyltriethoxysilan Hersteller CAS 919-30-2 -Longchang Chemical","isPartOf":{"@id":"https:\/\/longchangchemical.com\/#website"},"primaryImageOfPage":{"@id":"https:\/\/longchangchemical.com\/product\/3-aminopropyltriethoxysilane-kh-550-cas-919-30-2\/#primaryimage"},"image":{"@id":"https:\/\/longchangchemical.com\/product\/3-aminopropyltriethoxysilane-kh-550-cas-919-30-2\/#primaryimage"},"thumbnailUrl":"https:\/\/longchangchemical.com\/wp-content\/uploads\/2021\/01\/6.jpg","datePublished":"2024-01-11T03:11:30+00:00","dateModified":"2025-12-22T03:45:36+00:00","description":"3-Aminopropyltriethoxysilan \/ kh-550 cas 919-30-2 ist ein Schl\u00fcsselprodukt von Longchang Chemical. Wir bieten besten Preis. Wir sind der f\u00fchrende Hersteller und Lieferant in China mit dem besten quanlity und konkurrenzf\u00e4higen Preis.","breadcrumb":{"@id":"https:\/\/longchangchemical.com\/product\/3-aminopropyltriethoxysilane-kh-550-cas-919-30-2\/#breadcrumb"},"inLanguage":"de","potentialAction":[{"@type":"ReadAction","target":["https:\/\/longchangchemical.com\/product\/3-aminopropyltriethoxysilane-kh-550-cas-919-30-2\/"]}]},{"@type":"ImageObject","inLanguage":"de","@id":"https:\/\/longchangchemical.com\/product\/3-aminopropyltriethoxysilane-kh-550-cas-919-30-2\/#primaryimage","url":"https:\/\/longchangchemical.com\/wp-content\/uploads\/2021\/01\/6.jpg","contentUrl":"https:\/\/longchangchemical.com\/wp-content\/uploads\/2021\/01\/6.jpg","width":800,"height":800,"caption":"3-aminopropyltriethoxysilane \/ kh-550 cas 919-30-2"},{"@type":"BreadcrumbList","@id":"https:\/\/longchangchemical.com\/product\/3-aminopropyltriethoxysilane-kh-550-cas-919-30-2\/#breadcrumb","itemListElement":[{"@type":"ListItem","position":1,"name":"Home","item":"https:\/\/longchangchemical.com\/"},{"@type":"ListItem","position":2,"name":"Products Longchang","item":"https:\/\/longchangchemical.com\/product\/"},{"@type":"ListItem","position":3,"name":"3-aminopropyltriethoxysilane \/ kh-550 cas 919-30-2"}]},{"@type":"WebSite","@id":"https:\/\/longchangchemical.com\/#website","url":"https:\/\/longchangchemical.com\/","name":"Longchang Chemical","description":"China Hersteller von Chemikalien \uff06 Lieferant","publisher":{"@id":"https:\/\/longchangchemical.com\/#organization"},"potentialAction":[{"@type":"SearchAction","target":{"@type":"EntryPoint","urlTemplate":"https:\/\/longchangchemical.com\/?s={search_term_string}"},"query-input":{"@type":"PropertyValueSpecification","valueRequired":true,"valueName":"search_term_string"}}],"inLanguage":"de"},{"@type":"Organization","@id":"https:\/\/longchangchemical.com\/#organization","name":"Longchang Chemical","url":"https:\/\/longchangchemical.com\/","logo":{"@type":"ImageObject","inLanguage":"de","@id":"https:\/\/longchangchemical.com\/#\/schema\/logo\/image\/","url":"https:\/\/longchangchemical.com\/wp-content\/uploads\/2020\/08\/cropped-longchang-logo.png","contentUrl":"https:\/\/longchangchemical.com\/wp-content\/uploads\/2020\/08\/cropped-longchang-logo.png","width":512,"height":512,"caption":"Longchang Chemical"},"image":{"@id":"https:\/\/longchangchemical.com\/#\/schema\/logo\/image\/"}}]}},"_links":{"self":[{"href":"https:\/\/longchangchemical.com\/de\/wp-json\/wp\/v2\/product\/4268","targetHints":{"allow":["GET"]}}],"collection":[{"href":"https:\/\/longchangchemical.com\/de\/wp-json\/wp\/v2\/product"}],"about":[{"href":"https:\/\/longchangchemical.com\/de\/wp-json\/wp\/v2\/types\/product"}],"replies":[{"embeddable":true,"href":"https:\/\/longchangchemical.com\/de\/wp-json\/wp\/v2\/comments?post=4268"}],"wp:featuredmedia":[{"embeddable":true,"href":"https:\/\/longchangchemical.com\/de\/wp-json\/wp\/v2\/media\/6408"}],"wp:attachment":[{"href":"https:\/\/longchangchemical.com\/de\/wp-json\/wp\/v2\/media?parent=4268"}],"wp:term":[{"taxonomy":"product_brand","embeddable":true,"href":"https:\/\/longchangchemical.com\/de\/wp-json\/wp\/v2\/product_brand?post=4268"},{"taxonomy":"product_cat","embeddable":true,"href":"https:\/\/longchangchemical.com\/de\/wp-json\/wp\/v2\/product_cat?post=4268"},{"taxonomy":"product_tag","embeddable":true,"href":"https:\/\/longchangchemical.com\/de\/wp-json\/wp\/v2\/product_tag?post=4268"}],"curies":[{"name":"wp","href":"https:\/\/api.w.org\/{rel}","templated":true}]}}