{"id":4248,"date":"2024-01-12T05:48:35","date_gmt":"2024-01-12T05:48:35","guid":{"rendered":"https:\/\/longchangchemical.com\/?post_type=product&#038;p=4248"},"modified":"2025-12-22T02:44:43","modified_gmt":"2025-12-22T02:44:43","slug":"2-thenaldehyde-cas-98-03-3","status":"publish","type":"product","link":"https:\/\/longchangchemical.com\/de\/product\/2-thenaldehyde-cas-98-03-3\/","title":{"rendered":"2-Thenaldehyd cas 98-03-3"},"content":{"rendered":"<h2><strong>2-ThenaldehydTypische Eigenschaften<\/strong><\/h2>\n<table class=\"table-1\" cellpadding=\"0\">\n<tbody>\n<tr align=\"left\">\n<td>Artikel<\/td>\n<td>Ergebnis<\/td>\n<\/tr>\n<tr align=\"left\">\n<td>Erscheinungsbild<\/td>\n<td>Fl\u00fcssig<\/td>\n<\/tr>\n<tr align=\"left\">\n<td>Inhalt<\/td>\n<td>99.0%min<\/td>\n<\/tr>\n<tr align=\"left\">\n<td>Luftfeuchtigkeit<\/td>\n<td>&lt;0,04%<\/td>\n<\/tr>\n<tr align=\"left\">\n<td>Marke<\/td>\n<td>Terppon<\/td>\n<\/tr>\n<tr align=\"left\">\n<td>Schwermetalle<\/td>\n<td>&lt;0,002%<\/td>\n<\/tr>\n<\/tbody>\n<\/table>\n<h2><strong>2-Thenaldehyd Verwendung<\/strong><\/h2>\n<p>Wird als Zwischenprodukt f\u00fcr das Breitspektrum-Anthelminthikum Pyriazin und das Medikament Cephalosporin 1, 2 usw. verwendet.<\/p>\n<ol>\n<li><strong>Aromen- und Duftstoffindustrie:<\/strong> 2-Thenaldehyd mit der CAS-Nummer 98-03-3 wird h\u00e4ufig in der Aromen- und Duftstoffindustrie verwendet. Es tr\u00e4gt zur Formulierung bestimmter D\u00fcfte und Aromen bei und verleiht ihnen ein charakteristisches Aroma.<\/li>\n<li><strong>Lebensmittelindustrie:<\/strong> Diese Verbindung wird in der Lebensmittelindustrie verwendet. 2-Thenaldehyd wird als Aromastoff verwendet, um das Geschmacksprofil bestimmter Lebensmittel zu verbessern.<\/li>\n<li><strong>Chemische Synthese:<\/strong> 2-Thenaldehyd ist in der chemischen Synthese weit verbreitet. Es dient als wichtiges Zwischenprodukt bei der Herstellung verschiedener organischer Verbindungen, einschlie\u00dflich Pharmazeutika, Agrochemikalien und Spezialchemikalien.<\/li>\n<li><strong>Chemische Forschung:<\/strong> In der chemischen Forschung wird 2-Thenaldehyd f\u00fcr verschiedene Experimente und Analysen verwendet. Seine Vielseitigkeit macht es wertvoll f\u00fcr die Entdeckung und Entwicklung neuer Verbindungen.<\/li>\n<\/ol>\n<h2><strong>2-Thenaldehyd-Paket<\/strong><\/h2>\n<p>20\/25kg\/Sack\/Fass<\/p>\n<h2><strong><b>Kontaktieren Sie uns jetzt!<\/b><\/strong><\/h2>\n<h4><strong><b>Wenn Sie COA, MSDS oder TDS ben\u00f6tigen, geben Sie bitte Ihre Kontaktinformationen in das untenstehende Formular ein. Wir werden uns in der Regel innerhalb von 24 Stunden mit Ihnen in Verbindung setzen. Sie k\u00f6nnen mir auch eine E-Mail schicken <span style=\"color: #0000ff;\"><a style=\"color: #0000ff;\" href=\"mailto:info@longchangchemical.com\">info@longchangchemical.com<\/a><\/span> w\u00e4hrend der Gesch\u00e4ftszeiten ( 8:30 bis 18:00 Uhr UTC+8 Mo.~Sa. ) oder nutzen Sie den Live-Chat auf der Website, um eine schnelle Antwort zu erhalten.<\/b><\/strong><\/h4>","protected":false},"excerpt":{"rendered":"<h2><strong>2-ThenaldehydSchnelle Details<\/strong><\/h2>\n<p>Chemische Bezeichnung:2-Thenaldehyd<\/p>\n<p>CAS: 98-03-3<\/p>\n<p>Summenformel:C5H4OS<\/p>\n<p>Molekulargewicht:112.15<\/p>\n<p>Chemische Struktur:<img decoding=\"async\" title=\"2-Thenaldehyd Struktur\" src=\"https:\/\/www.longchangchemical.com\/wp-content\/uploads\/product-details\/20200616157130.png\" alt=\"2-Thenaldehyd Struktur\" width=\"74\" height=\"42\" border=\"0\" vspace=\"0\" \/><\/p>\n<p>Aussehen:Transparent-fl\u00fcssig<\/p>\n<p>Assay: 99%<\/p>","protected":false},"featured_media":6438,"comment_status":"open","ping_status":"closed","template":"","meta":[],"product_brand":[],"product_cat":[69],"product_tag":[],"class_list":{"0":"post-4248","1":"product","2":"type-product","3":"status-publish","4":"has-post-thumbnail","6":"product_cat-catalysts-chemical-auxiliary-agents","8":"first","9":"instock","10":"shipping-taxable","11":"product-type-simple"},"yoast_head":"<!-- This site is optimized with the Yoast SEO plugin v25.3.1 - https:\/\/yoast.com\/wordpress\/plugins\/seo\/ -->\n<title>China 2-Thenaldehyde Manufacturer CAS 98-03-3 -Longchang Chemical<\/title>\n<meta name=\"description\" content=\"2-thenaldehyde cas 98-03-3 is key product of Longchang Chemical. We provide best price. We are the leading manufacturer and supplier in China with the best quanlity and competitive price.\" \/>\n<meta name=\"robots\" content=\"index, follow, max-snippet:-1, max-image-preview:large, max-video-preview:-1\" \/>\n<link rel=\"canonical\" href=\"https:\/\/longchangchemical.com\/de\/product\/2-thenaldehyde-cas-98-03-3\/\" \/>\n<meta property=\"og:locale\" content=\"de_DE\" \/>\n<meta property=\"og:type\" content=\"article\" \/>\n<meta property=\"og:title\" content=\"China 2-Thenaldehyde Manufacturer CAS 98-03-3 -Longchang Chemical\" \/>\n<meta property=\"og:description\" content=\"2-thenaldehyde cas 98-03-3 is key product of Longchang Chemical. We provide best price. We are the leading manufacturer and supplier in China with the best quanlity and competitive price.\" \/>\n<meta property=\"og:url\" content=\"https:\/\/longchangchemical.com\/de\/product\/2-thenaldehyde-cas-98-03-3\/\" \/>\n<meta property=\"og:site_name\" content=\"Longchang Chemical\" \/>\n<meta property=\"article:modified_time\" content=\"2025-12-22T02:44:43+00:00\" \/>\n<meta property=\"og:image\" content=\"https:\/\/longchangchemical.com\/wp-content\/uploads\/2021\/01\/7-2.jpg\" \/>\n\t<meta property=\"og:image:width\" content=\"800\" \/>\n\t<meta property=\"og:image:height\" content=\"800\" \/>\n\t<meta property=\"og:image:type\" content=\"image\/jpeg\" \/>\n<meta name=\"twitter:card\" content=\"summary_large_image\" \/>\n<script type=\"application\/ld+json\" class=\"yoast-schema-graph\">{\"@context\":\"https:\/\/schema.org\",\"@graph\":[{\"@type\":\"WebPage\",\"@id\":\"https:\/\/longchangchemical.com\/product\/2-thenaldehyde-cas-98-03-3\/\",\"url\":\"https:\/\/longchangchemical.com\/product\/2-thenaldehyde-cas-98-03-3\/\",\"name\":\"China 2-Thenaldehyde Manufacturer CAS 98-03-3 -Longchang Chemical\",\"isPartOf\":{\"@id\":\"https:\/\/longchangchemical.com\/#website\"},\"primaryImageOfPage\":{\"@id\":\"https:\/\/longchangchemical.com\/product\/2-thenaldehyde-cas-98-03-3\/#primaryimage\"},\"image\":{\"@id\":\"https:\/\/longchangchemical.com\/product\/2-thenaldehyde-cas-98-03-3\/#primaryimage\"},\"thumbnailUrl\":\"https:\/\/longchangchemical.com\/wp-content\/uploads\/2021\/01\/7-2.jpg\",\"datePublished\":\"2024-01-12T05:48:35+00:00\",\"dateModified\":\"2025-12-22T02:44:43+00:00\",\"description\":\"2-thenaldehyde cas 98-03-3 is key product of Longchang Chemical. We provide best price. We are the leading manufacturer and supplier in China with the best quanlity and competitive price.\",\"breadcrumb\":{\"@id\":\"https:\/\/longchangchemical.com\/product\/2-thenaldehyde-cas-98-03-3\/#breadcrumb\"},\"inLanguage\":\"de\",\"potentialAction\":[{\"@type\":\"ReadAction\",\"target\":[\"https:\/\/longchangchemical.com\/product\/2-thenaldehyde-cas-98-03-3\/\"]}]},{\"@type\":\"ImageObject\",\"inLanguage\":\"de\",\"@id\":\"https:\/\/longchangchemical.com\/product\/2-thenaldehyde-cas-98-03-3\/#primaryimage\",\"url\":\"https:\/\/longchangchemical.com\/wp-content\/uploads\/2021\/01\/7-2.jpg\",\"contentUrl\":\"https:\/\/longchangchemical.com\/wp-content\/uploads\/2021\/01\/7-2.jpg\",\"width\":800,\"height\":800,\"caption\":\"2-thenaldehyde cas 98-03-3\"},{\"@type\":\"BreadcrumbList\",\"@id\":\"https:\/\/longchangchemical.com\/product\/2-thenaldehyde-cas-98-03-3\/#breadcrumb\",\"itemListElement\":[{\"@type\":\"ListItem\",\"position\":1,\"name\":\"Home\",\"item\":\"https:\/\/longchangchemical.com\/\"},{\"@type\":\"ListItem\",\"position\":2,\"name\":\"Products Longchang\",\"item\":\"https:\/\/longchangchemical.com\/product\/\"},{\"@type\":\"ListItem\",\"position\":3,\"name\":\"2-thenaldehyde cas 98-03-3\"}]},{\"@type\":\"WebSite\",\"@id\":\"https:\/\/longchangchemical.com\/#website\",\"url\":\"https:\/\/longchangchemical.com\/\",\"name\":\"Longchang Chemical\",\"description\":\"China chemical manufacturer \uff06 supplier\",\"publisher\":{\"@id\":\"https:\/\/longchangchemical.com\/#organization\"},\"potentialAction\":[{\"@type\":\"SearchAction\",\"target\":{\"@type\":\"EntryPoint\",\"urlTemplate\":\"https:\/\/longchangchemical.com\/?s={search_term_string}\"},\"query-input\":{\"@type\":\"PropertyValueSpecification\",\"valueRequired\":true,\"valueName\":\"search_term_string\"}}],\"inLanguage\":\"de\"},{\"@type\":\"Organization\",\"@id\":\"https:\/\/longchangchemical.com\/#organization\",\"name\":\"Longchang Chemical\",\"url\":\"https:\/\/longchangchemical.com\/\",\"logo\":{\"@type\":\"ImageObject\",\"inLanguage\":\"de\",\"@id\":\"https:\/\/longchangchemical.com\/#\/schema\/logo\/image\/\",\"url\":\"https:\/\/longchangchemical.com\/wp-content\/uploads\/2020\/08\/cropped-longchang-logo.png\",\"contentUrl\":\"https:\/\/longchangchemical.com\/wp-content\/uploads\/2020\/08\/cropped-longchang-logo.png\",\"width\":512,\"height\":512,\"caption\":\"Longchang Chemical\"},\"image\":{\"@id\":\"https:\/\/longchangchemical.com\/#\/schema\/logo\/image\/\"}}]}<\/script>\n<!-- \/ Yoast SEO plugin. -->","yoast_head_json":{"title":"China 2-Thenaldehyd Hersteller CAS 98-03-3 -Longchang Chemical","description":"2-Thenaldehyd cas 98-03-3 ist ein Schl\u00fcsselprodukt von Longchang Chemical. Wir bieten besten Preis. Wir sind der f\u00fchrende Hersteller und Lieferant in China mit dem besten quanlity und konkurrenzf\u00e4higen Preis.","robots":{"index":"index","follow":"follow","max-snippet":"max-snippet:-1","max-image-preview":"max-image-preview:large","max-video-preview":"max-video-preview:-1"},"canonical":"https:\/\/longchangchemical.com\/de\/product\/2-thenaldehyde-cas-98-03-3\/","og_locale":"de_DE","og_type":"article","og_title":"China 2-Thenaldehyde Manufacturer CAS 98-03-3 -Longchang Chemical","og_description":"2-thenaldehyde cas 98-03-3 is key product of Longchang Chemical. We provide best price. We are the leading manufacturer and supplier in China with the best quanlity and competitive price.","og_url":"https:\/\/longchangchemical.com\/de\/product\/2-thenaldehyde-cas-98-03-3\/","og_site_name":"Longchang Chemical","article_modified_time":"2025-12-22T02:44:43+00:00","og_image":[{"width":800,"height":800,"url":"https:\/\/longchangchemical.com\/wp-content\/uploads\/2021\/01\/7-2.jpg","type":"image\/jpeg"}],"twitter_card":"summary_large_image","schema":{"@context":"https:\/\/schema.org","@graph":[{"@type":"WebPage","@id":"https:\/\/longchangchemical.com\/product\/2-thenaldehyde-cas-98-03-3\/","url":"https:\/\/longchangchemical.com\/product\/2-thenaldehyde-cas-98-03-3\/","name":"China 2-Thenaldehyd Hersteller CAS 98-03-3 -Longchang Chemical","isPartOf":{"@id":"https:\/\/longchangchemical.com\/#website"},"primaryImageOfPage":{"@id":"https:\/\/longchangchemical.com\/product\/2-thenaldehyde-cas-98-03-3\/#primaryimage"},"image":{"@id":"https:\/\/longchangchemical.com\/product\/2-thenaldehyde-cas-98-03-3\/#primaryimage"},"thumbnailUrl":"https:\/\/longchangchemical.com\/wp-content\/uploads\/2021\/01\/7-2.jpg","datePublished":"2024-01-12T05:48:35+00:00","dateModified":"2025-12-22T02:44:43+00:00","description":"2-Thenaldehyd cas 98-03-3 ist ein Schl\u00fcsselprodukt von Longchang Chemical. Wir bieten besten Preis. Wir sind der f\u00fchrende Hersteller und Lieferant in China mit dem besten quanlity und konkurrenzf\u00e4higen Preis.","breadcrumb":{"@id":"https:\/\/longchangchemical.com\/product\/2-thenaldehyde-cas-98-03-3\/#breadcrumb"},"inLanguage":"de","potentialAction":[{"@type":"ReadAction","target":["https:\/\/longchangchemical.com\/product\/2-thenaldehyde-cas-98-03-3\/"]}]},{"@type":"ImageObject","inLanguage":"de","@id":"https:\/\/longchangchemical.com\/product\/2-thenaldehyde-cas-98-03-3\/#primaryimage","url":"https:\/\/longchangchemical.com\/wp-content\/uploads\/2021\/01\/7-2.jpg","contentUrl":"https:\/\/longchangchemical.com\/wp-content\/uploads\/2021\/01\/7-2.jpg","width":800,"height":800,"caption":"2-thenaldehyde cas 98-03-3"},{"@type":"BreadcrumbList","@id":"https:\/\/longchangchemical.com\/product\/2-thenaldehyde-cas-98-03-3\/#breadcrumb","itemListElement":[{"@type":"ListItem","position":1,"name":"Home","item":"https:\/\/longchangchemical.com\/"},{"@type":"ListItem","position":2,"name":"Products Longchang","item":"https:\/\/longchangchemical.com\/product\/"},{"@type":"ListItem","position":3,"name":"2-thenaldehyde cas 98-03-3"}]},{"@type":"WebSite","@id":"https:\/\/longchangchemical.com\/#website","url":"https:\/\/longchangchemical.com\/","name":"Longchang Chemical","description":"China Hersteller von Chemikalien \uff06 Lieferant","publisher":{"@id":"https:\/\/longchangchemical.com\/#organization"},"potentialAction":[{"@type":"SearchAction","target":{"@type":"EntryPoint","urlTemplate":"https:\/\/longchangchemical.com\/?s={search_term_string}"},"query-input":{"@type":"PropertyValueSpecification","valueRequired":true,"valueName":"search_term_string"}}],"inLanguage":"de"},{"@type":"Organization","@id":"https:\/\/longchangchemical.com\/#organization","name":"Longchang Chemical","url":"https:\/\/longchangchemical.com\/","logo":{"@type":"ImageObject","inLanguage":"de","@id":"https:\/\/longchangchemical.com\/#\/schema\/logo\/image\/","url":"https:\/\/longchangchemical.com\/wp-content\/uploads\/2020\/08\/cropped-longchang-logo.png","contentUrl":"https:\/\/longchangchemical.com\/wp-content\/uploads\/2020\/08\/cropped-longchang-logo.png","width":512,"height":512,"caption":"Longchang Chemical"},"image":{"@id":"https:\/\/longchangchemical.com\/#\/schema\/logo\/image\/"}}]}},"_links":{"self":[{"href":"https:\/\/longchangchemical.com\/de\/wp-json\/wp\/v2\/product\/4248","targetHints":{"allow":["GET"]}}],"collection":[{"href":"https:\/\/longchangchemical.com\/de\/wp-json\/wp\/v2\/product"}],"about":[{"href":"https:\/\/longchangchemical.com\/de\/wp-json\/wp\/v2\/types\/product"}],"replies":[{"embeddable":true,"href":"https:\/\/longchangchemical.com\/de\/wp-json\/wp\/v2\/comments?post=4248"}],"wp:featuredmedia":[{"embeddable":true,"href":"https:\/\/longchangchemical.com\/de\/wp-json\/wp\/v2\/media\/6438"}],"wp:attachment":[{"href":"https:\/\/longchangchemical.com\/de\/wp-json\/wp\/v2\/media?parent=4248"}],"wp:term":[{"taxonomy":"product_brand","embeddable":true,"href":"https:\/\/longchangchemical.com\/de\/wp-json\/wp\/v2\/product_brand?post=4248"},{"taxonomy":"product_cat","embeddable":true,"href":"https:\/\/longchangchemical.com\/de\/wp-json\/wp\/v2\/product_cat?post=4248"},{"taxonomy":"product_tag","embeddable":true,"href":"https:\/\/longchangchemical.com\/de\/wp-json\/wp\/v2\/product_tag?post=4248"}],"curies":[{"name":"wp","href":"https:\/\/api.w.org\/{rel}","templated":true}]}}