{"id":4244,"date":"2024-01-12T06:03:03","date_gmt":"2024-01-12T06:03:03","guid":{"rendered":"https:\/\/longchangchemical.com\/?post_type=product&#038;p=4244"},"modified":"2024-04-28T05:45:13","modified_gmt":"2024-04-28T05:45:13","slug":"terpineol-cas-98-55-5","status":"publish","type":"product","link":"https:\/\/longchangchemical.com\/de\/product\/terpineol-cas-98-55-5\/","title":{"rendered":"\u03b1-Terpineol \/ \u03b2-Terpineol \/ \u03b3-Terpineol CAS 98-55-5 UND 8000-41-7"},"content":{"rendered":"<h2>\u03b1-Terpineol \/ \u03b2-Terpineol \/ \u03b3-Terpineol CAS 98-55-5 UND 8000-41-7<\/h2>\n<table width=\"342\">\n<tbody>\n<tr>\n<td width=\"129\">Erscheinungsbild<\/td>\n<td width=\"213\">Farblose viskose Fl\u00fcssigkeit<\/td>\n<\/tr>\n<tr>\n<td width=\"129\">Geruch<\/td>\n<td width=\"213\">Nelke<\/td>\n<\/tr>\n<tr>\n<td width=\"129\">Reinheit %<\/td>\n<td width=\"213\">\u2267 96.0<\/td>\n<\/tr>\n<tr>\n<td width=\"129\">Dichte (D420)<\/td>\n<td width=\"213\">0.931-0.938<\/td>\n<\/tr>\n<tr>\n<td width=\"129\">Brechungsindex (20\u2103)<\/td>\n<td width=\"213\">1.4825-1.4855<\/td>\n<\/tr>\n<\/tbody>\n<\/table>\n<h2><strong>\u03b1-Terpineol Verwendung<\/strong><\/h2>\n<ol>\n<li>Der Hauptbestandteil der fliederartigen Essenz<\/li>\n<li>Es hat eine hohe Alkalibest\u00e4ndigkeit und ist f\u00fcr Seifenessenz geeignet.<\/li>\n<li>Sein Acetat duftet nach Zitrone und Lavendel und wird f\u00fcr die Herstellung von Aromen verwendet.<\/li>\n<li>Wird in der Medizin, bei Pestiziden, Kunststoffen, Seife, Tinte, Instrumenten und in der Telekommunikationsindustrie als hervorragendes L\u00f6sungsmittel f\u00fcr Farbe auf Glaswaren verwendet.<\/li>\n<li><strong>Aromen- und Duftstoffindustrie:<\/strong> \u03b1-Terpineol mit der CAS-Nummer 98-55-5 wird h\u00e4ufig in der Aromen- und Duftstoffindustrie verwendet. Es tr\u00e4gt zur Formulierung spezifischer D\u00fcfte und Aromen bei und verleiht ihnen ein frisches und charakteristisches Aroma.<\/li>\n<li><strong>Kosmetika und K\u00f6rperpflegeprodukte:<\/strong> Diese Verbindung wird in Kosmetika und K\u00f6rperpflegeprodukten verwendet. \u03b1-Terpineol wird wegen seines angenehmen Duftes verwendet und kann in Formulierungen wie Parf\u00fcms, Lotionen und Seifen enthalten sein.<\/li>\n<li><strong>Pharmazeutika:<\/strong> \u03b1-Terpineol wird in der pharmazeutischen Industrie verwendet. Es kann in bestimmten Arzneimittelformulierungen und pharmazeutischen Produkten enthalten sein und spielt eine Rolle in der medizinischen Chemie.<\/li>\n<li><strong>Industrielle Anwendungen:<\/strong> In bestimmten industriellen Anwendungen kann \u03b1-Terpineol eingesetzt werden. Es kann bei der Formulierung von Industrieprodukten verwendet werden, bei denen seine Eigenschaften von Vorteil sind.<\/li>\n<\/ol>\n<h2><strong>\u03b1-TerpineolVerpackung und Versand<\/strong><\/h2>\n<p>18kg\/Trommel<\/p>\n<h2><strong>\u03b1-TerpineolSpeicherung<\/strong><\/h2>\n<p>In einem versiegelten Beh\u00e4lter in einem k\u00fchlen, bel\u00fcfteten Lagerhaus gelagert<\/p>\n<h2><strong><b>Kontaktieren Sie uns jetzt!<\/b><\/strong><\/h2>\n<h4><strong><b>Wenn Sie COA, MSDS oder TDS ben\u00f6tigen, geben Sie bitte Ihre Kontaktinformationen in das untenstehende Formular ein. Wir werden uns in der Regel innerhalb von 24 Stunden mit Ihnen in Verbindung setzen. Sie k\u00f6nnen mir auch eine E-Mail schicken <span style=\"color: #0000ff;\"><a style=\"color: #0000ff;\" href=\"mailto:info@longchangchemical.com\">info@longchangchemical.com<\/a><\/span> w\u00e4hrend der Gesch\u00e4ftszeiten ( 8:30 bis 18:00 Uhr UTC+8 Mo.~Sa. ) oder nutzen Sie den Live-Chat auf der Website, um eine schnelle Antwort zu erhalten.<\/b><\/strong><\/h4>","protected":false},"excerpt":{"rendered":"<p>Chemische Bezeichnung: \u03b1-Terpineol \/ \u03b2-Terpineol \/ \u03b3-Terpineol<br \/>\nCAS-Nr.:98-55-5<br \/>\nSummenformel: C10H18O<\/p>\n<p>Molekulare Struktur:<img decoding=\"async\" title=\"\u03b1-Terpineol Struktur\" src=\"https:\/\/www.longchangchemical.com\/wp-content\/uploads\/product-details\/20200611164524.png\" alt=\"\u03b1-Terpineol Struktur\" width=\"219\" height=\"113\" border=\"0\" vspace=\"0\" \/><\/p>\n<p>Molekulargewicht: 154,25<\/p>\n<p>Erscheinungsbild: Farblose viskose Fl\u00fcssigkeit oder wei\u00dfer Kristall<\/p>\n<p>Assay\uff1a98.0 %min<\/p>","protected":false},"featured_media":6442,"comment_status":"open","ping_status":"closed","template":"","meta":[],"product_brand":[],"product_cat":[69],"product_tag":[],"class_list":{"0":"post-4244","1":"product","2":"type-product","3":"status-publish","4":"has-post-thumbnail","6":"product_cat-catalysts-chemical-auxiliary-agents","8":"first","9":"instock","10":"shipping-taxable","11":"product-type-simple"},"yoast_head":"<!-- This site is optimized with the Yoast SEO plugin v25.3.1 - https:\/\/yoast.com\/wordpress\/plugins\/seo\/ -->\n<title>China alpha-Terpineol Manufacturer CAS 98-55-5 and 8000-41-7 -Longchang Chemical<\/title>\n<meta name=\"description\" content=\"\u03b1-terpineol cas 98-55-5 is key product of Longchang Chemical. We provide best price. We are the leading manufacturer and supplier in China with the best quanlity and competitive price.\" \/>\n<meta name=\"robots\" content=\"index, follow, max-snippet:-1, max-image-preview:large, max-video-preview:-1\" \/>\n<link rel=\"canonical\" href=\"https:\/\/longchangchemical.com\/de\/product\/terpineol-cas-98-55-5\/\" \/>\n<meta property=\"og:locale\" content=\"de_DE\" \/>\n<meta property=\"og:type\" content=\"article\" \/>\n<meta property=\"og:title\" content=\"China alpha-Terpineol Manufacturer CAS 98-55-5 and 8000-41-7 -Longchang Chemical\" \/>\n<meta property=\"og:description\" content=\"\u03b1-terpineol cas 98-55-5 is key product of Longchang Chemical. We provide best price. We are the leading manufacturer and supplier in China with the best quanlity and competitive price.\" \/>\n<meta property=\"og:url\" content=\"https:\/\/longchangchemical.com\/de\/product\/terpineol-cas-98-55-5\/\" \/>\n<meta property=\"og:site_name\" content=\"Longchang Chemical\" \/>\n<meta property=\"article:modified_time\" content=\"2024-04-28T05:45:13+00:00\" \/>\n<meta property=\"og:image\" content=\"https:\/\/longchangchemical.com\/wp-content\/uploads\/2021\/01\/9-1.jpg\" \/>\n\t<meta property=\"og:image:width\" content=\"800\" \/>\n\t<meta property=\"og:image:height\" content=\"800\" \/>\n\t<meta property=\"og:image:type\" content=\"image\/jpeg\" \/>\n<meta name=\"twitter:card\" content=\"summary_large_image\" \/>\n<script type=\"application\/ld+json\" class=\"yoast-schema-graph\">{\"@context\":\"https:\/\/schema.org\",\"@graph\":[{\"@type\":\"WebPage\",\"@id\":\"https:\/\/longchangchemical.com\/product\/terpineol-cas-98-55-5\/\",\"url\":\"https:\/\/longchangchemical.com\/product\/terpineol-cas-98-55-5\/\",\"name\":\"China alpha-Terpineol Manufacturer CAS 98-55-5 and 8000-41-7 -Longchang Chemical\",\"isPartOf\":{\"@id\":\"https:\/\/longchangchemical.com\/#website\"},\"primaryImageOfPage\":{\"@id\":\"https:\/\/longchangchemical.com\/product\/terpineol-cas-98-55-5\/#primaryimage\"},\"image\":{\"@id\":\"https:\/\/longchangchemical.com\/product\/terpineol-cas-98-55-5\/#primaryimage\"},\"thumbnailUrl\":\"https:\/\/longchangchemical.com\/wp-content\/uploads\/2021\/01\/9-1.jpg\",\"datePublished\":\"2024-01-12T06:03:03+00:00\",\"dateModified\":\"2024-04-28T05:45:13+00:00\",\"description\":\"\u03b1-terpineol cas 98-55-5 is key product of Longchang Chemical. We provide best price. We are the leading manufacturer and supplier in China with the best quanlity and competitive price.\",\"breadcrumb\":{\"@id\":\"https:\/\/longchangchemical.com\/product\/terpineol-cas-98-55-5\/#breadcrumb\"},\"inLanguage\":\"de\",\"potentialAction\":[{\"@type\":\"ReadAction\",\"target\":[\"https:\/\/longchangchemical.com\/product\/terpineol-cas-98-55-5\/\"]}]},{\"@type\":\"ImageObject\",\"inLanguage\":\"de\",\"@id\":\"https:\/\/longchangchemical.com\/product\/terpineol-cas-98-55-5\/#primaryimage\",\"url\":\"https:\/\/longchangchemical.com\/wp-content\/uploads\/2021\/01\/9-1.jpg\",\"contentUrl\":\"https:\/\/longchangchemical.com\/wp-content\/uploads\/2021\/01\/9-1.jpg\",\"width\":800,\"height\":800,\"caption\":\"\u03b1-terpineol cas 98-55-5\"},{\"@type\":\"BreadcrumbList\",\"@id\":\"https:\/\/longchangchemical.com\/product\/terpineol-cas-98-55-5\/#breadcrumb\",\"itemListElement\":[{\"@type\":\"ListItem\",\"position\":1,\"name\":\"Home\",\"item\":\"https:\/\/longchangchemical.com\/\"},{\"@type\":\"ListItem\",\"position\":2,\"name\":\"Products Longchang\",\"item\":\"https:\/\/longchangchemical.com\/product\/\"},{\"@type\":\"ListItem\",\"position\":3,\"name\":\"\u03b1-terpineol \/ \u03b2-terpineol \/ \u03b3-terpineol CAS 98-55-5 AND 8000-41-7\"}]},{\"@type\":\"WebSite\",\"@id\":\"https:\/\/longchangchemical.com\/#website\",\"url\":\"https:\/\/longchangchemical.com\/\",\"name\":\"Longchang Chemical\",\"description\":\"China chemical manufacturer \uff06 supplier\",\"publisher\":{\"@id\":\"https:\/\/longchangchemical.com\/#organization\"},\"potentialAction\":[{\"@type\":\"SearchAction\",\"target\":{\"@type\":\"EntryPoint\",\"urlTemplate\":\"https:\/\/longchangchemical.com\/?s={search_term_string}\"},\"query-input\":{\"@type\":\"PropertyValueSpecification\",\"valueRequired\":true,\"valueName\":\"search_term_string\"}}],\"inLanguage\":\"de\"},{\"@type\":\"Organization\",\"@id\":\"https:\/\/longchangchemical.com\/#organization\",\"name\":\"Longchang Chemical\",\"url\":\"https:\/\/longchangchemical.com\/\",\"logo\":{\"@type\":\"ImageObject\",\"inLanguage\":\"de\",\"@id\":\"https:\/\/longchangchemical.com\/#\/schema\/logo\/image\/\",\"url\":\"https:\/\/longchangchemical.com\/wp-content\/uploads\/2020\/08\/cropped-longchang-logo.png\",\"contentUrl\":\"https:\/\/longchangchemical.com\/wp-content\/uploads\/2020\/08\/cropped-longchang-logo.png\",\"width\":512,\"height\":512,\"caption\":\"Longchang Chemical\"},\"image\":{\"@id\":\"https:\/\/longchangchemical.com\/#\/schema\/logo\/image\/\"}}]}<\/script>\n<!-- \/ Yoast SEO plugin. -->","yoast_head_json":{"title":"China alpha-Terpineol Hersteller CAS 98-55-5 und 8000-41-7 -Longchang Chemical","description":"\u03b1-Terpineol cas 98-55-5 ist ein Schl\u00fcsselprodukt von Longchang Chemical. Wir bieten besten Preis. Wir sind der f\u00fchrende Hersteller und Lieferant in China mit der besten Qualit\u00e4t und konkurrenzf\u00e4higem Preis.","robots":{"index":"index","follow":"follow","max-snippet":"max-snippet:-1","max-image-preview":"max-image-preview:large","max-video-preview":"max-video-preview:-1"},"canonical":"https:\/\/longchangchemical.com\/de\/product\/terpineol-cas-98-55-5\/","og_locale":"de_DE","og_type":"article","og_title":"China alpha-Terpineol Manufacturer CAS 98-55-5 and 8000-41-7 -Longchang Chemical","og_description":"\u03b1-terpineol cas 98-55-5 is key product of Longchang Chemical. We provide best price. We are the leading manufacturer and supplier in China with the best quanlity and competitive price.","og_url":"https:\/\/longchangchemical.com\/de\/product\/terpineol-cas-98-55-5\/","og_site_name":"Longchang Chemical","article_modified_time":"2024-04-28T05:45:13+00:00","og_image":[{"width":800,"height":800,"url":"https:\/\/longchangchemical.com\/wp-content\/uploads\/2021\/01\/9-1.jpg","type":"image\/jpeg"}],"twitter_card":"summary_large_image","schema":{"@context":"https:\/\/schema.org","@graph":[{"@type":"WebPage","@id":"https:\/\/longchangchemical.com\/product\/terpineol-cas-98-55-5\/","url":"https:\/\/longchangchemical.com\/product\/terpineol-cas-98-55-5\/","name":"China alpha-Terpineol Hersteller CAS 98-55-5 und 8000-41-7 -Longchang Chemical","isPartOf":{"@id":"https:\/\/longchangchemical.com\/#website"},"primaryImageOfPage":{"@id":"https:\/\/longchangchemical.com\/product\/terpineol-cas-98-55-5\/#primaryimage"},"image":{"@id":"https:\/\/longchangchemical.com\/product\/terpineol-cas-98-55-5\/#primaryimage"},"thumbnailUrl":"https:\/\/longchangchemical.com\/wp-content\/uploads\/2021\/01\/9-1.jpg","datePublished":"2024-01-12T06:03:03+00:00","dateModified":"2024-04-28T05:45:13+00:00","description":"\u03b1-Terpineol cas 98-55-5 ist ein Schl\u00fcsselprodukt von Longchang Chemical. Wir bieten besten Preis. Wir sind der f\u00fchrende Hersteller und Lieferant in China mit der besten Qualit\u00e4t und konkurrenzf\u00e4higem Preis.","breadcrumb":{"@id":"https:\/\/longchangchemical.com\/product\/terpineol-cas-98-55-5\/#breadcrumb"},"inLanguage":"de","potentialAction":[{"@type":"ReadAction","target":["https:\/\/longchangchemical.com\/product\/terpineol-cas-98-55-5\/"]}]},{"@type":"ImageObject","inLanguage":"de","@id":"https:\/\/longchangchemical.com\/product\/terpineol-cas-98-55-5\/#primaryimage","url":"https:\/\/longchangchemical.com\/wp-content\/uploads\/2021\/01\/9-1.jpg","contentUrl":"https:\/\/longchangchemical.com\/wp-content\/uploads\/2021\/01\/9-1.jpg","width":800,"height":800,"caption":"\u03b1-terpineol cas 98-55-5"},{"@type":"BreadcrumbList","@id":"https:\/\/longchangchemical.com\/product\/terpineol-cas-98-55-5\/#breadcrumb","itemListElement":[{"@type":"ListItem","position":1,"name":"Home","item":"https:\/\/longchangchemical.com\/"},{"@type":"ListItem","position":2,"name":"Products Longchang","item":"https:\/\/longchangchemical.com\/product\/"},{"@type":"ListItem","position":3,"name":"\u03b1-terpineol \/ \u03b2-terpineol \/ \u03b3-terpineol CAS 98-55-5 AND 8000-41-7"}]},{"@type":"WebSite","@id":"https:\/\/longchangchemical.com\/#website","url":"https:\/\/longchangchemical.com\/","name":"Longchang Chemical","description":"China Hersteller von Chemikalien \uff06 Lieferant","publisher":{"@id":"https:\/\/longchangchemical.com\/#organization"},"potentialAction":[{"@type":"SearchAction","target":{"@type":"EntryPoint","urlTemplate":"https:\/\/longchangchemical.com\/?s={search_term_string}"},"query-input":{"@type":"PropertyValueSpecification","valueRequired":true,"valueName":"search_term_string"}}],"inLanguage":"de"},{"@type":"Organization","@id":"https:\/\/longchangchemical.com\/#organization","name":"Longchang Chemical","url":"https:\/\/longchangchemical.com\/","logo":{"@type":"ImageObject","inLanguage":"de","@id":"https:\/\/longchangchemical.com\/#\/schema\/logo\/image\/","url":"https:\/\/longchangchemical.com\/wp-content\/uploads\/2020\/08\/cropped-longchang-logo.png","contentUrl":"https:\/\/longchangchemical.com\/wp-content\/uploads\/2020\/08\/cropped-longchang-logo.png","width":512,"height":512,"caption":"Longchang Chemical"},"image":{"@id":"https:\/\/longchangchemical.com\/#\/schema\/logo\/image\/"}}]}},"_links":{"self":[{"href":"https:\/\/longchangchemical.com\/de\/wp-json\/wp\/v2\/product\/4244","targetHints":{"allow":["GET"]}}],"collection":[{"href":"https:\/\/longchangchemical.com\/de\/wp-json\/wp\/v2\/product"}],"about":[{"href":"https:\/\/longchangchemical.com\/de\/wp-json\/wp\/v2\/types\/product"}],"replies":[{"embeddable":true,"href":"https:\/\/longchangchemical.com\/de\/wp-json\/wp\/v2\/comments?post=4244"}],"wp:featuredmedia":[{"embeddable":true,"href":"https:\/\/longchangchemical.com\/de\/wp-json\/wp\/v2\/media\/6442"}],"wp:attachment":[{"href":"https:\/\/longchangchemical.com\/de\/wp-json\/wp\/v2\/media?parent=4244"}],"wp:term":[{"taxonomy":"product_brand","embeddable":true,"href":"https:\/\/longchangchemical.com\/de\/wp-json\/wp\/v2\/product_brand?post=4244"},{"taxonomy":"product_cat","embeddable":true,"href":"https:\/\/longchangchemical.com\/de\/wp-json\/wp\/v2\/product_cat?post=4244"},{"taxonomy":"product_tag","embeddable":true,"href":"https:\/\/longchangchemical.com\/de\/wp-json\/wp\/v2\/product_tag?post=4244"}],"curies":[{"name":"wp","href":"https:\/\/api.w.org\/{rel}","templated":true}]}}