{"id":4238,"date":"2024-01-15T01:34:01","date_gmt":"2024-01-15T01:34:01","guid":{"rendered":"https:\/\/longchangchemical.com\/?post_type=product&#038;p=4238"},"modified":"2025-12-22T02:02:52","modified_gmt":"2025-12-22T02:02:52","slug":"trehalose-cas-99-20-7","status":"publish","type":"product","link":"https:\/\/longchangchemical.com\/de\/product\/trehalose-cas-99-20-7\/","title":{"rendered":"Trehalose cas 99-20-7"},"content":{"rendered":"<h2><strong>Trehalose Typische Eigenschaften<\/strong><\/h2>\n<table class=\"table-1\">\n<tbody>\n<tr>\n<td>Artikel<\/td>\n<td>Spezifikationen<\/td>\n<\/tr>\n<tr>\n<td>Erscheinungsbild<\/td>\n<td>Wei\u00dfes Pulver<\/td>\n<\/tr>\n<tr>\n<td>Assay<\/td>\n<td>99%min<\/td>\n<\/tr>\n<tr>\n<td>Haltbarkeitsdauer<\/td>\n<td>2 Jahre<\/td>\n<\/tr>\n<\/tbody>\n<\/table>\n<h2><strong>Verwendung von Trehalose<\/strong><\/h2>\n<ol>\n<li>Es kann in Hautkosmetika wie Gesichtsreinigern verwendet werden, um trockene Haut zu bek\u00e4mpfen.<\/li>\n<li>Es kann als S\u00fc\u00dfungsmittel, Geschmacksverst\u00e4rker und Qualit\u00e4tsverbesserer f\u00fcr verschiedene Zusammensetzungen wie Lippenstift, Mundwasser und Mundduft verwendet werden.<\/li>\n<li>Wasserfreie Trehalose kann als Dehydratisierungsmittel f\u00fcr Phospholipide und Enzyme in Hautcremes und dergleichen verwendet werden.<\/li>\n<li><strong>Lebensmittelindustrie:<\/strong> Trehalose, mit der CAS-Nummer 99-20-7, wird h\u00e4ufig in der Lebensmittelindustrie verwendet. Sie dient als S\u00fc\u00dfungsmittel, Geschmacksverst\u00e4rker und Stabilisator in verschiedenen Lebensmitteln, einschlie\u00dflich Backwaren, S\u00fc\u00dfwaren und Getr\u00e4nken.<\/li>\n<li><strong>Kosmetika und Hautpflegeprodukte:<\/strong> Diese Verbindung findet Anwendung in Kosmetika und Hautpflegeprodukten. Trehalose wird wegen ihrer feuchtigkeitsspendenden Eigenschaften verwendet und tr\u00e4gt zur Formulierung von Hautpflegeprodukten wie Cremes und Lotionen bei.<\/li>\n<li><strong>Biopharmazeutika:<\/strong> Trehalose wird in der biopharmazeutischen Industrie eingesetzt. Sie wird als Stabilisierungsmittel f\u00fcr Proteine und andere Biomolek\u00fcle verwendet und tr\u00e4gt dazu bei, deren Stabilit\u00e4t w\u00e4hrend der Lagerung und des Transports zu erhalten.<\/li>\n<li><strong>Medizinische Anwendungen:<\/strong> In bestimmten medizinischen Anwendungen kann Trehalose verwendet werden. Sie wird auf ihren potenziellen Nutzen bei verschiedenen medizinischen Erkrankungen und therapeutischen Anwendungen untersucht.<\/li>\n<\/ol>\n<h2><strong>Trehalose Verpackung und Versand<\/strong><\/h2>\n<p>Verpackung: 20kg\/Sack<\/p>\n<h2><strong>TREHALOSE Lagerung<\/strong><\/h2>\n<p>An einem k\u00fchlen, trockenen Ort fern von direktem Sonnenlicht aufbewahren<\/p>\n<h2><strong><b>Kontaktieren Sie uns jetzt!<\/b><\/strong><\/h2>\n<p><strong><b>Wenn Sie COA, MSDS oder TDS ben\u00f6tigen, geben Sie bitte Ihre Kontaktinformationen in das untenstehende Formular ein. Wir werden uns in der Regel innerhalb von 24 Stunden mit Ihnen in Verbindung setzen. Sie k\u00f6nnen mir auch eine E-Mail schicken <span style=\"color: #0000ff;\"><a style=\"color: #0000ff;\" href=\"mailto:info@longchangchemical.com\">info@longchangchemical.com<\/a><\/span> w\u00e4hrend der Gesch\u00e4ftszeiten ( 8:30 bis 18:00 Uhr UTC+8 Mo.~Sa. ) oder nutzen Sie den Live-Chat auf der Website, um eine schnelle Antwort zu erhalten.<\/b><\/strong><\/p>","protected":false},"excerpt":{"rendered":"<h2><strong>TrehaloseSchnelle Details<\/strong><\/h2>\n<p>Chemische Bezeichnung: Trehalose<br \/>\nCAS-Nr.: 99-20-7<br \/>\nSummenformel: C12H22O11<\/p>\n<p>Chemische Struktur\uff1a<img decoding=\"async\" title=\"bild.png\" src=\"https:\/\/www.longchangchemical.com\/wp-content\/uploads\/product-details\/20200617325341.png\" alt=\"bild.png\" \/><\/p>\n<p>Molekulargewicht:342,3<\/p>\n<p>Erscheinungsbild:Wei\u00dfes Pulver<\/p>\n<p>Assay: 99%min<\/p>","protected":false},"featured_media":6452,"comment_status":"open","ping_status":"closed","template":"","meta":[],"product_brand":[],"product_cat":[69],"product_tag":[],"class_list":{"0":"post-4238","1":"product","2":"type-product","3":"status-publish","4":"has-post-thumbnail","6":"product_cat-catalysts-chemical-auxiliary-agents","8":"first","9":"instock","10":"shipping-taxable","11":"product-type-simple"},"yoast_head":"<!-- This site is optimized with the Yoast SEO plugin v25.3.1 - https:\/\/yoast.com\/wordpress\/plugins\/seo\/ -->\n<title>China Trehalose Manufacturer CAS 99-20-7 -Longchang Chemical<\/title>\n<meta name=\"description\" content=\"trehalose cas 99-20-7 is key product of Longchang Chemical. We provide best price. We are the leading manufacturer and supplier in China with the best quanlity and competitive price.\" \/>\n<meta name=\"robots\" content=\"index, follow, max-snippet:-1, max-image-preview:large, max-video-preview:-1\" \/>\n<link rel=\"canonical\" href=\"https:\/\/longchangchemical.com\/de\/product\/trehalose-cas-99-20-7\/\" \/>\n<meta property=\"og:locale\" content=\"de_DE\" \/>\n<meta property=\"og:type\" content=\"article\" \/>\n<meta property=\"og:title\" content=\"China Trehalose Manufacturer CAS 99-20-7 -Longchang Chemical\" \/>\n<meta property=\"og:description\" content=\"trehalose cas 99-20-7 is key product of Longchang Chemical. We provide best price. We are the leading manufacturer and supplier in China with the best quanlity and competitive price.\" \/>\n<meta property=\"og:url\" content=\"https:\/\/longchangchemical.com\/de\/product\/trehalose-cas-99-20-7\/\" \/>\n<meta property=\"og:site_name\" content=\"Longchang Chemical\" \/>\n<meta property=\"article:modified_time\" content=\"2025-12-22T02:02:52+00:00\" \/>\n<meta property=\"og:image\" content=\"https:\/\/longchangchemical.com\/wp-content\/uploads\/2021\/01\/4-3.jpg\" \/>\n\t<meta property=\"og:image:width\" content=\"800\" \/>\n\t<meta property=\"og:image:height\" content=\"800\" \/>\n\t<meta property=\"og:image:type\" content=\"image\/jpeg\" \/>\n<meta name=\"twitter:card\" content=\"summary_large_image\" \/>\n<script type=\"application\/ld+json\" class=\"yoast-schema-graph\">{\"@context\":\"https:\/\/schema.org\",\"@graph\":[{\"@type\":\"WebPage\",\"@id\":\"https:\/\/longchangchemical.com\/product\/trehalose-cas-99-20-7\/\",\"url\":\"https:\/\/longchangchemical.com\/product\/trehalose-cas-99-20-7\/\",\"name\":\"China Trehalose Manufacturer CAS 99-20-7 -Longchang Chemical\",\"isPartOf\":{\"@id\":\"https:\/\/longchangchemical.com\/#website\"},\"primaryImageOfPage\":{\"@id\":\"https:\/\/longchangchemical.com\/product\/trehalose-cas-99-20-7\/#primaryimage\"},\"image\":{\"@id\":\"https:\/\/longchangchemical.com\/product\/trehalose-cas-99-20-7\/#primaryimage\"},\"thumbnailUrl\":\"https:\/\/longchangchemical.com\/wp-content\/uploads\/2021\/01\/4-3.jpg\",\"datePublished\":\"2024-01-15T01:34:01+00:00\",\"dateModified\":\"2025-12-22T02:02:52+00:00\",\"description\":\"trehalose cas 99-20-7 is key product of Longchang Chemical. We provide best price. We are the leading manufacturer and supplier in China with the best quanlity and competitive price.\",\"breadcrumb\":{\"@id\":\"https:\/\/longchangchemical.com\/product\/trehalose-cas-99-20-7\/#breadcrumb\"},\"inLanguage\":\"de\",\"potentialAction\":[{\"@type\":\"ReadAction\",\"target\":[\"https:\/\/longchangchemical.com\/product\/trehalose-cas-99-20-7\/\"]}]},{\"@type\":\"ImageObject\",\"inLanguage\":\"de\",\"@id\":\"https:\/\/longchangchemical.com\/product\/trehalose-cas-99-20-7\/#primaryimage\",\"url\":\"https:\/\/longchangchemical.com\/wp-content\/uploads\/2021\/01\/4-3.jpg\",\"contentUrl\":\"https:\/\/longchangchemical.com\/wp-content\/uploads\/2021\/01\/4-3.jpg\",\"width\":800,\"height\":800,\"caption\":\"trehalose cas 99-20-7\"},{\"@type\":\"BreadcrumbList\",\"@id\":\"https:\/\/longchangchemical.com\/product\/trehalose-cas-99-20-7\/#breadcrumb\",\"itemListElement\":[{\"@type\":\"ListItem\",\"position\":1,\"name\":\"Home\",\"item\":\"https:\/\/longchangchemical.com\/\"},{\"@type\":\"ListItem\",\"position\":2,\"name\":\"Products Longchang\",\"item\":\"https:\/\/longchangchemical.com\/product\/\"},{\"@type\":\"ListItem\",\"position\":3,\"name\":\"trehalose cas 99-20-7\"}]},{\"@type\":\"WebSite\",\"@id\":\"https:\/\/longchangchemical.com\/#website\",\"url\":\"https:\/\/longchangchemical.com\/\",\"name\":\"Longchang Chemical\",\"description\":\"China chemical manufacturer \uff06 supplier\",\"publisher\":{\"@id\":\"https:\/\/longchangchemical.com\/#organization\"},\"potentialAction\":[{\"@type\":\"SearchAction\",\"target\":{\"@type\":\"EntryPoint\",\"urlTemplate\":\"https:\/\/longchangchemical.com\/?s={search_term_string}\"},\"query-input\":{\"@type\":\"PropertyValueSpecification\",\"valueRequired\":true,\"valueName\":\"search_term_string\"}}],\"inLanguage\":\"de\"},{\"@type\":\"Organization\",\"@id\":\"https:\/\/longchangchemical.com\/#organization\",\"name\":\"Longchang Chemical\",\"url\":\"https:\/\/longchangchemical.com\/\",\"logo\":{\"@type\":\"ImageObject\",\"inLanguage\":\"de\",\"@id\":\"https:\/\/longchangchemical.com\/#\/schema\/logo\/image\/\",\"url\":\"https:\/\/longchangchemical.com\/wp-content\/uploads\/2020\/08\/cropped-longchang-logo.png\",\"contentUrl\":\"https:\/\/longchangchemical.com\/wp-content\/uploads\/2020\/08\/cropped-longchang-logo.png\",\"width\":512,\"height\":512,\"caption\":\"Longchang Chemical\"},\"image\":{\"@id\":\"https:\/\/longchangchemical.com\/#\/schema\/logo\/image\/\"}}]}<\/script>\n<!-- \/ Yoast SEO plugin. -->","yoast_head_json":{"title":"China Trehalose Hersteller CAS 99-20-7 -Longchang Chemical","description":"Trehalose cas 99-20-7 ist ein Schl\u00fcsselprodukt von Longchang Chemical. Wir bieten besten Preis. Wir sind der f\u00fchrende Hersteller und Lieferant in China mit der besten Qualit\u00e4t und konkurrenzf\u00e4higem Preis.","robots":{"index":"index","follow":"follow","max-snippet":"max-snippet:-1","max-image-preview":"max-image-preview:large","max-video-preview":"max-video-preview:-1"},"canonical":"https:\/\/longchangchemical.com\/de\/product\/trehalose-cas-99-20-7\/","og_locale":"de_DE","og_type":"article","og_title":"China Trehalose Manufacturer CAS 99-20-7 -Longchang Chemical","og_description":"trehalose cas 99-20-7 is key product of Longchang Chemical. We provide best price. We are the leading manufacturer and supplier in China with the best quanlity and competitive price.","og_url":"https:\/\/longchangchemical.com\/de\/product\/trehalose-cas-99-20-7\/","og_site_name":"Longchang Chemical","article_modified_time":"2025-12-22T02:02:52+00:00","og_image":[{"width":800,"height":800,"url":"https:\/\/longchangchemical.com\/wp-content\/uploads\/2021\/01\/4-3.jpg","type":"image\/jpeg"}],"twitter_card":"summary_large_image","schema":{"@context":"https:\/\/schema.org","@graph":[{"@type":"WebPage","@id":"https:\/\/longchangchemical.com\/product\/trehalose-cas-99-20-7\/","url":"https:\/\/longchangchemical.com\/product\/trehalose-cas-99-20-7\/","name":"China Trehalose Hersteller CAS 99-20-7 -Longchang Chemical","isPartOf":{"@id":"https:\/\/longchangchemical.com\/#website"},"primaryImageOfPage":{"@id":"https:\/\/longchangchemical.com\/product\/trehalose-cas-99-20-7\/#primaryimage"},"image":{"@id":"https:\/\/longchangchemical.com\/product\/trehalose-cas-99-20-7\/#primaryimage"},"thumbnailUrl":"https:\/\/longchangchemical.com\/wp-content\/uploads\/2021\/01\/4-3.jpg","datePublished":"2024-01-15T01:34:01+00:00","dateModified":"2025-12-22T02:02:52+00:00","description":"Trehalose cas 99-20-7 ist ein Schl\u00fcsselprodukt von Longchang Chemical. Wir bieten besten Preis. Wir sind der f\u00fchrende Hersteller und Lieferant in China mit der besten Qualit\u00e4t und konkurrenzf\u00e4higem Preis.","breadcrumb":{"@id":"https:\/\/longchangchemical.com\/product\/trehalose-cas-99-20-7\/#breadcrumb"},"inLanguage":"de","potentialAction":[{"@type":"ReadAction","target":["https:\/\/longchangchemical.com\/product\/trehalose-cas-99-20-7\/"]}]},{"@type":"ImageObject","inLanguage":"de","@id":"https:\/\/longchangchemical.com\/product\/trehalose-cas-99-20-7\/#primaryimage","url":"https:\/\/longchangchemical.com\/wp-content\/uploads\/2021\/01\/4-3.jpg","contentUrl":"https:\/\/longchangchemical.com\/wp-content\/uploads\/2021\/01\/4-3.jpg","width":800,"height":800,"caption":"trehalose cas 99-20-7"},{"@type":"BreadcrumbList","@id":"https:\/\/longchangchemical.com\/product\/trehalose-cas-99-20-7\/#breadcrumb","itemListElement":[{"@type":"ListItem","position":1,"name":"Home","item":"https:\/\/longchangchemical.com\/"},{"@type":"ListItem","position":2,"name":"Products Longchang","item":"https:\/\/longchangchemical.com\/product\/"},{"@type":"ListItem","position":3,"name":"trehalose cas 99-20-7"}]},{"@type":"WebSite","@id":"https:\/\/longchangchemical.com\/#website","url":"https:\/\/longchangchemical.com\/","name":"Longchang Chemical","description":"China Hersteller von Chemikalien \uff06 Lieferant","publisher":{"@id":"https:\/\/longchangchemical.com\/#organization"},"potentialAction":[{"@type":"SearchAction","target":{"@type":"EntryPoint","urlTemplate":"https:\/\/longchangchemical.com\/?s={search_term_string}"},"query-input":{"@type":"PropertyValueSpecification","valueRequired":true,"valueName":"search_term_string"}}],"inLanguage":"de"},{"@type":"Organization","@id":"https:\/\/longchangchemical.com\/#organization","name":"Longchang Chemical","url":"https:\/\/longchangchemical.com\/","logo":{"@type":"ImageObject","inLanguage":"de","@id":"https:\/\/longchangchemical.com\/#\/schema\/logo\/image\/","url":"https:\/\/longchangchemical.com\/wp-content\/uploads\/2020\/08\/cropped-longchang-logo.png","contentUrl":"https:\/\/longchangchemical.com\/wp-content\/uploads\/2020\/08\/cropped-longchang-logo.png","width":512,"height":512,"caption":"Longchang Chemical"},"image":{"@id":"https:\/\/longchangchemical.com\/#\/schema\/logo\/image\/"}}]}},"_links":{"self":[{"href":"https:\/\/longchangchemical.com\/de\/wp-json\/wp\/v2\/product\/4238","targetHints":{"allow":["GET"]}}],"collection":[{"href":"https:\/\/longchangchemical.com\/de\/wp-json\/wp\/v2\/product"}],"about":[{"href":"https:\/\/longchangchemical.com\/de\/wp-json\/wp\/v2\/types\/product"}],"replies":[{"embeddable":true,"href":"https:\/\/longchangchemical.com\/de\/wp-json\/wp\/v2\/comments?post=4238"}],"wp:featuredmedia":[{"embeddable":true,"href":"https:\/\/longchangchemical.com\/de\/wp-json\/wp\/v2\/media\/6452"}],"wp:attachment":[{"href":"https:\/\/longchangchemical.com\/de\/wp-json\/wp\/v2\/media?parent=4238"}],"wp:term":[{"taxonomy":"product_brand","embeddable":true,"href":"https:\/\/longchangchemical.com\/de\/wp-json\/wp\/v2\/product_brand?post=4238"},{"taxonomy":"product_cat","embeddable":true,"href":"https:\/\/longchangchemical.com\/de\/wp-json\/wp\/v2\/product_cat?post=4238"},{"taxonomy":"product_tag","embeddable":true,"href":"https:\/\/longchangchemical.com\/de\/wp-json\/wp\/v2\/product_tag?post=4238"}],"curies":[{"name":"wp","href":"https:\/\/api.w.org\/{rel}","templated":true}]}}