{"id":4236,"date":"2024-01-15T07:54:34","date_gmt":"2024-01-15T07:54:34","guid":{"rendered":"https:\/\/longchangchemical.com\/?post_type=product&#038;p=4236"},"modified":"2026-05-08T03:00:01","modified_gmt":"2026-05-08T03:00:01","slug":"para-toluic-acid-cas-99-94-5","status":"publish","type":"product","link":"https:\/\/longchangchemical.com\/de\/product\/para-toluic-acid-cas-99-94-5\/","title":{"rendered":"para-Toluyls\u00e4ure cas 99-94-5"},"content":{"rendered":"<h2><strong>para-Toluyls\u00e4ure cas 99-94-5<\/strong><\/h2>\n<table class=\"table-1\" cellspacing=\"0\">\n<tbody>\n<tr>\n<td>Erscheinungsbild<\/td>\n<td>Wei\u00dfe oder schalenf\u00f6rmige gelbe Flocken<\/td>\n<\/tr>\n<tr>\n<td>Assay<\/td>\n<td>99%min<\/td>\n<\/tr>\n<tr>\n<td>Wasser<\/td>\n<td>0,2%max<\/td>\n<\/tr>\n<tr>\n<td>Schmelzpunkt<\/td>\n<td>178\u2103-182\u2103<\/td>\n<\/tr>\n<tr>\n<td>Terephthals\u00e4ure<\/td>\n<td>0,3%max<\/td>\n<\/tr>\n<tr>\n<td>Esche<\/td>\n<td>0,1% max<\/td>\n<\/tr>\n<tr>\n<td>Benzoes\u00e4ure<\/td>\n<td>0,2%max<\/td>\n<\/tr>\n<\/tbody>\n<\/table>\n<h2><strong>Verwendung von Paratoluyls\u00e4ure<\/strong><\/h2>\n<p>Verwendet in der organischen Synthese Zwischenprodukte, Pestizid-Industrie zu produzieren Fungizid Phosphoramid, kann auch in Gew\u00fcrzen und Film verwendet werden.<\/p>\n<p>Es wird haupts\u00e4chlich f\u00fcr die Herstellung von h\u00e4mostatischen aromatischen S\u00e4uren, Paramethylnitril, Paratolylchlorid, lichtempfindlichen Materialien usw. verwendet.<\/p>\n<ol>\n<li><strong>Chemische Zwischenprodukte:<\/strong> Para-Toluyls\u00e4ure mit der CAS-Nummer 99-94-5 wird h\u00e4ufig als chemisches Zwischenprodukt bei der Synthese verschiedener organischer Verbindungen verwendet. Sie dient als Baustein bei der Herstellung von Arzneimitteln, Agrochemikalien und Spezialchemikalien.<\/li>\n<li><strong>Polymer-Industrie:<\/strong> Diese Verbindung findet Anwendung in der Polymerindustrie. Para-Toluyls\u00e4ure wird bei der Synthese von Polymeren und Copolymeren verwendet und tr\u00e4gt zur Ver\u00e4nderung der Polymereigenschaften und zur Entwicklung spezifischer Materialien bei.<\/li>\n<li><strong>Farbstoff-Zwischenprodukte:<\/strong> Para-Toluyls\u00e4ure wird als Zwischenprodukt bei der Herstellung von Farbstoffen verwendet. Sie tr\u00e4gt zur Synthese bestimmter Farbstoffmolek\u00fcle bei, die in der Textil-, Papier- und anderen Industrien verwendet werden.<\/li>\n<li><strong>Forschung und Entwicklung:<\/strong> In Forschung und Entwicklung wird Paratoluyls\u00e4ure f\u00fcr verschiedene chemische Analysen und Experimente eingesetzt. Ihre Vielseitigkeit macht sie wertvoll f\u00fcr die Entdeckung und Entwicklung neuer Verbindungen.<\/li>\n<\/ol>\n<h2><strong>Para Toluic Acid Paket<\/strong><\/h2>\n<p>220 kg\/Plastikfass oder als kundenspezifisches Paket.<\/p>\n<h2><strong>Lagerung von Paratoluyls\u00e4ure<\/strong><\/h2>\n<p>Gesch\u00fctzter, trockener, dunkler Ort f\u00fcr die Lagerung.<\/p>\n<h2><strong><b>Kontaktieren Sie uns jetzt!<\/b><\/strong><\/h2>\n<h4><strong><b>Wenn Sie COA, MSDS oder TDS ben\u00f6tigen, geben Sie bitte Ihre Kontaktinformationen in das untenstehende Formular ein. Wir werden uns in der Regel innerhalb von 24 Stunden mit Ihnen in Verbindung setzen. Sie k\u00f6nnen mir auch eine E-Mail schicken <span style=\"color: #0000ff;\"><a style=\"color: #0000ff;\" href=\"mailto:info@longchangchemical.com\">info@longchangchemical.com<\/a><\/span> w\u00e4hrend der Gesch\u00e4ftszeiten ( 8:30 bis 18:00 Uhr UTC+8 Mo.~Sa. ) oder nutzen Sie den Live-Chat auf der Website, um eine schnelle Antwort zu erhalten.<\/b><\/strong><\/h4>","protected":false},"excerpt":{"rendered":"<p>Produktname:Para Toluic Acid<\/p>\n<p>CAS-Nr.: 99-94-5<\/p>\n<p>Summenformel:C8H8O2<\/p>\n<p>Molekulargewicht:136.15<\/p>\n<p>Erscheinungsbild:Wei\u00dfes Pulver<\/p>\n<p>Assay: 99,5%min<\/p>","protected":false},"featured_media":6470,"comment_status":"open","ping_status":"closed","template":"","meta":[],"product_brand":[],"product_cat":[69],"product_tag":[],"class_list":{"0":"post-4236","1":"product","2":"type-product","3":"status-publish","4":"has-post-thumbnail","6":"product_cat-catalysts-chemical-auxiliary-agents","8":"first","9":"instock","10":"shipping-taxable","11":"product-type-simple"},"yoast_head":"<!-- This site is optimized with the Yoast SEO plugin v25.3.1 - https:\/\/yoast.com\/wordpress\/plugins\/seo\/ -->\n<title>China p-Toluic acid Manufacturer CAS 99-94-5 -Longchang Chemical<\/title>\n<meta name=\"description\" content=\"para toluic acid cas 99-94-5 is key product of Longchang Chemical. We provide best price. We are the leading manufacturer and supplier in China with the best quanlity and competitive price.\" \/>\n<meta name=\"robots\" content=\"index, follow, max-snippet:-1, max-image-preview:large, max-video-preview:-1\" \/>\n<link rel=\"canonical\" href=\"https:\/\/longchangchemical.com\/de\/product\/para-toluic-acid-cas-99-94-5\/\" \/>\n<meta property=\"og:locale\" content=\"de_DE\" \/>\n<meta property=\"og:type\" content=\"article\" \/>\n<meta property=\"og:title\" content=\"China p-Toluic acid Manufacturer CAS 99-94-5 -Longchang Chemical\" \/>\n<meta property=\"og:description\" content=\"para toluic acid cas 99-94-5 is key product of Longchang Chemical. We provide best price. We are the leading manufacturer and supplier in China with the best quanlity and competitive price.\" \/>\n<meta property=\"og:url\" content=\"https:\/\/longchangchemical.com\/de\/product\/para-toluic-acid-cas-99-94-5\/\" \/>\n<meta property=\"og:site_name\" content=\"Longchang Chemical\" \/>\n<meta property=\"article:modified_time\" content=\"2026-05-08T03:00:01+00:00\" \/>\n<meta property=\"og:image\" content=\"https:\/\/longchangchemical.com\/wp-content\/uploads\/2024\/01\/10.jpg\" \/>\n\t<meta property=\"og:image:width\" content=\"800\" \/>\n\t<meta property=\"og:image:height\" content=\"800\" \/>\n\t<meta property=\"og:image:type\" content=\"image\/jpeg\" \/>\n<meta name=\"twitter:card\" content=\"summary_large_image\" \/>\n<script type=\"application\/ld+json\" class=\"yoast-schema-graph\">{\"@context\":\"https:\/\/schema.org\",\"@graph\":[{\"@type\":\"WebPage\",\"@id\":\"https:\/\/longchangchemical.com\/product\/para-toluic-acid-cas-99-94-5\/\",\"url\":\"https:\/\/longchangchemical.com\/product\/para-toluic-acid-cas-99-94-5\/\",\"name\":\"China p-Toluic acid Manufacturer CAS 99-94-5 -Longchang Chemical\",\"isPartOf\":{\"@id\":\"https:\/\/longchangchemical.com\/#website\"},\"primaryImageOfPage\":{\"@id\":\"https:\/\/longchangchemical.com\/product\/para-toluic-acid-cas-99-94-5\/#primaryimage\"},\"image\":{\"@id\":\"https:\/\/longchangchemical.com\/product\/para-toluic-acid-cas-99-94-5\/#primaryimage\"},\"thumbnailUrl\":\"https:\/\/longchangchemical.com\/wp-content\/uploads\/2024\/01\/10.jpg\",\"datePublished\":\"2024-01-15T07:54:34+00:00\",\"dateModified\":\"2026-05-08T03:00:01+00:00\",\"description\":\"para toluic acid cas 99-94-5 is key product of Longchang Chemical. We provide best price. We are the leading manufacturer and supplier in China with the best quanlity and competitive price.\",\"breadcrumb\":{\"@id\":\"https:\/\/longchangchemical.com\/product\/para-toluic-acid-cas-99-94-5\/#breadcrumb\"},\"inLanguage\":\"de\",\"potentialAction\":[{\"@type\":\"ReadAction\",\"target\":[\"https:\/\/longchangchemical.com\/product\/para-toluic-acid-cas-99-94-5\/\"]}]},{\"@type\":\"ImageObject\",\"inLanguage\":\"de\",\"@id\":\"https:\/\/longchangchemical.com\/product\/para-toluic-acid-cas-99-94-5\/#primaryimage\",\"url\":\"https:\/\/longchangchemical.com\/wp-content\/uploads\/2024\/01\/10.jpg\",\"contentUrl\":\"https:\/\/longchangchemical.com\/wp-content\/uploads\/2024\/01\/10.jpg\",\"width\":800,\"height\":800,\"caption\":\"para toluic acid cas 99-94-5\"},{\"@type\":\"BreadcrumbList\",\"@id\":\"https:\/\/longchangchemical.com\/product\/para-toluic-acid-cas-99-94-5\/#breadcrumb\",\"itemListElement\":[{\"@type\":\"ListItem\",\"position\":1,\"name\":\"Home\",\"item\":\"https:\/\/longchangchemical.com\/\"},{\"@type\":\"ListItem\",\"position\":2,\"name\":\"Products Longchang\",\"item\":\"https:\/\/longchangchemical.com\/product\/\"},{\"@type\":\"ListItem\",\"position\":3,\"name\":\"para toluic acid cas 99-94-5\"}]},{\"@type\":\"WebSite\",\"@id\":\"https:\/\/longchangchemical.com\/#website\",\"url\":\"https:\/\/longchangchemical.com\/\",\"name\":\"Longchang Chemical\",\"description\":\"China chemical manufacturer \uff06 supplier\",\"publisher\":{\"@id\":\"https:\/\/longchangchemical.com\/#organization\"},\"potentialAction\":[{\"@type\":\"SearchAction\",\"target\":{\"@type\":\"EntryPoint\",\"urlTemplate\":\"https:\/\/longchangchemical.com\/?s={search_term_string}\"},\"query-input\":{\"@type\":\"PropertyValueSpecification\",\"valueRequired\":true,\"valueName\":\"search_term_string\"}}],\"inLanguage\":\"de\"},{\"@type\":\"Organization\",\"@id\":\"https:\/\/longchangchemical.com\/#organization\",\"name\":\"Longchang Chemical\",\"url\":\"https:\/\/longchangchemical.com\/\",\"logo\":{\"@type\":\"ImageObject\",\"inLanguage\":\"de\",\"@id\":\"https:\/\/longchangchemical.com\/#\/schema\/logo\/image\/\",\"url\":\"https:\/\/longchangchemical.com\/wp-content\/uploads\/2020\/08\/cropped-longchang-logo.png\",\"contentUrl\":\"https:\/\/longchangchemical.com\/wp-content\/uploads\/2020\/08\/cropped-longchang-logo.png\",\"width\":512,\"height\":512,\"caption\":\"Longchang Chemical\"},\"image\":{\"@id\":\"https:\/\/longchangchemical.com\/#\/schema\/logo\/image\/\"}}]}<\/script>\n<!-- \/ Yoast SEO plugin. -->","yoast_head_json":{"title":"China p-Toluyls\u00e4ure Hersteller CAS 99-94-5 -Longchang Chemical","description":"para-Toluyls\u00e4ure cas 99-94-5 ist ein Schl\u00fcsselprodukt von Longchang Chemical. Wir bieten besten Preis. Wir sind der f\u00fchrende Hersteller und Lieferant in China mit der besten Qualit\u00e4t und konkurrenzf\u00e4higem Preis.","robots":{"index":"index","follow":"follow","max-snippet":"max-snippet:-1","max-image-preview":"max-image-preview:large","max-video-preview":"max-video-preview:-1"},"canonical":"https:\/\/longchangchemical.com\/de\/product\/para-toluic-acid-cas-99-94-5\/","og_locale":"de_DE","og_type":"article","og_title":"China p-Toluic acid Manufacturer CAS 99-94-5 -Longchang Chemical","og_description":"para toluic acid cas 99-94-5 is key product of Longchang Chemical. We provide best price. We are the leading manufacturer and supplier in China with the best quanlity and competitive price.","og_url":"https:\/\/longchangchemical.com\/de\/product\/para-toluic-acid-cas-99-94-5\/","og_site_name":"Longchang Chemical","article_modified_time":"2026-05-08T03:00:01+00:00","og_image":[{"width":800,"height":800,"url":"https:\/\/longchangchemical.com\/wp-content\/uploads\/2024\/01\/10.jpg","type":"image\/jpeg"}],"twitter_card":"summary_large_image","schema":{"@context":"https:\/\/schema.org","@graph":[{"@type":"WebPage","@id":"https:\/\/longchangchemical.com\/product\/para-toluic-acid-cas-99-94-5\/","url":"https:\/\/longchangchemical.com\/product\/para-toluic-acid-cas-99-94-5\/","name":"China p-Toluyls\u00e4ure Hersteller CAS 99-94-5 -Longchang Chemical","isPartOf":{"@id":"https:\/\/longchangchemical.com\/#website"},"primaryImageOfPage":{"@id":"https:\/\/longchangchemical.com\/product\/para-toluic-acid-cas-99-94-5\/#primaryimage"},"image":{"@id":"https:\/\/longchangchemical.com\/product\/para-toluic-acid-cas-99-94-5\/#primaryimage"},"thumbnailUrl":"https:\/\/longchangchemical.com\/wp-content\/uploads\/2024\/01\/10.jpg","datePublished":"2024-01-15T07:54:34+00:00","dateModified":"2026-05-08T03:00:01+00:00","description":"para-Toluyls\u00e4ure cas 99-94-5 ist ein Schl\u00fcsselprodukt von Longchang Chemical. Wir bieten besten Preis. Wir sind der f\u00fchrende Hersteller und Lieferant in China mit der besten Qualit\u00e4t und konkurrenzf\u00e4higem Preis.","breadcrumb":{"@id":"https:\/\/longchangchemical.com\/product\/para-toluic-acid-cas-99-94-5\/#breadcrumb"},"inLanguage":"de","potentialAction":[{"@type":"ReadAction","target":["https:\/\/longchangchemical.com\/product\/para-toluic-acid-cas-99-94-5\/"]}]},{"@type":"ImageObject","inLanguage":"de","@id":"https:\/\/longchangchemical.com\/product\/para-toluic-acid-cas-99-94-5\/#primaryimage","url":"https:\/\/longchangchemical.com\/wp-content\/uploads\/2024\/01\/10.jpg","contentUrl":"https:\/\/longchangchemical.com\/wp-content\/uploads\/2024\/01\/10.jpg","width":800,"height":800,"caption":"para toluic acid cas 99-94-5"},{"@type":"BreadcrumbList","@id":"https:\/\/longchangchemical.com\/product\/para-toluic-acid-cas-99-94-5\/#breadcrumb","itemListElement":[{"@type":"ListItem","position":1,"name":"Home","item":"https:\/\/longchangchemical.com\/"},{"@type":"ListItem","position":2,"name":"Products Longchang","item":"https:\/\/longchangchemical.com\/product\/"},{"@type":"ListItem","position":3,"name":"para toluic acid cas 99-94-5"}]},{"@type":"WebSite","@id":"https:\/\/longchangchemical.com\/#website","url":"https:\/\/longchangchemical.com\/","name":"Longchang Chemical","description":"China Hersteller von Chemikalien \uff06 Lieferant","publisher":{"@id":"https:\/\/longchangchemical.com\/#organization"},"potentialAction":[{"@type":"SearchAction","target":{"@type":"EntryPoint","urlTemplate":"https:\/\/longchangchemical.com\/?s={search_term_string}"},"query-input":{"@type":"PropertyValueSpecification","valueRequired":true,"valueName":"search_term_string"}}],"inLanguage":"de"},{"@type":"Organization","@id":"https:\/\/longchangchemical.com\/#organization","name":"Longchang Chemical","url":"https:\/\/longchangchemical.com\/","logo":{"@type":"ImageObject","inLanguage":"de","@id":"https:\/\/longchangchemical.com\/#\/schema\/logo\/image\/","url":"https:\/\/longchangchemical.com\/wp-content\/uploads\/2020\/08\/cropped-longchang-logo.png","contentUrl":"https:\/\/longchangchemical.com\/wp-content\/uploads\/2020\/08\/cropped-longchang-logo.png","width":512,"height":512,"caption":"Longchang Chemical"},"image":{"@id":"https:\/\/longchangchemical.com\/#\/schema\/logo\/image\/"}}]}},"_links":{"self":[{"href":"https:\/\/longchangchemical.com\/de\/wp-json\/wp\/v2\/product\/4236","targetHints":{"allow":["GET"]}}],"collection":[{"href":"https:\/\/longchangchemical.com\/de\/wp-json\/wp\/v2\/product"}],"about":[{"href":"https:\/\/longchangchemical.com\/de\/wp-json\/wp\/v2\/types\/product"}],"replies":[{"embeddable":true,"href":"https:\/\/longchangchemical.com\/de\/wp-json\/wp\/v2\/comments?post=4236"}],"wp:featuredmedia":[{"embeddable":true,"href":"https:\/\/longchangchemical.com\/de\/wp-json\/wp\/v2\/media\/6470"}],"wp:attachment":[{"href":"https:\/\/longchangchemical.com\/de\/wp-json\/wp\/v2\/media?parent=4236"}],"wp:term":[{"taxonomy":"product_brand","embeddable":true,"href":"https:\/\/longchangchemical.com\/de\/wp-json\/wp\/v2\/product_brand?post=4236"},{"taxonomy":"product_cat","embeddable":true,"href":"https:\/\/longchangchemical.com\/de\/wp-json\/wp\/v2\/product_cat?post=4236"},{"taxonomy":"product_tag","embeddable":true,"href":"https:\/\/longchangchemical.com\/de\/wp-json\/wp\/v2\/product_tag?post=4236"}],"curies":[{"name":"wp","href":"https:\/\/api.w.org\/{rel}","templated":true}]}}