{"id":4231,"date":"2024-01-15T07:06:37","date_gmt":"2024-01-15T07:06:37","guid":{"rendered":"https:\/\/longchangchemical.com\/?post_type=product&#038;p=4231"},"modified":"2025-12-19T10:01:18","modified_gmt":"2025-12-19T10:01:18","slug":"caprylohydroxamic-acid-cas-7377-03-9","status":"publish","type":"product","link":"https:\/\/longchangchemical.com\/de\/product\/caprylohydroxamic-acid-cas-7377-03-9\/","title":{"rendered":"Caprylohydroxams\u00e4ure cas 7377-03-9"},"content":{"rendered":"<h2><strong>Caprylohydroxams\u00e4ure<\/strong><strong>Typische Eigenschaften<\/strong><\/h2>\n<table class=\"table-1\">\n<tbody>\n<tr>\n<td>Artikel<\/td>\n<td>Spezifikationen<\/td>\n<\/tr>\n<tr>\n<td>Erscheinungsbild<\/td>\n<td>Wei\u00dfkristallin<\/td>\n<\/tr>\n<tr>\n<td>Geruch<\/td>\n<td>Charakteristisch<\/td>\n<\/tr>\n<tr>\n<td>Reinheit (HPLC)<\/td>\n<td>\u226599.0%<\/td>\n<\/tr>\n<tr>\n<td>Schmelzpunkt<\/td>\n<td>78-81\u2103<\/td>\n<\/tr>\n<tr>\n<td>Fl\u00fcchtige Stoffe<\/td>\n<td>\u22640,5%<\/td>\n<\/tr>\n<tr>\n<td>Hydroxylaminhydrochlorid<\/td>\n<td>\u226410ppm<\/td>\n<\/tr>\n<\/tbody>\n<\/table>\n<h2><strong>Caprylohydroxams\u00e4ure Anwendung<\/strong><\/h2>\n<ol>\n<li><strong>Kosmetika und Hautpflegeprodukte:<\/strong> Caprylohydroxams\u00e4ure, mit der CAS-Nummer 7377-03-9, wird h\u00e4ufig in Kosmetika und Hautpflegeprodukten verwendet. Sie dient als Chelatbildner und Konservierungsmittel und tr\u00e4gt zur Stabilit\u00e4t und Sicherheit verschiedener Formulierungen bei.<\/li>\n<li><strong>K\u00f6rperpflegeprodukte:<\/strong> Diese Verbindung wird in K\u00f6rperpflegeprodukten wie Shampoos, Conditionern und K\u00f6rperwaschmitteln verwendet. Die konservierenden Eigenschaften der Caprylohydroxams\u00e4ure machen sie n\u00fctzlich f\u00fcr die Erhaltung der Qualit\u00e4t dieser Produkte.<\/li>\n<li><strong>Haarpflegeformulierungen:<\/strong> Caprylohydroxams\u00e4ure kann in Haarpflegeformulierungen, einschlie\u00dflich Haarsp\u00fclungen und Stylingprodukten, verwendet werden. Sie hilft, mikrobielles Wachstum zu verhindern und verl\u00e4ngert die Haltbarkeit dieser Produkte.<\/li>\n<li><strong>Antimikrobielle Mittel:<\/strong> In einigen Formulierungen wird Caprylohydroxams\u00e4ure als antimikrobielles Mittel verwendet. Sie kann zur Hemmung von Bakterien, Hefe und Schimmel in verschiedenen kosmetischen und K\u00f6rperpflegeanwendungen beitragen.<\/li>\n<\/ol>\n<h2><strong>Caprylohydroxams\u00e4ure\u00a0<\/strong><strong>Verpackung und Versand<\/strong><\/h2>\n<p>Verpackung: 1kg \/ Alufolienbeutel oder 25kg \/ Fass<\/p>\n<p>Versand: Per FedEx, DHL, See, Luft<\/p>\n<h2><strong>Caprylohydroxams\u00e4ure\u00a0<\/strong><strong>Lagerung<\/strong><\/h2>\n<p>Vermeiden Sie hohe Temperaturen, nicht mehr als 2 Stunden unter 90 \u2103, nicht mehr als 6 Stunden unter 60 \u2103.<\/p>\n<h2><strong><b>Kontaktieren Sie uns jetzt!<\/b><\/strong><\/h2>\n<h4><strong><b>Wenn Sie COA, MSDS oder TDS ben\u00f6tigen, geben Sie bitte Ihre Kontaktinformationen in das untenstehende Formular ein. Wir werden uns in der Regel innerhalb von 24 Stunden mit Ihnen in Verbindung setzen. Sie k\u00f6nnen mir auch eine E-Mail schicken <span style=\"color: #0000ff;\"><a style=\"color: #0000ff;\" href=\"mailto:info@longchangchemical.com\">info@longchangchemical.com<\/a><\/span> w\u00e4hrend der Gesch\u00e4ftszeiten ( 8:30 bis 18:00 Uhr UTC+8 Mo.~Sa. ) oder nutzen Sie den Live-Chat auf der Website, um eine schnelle Antwort zu erhalten.<\/b><\/strong><\/h4>","protected":false},"excerpt":{"rendered":"<h2><strong>Caprylohydroxams\u00e4ureSchnelle Details<\/strong><\/h2>\n<p>Chemische Bezeichnung: Caprylohydroxams\u00e4ure<br \/>\nCAS-Nr.: 7377-03-9<br \/>\nSummenformel: C8H17NO2<\/p>\n<p>Chemische Struktur:<img decoding=\"async\" title=\"bild.png\" src=\"https:\/\/www.longchangchemical.com\/wp-content\/uploads\/product-details\/20200617006728.png\" alt=\"bild.png\" \/><\/p>\n<p>Molekulargewicht:159.23<\/p>\n<p>Aussehen:Wei\u00df kristallin<\/p>\n<p>Analyse: 99.0%min<\/p>\n<p>Merkmale: 1. Antibakterielle Leistung kann effektiv hemmen Schimmel.<\/p>\n<p>2. Es kann herk\u00f6mmliche Konservierungsmittel in Kosmetika ersetzen.<\/p>\n<p>3. Kompatibilit\u00e4t der Stabilit\u00e4t.<\/p>","protected":false},"featured_media":6463,"comment_status":"open","ping_status":"closed","template":"","meta":[],"product_brand":[],"product_cat":[69],"product_tag":[],"class_list":{"0":"post-4231","1":"product","2":"type-product","3":"status-publish","4":"has-post-thumbnail","6":"product_cat-catalysts-chemical-auxiliary-agents","8":"first","9":"instock","10":"shipping-taxable","11":"product-type-simple"},"yoast_head":"<!-- This site is optimized with the Yoast SEO plugin v25.3.1 - https:\/\/yoast.com\/wordpress\/plugins\/seo\/ -->\n<title>China Caprylohydroxamic acid Manufacturer CAS 7377-03-9 -Longchang Chemical<\/title>\n<meta name=\"description\" content=\"caprylohydroxamic acid cas 7377-03-9 is key product of Longchang Chemical. We provide best price. We are the leading manufacturer and supplier in China with the best quanlity and competitive price.\" \/>\n<meta name=\"robots\" content=\"index, follow, max-snippet:-1, max-image-preview:large, max-video-preview:-1\" \/>\n<link rel=\"canonical\" href=\"https:\/\/longchangchemical.com\/de\/product\/caprylohydroxamic-acid-cas-7377-03-9\/\" \/>\n<meta property=\"og:locale\" content=\"de_DE\" \/>\n<meta property=\"og:type\" content=\"article\" \/>\n<meta property=\"og:title\" content=\"China Caprylohydroxamic acid Manufacturer CAS 7377-03-9 -Longchang Chemical\" \/>\n<meta property=\"og:description\" content=\"caprylohydroxamic acid cas 7377-03-9 is key product of Longchang Chemical. We provide best price. We are the leading manufacturer and supplier in China with the best quanlity and competitive price.\" \/>\n<meta property=\"og:url\" content=\"https:\/\/longchangchemical.com\/de\/product\/caprylohydroxamic-acid-cas-7377-03-9\/\" \/>\n<meta property=\"og:site_name\" content=\"Longchang Chemical\" \/>\n<meta property=\"article:modified_time\" content=\"2025-12-19T10:01:18+00:00\" \/>\n<meta property=\"og:image\" content=\"https:\/\/longchangchemical.com\/wp-content\/uploads\/2021\/01\/3-5.jpg\" \/>\n\t<meta property=\"og:image:width\" content=\"800\" \/>\n\t<meta property=\"og:image:height\" content=\"800\" \/>\n\t<meta property=\"og:image:type\" content=\"image\/jpeg\" \/>\n<meta name=\"twitter:card\" content=\"summary_large_image\" \/>\n<script type=\"application\/ld+json\" class=\"yoast-schema-graph\">{\"@context\":\"https:\/\/schema.org\",\"@graph\":[{\"@type\":\"WebPage\",\"@id\":\"https:\/\/longchangchemical.com\/product\/caprylohydroxamic-acid-cas-7377-03-9\/\",\"url\":\"https:\/\/longchangchemical.com\/product\/caprylohydroxamic-acid-cas-7377-03-9\/\",\"name\":\"China Caprylohydroxamic acid Manufacturer CAS 7377-03-9 -Longchang Chemical\",\"isPartOf\":{\"@id\":\"https:\/\/longchangchemical.com\/#website\"},\"primaryImageOfPage\":{\"@id\":\"https:\/\/longchangchemical.com\/product\/caprylohydroxamic-acid-cas-7377-03-9\/#primaryimage\"},\"image\":{\"@id\":\"https:\/\/longchangchemical.com\/product\/caprylohydroxamic-acid-cas-7377-03-9\/#primaryimage\"},\"thumbnailUrl\":\"https:\/\/longchangchemical.com\/wp-content\/uploads\/2021\/01\/3-5.jpg\",\"datePublished\":\"2024-01-15T07:06:37+00:00\",\"dateModified\":\"2025-12-19T10:01:18+00:00\",\"description\":\"caprylohydroxamic acid cas 7377-03-9 is key product of Longchang Chemical. We provide best price. We are the leading manufacturer and supplier in China with the best quanlity and competitive price.\",\"breadcrumb\":{\"@id\":\"https:\/\/longchangchemical.com\/product\/caprylohydroxamic-acid-cas-7377-03-9\/#breadcrumb\"},\"inLanguage\":\"de\",\"potentialAction\":[{\"@type\":\"ReadAction\",\"target\":[\"https:\/\/longchangchemical.com\/product\/caprylohydroxamic-acid-cas-7377-03-9\/\"]}]},{\"@type\":\"ImageObject\",\"inLanguage\":\"de\",\"@id\":\"https:\/\/longchangchemical.com\/product\/caprylohydroxamic-acid-cas-7377-03-9\/#primaryimage\",\"url\":\"https:\/\/longchangchemical.com\/wp-content\/uploads\/2021\/01\/3-5.jpg\",\"contentUrl\":\"https:\/\/longchangchemical.com\/wp-content\/uploads\/2021\/01\/3-5.jpg\",\"width\":800,\"height\":800,\"caption\":\"caprylohydroxamic acid cas 7377-03-9\"},{\"@type\":\"BreadcrumbList\",\"@id\":\"https:\/\/longchangchemical.com\/product\/caprylohydroxamic-acid-cas-7377-03-9\/#breadcrumb\",\"itemListElement\":[{\"@type\":\"ListItem\",\"position\":1,\"name\":\"Home\",\"item\":\"https:\/\/longchangchemical.com\/\"},{\"@type\":\"ListItem\",\"position\":2,\"name\":\"Products Longchang\",\"item\":\"https:\/\/longchangchemical.com\/product\/\"},{\"@type\":\"ListItem\",\"position\":3,\"name\":\"caprylohydroxamic acid cas 7377-03-9\"}]},{\"@type\":\"WebSite\",\"@id\":\"https:\/\/longchangchemical.com\/#website\",\"url\":\"https:\/\/longchangchemical.com\/\",\"name\":\"Longchang Chemical\",\"description\":\"China chemical manufacturer \uff06 supplier\",\"publisher\":{\"@id\":\"https:\/\/longchangchemical.com\/#organization\"},\"potentialAction\":[{\"@type\":\"SearchAction\",\"target\":{\"@type\":\"EntryPoint\",\"urlTemplate\":\"https:\/\/longchangchemical.com\/?s={search_term_string}\"},\"query-input\":{\"@type\":\"PropertyValueSpecification\",\"valueRequired\":true,\"valueName\":\"search_term_string\"}}],\"inLanguage\":\"de\"},{\"@type\":\"Organization\",\"@id\":\"https:\/\/longchangchemical.com\/#organization\",\"name\":\"Longchang Chemical\",\"url\":\"https:\/\/longchangchemical.com\/\",\"logo\":{\"@type\":\"ImageObject\",\"inLanguage\":\"de\",\"@id\":\"https:\/\/longchangchemical.com\/#\/schema\/logo\/image\/\",\"url\":\"https:\/\/longchangchemical.com\/wp-content\/uploads\/2020\/08\/cropped-longchang-logo.png\",\"contentUrl\":\"https:\/\/longchangchemical.com\/wp-content\/uploads\/2020\/08\/cropped-longchang-logo.png\",\"width\":512,\"height\":512,\"caption\":\"Longchang Chemical\"},\"image\":{\"@id\":\"https:\/\/longchangchemical.com\/#\/schema\/logo\/image\/\"}}]}<\/script>\n<!-- \/ Yoast SEO plugin. -->","yoast_head_json":{"title":"China Caprylohydroxams\u00e4ure Hersteller CAS 7377-03-9 -Longchang Chemical","description":"Caprylohydroxams\u00e4ure cas 7377-03-9 ist ein Schl\u00fcsselprodukt von Longchang Chemical. Wir bieten besten Preis. Wir sind der f\u00fchrende Hersteller und Lieferant in China mit dem besten quanlity und konkurrenzf\u00e4higen Preis.","robots":{"index":"index","follow":"follow","max-snippet":"max-snippet:-1","max-image-preview":"max-image-preview:large","max-video-preview":"max-video-preview:-1"},"canonical":"https:\/\/longchangchemical.com\/de\/product\/caprylohydroxamic-acid-cas-7377-03-9\/","og_locale":"de_DE","og_type":"article","og_title":"China Caprylohydroxamic acid Manufacturer CAS 7377-03-9 -Longchang Chemical","og_description":"caprylohydroxamic acid cas 7377-03-9 is key product of Longchang Chemical. We provide best price. We are the leading manufacturer and supplier in China with the best quanlity and competitive price.","og_url":"https:\/\/longchangchemical.com\/de\/product\/caprylohydroxamic-acid-cas-7377-03-9\/","og_site_name":"Longchang Chemical","article_modified_time":"2025-12-19T10:01:18+00:00","og_image":[{"width":800,"height":800,"url":"https:\/\/longchangchemical.com\/wp-content\/uploads\/2021\/01\/3-5.jpg","type":"image\/jpeg"}],"twitter_card":"summary_large_image","schema":{"@context":"https:\/\/schema.org","@graph":[{"@type":"WebPage","@id":"https:\/\/longchangchemical.com\/product\/caprylohydroxamic-acid-cas-7377-03-9\/","url":"https:\/\/longchangchemical.com\/product\/caprylohydroxamic-acid-cas-7377-03-9\/","name":"China Caprylohydroxams\u00e4ure Hersteller CAS 7377-03-9 -Longchang Chemical","isPartOf":{"@id":"https:\/\/longchangchemical.com\/#website"},"primaryImageOfPage":{"@id":"https:\/\/longchangchemical.com\/product\/caprylohydroxamic-acid-cas-7377-03-9\/#primaryimage"},"image":{"@id":"https:\/\/longchangchemical.com\/product\/caprylohydroxamic-acid-cas-7377-03-9\/#primaryimage"},"thumbnailUrl":"https:\/\/longchangchemical.com\/wp-content\/uploads\/2021\/01\/3-5.jpg","datePublished":"2024-01-15T07:06:37+00:00","dateModified":"2025-12-19T10:01:18+00:00","description":"Caprylohydroxams\u00e4ure cas 7377-03-9 ist ein Schl\u00fcsselprodukt von Longchang Chemical. Wir bieten besten Preis. Wir sind der f\u00fchrende Hersteller und Lieferant in China mit dem besten quanlity und konkurrenzf\u00e4higen Preis.","breadcrumb":{"@id":"https:\/\/longchangchemical.com\/product\/caprylohydroxamic-acid-cas-7377-03-9\/#breadcrumb"},"inLanguage":"de","potentialAction":[{"@type":"ReadAction","target":["https:\/\/longchangchemical.com\/product\/caprylohydroxamic-acid-cas-7377-03-9\/"]}]},{"@type":"ImageObject","inLanguage":"de","@id":"https:\/\/longchangchemical.com\/product\/caprylohydroxamic-acid-cas-7377-03-9\/#primaryimage","url":"https:\/\/longchangchemical.com\/wp-content\/uploads\/2021\/01\/3-5.jpg","contentUrl":"https:\/\/longchangchemical.com\/wp-content\/uploads\/2021\/01\/3-5.jpg","width":800,"height":800,"caption":"caprylohydroxamic acid cas 7377-03-9"},{"@type":"BreadcrumbList","@id":"https:\/\/longchangchemical.com\/product\/caprylohydroxamic-acid-cas-7377-03-9\/#breadcrumb","itemListElement":[{"@type":"ListItem","position":1,"name":"Home","item":"https:\/\/longchangchemical.com\/"},{"@type":"ListItem","position":2,"name":"Products Longchang","item":"https:\/\/longchangchemical.com\/product\/"},{"@type":"ListItem","position":3,"name":"caprylohydroxamic acid cas 7377-03-9"}]},{"@type":"WebSite","@id":"https:\/\/longchangchemical.com\/#website","url":"https:\/\/longchangchemical.com\/","name":"Longchang Chemical","description":"China Hersteller von Chemikalien \uff06 Lieferant","publisher":{"@id":"https:\/\/longchangchemical.com\/#organization"},"potentialAction":[{"@type":"SearchAction","target":{"@type":"EntryPoint","urlTemplate":"https:\/\/longchangchemical.com\/?s={search_term_string}"},"query-input":{"@type":"PropertyValueSpecification","valueRequired":true,"valueName":"search_term_string"}}],"inLanguage":"de"},{"@type":"Organization","@id":"https:\/\/longchangchemical.com\/#organization","name":"Longchang Chemical","url":"https:\/\/longchangchemical.com\/","logo":{"@type":"ImageObject","inLanguage":"de","@id":"https:\/\/longchangchemical.com\/#\/schema\/logo\/image\/","url":"https:\/\/longchangchemical.com\/wp-content\/uploads\/2020\/08\/cropped-longchang-logo.png","contentUrl":"https:\/\/longchangchemical.com\/wp-content\/uploads\/2020\/08\/cropped-longchang-logo.png","width":512,"height":512,"caption":"Longchang Chemical"},"image":{"@id":"https:\/\/longchangchemical.com\/#\/schema\/logo\/image\/"}}]}},"_links":{"self":[{"href":"https:\/\/longchangchemical.com\/de\/wp-json\/wp\/v2\/product\/4231","targetHints":{"allow":["GET"]}}],"collection":[{"href":"https:\/\/longchangchemical.com\/de\/wp-json\/wp\/v2\/product"}],"about":[{"href":"https:\/\/longchangchemical.com\/de\/wp-json\/wp\/v2\/types\/product"}],"replies":[{"embeddable":true,"href":"https:\/\/longchangchemical.com\/de\/wp-json\/wp\/v2\/comments?post=4231"}],"wp:featuredmedia":[{"embeddable":true,"href":"https:\/\/longchangchemical.com\/de\/wp-json\/wp\/v2\/media\/6463"}],"wp:attachment":[{"href":"https:\/\/longchangchemical.com\/de\/wp-json\/wp\/v2\/media?parent=4231"}],"wp:term":[{"taxonomy":"product_brand","embeddable":true,"href":"https:\/\/longchangchemical.com\/de\/wp-json\/wp\/v2\/product_brand?post=4231"},{"taxonomy":"product_cat","embeddable":true,"href":"https:\/\/longchangchemical.com\/de\/wp-json\/wp\/v2\/product_cat?post=4231"},{"taxonomy":"product_tag","embeddable":true,"href":"https:\/\/longchangchemical.com\/de\/wp-json\/wp\/v2\/product_tag?post=4231"}],"curies":[{"name":"wp","href":"https:\/\/api.w.org\/{rel}","templated":true}]}}