{"id":4229,"date":"2024-01-15T07:42:17","date_gmt":"2024-01-15T07:42:17","guid":{"rendered":"https:\/\/longchangchemical.com\/?post_type=product&#038;p=4229"},"modified":"2025-12-19T09:51:57","modified_gmt":"2025-12-19T09:51:57","slug":"ethyl-ascorbic-acid-cas-86404-04-8","status":"publish","type":"product","link":"https:\/\/longchangchemical.com\/de\/product\/ethyl-ascorbic-acid-cas-86404-04-8\/","title":{"rendered":"CHLUMICRYL\u00ae Ethyl-Ascorbins\u00e4ure cas 86404-04-8"},"content":{"rendered":"<h2><strong>Ethyl-Ascorbins\u00e4ure Typische Eigenschaften<\/strong><\/h2>\n<table class=\"table-1\" cellspacing=\"0\">\n<tbody>\n<tr>\n<td>Erscheinungsbild<\/td>\n<td>Wei\u00dfes oder fast wei\u00dfes kristallines Pulver<\/td>\n<\/tr>\n<tr>\n<td>L\u00f6slichkeit<\/td>\n<td>Leicht in Wasser aufl\u00f6sbar<\/td>\n<\/tr>\n<tr>\n<td>Inhalt %<\/td>\n<td>\u226598.5<\/td>\n<\/tr>\n<tr>\n<td>pH-Wert<\/td>\n<td>3.5-5.5<\/td>\n<\/tr>\n<tr>\n<td>Schmelzpunkt \u2103<\/td>\n<td>110.0-115.0<\/td>\n<\/tr>\n<tr>\n<td>Trocknungsverlust %<\/td>\n<td>\u22641.0<\/td>\n<\/tr>\n<tr>\n<td>Kostenloser VC PPM<\/td>\n<td>\u226410<\/td>\n<\/tr>\n<tr>\n<td>Z\u00fcndungsr\u00fcckstand %<\/td>\n<td>&lt;0.1<\/td>\n<\/tr>\n<tr>\n<td>Schwermetalle PPM<\/td>\n<td>\u226420<\/td>\n<\/tr>\n<\/tbody>\n<\/table>\n<h2><strong>Verwendung von Ethyl-Ascorbins\u00e4ure<\/strong><\/h2>\n<ol>\n<li>Blockierung der Melaninbildung durch Hemmung ihrer Aktivit\u00e4t durch Cu2, das auf Tyrosinase wirkt<\/li>\n<li>Sehr effektiver Aufhellungs- und Sommersprossen-Effekt (wenn 2% hinzugef\u00fcgt wird)<\/li>\n<li>Entz\u00fcndungshemmend durch Sonnenlicht, starke antibakterielle und entz\u00fcndungshemmende Wirkung<\/li>\n<li>Verbessert die Hautstumpfheit und verleiht der Haut Elastizit\u00e4t<\/li>\n<li>Reparieren die Aktivit\u00e4t der Hautzellen und f\u00f6rdern die Kollagenproduktion<\/li>\n<li><strong>Kosmetika und Hautpflegeprodukte:<\/strong> Ethylascorbins\u00e4ure mit der CAS-Nummer 86404-04-8 wird h\u00e4ufig in Kosmetika und Hautpflegeprodukten verwendet. Sie dient als stabile Form von Vitamin C und tr\u00e4gt zur Formulierung von Produkten bei, die die Haut aufhellen und antioxidativ wirken.<\/li>\n<li><strong>Topische Formulierungen:<\/strong> Diese Verbindung findet Anwendung in topischen Formulierungen wie Seren, Cremes und Lotionen. Ethylascorbins\u00e4ure wird wegen ihrer hautpflegenden Eigenschaften und ihrer F\u00e4higkeit, die Kollagensynthese zu unterst\u00fctzen, verwendet.<\/li>\n<li><strong>Anti-Aging-Produkte:<\/strong> Ethylascorbins\u00e4ure wird h\u00e4ufig in Anti-Aging-Hautpflegeprodukten verwendet. Sie ist daf\u00fcr bekannt, dass sie das Auftreten von feinen Linien und Falten reduzieren kann und somit eine Anti-Aging-Wirkung hat.<\/li>\n<li><strong>Produkte zur Hautaufhellung:<\/strong> Bei der Formulierung von Produkten zur Hautaufhellung wird Ethylascorbins\u00e4ure verwendet, um Hyperpigmentierung zu bek\u00e4mpfen und einen gleichm\u00e4\u00dfigeren Hautton zu f\u00f6rdern.<\/li>\n<\/ol>\n<h2><strong>Ethyl-Ascorbins\u00e4ure Verpackung und Versand<\/strong><\/h2>\n<p>Verpackung:25kg\/Fass, 1kg\/Beutel<\/p>\n<h2><strong>Lagerung von Ethyl-Ascorbins\u00e4ure<\/strong><\/h2>\n<p>Es ist verboten, sie mit giftigen und sch\u00e4dlichen Substanzen zu mischen.<\/p>\n<p>Das Produkt hat eine gewisse Feuchtigkeitsaufnahme.<\/p>\n<p>Es sollte versiegelt bei niedriger Temperatur, trocken, k\u00fchl und bel\u00fcftet gelagert werden.<\/p>\n<p>Die Haltbarkeitsdauer betr\u00e4gt nicht mehr als 24 Monate.<\/p>\n<h2><strong><b>Kontaktieren Sie uns jetzt!<\/b><\/strong><\/h2>\n<p><strong><b>Wenn Sie COA, MSDS oder TDS ben\u00f6tigen, geben Sie bitte Ihre Kontaktinformationen in das untenstehende Formular ein. Wir werden uns in der Regel innerhalb von 24 Stunden mit Ihnen in Verbindung setzen. Sie k\u00f6nnen mir auch eine E-Mail schicken <span style=\"color: #0000ff;\"><a style=\"color: #0000ff;\" href=\"mailto:info@longchangchemical.com\">info@longchangchemical.com<\/a><\/span> w\u00e4hrend der Gesch\u00e4ftszeiten ( 8:30 bis 18:00 Uhr UTC+8 Mo.~Sa. ) oder nutzen Sie den Live-Chat auf der Website, um eine schnelle Antwort zu erhalten.<\/b><\/strong><\/p>","protected":false},"excerpt":{"rendered":"<h2><strong>Ethyl-Ascorbins\u00e4ure Details<\/strong><\/h2>\n<p>Chemische Bezeichnung:Ethyl-Ascorbins\u00e4ure<\/p>\n<p>CAS-Nr.: 86404-04-8<\/p>\n<p>Molekulare Formel: C8H12O6<\/p>\n<p>Molekulargewicht: 204.18<\/p>\n<p>MolekulareStruktur:<img decoding=\"async\" title=\"Ethyl-Ascorbins\u00e4ure CAS 86404-04-8\" src=\"https:\/\/www.longchangchemical.com\/wp-content\/uploads\/product-details\/20200609281786.png\" alt=\"Ethyl-Ascorbins\u00e4ure CAS 86404-04-8\" \/><\/p>\n<p>Erscheinungsbild: Wei\u00dfes oder fast wei\u00dfes kristallines Pulver<\/p>","protected":false},"featured_media":6464,"comment_status":"open","ping_status":"closed","template":"","meta":[],"product_brand":[],"product_cat":[147,69],"product_tag":[],"class_list":{"0":"post-4229","1":"product","2":"type-product","3":"status-publish","4":"has-post-thumbnail","6":"product_cat-fluorine-surfactant","7":"product_cat-catalysts-chemical-auxiliary-agents","9":"first","10":"instock","11":"shipping-taxable","12":"product-type-simple"},"yoast_head":"<!-- This site is optimized with the Yoast SEO plugin v25.3.1 - https:\/\/yoast.com\/wordpress\/plugins\/seo\/ -->\n<title>China Ethyl Ascorbic acid Manufacturer CAS 86404-04-8 -Longchang Chemical<\/title>\n<meta name=\"description\" content=\"ethyl ascorbic acid cas 86404-04-8 is key product of Longchang Chemical. We provide best price. We are the leading manufacturer and supplier in China with the best quanlity and competitive price.\" \/>\n<meta name=\"robots\" content=\"index, follow, max-snippet:-1, max-image-preview:large, max-video-preview:-1\" \/>\n<link rel=\"canonical\" href=\"https:\/\/longchangchemical.com\/de\/product\/ethyl-ascorbic-acid-cas-86404-04-8\/\" \/>\n<meta property=\"og:locale\" content=\"de_DE\" \/>\n<meta property=\"og:type\" content=\"article\" \/>\n<meta property=\"og:title\" content=\"China Ethyl Ascorbic acid Manufacturer CAS 86404-04-8 -Longchang Chemical\" \/>\n<meta property=\"og:description\" content=\"ethyl ascorbic acid cas 86404-04-8 is key product of Longchang Chemical. We provide best price. We are the leading manufacturer and supplier in China with the best quanlity and competitive price.\" \/>\n<meta property=\"og:url\" content=\"https:\/\/longchangchemical.com\/de\/product\/ethyl-ascorbic-acid-cas-86404-04-8\/\" \/>\n<meta property=\"og:site_name\" content=\"Longchang Chemical\" \/>\n<meta property=\"article:modified_time\" content=\"2025-12-19T09:51:57+00:00\" \/>\n<meta property=\"og:image\" content=\"https:\/\/longchangchemical.com\/wp-content\/uploads\/2021\/01\/4-4.jpg\" \/>\n\t<meta property=\"og:image:width\" content=\"800\" \/>\n\t<meta property=\"og:image:height\" content=\"800\" \/>\n\t<meta property=\"og:image:type\" content=\"image\/jpeg\" \/>\n<meta name=\"twitter:card\" content=\"summary_large_image\" \/>\n<script type=\"application\/ld+json\" class=\"yoast-schema-graph\">{\"@context\":\"https:\/\/schema.org\",\"@graph\":[{\"@type\":\"WebPage\",\"@id\":\"https:\/\/longchangchemical.com\/product\/ethyl-ascorbic-acid-cas-86404-04-8\/\",\"url\":\"https:\/\/longchangchemical.com\/product\/ethyl-ascorbic-acid-cas-86404-04-8\/\",\"name\":\"China Ethyl Ascorbic acid Manufacturer CAS 86404-04-8 -Longchang Chemical\",\"isPartOf\":{\"@id\":\"https:\/\/longchangchemical.com\/#website\"},\"primaryImageOfPage\":{\"@id\":\"https:\/\/longchangchemical.com\/product\/ethyl-ascorbic-acid-cas-86404-04-8\/#primaryimage\"},\"image\":{\"@id\":\"https:\/\/longchangchemical.com\/product\/ethyl-ascorbic-acid-cas-86404-04-8\/#primaryimage\"},\"thumbnailUrl\":\"https:\/\/longchangchemical.com\/wp-content\/uploads\/2021\/01\/4-4.jpg\",\"datePublished\":\"2024-01-15T07:42:17+00:00\",\"dateModified\":\"2025-12-19T09:51:57+00:00\",\"description\":\"ethyl ascorbic acid cas 86404-04-8 is key product of Longchang Chemical. We provide best price. We are the leading manufacturer and supplier in China with the best quanlity and competitive price.\",\"breadcrumb\":{\"@id\":\"https:\/\/longchangchemical.com\/product\/ethyl-ascorbic-acid-cas-86404-04-8\/#breadcrumb\"},\"inLanguage\":\"de\",\"potentialAction\":[{\"@type\":\"ReadAction\",\"target\":[\"https:\/\/longchangchemical.com\/product\/ethyl-ascorbic-acid-cas-86404-04-8\/\"]}]},{\"@type\":\"ImageObject\",\"inLanguage\":\"de\",\"@id\":\"https:\/\/longchangchemical.com\/product\/ethyl-ascorbic-acid-cas-86404-04-8\/#primaryimage\",\"url\":\"https:\/\/longchangchemical.com\/wp-content\/uploads\/2021\/01\/4-4.jpg\",\"contentUrl\":\"https:\/\/longchangchemical.com\/wp-content\/uploads\/2021\/01\/4-4.jpg\",\"width\":800,\"height\":800,\"caption\":\"ethyl ascorbic acid cas 86404-04-8\"},{\"@type\":\"BreadcrumbList\",\"@id\":\"https:\/\/longchangchemical.com\/product\/ethyl-ascorbic-acid-cas-86404-04-8\/#breadcrumb\",\"itemListElement\":[{\"@type\":\"ListItem\",\"position\":1,\"name\":\"Home\",\"item\":\"https:\/\/longchangchemical.com\/\"},{\"@type\":\"ListItem\",\"position\":2,\"name\":\"Products Longchang\",\"item\":\"https:\/\/longchangchemical.com\/product\/\"},{\"@type\":\"ListItem\",\"position\":3,\"name\":\"CHLUMICRYL\u00ae ethyl ascorbic acid cas 86404-04-8\"}]},{\"@type\":\"WebSite\",\"@id\":\"https:\/\/longchangchemical.com\/#website\",\"url\":\"https:\/\/longchangchemical.com\/\",\"name\":\"Longchang Chemical\",\"description\":\"China chemical manufacturer \uff06 supplier\",\"publisher\":{\"@id\":\"https:\/\/longchangchemical.com\/#organization\"},\"potentialAction\":[{\"@type\":\"SearchAction\",\"target\":{\"@type\":\"EntryPoint\",\"urlTemplate\":\"https:\/\/longchangchemical.com\/?s={search_term_string}\"},\"query-input\":{\"@type\":\"PropertyValueSpecification\",\"valueRequired\":true,\"valueName\":\"search_term_string\"}}],\"inLanguage\":\"de\"},{\"@type\":\"Organization\",\"@id\":\"https:\/\/longchangchemical.com\/#organization\",\"name\":\"Longchang Chemical\",\"url\":\"https:\/\/longchangchemical.com\/\",\"logo\":{\"@type\":\"ImageObject\",\"inLanguage\":\"de\",\"@id\":\"https:\/\/longchangchemical.com\/#\/schema\/logo\/image\/\",\"url\":\"https:\/\/longchangchemical.com\/wp-content\/uploads\/2020\/08\/cropped-longchang-logo.png\",\"contentUrl\":\"https:\/\/longchangchemical.com\/wp-content\/uploads\/2020\/08\/cropped-longchang-logo.png\",\"width\":512,\"height\":512,\"caption\":\"Longchang Chemical\"},\"image\":{\"@id\":\"https:\/\/longchangchemical.com\/#\/schema\/logo\/image\/\"}}]}<\/script>\n<!-- \/ Yoast SEO plugin. -->","yoast_head_json":{"title":"China Ethyl Ascorbins\u00e4ure Hersteller CAS 86404-04-8 -Longchang Chemical","description":"Ethylascorbins\u00e4ure cas 86404-04-8 ist ein Schl\u00fcsselprodukt von Longchang Chemical. Wir bieten besten Preis. Wir sind der f\u00fchrende Hersteller und Lieferant in China mit dem besten quanlity und konkurrenzf\u00e4higen Preis.","robots":{"index":"index","follow":"follow","max-snippet":"max-snippet:-1","max-image-preview":"max-image-preview:large","max-video-preview":"max-video-preview:-1"},"canonical":"https:\/\/longchangchemical.com\/de\/product\/ethyl-ascorbic-acid-cas-86404-04-8\/","og_locale":"de_DE","og_type":"article","og_title":"China Ethyl Ascorbic acid Manufacturer CAS 86404-04-8 -Longchang Chemical","og_description":"ethyl ascorbic acid cas 86404-04-8 is key product of Longchang Chemical. We provide best price. We are the leading manufacturer and supplier in China with the best quanlity and competitive price.","og_url":"https:\/\/longchangchemical.com\/de\/product\/ethyl-ascorbic-acid-cas-86404-04-8\/","og_site_name":"Longchang Chemical","article_modified_time":"2025-12-19T09:51:57+00:00","og_image":[{"width":800,"height":800,"url":"https:\/\/longchangchemical.com\/wp-content\/uploads\/2021\/01\/4-4.jpg","type":"image\/jpeg"}],"twitter_card":"summary_large_image","schema":{"@context":"https:\/\/schema.org","@graph":[{"@type":"WebPage","@id":"https:\/\/longchangchemical.com\/product\/ethyl-ascorbic-acid-cas-86404-04-8\/","url":"https:\/\/longchangchemical.com\/product\/ethyl-ascorbic-acid-cas-86404-04-8\/","name":"China Ethyl Ascorbins\u00e4ure Hersteller CAS 86404-04-8 -Longchang Chemical","isPartOf":{"@id":"https:\/\/longchangchemical.com\/#website"},"primaryImageOfPage":{"@id":"https:\/\/longchangchemical.com\/product\/ethyl-ascorbic-acid-cas-86404-04-8\/#primaryimage"},"image":{"@id":"https:\/\/longchangchemical.com\/product\/ethyl-ascorbic-acid-cas-86404-04-8\/#primaryimage"},"thumbnailUrl":"https:\/\/longchangchemical.com\/wp-content\/uploads\/2021\/01\/4-4.jpg","datePublished":"2024-01-15T07:42:17+00:00","dateModified":"2025-12-19T09:51:57+00:00","description":"Ethylascorbins\u00e4ure cas 86404-04-8 ist ein Schl\u00fcsselprodukt von Longchang Chemical. Wir bieten besten Preis. Wir sind der f\u00fchrende Hersteller und Lieferant in China mit dem besten quanlity und konkurrenzf\u00e4higen Preis.","breadcrumb":{"@id":"https:\/\/longchangchemical.com\/product\/ethyl-ascorbic-acid-cas-86404-04-8\/#breadcrumb"},"inLanguage":"de","potentialAction":[{"@type":"ReadAction","target":["https:\/\/longchangchemical.com\/product\/ethyl-ascorbic-acid-cas-86404-04-8\/"]}]},{"@type":"ImageObject","inLanguage":"de","@id":"https:\/\/longchangchemical.com\/product\/ethyl-ascorbic-acid-cas-86404-04-8\/#primaryimage","url":"https:\/\/longchangchemical.com\/wp-content\/uploads\/2021\/01\/4-4.jpg","contentUrl":"https:\/\/longchangchemical.com\/wp-content\/uploads\/2021\/01\/4-4.jpg","width":800,"height":800,"caption":"ethyl ascorbic acid cas 86404-04-8"},{"@type":"BreadcrumbList","@id":"https:\/\/longchangchemical.com\/product\/ethyl-ascorbic-acid-cas-86404-04-8\/#breadcrumb","itemListElement":[{"@type":"ListItem","position":1,"name":"Home","item":"https:\/\/longchangchemical.com\/"},{"@type":"ListItem","position":2,"name":"Products Longchang","item":"https:\/\/longchangchemical.com\/product\/"},{"@type":"ListItem","position":3,"name":"CHLUMICRYL\u00ae ethyl ascorbic acid cas 86404-04-8"}]},{"@type":"WebSite","@id":"https:\/\/longchangchemical.com\/#website","url":"https:\/\/longchangchemical.com\/","name":"Longchang Chemical","description":"China Hersteller von Chemikalien \uff06 Lieferant","publisher":{"@id":"https:\/\/longchangchemical.com\/#organization"},"potentialAction":[{"@type":"SearchAction","target":{"@type":"EntryPoint","urlTemplate":"https:\/\/longchangchemical.com\/?s={search_term_string}"},"query-input":{"@type":"PropertyValueSpecification","valueRequired":true,"valueName":"search_term_string"}}],"inLanguage":"de"},{"@type":"Organization","@id":"https:\/\/longchangchemical.com\/#organization","name":"Longchang Chemical","url":"https:\/\/longchangchemical.com\/","logo":{"@type":"ImageObject","inLanguage":"de","@id":"https:\/\/longchangchemical.com\/#\/schema\/logo\/image\/","url":"https:\/\/longchangchemical.com\/wp-content\/uploads\/2020\/08\/cropped-longchang-logo.png","contentUrl":"https:\/\/longchangchemical.com\/wp-content\/uploads\/2020\/08\/cropped-longchang-logo.png","width":512,"height":512,"caption":"Longchang Chemical"},"image":{"@id":"https:\/\/longchangchemical.com\/#\/schema\/logo\/image\/"}}]}},"_links":{"self":[{"href":"https:\/\/longchangchemical.com\/de\/wp-json\/wp\/v2\/product\/4229","targetHints":{"allow":["GET"]}}],"collection":[{"href":"https:\/\/longchangchemical.com\/de\/wp-json\/wp\/v2\/product"}],"about":[{"href":"https:\/\/longchangchemical.com\/de\/wp-json\/wp\/v2\/types\/product"}],"replies":[{"embeddable":true,"href":"https:\/\/longchangchemical.com\/de\/wp-json\/wp\/v2\/comments?post=4229"}],"wp:featuredmedia":[{"embeddable":true,"href":"https:\/\/longchangchemical.com\/de\/wp-json\/wp\/v2\/media\/6464"}],"wp:attachment":[{"href":"https:\/\/longchangchemical.com\/de\/wp-json\/wp\/v2\/media?parent=4229"}],"wp:term":[{"taxonomy":"product_brand","embeddable":true,"href":"https:\/\/longchangchemical.com\/de\/wp-json\/wp\/v2\/product_brand?post=4229"},{"taxonomy":"product_cat","embeddable":true,"href":"https:\/\/longchangchemical.com\/de\/wp-json\/wp\/v2\/product_cat?post=4229"},{"taxonomy":"product_tag","embeddable":true,"href":"https:\/\/longchangchemical.com\/de\/wp-json\/wp\/v2\/product_tag?post=4229"}],"curies":[{"name":"wp","href":"https:\/\/api.w.org\/{rel}","templated":true}]}}