{"id":4228,"date":"2021-04-09T08:58:42","date_gmt":"2021-04-09T08:58:42","guid":{"rendered":"https:\/\/longchangchemical.com\/?post_type=product&#038;p=4228"},"modified":"2026-05-08T02:59:34","modified_gmt":"2026-05-08T02:59:34","slug":"sodium-ascorbyl-phosphate","status":"publish","type":"product","link":"https:\/\/longchangchemical.com\/de\/product\/sodium-ascorbyl-phosphate\/","title":{"rendered":"Natrium-L-Ascorbyl-2-phosphat (Natriumascorbylphosphat) CAS 66170-10-3"},"content":{"rendered":"<h2><strong>Natrium-L-Ascorbyl-2-phosphat (Natriumascorbylphosphat) CAS 66170-10-3<\/strong><\/h2>\n<table class=\"table-1\" cellspacing=\"0\">\n<tbody>\n<tr>\n<td>\n<h4><strong>Artikel<\/strong><\/h4>\n<\/td>\n<td>\n<h4><strong>Spezifikationen<\/strong><\/h4>\n<\/td>\n<\/tr>\n<tr>\n<td>\n<h4>Erscheinungsbild<\/h4>\n<\/td>\n<td>\n<h4>Dieses Produkt ist ein wei\u00dfes oder gebrochen wei\u00dfes Pulver<\/h4>\n<\/td>\n<\/tr>\n<tr>\n<td>\n<h4>Identifizierung<\/h4>\n<\/td>\n<td>\n<h4>Das Infrarot-Absorptionsspektrum dieses Produkts sollte mit der Karte des Referenzprodukts Vitamin-C-Natriumphosphat \u00fcbereinstimmen.<\/h4>\n<\/td>\n<\/tr>\n<tr>\n<td>\n<h4>PH-Wert<\/h4>\n<\/td>\n<td>\n<h4>8.0~10.0<\/h4>\n<\/td>\n<\/tr>\n<tr>\n<td>\n<h4>Kl\u00e4rungsgrad der L\u00f6sung<\/h4>\n<\/td>\n<td>\n<h4>3% die w\u00e4ssrige L\u00f6sung der Probe sollte gekl\u00e4rt und fast farblos sein<\/h4>\n<\/td>\n<\/tr>\n<tr>\n<td>\n<h4>Verlust beim Trocknen<\/h4>\n<\/td>\n<td>\n<h4>\u226410.0%<\/h4>\n<\/td>\n<\/tr>\n<tr>\n<td>\n<h4>Schwermetall<\/h4>\n<\/td>\n<td>\n<h4>\u22640,001%<\/h4>\n<\/td>\n<\/tr>\n<tr>\n<td>\n<h4>Gehalt (C6H6O9Na3P)<\/h4>\n<\/td>\n<td>\n<h4>\u226598.0%<\/h4>\n<\/td>\n<\/tr>\n<\/tbody>\n<\/table>\n<h2><\/h2>\n<h2><strong>Natrium-L-Ascorbyl-2-phosphat\/Natrium-Ascorbylphosphat (SAP) Verwendung<\/strong><\/h2>\n<h4>1. L-Ascorbins\u00e4ure-2-phosphat-Trinatriumsalz kann als katalytisches Substrat f\u00fcr alkalische Phosphatase verwendet werden. Alkalische Phosphatase (ALP) ist ein wichtiger Biomarker, dessen abnorme Expression mit vielen Krankheiten wie Brustkrebs, Prostatakrebs, Knochenerkrankungen, Diabetes und Leberfunktionsst\u00f6rungen in Verbindung gebracht wird. Der quantitative Nachweis von ALP im Serum kann bei der Diagnose der entsprechenden Krankheiten helfen. Die Spektralanalyse wird aufgrund ihrer Einfachheit und schnellen Reaktion h\u00e4ufig f\u00fcr den ALP-Nachweis verwendet. Die herk\u00f6mmliche Spektroskopie, die auf einem einzigen Material und einem einzigen kolorimetrischen oder Fluoreszenz-Ausgangssignal basiert, hat jedoch eine schlechte Anti-Interferenz-F\u00e4higkeit und eine geringe Genauigkeit und kann nur schwer f\u00fcr den Nachweis von Zielen in komplexen Proben verwendet werden. Mit dem Fortschritt der Nanotechnologie wurden verschiedene kolorimetrische ALP-Sensormethoden auf der Grundlage von Nano-Gold und Nano-Silber entwickelt, aber die Empfindlichkeit dieser Methoden muss noch verbessert werden; schwache Ver\u00e4nderungen der H\u00fclle von Kern-Schale-Nanopartikeln k\u00f6nnen erhebliche Ver\u00e4nderungen verursachen. Das Auftreten von Spektral- und Farbver\u00e4nderungen bietet die M\u00f6glichkeit, die Empfindlichkeit des kolorimetrischen Nachweises weiter zu verbessern.<\/h4>\n<h4>2. Studien haben ein Zweikanal-Nachweisverfahren f\u00fcr die Aktivit\u00e4t der alkalischen Phosphatase geliefert. Das Prinzip ist, dass alkalische Phosphatase die Hydrolyse ihres Substrats L-Ascorbins\u00e4ure-2-phosphat-Trinatriumsalz (AAP) katalysiert, um reduzierende Ascorbins\u00e4ure zu erzeugen. Ascorbins\u00e4ure reduziert das Torun-Reagenz, um ein Silberelement zu erzeugen, und lagert sich auf der Oberfl\u00e4che von Nano-Gold ab, um Au@AgNPs zu bilden, was zu Ver\u00e4nderungen der Farbe und des Absorptionsspektrums der L\u00f6sung f\u00fchrt; au\u00dferdem k\u00f6nnen die erzeugten Au@AgNPs die Fluoreszenz von Graphen-Quantenpunkten (GQDs) wirksam l\u00f6schen. Dies f\u00fchrt zu einer Ver\u00e4nderung der Fluoreszenzintensit\u00e4t der L\u00f6sung. Auf diese Weise kann die kolorimetrische und fluoreszierende Zweikanalmessung der Aktivit\u00e4t der alkalischen Phosphatase durch gleichzeitige \u00c4nderungen der L\u00f6sungsfarbe, der Absorption und der Fluoreszenzintensit\u00e4t realisiert werden.<\/h4>\n<h4>3. L-Ascorbins\u00e4ure-2-phosphat-Trinatriumsalz kann auch f\u00fcr die Herstellung eines photoelektrochemischen Parathion-Sensors verwendet werden. Er geh\u00f6rt zum technischen Bereich der neuen nano-funktionalen Materialien und Biosensoren. Zun\u00e4chst wurde ein neuartiges zweidimensionales nano-photosensitives Material Mn-MoO3\/TiO2@g-C3N4 hergestellt. Aufgrund der guten Biokompatibilit\u00e4t und der gro\u00dfen spezifischen Oberfl\u00e4che des Materials wurde es mit Parathion-Antik\u00f6rpern beladen und dann durch Glutaraldehyd geleitet. Die Quervernetzung fixiert die alkalische Phosphatase. W\u00e4hrend des Nachweises kann die alkalische Phosphatase L-Ascorbins\u00e4ure-2-phosphat-Trinatriumsalz AAP katalysieren, um L-Ascorbins\u00e4ure AA in situ zu produzieren, und dann Elektronendonatoren f\u00fcr den photoelektrischen Nachweis bereitstellen. Wiederverwendung der Wirkung der spezifischen quantitativen Bindung von Antik\u00f6rper und Antigen auf die Elektronentransportf\u00e4higkeit, so dass die Photostromintensit\u00e4t entsprechend reduziert wird, und schlie\u00dflich ein kosteng\u00fcnstiger, hochempfindlicher, gut spezifischer, schneller Nachweis und eine einfache Vorbereitung f\u00fcr den Nachweis von Parathion-freien Nachweis Photoelektrochemischer Biosensor.<\/h4>\n<p>&nbsp;<\/p>\n<h2><strong>Natrium-L-Ascorbyl-2-phosphat\/Natrium-Ascorbylphosphat (SAP) Verpackung und Versand<\/strong><\/h2>\n<h4>Verpackung im Karton, innen versiegelt mit 1kg*20 Alufolienbeutel.<\/h4>\n<h4>Verpackung in Papiertrommel, innen versiegelt mit 1kg*20 Aluminiumfolienbeutel oder 20kg Plastikbeutel.<\/h4>\n<h4>Lieferung: Lieferung innerhalb von 2-3 Tagen nach Eingang der Zahlung.<\/h4>\n<p>&nbsp;<\/p>\n<h2><strong>Natrium-L-Ascorbyl-2-phosphat\/Natrium-Ascorbyl-Phosphat (SAP) Lagerung<\/strong><\/h2>\n<h4>Versiegelt und vor Licht gesch\u00fctzt und mit einer Haltbarkeit von 3 Jahren.<\/h4>\n<p>&nbsp;<\/p>\n<h2><strong>Produkte der gleichen Serie<\/strong><\/h2>\n<table style=\"border-collapse: collapse; width: 276.77pt;\" border=\"0\" width=\"369\" cellspacing=\"0\" cellpadding=\"0\">\n<tbody>\n<tr style=\"height: 14.25pt;\">\n<td style=\"height: 14.25pt; width: 195.75pt;\" width=\"261\" height=\"19\">\n<h4><span style=\"color: #000000;\">Natrium-Ascorbyl-Phosphat<\/span><\/h4>\n<\/td>\n<td style=\"width: 81.00pt;\" width=\"108\">\n<h4><span style=\"color: #000000;\">66170-10-3<\/span><\/h4>\n<\/td>\n<\/tr>\n<tr style=\"height: 14.25pt;\">\n<td style=\"height: 14.25pt;\" height=\"19\">\n<h4><a href=\"https:\/\/longchangchemical.com\/de\/product\/magnesium-ascorbyl-phosphate\/\"><span style=\"color: #3366ff;\">Magnesium-Ascorbyl-Phosphat<\/span><\/a><\/h4>\n<\/td>\n<td>\n<h4><span style=\"color: #000000;\">113170-55-1<\/span><\/h4>\n<\/td>\n<\/tr>\n<\/tbody>\n<\/table>\n<h2><\/h2>\n<h2><strong><b>Kontaktieren Sie uns jetzt!<\/b><\/strong><\/h2>\n<h4><strong><b>Wenn Sie COA, MSDS oder TDS ben\u00f6tigen, geben Sie bitte Ihre Kontaktinformationen in das untenstehende Formular ein. Wir werden uns in der Regel innerhalb von 24 Stunden mit Ihnen in Verbindung setzen. Sie k\u00f6nnen mir auch eine E-Mail schicken <span style=\"color: #0000ff;\"><a style=\"color: #0000ff;\" href=\"mailto:info@longchangchemical.com\">info@longchangchemical.com<\/a><\/span> w\u00e4hrend der Gesch\u00e4ftszeiten ( 8:30 bis 18:00 Uhr UTC+8 Mo.~Sa. ) oder nutzen Sie den Live-Chat auf der Website, um eine schnelle Antwort zu erhalten.<\/b><\/strong><\/h4>","protected":false},"excerpt":{"rendered":"<h4>Chemische Bezeichnung: Natrium-L-Ascorbyl-2-phosphat (Natrium-Ascorbylphosphat)<\/h4>\n<h4>CAS-Nr.: 66170-10-3<\/h4>\n<h4>Summenformel:C6H6Na3O9P<\/h4>\n<h4>Molekulargewicht: 322,05<\/h4>\n<h4>Chemische Struktur:<img decoding=\"async\" title=\"Natrium-L-Ascorbyl-2-phosphat Struktur\" src=\"https:\/\/www.longchangchemical.com\/wp-content\/uploads\/product-details\/20200612232134.png\" alt=\"Natrium-L-Ascorbyl-2-phosphat Struktur\" width=\"154\" height=\"142\" border=\"0\" vspace=\"0\" \/><\/h4>\n<h4>\u00c4u\u00dferes Erscheinungsbild: Wei\u00dfes oder gebrochen wei\u00dfes Pulver<\/h4>\n<h4>Assay: 98.0%<\/h4>","protected":false},"featured_media":4488,"comment_status":"open","ping_status":"closed","template":"","meta":[],"product_brand":[],"product_cat":[113],"product_tag":[],"class_list":{"0":"post-4228","1":"product","2":"type-product","3":"status-publish","4":"has-post-thumbnail","6":"product_cat-organic-intermediate","8":"first","9":"instock","10":"shipping-taxable","11":"product-type-simple"},"yoast_head":"<!-- This site is optimized with the Yoast SEO plugin v25.3.1 - https:\/\/yoast.com\/wordpress\/plugins\/seo\/ -->\n<title>China Sodium Ascorbyl Phosphate Manufacturer \uff06 Supplier - Longchang chemical Co., Ltd.<\/title>\n<meta name=\"description\" content=\"Longchang Chemical is a leading manufacturer and supplier of Sodium Ascorbyl Phosphate in China. Buy Sodium Ascorbyl Phosphate in china. We can provide the best Sodium Ascorbyl Phosphate price.\" \/>\n<meta name=\"robots\" content=\"index, follow, max-snippet:-1, max-image-preview:large, max-video-preview:-1\" \/>\n<link rel=\"canonical\" href=\"https:\/\/longchangchemical.com\/de\/product\/sodium-ascorbyl-phosphate\/\" \/>\n<meta property=\"og:locale\" content=\"de_DE\" \/>\n<meta property=\"og:type\" content=\"article\" \/>\n<meta property=\"og:title\" content=\"China Sodium Ascorbyl Phosphate Manufacturer \uff06 Supplier - Longchang chemical Co., Ltd.\" \/>\n<meta property=\"og:description\" content=\"Longchang Chemical is a leading manufacturer and supplier of Sodium Ascorbyl Phosphate in China. Buy Sodium Ascorbyl Phosphate in china. We can provide the best Sodium Ascorbyl Phosphate price.\" \/>\n<meta property=\"og:url\" content=\"https:\/\/longchangchemical.com\/de\/product\/sodium-ascorbyl-phosphate\/\" \/>\n<meta property=\"og:site_name\" content=\"Longchang Chemical\" \/>\n<meta property=\"article:modified_time\" content=\"2026-05-08T02:59:34+00:00\" \/>\n<meta property=\"og:image\" content=\"https:\/\/longchangchemical.com\/wp-content\/uploads\/2021\/04\/Sodium-Ascorbyl-Phosphate-Appearance.jpg\" \/>\n\t<meta property=\"og:image:width\" content=\"600\" \/>\n\t<meta property=\"og:image:height\" content=\"800\" \/>\n\t<meta property=\"og:image:type\" content=\"image\/jpeg\" \/>\n<meta name=\"twitter:card\" content=\"summary_large_image\" \/>\n<script type=\"application\/ld+json\" class=\"yoast-schema-graph\">{\"@context\":\"https:\/\/schema.org\",\"@graph\":[{\"@type\":\"WebPage\",\"@id\":\"https:\/\/longchangchemical.com\/product\/sodium-ascorbyl-phosphate\/\",\"url\":\"https:\/\/longchangchemical.com\/product\/sodium-ascorbyl-phosphate\/\",\"name\":\"China Sodium Ascorbyl Phosphate Manufacturer \uff06 Supplier - Longchang chemical Co., Ltd.\",\"isPartOf\":{\"@id\":\"https:\/\/longchangchemical.com\/#website\"},\"primaryImageOfPage\":{\"@id\":\"https:\/\/longchangchemical.com\/product\/sodium-ascorbyl-phosphate\/#primaryimage\"},\"image\":{\"@id\":\"https:\/\/longchangchemical.com\/product\/sodium-ascorbyl-phosphate\/#primaryimage\"},\"thumbnailUrl\":\"https:\/\/longchangchemical.com\/wp-content\/uploads\/2021\/04\/Sodium-Ascorbyl-Phosphate-Appearance.jpg\",\"datePublished\":\"2021-04-09T08:58:42+00:00\",\"dateModified\":\"2026-05-08T02:59:34+00:00\",\"description\":\"Longchang Chemical is a leading manufacturer and supplier of Sodium Ascorbyl Phosphate in China. Buy Sodium Ascorbyl Phosphate in china. We can provide the best Sodium Ascorbyl Phosphate price.\",\"breadcrumb\":{\"@id\":\"https:\/\/longchangchemical.com\/product\/sodium-ascorbyl-phosphate\/#breadcrumb\"},\"inLanguage\":\"de\",\"potentialAction\":[{\"@type\":\"ReadAction\",\"target\":[\"https:\/\/longchangchemical.com\/product\/sodium-ascorbyl-phosphate\/\"]}]},{\"@type\":\"ImageObject\",\"inLanguage\":\"de\",\"@id\":\"https:\/\/longchangchemical.com\/product\/sodium-ascorbyl-phosphate\/#primaryimage\",\"url\":\"https:\/\/longchangchemical.com\/wp-content\/uploads\/2021\/04\/Sodium-Ascorbyl-Phosphate-Appearance.jpg\",\"contentUrl\":\"https:\/\/longchangchemical.com\/wp-content\/uploads\/2021\/04\/Sodium-Ascorbyl-Phosphate-Appearance.jpg\",\"width\":600,\"height\":800},{\"@type\":\"BreadcrumbList\",\"@id\":\"https:\/\/longchangchemical.com\/product\/sodium-ascorbyl-phosphate\/#breadcrumb\",\"itemListElement\":[{\"@type\":\"ListItem\",\"position\":1,\"name\":\"Home\",\"item\":\"https:\/\/longchangchemical.com\/\"},{\"@type\":\"ListItem\",\"position\":2,\"name\":\"Products Longchang\",\"item\":\"https:\/\/longchangchemical.com\/product\/\"},{\"@type\":\"ListItem\",\"position\":3,\"name\":\"Sodium l-ascorbyl-2-phosphate (sodium ascorbyl phosphate) CAS 66170-10-3\"}]},{\"@type\":\"WebSite\",\"@id\":\"https:\/\/longchangchemical.com\/#website\",\"url\":\"https:\/\/longchangchemical.com\/\",\"name\":\"Longchang Chemical\",\"description\":\"China chemical manufacturer \uff06 supplier\",\"publisher\":{\"@id\":\"https:\/\/longchangchemical.com\/#organization\"},\"potentialAction\":[{\"@type\":\"SearchAction\",\"target\":{\"@type\":\"EntryPoint\",\"urlTemplate\":\"https:\/\/longchangchemical.com\/?s={search_term_string}\"},\"query-input\":{\"@type\":\"PropertyValueSpecification\",\"valueRequired\":true,\"valueName\":\"search_term_string\"}}],\"inLanguage\":\"de\"},{\"@type\":\"Organization\",\"@id\":\"https:\/\/longchangchemical.com\/#organization\",\"name\":\"Longchang Chemical\",\"url\":\"https:\/\/longchangchemical.com\/\",\"logo\":{\"@type\":\"ImageObject\",\"inLanguage\":\"de\",\"@id\":\"https:\/\/longchangchemical.com\/#\/schema\/logo\/image\/\",\"url\":\"https:\/\/longchangchemical.com\/wp-content\/uploads\/2020\/08\/cropped-longchang-logo.png\",\"contentUrl\":\"https:\/\/longchangchemical.com\/wp-content\/uploads\/2020\/08\/cropped-longchang-logo.png\",\"width\":512,\"height\":512,\"caption\":\"Longchang Chemical\"},\"image\":{\"@id\":\"https:\/\/longchangchemical.com\/#\/schema\/logo\/image\/\"}}]}<\/script>\n<!-- \/ Yoast SEO plugin. -->","yoast_head_json":{"title":"China Natrium-Ascorbyl-Phosphat Hersteller \uff06 Lieferant - Longchang chemische Co., Ltd.","description":"Longchang Chemical ist ein f\u00fchrender Hersteller und Lieferant von Natriumascorbylphosphat in China. Kaufen Sie Natriumascorbylphosphat in China. Wir k\u00f6nnen die besten Natrium-Ascorbyl-Phosphat Preis bieten.","robots":{"index":"index","follow":"follow","max-snippet":"max-snippet:-1","max-image-preview":"max-image-preview:large","max-video-preview":"max-video-preview:-1"},"canonical":"https:\/\/longchangchemical.com\/de\/product\/sodium-ascorbyl-phosphate\/","og_locale":"de_DE","og_type":"article","og_title":"China Sodium Ascorbyl Phosphate Manufacturer \uff06 Supplier - Longchang chemical Co., Ltd.","og_description":"Longchang Chemical is a leading manufacturer and supplier of Sodium Ascorbyl Phosphate in China. Buy Sodium Ascorbyl Phosphate in china. We can provide the best Sodium Ascorbyl Phosphate price.","og_url":"https:\/\/longchangchemical.com\/de\/product\/sodium-ascorbyl-phosphate\/","og_site_name":"Longchang Chemical","article_modified_time":"2026-05-08T02:59:34+00:00","og_image":[{"width":600,"height":800,"url":"https:\/\/longchangchemical.com\/wp-content\/uploads\/2021\/04\/Sodium-Ascorbyl-Phosphate-Appearance.jpg","type":"image\/jpeg"}],"twitter_card":"summary_large_image","schema":{"@context":"https:\/\/schema.org","@graph":[{"@type":"WebPage","@id":"https:\/\/longchangchemical.com\/product\/sodium-ascorbyl-phosphate\/","url":"https:\/\/longchangchemical.com\/product\/sodium-ascorbyl-phosphate\/","name":"China Natrium-Ascorbyl-Phosphat Hersteller \uff06 Lieferant - Longchang chemische Co., Ltd.","isPartOf":{"@id":"https:\/\/longchangchemical.com\/#website"},"primaryImageOfPage":{"@id":"https:\/\/longchangchemical.com\/product\/sodium-ascorbyl-phosphate\/#primaryimage"},"image":{"@id":"https:\/\/longchangchemical.com\/product\/sodium-ascorbyl-phosphate\/#primaryimage"},"thumbnailUrl":"https:\/\/longchangchemical.com\/wp-content\/uploads\/2021\/04\/Sodium-Ascorbyl-Phosphate-Appearance.jpg","datePublished":"2021-04-09T08:58:42+00:00","dateModified":"2026-05-08T02:59:34+00:00","description":"Longchang Chemical ist ein f\u00fchrender Hersteller und Lieferant von Natriumascorbylphosphat in China. Kaufen Sie Natriumascorbylphosphat in China. Wir k\u00f6nnen die besten Natrium-Ascorbyl-Phosphat Preis bieten.","breadcrumb":{"@id":"https:\/\/longchangchemical.com\/product\/sodium-ascorbyl-phosphate\/#breadcrumb"},"inLanguage":"de","potentialAction":[{"@type":"ReadAction","target":["https:\/\/longchangchemical.com\/product\/sodium-ascorbyl-phosphate\/"]}]},{"@type":"ImageObject","inLanguage":"de","@id":"https:\/\/longchangchemical.com\/product\/sodium-ascorbyl-phosphate\/#primaryimage","url":"https:\/\/longchangchemical.com\/wp-content\/uploads\/2021\/04\/Sodium-Ascorbyl-Phosphate-Appearance.jpg","contentUrl":"https:\/\/longchangchemical.com\/wp-content\/uploads\/2021\/04\/Sodium-Ascorbyl-Phosphate-Appearance.jpg","width":600,"height":800},{"@type":"BreadcrumbList","@id":"https:\/\/longchangchemical.com\/product\/sodium-ascorbyl-phosphate\/#breadcrumb","itemListElement":[{"@type":"ListItem","position":1,"name":"Home","item":"https:\/\/longchangchemical.com\/"},{"@type":"ListItem","position":2,"name":"Products Longchang","item":"https:\/\/longchangchemical.com\/product\/"},{"@type":"ListItem","position":3,"name":"Sodium l-ascorbyl-2-phosphate (sodium ascorbyl phosphate) CAS 66170-10-3"}]},{"@type":"WebSite","@id":"https:\/\/longchangchemical.com\/#website","url":"https:\/\/longchangchemical.com\/","name":"Longchang Chemical","description":"China Hersteller von Chemikalien \uff06 Lieferant","publisher":{"@id":"https:\/\/longchangchemical.com\/#organization"},"potentialAction":[{"@type":"SearchAction","target":{"@type":"EntryPoint","urlTemplate":"https:\/\/longchangchemical.com\/?s={search_term_string}"},"query-input":{"@type":"PropertyValueSpecification","valueRequired":true,"valueName":"search_term_string"}}],"inLanguage":"de"},{"@type":"Organization","@id":"https:\/\/longchangchemical.com\/#organization","name":"Longchang Chemical","url":"https:\/\/longchangchemical.com\/","logo":{"@type":"ImageObject","inLanguage":"de","@id":"https:\/\/longchangchemical.com\/#\/schema\/logo\/image\/","url":"https:\/\/longchangchemical.com\/wp-content\/uploads\/2020\/08\/cropped-longchang-logo.png","contentUrl":"https:\/\/longchangchemical.com\/wp-content\/uploads\/2020\/08\/cropped-longchang-logo.png","width":512,"height":512,"caption":"Longchang Chemical"},"image":{"@id":"https:\/\/longchangchemical.com\/#\/schema\/logo\/image\/"}}]}},"_links":{"self":[{"href":"https:\/\/longchangchemical.com\/de\/wp-json\/wp\/v2\/product\/4228","targetHints":{"allow":["GET"]}}],"collection":[{"href":"https:\/\/longchangchemical.com\/de\/wp-json\/wp\/v2\/product"}],"about":[{"href":"https:\/\/longchangchemical.com\/de\/wp-json\/wp\/v2\/types\/product"}],"replies":[{"embeddable":true,"href":"https:\/\/longchangchemical.com\/de\/wp-json\/wp\/v2\/comments?post=4228"}],"wp:featuredmedia":[{"embeddable":true,"href":"https:\/\/longchangchemical.com\/de\/wp-json\/wp\/v2\/media\/4488"}],"wp:attachment":[{"href":"https:\/\/longchangchemical.com\/de\/wp-json\/wp\/v2\/media?parent=4228"}],"wp:term":[{"taxonomy":"product_brand","embeddable":true,"href":"https:\/\/longchangchemical.com\/de\/wp-json\/wp\/v2\/product_brand?post=4228"},{"taxonomy":"product_cat","embeddable":true,"href":"https:\/\/longchangchemical.com\/de\/wp-json\/wp\/v2\/product_cat?post=4228"},{"taxonomy":"product_tag","embeddable":true,"href":"https:\/\/longchangchemical.com\/de\/wp-json\/wp\/v2\/product_tag?post=4228"}],"curies":[{"name":"wp","href":"https:\/\/api.w.org\/{rel}","templated":true}]}}