{"id":4227,"date":"2021-04-08T10:26:18","date_gmt":"2021-04-08T10:26:18","guid":{"rendered":"https:\/\/longchangchemical.com\/?post_type=product&#038;p=4227"},"modified":"2026-05-08T02:59:34","modified_gmt":"2026-05-08T02:59:34","slug":"magnesium-ascorbyl-phosphate","status":"publish","type":"product","link":"https:\/\/longchangchemical.com\/de\/product\/magnesium-ascorbyl-phosphate\/","title":{"rendered":"Magnesiumascorbylphosphat CAS 113170-55-1"},"content":{"rendered":"<h2><strong>Magnesiumascorbylphosphat CAS 113170-55-1<\/strong><\/h2>\n<table class=\"table-1\">\n<tbody>\n<tr>\n<td>\n<h4>Artikel<\/h4>\n<\/td>\n<td>\n<h4>Spezifikationen<\/h4>\n<\/td>\n<\/tr>\n<tr>\n<td>\n<h4>Erscheinungsbild<\/h4>\n<\/td>\n<td>\n<h4>Wei\u00dfes bis blassgelbes Pulver<\/h4>\n<\/td>\n<\/tr>\n<tr>\n<td>\n<h4>Assay<\/h4>\n<\/td>\n<td>\n<h4>\u226598.5%<\/h4>\n<\/td>\n<\/tr>\n<tr>\n<td>\n<h4>Verlust beim Trocknen<\/h4>\n<\/td>\n<td>\n<h4>\u226420%<\/h4>\n<\/td>\n<\/tr>\n<tr>\n<td>\n<h4>(Pb)Heaby-Metall<\/h4>\n<\/td>\n<td>\n<h4>\u22640,001%<\/h4>\n<\/td>\n<\/tr>\n<tr>\n<td>\n<h4>Arsen<\/h4>\n<\/td>\n<td>\n<h4>\u22640,0002%<\/h4>\n<\/td>\n<\/tr>\n<tr>\n<td>\n<h4>PH-Wert (3% w\u00e4ssrige L\u00f6sung)<\/h4>\n<\/td>\n<td>\n<h4>7.0~8.5<\/h4>\n<\/td>\n<\/tr>\n<tr>\n<td>\n<h4>\uff08APHA\uff09Farbe der L\u00f6sung<\/h4>\n<\/td>\n<td>\n<h4>\u226470<\/h4>\n<\/td>\n<\/tr>\n<tr>\n<td>\n<h4>Freie Ascorbins\u00e4ure<\/h4>\n<\/td>\n<td>\n<h4>\u22640,5%<\/h4>\n<\/td>\n<\/tr>\n<tr>\n<td>\n<h4>Spezifische optische Drehung<\/h4>\n<\/td>\n<td>\n<h4>\u3010\u03b1\u3011D20= 43\u00b0- 50\u00b0<\/h4>\n<\/td>\n<\/tr>\n<tr>\n<td>\n<h4>Freie Phosphors\u00e4ure<\/h4>\n<\/td>\n<td>\n<h4>\u22641,0%<\/h4>\n<\/td>\n<\/tr>\n<tr>\n<td>\n<h4>Chlorid<\/h4>\n<\/td>\n<td>\n<h4>\u22640,35%<\/h4>\n<\/td>\n<\/tr>\n<tr>\n<td>\n<h4>(cfu\/g) Gesamtkeimzahl<\/h4>\n<\/td>\n<td>\n<h4>\u22641000 pro Gramm<\/h4>\n<\/td>\n<\/tr>\n<\/tbody>\n<\/table>\n<p>&nbsp;<\/p>\n<h2><strong>Verwendung von Magnesiumascorbylphosphat<\/strong><\/h2>\n<h4>1. Magnesiumascorbylphosphat kann als Antioxidans verwendet werden. Es kann in fetthaltigen Lebensmitteln, Speisefetten, hydrierten Pflanzen\u00f6len, Instantnudeln verwendet werden. Mittleres Ascorbins\u00e4ure-Messger\u00e4t).<\/h4>\n<h4>2. Magnesiumascorbylphosphat kann auch als N\u00e4hrstoffanreicherung in Lebensmitteln verwendet werden.<\/h4>\n<h4>3. Magnesiumascorbylphosphat wird als Futtermittelzusatzstoff verwendet<\/h4>\n<h4>4. Magnesiumascorbylphosphat kann die Tyrosinase-Aktivit\u00e4t hemmen, Melanin reduzieren und die Wirkung von Fleckenentfernung und Aufhellung haben.<\/h4>\n<h4>5. Magnesiumascorbylphosphat kann freie Sauerstoffradikale beseitigen, nachdem sie in den K\u00f6rper gelangt sind, und hat dadurch faltenentfernende und Anti-Aging-Funktionen.<\/h4>\n<h4>6. Magnesiumascorbylphosphat hat eine synergistische Wirkung mit Vitamin E.<\/h4>\n<p>&nbsp;<\/p>\n<h2><strong>Magnesium-Ascorbyl-Phosphat<\/strong><strong>\u00a0Verpackung und Versand<\/strong><\/h2>\n<h4>1 kg\/Aluminiumfolienbeutel 25 kg\/Fasertrommel<strong><br \/>\n<\/strong><\/h4>\n<p>&nbsp;<\/p>\n<h2><strong>Magnesium-Ascorbyl-Phosphat<\/strong><strong>\u00a0Lagerung<\/strong><\/h2>\n<h4>In einem k\u00fchlen, trockenen und verschlossenen Beh\u00e4lter vor Licht gesch\u00fctzt aufbewahren.<\/h4>\n<p>&nbsp;<\/p>\n<h2><strong>Produkte der gleichen Serie<\/strong><\/h2>\n<table style=\"border-collapse: collapse; width: 276.77pt;\" border=\"0\" width=\"369\" cellspacing=\"0\" cellpadding=\"0\">\n<tbody>\n<tr style=\"height: 14.25pt;\">\n<td style=\"height: 14.25pt; width: 195.75pt;\" width=\"261\" height=\"19\">\n<h4><a href=\"https:\/\/longchangchemical.com\/de\/product\/sodium-ascorbyl-phosphate\/\"><span style=\"color: #3366ff;\">Natrium-Ascorbyl-Phosphat<\/span><\/a><\/h4>\n<\/td>\n<td style=\"width: 81.00pt;\" width=\"108\">\n<h4>66170-10-3<\/h4>\n<\/td>\n<\/tr>\n<tr style=\"height: 14.25pt;\">\n<td style=\"height: 14.25pt;\" height=\"19\">\n<h4>Magnesium-Ascorbyl-Phosphat<\/h4>\n<\/td>\n<td>\n<h4>113170-55-1<\/h4>\n<\/td>\n<\/tr>\n<\/tbody>\n<\/table>\n<p>&nbsp;<\/p>\n<h2><strong><b>Kontaktieren Sie uns jetzt!<\/b><\/strong><\/h2>\n<h4><strong><b>Wenn Sie COA, MSDS oder TDS ben\u00f6tigen, geben Sie bitte Ihre Kontaktinformationen in das untenstehende Formular ein. Wir werden uns in der Regel innerhalb von 24 Stunden mit Ihnen in Verbindung setzen. Sie k\u00f6nnen mir auch eine E-Mail schicken <span style=\"color: #0000ff;\"><a style=\"color: #0000ff;\" href=\"mailto:info@longchangchemical.com\">info@longchangchemical.com<\/a><\/span> w\u00e4hrend der Gesch\u00e4ftszeiten ( 8:30 bis 18:00 Uhr UTC+8 Mo.~Sa. ) oder nutzen Sie den Live-Chat auf der Website, um eine schnelle Antwort zu erhalten.<\/b><\/strong><\/h4>","protected":false},"excerpt":{"rendered":"<h4>Chemische Bezeichnung: Magnesiumascorbylphosphat<\/h4>\n<h4>Andere Bezeichnung: Magnesium-L-Ascorbins\u00e4ure-2-phosphat<\/h4>\n<h4>CAS-Nr.: 113170-55-1<\/h4>\n<h4>Summenformel: C12H12O18P2Mg3.10H2O<\/h4>\n<h4>Chemische Struktur:<img decoding=\"async\" title=\"bild.png\" src=\"https:\/\/www.longchangchemical.com\/wp-content\/uploads\/product-details\/20200617223327.png\" alt=\"bild.png\" \/><\/h4>\n<h4>Molekulargewicht:759.22<\/h4>\n<h4>Aussehen:Wei\u00dfes bis blassgelbes Pulver<\/h4>\n<h4>Assay: 98.5%<\/h4>","protected":false},"featured_media":4486,"comment_status":"open","ping_status":"closed","template":"","meta":[],"product_brand":[],"product_cat":[69],"product_tag":[],"class_list":{"0":"post-4227","1":"product","2":"type-product","3":"status-publish","4":"has-post-thumbnail","6":"product_cat-catalysts-chemical-auxiliary-agents","8":"first","9":"instock","10":"shipping-taxable","11":"product-type-simple"},"yoast_head":"<!-- This site is optimized with the Yoast SEO plugin v25.3.1 - https:\/\/yoast.com\/wordpress\/plugins\/seo\/ -->\n<title>China Magnesium ascorbyl phosphate Manufacturer \uff06 Supplier - Longchang chemical Co., Ltd.<\/title>\n<meta name=\"description\" content=\"Longchang Chemical is a leading manufacturer and supplier of Magnesium ascorbyl phosphate in China. Buy Magnesium ascorbyl phosphate in china. We can provide the best Magnesium ascorbyl phosphate price.\" \/>\n<meta name=\"robots\" content=\"index, follow, max-snippet:-1, max-image-preview:large, max-video-preview:-1\" \/>\n<link rel=\"canonical\" href=\"https:\/\/longchangchemical.com\/de\/product\/magnesium-ascorbyl-phosphate\/\" \/>\n<meta property=\"og:locale\" content=\"de_DE\" \/>\n<meta property=\"og:type\" content=\"article\" \/>\n<meta property=\"og:title\" content=\"China Magnesium ascorbyl phosphate Manufacturer \uff06 Supplier - Longchang chemical Co., Ltd.\" \/>\n<meta property=\"og:description\" content=\"Longchang Chemical is a leading manufacturer and supplier of Magnesium ascorbyl phosphate in China. Buy Magnesium ascorbyl phosphate in china. We can provide the best Magnesium ascorbyl phosphate price.\" \/>\n<meta property=\"og:url\" content=\"https:\/\/longchangchemical.com\/de\/product\/magnesium-ascorbyl-phosphate\/\" \/>\n<meta property=\"og:site_name\" content=\"Longchang Chemical\" \/>\n<meta property=\"article:modified_time\" content=\"2026-05-08T02:59:34+00:00\" \/>\n<meta property=\"og:image\" content=\"https:\/\/longchangchemical.com\/wp-content\/uploads\/2021\/01\/Appearance-15.jpg\" \/>\n\t<meta property=\"og:image:width\" content=\"600\" \/>\n\t<meta property=\"og:image:height\" content=\"800\" \/>\n\t<meta property=\"og:image:type\" content=\"image\/jpeg\" \/>\n<meta name=\"twitter:card\" content=\"summary_large_image\" \/>\n<script type=\"application\/ld+json\" class=\"yoast-schema-graph\">{\"@context\":\"https:\/\/schema.org\",\"@graph\":[{\"@type\":\"WebPage\",\"@id\":\"https:\/\/longchangchemical.com\/product\/magnesium-ascorbyl-phosphate\/\",\"url\":\"https:\/\/longchangchemical.com\/product\/magnesium-ascorbyl-phosphate\/\",\"name\":\"China Magnesium ascorbyl phosphate Manufacturer \uff06 Supplier - Longchang chemical Co., Ltd.\",\"isPartOf\":{\"@id\":\"https:\/\/longchangchemical.com\/#website\"},\"primaryImageOfPage\":{\"@id\":\"https:\/\/longchangchemical.com\/product\/magnesium-ascorbyl-phosphate\/#primaryimage\"},\"image\":{\"@id\":\"https:\/\/longchangchemical.com\/product\/magnesium-ascorbyl-phosphate\/#primaryimage\"},\"thumbnailUrl\":\"https:\/\/longchangchemical.com\/wp-content\/uploads\/2021\/01\/Appearance-15.jpg\",\"datePublished\":\"2021-04-08T10:26:18+00:00\",\"dateModified\":\"2026-05-08T02:59:34+00:00\",\"description\":\"Longchang Chemical is a leading manufacturer and supplier of Magnesium ascorbyl phosphate in China. Buy Magnesium ascorbyl phosphate in china. We can provide the best Magnesium ascorbyl phosphate price.\",\"breadcrumb\":{\"@id\":\"https:\/\/longchangchemical.com\/product\/magnesium-ascorbyl-phosphate\/#breadcrumb\"},\"inLanguage\":\"de\",\"potentialAction\":[{\"@type\":\"ReadAction\",\"target\":[\"https:\/\/longchangchemical.com\/product\/magnesium-ascorbyl-phosphate\/\"]}]},{\"@type\":\"ImageObject\",\"inLanguage\":\"de\",\"@id\":\"https:\/\/longchangchemical.com\/product\/magnesium-ascorbyl-phosphate\/#primaryimage\",\"url\":\"https:\/\/longchangchemical.com\/wp-content\/uploads\/2021\/01\/Appearance-15.jpg\",\"contentUrl\":\"https:\/\/longchangchemical.com\/wp-content\/uploads\/2021\/01\/Appearance-15.jpg\",\"width\":600,\"height\":800,\"caption\":\"Magnesium ascorbyl phoshpate Appearance\"},{\"@type\":\"BreadcrumbList\",\"@id\":\"https:\/\/longchangchemical.com\/product\/magnesium-ascorbyl-phosphate\/#breadcrumb\",\"itemListElement\":[{\"@type\":\"ListItem\",\"position\":1,\"name\":\"Home\",\"item\":\"https:\/\/longchangchemical.com\/\"},{\"@type\":\"ListItem\",\"position\":2,\"name\":\"Products Longchang\",\"item\":\"https:\/\/longchangchemical.com\/product\/\"},{\"@type\":\"ListItem\",\"position\":3,\"name\":\"Magnesium ascorbyl phosphate CAS 113170-55-1\"}]},{\"@type\":\"WebSite\",\"@id\":\"https:\/\/longchangchemical.com\/#website\",\"url\":\"https:\/\/longchangchemical.com\/\",\"name\":\"Longchang Chemical\",\"description\":\"China chemical manufacturer \uff06 supplier\",\"publisher\":{\"@id\":\"https:\/\/longchangchemical.com\/#organization\"},\"potentialAction\":[{\"@type\":\"SearchAction\",\"target\":{\"@type\":\"EntryPoint\",\"urlTemplate\":\"https:\/\/longchangchemical.com\/?s={search_term_string}\"},\"query-input\":{\"@type\":\"PropertyValueSpecification\",\"valueRequired\":true,\"valueName\":\"search_term_string\"}}],\"inLanguage\":\"de\"},{\"@type\":\"Organization\",\"@id\":\"https:\/\/longchangchemical.com\/#organization\",\"name\":\"Longchang Chemical\",\"url\":\"https:\/\/longchangchemical.com\/\",\"logo\":{\"@type\":\"ImageObject\",\"inLanguage\":\"de\",\"@id\":\"https:\/\/longchangchemical.com\/#\/schema\/logo\/image\/\",\"url\":\"https:\/\/longchangchemical.com\/wp-content\/uploads\/2020\/08\/cropped-longchang-logo.png\",\"contentUrl\":\"https:\/\/longchangchemical.com\/wp-content\/uploads\/2020\/08\/cropped-longchang-logo.png\",\"width\":512,\"height\":512,\"caption\":\"Longchang Chemical\"},\"image\":{\"@id\":\"https:\/\/longchangchemical.com\/#\/schema\/logo\/image\/\"}}]}<\/script>\n<!-- \/ Yoast SEO plugin. -->","yoast_head_json":{"title":"China Magnesium-Ascorbyl-Phosphat Hersteller \uff06 Lieferant - Longchang chemische Co, Ltd.","description":"Longchang Chemical ist ein f\u00fchrender Hersteller und Lieferant von Magnesiumascorbylphosphat in China. Kaufen Sie Magnesiumascorbylphosphat in China. Wir k\u00f6nnen die besten Magnesiumascorbylphosphat Preis bieten.","robots":{"index":"index","follow":"follow","max-snippet":"max-snippet:-1","max-image-preview":"max-image-preview:large","max-video-preview":"max-video-preview:-1"},"canonical":"https:\/\/longchangchemical.com\/de\/product\/magnesium-ascorbyl-phosphate\/","og_locale":"de_DE","og_type":"article","og_title":"China Magnesium ascorbyl phosphate Manufacturer \uff06 Supplier - Longchang chemical Co., Ltd.","og_description":"Longchang Chemical is a leading manufacturer and supplier of Magnesium ascorbyl phosphate in China. Buy Magnesium ascorbyl phosphate in china. We can provide the best Magnesium ascorbyl phosphate price.","og_url":"https:\/\/longchangchemical.com\/de\/product\/magnesium-ascorbyl-phosphate\/","og_site_name":"Longchang Chemical","article_modified_time":"2026-05-08T02:59:34+00:00","og_image":[{"width":600,"height":800,"url":"https:\/\/longchangchemical.com\/wp-content\/uploads\/2021\/01\/Appearance-15.jpg","type":"image\/jpeg"}],"twitter_card":"summary_large_image","schema":{"@context":"https:\/\/schema.org","@graph":[{"@type":"WebPage","@id":"https:\/\/longchangchemical.com\/product\/magnesium-ascorbyl-phosphate\/","url":"https:\/\/longchangchemical.com\/product\/magnesium-ascorbyl-phosphate\/","name":"China Magnesium-Ascorbyl-Phosphat Hersteller \uff06 Lieferant - Longchang chemische Co, Ltd.","isPartOf":{"@id":"https:\/\/longchangchemical.com\/#website"},"primaryImageOfPage":{"@id":"https:\/\/longchangchemical.com\/product\/magnesium-ascorbyl-phosphate\/#primaryimage"},"image":{"@id":"https:\/\/longchangchemical.com\/product\/magnesium-ascorbyl-phosphate\/#primaryimage"},"thumbnailUrl":"https:\/\/longchangchemical.com\/wp-content\/uploads\/2021\/01\/Appearance-15.jpg","datePublished":"2021-04-08T10:26:18+00:00","dateModified":"2026-05-08T02:59:34+00:00","description":"Longchang Chemical ist ein f\u00fchrender Hersteller und Lieferant von Magnesiumascorbylphosphat in China. Kaufen Sie Magnesiumascorbylphosphat in China. Wir k\u00f6nnen die besten Magnesiumascorbylphosphat Preis bieten.","breadcrumb":{"@id":"https:\/\/longchangchemical.com\/product\/magnesium-ascorbyl-phosphate\/#breadcrumb"},"inLanguage":"de","potentialAction":[{"@type":"ReadAction","target":["https:\/\/longchangchemical.com\/product\/magnesium-ascorbyl-phosphate\/"]}]},{"@type":"ImageObject","inLanguage":"de","@id":"https:\/\/longchangchemical.com\/product\/magnesium-ascorbyl-phosphate\/#primaryimage","url":"https:\/\/longchangchemical.com\/wp-content\/uploads\/2021\/01\/Appearance-15.jpg","contentUrl":"https:\/\/longchangchemical.com\/wp-content\/uploads\/2021\/01\/Appearance-15.jpg","width":600,"height":800,"caption":"Magnesium ascorbyl phoshpate Appearance"},{"@type":"BreadcrumbList","@id":"https:\/\/longchangchemical.com\/product\/magnesium-ascorbyl-phosphate\/#breadcrumb","itemListElement":[{"@type":"ListItem","position":1,"name":"Home","item":"https:\/\/longchangchemical.com\/"},{"@type":"ListItem","position":2,"name":"Products Longchang","item":"https:\/\/longchangchemical.com\/product\/"},{"@type":"ListItem","position":3,"name":"Magnesium ascorbyl phosphate CAS 113170-55-1"}]},{"@type":"WebSite","@id":"https:\/\/longchangchemical.com\/#website","url":"https:\/\/longchangchemical.com\/","name":"Longchang Chemical","description":"China Hersteller von Chemikalien \uff06 Lieferant","publisher":{"@id":"https:\/\/longchangchemical.com\/#organization"},"potentialAction":[{"@type":"SearchAction","target":{"@type":"EntryPoint","urlTemplate":"https:\/\/longchangchemical.com\/?s={search_term_string}"},"query-input":{"@type":"PropertyValueSpecification","valueRequired":true,"valueName":"search_term_string"}}],"inLanguage":"de"},{"@type":"Organization","@id":"https:\/\/longchangchemical.com\/#organization","name":"Longchang Chemical","url":"https:\/\/longchangchemical.com\/","logo":{"@type":"ImageObject","inLanguage":"de","@id":"https:\/\/longchangchemical.com\/#\/schema\/logo\/image\/","url":"https:\/\/longchangchemical.com\/wp-content\/uploads\/2020\/08\/cropped-longchang-logo.png","contentUrl":"https:\/\/longchangchemical.com\/wp-content\/uploads\/2020\/08\/cropped-longchang-logo.png","width":512,"height":512,"caption":"Longchang Chemical"},"image":{"@id":"https:\/\/longchangchemical.com\/#\/schema\/logo\/image\/"}}]}},"_links":{"self":[{"href":"https:\/\/longchangchemical.com\/de\/wp-json\/wp\/v2\/product\/4227","targetHints":{"allow":["GET"]}}],"collection":[{"href":"https:\/\/longchangchemical.com\/de\/wp-json\/wp\/v2\/product"}],"about":[{"href":"https:\/\/longchangchemical.com\/de\/wp-json\/wp\/v2\/types\/product"}],"replies":[{"embeddable":true,"href":"https:\/\/longchangchemical.com\/de\/wp-json\/wp\/v2\/comments?post=4227"}],"wp:featuredmedia":[{"embeddable":true,"href":"https:\/\/longchangchemical.com\/de\/wp-json\/wp\/v2\/media\/4486"}],"wp:attachment":[{"href":"https:\/\/longchangchemical.com\/de\/wp-json\/wp\/v2\/media?parent=4227"}],"wp:term":[{"taxonomy":"product_brand","embeddable":true,"href":"https:\/\/longchangchemical.com\/de\/wp-json\/wp\/v2\/product_brand?post=4227"},{"taxonomy":"product_cat","embeddable":true,"href":"https:\/\/longchangchemical.com\/de\/wp-json\/wp\/v2\/product_cat?post=4227"},{"taxonomy":"product_tag","embeddable":true,"href":"https:\/\/longchangchemical.com\/de\/wp-json\/wp\/v2\/product_tag?post=4227"}],"curies":[{"name":"wp","href":"https:\/\/api.w.org\/{rel}","templated":true}]}}