{"id":4225,"date":"2024-01-15T07:52:54","date_gmt":"2024-01-15T07:52:54","guid":{"rendered":"https:\/\/longchangchemical.com\/?post_type=product&#038;p=4225"},"modified":"2025-12-18T07:25:51","modified_gmt":"2025-12-18T07:25:51","slug":"fructose-16-diphosphate-cas-488-69-7-1","status":"publish","type":"product","link":"https:\/\/longchangchemical.com\/de\/product\/fructose-16-diphosphate-cas-488-69-7-1\/","title":{"rendered":"Fruktose-1,6-diphosphat cas 488-69-7 (1)"},"content":{"rendered":"<h2><strong>Fructose-1,6-diphosphat Typische Eigenschaften<\/strong><\/h2>\n<table class=\"table-1\">\n<tbody>\n<tr>\n<td><strong>Artikel<\/strong><\/td>\n<td><strong>Spezifikationen<\/strong><\/td>\n<td><strong>Ergebnisse<\/strong><\/td>\n<\/tr>\n<tr>\n<td>Erscheinungsbild<\/td>\n<td>Wei\u00dfes kristallines oder kristallines Pulver<\/td>\n<td>Wei\u00df kristallin<\/td>\n<\/tr>\n<tr>\n<td colspan=\"3\">Identifizieren Sie<\/td>\n<\/tr>\n<tr>\n<td>TLC<\/td>\n<td>Sie m\u00fcssen in TLC-Flecken und Farbe \u00e4hnlich sein<\/td>\n<td>Entspricht<\/td>\n<\/tr>\n<tr>\n<td>Niederschlag<\/td>\n<td>positive Reaktion<\/td>\n<td>positive Reaktion<\/td>\n<\/tr>\n<tr>\n<td>Natriumsalz<\/td>\n<td>positive Reaktion<\/td>\n<td>positive Reaktion<\/td>\n<\/tr>\n<tr>\n<td>IR<\/td>\n<td>Muss mit paralleler Tabelle \u00e4hnlich sein<\/td>\n<td>Entspricht<\/td>\n<\/tr>\n<tr>\n<td colspan=\"3\">\u00dcberpr\u00fcfen Sie<\/td>\n<\/tr>\n<tr>\n<td>Granularit\u00e4t<\/td>\n<td>30<\/td>\n<td>Entspricht<\/td>\n<\/tr>\n<tr>\n<td>Azidit\u00e4t<\/td>\n<td>PH: 5.5\uff5e6.5<\/td>\n<td>6.01<\/td>\n<\/tr>\n<tr>\n<td>Erscheinungsbild der L\u00f6sung<\/td>\n<td>farblos<\/td>\n<td>Entspricht<\/td>\n<\/tr>\n<\/tbody>\n<\/table>\n<p>&nbsp;<\/p>\n<ol>\n<li><strong>Pharmazeutika:<\/strong> Fructose-1,6-Diphosphat mit der CAS-Nummer 488-69-7 wird h\u00e4ufig in der pharmazeutischen Industrie verwendet. Es dient als wichtiges Zwischenprodukt bei der Synthese bestimmter Arzneimittel und pharmazeutischer Formulierungen.<\/li>\n<li><strong>Biotechnologie:<\/strong> Diese Verbindung findet Anwendung in biotechnologischen Prozessen. Fructose-1,6-Diphosphat wird als Substrat in verschiedenen biochemischen und enzymatischen Reaktionen verwendet und tr\u00e4gt so zur Entwicklung biotechnologischer Produkte bei.<\/li>\n<li><strong>Medizinische Forschung:<\/strong> In der medizinischen Forschung wird Fructose-1,6-Diphosphat zur Untersuchung von Stoffwechselwegen und zellul\u00e4ren Prozessen eingesetzt. Es dient als wertvolles Instrument zur Aufkl\u00e4rung der Mechanismen, die bei physiologischen und pathologischen Zust\u00e4nden eine Rolle spielen.<\/li>\n<li><strong>Klinische Anwendungen:<\/strong> Fructose-1,6-Diphosphat wird auf seine m\u00f6glichen klinischen Anwendungen hin untersucht. Es wird auf seine Auswirkungen auf den Energiestoffwechsel und sein therapeutisches Potenzial bei verschiedenen Erkrankungen untersucht.<\/li>\n<\/ol>\n<h2><strong><b>Kontaktieren Sie uns jetzt!<\/b><\/strong><\/h2>\n<h4><strong><b>Wenn Sie COA, MSDS oder TDS ben\u00f6tigen, geben Sie bitte Ihre Kontaktinformationen in das untenstehende Formular ein. Wir werden uns in der Regel innerhalb von 24 Stunden mit Ihnen in Verbindung setzen. Sie k\u00f6nnen mir auch eine E-Mail schicken <span style=\"color: #0000ff;\"><a style=\"color: #0000ff;\" href=\"mailto:info@longchangchemical.com\">info@longchangchemical.com<\/a><\/span> w\u00e4hrend der Gesch\u00e4ftszeiten ( 8:30 bis 18:00 Uhr UTC+8 Mo.~Sa. ) oder nutzen Sie den Live-Chat auf der Website, um eine schnelle Antwort zu erhalten.<\/b><\/strong><\/h4>","protected":false},"excerpt":{"rendered":"<h2><strong>Fruktose-1,6-diphosphatSchnellinformationen<\/strong><\/h2>\n<p>Chemische Bezeichnung: Fruktose-1,6-diphosphat<\/p>\n<p>CAS-Nr.:488-69-7<\/p>\n<p>Summenformel:C6H14O12P2<\/p>\n<p>Chemische Struktur:<img decoding=\"async\" title=\"bild.png\" src=\"https:\/\/www.longchangchemical.com\/wp-content\/uploads\/product-details\/20200617006100.png\" alt=\"bild.png\" \/><\/p>\n<p>Molekulargewicht: 340.115682<\/p>\n<p>Erscheinungsbild: Wei\u00dfes kristallines oder kristallines Pulver<\/p>\n<p>Assay\uff1a98%min<\/p>","protected":false},"featured_media":6469,"comment_status":"open","ping_status":"closed","template":"","meta":[],"product_brand":[],"product_cat":[69],"product_tag":[],"class_list":{"0":"post-4225","1":"product","2":"type-product","3":"status-publish","4":"has-post-thumbnail","6":"product_cat-catalysts-chemical-auxiliary-agents","8":"first","9":"instock","10":"shipping-taxable","11":"product-type-simple"},"yoast_head":"<!-- This site is optimized with the Yoast SEO plugin v25.3.1 - https:\/\/yoast.com\/wordpress\/plugins\/seo\/ -->\n<title>China Fructose-1,6-diphosphate Manufacturer CAS 488-69-7 -Longchang Chemical<\/title>\n<meta name=\"description\" content=\"fructose-1,6-diphosphate cas 488-69-7 (1) is key product of Longchang Chemical. We provide best price. We are the leading manufacturer and supplier in China with the best quanlity and competitive price.\" \/>\n<meta name=\"robots\" content=\"index, follow, max-snippet:-1, max-image-preview:large, max-video-preview:-1\" \/>\n<link rel=\"canonical\" href=\"https:\/\/longchangchemical.com\/de\/product\/fructose-16-diphosphate-cas-488-69-7-1\/\" \/>\n<meta property=\"og:locale\" content=\"de_DE\" \/>\n<meta property=\"og:type\" content=\"article\" \/>\n<meta property=\"og:title\" content=\"China Fructose-1,6-diphosphate Manufacturer CAS 488-69-7 -Longchang Chemical\" \/>\n<meta property=\"og:description\" content=\"fructose-1,6-diphosphate cas 488-69-7 (1) is key product of Longchang Chemical. We provide best price. We are the leading manufacturer and supplier in China with the best quanlity and competitive price.\" \/>\n<meta property=\"og:url\" content=\"https:\/\/longchangchemical.com\/de\/product\/fructose-16-diphosphate-cas-488-69-7-1\/\" \/>\n<meta property=\"og:site_name\" content=\"Longchang Chemical\" \/>\n<meta property=\"article:modified_time\" content=\"2025-12-18T07:25:51+00:00\" \/>\n<meta property=\"og:image\" content=\"https:\/\/longchangchemical.com\/wp-content\/uploads\/2024\/01\/9-2.jpg\" \/>\n\t<meta property=\"og:image:width\" content=\"800\" \/>\n\t<meta property=\"og:image:height\" content=\"800\" \/>\n\t<meta property=\"og:image:type\" content=\"image\/jpeg\" \/>\n<meta name=\"twitter:card\" content=\"summary_large_image\" \/>\n<script type=\"application\/ld+json\" class=\"yoast-schema-graph\">{\"@context\":\"https:\/\/schema.org\",\"@graph\":[{\"@type\":\"WebPage\",\"@id\":\"https:\/\/longchangchemical.com\/product\/fructose-16-diphosphate-cas-488-69-7-1\/\",\"url\":\"https:\/\/longchangchemical.com\/product\/fructose-16-diphosphate-cas-488-69-7-1\/\",\"name\":\"China Fructose-1,6-diphosphate Manufacturer CAS 488-69-7 -Longchang Chemical\",\"isPartOf\":{\"@id\":\"https:\/\/longchangchemical.com\/#website\"},\"primaryImageOfPage\":{\"@id\":\"https:\/\/longchangchemical.com\/product\/fructose-16-diphosphate-cas-488-69-7-1\/#primaryimage\"},\"image\":{\"@id\":\"https:\/\/longchangchemical.com\/product\/fructose-16-diphosphate-cas-488-69-7-1\/#primaryimage\"},\"thumbnailUrl\":\"https:\/\/longchangchemical.com\/wp-content\/uploads\/2024\/01\/9-2.jpg\",\"datePublished\":\"2024-01-15T07:52:54+00:00\",\"dateModified\":\"2025-12-18T07:25:51+00:00\",\"description\":\"fructose-1,6-diphosphate cas 488-69-7 (1) is key product of Longchang Chemical. We provide best price. We are the leading manufacturer and supplier in China with the best quanlity and competitive price.\",\"breadcrumb\":{\"@id\":\"https:\/\/longchangchemical.com\/product\/fructose-16-diphosphate-cas-488-69-7-1\/#breadcrumb\"},\"inLanguage\":\"de\",\"potentialAction\":[{\"@type\":\"ReadAction\",\"target\":[\"https:\/\/longchangchemical.com\/product\/fructose-16-diphosphate-cas-488-69-7-1\/\"]}]},{\"@type\":\"ImageObject\",\"inLanguage\":\"de\",\"@id\":\"https:\/\/longchangchemical.com\/product\/fructose-16-diphosphate-cas-488-69-7-1\/#primaryimage\",\"url\":\"https:\/\/longchangchemical.com\/wp-content\/uploads\/2024\/01\/9-2.jpg\",\"contentUrl\":\"https:\/\/longchangchemical.com\/wp-content\/uploads\/2024\/01\/9-2.jpg\",\"width\":800,\"height\":800,\"caption\":\"fructose-1,6-diphosphate cas 488-69-7 (1)\"},{\"@type\":\"BreadcrumbList\",\"@id\":\"https:\/\/longchangchemical.com\/product\/fructose-16-diphosphate-cas-488-69-7-1\/#breadcrumb\",\"itemListElement\":[{\"@type\":\"ListItem\",\"position\":1,\"name\":\"Home\",\"item\":\"https:\/\/longchangchemical.com\/\"},{\"@type\":\"ListItem\",\"position\":2,\"name\":\"Products Longchang\",\"item\":\"https:\/\/longchangchemical.com\/product\/\"},{\"@type\":\"ListItem\",\"position\":3,\"name\":\"fructose-1,6-diphosphate cas 488-69-7 (1)\"}]},{\"@type\":\"WebSite\",\"@id\":\"https:\/\/longchangchemical.com\/#website\",\"url\":\"https:\/\/longchangchemical.com\/\",\"name\":\"Longchang Chemical\",\"description\":\"China chemical manufacturer \uff06 supplier\",\"publisher\":{\"@id\":\"https:\/\/longchangchemical.com\/#organization\"},\"potentialAction\":[{\"@type\":\"SearchAction\",\"target\":{\"@type\":\"EntryPoint\",\"urlTemplate\":\"https:\/\/longchangchemical.com\/?s={search_term_string}\"},\"query-input\":{\"@type\":\"PropertyValueSpecification\",\"valueRequired\":true,\"valueName\":\"search_term_string\"}}],\"inLanguage\":\"de\"},{\"@type\":\"Organization\",\"@id\":\"https:\/\/longchangchemical.com\/#organization\",\"name\":\"Longchang Chemical\",\"url\":\"https:\/\/longchangchemical.com\/\",\"logo\":{\"@type\":\"ImageObject\",\"inLanguage\":\"de\",\"@id\":\"https:\/\/longchangchemical.com\/#\/schema\/logo\/image\/\",\"url\":\"https:\/\/longchangchemical.com\/wp-content\/uploads\/2020\/08\/cropped-longchang-logo.png\",\"contentUrl\":\"https:\/\/longchangchemical.com\/wp-content\/uploads\/2020\/08\/cropped-longchang-logo.png\",\"width\":512,\"height\":512,\"caption\":\"Longchang Chemical\"},\"image\":{\"@id\":\"https:\/\/longchangchemical.com\/#\/schema\/logo\/image\/\"}}]}<\/script>\n<!-- \/ Yoast SEO plugin. -->","yoast_head_json":{"title":"China Fructose-1,6-diphosphat Hersteller CAS 488-69-7 -Longchang Chemical","description":"Fruktose-1,6-diphosphat cas 488-69-7 (1) ist ein Schl\u00fcsselprodukt von Longchang Chemical. Wir bieten besten Preis. Wir sind der f\u00fchrende Hersteller und Lieferant in China mit dem besten quanlity und konkurrenzf\u00e4higen Preis.","robots":{"index":"index","follow":"follow","max-snippet":"max-snippet:-1","max-image-preview":"max-image-preview:large","max-video-preview":"max-video-preview:-1"},"canonical":"https:\/\/longchangchemical.com\/de\/product\/fructose-16-diphosphate-cas-488-69-7-1\/","og_locale":"de_DE","og_type":"article","og_title":"China Fructose-1,6-diphosphate Manufacturer CAS 488-69-7 -Longchang Chemical","og_description":"fructose-1,6-diphosphate cas 488-69-7 (1) is key product of Longchang Chemical. We provide best price. We are the leading manufacturer and supplier in China with the best quanlity and competitive price.","og_url":"https:\/\/longchangchemical.com\/de\/product\/fructose-16-diphosphate-cas-488-69-7-1\/","og_site_name":"Longchang Chemical","article_modified_time":"2025-12-18T07:25:51+00:00","og_image":[{"width":800,"height":800,"url":"https:\/\/longchangchemical.com\/wp-content\/uploads\/2024\/01\/9-2.jpg","type":"image\/jpeg"}],"twitter_card":"summary_large_image","schema":{"@context":"https:\/\/schema.org","@graph":[{"@type":"WebPage","@id":"https:\/\/longchangchemical.com\/product\/fructose-16-diphosphate-cas-488-69-7-1\/","url":"https:\/\/longchangchemical.com\/product\/fructose-16-diphosphate-cas-488-69-7-1\/","name":"China Fructose-1,6-diphosphat Hersteller CAS 488-69-7 -Longchang Chemical","isPartOf":{"@id":"https:\/\/longchangchemical.com\/#website"},"primaryImageOfPage":{"@id":"https:\/\/longchangchemical.com\/product\/fructose-16-diphosphate-cas-488-69-7-1\/#primaryimage"},"image":{"@id":"https:\/\/longchangchemical.com\/product\/fructose-16-diphosphate-cas-488-69-7-1\/#primaryimage"},"thumbnailUrl":"https:\/\/longchangchemical.com\/wp-content\/uploads\/2024\/01\/9-2.jpg","datePublished":"2024-01-15T07:52:54+00:00","dateModified":"2025-12-18T07:25:51+00:00","description":"Fruktose-1,6-diphosphat cas 488-69-7 (1) ist ein Schl\u00fcsselprodukt von Longchang Chemical. Wir bieten besten Preis. Wir sind der f\u00fchrende Hersteller und Lieferant in China mit dem besten quanlity und konkurrenzf\u00e4higen Preis.","breadcrumb":{"@id":"https:\/\/longchangchemical.com\/product\/fructose-16-diphosphate-cas-488-69-7-1\/#breadcrumb"},"inLanguage":"de","potentialAction":[{"@type":"ReadAction","target":["https:\/\/longchangchemical.com\/product\/fructose-16-diphosphate-cas-488-69-7-1\/"]}]},{"@type":"ImageObject","inLanguage":"de","@id":"https:\/\/longchangchemical.com\/product\/fructose-16-diphosphate-cas-488-69-7-1\/#primaryimage","url":"https:\/\/longchangchemical.com\/wp-content\/uploads\/2024\/01\/9-2.jpg","contentUrl":"https:\/\/longchangchemical.com\/wp-content\/uploads\/2024\/01\/9-2.jpg","width":800,"height":800,"caption":"fructose-1,6-diphosphate cas 488-69-7 (1)"},{"@type":"BreadcrumbList","@id":"https:\/\/longchangchemical.com\/product\/fructose-16-diphosphate-cas-488-69-7-1\/#breadcrumb","itemListElement":[{"@type":"ListItem","position":1,"name":"Home","item":"https:\/\/longchangchemical.com\/"},{"@type":"ListItem","position":2,"name":"Products Longchang","item":"https:\/\/longchangchemical.com\/product\/"},{"@type":"ListItem","position":3,"name":"fructose-1,6-diphosphate cas 488-69-7 (1)"}]},{"@type":"WebSite","@id":"https:\/\/longchangchemical.com\/#website","url":"https:\/\/longchangchemical.com\/","name":"Longchang Chemical","description":"China Hersteller von Chemikalien \uff06 Lieferant","publisher":{"@id":"https:\/\/longchangchemical.com\/#organization"},"potentialAction":[{"@type":"SearchAction","target":{"@type":"EntryPoint","urlTemplate":"https:\/\/longchangchemical.com\/?s={search_term_string}"},"query-input":{"@type":"PropertyValueSpecification","valueRequired":true,"valueName":"search_term_string"}}],"inLanguage":"de"},{"@type":"Organization","@id":"https:\/\/longchangchemical.com\/#organization","name":"Longchang Chemical","url":"https:\/\/longchangchemical.com\/","logo":{"@type":"ImageObject","inLanguage":"de","@id":"https:\/\/longchangchemical.com\/#\/schema\/logo\/image\/","url":"https:\/\/longchangchemical.com\/wp-content\/uploads\/2020\/08\/cropped-longchang-logo.png","contentUrl":"https:\/\/longchangchemical.com\/wp-content\/uploads\/2020\/08\/cropped-longchang-logo.png","width":512,"height":512,"caption":"Longchang Chemical"},"image":{"@id":"https:\/\/longchangchemical.com\/#\/schema\/logo\/image\/"}}]}},"_links":{"self":[{"href":"https:\/\/longchangchemical.com\/de\/wp-json\/wp\/v2\/product\/4225","targetHints":{"allow":["GET"]}}],"collection":[{"href":"https:\/\/longchangchemical.com\/de\/wp-json\/wp\/v2\/product"}],"about":[{"href":"https:\/\/longchangchemical.com\/de\/wp-json\/wp\/v2\/types\/product"}],"replies":[{"embeddable":true,"href":"https:\/\/longchangchemical.com\/de\/wp-json\/wp\/v2\/comments?post=4225"}],"wp:featuredmedia":[{"embeddable":true,"href":"https:\/\/longchangchemical.com\/de\/wp-json\/wp\/v2\/media\/6469"}],"wp:attachment":[{"href":"https:\/\/longchangchemical.com\/de\/wp-json\/wp\/v2\/media?parent=4225"}],"wp:term":[{"taxonomy":"product_brand","embeddable":true,"href":"https:\/\/longchangchemical.com\/de\/wp-json\/wp\/v2\/product_brand?post=4225"},{"taxonomy":"product_cat","embeddable":true,"href":"https:\/\/longchangchemical.com\/de\/wp-json\/wp\/v2\/product_cat?post=4225"},{"taxonomy":"product_tag","embeddable":true,"href":"https:\/\/longchangchemical.com\/de\/wp-json\/wp\/v2\/product_tag?post=4225"}],"curies":[{"name":"wp","href":"https:\/\/api.w.org\/{rel}","templated":true}]}}