{"id":4216,"date":"2024-01-17T01:27:52","date_gmt":"2024-01-17T01:27:52","guid":{"rendered":"https:\/\/longchangchemical.com\/?post_type=product&#038;p=4216"},"modified":"2025-12-17T06:02:03","modified_gmt":"2025-12-17T06:02:03","slug":"ammonium-2-hydroxyethanesulphonate-cas-57267-78-4","status":"publish","type":"product","link":"https:\/\/longchangchemical.com\/de\/product\/ammonium-2-hydroxyethanesulphonate-cas-57267-78-4\/","title":{"rendered":"Ammonium-2-hydroxyethansulfonat cas 57267-78-4"},"content":{"rendered":"<h2><strong>Ammonium-2-hydroxyethansulfonat Typische Eigenschaften<\/strong><\/h2>\n<table class=\"table-1\" cellspacing=\"0\">\n<tbody>\n<tr>\n<td>Artikel<\/td>\n<td>Spezifikationen<\/td>\n<\/tr>\n<tr>\n<td>Erscheinungsbild<\/td>\n<td>Wei\u00dfes kristallines Pulver<\/td>\n<\/tr>\n<tr>\n<td>Luftfeuchtigkeit<\/td>\n<td>\u22640,5%<\/td>\n<\/tr>\n<tr>\n<td>Schwermetall<\/td>\n<td>\u2264 5PPM<\/td>\n<\/tr>\n<tr>\n<td>Assay<\/td>\n<td>\u226598.5%<\/td>\n<\/tr>\n<\/tbody>\n<\/table>\n<h2><strong>Ammonium-2-hydroxyethansulfonatVerwendung<\/strong><\/h2>\n<p>Verwendung als Aktivator, andere biochemische Reagenzien.<\/p>\n<ol>\n<li><strong>Galvanische Industrie:<\/strong> Ammonium-2-Hydroxyethansulfonat mit der CAS-Nummer 57267-78-4 wird h\u00e4ufig in der Galvanikindustrie verwendet. Es dient als Zusatzstoff in Galvanikb\u00e4dern und tr\u00e4gt zur Abscheidung von Metall\u00fcberz\u00fcgen auf Oberfl\u00e4chen bei.<\/li>\n<li><strong>Fotografische Industrie:<\/strong> Diese Verbindung wird in der fotografischen Industrie verwendet. Ammonium-2-Hydroxyethansulfonat wird in der Formulierung bestimmter fotografischer Entwickler verwendet und hilft bei der Entwicklung von fotografischen Filmen und Papieren.<\/li>\n<li><strong>Chemische Synthese:<\/strong> Ammonium-2-Hydroxyethansulfonat wird in der chemischen Synthese als Reagenz und Stabilisator verwendet. Es dient als Schl\u00fcsselkomponente bei der Synthese bestimmter organischer Verbindungen und als Stabilisator in verschiedenen chemischen Prozessen.<\/li>\n<li><strong>Oberfl\u00e4chenbehandlung:<\/strong> In einigen industriellen Prozessen kann diese Verbindung f\u00fcr die Oberfl\u00e4chenbehandlung verwendet werden. Sie kann dazu beitragen, die Oberfl\u00e4cheneigenschaften zu ver\u00e4ndern und die Haftung von Beschichtungen zu verbessern.<\/li>\n<\/ol>\n<h2><strong>Ammonium-2-hydroxyethansulfonat Verpackung und Versand<\/strong><\/h2>\n<p>Verpackung: 25kg\/Sack<\/p>\n<p>Lieferung:Nicht gef\u00e4hrliche Ladung<\/p>\n<h2><strong>Ammonium-2-hydroxyethansulfonat Lagerung<\/strong><\/h2>\n<p>In trockenen, bel\u00fcfteten R\u00e4umen lagern, um direkte Sonneneinstrahlung zu vermeiden.<\/p>\n<h2><strong><b>Kontaktieren Sie uns jetzt!<\/b><\/strong><\/h2>\n<h4><strong><b>Wenn Sie COA, MSDS oder TDS ben\u00f6tigen, geben Sie bitte Ihre Kontaktinformationen in das untenstehende Formular ein. Wir werden uns in der Regel innerhalb von 24 Stunden mit Ihnen in Verbindung setzen. Sie k\u00f6nnen mir auch eine E-Mail schicken <span style=\"color: #0000ff;\"><a style=\"color: #0000ff;\" href=\"mailto:info@longchangchemical.com\">info@longchangchemical.com<\/a><\/span> w\u00e4hrend der Gesch\u00e4ftszeiten ( 8:30 bis 18:00 Uhr UTC+8 Mo.~Sa. ) oder nutzen Sie den Live-Chat auf der Website, um eine schnelle Antwort zu erhalten.<\/b><\/strong><\/h4>","protected":false},"excerpt":{"rendered":"<h2><strong>Ammonium-2-hydroxyethansulfonat Schnelle Details<\/strong><\/h2>\n<p>Chemische Bezeichnung: Ammonium-2-hydroxyethansulfonat<\/p>\n<p>CAS-Nr.: 57267-78-4<\/p>\n<p>Molek\u00fclformel: C2H9NO4S<\/p>\n<p>Chemische Struktur:<img decoding=\"async\" title=\"Ammonium-2-hydroxyethansulfonat Struktur \" src=\"https:\/\/www.longchangchemical.com\/wp-content\/uploads\/product-details\/20200612263854.png\" alt=\"Ammonium-2-hydroxyethansulfonat Struktur \" width=\"93\" height=\"67\" border=\"0\" vspace=\"0\" \/><\/p>\n<p>Molekulargewicht: 143.16<\/p>\n<p>Erscheinungsbild: Wei\u00dfes, kristallines Pulver<\/p>\n<p>Assay: 98.5%min<\/p>","protected":false},"featured_media":6489,"comment_status":"open","ping_status":"closed","template":"","meta":[],"product_brand":[],"product_cat":[69],"product_tag":[],"class_list":{"0":"post-4216","1":"product","2":"type-product","3":"status-publish","4":"has-post-thumbnail","6":"product_cat-catalysts-chemical-auxiliary-agents","8":"first","9":"instock","10":"shipping-taxable","11":"product-type-simple"},"yoast_head":"<!-- This site is optimized with the Yoast SEO plugin v25.3.1 - https:\/\/yoast.com\/wordpress\/plugins\/seo\/ -->\n<title>China Ammonium 2-hydroxyethanesulphonate Manufacturer CAS 57267-78-4 -Longchang Chemical<\/title>\n<meta name=\"description\" content=\"ammonium 2-hydroxyethanesulphonate cas 57267-78-4 is key product of Longchang Chemical. We provide best price. We are the leading manufacturer and supplier in China with the best quanlity and competitive price.\" \/>\n<meta name=\"robots\" content=\"index, follow, max-snippet:-1, max-image-preview:large, max-video-preview:-1\" \/>\n<link rel=\"canonical\" href=\"https:\/\/longchangchemical.com\/de\/product\/ammonium-2-hydroxyethanesulphonate-cas-57267-78-4\/\" \/>\n<meta property=\"og:locale\" content=\"de_DE\" \/>\n<meta property=\"og:type\" content=\"article\" \/>\n<meta property=\"og:title\" content=\"China Ammonium 2-hydroxyethanesulphonate Manufacturer CAS 57267-78-4 -Longchang Chemical\" \/>\n<meta property=\"og:description\" content=\"ammonium 2-hydroxyethanesulphonate cas 57267-78-4 is key product of Longchang Chemical. We provide best price. We are the leading manufacturer and supplier in China with the best quanlity and competitive price.\" \/>\n<meta property=\"og:url\" content=\"https:\/\/longchangchemical.com\/de\/product\/ammonium-2-hydroxyethanesulphonate-cas-57267-78-4\/\" \/>\n<meta property=\"og:site_name\" content=\"Longchang Chemical\" \/>\n<meta property=\"article:modified_time\" content=\"2025-12-17T06:02:03+00:00\" \/>\n<meta property=\"og:image\" content=\"https:\/\/longchangchemical.com\/wp-content\/uploads\/2021\/01\/6-3.jpg\" \/>\n\t<meta property=\"og:image:width\" content=\"800\" \/>\n\t<meta property=\"og:image:height\" content=\"800\" \/>\n\t<meta property=\"og:image:type\" content=\"image\/jpeg\" \/>\n<meta name=\"twitter:card\" content=\"summary_large_image\" \/>\n<script type=\"application\/ld+json\" class=\"yoast-schema-graph\">{\"@context\":\"https:\/\/schema.org\",\"@graph\":[{\"@type\":\"WebPage\",\"@id\":\"https:\/\/longchangchemical.com\/product\/ammonium-2-hydroxyethanesulphonate-cas-57267-78-4\/\",\"url\":\"https:\/\/longchangchemical.com\/product\/ammonium-2-hydroxyethanesulphonate-cas-57267-78-4\/\",\"name\":\"China Ammonium 2-hydroxyethanesulphonate Manufacturer CAS 57267-78-4 -Longchang Chemical\",\"isPartOf\":{\"@id\":\"https:\/\/longchangchemical.com\/#website\"},\"primaryImageOfPage\":{\"@id\":\"https:\/\/longchangchemical.com\/product\/ammonium-2-hydroxyethanesulphonate-cas-57267-78-4\/#primaryimage\"},\"image\":{\"@id\":\"https:\/\/longchangchemical.com\/product\/ammonium-2-hydroxyethanesulphonate-cas-57267-78-4\/#primaryimage\"},\"thumbnailUrl\":\"https:\/\/longchangchemical.com\/wp-content\/uploads\/2021\/01\/6-3.jpg\",\"datePublished\":\"2024-01-17T01:27:52+00:00\",\"dateModified\":\"2025-12-17T06:02:03+00:00\",\"description\":\"ammonium 2-hydroxyethanesulphonate cas 57267-78-4 is key product of Longchang Chemical. We provide best price. We are the leading manufacturer and supplier in China with the best quanlity and competitive price.\",\"breadcrumb\":{\"@id\":\"https:\/\/longchangchemical.com\/product\/ammonium-2-hydroxyethanesulphonate-cas-57267-78-4\/#breadcrumb\"},\"inLanguage\":\"de\",\"potentialAction\":[{\"@type\":\"ReadAction\",\"target\":[\"https:\/\/longchangchemical.com\/product\/ammonium-2-hydroxyethanesulphonate-cas-57267-78-4\/\"]}]},{\"@type\":\"ImageObject\",\"inLanguage\":\"de\",\"@id\":\"https:\/\/longchangchemical.com\/product\/ammonium-2-hydroxyethanesulphonate-cas-57267-78-4\/#primaryimage\",\"url\":\"https:\/\/longchangchemical.com\/wp-content\/uploads\/2021\/01\/6-3.jpg\",\"contentUrl\":\"https:\/\/longchangchemical.com\/wp-content\/uploads\/2021\/01\/6-3.jpg\",\"width\":800,\"height\":800,\"caption\":\"ammonium 2-hydroxyethanesulphonate cas 57267-78-4\"},{\"@type\":\"BreadcrumbList\",\"@id\":\"https:\/\/longchangchemical.com\/product\/ammonium-2-hydroxyethanesulphonate-cas-57267-78-4\/#breadcrumb\",\"itemListElement\":[{\"@type\":\"ListItem\",\"position\":1,\"name\":\"Home\",\"item\":\"https:\/\/longchangchemical.com\/\"},{\"@type\":\"ListItem\",\"position\":2,\"name\":\"Products Longchang\",\"item\":\"https:\/\/longchangchemical.com\/product\/\"},{\"@type\":\"ListItem\",\"position\":3,\"name\":\"ammonium 2-hydroxyethanesulphonate cas 57267-78-4\"}]},{\"@type\":\"WebSite\",\"@id\":\"https:\/\/longchangchemical.com\/#website\",\"url\":\"https:\/\/longchangchemical.com\/\",\"name\":\"Longchang Chemical\",\"description\":\"China chemical manufacturer \uff06 supplier\",\"publisher\":{\"@id\":\"https:\/\/longchangchemical.com\/#organization\"},\"potentialAction\":[{\"@type\":\"SearchAction\",\"target\":{\"@type\":\"EntryPoint\",\"urlTemplate\":\"https:\/\/longchangchemical.com\/?s={search_term_string}\"},\"query-input\":{\"@type\":\"PropertyValueSpecification\",\"valueRequired\":true,\"valueName\":\"search_term_string\"}}],\"inLanguage\":\"de\"},{\"@type\":\"Organization\",\"@id\":\"https:\/\/longchangchemical.com\/#organization\",\"name\":\"Longchang Chemical\",\"url\":\"https:\/\/longchangchemical.com\/\",\"logo\":{\"@type\":\"ImageObject\",\"inLanguage\":\"de\",\"@id\":\"https:\/\/longchangchemical.com\/#\/schema\/logo\/image\/\",\"url\":\"https:\/\/longchangchemical.com\/wp-content\/uploads\/2020\/08\/cropped-longchang-logo.png\",\"contentUrl\":\"https:\/\/longchangchemical.com\/wp-content\/uploads\/2020\/08\/cropped-longchang-logo.png\",\"width\":512,\"height\":512,\"caption\":\"Longchang Chemical\"},\"image\":{\"@id\":\"https:\/\/longchangchemical.com\/#\/schema\/logo\/image\/\"}}]}<\/script>\n<!-- \/ Yoast SEO plugin. -->","yoast_head_json":{"title":"China Ammonium 2-Hydroxyethansulfonat Hersteller CAS 57267-78-4 -Longchang Chemical","description":"Ammonium 2-Hydroxyethansulfonat cas 57267-78-4 ist ein Schl\u00fcsselprodukt von Longchang Chemical. Wir bieten besten Preis. Wir sind der f\u00fchrende Hersteller und Lieferant in China mit dem besten quanlity und konkurrenzf\u00e4higen Preis.","robots":{"index":"index","follow":"follow","max-snippet":"max-snippet:-1","max-image-preview":"max-image-preview:large","max-video-preview":"max-video-preview:-1"},"canonical":"https:\/\/longchangchemical.com\/de\/product\/ammonium-2-hydroxyethanesulphonate-cas-57267-78-4\/","og_locale":"de_DE","og_type":"article","og_title":"China Ammonium 2-hydroxyethanesulphonate Manufacturer CAS 57267-78-4 -Longchang Chemical","og_description":"ammonium 2-hydroxyethanesulphonate cas 57267-78-4 is key product of Longchang Chemical. We provide best price. We are the leading manufacturer and supplier in China with the best quanlity and competitive price.","og_url":"https:\/\/longchangchemical.com\/de\/product\/ammonium-2-hydroxyethanesulphonate-cas-57267-78-4\/","og_site_name":"Longchang Chemical","article_modified_time":"2025-12-17T06:02:03+00:00","og_image":[{"width":800,"height":800,"url":"https:\/\/longchangchemical.com\/wp-content\/uploads\/2021\/01\/6-3.jpg","type":"image\/jpeg"}],"twitter_card":"summary_large_image","schema":{"@context":"https:\/\/schema.org","@graph":[{"@type":"WebPage","@id":"https:\/\/longchangchemical.com\/product\/ammonium-2-hydroxyethanesulphonate-cas-57267-78-4\/","url":"https:\/\/longchangchemical.com\/product\/ammonium-2-hydroxyethanesulphonate-cas-57267-78-4\/","name":"China Ammonium 2-Hydroxyethansulfonat Hersteller CAS 57267-78-4 -Longchang Chemical","isPartOf":{"@id":"https:\/\/longchangchemical.com\/#website"},"primaryImageOfPage":{"@id":"https:\/\/longchangchemical.com\/product\/ammonium-2-hydroxyethanesulphonate-cas-57267-78-4\/#primaryimage"},"image":{"@id":"https:\/\/longchangchemical.com\/product\/ammonium-2-hydroxyethanesulphonate-cas-57267-78-4\/#primaryimage"},"thumbnailUrl":"https:\/\/longchangchemical.com\/wp-content\/uploads\/2021\/01\/6-3.jpg","datePublished":"2024-01-17T01:27:52+00:00","dateModified":"2025-12-17T06:02:03+00:00","description":"Ammonium 2-Hydroxyethansulfonat cas 57267-78-4 ist ein Schl\u00fcsselprodukt von Longchang Chemical. Wir bieten besten Preis. Wir sind der f\u00fchrende Hersteller und Lieferant in China mit dem besten quanlity und konkurrenzf\u00e4higen Preis.","breadcrumb":{"@id":"https:\/\/longchangchemical.com\/product\/ammonium-2-hydroxyethanesulphonate-cas-57267-78-4\/#breadcrumb"},"inLanguage":"de","potentialAction":[{"@type":"ReadAction","target":["https:\/\/longchangchemical.com\/product\/ammonium-2-hydroxyethanesulphonate-cas-57267-78-4\/"]}]},{"@type":"ImageObject","inLanguage":"de","@id":"https:\/\/longchangchemical.com\/product\/ammonium-2-hydroxyethanesulphonate-cas-57267-78-4\/#primaryimage","url":"https:\/\/longchangchemical.com\/wp-content\/uploads\/2021\/01\/6-3.jpg","contentUrl":"https:\/\/longchangchemical.com\/wp-content\/uploads\/2021\/01\/6-3.jpg","width":800,"height":800,"caption":"ammonium 2-hydroxyethanesulphonate cas 57267-78-4"},{"@type":"BreadcrumbList","@id":"https:\/\/longchangchemical.com\/product\/ammonium-2-hydroxyethanesulphonate-cas-57267-78-4\/#breadcrumb","itemListElement":[{"@type":"ListItem","position":1,"name":"Home","item":"https:\/\/longchangchemical.com\/"},{"@type":"ListItem","position":2,"name":"Products Longchang","item":"https:\/\/longchangchemical.com\/product\/"},{"@type":"ListItem","position":3,"name":"ammonium 2-hydroxyethanesulphonate cas 57267-78-4"}]},{"@type":"WebSite","@id":"https:\/\/longchangchemical.com\/#website","url":"https:\/\/longchangchemical.com\/","name":"Longchang Chemical","description":"China Hersteller von Chemikalien \uff06 Lieferant","publisher":{"@id":"https:\/\/longchangchemical.com\/#organization"},"potentialAction":[{"@type":"SearchAction","target":{"@type":"EntryPoint","urlTemplate":"https:\/\/longchangchemical.com\/?s={search_term_string}"},"query-input":{"@type":"PropertyValueSpecification","valueRequired":true,"valueName":"search_term_string"}}],"inLanguage":"de"},{"@type":"Organization","@id":"https:\/\/longchangchemical.com\/#organization","name":"Longchang Chemical","url":"https:\/\/longchangchemical.com\/","logo":{"@type":"ImageObject","inLanguage":"de","@id":"https:\/\/longchangchemical.com\/#\/schema\/logo\/image\/","url":"https:\/\/longchangchemical.com\/wp-content\/uploads\/2020\/08\/cropped-longchang-logo.png","contentUrl":"https:\/\/longchangchemical.com\/wp-content\/uploads\/2020\/08\/cropped-longchang-logo.png","width":512,"height":512,"caption":"Longchang Chemical"},"image":{"@id":"https:\/\/longchangchemical.com\/#\/schema\/logo\/image\/"}}]}},"_links":{"self":[{"href":"https:\/\/longchangchemical.com\/de\/wp-json\/wp\/v2\/product\/4216","targetHints":{"allow":["GET"]}}],"collection":[{"href":"https:\/\/longchangchemical.com\/de\/wp-json\/wp\/v2\/product"}],"about":[{"href":"https:\/\/longchangchemical.com\/de\/wp-json\/wp\/v2\/types\/product"}],"replies":[{"embeddable":true,"href":"https:\/\/longchangchemical.com\/de\/wp-json\/wp\/v2\/comments?post=4216"}],"wp:featuredmedia":[{"embeddable":true,"href":"https:\/\/longchangchemical.com\/de\/wp-json\/wp\/v2\/media\/6489"}],"wp:attachment":[{"href":"https:\/\/longchangchemical.com\/de\/wp-json\/wp\/v2\/media?parent=4216"}],"wp:term":[{"taxonomy":"product_brand","embeddable":true,"href":"https:\/\/longchangchemical.com\/de\/wp-json\/wp\/v2\/product_brand?post=4216"},{"taxonomy":"product_cat","embeddable":true,"href":"https:\/\/longchangchemical.com\/de\/wp-json\/wp\/v2\/product_cat?post=4216"},{"taxonomy":"product_tag","embeddable":true,"href":"https:\/\/longchangchemical.com\/de\/wp-json\/wp\/v2\/product_tag?post=4216"}],"curies":[{"name":"wp","href":"https:\/\/api.w.org\/{rel}","templated":true}]}}