{"id":4212,"date":"2024-01-17T01:21:28","date_gmt":"2024-01-17T01:21:28","guid":{"rendered":"https:\/\/longchangchemical.com\/?post_type=product&#038;p=4212"},"modified":"2025-12-17T06:08:49","modified_gmt":"2025-12-17T06:08:49","slug":"anthraquinone-cas-84-65-1","status":"publish","type":"product","link":"https:\/\/longchangchemical.com\/de\/product\/anthraquinone-cas-84-65-1\/","title":{"rendered":"Anthrachinon cas 84-65-1"},"content":{"rendered":"<h2><strong>AnthrachinonTypische Eigenschaften<\/strong><\/h2>\n<table class=\"table-1\" cellspacing=\"0\">\n<tbody>\n<tr>\n<td>Artikel<\/td>\n<td>Standard<\/td>\n<td>Ergebnisse<\/td>\n<\/tr>\n<tr>\n<td>Erscheinungsbild<\/td>\n<td>Hellgelbes Pulver<\/td>\n<td>Erf\u00fcllt<\/td>\n<\/tr>\n<tr>\n<td>Reinheit<\/td>\n<td>\u2265 98,0 %<\/td>\n<td>98.6%<\/td>\n<\/tr>\n<tr>\n<td>Anf\u00e4nglicher Schmelzpunkt<\/td>\n<td>284 ~ 286 \u00baC<\/td>\n<td>284.2\u2103<\/td>\n<\/tr>\n<tr>\n<td>Verlust beim Trocknen<\/td>\n<td>\u22642%<\/td>\n<td>1.3%<\/td>\n<\/tr>\n<tr>\n<td>L\u00f6slichkeit:<\/td>\n<td>Unl\u00f6slich in Wasser, l\u00f6slich in Ethyl\u00e4ther, Ethanol und Aceton<\/td>\n<td>Erf\u00fcllt<\/td>\n<\/tr>\n<tr>\n<td>Schlussfolgerung<\/td>\n<td colspan=\"2\">Qualifiziert<\/td>\n<\/tr>\n<\/tbody>\n<\/table>\n<h2><strong>Verwendung von Anthrachinon<\/strong><\/h2>\n<p>1. Verwendung Verwendung als Farbstoff-Zwischenprodukte, Papierkochmittel und Wasserstoffperoxid-Rohstoffe<\/p>\n<p>2. Verwenden Sie als Zellstoff und Papier Zellstoff Kochen Beihilfen, kann die Menge an Alkali zu reduzieren, verk\u00fcrzen die Kochzeit.<br \/>\n3. Verwendung Der gr\u00f6\u00dfte Teil des Anthrachinons wird in Farbstoffen verwendet, aber die Menge des als Zellstoff verwendeten Vapalizierungsmittels nimmt rasch zu.<\/p>\n<p>(1) f\u00fcr die Herstellung von Farbstoffen Anthrachinon als Rohstoffe, die Sulfonierung, Chlorierung, Nitrifikation, etc., kann eine breite Palette von Farbstoff Zwischenprodukte f\u00fcr die Herstellung von Anthrachinon Dispersionsfarbstoffe, S\u00e4ure-Farbstoffe, Vat-Farbstoffe, die Reaktion Farbstoffe, etc. zu einem vollfarbigen Farbstoff Klasse. Nach den Statistiken haben Anthrachinon-Farbstoffe mehr als 400 Sorten, im Bereich der synthetischen Farbstoffe eine sehr wichtige Position einnehmen.<\/p>\n<p>(2) als Papierherstellung Zellstoff Kochen Mittel in der alkalischen Kochlauge nur durch Zugabe einer kleinen Menge von Anthrachinon, k\u00f6nnen Sie beschleunigen die Entlignifizierung, verk\u00fcrzen die Kochzeit, verbessern Zellstoff Ausbeute und reduzierenAbfall zu laden. Derzeit verwenden immer mehr Papierfabriken Anthrachinon-Zusatzstoffe. Der Verbrauch von Anthrachinon als Kochhilfsmittel hat stark zugenommen. Anthrachinon und andere Anwendungen. Anthrachinonverbindungen k\u00f6nnen f\u00fcr die Herstellung hoher Konzentrationen von Wasserstoffperoxid verwendet werden; in der D\u00fcngemittelindustrie zur Herstellung des Entschwefelungsmittels Anthrachinondisulfonat. In der Druck- und F\u00e4rbereiindustrie werden sie als Dosierhilfen verwendet.<br \/>\n4. Verwendung von organischen Synthese von High-Level-Farbstoff Zwischenprodukte, wie Indanthren reduktiven Farbstoffen, S\u00e4ure-Farbstoffe, einige aktive Farbstoffe wichtige Rohstoffe. Verwendet als Papier Kochmittel und Wasserstoffperoxid Rohstoffe, etc., kann die Menge an Alkali zu reduzieren, verk\u00fcrzen die Kochzeit. Verwendet als Papierherstellung Zellstoff Kochmittel in der alkalischen Kochlauge nur eine kleine Menge von Anthrachinon hinzuf\u00fcgen, k\u00f6nnen Sie beschleunigen diedelignificationspeed, verk\u00fcrzen die Kochzeit, verbessern die Zellstoff-Ausbeute, reduzierenAbfall zu laden. Es gibt immer mehr Papierfabriken, die Anthrachinon-Zusatzstoffe verwenden.<\/p>\n<h2><strong>Anthrachinon Verpackung und Versand<\/strong><\/h2>\n<p>Verpackung: 25kg\/Sack<\/p>\n<h2><strong>Lagerung von Anthrachinon<\/strong><\/h2>\n<p>An einem k\u00fchlen, trockenen Ort ohne direkte Sonneneinstrahlung aufbewahren.<\/p>","protected":false},"excerpt":{"rendered":"<h2><strong>Anthrachinon Schnelle Details<\/strong><\/h2>\n<p>Chemische Bezeichnung: Anthrachinon<\/p>\n<p>CAS-Nr.: 84-65-1<\/p>\n<p>Summenformel:C14H8O2<\/p>\n<p>Molekulargewicht:208.21<\/p>\n<p>Chemische Struktur:<img decoding=\"async\" title=\"Anthrachinon Struktur\" src=\"https:\/\/www.longchangchemical.com\/wp-content\/uploads\/product-details\/20200612133635.png\" alt=\"Anthrachinon Struktur\" width=\"108\" height=\"93\" border=\"0\" vspace=\"0\" \/><\/p>\n<p>Aussehen:Hellgelbes Pulver oder Nadelkristall<\/p>\n<p>Assay: 98%min<\/p>","protected":false},"featured_media":6488,"comment_status":"open","ping_status":"closed","template":"","meta":[],"product_brand":[],"product_cat":[69],"product_tag":[],"class_list":{"0":"post-4212","1":"product","2":"type-product","3":"status-publish","4":"has-post-thumbnail","6":"product_cat-catalysts-chemical-auxiliary-agents","8":"first","9":"instock","10":"shipping-taxable","11":"product-type-simple"},"yoast_head":"<!-- This site is optimized with the Yoast SEO plugin v25.3.1 - https:\/\/yoast.com\/wordpress\/plugins\/seo\/ -->\n<title>China Anthraquinone Manufacturer CAS 84-65-1 -Longchang Chemical<\/title>\n<meta name=\"description\" content=\"anthraquinone cas 84-65-1 is key product of Longchang Chemical. We provide best price. We are the leading manufacturer and supplier in China with the best quanlity and competitive price.\" \/>\n<meta name=\"robots\" content=\"index, follow, max-snippet:-1, max-image-preview:large, max-video-preview:-1\" \/>\n<link rel=\"canonical\" href=\"https:\/\/longchangchemical.com\/de\/product\/anthraquinone-cas-84-65-1\/\" \/>\n<meta property=\"og:locale\" content=\"de_DE\" \/>\n<meta property=\"og:type\" content=\"article\" \/>\n<meta property=\"og:title\" content=\"China Anthraquinone Manufacturer CAS 84-65-1 -Longchang Chemical\" \/>\n<meta property=\"og:description\" content=\"anthraquinone cas 84-65-1 is key product of Longchang Chemical. We provide best price. We are the leading manufacturer and supplier in China with the best quanlity and competitive price.\" \/>\n<meta property=\"og:url\" content=\"https:\/\/longchangchemical.com\/de\/product\/anthraquinone-cas-84-65-1\/\" \/>\n<meta property=\"og:site_name\" content=\"Longchang Chemical\" \/>\n<meta property=\"article:modified_time\" content=\"2025-12-17T06:08:49+00:00\" \/>\n<meta property=\"og:image\" content=\"https:\/\/longchangchemical.com\/wp-content\/uploads\/2021\/01\/2-5.jpg\" \/>\n\t<meta property=\"og:image:width\" content=\"800\" \/>\n\t<meta property=\"og:image:height\" content=\"800\" \/>\n\t<meta property=\"og:image:type\" content=\"image\/jpeg\" \/>\n<meta name=\"twitter:card\" content=\"summary_large_image\" \/>\n<script type=\"application\/ld+json\" class=\"yoast-schema-graph\">{\"@context\":\"https:\/\/schema.org\",\"@graph\":[{\"@type\":\"WebPage\",\"@id\":\"https:\/\/longchangchemical.com\/product\/anthraquinone-cas-84-65-1\/\",\"url\":\"https:\/\/longchangchemical.com\/product\/anthraquinone-cas-84-65-1\/\",\"name\":\"China Anthraquinone Manufacturer CAS 84-65-1 -Longchang Chemical\",\"isPartOf\":{\"@id\":\"https:\/\/longchangchemical.com\/#website\"},\"primaryImageOfPage\":{\"@id\":\"https:\/\/longchangchemical.com\/product\/anthraquinone-cas-84-65-1\/#primaryimage\"},\"image\":{\"@id\":\"https:\/\/longchangchemical.com\/product\/anthraquinone-cas-84-65-1\/#primaryimage\"},\"thumbnailUrl\":\"https:\/\/longchangchemical.com\/wp-content\/uploads\/2021\/01\/2-5.jpg\",\"datePublished\":\"2024-01-17T01:21:28+00:00\",\"dateModified\":\"2025-12-17T06:08:49+00:00\",\"description\":\"anthraquinone cas 84-65-1 is key product of Longchang Chemical. We provide best price. We are the leading manufacturer and supplier in China with the best quanlity and competitive price.\",\"breadcrumb\":{\"@id\":\"https:\/\/longchangchemical.com\/product\/anthraquinone-cas-84-65-1\/#breadcrumb\"},\"inLanguage\":\"de\",\"potentialAction\":[{\"@type\":\"ReadAction\",\"target\":[\"https:\/\/longchangchemical.com\/product\/anthraquinone-cas-84-65-1\/\"]}]},{\"@type\":\"ImageObject\",\"inLanguage\":\"de\",\"@id\":\"https:\/\/longchangchemical.com\/product\/anthraquinone-cas-84-65-1\/#primaryimage\",\"url\":\"https:\/\/longchangchemical.com\/wp-content\/uploads\/2021\/01\/2-5.jpg\",\"contentUrl\":\"https:\/\/longchangchemical.com\/wp-content\/uploads\/2021\/01\/2-5.jpg\",\"width\":800,\"height\":800,\"caption\":\"anthraquinone cas 84-65-1\"},{\"@type\":\"BreadcrumbList\",\"@id\":\"https:\/\/longchangchemical.com\/product\/anthraquinone-cas-84-65-1\/#breadcrumb\",\"itemListElement\":[{\"@type\":\"ListItem\",\"position\":1,\"name\":\"Home\",\"item\":\"https:\/\/longchangchemical.com\/\"},{\"@type\":\"ListItem\",\"position\":2,\"name\":\"Products Longchang\",\"item\":\"https:\/\/longchangchemical.com\/product\/\"},{\"@type\":\"ListItem\",\"position\":3,\"name\":\"anthraquinone cas 84-65-1\"}]},{\"@type\":\"WebSite\",\"@id\":\"https:\/\/longchangchemical.com\/#website\",\"url\":\"https:\/\/longchangchemical.com\/\",\"name\":\"Longchang Chemical\",\"description\":\"China chemical manufacturer \uff06 supplier\",\"publisher\":{\"@id\":\"https:\/\/longchangchemical.com\/#organization\"},\"potentialAction\":[{\"@type\":\"SearchAction\",\"target\":{\"@type\":\"EntryPoint\",\"urlTemplate\":\"https:\/\/longchangchemical.com\/?s={search_term_string}\"},\"query-input\":{\"@type\":\"PropertyValueSpecification\",\"valueRequired\":true,\"valueName\":\"search_term_string\"}}],\"inLanguage\":\"de\"},{\"@type\":\"Organization\",\"@id\":\"https:\/\/longchangchemical.com\/#organization\",\"name\":\"Longchang Chemical\",\"url\":\"https:\/\/longchangchemical.com\/\",\"logo\":{\"@type\":\"ImageObject\",\"inLanguage\":\"de\",\"@id\":\"https:\/\/longchangchemical.com\/#\/schema\/logo\/image\/\",\"url\":\"https:\/\/longchangchemical.com\/wp-content\/uploads\/2020\/08\/cropped-longchang-logo.png\",\"contentUrl\":\"https:\/\/longchangchemical.com\/wp-content\/uploads\/2020\/08\/cropped-longchang-logo.png\",\"width\":512,\"height\":512,\"caption\":\"Longchang Chemical\"},\"image\":{\"@id\":\"https:\/\/longchangchemical.com\/#\/schema\/logo\/image\/\"}}]}<\/script>\n<!-- \/ Yoast SEO plugin. -->","yoast_head_json":{"title":"China Anthrachinon Hersteller CAS 84-65-1 -Longchang Chemical","description":"Anthrachinon cas 84-65-1 ist ein Schl\u00fcsselprodukt von Longchang Chemical. Wir bieten besten Preis. Wir sind der f\u00fchrende Hersteller und Lieferant in China mit dem besten quanlity und konkurrenzf\u00e4higen Preis.","robots":{"index":"index","follow":"follow","max-snippet":"max-snippet:-1","max-image-preview":"max-image-preview:large","max-video-preview":"max-video-preview:-1"},"canonical":"https:\/\/longchangchemical.com\/de\/product\/anthraquinone-cas-84-65-1\/","og_locale":"de_DE","og_type":"article","og_title":"China Anthraquinone Manufacturer CAS 84-65-1 -Longchang Chemical","og_description":"anthraquinone cas 84-65-1 is key product of Longchang Chemical. We provide best price. We are the leading manufacturer and supplier in China with the best quanlity and competitive price.","og_url":"https:\/\/longchangchemical.com\/de\/product\/anthraquinone-cas-84-65-1\/","og_site_name":"Longchang Chemical","article_modified_time":"2025-12-17T06:08:49+00:00","og_image":[{"width":800,"height":800,"url":"https:\/\/longchangchemical.com\/wp-content\/uploads\/2021\/01\/2-5.jpg","type":"image\/jpeg"}],"twitter_card":"summary_large_image","schema":{"@context":"https:\/\/schema.org","@graph":[{"@type":"WebPage","@id":"https:\/\/longchangchemical.com\/product\/anthraquinone-cas-84-65-1\/","url":"https:\/\/longchangchemical.com\/product\/anthraquinone-cas-84-65-1\/","name":"China Anthrachinon Hersteller CAS 84-65-1 -Longchang Chemical","isPartOf":{"@id":"https:\/\/longchangchemical.com\/#website"},"primaryImageOfPage":{"@id":"https:\/\/longchangchemical.com\/product\/anthraquinone-cas-84-65-1\/#primaryimage"},"image":{"@id":"https:\/\/longchangchemical.com\/product\/anthraquinone-cas-84-65-1\/#primaryimage"},"thumbnailUrl":"https:\/\/longchangchemical.com\/wp-content\/uploads\/2021\/01\/2-5.jpg","datePublished":"2024-01-17T01:21:28+00:00","dateModified":"2025-12-17T06:08:49+00:00","description":"Anthrachinon cas 84-65-1 ist ein Schl\u00fcsselprodukt von Longchang Chemical. Wir bieten besten Preis. Wir sind der f\u00fchrende Hersteller und Lieferant in China mit dem besten quanlity und konkurrenzf\u00e4higen Preis.","breadcrumb":{"@id":"https:\/\/longchangchemical.com\/product\/anthraquinone-cas-84-65-1\/#breadcrumb"},"inLanguage":"de","potentialAction":[{"@type":"ReadAction","target":["https:\/\/longchangchemical.com\/product\/anthraquinone-cas-84-65-1\/"]}]},{"@type":"ImageObject","inLanguage":"de","@id":"https:\/\/longchangchemical.com\/product\/anthraquinone-cas-84-65-1\/#primaryimage","url":"https:\/\/longchangchemical.com\/wp-content\/uploads\/2021\/01\/2-5.jpg","contentUrl":"https:\/\/longchangchemical.com\/wp-content\/uploads\/2021\/01\/2-5.jpg","width":800,"height":800,"caption":"anthraquinone cas 84-65-1"},{"@type":"BreadcrumbList","@id":"https:\/\/longchangchemical.com\/product\/anthraquinone-cas-84-65-1\/#breadcrumb","itemListElement":[{"@type":"ListItem","position":1,"name":"Home","item":"https:\/\/longchangchemical.com\/"},{"@type":"ListItem","position":2,"name":"Products Longchang","item":"https:\/\/longchangchemical.com\/product\/"},{"@type":"ListItem","position":3,"name":"anthraquinone cas 84-65-1"}]},{"@type":"WebSite","@id":"https:\/\/longchangchemical.com\/#website","url":"https:\/\/longchangchemical.com\/","name":"Longchang Chemical","description":"China Hersteller von Chemikalien \uff06 Lieferant","publisher":{"@id":"https:\/\/longchangchemical.com\/#organization"},"potentialAction":[{"@type":"SearchAction","target":{"@type":"EntryPoint","urlTemplate":"https:\/\/longchangchemical.com\/?s={search_term_string}"},"query-input":{"@type":"PropertyValueSpecification","valueRequired":true,"valueName":"search_term_string"}}],"inLanguage":"de"},{"@type":"Organization","@id":"https:\/\/longchangchemical.com\/#organization","name":"Longchang Chemical","url":"https:\/\/longchangchemical.com\/","logo":{"@type":"ImageObject","inLanguage":"de","@id":"https:\/\/longchangchemical.com\/#\/schema\/logo\/image\/","url":"https:\/\/longchangchemical.com\/wp-content\/uploads\/2020\/08\/cropped-longchang-logo.png","contentUrl":"https:\/\/longchangchemical.com\/wp-content\/uploads\/2020\/08\/cropped-longchang-logo.png","width":512,"height":512,"caption":"Longchang Chemical"},"image":{"@id":"https:\/\/longchangchemical.com\/#\/schema\/logo\/image\/"}}]}},"_links":{"self":[{"href":"https:\/\/longchangchemical.com\/de\/wp-json\/wp\/v2\/product\/4212","targetHints":{"allow":["GET"]}}],"collection":[{"href":"https:\/\/longchangchemical.com\/de\/wp-json\/wp\/v2\/product"}],"about":[{"href":"https:\/\/longchangchemical.com\/de\/wp-json\/wp\/v2\/types\/product"}],"replies":[{"embeddable":true,"href":"https:\/\/longchangchemical.com\/de\/wp-json\/wp\/v2\/comments?post=4212"}],"wp:featuredmedia":[{"embeddable":true,"href":"https:\/\/longchangchemical.com\/de\/wp-json\/wp\/v2\/media\/6488"}],"wp:attachment":[{"href":"https:\/\/longchangchemical.com\/de\/wp-json\/wp\/v2\/media?parent=4212"}],"wp:term":[{"taxonomy":"product_brand","embeddable":true,"href":"https:\/\/longchangchemical.com\/de\/wp-json\/wp\/v2\/product_brand?post=4212"},{"taxonomy":"product_cat","embeddable":true,"href":"https:\/\/longchangchemical.com\/de\/wp-json\/wp\/v2\/product_cat?post=4212"},{"taxonomy":"product_tag","embeddable":true,"href":"https:\/\/longchangchemical.com\/de\/wp-json\/wp\/v2\/product_tag?post=4212"}],"curies":[{"name":"wp","href":"https:\/\/api.w.org\/{rel}","templated":true}]}}