{"id":4210,"date":"2024-01-17T01:52:32","date_gmt":"2024-01-17T01:52:32","guid":{"rendered":"https:\/\/longchangchemical.com\/?post_type=product&#038;p=4210"},"modified":"2025-12-17T04:27:43","modified_gmt":"2025-12-17T04:27:43","slug":"n-acetylmorpholine-cas-1696-20-4","status":"publish","type":"product","link":"https:\/\/longchangchemical.com\/de\/product\/n-acetylmorpholine-cas-1696-20-4\/","title":{"rendered":"n-Acetylmorpholin cas 1696-20-4"},"content":{"rendered":"<h2><strong>N-Acetylmorpholin Eigenschaften<\/strong><\/h2>\n<table class=\"table-1\" cellspacing=\"0\">\n<tbody>\n<tr>\n<td>Pr\u00fcfung (G.C.)<\/td>\n<td>\u226599%<\/td>\n<\/tr>\n<tr>\n<td>Dichte<\/td>\n<td>1.116<\/td>\n<\/tr>\n<tr>\n<td>Siedepunkt<\/td>\n<td>240\u2103<\/td>\n<\/tr>\n<tr>\n<td>Flammpunkt<\/td>\n<td>122\u2103<\/td>\n<\/tr>\n<\/tbody>\n<\/table>\n<h2><strong>N-Acetylmorpholin Verwendung<\/strong><\/h2>\n<p>N-Acetylmorpholin ist ein sehr wichtiges Pestizid-Zwischenprodukt. Es ist einer der Hauptrohstoffe zur Herstellung der Agrarfungizide Dimethomorph und Flumorph.<\/p>\n<ol>\n<li><strong>Chemische Synthese:<\/strong> N-Acetylmorpholin, mit der CAS-Nummer 1696-20-4, wird h\u00e4ufig in der chemischen Synthese verwendet. Es dient als vielseitiges Zwischenprodukt bei der Herstellung verschiedener organischer Verbindungen, einschlie\u00dflich Pharmazeutika, Agrochemikalien und Spezialchemikalien.<\/li>\n<li><strong>Polymer-Industrie:<\/strong> Diese Verbindung findet Anwendung in der Polymerindustrie. N-Acetylmorpholin wird als Katalysator und Reaktionsmedium in Polymerisationsprozessen verwendet und tr\u00e4gt zur Herstellung bestimmter Polymere und Copolymere bei.<\/li>\n<li><strong>Korrosionsinhibitor:<\/strong> N-Acetylmorpholin wird in bestimmten industriellen Verfahren als Korrosionsschutzmittel eingesetzt. Es tr\u00e4gt dazu bei, Metalloberfl\u00e4chen vor Korrosion zu sch\u00fctzen und die Langlebigkeit und Haltbarkeit von Anlagen zu verbessern.<\/li>\n<li><strong>L\u00f6sungsmittel:<\/strong> In einigen F\u00e4llen wird N-Acetylmorpholin als L\u00f6sungsmittel in verschiedenen chemischen Reaktionen und Prozessen verwendet. Aufgrund seiner einzigartigen Eigenschaften eignet es sich f\u00fcr den Einsatz in spezifischen Labor- und Industrieanwendungen.<\/li>\n<\/ol>\n<h2><strong>N-AcetylmorpholinVerpackung und Versand<\/strong><\/h2>\n<p>Verpackung: 200 kg\/Fass.<\/p>\n<p>Lieferung: innerhalb von 5-7 Arbeitstagen.<\/p>\n<h2><strong>N-AcetylmorpholinSpeicherung<\/strong><\/h2>\n<p>An einem k\u00fchlen, trockenen Ort ohne direkte Sonneneinstrahlung aufbewahren.<\/p>\n<h2><strong><b>Kontaktieren Sie uns jetzt!<\/b><\/strong><\/h2>\n<h4><strong><b>Wenn Sie COA, MSDS oder TDS ben\u00f6tigen, geben Sie bitte Ihre Kontaktinformationen in das untenstehende Formular ein. Wir werden uns in der Regel innerhalb von 24 Stunden mit Ihnen in Verbindung setzen. Sie k\u00f6nnen mir auch eine E-Mail schicken <span style=\"color: #0000ff;\"><a style=\"color: #0000ff;\" href=\"mailto:info@longchangchemical.com\">info@longchangchemical.com<\/a><\/span> w\u00e4hrend der Gesch\u00e4ftszeiten ( 8:30 bis 18:00 Uhr UTC+8 Mo.~Sa. ) oder nutzen Sie den Live-Chat auf der Website, um eine schnelle Antwort zu erhalten.<\/b><\/strong><\/h4>","protected":false},"excerpt":{"rendered":"<h2><strong>N-AcetylmorpholinSchnelle Details<\/strong><\/h2>\n<p>Produktbezeichnung: N-Acetylmorpholin<\/p>\n<p>Chemische Bezeichnung: 4-Acetylmorpholin;1-Morpholinoethanon;1-Morpholin-4-ylethanon<\/p>\n<p>CAS-Nr.: 1696-20-4<\/p>\n<p>Molekulare Formel: C6H11NO2<\/p>\n<p>Molekulargewicht: 129.15700<\/p>\n<p>N-AcetylmorpholinStruktur:<img decoding=\"async\" title=\"N-Acetylmorpholin-Struktur\" src=\"https:\/\/www.longchangchemical.com\/wp-content\/uploads\/product-details\/20200611227023.png\" alt=\"N-Acetylmorpholin-Struktur\" width=\"84\" height=\"45\" border=\"0\" vspace=\"0\" \/><\/p>","protected":false},"featured_media":6494,"comment_status":"open","ping_status":"closed","template":"","meta":[],"product_brand":[],"product_cat":[69],"product_tag":[],"class_list":{"0":"post-4210","1":"product","2":"type-product","3":"status-publish","4":"has-post-thumbnail","6":"product_cat-catalysts-chemical-auxiliary-agents","8":"first","9":"instock","10":"shipping-taxable","11":"product-type-simple"},"yoast_head":"<!-- This site is optimized with the Yoast SEO plugin v25.3.1 - https:\/\/yoast.com\/wordpress\/plugins\/seo\/ -->\n<title>China n-Acetylmorpholine Manufacturer CAS 1696-20-4 -Longchang Chemical<\/title>\n<meta name=\"description\" content=\"n-acetylmorpholine cas 1696-20-4 is key product of Longchang Chemical. We provide best price. We are the leading manufacturer and supplier in China with the best quanlity and competitive price.\" \/>\n<meta name=\"robots\" content=\"index, follow, max-snippet:-1, max-image-preview:large, max-video-preview:-1\" \/>\n<link rel=\"canonical\" href=\"https:\/\/longchangchemical.com\/de\/product\/n-acetylmorpholine-cas-1696-20-4\/\" \/>\n<meta property=\"og:locale\" content=\"de_DE\" \/>\n<meta property=\"og:type\" content=\"article\" \/>\n<meta property=\"og:title\" content=\"China n-Acetylmorpholine Manufacturer CAS 1696-20-4 -Longchang Chemical\" \/>\n<meta property=\"og:description\" content=\"n-acetylmorpholine cas 1696-20-4 is key product of Longchang Chemical. We provide best price. We are the leading manufacturer and supplier in China with the best quanlity and competitive price.\" \/>\n<meta property=\"og:url\" content=\"https:\/\/longchangchemical.com\/de\/product\/n-acetylmorpholine-cas-1696-20-4\/\" \/>\n<meta property=\"og:site_name\" content=\"Longchang Chemical\" \/>\n<meta property=\"article:modified_time\" content=\"2025-12-17T04:27:43+00:00\" \/>\n<meta property=\"og:image\" content=\"https:\/\/longchangchemical.com\/wp-content\/uploads\/2021\/01\/7-5.jpg\" \/>\n\t<meta property=\"og:image:width\" content=\"800\" \/>\n\t<meta property=\"og:image:height\" content=\"800\" \/>\n\t<meta property=\"og:image:type\" content=\"image\/jpeg\" \/>\n<meta name=\"twitter:card\" content=\"summary_large_image\" \/>\n<script type=\"application\/ld+json\" class=\"yoast-schema-graph\">{\"@context\":\"https:\/\/schema.org\",\"@graph\":[{\"@type\":\"WebPage\",\"@id\":\"https:\/\/longchangchemical.com\/product\/n-acetylmorpholine-cas-1696-20-4\/\",\"url\":\"https:\/\/longchangchemical.com\/product\/n-acetylmorpholine-cas-1696-20-4\/\",\"name\":\"China n-Acetylmorpholine Manufacturer CAS 1696-20-4 -Longchang Chemical\",\"isPartOf\":{\"@id\":\"https:\/\/longchangchemical.com\/#website\"},\"primaryImageOfPage\":{\"@id\":\"https:\/\/longchangchemical.com\/product\/n-acetylmorpholine-cas-1696-20-4\/#primaryimage\"},\"image\":{\"@id\":\"https:\/\/longchangchemical.com\/product\/n-acetylmorpholine-cas-1696-20-4\/#primaryimage\"},\"thumbnailUrl\":\"https:\/\/longchangchemical.com\/wp-content\/uploads\/2021\/01\/7-5.jpg\",\"datePublished\":\"2024-01-17T01:52:32+00:00\",\"dateModified\":\"2025-12-17T04:27:43+00:00\",\"description\":\"n-acetylmorpholine cas 1696-20-4 is key product of Longchang Chemical. We provide best price. We are the leading manufacturer and supplier in China with the best quanlity and competitive price.\",\"breadcrumb\":{\"@id\":\"https:\/\/longchangchemical.com\/product\/n-acetylmorpholine-cas-1696-20-4\/#breadcrumb\"},\"inLanguage\":\"de\",\"potentialAction\":[{\"@type\":\"ReadAction\",\"target\":[\"https:\/\/longchangchemical.com\/product\/n-acetylmorpholine-cas-1696-20-4\/\"]}]},{\"@type\":\"ImageObject\",\"inLanguage\":\"de\",\"@id\":\"https:\/\/longchangchemical.com\/product\/n-acetylmorpholine-cas-1696-20-4\/#primaryimage\",\"url\":\"https:\/\/longchangchemical.com\/wp-content\/uploads\/2021\/01\/7-5.jpg\",\"contentUrl\":\"https:\/\/longchangchemical.com\/wp-content\/uploads\/2021\/01\/7-5.jpg\",\"width\":800,\"height\":800,\"caption\":\"n-acetylmorpholine cas 1696-20-4\"},{\"@type\":\"BreadcrumbList\",\"@id\":\"https:\/\/longchangchemical.com\/product\/n-acetylmorpholine-cas-1696-20-4\/#breadcrumb\",\"itemListElement\":[{\"@type\":\"ListItem\",\"position\":1,\"name\":\"Home\",\"item\":\"https:\/\/longchangchemical.com\/\"},{\"@type\":\"ListItem\",\"position\":2,\"name\":\"Products Longchang\",\"item\":\"https:\/\/longchangchemical.com\/product\/\"},{\"@type\":\"ListItem\",\"position\":3,\"name\":\"n-acetylmorpholine cas 1696-20-4\"}]},{\"@type\":\"WebSite\",\"@id\":\"https:\/\/longchangchemical.com\/#website\",\"url\":\"https:\/\/longchangchemical.com\/\",\"name\":\"Longchang Chemical\",\"description\":\"China chemical manufacturer \uff06 supplier\",\"publisher\":{\"@id\":\"https:\/\/longchangchemical.com\/#organization\"},\"potentialAction\":[{\"@type\":\"SearchAction\",\"target\":{\"@type\":\"EntryPoint\",\"urlTemplate\":\"https:\/\/longchangchemical.com\/?s={search_term_string}\"},\"query-input\":{\"@type\":\"PropertyValueSpecification\",\"valueRequired\":true,\"valueName\":\"search_term_string\"}}],\"inLanguage\":\"de\"},{\"@type\":\"Organization\",\"@id\":\"https:\/\/longchangchemical.com\/#organization\",\"name\":\"Longchang Chemical\",\"url\":\"https:\/\/longchangchemical.com\/\",\"logo\":{\"@type\":\"ImageObject\",\"inLanguage\":\"de\",\"@id\":\"https:\/\/longchangchemical.com\/#\/schema\/logo\/image\/\",\"url\":\"https:\/\/longchangchemical.com\/wp-content\/uploads\/2020\/08\/cropped-longchang-logo.png\",\"contentUrl\":\"https:\/\/longchangchemical.com\/wp-content\/uploads\/2020\/08\/cropped-longchang-logo.png\",\"width\":512,\"height\":512,\"caption\":\"Longchang Chemical\"},\"image\":{\"@id\":\"https:\/\/longchangchemical.com\/#\/schema\/logo\/image\/\"}}]}<\/script>\n<!-- \/ Yoast SEO plugin. -->","yoast_head_json":{"title":"China n-Acetylmorpholin Hersteller CAS 1696-20-4 -Longchang Chemical","description":"n-Acetylmorpholin cas 1696-20-4 ist ein Schl\u00fcsselprodukt von Longchang Chemical. Wir bieten besten Preis. Wir sind der f\u00fchrende Hersteller und Lieferant in China mit dem besten quanlity und konkurrenzf\u00e4higen Preis.","robots":{"index":"index","follow":"follow","max-snippet":"max-snippet:-1","max-image-preview":"max-image-preview:large","max-video-preview":"max-video-preview:-1"},"canonical":"https:\/\/longchangchemical.com\/de\/product\/n-acetylmorpholine-cas-1696-20-4\/","og_locale":"de_DE","og_type":"article","og_title":"China n-Acetylmorpholine Manufacturer CAS 1696-20-4 -Longchang Chemical","og_description":"n-acetylmorpholine cas 1696-20-4 is key product of Longchang Chemical. We provide best price. We are the leading manufacturer and supplier in China with the best quanlity and competitive price.","og_url":"https:\/\/longchangchemical.com\/de\/product\/n-acetylmorpholine-cas-1696-20-4\/","og_site_name":"Longchang Chemical","article_modified_time":"2025-12-17T04:27:43+00:00","og_image":[{"width":800,"height":800,"url":"https:\/\/longchangchemical.com\/wp-content\/uploads\/2021\/01\/7-5.jpg","type":"image\/jpeg"}],"twitter_card":"summary_large_image","schema":{"@context":"https:\/\/schema.org","@graph":[{"@type":"WebPage","@id":"https:\/\/longchangchemical.com\/product\/n-acetylmorpholine-cas-1696-20-4\/","url":"https:\/\/longchangchemical.com\/product\/n-acetylmorpholine-cas-1696-20-4\/","name":"China n-Acetylmorpholin Hersteller CAS 1696-20-4 -Longchang Chemical","isPartOf":{"@id":"https:\/\/longchangchemical.com\/#website"},"primaryImageOfPage":{"@id":"https:\/\/longchangchemical.com\/product\/n-acetylmorpholine-cas-1696-20-4\/#primaryimage"},"image":{"@id":"https:\/\/longchangchemical.com\/product\/n-acetylmorpholine-cas-1696-20-4\/#primaryimage"},"thumbnailUrl":"https:\/\/longchangchemical.com\/wp-content\/uploads\/2021\/01\/7-5.jpg","datePublished":"2024-01-17T01:52:32+00:00","dateModified":"2025-12-17T04:27:43+00:00","description":"n-Acetylmorpholin cas 1696-20-4 ist ein Schl\u00fcsselprodukt von Longchang Chemical. Wir bieten besten Preis. Wir sind der f\u00fchrende Hersteller und Lieferant in China mit dem besten quanlity und konkurrenzf\u00e4higen Preis.","breadcrumb":{"@id":"https:\/\/longchangchemical.com\/product\/n-acetylmorpholine-cas-1696-20-4\/#breadcrumb"},"inLanguage":"de","potentialAction":[{"@type":"ReadAction","target":["https:\/\/longchangchemical.com\/product\/n-acetylmorpholine-cas-1696-20-4\/"]}]},{"@type":"ImageObject","inLanguage":"de","@id":"https:\/\/longchangchemical.com\/product\/n-acetylmorpholine-cas-1696-20-4\/#primaryimage","url":"https:\/\/longchangchemical.com\/wp-content\/uploads\/2021\/01\/7-5.jpg","contentUrl":"https:\/\/longchangchemical.com\/wp-content\/uploads\/2021\/01\/7-5.jpg","width":800,"height":800,"caption":"n-acetylmorpholine cas 1696-20-4"},{"@type":"BreadcrumbList","@id":"https:\/\/longchangchemical.com\/product\/n-acetylmorpholine-cas-1696-20-4\/#breadcrumb","itemListElement":[{"@type":"ListItem","position":1,"name":"Home","item":"https:\/\/longchangchemical.com\/"},{"@type":"ListItem","position":2,"name":"Products Longchang","item":"https:\/\/longchangchemical.com\/product\/"},{"@type":"ListItem","position":3,"name":"n-acetylmorpholine cas 1696-20-4"}]},{"@type":"WebSite","@id":"https:\/\/longchangchemical.com\/#website","url":"https:\/\/longchangchemical.com\/","name":"Longchang Chemical","description":"China Hersteller von Chemikalien \uff06 Lieferant","publisher":{"@id":"https:\/\/longchangchemical.com\/#organization"},"potentialAction":[{"@type":"SearchAction","target":{"@type":"EntryPoint","urlTemplate":"https:\/\/longchangchemical.com\/?s={search_term_string}"},"query-input":{"@type":"PropertyValueSpecification","valueRequired":true,"valueName":"search_term_string"}}],"inLanguage":"de"},{"@type":"Organization","@id":"https:\/\/longchangchemical.com\/#organization","name":"Longchang Chemical","url":"https:\/\/longchangchemical.com\/","logo":{"@type":"ImageObject","inLanguage":"de","@id":"https:\/\/longchangchemical.com\/#\/schema\/logo\/image\/","url":"https:\/\/longchangchemical.com\/wp-content\/uploads\/2020\/08\/cropped-longchang-logo.png","contentUrl":"https:\/\/longchangchemical.com\/wp-content\/uploads\/2020\/08\/cropped-longchang-logo.png","width":512,"height":512,"caption":"Longchang Chemical"},"image":{"@id":"https:\/\/longchangchemical.com\/#\/schema\/logo\/image\/"}}]}},"_links":{"self":[{"href":"https:\/\/longchangchemical.com\/de\/wp-json\/wp\/v2\/product\/4210","targetHints":{"allow":["GET"]}}],"collection":[{"href":"https:\/\/longchangchemical.com\/de\/wp-json\/wp\/v2\/product"}],"about":[{"href":"https:\/\/longchangchemical.com\/de\/wp-json\/wp\/v2\/types\/product"}],"replies":[{"embeddable":true,"href":"https:\/\/longchangchemical.com\/de\/wp-json\/wp\/v2\/comments?post=4210"}],"wp:featuredmedia":[{"embeddable":true,"href":"https:\/\/longchangchemical.com\/de\/wp-json\/wp\/v2\/media\/6494"}],"wp:attachment":[{"href":"https:\/\/longchangchemical.com\/de\/wp-json\/wp\/v2\/media?parent=4210"}],"wp:term":[{"taxonomy":"product_brand","embeddable":true,"href":"https:\/\/longchangchemical.com\/de\/wp-json\/wp\/v2\/product_brand?post=4210"},{"taxonomy":"product_cat","embeddable":true,"href":"https:\/\/longchangchemical.com\/de\/wp-json\/wp\/v2\/product_cat?post=4210"},{"taxonomy":"product_tag","embeddable":true,"href":"https:\/\/longchangchemical.com\/de\/wp-json\/wp\/v2\/product_tag?post=4210"}],"curies":[{"name":"wp","href":"https:\/\/api.w.org\/{rel}","templated":true}]}}