{"id":4209,"date":"2024-01-17T01:17:50","date_gmt":"2024-01-17T01:17:50","guid":{"rendered":"https:\/\/longchangchemical.com\/?post_type=product&#038;p=4209"},"modified":"2025-12-17T06:11:58","modified_gmt":"2025-12-17T06:11:58","slug":"2-morpholinoethanol-cas-622-40-2","status":"publish","type":"product","link":"https:\/\/longchangchemical.com\/de\/product\/2-morpholinoethanol-cas-622-40-2\/","title":{"rendered":"2-Morpholinoethanol cas 622-40-2"},"content":{"rendered":"<h2><strong>2-Morpholinoethanol typische Eigenschaften<\/strong><\/h2>\n<table class=\"table-1\" cellspacing=\"0\">\n<tbody>\n<tr>\n<td>Pr\u00fcfung (G.C.)<\/td>\n<td>\u226599%<\/td>\n<\/tr>\n<tr>\n<td>Dichte<\/td>\n<td>1.083<\/td>\n<\/tr>\n<tr>\n<td>Siedepunkt<\/td>\n<td>189\u2103<\/td>\n<\/tr>\n<tr>\n<td>Flammpunkt<\/td>\n<td>98\u2103<\/td>\n<\/tr>\n<\/tbody>\n<\/table>\n<h2>2-Morpholinoethanolfunktion<\/h2>\n<p>Das Produkt ist ein wichtiges Zwischenprodukt f\u00fcr Pestizide und Medikamente und wird haupts\u00e4chlich f\u00fcr die organische Synthese verwendet.<\/p>\n<ol>\n<li><strong>Chemische Synthese:<\/strong> 2-Morpholinoethanol mit der CAS-Nummer 622-40-2 wird h\u00e4ufig in der chemischen Synthese verwendet. Es dient als vielseitiges Zwischenprodukt bei der Herstellung verschiedener organischer Verbindungen, einschlie\u00dflich Pharmazeutika, Agrochemikalien und Spezialchemikalien.<\/li>\n<li><strong>Polymer-Industrie:<\/strong> Diese Verbindung findet Anwendung in der Polymerindustrie. 2-Morpholinoethanol wird bei der Synthese von Polymeren und Copolymeren verwendet und tr\u00e4gt zur Ver\u00e4nderung der Polymereigenschaften und zur Entwicklung spezifischer Materialien bei.<\/li>\n<li><strong>Textil- und Lederverarbeitung:<\/strong> In der Textil- und Lederindustrie wird 2-Morpholinoethanol als Netz- und Dispergiermittel eingesetzt. Es hilft bei der Verarbeitung von Textilien und Leder, indem es die F\u00e4rbe- und Veredelungsverfahren verbessert.<\/li>\n<li><strong>Pharmazeutika:<\/strong> 2-Morpholinoethanol wird in der pharmazeutischen Industrie als Zwischenprodukt bei der Synthese bestimmter Arzneimittel und pharmazeutischer Produkte verwendet. Es dient als Baustein f\u00fcr die Herstellung bestimmter Wirkstoffe.<\/li>\n<\/ol>\n<h2><strong>2-MorpholinoethanolVerpackung und Versand<\/strong><\/h2>\n<p>Verpackung: 200L\/Fass.<\/p>\n<p>Lieferung: innerhalb von 5-7 Arbeitstagen.<\/p>\n<h2><strong>2-Morpholinoethanol-Lagerung<\/strong><\/h2>\n<p>An einem k\u00fchlen, trockenen Ort ohne direkte Sonneneinstrahlung aufbewahren.<\/p>\n<h2><strong><b>Kontaktieren Sie uns jetzt!<\/b><\/strong><\/h2>\n<h4><strong><b>Wenn Sie COA, MSDS oder TDS ben\u00f6tigen, geben Sie bitte Ihre Kontaktinformationen in das untenstehende Formular ein. Wir werden uns in der Regel innerhalb von 24 Stunden mit Ihnen in Verbindung setzen. Sie k\u00f6nnen mir auch eine E-Mail schicken <span style=\"color: #0000ff;\"><a style=\"color: #0000ff;\" href=\"mailto:info@longchangchemical.com\">info@longchangchemical.com<\/a><\/span> w\u00e4hrend der Gesch\u00e4ftszeiten ( 8:30 bis 18:00 Uhr UTC+8 Mo.~Sa. ) oder nutzen Sie den Live-Chat auf der Website, um eine schnelle Antwort zu erhalten.<\/b><\/strong><\/h4>","protected":false},"excerpt":{"rendered":"<h2><strong>2-MorpholinoethanolSchnelle Informationen<\/strong><\/h2>\n<p>Produktbezeichnung: 2-Morpholinoethanol<\/p>\n<p>Andere Bezeichnung: 4-Morpholinethanol ,2-Morpholin-4-ylethanol ,2-(Morpholinyl)-ethano,Morpholin-4-ethanol.<\/p>\n<p>CAS-Nr.: 622-40-2<\/p>\n<p>Molekulare Formel: C6H13NO2<\/p>\n<p>Molekulargewicht: 131,17<\/p>\n<p>2-Morpholinoethanol-Struktur:<img decoding=\"async\" title=\"2-Morpholinoethanol Struktur\" src=\"https:\/\/www.longchangchemical.com\/wp-content\/uploads\/product-details\/20200611210059.png\" alt=\"2-Morpholinoethanol Struktur\" width=\"115\" height=\"44\" border=\"0\" vspace=\"0\" \/><\/p>\n<p>Pr\u00fcfung: \u226599%<\/p>","protected":false},"featured_media":6487,"comment_status":"open","ping_status":"closed","template":"","meta":[],"product_brand":[],"product_cat":[69],"product_tag":[],"class_list":{"0":"post-4209","1":"product","2":"type-product","3":"status-publish","4":"has-post-thumbnail","6":"product_cat-catalysts-chemical-auxiliary-agents","8":"first","9":"instock","10":"shipping-taxable","11":"product-type-simple"},"yoast_head":"<!-- This site is optimized with the Yoast SEO plugin v25.3.1 - https:\/\/yoast.com\/wordpress\/plugins\/seo\/ -->\n<title>China 2-Morpholinoethanol Manufacturer CAS 622-40-2 -Longchang Chemical<\/title>\n<meta name=\"description\" content=\"2-morpholinoethanol cas 622-40-2 is key product of Longchang Chemical. We provide best price. We are the leading manufacturer and supplier in China with the best quanlity and competitive price.\" \/>\n<meta name=\"robots\" content=\"index, follow, max-snippet:-1, max-image-preview:large, max-video-preview:-1\" \/>\n<link rel=\"canonical\" href=\"https:\/\/longchangchemical.com\/de\/product\/2-morpholinoethanol-cas-622-40-2\/\" \/>\n<meta property=\"og:locale\" content=\"de_DE\" \/>\n<meta property=\"og:type\" content=\"article\" \/>\n<meta property=\"og:title\" content=\"China 2-Morpholinoethanol Manufacturer CAS 622-40-2 -Longchang Chemical\" \/>\n<meta property=\"og:description\" content=\"2-morpholinoethanol cas 622-40-2 is key product of Longchang Chemical. We provide best price. We are the leading manufacturer and supplier in China with the best quanlity and competitive price.\" \/>\n<meta property=\"og:url\" content=\"https:\/\/longchangchemical.com\/de\/product\/2-morpholinoethanol-cas-622-40-2\/\" \/>\n<meta property=\"og:site_name\" content=\"Longchang Chemical\" \/>\n<meta property=\"article:modified_time\" content=\"2025-12-17T06:11:58+00:00\" \/>\n<meta property=\"og:image\" content=\"https:\/\/longchangchemical.com\/wp-content\/uploads\/2021\/01\/1-5.jpg\" \/>\n\t<meta property=\"og:image:width\" content=\"800\" \/>\n\t<meta property=\"og:image:height\" content=\"800\" \/>\n\t<meta property=\"og:image:type\" content=\"image\/jpeg\" \/>\n<meta name=\"twitter:card\" content=\"summary_large_image\" \/>\n<script type=\"application\/ld+json\" class=\"yoast-schema-graph\">{\"@context\":\"https:\/\/schema.org\",\"@graph\":[{\"@type\":\"WebPage\",\"@id\":\"https:\/\/longchangchemical.com\/product\/2-morpholinoethanol-cas-622-40-2\/\",\"url\":\"https:\/\/longchangchemical.com\/product\/2-morpholinoethanol-cas-622-40-2\/\",\"name\":\"China 2-Morpholinoethanol Manufacturer CAS 622-40-2 -Longchang Chemical\",\"isPartOf\":{\"@id\":\"https:\/\/longchangchemical.com\/#website\"},\"primaryImageOfPage\":{\"@id\":\"https:\/\/longchangchemical.com\/product\/2-morpholinoethanol-cas-622-40-2\/#primaryimage\"},\"image\":{\"@id\":\"https:\/\/longchangchemical.com\/product\/2-morpholinoethanol-cas-622-40-2\/#primaryimage\"},\"thumbnailUrl\":\"https:\/\/longchangchemical.com\/wp-content\/uploads\/2021\/01\/1-5.jpg\",\"datePublished\":\"2024-01-17T01:17:50+00:00\",\"dateModified\":\"2025-12-17T06:11:58+00:00\",\"description\":\"2-morpholinoethanol cas 622-40-2 is key product of Longchang Chemical. We provide best price. We are the leading manufacturer and supplier in China with the best quanlity and competitive price.\",\"breadcrumb\":{\"@id\":\"https:\/\/longchangchemical.com\/product\/2-morpholinoethanol-cas-622-40-2\/#breadcrumb\"},\"inLanguage\":\"de\",\"potentialAction\":[{\"@type\":\"ReadAction\",\"target\":[\"https:\/\/longchangchemical.com\/product\/2-morpholinoethanol-cas-622-40-2\/\"]}]},{\"@type\":\"ImageObject\",\"inLanguage\":\"de\",\"@id\":\"https:\/\/longchangchemical.com\/product\/2-morpholinoethanol-cas-622-40-2\/#primaryimage\",\"url\":\"https:\/\/longchangchemical.com\/wp-content\/uploads\/2021\/01\/1-5.jpg\",\"contentUrl\":\"https:\/\/longchangchemical.com\/wp-content\/uploads\/2021\/01\/1-5.jpg\",\"width\":800,\"height\":800,\"caption\":\"2-morpholinoethanol cas 622-40-2\"},{\"@type\":\"BreadcrumbList\",\"@id\":\"https:\/\/longchangchemical.com\/product\/2-morpholinoethanol-cas-622-40-2\/#breadcrumb\",\"itemListElement\":[{\"@type\":\"ListItem\",\"position\":1,\"name\":\"Home\",\"item\":\"https:\/\/longchangchemical.com\/\"},{\"@type\":\"ListItem\",\"position\":2,\"name\":\"Products Longchang\",\"item\":\"https:\/\/longchangchemical.com\/product\/\"},{\"@type\":\"ListItem\",\"position\":3,\"name\":\"2-morpholinoethanol cas 622-40-2\"}]},{\"@type\":\"WebSite\",\"@id\":\"https:\/\/longchangchemical.com\/#website\",\"url\":\"https:\/\/longchangchemical.com\/\",\"name\":\"Longchang Chemical\",\"description\":\"China chemical manufacturer \uff06 supplier\",\"publisher\":{\"@id\":\"https:\/\/longchangchemical.com\/#organization\"},\"potentialAction\":[{\"@type\":\"SearchAction\",\"target\":{\"@type\":\"EntryPoint\",\"urlTemplate\":\"https:\/\/longchangchemical.com\/?s={search_term_string}\"},\"query-input\":{\"@type\":\"PropertyValueSpecification\",\"valueRequired\":true,\"valueName\":\"search_term_string\"}}],\"inLanguage\":\"de\"},{\"@type\":\"Organization\",\"@id\":\"https:\/\/longchangchemical.com\/#organization\",\"name\":\"Longchang Chemical\",\"url\":\"https:\/\/longchangchemical.com\/\",\"logo\":{\"@type\":\"ImageObject\",\"inLanguage\":\"de\",\"@id\":\"https:\/\/longchangchemical.com\/#\/schema\/logo\/image\/\",\"url\":\"https:\/\/longchangchemical.com\/wp-content\/uploads\/2020\/08\/cropped-longchang-logo.png\",\"contentUrl\":\"https:\/\/longchangchemical.com\/wp-content\/uploads\/2020\/08\/cropped-longchang-logo.png\",\"width\":512,\"height\":512,\"caption\":\"Longchang Chemical\"},\"image\":{\"@id\":\"https:\/\/longchangchemical.com\/#\/schema\/logo\/image\/\"}}]}<\/script>\n<!-- \/ Yoast SEO plugin. -->","yoast_head_json":{"title":"China 2-Morpholinoethanol Hersteller CAS 622-40-2 -Longchang Chemical","description":"2-Morpholinoethanol cas 622-40-2 ist ein Schl\u00fcsselprodukt von Longchang Chemical. Wir bieten besten Preis. Wir sind der f\u00fchrende Hersteller und Lieferant in China mit dem besten quanlity und konkurrenzf\u00e4higen Preis.","robots":{"index":"index","follow":"follow","max-snippet":"max-snippet:-1","max-image-preview":"max-image-preview:large","max-video-preview":"max-video-preview:-1"},"canonical":"https:\/\/longchangchemical.com\/de\/product\/2-morpholinoethanol-cas-622-40-2\/","og_locale":"de_DE","og_type":"article","og_title":"China 2-Morpholinoethanol Manufacturer CAS 622-40-2 -Longchang Chemical","og_description":"2-morpholinoethanol cas 622-40-2 is key product of Longchang Chemical. We provide best price. We are the leading manufacturer and supplier in China with the best quanlity and competitive price.","og_url":"https:\/\/longchangchemical.com\/de\/product\/2-morpholinoethanol-cas-622-40-2\/","og_site_name":"Longchang Chemical","article_modified_time":"2025-12-17T06:11:58+00:00","og_image":[{"width":800,"height":800,"url":"https:\/\/longchangchemical.com\/wp-content\/uploads\/2021\/01\/1-5.jpg","type":"image\/jpeg"}],"twitter_card":"summary_large_image","schema":{"@context":"https:\/\/schema.org","@graph":[{"@type":"WebPage","@id":"https:\/\/longchangchemical.com\/product\/2-morpholinoethanol-cas-622-40-2\/","url":"https:\/\/longchangchemical.com\/product\/2-morpholinoethanol-cas-622-40-2\/","name":"China 2-Morpholinoethanol Hersteller CAS 622-40-2 -Longchang Chemical","isPartOf":{"@id":"https:\/\/longchangchemical.com\/#website"},"primaryImageOfPage":{"@id":"https:\/\/longchangchemical.com\/product\/2-morpholinoethanol-cas-622-40-2\/#primaryimage"},"image":{"@id":"https:\/\/longchangchemical.com\/product\/2-morpholinoethanol-cas-622-40-2\/#primaryimage"},"thumbnailUrl":"https:\/\/longchangchemical.com\/wp-content\/uploads\/2021\/01\/1-5.jpg","datePublished":"2024-01-17T01:17:50+00:00","dateModified":"2025-12-17T06:11:58+00:00","description":"2-Morpholinoethanol cas 622-40-2 ist ein Schl\u00fcsselprodukt von Longchang Chemical. Wir bieten besten Preis. Wir sind der f\u00fchrende Hersteller und Lieferant in China mit dem besten quanlity und konkurrenzf\u00e4higen Preis.","breadcrumb":{"@id":"https:\/\/longchangchemical.com\/product\/2-morpholinoethanol-cas-622-40-2\/#breadcrumb"},"inLanguage":"de","potentialAction":[{"@type":"ReadAction","target":["https:\/\/longchangchemical.com\/product\/2-morpholinoethanol-cas-622-40-2\/"]}]},{"@type":"ImageObject","inLanguage":"de","@id":"https:\/\/longchangchemical.com\/product\/2-morpholinoethanol-cas-622-40-2\/#primaryimage","url":"https:\/\/longchangchemical.com\/wp-content\/uploads\/2021\/01\/1-5.jpg","contentUrl":"https:\/\/longchangchemical.com\/wp-content\/uploads\/2021\/01\/1-5.jpg","width":800,"height":800,"caption":"2-morpholinoethanol cas 622-40-2"},{"@type":"BreadcrumbList","@id":"https:\/\/longchangchemical.com\/product\/2-morpholinoethanol-cas-622-40-2\/#breadcrumb","itemListElement":[{"@type":"ListItem","position":1,"name":"Home","item":"https:\/\/longchangchemical.com\/"},{"@type":"ListItem","position":2,"name":"Products Longchang","item":"https:\/\/longchangchemical.com\/product\/"},{"@type":"ListItem","position":3,"name":"2-morpholinoethanol cas 622-40-2"}]},{"@type":"WebSite","@id":"https:\/\/longchangchemical.com\/#website","url":"https:\/\/longchangchemical.com\/","name":"Longchang Chemical","description":"China Hersteller von Chemikalien \uff06 Lieferant","publisher":{"@id":"https:\/\/longchangchemical.com\/#organization"},"potentialAction":[{"@type":"SearchAction","target":{"@type":"EntryPoint","urlTemplate":"https:\/\/longchangchemical.com\/?s={search_term_string}"},"query-input":{"@type":"PropertyValueSpecification","valueRequired":true,"valueName":"search_term_string"}}],"inLanguage":"de"},{"@type":"Organization","@id":"https:\/\/longchangchemical.com\/#organization","name":"Longchang Chemical","url":"https:\/\/longchangchemical.com\/","logo":{"@type":"ImageObject","inLanguage":"de","@id":"https:\/\/longchangchemical.com\/#\/schema\/logo\/image\/","url":"https:\/\/longchangchemical.com\/wp-content\/uploads\/2020\/08\/cropped-longchang-logo.png","contentUrl":"https:\/\/longchangchemical.com\/wp-content\/uploads\/2020\/08\/cropped-longchang-logo.png","width":512,"height":512,"caption":"Longchang Chemical"},"image":{"@id":"https:\/\/longchangchemical.com\/#\/schema\/logo\/image\/"}}]}},"_links":{"self":[{"href":"https:\/\/longchangchemical.com\/de\/wp-json\/wp\/v2\/product\/4209","targetHints":{"allow":["GET"]}}],"collection":[{"href":"https:\/\/longchangchemical.com\/de\/wp-json\/wp\/v2\/product"}],"about":[{"href":"https:\/\/longchangchemical.com\/de\/wp-json\/wp\/v2\/types\/product"}],"replies":[{"embeddable":true,"href":"https:\/\/longchangchemical.com\/de\/wp-json\/wp\/v2\/comments?post=4209"}],"wp:featuredmedia":[{"embeddable":true,"href":"https:\/\/longchangchemical.com\/de\/wp-json\/wp\/v2\/media\/6487"}],"wp:attachment":[{"href":"https:\/\/longchangchemical.com\/de\/wp-json\/wp\/v2\/media?parent=4209"}],"wp:term":[{"taxonomy":"product_brand","embeddable":true,"href":"https:\/\/longchangchemical.com\/de\/wp-json\/wp\/v2\/product_brand?post=4209"},{"taxonomy":"product_cat","embeddable":true,"href":"https:\/\/longchangchemical.com\/de\/wp-json\/wp\/v2\/product_cat?post=4209"},{"taxonomy":"product_tag","embeddable":true,"href":"https:\/\/longchangchemical.com\/de\/wp-json\/wp\/v2\/product_tag?post=4209"}],"curies":[{"name":"wp","href":"https:\/\/api.w.org\/{rel}","templated":true}]}}