{"id":4203,"date":"2024-01-18T02:54:18","date_gmt":"2024-01-18T02:54:18","guid":{"rendered":"https:\/\/longchangchemical.com\/?post_type=product&#038;p=4203"},"modified":"2025-12-17T04:19:39","modified_gmt":"2025-12-17T04:19:39","slug":"2-methyl-anthraquinone-cas-84-54-8","status":"publish","type":"product","link":"https:\/\/longchangchemical.com\/de\/product\/2-methyl-anthraquinone-cas-84-54-8\/","title":{"rendered":"2-Methylanthrachinon cas 84-54-8"},"content":{"rendered":"<h2><strong>2-Methylanthrachinon Typische Eigenschaften<\/strong><\/h2>\n<table class=\"table-1\" cellspacing=\"0\">\n<tbody>\n<tr>\n<td>Artikel<\/td>\n<td>Standard<\/td>\n<td>Ergebnisse<\/td>\n<\/tr>\n<tr>\n<td>Erscheinungsbild<\/td>\n<td>Hellgelbes Pulver<\/td>\n<td>99.13%<\/td>\n<\/tr>\n<tr>\n<td>Assay<\/td>\n<td>\u2265 99,0 %<\/td>\n<td>285.3<\/td>\n<\/tr>\n<tr>\n<td>Anfangsschmelzpunkt getrocknet \u2103<\/td>\n<td>\u2265 284.2<\/td>\n<td>108.2\u2103<\/td>\n<\/tr>\n<tr>\n<td>Ash%<\/td>\n<td>\u2264 0,5%<\/td>\n<td>0.39%<\/td>\n<\/tr>\n<tr>\n<td>Verlust beim Trocknen %<\/td>\n<td>\u2264 0,4%<\/td>\n<td>0.24%<\/td>\n<\/tr>\n<tr>\n<td>Paket<\/td>\n<td>25kg gewebter Plastiksack<\/td>\n<td>Erf\u00fcllt<\/td>\n<\/tr>\n<tr>\n<td>Schlussfolgerung<\/td>\n<td colspan=\"2\">Qualifiziert<\/td>\n<\/tr>\n<\/tbody>\n<\/table>\n<h2><strong>2-Methylanthrachinon Verwendung<\/strong><\/h2>\n<p>1. als Farbstoffe und Pigmentvermittler verwendet.<\/p>\n<p>2. wird als Kochzusatz f\u00fcr die Herstellung von Zellstoff in der Papierindustrie verwendet.<\/p>\n<p>3.2-Methylanthrachinon wird als pharmazeutisches Zwischenprodukt verwendet. Es wird in Smog-Farbstoffen verwendet.<\/p>\n<p>4.2-Methylanthrachinon kann zur Herstellung potenzieller bioreduzierbarer Anthrachinon-Derivate verwendet werden.<\/p>\n<h2><strong>2-Methylanthrachinon Verpackung und Versand<\/strong><\/h2>\n<p>Verpackung: 25kg\/Sack<\/p>\n<h2><strong>2-Methylanthrachinon Lagerung<\/strong><\/h2>\n<p>An einem k\u00fchlen, trockenen Ort ohne direkte Sonneneinstrahlung aufbewahren.<\/p>\n<h2><strong><b>Kontaktieren Sie uns jetzt!<\/b><\/strong><\/h2>\n<h4><strong><b>Wenn Sie COA, MSDS oder TDS ben\u00f6tigen, geben Sie bitte Ihre Kontaktinformationen in das untenstehende Formular ein. Wir werden uns in der Regel innerhalb von 24 Stunden mit Ihnen in Verbindung setzen. Sie k\u00f6nnen mir auch eine E-Mail schicken <span style=\"color: #0000ff;\"><a style=\"color: #0000ff;\" href=\"mailto:info@longchangchemical.com\">info@longchangchemical.com<\/a><\/span> w\u00e4hrend der Gesch\u00e4ftszeiten ( 8:30 bis 18:00 Uhr UTC+8 Mo.~Sa. ) oder nutzen Sie den Live-Chat auf der Website, um eine schnelle Antwort zu erhalten.<\/b><\/strong><\/h4>","protected":false},"excerpt":{"rendered":"<h2><strong>2-Methylanthrachinon Schnelle Details<\/strong><\/h2>\n<p>Chemische Bezeichnung: 2-Methylanthrachinon<\/p>\n<p>CAS-Nr.: 84-54-8<\/p>\n<p>Summenformel: C15H10O2<\/p>\n<p>Molekulargewicht:222.24<\/p>\n<p>Chemische Struktur:<img decoding=\"async\" title=\"2-Methylanthrachinon Struktur\" src=\"https:\/\/www.longchangchemical.com\/wp-content\/uploads\/product-details\/20200612217798.png\" alt=\"2-Methylanthrachinon Struktur\" width=\"126\" height=\"93\" border=\"0\" vspace=\"0\" \/><\/p>\n<p>Erscheinungsbild:Hellgelbes Pulver<\/p>\n<p>Assay: 99%<\/p>","protected":false},"featured_media":6515,"comment_status":"open","ping_status":"closed","template":"","meta":[],"product_brand":[],"product_cat":[69],"product_tag":[],"class_list":{"0":"post-4203","1":"product","2":"type-product","3":"status-publish","4":"has-post-thumbnail","6":"product_cat-catalysts-chemical-auxiliary-agents","8":"first","9":"instock","10":"shipping-taxable","11":"product-type-simple"},"yoast_head":"<!-- This site is optimized with the Yoast SEO plugin v25.3.1 - https:\/\/yoast.com\/wordpress\/plugins\/seo\/ -->\n<title>China 2-methyl anthraquinone Manufacturer CAS 84-54-8 -Longchang Chemical<\/title>\n<meta name=\"description\" content=\"2-methyl anthraquinone cas 84-54-8 is key product of Longchang Chemical. We provide best price. We are the leading manufacturer and supplier in China with the best quanlity and competitive price.\" \/>\n<meta name=\"robots\" content=\"index, follow, max-snippet:-1, max-image-preview:large, max-video-preview:-1\" \/>\n<link rel=\"canonical\" href=\"https:\/\/longchangchemical.com\/de\/product\/2-methyl-anthraquinone-cas-84-54-8\/\" \/>\n<meta property=\"og:locale\" content=\"de_DE\" \/>\n<meta property=\"og:type\" content=\"article\" \/>\n<meta property=\"og:title\" content=\"China 2-methyl anthraquinone Manufacturer CAS 84-54-8 -Longchang Chemical\" \/>\n<meta property=\"og:description\" content=\"2-methyl anthraquinone cas 84-54-8 is key product of Longchang Chemical. We provide best price. We are the leading manufacturer and supplier in China with the best quanlity and competitive price.\" \/>\n<meta property=\"og:url\" content=\"https:\/\/longchangchemical.com\/de\/product\/2-methyl-anthraquinone-cas-84-54-8\/\" \/>\n<meta property=\"og:site_name\" content=\"Longchang Chemical\" \/>\n<meta property=\"article:modified_time\" content=\"2025-12-17T04:19:39+00:00\" \/>\n<meta property=\"og:image\" content=\"https:\/\/longchangchemical.com\/wp-content\/uploads\/2024\/01\/8-2.jpg\" \/>\n\t<meta property=\"og:image:width\" content=\"800\" \/>\n\t<meta property=\"og:image:height\" content=\"800\" \/>\n\t<meta property=\"og:image:type\" content=\"image\/jpeg\" \/>\n<meta name=\"twitter:card\" content=\"summary_large_image\" \/>\n<script type=\"application\/ld+json\" class=\"yoast-schema-graph\">{\"@context\":\"https:\/\/schema.org\",\"@graph\":[{\"@type\":\"WebPage\",\"@id\":\"https:\/\/longchangchemical.com\/product\/2-methyl-anthraquinone-cas-84-54-8\/\",\"url\":\"https:\/\/longchangchemical.com\/product\/2-methyl-anthraquinone-cas-84-54-8\/\",\"name\":\"China 2-methyl anthraquinone Manufacturer CAS 84-54-8 -Longchang Chemical\",\"isPartOf\":{\"@id\":\"https:\/\/longchangchemical.com\/#website\"},\"primaryImageOfPage\":{\"@id\":\"https:\/\/longchangchemical.com\/product\/2-methyl-anthraquinone-cas-84-54-8\/#primaryimage\"},\"image\":{\"@id\":\"https:\/\/longchangchemical.com\/product\/2-methyl-anthraquinone-cas-84-54-8\/#primaryimage\"},\"thumbnailUrl\":\"https:\/\/longchangchemical.com\/wp-content\/uploads\/2024\/01\/8-2.jpg\",\"datePublished\":\"2024-01-18T02:54:18+00:00\",\"dateModified\":\"2025-12-17T04:19:39+00:00\",\"description\":\"2-methyl anthraquinone cas 84-54-8 is key product of Longchang Chemical. We provide best price. We are the leading manufacturer and supplier in China with the best quanlity and competitive price.\",\"breadcrumb\":{\"@id\":\"https:\/\/longchangchemical.com\/product\/2-methyl-anthraquinone-cas-84-54-8\/#breadcrumb\"},\"inLanguage\":\"de\",\"potentialAction\":[{\"@type\":\"ReadAction\",\"target\":[\"https:\/\/longchangchemical.com\/product\/2-methyl-anthraquinone-cas-84-54-8\/\"]}]},{\"@type\":\"ImageObject\",\"inLanguage\":\"de\",\"@id\":\"https:\/\/longchangchemical.com\/product\/2-methyl-anthraquinone-cas-84-54-8\/#primaryimage\",\"url\":\"https:\/\/longchangchemical.com\/wp-content\/uploads\/2024\/01\/8-2.jpg\",\"contentUrl\":\"https:\/\/longchangchemical.com\/wp-content\/uploads\/2024\/01\/8-2.jpg\",\"width\":800,\"height\":800,\"caption\":\"2-methyl anthraquinone cas 84-54-8\"},{\"@type\":\"BreadcrumbList\",\"@id\":\"https:\/\/longchangchemical.com\/product\/2-methyl-anthraquinone-cas-84-54-8\/#breadcrumb\",\"itemListElement\":[{\"@type\":\"ListItem\",\"position\":1,\"name\":\"Home\",\"item\":\"https:\/\/longchangchemical.com\/\"},{\"@type\":\"ListItem\",\"position\":2,\"name\":\"Products Longchang\",\"item\":\"https:\/\/longchangchemical.com\/product\/\"},{\"@type\":\"ListItem\",\"position\":3,\"name\":\"2-methyl anthraquinone cas 84-54-8\"}]},{\"@type\":\"WebSite\",\"@id\":\"https:\/\/longchangchemical.com\/#website\",\"url\":\"https:\/\/longchangchemical.com\/\",\"name\":\"Longchang Chemical\",\"description\":\"China chemical manufacturer \uff06 supplier\",\"publisher\":{\"@id\":\"https:\/\/longchangchemical.com\/#organization\"},\"potentialAction\":[{\"@type\":\"SearchAction\",\"target\":{\"@type\":\"EntryPoint\",\"urlTemplate\":\"https:\/\/longchangchemical.com\/?s={search_term_string}\"},\"query-input\":{\"@type\":\"PropertyValueSpecification\",\"valueRequired\":true,\"valueName\":\"search_term_string\"}}],\"inLanguage\":\"de\"},{\"@type\":\"Organization\",\"@id\":\"https:\/\/longchangchemical.com\/#organization\",\"name\":\"Longchang Chemical\",\"url\":\"https:\/\/longchangchemical.com\/\",\"logo\":{\"@type\":\"ImageObject\",\"inLanguage\":\"de\",\"@id\":\"https:\/\/longchangchemical.com\/#\/schema\/logo\/image\/\",\"url\":\"https:\/\/longchangchemical.com\/wp-content\/uploads\/2020\/08\/cropped-longchang-logo.png\",\"contentUrl\":\"https:\/\/longchangchemical.com\/wp-content\/uploads\/2020\/08\/cropped-longchang-logo.png\",\"width\":512,\"height\":512,\"caption\":\"Longchang Chemical\"},\"image\":{\"@id\":\"https:\/\/longchangchemical.com\/#\/schema\/logo\/image\/\"}}]}<\/script>\n<!-- \/ Yoast SEO plugin. -->","yoast_head_json":{"title":"China 2-Methylanthrachinon Hersteller CAS 84-54-8 -Longchang Chemical","description":"2-Methylanthrachinon cas 84-54-8 ist ein Schl\u00fcsselprodukt von Longchang Chemical. Wir bieten besten Preis. Wir sind der f\u00fchrende Hersteller und Lieferant in China mit dem besten quanlity und konkurrenzf\u00e4higen Preis.","robots":{"index":"index","follow":"follow","max-snippet":"max-snippet:-1","max-image-preview":"max-image-preview:large","max-video-preview":"max-video-preview:-1"},"canonical":"https:\/\/longchangchemical.com\/de\/product\/2-methyl-anthraquinone-cas-84-54-8\/","og_locale":"de_DE","og_type":"article","og_title":"China 2-methyl anthraquinone Manufacturer CAS 84-54-8 -Longchang Chemical","og_description":"2-methyl anthraquinone cas 84-54-8 is key product of Longchang Chemical. We provide best price. We are the leading manufacturer and supplier in China with the best quanlity and competitive price.","og_url":"https:\/\/longchangchemical.com\/de\/product\/2-methyl-anthraquinone-cas-84-54-8\/","og_site_name":"Longchang Chemical","article_modified_time":"2025-12-17T04:19:39+00:00","og_image":[{"width":800,"height":800,"url":"https:\/\/longchangchemical.com\/wp-content\/uploads\/2024\/01\/8-2.jpg","type":"image\/jpeg"}],"twitter_card":"summary_large_image","schema":{"@context":"https:\/\/schema.org","@graph":[{"@type":"WebPage","@id":"https:\/\/longchangchemical.com\/product\/2-methyl-anthraquinone-cas-84-54-8\/","url":"https:\/\/longchangchemical.com\/product\/2-methyl-anthraquinone-cas-84-54-8\/","name":"China 2-Methylanthrachinon Hersteller CAS 84-54-8 -Longchang Chemical","isPartOf":{"@id":"https:\/\/longchangchemical.com\/#website"},"primaryImageOfPage":{"@id":"https:\/\/longchangchemical.com\/product\/2-methyl-anthraquinone-cas-84-54-8\/#primaryimage"},"image":{"@id":"https:\/\/longchangchemical.com\/product\/2-methyl-anthraquinone-cas-84-54-8\/#primaryimage"},"thumbnailUrl":"https:\/\/longchangchemical.com\/wp-content\/uploads\/2024\/01\/8-2.jpg","datePublished":"2024-01-18T02:54:18+00:00","dateModified":"2025-12-17T04:19:39+00:00","description":"2-Methylanthrachinon cas 84-54-8 ist ein Schl\u00fcsselprodukt von Longchang Chemical. Wir bieten besten Preis. Wir sind der f\u00fchrende Hersteller und Lieferant in China mit dem besten quanlity und konkurrenzf\u00e4higen Preis.","breadcrumb":{"@id":"https:\/\/longchangchemical.com\/product\/2-methyl-anthraquinone-cas-84-54-8\/#breadcrumb"},"inLanguage":"de","potentialAction":[{"@type":"ReadAction","target":["https:\/\/longchangchemical.com\/product\/2-methyl-anthraquinone-cas-84-54-8\/"]}]},{"@type":"ImageObject","inLanguage":"de","@id":"https:\/\/longchangchemical.com\/product\/2-methyl-anthraquinone-cas-84-54-8\/#primaryimage","url":"https:\/\/longchangchemical.com\/wp-content\/uploads\/2024\/01\/8-2.jpg","contentUrl":"https:\/\/longchangchemical.com\/wp-content\/uploads\/2024\/01\/8-2.jpg","width":800,"height":800,"caption":"2-methyl anthraquinone cas 84-54-8"},{"@type":"BreadcrumbList","@id":"https:\/\/longchangchemical.com\/product\/2-methyl-anthraquinone-cas-84-54-8\/#breadcrumb","itemListElement":[{"@type":"ListItem","position":1,"name":"Home","item":"https:\/\/longchangchemical.com\/"},{"@type":"ListItem","position":2,"name":"Products Longchang","item":"https:\/\/longchangchemical.com\/product\/"},{"@type":"ListItem","position":3,"name":"2-methyl anthraquinone cas 84-54-8"}]},{"@type":"WebSite","@id":"https:\/\/longchangchemical.com\/#website","url":"https:\/\/longchangchemical.com\/","name":"Longchang Chemical","description":"China Hersteller von Chemikalien \uff06 Lieferant","publisher":{"@id":"https:\/\/longchangchemical.com\/#organization"},"potentialAction":[{"@type":"SearchAction","target":{"@type":"EntryPoint","urlTemplate":"https:\/\/longchangchemical.com\/?s={search_term_string}"},"query-input":{"@type":"PropertyValueSpecification","valueRequired":true,"valueName":"search_term_string"}}],"inLanguage":"de"},{"@type":"Organization","@id":"https:\/\/longchangchemical.com\/#organization","name":"Longchang Chemical","url":"https:\/\/longchangchemical.com\/","logo":{"@type":"ImageObject","inLanguage":"de","@id":"https:\/\/longchangchemical.com\/#\/schema\/logo\/image\/","url":"https:\/\/longchangchemical.com\/wp-content\/uploads\/2020\/08\/cropped-longchang-logo.png","contentUrl":"https:\/\/longchangchemical.com\/wp-content\/uploads\/2020\/08\/cropped-longchang-logo.png","width":512,"height":512,"caption":"Longchang Chemical"},"image":{"@id":"https:\/\/longchangchemical.com\/#\/schema\/logo\/image\/"}}]}},"_links":{"self":[{"href":"https:\/\/longchangchemical.com\/de\/wp-json\/wp\/v2\/product\/4203","targetHints":{"allow":["GET"]}}],"collection":[{"href":"https:\/\/longchangchemical.com\/de\/wp-json\/wp\/v2\/product"}],"about":[{"href":"https:\/\/longchangchemical.com\/de\/wp-json\/wp\/v2\/types\/product"}],"replies":[{"embeddable":true,"href":"https:\/\/longchangchemical.com\/de\/wp-json\/wp\/v2\/comments?post=4203"}],"wp:featuredmedia":[{"embeddable":true,"href":"https:\/\/longchangchemical.com\/de\/wp-json\/wp\/v2\/media\/6515"}],"wp:attachment":[{"href":"https:\/\/longchangchemical.com\/de\/wp-json\/wp\/v2\/media?parent=4203"}],"wp:term":[{"taxonomy":"product_brand","embeddable":true,"href":"https:\/\/longchangchemical.com\/de\/wp-json\/wp\/v2\/product_brand?post=4203"},{"taxonomy":"product_cat","embeddable":true,"href":"https:\/\/longchangchemical.com\/de\/wp-json\/wp\/v2\/product_cat?post=4203"},{"taxonomy":"product_tag","embeddable":true,"href":"https:\/\/longchangchemical.com\/de\/wp-json\/wp\/v2\/product_tag?post=4203"}],"curies":[{"name":"wp","href":"https:\/\/api.w.org\/{rel}","templated":true}]}}