{"id":4199,"date":"2024-01-18T03:29:55","date_gmt":"2024-01-18T03:29:55","guid":{"rendered":"https:\/\/longchangchemical.com\/?post_type=product&#038;p=4199"},"modified":"2025-12-17T04:12:19","modified_gmt":"2025-12-17T04:12:19","slug":"basic-red-5-cas-553-24-2","status":"publish","type":"product","link":"https:\/\/longchangchemical.com\/de\/product\/basic-red-5-cas-553-24-2\/","title":{"rendered":"basisch rot 5 cas 553-24-2"},"content":{"rendered":"<h2><strong>Basic Red 5 Typische Eigenschaften<\/strong><\/h2>\n<table class=\"table-1\" cellspacing=\"0\">\n<tbody>\n<tr>\n<td>Erscheinungsbild<\/td>\n<td>Dunkelgr\u00fcnes, braunes oder leicht schwarzes Pulver<\/td>\n<td>Dunkelgr\u00fcnes, braunes oder leicht schwarzes Pulver<\/td>\n<\/tr>\n<tr>\n<td>PH Bereich Verf\u00e4rbung<\/td>\n<td>6.8\uff08Rot\uff09\uff5e8.0\uff08Gelb\uff09<\/td>\n<td>6.8\uff08Rot\uff09\uff5e8.0\uff08Jelloow\uff09<\/td>\n<\/tr>\n<tr>\n<td>Verbrennungsr\u00fcckstand (berechnet als Sulfat)\u2264<\/td>\n<td>2<\/td>\n<td>1.2<\/td>\n<\/tr>\n<tr>\n<td>Ethanol-Aufl\u00f6sungspr\u00fcfung Empfindlichkeitspr\u00fcfung<\/td>\n<td>Erf\u00fcllt Erf\u00fcllt<\/td>\n<td>Erf\u00fcllt Erf\u00fcllt<\/td>\n<\/tr>\n<\/tbody>\n<\/table>\n<h2><strong>Grundlegende Verwendung von Red 5<\/strong><\/h2>\n<p>1. S\u00e4ure-Base-Indikator, biologischer Farbstoff<\/p>\n<p>2. Alkalit\u00e4tsindikator f\u00fcr Wasser, Nitrit und Urin<\/p>\n<p>3. Hydrolyse-Indikator f\u00fcr Fett in der Histochemie<\/p>\n<p>4. Nissl-Granulatf\u00e4rbung von Nervenzellen<\/p>\n<p>5. Wird zusammen mit Jianna Green f\u00fcr die In-vitro-F\u00e4rbung lebender K\u00f6rper verwendet<\/p>\n<p>6. Photometrische Bestimmung von Jodid-Ionen<\/p>\n<p>7. Vorbereitung des neutralroten Testpapiers<\/p>\n<h2><strong>Basic Red 5 Verpackung und Versand<\/strong><\/h2>\n<p>Verpackung: 25kg\/Sack<\/p>\n<h2><strong>Basic Red 5 Lagerung<\/strong><\/h2>\n<p>In einem k\u00fchlen, trockenen und bel\u00fcfteten Lagerhaus fern von Kindern gelagert<\/p>\n<h2><strong><b>Kontaktieren Sie uns jetzt!<\/b><\/strong><\/h2>\n<h4><strong><b>Wenn Sie COA, MSDS oder TDS ben\u00f6tigen, geben Sie bitte Ihre Kontaktinformationen in das untenstehende Formular ein. Wir werden uns in der Regel innerhalb von 24 Stunden mit Ihnen in Verbindung setzen. Sie k\u00f6nnen mir auch eine E-Mail schicken <span style=\"color: #0000ff;\"><a style=\"color: #0000ff;\" href=\"mailto:info@longchangchemical.com\">info@longchangchemical.com<\/a><\/span> w\u00e4hrend der Gesch\u00e4ftszeiten ( 8:30 bis 18:00 Uhr UTC+8 Mo.~Sa. ) oder nutzen Sie den Live-Chat auf der Website, um eine schnelle Antwort zu erhalten.<\/b><\/strong><\/h4>","protected":false},"excerpt":{"rendered":"<h2><strong>Basic Red 5 Details<\/strong><\/h2>\n<p>Chemische Bezeichnung: Grundrot 5<\/p>\n<p>CAS-Nr.:553-24-2<\/p>\n<p>Molekulare Formel: C15H17ClN4<\/p>\n<p>Molekulargewicht:288.77528<\/p>\n<p>MolekulareStruktur:<img decoding=\"async\" title=\"Grundlegende Struktur von Red 5\" src=\"https:\/\/www.longchangchemical.com\/wp-content\/uploads\/product-details\/20200611270254.png\" alt=\"Grundlegende Struktur von Red 5\" width=\"220\" height=\"110\" border=\"0\" vspace=\"0\" \/><\/p>\n<p>Erscheinungsbild: dunkelgr\u00fcn<\/p>","protected":false},"featured_media":6517,"comment_status":"open","ping_status":"closed","template":"","meta":[],"product_brand":[],"product_cat":[69],"product_tag":[],"class_list":{"0":"post-4199","1":"product","2":"type-product","3":"status-publish","4":"has-post-thumbnail","6":"product_cat-catalysts-chemical-auxiliary-agents","8":"first","9":"instock","10":"shipping-taxable","11":"product-type-simple"},"yoast_head":"<!-- This site is optimized with the Yoast SEO plugin v25.3.1 - https:\/\/yoast.com\/wordpress\/plugins\/seo\/ -->\n<title>China Basic Red 5 Manufacturer CAS 553-24-2 - Longchang Chemical<\/title>\n<meta name=\"description\" content=\"Basic Red 5 is a key product of Longchang Chemical. We provide the best price and are the leading manufacturer and supplier in China, known for the best quality and competitive prices.\" \/>\n<meta name=\"robots\" content=\"index, follow, max-snippet:-1, max-image-preview:large, max-video-preview:-1\" \/>\n<link rel=\"canonical\" href=\"https:\/\/longchangchemical.com\/de\/product\/basic-red-5-cas-553-24-2\/\" \/>\n<meta property=\"og:locale\" content=\"de_DE\" \/>\n<meta property=\"og:type\" content=\"article\" \/>\n<meta property=\"og:title\" content=\"China Basic Red 5 Manufacturer CAS 553-24-2 - Longchang Chemical\" \/>\n<meta property=\"og:description\" content=\"Basic Red 5 is a key product of Longchang Chemical. We provide the best price and are the leading manufacturer and supplier in China, known for the best quality and competitive prices.\" \/>\n<meta property=\"og:url\" content=\"https:\/\/longchangchemical.com\/de\/product\/basic-red-5-cas-553-24-2\/\" \/>\n<meta property=\"og:site_name\" content=\"Longchang Chemical\" \/>\n<meta property=\"article:modified_time\" content=\"2025-12-17T04:12:19+00:00\" \/>\n<meta property=\"og:image\" content=\"https:\/\/longchangchemical.com\/wp-content\/uploads\/2021\/01\/4-6.jpg\" \/>\n\t<meta property=\"og:image:width\" content=\"800\" \/>\n\t<meta property=\"og:image:height\" content=\"800\" \/>\n\t<meta property=\"og:image:type\" content=\"image\/jpeg\" \/>\n<meta name=\"twitter:card\" content=\"summary_large_image\" \/>\n<script type=\"application\/ld+json\" class=\"yoast-schema-graph\">{\"@context\":\"https:\/\/schema.org\",\"@graph\":[{\"@type\":\"WebPage\",\"@id\":\"https:\/\/longchangchemical.com\/product\/basic-red-5-cas-553-24-2\/\",\"url\":\"https:\/\/longchangchemical.com\/product\/basic-red-5-cas-553-24-2\/\",\"name\":\"China Basic Red 5 Manufacturer CAS 553-24-2 - Longchang Chemical\",\"isPartOf\":{\"@id\":\"https:\/\/longchangchemical.com\/#website\"},\"primaryImageOfPage\":{\"@id\":\"https:\/\/longchangchemical.com\/product\/basic-red-5-cas-553-24-2\/#primaryimage\"},\"image\":{\"@id\":\"https:\/\/longchangchemical.com\/product\/basic-red-5-cas-553-24-2\/#primaryimage\"},\"thumbnailUrl\":\"https:\/\/longchangchemical.com\/wp-content\/uploads\/2021\/01\/4-6.jpg\",\"datePublished\":\"2024-01-18T03:29:55+00:00\",\"dateModified\":\"2025-12-17T04:12:19+00:00\",\"description\":\"Basic Red 5 is a key product of Longchang Chemical. We provide the best price and are the leading manufacturer and supplier in China, known for the best quality and competitive prices.\",\"breadcrumb\":{\"@id\":\"https:\/\/longchangchemical.com\/product\/basic-red-5-cas-553-24-2\/#breadcrumb\"},\"inLanguage\":\"de\",\"potentialAction\":[{\"@type\":\"ReadAction\",\"target\":[\"https:\/\/longchangchemical.com\/product\/basic-red-5-cas-553-24-2\/\"]}]},{\"@type\":\"ImageObject\",\"inLanguage\":\"de\",\"@id\":\"https:\/\/longchangchemical.com\/product\/basic-red-5-cas-553-24-2\/#primaryimage\",\"url\":\"https:\/\/longchangchemical.com\/wp-content\/uploads\/2021\/01\/4-6.jpg\",\"contentUrl\":\"https:\/\/longchangchemical.com\/wp-content\/uploads\/2021\/01\/4-6.jpg\",\"width\":800,\"height\":800,\"caption\":\"basic red 5 cas 553-24-2\"},{\"@type\":\"BreadcrumbList\",\"@id\":\"https:\/\/longchangchemical.com\/product\/basic-red-5-cas-553-24-2\/#breadcrumb\",\"itemListElement\":[{\"@type\":\"ListItem\",\"position\":1,\"name\":\"Home\",\"item\":\"https:\/\/longchangchemical.com\/\"},{\"@type\":\"ListItem\",\"position\":2,\"name\":\"Products Longchang\",\"item\":\"https:\/\/longchangchemical.com\/product\/\"},{\"@type\":\"ListItem\",\"position\":3,\"name\":\"basic red 5 cas 553-24-2\"}]},{\"@type\":\"WebSite\",\"@id\":\"https:\/\/longchangchemical.com\/#website\",\"url\":\"https:\/\/longchangchemical.com\/\",\"name\":\"Longchang Chemical\",\"description\":\"China chemical manufacturer \uff06 supplier\",\"publisher\":{\"@id\":\"https:\/\/longchangchemical.com\/#organization\"},\"potentialAction\":[{\"@type\":\"SearchAction\",\"target\":{\"@type\":\"EntryPoint\",\"urlTemplate\":\"https:\/\/longchangchemical.com\/?s={search_term_string}\"},\"query-input\":{\"@type\":\"PropertyValueSpecification\",\"valueRequired\":true,\"valueName\":\"search_term_string\"}}],\"inLanguage\":\"de\"},{\"@type\":\"Organization\",\"@id\":\"https:\/\/longchangchemical.com\/#organization\",\"name\":\"Longchang Chemical\",\"url\":\"https:\/\/longchangchemical.com\/\",\"logo\":{\"@type\":\"ImageObject\",\"inLanguage\":\"de\",\"@id\":\"https:\/\/longchangchemical.com\/#\/schema\/logo\/image\/\",\"url\":\"https:\/\/longchangchemical.com\/wp-content\/uploads\/2020\/08\/cropped-longchang-logo.png\",\"contentUrl\":\"https:\/\/longchangchemical.com\/wp-content\/uploads\/2020\/08\/cropped-longchang-logo.png\",\"width\":512,\"height\":512,\"caption\":\"Longchang Chemical\"},\"image\":{\"@id\":\"https:\/\/longchangchemical.com\/#\/schema\/logo\/image\/\"}}]}<\/script>\n<!-- \/ Yoast SEO plugin. -->","yoast_head_json":{"title":"China Basic Red 5 Hersteller CAS 553-24-2 - Longchang Chemical","description":"Basic Red 5 ist ein Schl\u00fcsselprodukt von Longchang Chemical. Wir bieten den besten Preis und sind der f\u00fchrende Hersteller und Lieferant in China, bekannt f\u00fcr die beste Qualit\u00e4t und wettbewerbsf\u00e4hige Preise.","robots":{"index":"index","follow":"follow","max-snippet":"max-snippet:-1","max-image-preview":"max-image-preview:large","max-video-preview":"max-video-preview:-1"},"canonical":"https:\/\/longchangchemical.com\/de\/product\/basic-red-5-cas-553-24-2\/","og_locale":"de_DE","og_type":"article","og_title":"China Basic Red 5 Manufacturer CAS 553-24-2 - Longchang Chemical","og_description":"Basic Red 5 is a key product of Longchang Chemical. We provide the best price and are the leading manufacturer and supplier in China, known for the best quality and competitive prices.","og_url":"https:\/\/longchangchemical.com\/de\/product\/basic-red-5-cas-553-24-2\/","og_site_name":"Longchang Chemical","article_modified_time":"2025-12-17T04:12:19+00:00","og_image":[{"width":800,"height":800,"url":"https:\/\/longchangchemical.com\/wp-content\/uploads\/2021\/01\/4-6.jpg","type":"image\/jpeg"}],"twitter_card":"summary_large_image","schema":{"@context":"https:\/\/schema.org","@graph":[{"@type":"WebPage","@id":"https:\/\/longchangchemical.com\/product\/basic-red-5-cas-553-24-2\/","url":"https:\/\/longchangchemical.com\/product\/basic-red-5-cas-553-24-2\/","name":"China Basic Red 5 Hersteller CAS 553-24-2 - Longchang Chemical","isPartOf":{"@id":"https:\/\/longchangchemical.com\/#website"},"primaryImageOfPage":{"@id":"https:\/\/longchangchemical.com\/product\/basic-red-5-cas-553-24-2\/#primaryimage"},"image":{"@id":"https:\/\/longchangchemical.com\/product\/basic-red-5-cas-553-24-2\/#primaryimage"},"thumbnailUrl":"https:\/\/longchangchemical.com\/wp-content\/uploads\/2021\/01\/4-6.jpg","datePublished":"2024-01-18T03:29:55+00:00","dateModified":"2025-12-17T04:12:19+00:00","description":"Basic Red 5 ist ein Schl\u00fcsselprodukt von Longchang Chemical. Wir bieten den besten Preis und sind der f\u00fchrende Hersteller und Lieferant in China, bekannt f\u00fcr die beste Qualit\u00e4t und wettbewerbsf\u00e4hige Preise.","breadcrumb":{"@id":"https:\/\/longchangchemical.com\/product\/basic-red-5-cas-553-24-2\/#breadcrumb"},"inLanguage":"de","potentialAction":[{"@type":"ReadAction","target":["https:\/\/longchangchemical.com\/product\/basic-red-5-cas-553-24-2\/"]}]},{"@type":"ImageObject","inLanguage":"de","@id":"https:\/\/longchangchemical.com\/product\/basic-red-5-cas-553-24-2\/#primaryimage","url":"https:\/\/longchangchemical.com\/wp-content\/uploads\/2021\/01\/4-6.jpg","contentUrl":"https:\/\/longchangchemical.com\/wp-content\/uploads\/2021\/01\/4-6.jpg","width":800,"height":800,"caption":"basic red 5 cas 553-24-2"},{"@type":"BreadcrumbList","@id":"https:\/\/longchangchemical.com\/product\/basic-red-5-cas-553-24-2\/#breadcrumb","itemListElement":[{"@type":"ListItem","position":1,"name":"Home","item":"https:\/\/longchangchemical.com\/"},{"@type":"ListItem","position":2,"name":"Products Longchang","item":"https:\/\/longchangchemical.com\/product\/"},{"@type":"ListItem","position":3,"name":"basic red 5 cas 553-24-2"}]},{"@type":"WebSite","@id":"https:\/\/longchangchemical.com\/#website","url":"https:\/\/longchangchemical.com\/","name":"Longchang Chemical","description":"China Hersteller von Chemikalien \uff06 Lieferant","publisher":{"@id":"https:\/\/longchangchemical.com\/#organization"},"potentialAction":[{"@type":"SearchAction","target":{"@type":"EntryPoint","urlTemplate":"https:\/\/longchangchemical.com\/?s={search_term_string}"},"query-input":{"@type":"PropertyValueSpecification","valueRequired":true,"valueName":"search_term_string"}}],"inLanguage":"de"},{"@type":"Organization","@id":"https:\/\/longchangchemical.com\/#organization","name":"Longchang Chemical","url":"https:\/\/longchangchemical.com\/","logo":{"@type":"ImageObject","inLanguage":"de","@id":"https:\/\/longchangchemical.com\/#\/schema\/logo\/image\/","url":"https:\/\/longchangchemical.com\/wp-content\/uploads\/2020\/08\/cropped-longchang-logo.png","contentUrl":"https:\/\/longchangchemical.com\/wp-content\/uploads\/2020\/08\/cropped-longchang-logo.png","width":512,"height":512,"caption":"Longchang Chemical"},"image":{"@id":"https:\/\/longchangchemical.com\/#\/schema\/logo\/image\/"}}]}},"_links":{"self":[{"href":"https:\/\/longchangchemical.com\/de\/wp-json\/wp\/v2\/product\/4199","targetHints":{"allow":["GET"]}}],"collection":[{"href":"https:\/\/longchangchemical.com\/de\/wp-json\/wp\/v2\/product"}],"about":[{"href":"https:\/\/longchangchemical.com\/de\/wp-json\/wp\/v2\/types\/product"}],"replies":[{"embeddable":true,"href":"https:\/\/longchangchemical.com\/de\/wp-json\/wp\/v2\/comments?post=4199"}],"wp:featuredmedia":[{"embeddable":true,"href":"https:\/\/longchangchemical.com\/de\/wp-json\/wp\/v2\/media\/6517"}],"wp:attachment":[{"href":"https:\/\/longchangchemical.com\/de\/wp-json\/wp\/v2\/media?parent=4199"}],"wp:term":[{"taxonomy":"product_brand","embeddable":true,"href":"https:\/\/longchangchemical.com\/de\/wp-json\/wp\/v2\/product_brand?post=4199"},{"taxonomy":"product_cat","embeddable":true,"href":"https:\/\/longchangchemical.com\/de\/wp-json\/wp\/v2\/product_cat?post=4199"},{"taxonomy":"product_tag","embeddable":true,"href":"https:\/\/longchangchemical.com\/de\/wp-json\/wp\/v2\/product_tag?post=4199"}],"curies":[{"name":"wp","href":"https:\/\/api.w.org\/{rel}","templated":true}]}}