{"id":4193,"date":"2024-01-18T06:55:06","date_gmt":"2024-01-18T06:55:06","guid":{"rendered":"https:\/\/longchangchemical.com\/?post_type=product&#038;p=4193"},"modified":"2025-12-17T03:45:34","modified_gmt":"2025-12-17T03:45:34","slug":"fenbendazole-cas-43210-67-9","status":"publish","type":"product","link":"https:\/\/longchangchemical.com\/de\/product\/fenbendazole-cas-43210-67-9\/","title":{"rendered":"Fenbendazol cas 43210-67-9"},"content":{"rendered":"<h2><strong>Fenbendazol typische Eigenschaften<\/strong><\/h2>\n<table class=\"table-1\" cellspacing=\"0\">\n<tbody>\n<tr>\n<td>Artikel<\/td>\n<td>Standard<\/td>\n<td>Ergebnisse<\/td>\n<\/tr>\n<tr>\n<td>Erscheinungsbild<\/td>\n<td>Wei\u00dfes oder fast wei\u00dfes Pulver<\/td>\n<td>Fast wei\u00dfes Pulver<\/td>\n<\/tr>\n<tr>\n<td>Assay(GC)<\/td>\n<td>98-101%<\/td>\n<td>98.5%<\/td>\n<\/tr>\n<tr>\n<td>L\u00f6slichkeit<\/td>\n<td>Unl\u00f6slich in Wasser, l\u00f6slich in Dimethylformamid, schwach l\u00f6slich in Methanol<\/td>\n<td>Erf\u00fcllt<\/td>\n<\/tr>\n<tr>\n<td>Verunreinigungen insgesamt<\/td>\n<td>\u22661.0%<\/td>\n<td>0.3%<\/td>\n<\/tr>\n<tr>\n<td>Verunreinigung A<\/td>\n<td>\u22660.5%<\/td>\n<td>\u22640,05%<\/td>\n<\/tr>\n<tr>\n<td>Verunreinigung B<\/td>\n<td>\u22660.5%<\/td>\n<td>\u22640,05%<\/td>\n<\/tr>\n<tr>\n<td>Jede andere Verunreinigung<\/td>\n<td>\u22660.5%<\/td>\n<td>0,28%(RRT=0,43)<\/td>\n<\/tr>\n<tr>\n<td>Verlust beim Trocknen<\/td>\n<td>\u22661%<\/td>\n<td>0.2%<\/td>\n<\/tr>\n<tr>\n<td>Schwermetalle<\/td>\n<td>\u226620ppm<\/td>\n<td>15ppm<\/td>\n<\/tr>\n<tr>\n<td>Sulfatierte Asche<\/td>\n<td>\u22660.3%<\/td>\n<td>0.06%<\/td>\n<\/tr>\n<\/tbody>\n<\/table>\n<h2><strong>Verwendung von Fenbendazol<\/strong><\/h2>\n<p>Fenbenendazol ist ein Benzimidazol-Entwurmungsmittel, das nicht nur eine hohe Entwurmungswirkung auf die erwachsenen und die Larven von Magen-Darm-Nematoden hat, sondern auch eine gute Wirkung auf den Netz-, Schistosoma- und Bandwurm sowie eine starke Wirkung auf die Abt\u00f6tung der Eier hat.<\/p>\n<h2><strong>Fenbendazol Verpackung und Versand<\/strong><\/h2>\n<p>Verpackung: 25 kg\/Karton auf dem Seeweg oder per Luftfracht<\/p>\n<h2><strong>Fenbendazol Lagerung<\/strong><\/h2>\n<p>Bel\u00fcftung des Lagers und Trocknung bei niedrigen Temperaturen.<\/p>\n<h2><strong><b>Kontaktieren Sie uns jetzt!<\/b><\/strong><\/h2>\n<h4><strong><b>Wenn Sie COA, MSDS oder TDS ben\u00f6tigen, geben Sie bitte Ihre Kontaktinformationen in das untenstehende Formular ein. Wir werden uns in der Regel innerhalb von 24 Stunden mit Ihnen in Verbindung setzen. Sie k\u00f6nnen mir auch eine E-Mail schicken <span style=\"color: #0000ff;\"><a style=\"color: #0000ff;\" href=\"mailto:info@longchangchemical.com\">info@longchangchemical.com<\/a><\/span> w\u00e4hrend der Gesch\u00e4ftszeiten ( 8:30 bis 18:00 Uhr UTC+8 Mo.~Sa. ) oder nutzen Sie den Live-Chat auf der Website, um eine schnelle Antwort zu erhalten.<\/b><\/strong><\/h4>","protected":false},"excerpt":{"rendered":"<h2><strong>Fenbendazol schnell Details<\/strong><\/h2>\n<p>Chemische Bezeichnung:Fenbendazol<\/p>\n<p>CAS-Nr.:43210-67-9<\/p>\n<p>Summenformel:C15H13N3O2S<\/p>\n<p>Molekulargewicht:299.35<\/p>\n<p>Erscheinungsbild:Fast wei\u00dfes Pulver<\/p>","protected":false},"featured_media":6524,"comment_status":"open","ping_status":"closed","template":"","meta":[],"product_brand":[],"product_cat":[69],"product_tag":[],"class_list":{"0":"post-4193","1":"product","2":"type-product","3":"status-publish","4":"has-post-thumbnail","6":"product_cat-catalysts-chemical-auxiliary-agents","8":"first","9":"instock","10":"shipping-taxable","11":"product-type-simple"},"yoast_head":"<!-- This site is optimized with the Yoast SEO plugin v25.3.1 - https:\/\/yoast.com\/wordpress\/plugins\/seo\/ -->\n<title>China Fenbendazole Manufacturer CAS 43210-67-9 - Longchang Chemical<\/title>\n<meta name=\"description\" content=\"Fenbendazole is a key product of Longchang Chemical. We provide the best price and are the leading manufacturer and supplier in China, known for the best quality and competitive prices.\" \/>\n<meta name=\"robots\" content=\"index, follow, max-snippet:-1, max-image-preview:large, max-video-preview:-1\" \/>\n<link rel=\"canonical\" href=\"https:\/\/longchangchemical.com\/de\/product\/fenbendazole-cas-43210-67-9\/\" \/>\n<meta property=\"og:locale\" content=\"de_DE\" \/>\n<meta property=\"og:type\" content=\"article\" \/>\n<meta property=\"og:title\" content=\"China Fenbendazole Manufacturer CAS 43210-67-9 - Longchang Chemical\" \/>\n<meta property=\"og:description\" content=\"Fenbendazole is a key product of Longchang Chemical. We provide the best price and are the leading manufacturer and supplier in China, known for the best quality and competitive prices.\" \/>\n<meta property=\"og:url\" content=\"https:\/\/longchangchemical.com\/de\/product\/fenbendazole-cas-43210-67-9\/\" \/>\n<meta property=\"og:site_name\" content=\"Longchang Chemical\" \/>\n<meta property=\"article:modified_time\" content=\"2025-12-17T03:45:34+00:00\" \/>\n<meta property=\"og:image\" content=\"https:\/\/longchangchemical.com\/wp-content\/uploads\/2024\/01\/4-1.jpg\" \/>\n\t<meta property=\"og:image:width\" content=\"800\" \/>\n\t<meta property=\"og:image:height\" content=\"800\" \/>\n\t<meta property=\"og:image:type\" content=\"image\/jpeg\" \/>\n<meta name=\"twitter:card\" content=\"summary_large_image\" \/>\n<script type=\"application\/ld+json\" class=\"yoast-schema-graph\">{\"@context\":\"https:\/\/schema.org\",\"@graph\":[{\"@type\":\"WebPage\",\"@id\":\"https:\/\/longchangchemical.com\/product\/fenbendazole-cas-43210-67-9\/\",\"url\":\"https:\/\/longchangchemical.com\/product\/fenbendazole-cas-43210-67-9\/\",\"name\":\"China Fenbendazole Manufacturer CAS 43210-67-9 - Longchang Chemical\",\"isPartOf\":{\"@id\":\"https:\/\/longchangchemical.com\/#website\"},\"primaryImageOfPage\":{\"@id\":\"https:\/\/longchangchemical.com\/product\/fenbendazole-cas-43210-67-9\/#primaryimage\"},\"image\":{\"@id\":\"https:\/\/longchangchemical.com\/product\/fenbendazole-cas-43210-67-9\/#primaryimage\"},\"thumbnailUrl\":\"https:\/\/longchangchemical.com\/wp-content\/uploads\/2024\/01\/4-1.jpg\",\"datePublished\":\"2024-01-18T06:55:06+00:00\",\"dateModified\":\"2025-12-17T03:45:34+00:00\",\"description\":\"Fenbendazole is a key product of Longchang Chemical. We provide the best price and are the leading manufacturer and supplier in China, known for the best quality and competitive prices.\",\"breadcrumb\":{\"@id\":\"https:\/\/longchangchemical.com\/product\/fenbendazole-cas-43210-67-9\/#breadcrumb\"},\"inLanguage\":\"de\",\"potentialAction\":[{\"@type\":\"ReadAction\",\"target\":[\"https:\/\/longchangchemical.com\/product\/fenbendazole-cas-43210-67-9\/\"]}]},{\"@type\":\"ImageObject\",\"inLanguage\":\"de\",\"@id\":\"https:\/\/longchangchemical.com\/product\/fenbendazole-cas-43210-67-9\/#primaryimage\",\"url\":\"https:\/\/longchangchemical.com\/wp-content\/uploads\/2024\/01\/4-1.jpg\",\"contentUrl\":\"https:\/\/longchangchemical.com\/wp-content\/uploads\/2024\/01\/4-1.jpg\",\"width\":800,\"height\":800,\"caption\":\"fenbendazole cas 43210-67-9\"},{\"@type\":\"BreadcrumbList\",\"@id\":\"https:\/\/longchangchemical.com\/product\/fenbendazole-cas-43210-67-9\/#breadcrumb\",\"itemListElement\":[{\"@type\":\"ListItem\",\"position\":1,\"name\":\"Home\",\"item\":\"https:\/\/longchangchemical.com\/\"},{\"@type\":\"ListItem\",\"position\":2,\"name\":\"Products Longchang\",\"item\":\"https:\/\/longchangchemical.com\/product\/\"},{\"@type\":\"ListItem\",\"position\":3,\"name\":\"fenbendazole cas 43210-67-9\"}]},{\"@type\":\"WebSite\",\"@id\":\"https:\/\/longchangchemical.com\/#website\",\"url\":\"https:\/\/longchangchemical.com\/\",\"name\":\"Longchang Chemical\",\"description\":\"China chemical manufacturer \uff06 supplier\",\"publisher\":{\"@id\":\"https:\/\/longchangchemical.com\/#organization\"},\"potentialAction\":[{\"@type\":\"SearchAction\",\"target\":{\"@type\":\"EntryPoint\",\"urlTemplate\":\"https:\/\/longchangchemical.com\/?s={search_term_string}\"},\"query-input\":{\"@type\":\"PropertyValueSpecification\",\"valueRequired\":true,\"valueName\":\"search_term_string\"}}],\"inLanguage\":\"de\"},{\"@type\":\"Organization\",\"@id\":\"https:\/\/longchangchemical.com\/#organization\",\"name\":\"Longchang Chemical\",\"url\":\"https:\/\/longchangchemical.com\/\",\"logo\":{\"@type\":\"ImageObject\",\"inLanguage\":\"de\",\"@id\":\"https:\/\/longchangchemical.com\/#\/schema\/logo\/image\/\",\"url\":\"https:\/\/longchangchemical.com\/wp-content\/uploads\/2020\/08\/cropped-longchang-logo.png\",\"contentUrl\":\"https:\/\/longchangchemical.com\/wp-content\/uploads\/2020\/08\/cropped-longchang-logo.png\",\"width\":512,\"height\":512,\"caption\":\"Longchang Chemical\"},\"image\":{\"@id\":\"https:\/\/longchangchemical.com\/#\/schema\/logo\/image\/\"}}]}<\/script>\n<!-- \/ Yoast SEO plugin. -->","yoast_head_json":{"title":"China Fenbendazol Hersteller CAS 43210-67-9 - Longchang Chemical","description":"Fenbendazol ist ein Schl\u00fcsselprodukt von Longchang Chemical. Wir bieten den besten Preis und sind der f\u00fchrende Hersteller und Lieferant in China, bekannt f\u00fcr die beste Qualit\u00e4t und wettbewerbsf\u00e4hige Preise.","robots":{"index":"index","follow":"follow","max-snippet":"max-snippet:-1","max-image-preview":"max-image-preview:large","max-video-preview":"max-video-preview:-1"},"canonical":"https:\/\/longchangchemical.com\/de\/product\/fenbendazole-cas-43210-67-9\/","og_locale":"de_DE","og_type":"article","og_title":"China Fenbendazole Manufacturer CAS 43210-67-9 - Longchang Chemical","og_description":"Fenbendazole is a key product of Longchang Chemical. We provide the best price and are the leading manufacturer and supplier in China, known for the best quality and competitive prices.","og_url":"https:\/\/longchangchemical.com\/de\/product\/fenbendazole-cas-43210-67-9\/","og_site_name":"Longchang Chemical","article_modified_time":"2025-12-17T03:45:34+00:00","og_image":[{"width":800,"height":800,"url":"https:\/\/longchangchemical.com\/wp-content\/uploads\/2024\/01\/4-1.jpg","type":"image\/jpeg"}],"twitter_card":"summary_large_image","schema":{"@context":"https:\/\/schema.org","@graph":[{"@type":"WebPage","@id":"https:\/\/longchangchemical.com\/product\/fenbendazole-cas-43210-67-9\/","url":"https:\/\/longchangchemical.com\/product\/fenbendazole-cas-43210-67-9\/","name":"China Fenbendazol Hersteller CAS 43210-67-9 - Longchang Chemical","isPartOf":{"@id":"https:\/\/longchangchemical.com\/#website"},"primaryImageOfPage":{"@id":"https:\/\/longchangchemical.com\/product\/fenbendazole-cas-43210-67-9\/#primaryimage"},"image":{"@id":"https:\/\/longchangchemical.com\/product\/fenbendazole-cas-43210-67-9\/#primaryimage"},"thumbnailUrl":"https:\/\/longchangchemical.com\/wp-content\/uploads\/2024\/01\/4-1.jpg","datePublished":"2024-01-18T06:55:06+00:00","dateModified":"2025-12-17T03:45:34+00:00","description":"Fenbendazol ist ein Schl\u00fcsselprodukt von Longchang Chemical. Wir bieten den besten Preis und sind der f\u00fchrende Hersteller und Lieferant in China, bekannt f\u00fcr die beste Qualit\u00e4t und wettbewerbsf\u00e4hige Preise.","breadcrumb":{"@id":"https:\/\/longchangchemical.com\/product\/fenbendazole-cas-43210-67-9\/#breadcrumb"},"inLanguage":"de","potentialAction":[{"@type":"ReadAction","target":["https:\/\/longchangchemical.com\/product\/fenbendazole-cas-43210-67-9\/"]}]},{"@type":"ImageObject","inLanguage":"de","@id":"https:\/\/longchangchemical.com\/product\/fenbendazole-cas-43210-67-9\/#primaryimage","url":"https:\/\/longchangchemical.com\/wp-content\/uploads\/2024\/01\/4-1.jpg","contentUrl":"https:\/\/longchangchemical.com\/wp-content\/uploads\/2024\/01\/4-1.jpg","width":800,"height":800,"caption":"fenbendazole cas 43210-67-9"},{"@type":"BreadcrumbList","@id":"https:\/\/longchangchemical.com\/product\/fenbendazole-cas-43210-67-9\/#breadcrumb","itemListElement":[{"@type":"ListItem","position":1,"name":"Home","item":"https:\/\/longchangchemical.com\/"},{"@type":"ListItem","position":2,"name":"Products Longchang","item":"https:\/\/longchangchemical.com\/product\/"},{"@type":"ListItem","position":3,"name":"fenbendazole cas 43210-67-9"}]},{"@type":"WebSite","@id":"https:\/\/longchangchemical.com\/#website","url":"https:\/\/longchangchemical.com\/","name":"Longchang Chemical","description":"China Hersteller von Chemikalien \uff06 Lieferant","publisher":{"@id":"https:\/\/longchangchemical.com\/#organization"},"potentialAction":[{"@type":"SearchAction","target":{"@type":"EntryPoint","urlTemplate":"https:\/\/longchangchemical.com\/?s={search_term_string}"},"query-input":{"@type":"PropertyValueSpecification","valueRequired":true,"valueName":"search_term_string"}}],"inLanguage":"de"},{"@type":"Organization","@id":"https:\/\/longchangchemical.com\/#organization","name":"Longchang Chemical","url":"https:\/\/longchangchemical.com\/","logo":{"@type":"ImageObject","inLanguage":"de","@id":"https:\/\/longchangchemical.com\/#\/schema\/logo\/image\/","url":"https:\/\/longchangchemical.com\/wp-content\/uploads\/2020\/08\/cropped-longchang-logo.png","contentUrl":"https:\/\/longchangchemical.com\/wp-content\/uploads\/2020\/08\/cropped-longchang-logo.png","width":512,"height":512,"caption":"Longchang Chemical"},"image":{"@id":"https:\/\/longchangchemical.com\/#\/schema\/logo\/image\/"}}]}},"_links":{"self":[{"href":"https:\/\/longchangchemical.com\/de\/wp-json\/wp\/v2\/product\/4193","targetHints":{"allow":["GET"]}}],"collection":[{"href":"https:\/\/longchangchemical.com\/de\/wp-json\/wp\/v2\/product"}],"about":[{"href":"https:\/\/longchangchemical.com\/de\/wp-json\/wp\/v2\/types\/product"}],"replies":[{"embeddable":true,"href":"https:\/\/longchangchemical.com\/de\/wp-json\/wp\/v2\/comments?post=4193"}],"wp:featuredmedia":[{"embeddable":true,"href":"https:\/\/longchangchemical.com\/de\/wp-json\/wp\/v2\/media\/6524"}],"wp:attachment":[{"href":"https:\/\/longchangchemical.com\/de\/wp-json\/wp\/v2\/media?parent=4193"}],"wp:term":[{"taxonomy":"product_brand","embeddable":true,"href":"https:\/\/longchangchemical.com\/de\/wp-json\/wp\/v2\/product_brand?post=4193"},{"taxonomy":"product_cat","embeddable":true,"href":"https:\/\/longchangchemical.com\/de\/wp-json\/wp\/v2\/product_cat?post=4193"},{"taxonomy":"product_tag","embeddable":true,"href":"https:\/\/longchangchemical.com\/de\/wp-json\/wp\/v2\/product_tag?post=4193"}],"curies":[{"name":"wp","href":"https:\/\/api.w.org\/{rel}","templated":true}]}}