{"id":4192,"date":"2024-01-18T07:04:22","date_gmt":"2024-01-18T07:04:22","guid":{"rendered":"https:\/\/longchangchemical.com\/?post_type=product&#038;p=4192"},"modified":"2025-12-17T03:39:27","modified_gmt":"2025-12-17T03:39:27","slug":"vanillin-cas-121-33-5","status":"publish","type":"product","link":"https:\/\/longchangchemical.com\/de\/product\/vanillin-cas-121-33-5\/","title":{"rendered":"Vanillin cas 121-33-5"},"content":{"rendered":"<h2><strong>Vanillin Typische Eigenschaften<\/strong><\/h2>\n<table class=\"table-1\" cellspacing=\"0\">\n<tbody>\n<tr>\n<td>Artikel<\/td>\n<td>Spezifikationen<\/td>\n<\/tr>\n<tr>\n<td>Merkmale<\/td>\n<td>Wei\u00df bis HellgelbKristall<\/td>\n<\/tr>\n<tr>\n<td>Geruch<\/td>\n<td>Merkmale der Vanillie<\/td>\n<\/tr>\n<tr>\n<td>L\u00f6slichkeit<\/td>\n<td>1g Vanillin l\u00f6slich in 100ml Wasser, 3ml 70% oder 2ml 95% Ethanol bei 25\u2103\uff0cin 20ml Glycerin, in 20ml Wasser bei 80\u2103l\u00f6slich in Chloroform, Ether<\/td>\n<\/tr>\n<tr>\n<td>Schmelzpunkt<\/td>\n<td>81.0-83.0\u2103<\/td>\n<\/tr>\n<tr>\n<td>Reinheit (von GC)<\/td>\n<td>\u226599.50%<\/td>\n<\/tr>\n<tr>\n<td>Verlust beim Trocknen<\/td>\n<td>\u22640,5%<\/td>\n<\/tr>\n<tr>\n<td>Arsen (als )<\/td>\n<td>\u22640,0003%<\/td>\n<\/tr>\n<tr>\n<td>Schwermetall (basierend auf pb)<\/td>\n<td>\u22640,001%<\/td>\n<\/tr>\n<tr>\n<td>R\u00fcckst\u00e4nde beim Anz\u00fcnden<\/td>\n<td>\u22640,05%<\/td>\n<\/tr>\n<\/tbody>\n<\/table>\n<h2><strong>Vanillin Verwendung<\/strong><\/h2>\n<p>Wird als Lebensmittelaroma, Alltagsaroma und pharmazeutisches Zwischenprodukt verwendet.<\/p>\n<ol>\n<li><strong>Lebensmittelindustrie:<\/strong> Vanillin mit der CAS-Nummer 121-33-5 wird in der Lebensmittelindustrie in gro\u00dfem Umfang als Aromastoff verwendet. Es verleiht einer Vielzahl von Lebensmitteln wie Backwaren, S\u00fc\u00dfwaren, Getr\u00e4nken und Molkereiprodukten einen s\u00fc\u00dfen und angenehmen vanille\u00e4hnlichen Geschmack und Geruch.<\/li>\n<li><strong>Parf\u00fcmerie und Parf\u00fcm:<\/strong> Diese Verbindung ist ein wertvoller Bestandteil in der Parf\u00fcmerie- und Duftstoffindustrie. Sie wird eingesetzt, um einer breiten Palette von Parf\u00fcms, K\u00f6lnischwasser und K\u00f6rperpflegeprodukten Vanillenoten zu verleihen und sie zu verbessern.<\/li>\n<li><strong>Pharmazeutika:<\/strong> Vanillin wird in der pharmazeutischen Industrie als Aromastoff f\u00fcr medizinische Formulierungen verwendet. Es wird verwendet, um den Geschmack bestimmter Medikamente zu \u00fcberdecken und die allgemeine Schmackhaftigkeit pharmazeutischer Produkte zu verbessern.<\/li>\n<li><strong>Chemische Synthese:<\/strong> Neben seiner Rolle als Aromastoff wird Vanillin in der chemischen Synthese f\u00fcr die Herstellung verschiedener Derivate und als Ausgangsstoff f\u00fcr die Synthese anderer Verbindungen verwendet.<\/li>\n<\/ol>\n<h2><strong>Vanillin Verpackung und Versand<\/strong><\/h2>\n<p>Verpackung: 25kg\/Fass<\/p>\n<h2><strong>Lagerung von Vanillin<\/strong><\/h2>\n<p>Es sollte versiegelt und im Schatten an einem trockenen, k\u00fchlen und gut bel\u00fcfteten Ort gelagert werden.<\/p>","protected":false},"excerpt":{"rendered":"<h2><strong>Vanillin Einzelheiten<\/strong><\/h2>\n<p>Chemische Bezeichnung:Vanillin<\/p>\n<p>CAS-Nr.:121-33-5<\/p>\n<p>Molekulare Formel: C8H8O3<\/p>\n<p>Molekulargewicht: 152,15<\/p>\n<p>MolekulareStruktur:<img decoding=\"async\" title=\"Vanillin Struktur\" src=\"https:\/\/www.longchangchemical.com\/wp-content\/uploads\/product-details\/20200611155215.png\" alt=\"Vanillin Struktur\" width=\"190\" height=\"137\" border=\"0\" vspace=\"0\" \/><\/p>\n<p>Erscheinungsbild: Wei\u00dfer bis hellgelber Kristall<\/p>","protected":false},"featured_media":6525,"comment_status":"open","ping_status":"closed","template":"","meta":[],"product_brand":[],"product_cat":[69],"product_tag":[],"class_list":{"0":"post-4192","1":"product","2":"type-product","3":"status-publish","4":"has-post-thumbnail","6":"product_cat-catalysts-chemical-auxiliary-agents","8":"first","9":"instock","10":"shipping-taxable","11":"product-type-simple"},"yoast_head":"<!-- This site is optimized with the Yoast SEO plugin v25.3.1 - https:\/\/yoast.com\/wordpress\/plugins\/seo\/ -->\n<title>China Vanillin Manufacturer CAS 121-33-5 - Longchang Chemical<\/title>\n<meta name=\"description\" content=\"Vanillin is a key product of Longchang Chemical. We provide the best price and are the leading manufacturer and supplier in China, known for the best quality and competitive prices.\" \/>\n<meta name=\"robots\" content=\"index, follow, max-snippet:-1, max-image-preview:large, max-video-preview:-1\" \/>\n<link rel=\"canonical\" href=\"https:\/\/longchangchemical.com\/de\/product\/vanillin-cas-121-33-5\/\" \/>\n<meta property=\"og:locale\" content=\"de_DE\" \/>\n<meta property=\"og:type\" content=\"article\" \/>\n<meta property=\"og:title\" content=\"China Vanillin Manufacturer CAS 121-33-5 - Longchang Chemical\" \/>\n<meta property=\"og:description\" content=\"Vanillin is a key product of Longchang Chemical. We provide the best price and are the leading manufacturer and supplier in China, known for the best quality and competitive prices.\" \/>\n<meta property=\"og:url\" content=\"https:\/\/longchangchemical.com\/de\/product\/vanillin-cas-121-33-5\/\" \/>\n<meta property=\"og:site_name\" content=\"Longchang Chemical\" \/>\n<meta property=\"article:modified_time\" content=\"2025-12-17T03:39:27+00:00\" \/>\n<meta property=\"og:image\" content=\"https:\/\/longchangchemical.com\/wp-content\/uploads\/2024\/01\/1-2.jpg\" \/>\n\t<meta property=\"og:image:width\" content=\"800\" \/>\n\t<meta property=\"og:image:height\" content=\"800\" \/>\n\t<meta property=\"og:image:type\" content=\"image\/jpeg\" \/>\n<meta name=\"twitter:card\" content=\"summary_large_image\" \/>\n<script type=\"application\/ld+json\" class=\"yoast-schema-graph\">{\"@context\":\"https:\/\/schema.org\",\"@graph\":[{\"@type\":\"WebPage\",\"@id\":\"https:\/\/longchangchemical.com\/product\/vanillin-cas-121-33-5\/\",\"url\":\"https:\/\/longchangchemical.com\/product\/vanillin-cas-121-33-5\/\",\"name\":\"China Vanillin Manufacturer CAS 121-33-5 - Longchang Chemical\",\"isPartOf\":{\"@id\":\"https:\/\/longchangchemical.com\/#website\"},\"primaryImageOfPage\":{\"@id\":\"https:\/\/longchangchemical.com\/product\/vanillin-cas-121-33-5\/#primaryimage\"},\"image\":{\"@id\":\"https:\/\/longchangchemical.com\/product\/vanillin-cas-121-33-5\/#primaryimage\"},\"thumbnailUrl\":\"https:\/\/longchangchemical.com\/wp-content\/uploads\/2024\/01\/1-2.jpg\",\"datePublished\":\"2024-01-18T07:04:22+00:00\",\"dateModified\":\"2025-12-17T03:39:27+00:00\",\"description\":\"Vanillin is a key product of Longchang Chemical. We provide the best price and are the leading manufacturer and supplier in China, known for the best quality and competitive prices.\",\"breadcrumb\":{\"@id\":\"https:\/\/longchangchemical.com\/product\/vanillin-cas-121-33-5\/#breadcrumb\"},\"inLanguage\":\"de\",\"potentialAction\":[{\"@type\":\"ReadAction\",\"target\":[\"https:\/\/longchangchemical.com\/product\/vanillin-cas-121-33-5\/\"]}]},{\"@type\":\"ImageObject\",\"inLanguage\":\"de\",\"@id\":\"https:\/\/longchangchemical.com\/product\/vanillin-cas-121-33-5\/#primaryimage\",\"url\":\"https:\/\/longchangchemical.com\/wp-content\/uploads\/2024\/01\/1-2.jpg\",\"contentUrl\":\"https:\/\/longchangchemical.com\/wp-content\/uploads\/2024\/01\/1-2.jpg\",\"width\":800,\"height\":800,\"caption\":\"vanillin cas 121-33-5\"},{\"@type\":\"BreadcrumbList\",\"@id\":\"https:\/\/longchangchemical.com\/product\/vanillin-cas-121-33-5\/#breadcrumb\",\"itemListElement\":[{\"@type\":\"ListItem\",\"position\":1,\"name\":\"Home\",\"item\":\"https:\/\/longchangchemical.com\/\"},{\"@type\":\"ListItem\",\"position\":2,\"name\":\"Products Longchang\",\"item\":\"https:\/\/longchangchemical.com\/product\/\"},{\"@type\":\"ListItem\",\"position\":3,\"name\":\"vanillin cas 121-33-5\"}]},{\"@type\":\"WebSite\",\"@id\":\"https:\/\/longchangchemical.com\/#website\",\"url\":\"https:\/\/longchangchemical.com\/\",\"name\":\"Longchang Chemical\",\"description\":\"China chemical manufacturer \uff06 supplier\",\"publisher\":{\"@id\":\"https:\/\/longchangchemical.com\/#organization\"},\"potentialAction\":[{\"@type\":\"SearchAction\",\"target\":{\"@type\":\"EntryPoint\",\"urlTemplate\":\"https:\/\/longchangchemical.com\/?s={search_term_string}\"},\"query-input\":{\"@type\":\"PropertyValueSpecification\",\"valueRequired\":true,\"valueName\":\"search_term_string\"}}],\"inLanguage\":\"de\"},{\"@type\":\"Organization\",\"@id\":\"https:\/\/longchangchemical.com\/#organization\",\"name\":\"Longchang Chemical\",\"url\":\"https:\/\/longchangchemical.com\/\",\"logo\":{\"@type\":\"ImageObject\",\"inLanguage\":\"de\",\"@id\":\"https:\/\/longchangchemical.com\/#\/schema\/logo\/image\/\",\"url\":\"https:\/\/longchangchemical.com\/wp-content\/uploads\/2020\/08\/cropped-longchang-logo.png\",\"contentUrl\":\"https:\/\/longchangchemical.com\/wp-content\/uploads\/2020\/08\/cropped-longchang-logo.png\",\"width\":512,\"height\":512,\"caption\":\"Longchang Chemical\"},\"image\":{\"@id\":\"https:\/\/longchangchemical.com\/#\/schema\/logo\/image\/\"}}]}<\/script>\n<!-- \/ Yoast SEO plugin. -->","yoast_head_json":{"title":"China Vanillin Hersteller CAS 121-33-5 - Longchang Chemical","description":"Vanillin ist ein Schl\u00fcsselprodukt von Longchang Chemical. Wir bieten den besten Preis und sind der f\u00fchrende Hersteller und Lieferant in China, bekannt f\u00fcr die beste Qualit\u00e4t und wettbewerbsf\u00e4hige Preise.","robots":{"index":"index","follow":"follow","max-snippet":"max-snippet:-1","max-image-preview":"max-image-preview:large","max-video-preview":"max-video-preview:-1"},"canonical":"https:\/\/longchangchemical.com\/de\/product\/vanillin-cas-121-33-5\/","og_locale":"de_DE","og_type":"article","og_title":"China Vanillin Manufacturer CAS 121-33-5 - Longchang Chemical","og_description":"Vanillin is a key product of Longchang Chemical. We provide the best price and are the leading manufacturer and supplier in China, known for the best quality and competitive prices.","og_url":"https:\/\/longchangchemical.com\/de\/product\/vanillin-cas-121-33-5\/","og_site_name":"Longchang Chemical","article_modified_time":"2025-12-17T03:39:27+00:00","og_image":[{"width":800,"height":800,"url":"https:\/\/longchangchemical.com\/wp-content\/uploads\/2024\/01\/1-2.jpg","type":"image\/jpeg"}],"twitter_card":"summary_large_image","schema":{"@context":"https:\/\/schema.org","@graph":[{"@type":"WebPage","@id":"https:\/\/longchangchemical.com\/product\/vanillin-cas-121-33-5\/","url":"https:\/\/longchangchemical.com\/product\/vanillin-cas-121-33-5\/","name":"China Vanillin Hersteller CAS 121-33-5 - Longchang Chemical","isPartOf":{"@id":"https:\/\/longchangchemical.com\/#website"},"primaryImageOfPage":{"@id":"https:\/\/longchangchemical.com\/product\/vanillin-cas-121-33-5\/#primaryimage"},"image":{"@id":"https:\/\/longchangchemical.com\/product\/vanillin-cas-121-33-5\/#primaryimage"},"thumbnailUrl":"https:\/\/longchangchemical.com\/wp-content\/uploads\/2024\/01\/1-2.jpg","datePublished":"2024-01-18T07:04:22+00:00","dateModified":"2025-12-17T03:39:27+00:00","description":"Vanillin ist ein Schl\u00fcsselprodukt von Longchang Chemical. Wir bieten den besten Preis und sind der f\u00fchrende Hersteller und Lieferant in China, bekannt f\u00fcr die beste Qualit\u00e4t und wettbewerbsf\u00e4hige Preise.","breadcrumb":{"@id":"https:\/\/longchangchemical.com\/product\/vanillin-cas-121-33-5\/#breadcrumb"},"inLanguage":"de","potentialAction":[{"@type":"ReadAction","target":["https:\/\/longchangchemical.com\/product\/vanillin-cas-121-33-5\/"]}]},{"@type":"ImageObject","inLanguage":"de","@id":"https:\/\/longchangchemical.com\/product\/vanillin-cas-121-33-5\/#primaryimage","url":"https:\/\/longchangchemical.com\/wp-content\/uploads\/2024\/01\/1-2.jpg","contentUrl":"https:\/\/longchangchemical.com\/wp-content\/uploads\/2024\/01\/1-2.jpg","width":800,"height":800,"caption":"vanillin cas 121-33-5"},{"@type":"BreadcrumbList","@id":"https:\/\/longchangchemical.com\/product\/vanillin-cas-121-33-5\/#breadcrumb","itemListElement":[{"@type":"ListItem","position":1,"name":"Home","item":"https:\/\/longchangchemical.com\/"},{"@type":"ListItem","position":2,"name":"Products Longchang","item":"https:\/\/longchangchemical.com\/product\/"},{"@type":"ListItem","position":3,"name":"vanillin cas 121-33-5"}]},{"@type":"WebSite","@id":"https:\/\/longchangchemical.com\/#website","url":"https:\/\/longchangchemical.com\/","name":"Longchang Chemical","description":"China Hersteller von Chemikalien \uff06 Lieferant","publisher":{"@id":"https:\/\/longchangchemical.com\/#organization"},"potentialAction":[{"@type":"SearchAction","target":{"@type":"EntryPoint","urlTemplate":"https:\/\/longchangchemical.com\/?s={search_term_string}"},"query-input":{"@type":"PropertyValueSpecification","valueRequired":true,"valueName":"search_term_string"}}],"inLanguage":"de"},{"@type":"Organization","@id":"https:\/\/longchangchemical.com\/#organization","name":"Longchang Chemical","url":"https:\/\/longchangchemical.com\/","logo":{"@type":"ImageObject","inLanguage":"de","@id":"https:\/\/longchangchemical.com\/#\/schema\/logo\/image\/","url":"https:\/\/longchangchemical.com\/wp-content\/uploads\/2020\/08\/cropped-longchang-logo.png","contentUrl":"https:\/\/longchangchemical.com\/wp-content\/uploads\/2020\/08\/cropped-longchang-logo.png","width":512,"height":512,"caption":"Longchang Chemical"},"image":{"@id":"https:\/\/longchangchemical.com\/#\/schema\/logo\/image\/"}}]}},"_links":{"self":[{"href":"https:\/\/longchangchemical.com\/de\/wp-json\/wp\/v2\/product\/4192","targetHints":{"allow":["GET"]}}],"collection":[{"href":"https:\/\/longchangchemical.com\/de\/wp-json\/wp\/v2\/product"}],"about":[{"href":"https:\/\/longchangchemical.com\/de\/wp-json\/wp\/v2\/types\/product"}],"replies":[{"embeddable":true,"href":"https:\/\/longchangchemical.com\/de\/wp-json\/wp\/v2\/comments?post=4192"}],"wp:featuredmedia":[{"embeddable":true,"href":"https:\/\/longchangchemical.com\/de\/wp-json\/wp\/v2\/media\/6525"}],"wp:attachment":[{"href":"https:\/\/longchangchemical.com\/de\/wp-json\/wp\/v2\/media?parent=4192"}],"wp:term":[{"taxonomy":"product_brand","embeddable":true,"href":"https:\/\/longchangchemical.com\/de\/wp-json\/wp\/v2\/product_brand?post=4192"},{"taxonomy":"product_cat","embeddable":true,"href":"https:\/\/longchangchemical.com\/de\/wp-json\/wp\/v2\/product_cat?post=4192"},{"taxonomy":"product_tag","embeddable":true,"href":"https:\/\/longchangchemical.com\/de\/wp-json\/wp\/v2\/product_tag?post=4192"}],"curies":[{"name":"wp","href":"https:\/\/api.w.org\/{rel}","templated":true}]}}