{"id":4186,"date":"2024-01-18T08:33:53","date_gmt":"2024-01-18T08:33:53","guid":{"rendered":"https:\/\/longchangchemical.com\/?post_type=product&#038;p=4186"},"modified":"2025-12-17T03:14:08","modified_gmt":"2025-12-17T03:14:08","slug":"2-carboxyethyldimethylsulfonium-chloridedmpt-cas-4337-33-1","status":"publish","type":"product","link":"https:\/\/longchangchemical.com\/de\/product\/2-carboxyethyldimethylsulfonium-chloridedmpt-cas-4337-33-1\/","title":{"rendered":"(2-carbOxyethyl)dimethylsulfOnium chlOrid(dmpt) cas 4337-33-1"},"content":{"rendered":"<h2><strong>CAS 4337-33-1 (DMPT)Typische Eigenschaften<\/strong><\/h2>\n<table class=\"table-1\" cellspacing=\"0\">\n<tbody>\n<tr>\n<td><strong>Artikel<\/strong><\/td>\n<td><strong>Spezifikation<\/strong><\/td>\n<\/tr>\n<tr>\n<td>Erscheinungsbild<\/td>\n<td>Wei\u00dfes Pulver<\/td>\n<\/tr>\n<tr>\n<td>Assay<\/td>\n<td>\u226598 %<\/td>\n<\/tr>\n<tr>\n<td>Verlust beim Trocknen<\/td>\n<td>\u22641,0%<\/td>\n<\/tr>\n<tr>\n<td>R\u00fcckst\u00e4nde beim Anz\u00fcnden<\/td>\n<td>\u22640,5%<\/td>\n<\/tr>\n<\/tbody>\n<\/table>\n<h2><strong>CAS 4337-33-1 (DMPT) Verwendung<\/strong><\/h2>\n<p>Wird als Lockstoff f\u00fcr Aquafutter verwendet.<\/p>\n<ol>\n<li><strong>Zusatzstoff f\u00fcr die Aquakultur:<\/strong> (2-Carboxyethyl)dimethylsulfoniumchlorid mit der CAS-Nummer 4337-33-1 (DMPT) wird in der Aquakultur h\u00e4ufig als Futtermittelzusatzstoff verwendet. Es wirkt als Lockstoff, der die Schmackhaftigkeit von Futtermitteln f\u00fcr verschiedene Wassertierarten erh\u00f6ht.<\/li>\n<li><strong>Fischzucht:<\/strong> Diese Verbindung ist besonders in der Fischzucht von Vorteil. DMPT wird dem Fischfutter zugesetzt, um die Futteraufnahme zu verbessern, den Appetit anzuregen und das Wachstum und die Gesundheit der Zuchtfische zu f\u00f6rdern.<\/li>\n<li><strong>Management der Wasserqualit\u00e4t:<\/strong> DMPT ist f\u00fcr seine Rolle bei der Verbesserung der Wasserqualit\u00e4t in Aquakulturanlagen bekannt. Es tr\u00e4gt dazu bei, die Freisetzung sch\u00e4dlicher Gase aus dem Wasser zu verringern, was zu einer ges\u00fcnderen Umwelt f\u00fcr Wasserorganismen beitr\u00e4gt.<\/li>\n<li><strong>Forschung und Entwicklung:<\/strong> Im Bereich der Aquakulturforschung und -entwicklung wird (2-Carboxyethyl)dimethylsulfoniumchlorid auf seine Auswirkungen auf die Leistung der Fische, die Futterverwertung und das gesamte Aquakulturmanagement untersucht.<\/li>\n<\/ol>\n<h2><strong>CAS 4337-33-1 (DMPT)Verpackung und Versand<\/strong><\/h2>\n<p>25 Kilogramm pro Fass.<\/p>\n<h2><strong>CAS 4337-33-1 (DMPT)Lagerung<\/strong><\/h2>\n<p>Trockener, k\u00fchler Ort.<\/p>\n<h2><strong><b>Kontaktieren Sie uns jetzt!<\/b><\/strong><\/h2>\n<h4><strong><b>Wenn Sie COA, MSDS oder TDS ben\u00f6tigen, geben Sie bitte Ihre Kontaktinformationen in das untenstehende Formular ein. Wir werden uns in der Regel innerhalb von 24 Stunden mit Ihnen in Verbindung setzen. Sie k\u00f6nnen mir auch eine E-Mail schicken <span style=\"color: #0000ff;\"><a style=\"color: #0000ff;\" href=\"mailto:info@longchangchemical.com\">info@longchangchemical.com<\/a><\/span> w\u00e4hrend der Gesch\u00e4ftszeiten ( 8:30 bis 18:00 Uhr UTC+8 Mo.~Sa. ) oder nutzen Sie den Live-Chat auf der Website, um eine schnelle Antwort zu erhalten.<\/b><\/strong><\/h4>","protected":false},"excerpt":{"rendered":"<h2><strong>CAS 4337-33-1 (DMPT)Schnelle Informationen<\/strong><\/h2>\n<p>&nbsp;<\/p>\n<p>Chemische Bezeichnung: (2-CARBOXYETHYL)DIMETHYLSULFONIUMCHLORID \/DMPT<\/p>\n<p>CAS-Nr.: 4337-33-1<\/p>\n<p>Summenformel: C5H11ClO2S<\/p>\n<p>Molekulargewicht: 170,66<\/p>\n<p>Chemische Struktur:<img decoding=\"async\" title=\"(2-CARBOXYETHYL)DIMETHYLSULFONIUMCHLORID(DMPT) Struktur\" src=\"https:\/\/www.longchangchemical.com\/wp-content\/uploads\/product-details\/20200612262690.png\" alt=\"(2-CARBOXYETHYL)DIMETHYLSULFONIUMCHLORID(DMPT) Struktur\" width=\"124\" height=\"57\" border=\"0\" vspace=\"0\" \/><\/p>\n<p>Erscheinungsbild: wei\u00dfes Pulver<\/p>\n<p>Assay: 98%<\/p>","protected":false},"featured_media":6533,"comment_status":"open","ping_status":"closed","template":"","meta":[],"product_brand":[],"product_cat":[69],"product_tag":[],"class_list":{"0":"post-4186","1":"product","2":"type-product","3":"status-publish","4":"has-post-thumbnail","6":"product_cat-catalysts-chemical-auxiliary-agents","8":"first","9":"instock","10":"shipping-taxable","11":"product-type-simple"},"yoast_head":"<!-- This site is optimized with the Yoast SEO plugin v25.3.1 - https:\/\/yoast.com\/wordpress\/plugins\/seo\/ -->\n<title>China (2-Carboxyethyl)dimethylsulfonium Chloride (DMPT) Manufacturer CAS 4337-33-1 - Longchang Chemical<\/title>\n<meta name=\"description\" content=\"(2-Carboxyethyl)dimethylsulfonium Chloride (DMPT) is a key product of Longchang Chemical. We provide the best price and are the leading manufacturer and supplier in China, known for the best quality and competitive prices.\" \/>\n<meta name=\"robots\" content=\"index, follow, max-snippet:-1, max-image-preview:large, max-video-preview:-1\" \/>\n<link rel=\"canonical\" href=\"https:\/\/longchangchemical.com\/de\/product\/2-carboxyethyldimethylsulfonium-chloridedmpt-cas-4337-33-1\/\" \/>\n<meta property=\"og:locale\" content=\"de_DE\" \/>\n<meta property=\"og:type\" content=\"article\" \/>\n<meta property=\"og:title\" content=\"China (2-Carboxyethyl)dimethylsulfonium Chloride (DMPT) Manufacturer CAS 4337-33-1 - Longchang Chemical\" \/>\n<meta property=\"og:description\" content=\"(2-Carboxyethyl)dimethylsulfonium Chloride (DMPT) is a key product of Longchang Chemical. We provide the best price and are the leading manufacturer and supplier in China, known for the best quality and competitive prices.\" \/>\n<meta property=\"og:url\" content=\"https:\/\/longchangchemical.com\/de\/product\/2-carboxyethyldimethylsulfonium-chloridedmpt-cas-4337-33-1\/\" \/>\n<meta property=\"og:site_name\" content=\"Longchang Chemical\" \/>\n<meta property=\"article:modified_time\" content=\"2025-12-17T03:14:08+00:00\" \/>\n<meta property=\"og:image\" content=\"https:\/\/longchangchemical.com\/wp-content\/uploads\/2024\/01\/6.jpg\" \/>\n\t<meta property=\"og:image:width\" content=\"800\" \/>\n\t<meta property=\"og:image:height\" content=\"800\" \/>\n\t<meta property=\"og:image:type\" content=\"image\/jpeg\" \/>\n<meta name=\"twitter:card\" content=\"summary_large_image\" \/>\n<script type=\"application\/ld+json\" class=\"yoast-schema-graph\">{\"@context\":\"https:\/\/schema.org\",\"@graph\":[{\"@type\":\"WebPage\",\"@id\":\"https:\/\/longchangchemical.com\/product\/2-carboxyethyldimethylsulfonium-chloridedmpt-cas-4337-33-1\/\",\"url\":\"https:\/\/longchangchemical.com\/product\/2-carboxyethyldimethylsulfonium-chloridedmpt-cas-4337-33-1\/\",\"name\":\"China (2-Carboxyethyl)dimethylsulfonium Chloride (DMPT) Manufacturer CAS 4337-33-1 - Longchang Chemical\",\"isPartOf\":{\"@id\":\"https:\/\/longchangchemical.com\/#website\"},\"primaryImageOfPage\":{\"@id\":\"https:\/\/longchangchemical.com\/product\/2-carboxyethyldimethylsulfonium-chloridedmpt-cas-4337-33-1\/#primaryimage\"},\"image\":{\"@id\":\"https:\/\/longchangchemical.com\/product\/2-carboxyethyldimethylsulfonium-chloridedmpt-cas-4337-33-1\/#primaryimage\"},\"thumbnailUrl\":\"https:\/\/longchangchemical.com\/wp-content\/uploads\/2024\/01\/6.jpg\",\"datePublished\":\"2024-01-18T08:33:53+00:00\",\"dateModified\":\"2025-12-17T03:14:08+00:00\",\"description\":\"(2-Carboxyethyl)dimethylsulfonium Chloride (DMPT) is a key product of Longchang Chemical. We provide the best price and are the leading manufacturer and supplier in China, known for the best quality and competitive prices.\",\"breadcrumb\":{\"@id\":\"https:\/\/longchangchemical.com\/product\/2-carboxyethyldimethylsulfonium-chloridedmpt-cas-4337-33-1\/#breadcrumb\"},\"inLanguage\":\"de\",\"potentialAction\":[{\"@type\":\"ReadAction\",\"target\":[\"https:\/\/longchangchemical.com\/product\/2-carboxyethyldimethylsulfonium-chloridedmpt-cas-4337-33-1\/\"]}]},{\"@type\":\"ImageObject\",\"inLanguage\":\"de\",\"@id\":\"https:\/\/longchangchemical.com\/product\/2-carboxyethyldimethylsulfonium-chloridedmpt-cas-4337-33-1\/#primaryimage\",\"url\":\"https:\/\/longchangchemical.com\/wp-content\/uploads\/2024\/01\/6.jpg\",\"contentUrl\":\"https:\/\/longchangchemical.com\/wp-content\/uploads\/2024\/01\/6.jpg\",\"width\":800,\"height\":800,\"caption\":\"(2-carbOxyethyl)dimethylsulfOnium chlOride(dmpt) cas 4337-33-1\"},{\"@type\":\"BreadcrumbList\",\"@id\":\"https:\/\/longchangchemical.com\/product\/2-carboxyethyldimethylsulfonium-chloridedmpt-cas-4337-33-1\/#breadcrumb\",\"itemListElement\":[{\"@type\":\"ListItem\",\"position\":1,\"name\":\"Home\",\"item\":\"https:\/\/longchangchemical.com\/\"},{\"@type\":\"ListItem\",\"position\":2,\"name\":\"Products Longchang\",\"item\":\"https:\/\/longchangchemical.com\/product\/\"},{\"@type\":\"ListItem\",\"position\":3,\"name\":\"(2-carbOxyethyl)dimethylsulfOnium chlOride(dmpt) cas 4337-33-1\"}]},{\"@type\":\"WebSite\",\"@id\":\"https:\/\/longchangchemical.com\/#website\",\"url\":\"https:\/\/longchangchemical.com\/\",\"name\":\"Longchang Chemical\",\"description\":\"China chemical manufacturer \uff06 supplier\",\"publisher\":{\"@id\":\"https:\/\/longchangchemical.com\/#organization\"},\"potentialAction\":[{\"@type\":\"SearchAction\",\"target\":{\"@type\":\"EntryPoint\",\"urlTemplate\":\"https:\/\/longchangchemical.com\/?s={search_term_string}\"},\"query-input\":{\"@type\":\"PropertyValueSpecification\",\"valueRequired\":true,\"valueName\":\"search_term_string\"}}],\"inLanguage\":\"de\"},{\"@type\":\"Organization\",\"@id\":\"https:\/\/longchangchemical.com\/#organization\",\"name\":\"Longchang Chemical\",\"url\":\"https:\/\/longchangchemical.com\/\",\"logo\":{\"@type\":\"ImageObject\",\"inLanguage\":\"de\",\"@id\":\"https:\/\/longchangchemical.com\/#\/schema\/logo\/image\/\",\"url\":\"https:\/\/longchangchemical.com\/wp-content\/uploads\/2020\/08\/cropped-longchang-logo.png\",\"contentUrl\":\"https:\/\/longchangchemical.com\/wp-content\/uploads\/2020\/08\/cropped-longchang-logo.png\",\"width\":512,\"height\":512,\"caption\":\"Longchang Chemical\"},\"image\":{\"@id\":\"https:\/\/longchangchemical.com\/#\/schema\/logo\/image\/\"}}]}<\/script>\n<!-- \/ Yoast SEO plugin. -->","yoast_head_json":{"title":"China (2-Carboxyethyl)dimethylsulfoniumchlorid (DMPT) Hersteller CAS 4337-33-1 - Longchang Chemical","description":"(2-Carboxyethyl)dimethylsulfoniumchlorid (DMPT) ist ein Schl\u00fcsselprodukt von Longchang Chemical. Wir bieten den besten Preis und sind der f\u00fchrende Hersteller und Lieferant in China, bekannt f\u00fcr die beste Qualit\u00e4t und wettbewerbsf\u00e4hige Preise.","robots":{"index":"index","follow":"follow","max-snippet":"max-snippet:-1","max-image-preview":"max-image-preview:large","max-video-preview":"max-video-preview:-1"},"canonical":"https:\/\/longchangchemical.com\/de\/product\/2-carboxyethyldimethylsulfonium-chloridedmpt-cas-4337-33-1\/","og_locale":"de_DE","og_type":"article","og_title":"China (2-Carboxyethyl)dimethylsulfonium Chloride (DMPT) Manufacturer CAS 4337-33-1 - Longchang Chemical","og_description":"(2-Carboxyethyl)dimethylsulfonium Chloride (DMPT) is a key product of Longchang Chemical. We provide the best price and are the leading manufacturer and supplier in China, known for the best quality and competitive prices.","og_url":"https:\/\/longchangchemical.com\/de\/product\/2-carboxyethyldimethylsulfonium-chloridedmpt-cas-4337-33-1\/","og_site_name":"Longchang Chemical","article_modified_time":"2025-12-17T03:14:08+00:00","og_image":[{"width":800,"height":800,"url":"https:\/\/longchangchemical.com\/wp-content\/uploads\/2024\/01\/6.jpg","type":"image\/jpeg"}],"twitter_card":"summary_large_image","schema":{"@context":"https:\/\/schema.org","@graph":[{"@type":"WebPage","@id":"https:\/\/longchangchemical.com\/product\/2-carboxyethyldimethylsulfonium-chloridedmpt-cas-4337-33-1\/","url":"https:\/\/longchangchemical.com\/product\/2-carboxyethyldimethylsulfonium-chloridedmpt-cas-4337-33-1\/","name":"China (2-Carboxyethyl)dimethylsulfoniumchlorid (DMPT) Hersteller CAS 4337-33-1 - Longchang Chemical","isPartOf":{"@id":"https:\/\/longchangchemical.com\/#website"},"primaryImageOfPage":{"@id":"https:\/\/longchangchemical.com\/product\/2-carboxyethyldimethylsulfonium-chloridedmpt-cas-4337-33-1\/#primaryimage"},"image":{"@id":"https:\/\/longchangchemical.com\/product\/2-carboxyethyldimethylsulfonium-chloridedmpt-cas-4337-33-1\/#primaryimage"},"thumbnailUrl":"https:\/\/longchangchemical.com\/wp-content\/uploads\/2024\/01\/6.jpg","datePublished":"2024-01-18T08:33:53+00:00","dateModified":"2025-12-17T03:14:08+00:00","description":"(2-Carboxyethyl)dimethylsulfoniumchlorid (DMPT) ist ein Schl\u00fcsselprodukt von Longchang Chemical. Wir bieten den besten Preis und sind der f\u00fchrende Hersteller und Lieferant in China, bekannt f\u00fcr die beste Qualit\u00e4t und wettbewerbsf\u00e4hige Preise.","breadcrumb":{"@id":"https:\/\/longchangchemical.com\/product\/2-carboxyethyldimethylsulfonium-chloridedmpt-cas-4337-33-1\/#breadcrumb"},"inLanguage":"de","potentialAction":[{"@type":"ReadAction","target":["https:\/\/longchangchemical.com\/product\/2-carboxyethyldimethylsulfonium-chloridedmpt-cas-4337-33-1\/"]}]},{"@type":"ImageObject","inLanguage":"de","@id":"https:\/\/longchangchemical.com\/product\/2-carboxyethyldimethylsulfonium-chloridedmpt-cas-4337-33-1\/#primaryimage","url":"https:\/\/longchangchemical.com\/wp-content\/uploads\/2024\/01\/6.jpg","contentUrl":"https:\/\/longchangchemical.com\/wp-content\/uploads\/2024\/01\/6.jpg","width":800,"height":800,"caption":"(2-carbOxyethyl)dimethylsulfOnium chlOride(dmpt) cas 4337-33-1"},{"@type":"BreadcrumbList","@id":"https:\/\/longchangchemical.com\/product\/2-carboxyethyldimethylsulfonium-chloridedmpt-cas-4337-33-1\/#breadcrumb","itemListElement":[{"@type":"ListItem","position":1,"name":"Home","item":"https:\/\/longchangchemical.com\/"},{"@type":"ListItem","position":2,"name":"Products Longchang","item":"https:\/\/longchangchemical.com\/product\/"},{"@type":"ListItem","position":3,"name":"(2-carbOxyethyl)dimethylsulfOnium chlOride(dmpt) cas 4337-33-1"}]},{"@type":"WebSite","@id":"https:\/\/longchangchemical.com\/#website","url":"https:\/\/longchangchemical.com\/","name":"Longchang Chemical","description":"China Hersteller von Chemikalien \uff06 Lieferant","publisher":{"@id":"https:\/\/longchangchemical.com\/#organization"},"potentialAction":[{"@type":"SearchAction","target":{"@type":"EntryPoint","urlTemplate":"https:\/\/longchangchemical.com\/?s={search_term_string}"},"query-input":{"@type":"PropertyValueSpecification","valueRequired":true,"valueName":"search_term_string"}}],"inLanguage":"de"},{"@type":"Organization","@id":"https:\/\/longchangchemical.com\/#organization","name":"Longchang Chemical","url":"https:\/\/longchangchemical.com\/","logo":{"@type":"ImageObject","inLanguage":"de","@id":"https:\/\/longchangchemical.com\/#\/schema\/logo\/image\/","url":"https:\/\/longchangchemical.com\/wp-content\/uploads\/2020\/08\/cropped-longchang-logo.png","contentUrl":"https:\/\/longchangchemical.com\/wp-content\/uploads\/2020\/08\/cropped-longchang-logo.png","width":512,"height":512,"caption":"Longchang Chemical"},"image":{"@id":"https:\/\/longchangchemical.com\/#\/schema\/logo\/image\/"}}]}},"_links":{"self":[{"href":"https:\/\/longchangchemical.com\/de\/wp-json\/wp\/v2\/product\/4186","targetHints":{"allow":["GET"]}}],"collection":[{"href":"https:\/\/longchangchemical.com\/de\/wp-json\/wp\/v2\/product"}],"about":[{"href":"https:\/\/longchangchemical.com\/de\/wp-json\/wp\/v2\/types\/product"}],"replies":[{"embeddable":true,"href":"https:\/\/longchangchemical.com\/de\/wp-json\/wp\/v2\/comments?post=4186"}],"wp:featuredmedia":[{"embeddable":true,"href":"https:\/\/longchangchemical.com\/de\/wp-json\/wp\/v2\/media\/6533"}],"wp:attachment":[{"href":"https:\/\/longchangchemical.com\/de\/wp-json\/wp\/v2\/media?parent=4186"}],"wp:term":[{"taxonomy":"product_brand","embeddable":true,"href":"https:\/\/longchangchemical.com\/de\/wp-json\/wp\/v2\/product_brand?post=4186"},{"taxonomy":"product_cat","embeddable":true,"href":"https:\/\/longchangchemical.com\/de\/wp-json\/wp\/v2\/product_cat?post=4186"},{"taxonomy":"product_tag","embeddable":true,"href":"https:\/\/longchangchemical.com\/de\/wp-json\/wp\/v2\/product_tag?post=4186"}],"curies":[{"name":"wp","href":"https:\/\/api.w.org\/{rel}","templated":true}]}}