{"id":4149,"date":"2021-05-26T08:42:37","date_gmt":"2021-05-26T08:42:37","guid":{"rendered":"https:\/\/longchangchemical.com\/?post_type=product&#038;p=4149"},"modified":"2025-12-22T08:10:08","modified_gmt":"2025-12-22T08:10:08","slug":"2-hea-cas-818-61-1","status":"publish","type":"product","link":"https:\/\/longchangchemical.com\/de\/product\/2-hea-cas-818-61-1\/","title":{"rendered":"2-Hydroxyethylacrylat CAS 818-61-1"},"content":{"rendered":"<h1><strong>2-Hydroxyethylacrylat CAS 818-61-1<\/strong><\/h1>\n<table class=\"table-1\" cellspacing=\"0\">\n<tbody>\n<tr>\n<td>Artikel<\/td>\n<td>Spezifikation<\/td>\n<\/tr>\n<tr>\n<td>Erscheinungsbild<\/td>\n<td>Farblose und transparente Fl\u00fcssigkeit<\/td>\n<\/tr>\n<tr>\n<td>Spezifisches Gewicht\uff0820\/210F\uff09<\/td>\n<td>1.1098<\/td>\n<\/tr>\n<tr>\n<td>Gefrierpunkt<\/td>\n<td>\uff1c-70\u2103<\/td>\n<\/tr>\n<tr>\n<td>Siedepunkt<\/td>\n<td>82\/5mmHg<\/td>\n<\/tr>\n<tr>\n<td>Viskosit\u00e4t<\/td>\n<td>5-15<\/td>\n<\/tr>\n<tr>\n<td>Flammpunkt<\/td>\n<td>99\u2103<\/td>\n<\/tr>\n<tr>\n<td>Assay (GC)<\/td>\n<td>91%,93%,95%,97%<\/td>\n<\/tr>\n<tr>\n<td>Estergehalt<\/td>\n<td>99%min<\/td>\n<\/tr>\n<\/tbody>\n<\/table>\n<h2><\/h2>\n<h2><strong>2-Hydroxyethylacrylat Verwendung<\/strong><\/h2>\n<h4>1. 2-Hydroxyethylacrylat wird haupts\u00e4chlich als Reaktivverd\u00fcnner und Vernetzungsmittel in strahlenh\u00e4rtenden Systemen verwendet und kann auch als Harzvernetzungsmittel, Kunststoff- und Gummimodifikator eingesetzt werden.<\/h4>\n<h4>2. 2-Hydroxyethylacrylat wird in Holzlacken, Druckfarben und Klebstoffen verwendet.<\/h4>\n<h4>3. 2-Hydroxyethylacrylat wird haupts\u00e4chlich zur Herstellung von w\u00e4rmeh\u00e4rtenden Acrylbeschichtungen, lichth\u00e4rtenden Acrylbeschichtungen, lichtempfindlichen Beschichtungen, Klebstoffen, Textilbehandlungsmitteln, Papierverarbeitung, Stabilisatoren f\u00fcr die Wasserqualit\u00e4t und Polymermaterialien verwendet. Es zeichnet sich durch einen geringen Verbrauch aus, kann aber die Leistung des Produkts erheblich verbessern.<\/h4>\n<p>&nbsp;<\/p>\n<h2><strong>2-Hydroxyethylacrylat Verpackung und Versand<\/strong><\/h2>\n<h4>Verpackung: 200 kg\/Fass; 1000 kg IBC-Fass<\/h4>\n<h4>Lieferung: UN 2922<\/h4>\n<h4>DG Klasse: 8 6.1 Klasse<\/h4>\n<p>&nbsp;<\/p>\n<h2><strong>Lagerung von 2-Hydroxyethylacrylat<\/strong><\/h2>\n<h4>An einem k\u00fchlen, trockenen Ort ohne direkte Sonneneinstrahlung aufbewahren.<\/h4>\n<p>&nbsp;<\/p>\n<h2><strong><b>Kontaktieren Sie uns jetzt!<\/b><\/strong><\/h2>\n<h4><strong><b>Wenn Sie COA, MSDS oder TDS ben\u00f6tigen, geben Sie bitte Ihre Kontaktinformationen in das untenstehende Formular ein. Wir werden uns in der Regel innerhalb von 24 Stunden mit Ihnen in Verbindung setzen. Sie k\u00f6nnen mir auch eine E-Mail schicken <span style=\"color: #0000ff;\"><a style=\"color: #0000ff;\" href=\"mailto:info@longchangchemical.com\">info@longchangchemical.com<\/a><\/span> w\u00e4hrend der Gesch\u00e4ftszeiten ( 8:30 bis 18:00 Uhr UTC+8 Mo.~Sa. ) oder nutzen Sie den Live-Chat auf der Website, um eine schnelle Antwort zu erhalten.<\/b><\/strong><\/h4>\n<p><!--more--><\/p>\n<h2><strong>Was ist das Prinzip von Hydroxyethylacrylat in Hautpflegeprodukten?<\/strong><\/h2>\n<p>1. Feuchtigkeitsspendend<br \/>\nHydroxyethylacrylat kann Hautpflegeprodukten als Feuchthaltemittel zugesetzt werden, kann den Wassergehalt der Haut erh\u00f6hen, die Feuchtigkeitsversorgung der Haut verbessern, Hauttrockenheit, Rissbildung und andere Probleme verhindern.<br \/>\n2. Anti-Aging<br \/>\nHydroxyethylacrylat kann Falten und schlaffe Haut reduzieren, indem es die Produktion von Kollagen f\u00f6rdert und so einen Anti-Aging-Effekt erzielt.<br \/>\n3. Verbesserung der Hautfarbe<br \/>\nHydroxyethylacrylat kann den Stoffwechsel der Hornschicht f\u00f6rdern und die Erneuerung der Haut beschleunigen, wodurch sich die Hautfarbe verbessert und die Haut strahlender und glatter wird.<\/p>\n<p>die Wirksamkeit von Hydroxyethylacrylat in Hautpflegeprodukten<br \/>\n1. Verbesserung des Feuchtigkeitsgehalts der Haut: Hydroxyethylacrylat hat ausgezeichnete feuchtigkeitsspendende Eigenschaften und ist besonders wirksam bei trockener Haut.<br \/>\n2. Reduzieren Sie Hautfalten und schlaffe: Hydroxyethyl-Acrylat kann die Erzeugung von Kollagen f\u00f6rdern, Hautfalten und schlaffe Haut reduzieren, so dass die Haut fester ist.<br \/>\n3. Gleichm\u00e4\u00dfige Hautfarbe: Hydroxyethylacrylat kann den Stoffwechsel des Stratum corneum f\u00f6rdern, die Erneuerung der Haut beschleunigen und so die Hautfarbe verbessern und das Auftreten von Pigmentierungen verringern.<br \/>\n4. Beruhigend und lindernd: Hydroxyethyl-Acrylat kann die Haftung der Haut durch die Details zu verbessern, um externe Reize zu verhindern, um so die Wirkung von beruhigend und lindernd zu erreichen.<br \/>\nVorsichtsma\u00dfnahmen<br \/>\n1. Hydroxyethylacrylat eignet sich f\u00fcr die Formulierung von Hautpflegeprodukten, kann aber nicht direkt auf die Haut aufgetragen werden.<br \/>\n2. Bei der Verwendung von Hautpflegeprodukten sollte auf die Qualit\u00e4t und Anwendbarkeit des Produkts geachtet werden, um unerw\u00fcnschte Reaktionen aufgrund von Hautallergien und anderen Gr\u00fcnden zu vermeiden.<br \/>\n3. Bei Auftreten von Hautreizungen oder anderen Beschwerden ist die Anwendung sofort abzubrechen und ein Arzt aufzusuchen.<\/p>\n<h2><strong>Welche Zugabemenge von Hydroxyethylacrylat ist bei der Emulsionspolymerisation angemessen?<\/strong><\/h2>\n<p>Die geeignete Zugabemenge von Hydroxyethylacrylat bei der Emulsionspolymerisation betr\u00e4gt 1%-5%.<br \/>\nErstens, die Rolle von Hydroxyethylacrylat<br \/>\nHydroxyethylacrylat ist ein Monomer auf Wasserbasis, das der Emulsionspolymerisation zugesetzt werden kann, um die Reaktionsgeschwindigkeit der Polymerisation zu regulieren und die Qualit\u00e4t der Emulsion zu verbessern. Insbesondere kann es:<br \/>\n1. Verbessern Sie die Stabilit\u00e4t der Emulsion, verhindern Sie, dass die Emulsion bricht, Delamination und andere Ph\u00e4nomene.<br \/>\n2. Erh\u00f6hung der Polymerisationsrate der Emulsion, Verk\u00fcrzung der Reaktionszeit und Verbesserung der Produktionseffizienz.<br \/>\n3. Verbesserung der filmbildenden Eigenschaften des Polymers, wodurch das Polymer gleichm\u00e4\u00dfiger und glatter wird.<br \/>\nZweitens, die angemessene Menge f\u00fcr die Zugabe<br \/>\nObwohl Hydroxyethylacrylat viele Vorteile hat, f\u00fchrt eine \u00fcberm\u00e4\u00dfige Zugabe zu einer schwer zu kontrollierenden Polymerisationsreaktion, die die Qualit\u00e4t des Produkts beeintr\u00e4chtigt. Daher liegt bei der Emulsionspolymerisation die geeignete Zusatzstoffmenge zwischen 1% und 5%. Die spezifische Zugabemenge sollte entsprechend den verschiedenen Systemen und Produktanforderungen angepasst werden. Bei einer zu geringen Zugabemenge kommen die Vorteile nicht zur Geltung; bei einer zu hohen Zugabemenge kann die Kontrolle der Polymerisationsreaktion beeintr\u00e4chtigt werden.<\/p>","protected":false},"excerpt":{"rendered":"<h4>Chemische Bezeichnung: 2-Hydroxyethylacrylat<\/h4>\n<h4>Andere Namen: 2-Hydroxyethylacrylat; 2-HEA; Hydroxyethylacrylat; 2-Acryloyloxyethanol; Ethylenglykol-Acrylat; Acryls\u00e4ure-2-Hydroxyethylester; Ethylenglykol-Monoacrylat<\/h4>\n<h4>CAS-Nr.: 818-61-1<\/h4>\n<h4>Molekulare Formel: C5H8O3<\/h4>\n<h4>Chemische Struktur:<img decoding=\"async\" title=\"2-Hydroxyethylacrylat Struktur\" src=\"https:\/\/www.longchangchemical.com\/wp-content\/uploads\/product-details\/20200617111470.png\" alt=\"2-Hydroxyethylacrylat Struktur\" width=\"202\" height=\"92\" border=\"0\" vspace=\"0\" \/><\/h4>\n<h4>Molekulargewicht:116.12<\/h4>\n<h4>Erscheinungsbild:farblose Fl\u00fcssigkeit<\/h4>\n<h4>Assay: 91%\uff0c93%\uff0c95%\uff0c97%<\/h4>","protected":false},"featured_media":4633,"comment_status":"open","ping_status":"closed","template":"","meta":[],"product_brand":[],"product_cat":[69],"product_tag":[],"class_list":{"0":"post-4149","1":"product","2":"type-product","3":"status-publish","4":"has-post-thumbnail","6":"product_cat-catalysts-chemical-auxiliary-agents","8":"first","9":"instock","10":"shipping-taxable","11":"product-type-simple"},"yoast_head":"<!-- This site is optimized with the Yoast SEO plugin v25.3.1 - https:\/\/yoast.com\/wordpress\/plugins\/seo\/ -->\n<title>China 2-Hydroxyethyl acrylate Manufacturer \uff06 CAS 818-61-1 Supplier - Longchang chemical Co., Ltd.<\/title>\n<meta name=\"description\" content=\"Longchang Chemical is a leading manufacturer and supplier of 2-Hydroxyethyl acrylatein China. Buy 2-Hydroxyethyl acrylate in china. We can provide the best 2-Hydroxyethyl acrylate price. Other Name: 2-Hydroxyethyl acrylate; 2-HEA; Hydroxyethyl acrylate; 2-Acryloyloxy ethanol; Ethylene glycol acrylate; Acrylic acid 2-hydroxyethyl ester; Ethylene glycol monoacrylate\" \/>\n<meta name=\"robots\" content=\"index, follow, max-snippet:-1, max-image-preview:large, max-video-preview:-1\" \/>\n<link rel=\"canonical\" href=\"https:\/\/longchangchemical.com\/de\/product\/2-hea-cas-818-61-1\/\" \/>\n<meta property=\"og:locale\" content=\"de_DE\" \/>\n<meta property=\"og:type\" content=\"article\" \/>\n<meta property=\"og:title\" content=\"China 2-Hydroxyethyl acrylate Manufacturer \uff06 CAS 818-61-1 Supplier - Longchang chemical Co., Ltd.\" \/>\n<meta property=\"og:description\" content=\"Longchang Chemical is a leading manufacturer and supplier of 2-Hydroxyethyl acrylatein China. Buy 2-Hydroxyethyl acrylate in china. We can provide the best 2-Hydroxyethyl acrylate price. Other Name: 2-Hydroxyethyl acrylate; 2-HEA; Hydroxyethyl acrylate; 2-Acryloyloxy ethanol; Ethylene glycol acrylate; Acrylic acid 2-hydroxyethyl ester; Ethylene glycol monoacrylate\" \/>\n<meta property=\"og:url\" content=\"https:\/\/longchangchemical.com\/de\/product\/2-hea-cas-818-61-1\/\" \/>\n<meta property=\"og:site_name\" content=\"Longchang Chemical\" \/>\n<meta property=\"article:modified_time\" content=\"2025-12-22T08:10:08+00:00\" \/>\n<meta property=\"og:image\" content=\"https:\/\/longchangchemical.com\/wp-content\/uploads\/2021\/01\/2-Hydroxyethyl-acrylate-Appearance.jpg\" \/>\n\t<meta property=\"og:image:width\" content=\"600\" \/>\n\t<meta property=\"og:image:height\" content=\"800\" \/>\n\t<meta property=\"og:image:type\" content=\"image\/jpeg\" \/>\n<meta name=\"twitter:card\" content=\"summary_large_image\" \/>\n<script type=\"application\/ld+json\" class=\"yoast-schema-graph\">{\"@context\":\"https:\/\/schema.org\",\"@graph\":[{\"@type\":\"WebPage\",\"@id\":\"https:\/\/longchangchemical.com\/product\/2-hea-cas-818-61-1\/\",\"url\":\"https:\/\/longchangchemical.com\/product\/2-hea-cas-818-61-1\/\",\"name\":\"China 2-Hydroxyethyl acrylate Manufacturer \uff06 CAS 818-61-1 Supplier - Longchang chemical Co., Ltd.\",\"isPartOf\":{\"@id\":\"https:\/\/longchangchemical.com\/#website\"},\"primaryImageOfPage\":{\"@id\":\"https:\/\/longchangchemical.com\/product\/2-hea-cas-818-61-1\/#primaryimage\"},\"image\":{\"@id\":\"https:\/\/longchangchemical.com\/product\/2-hea-cas-818-61-1\/#primaryimage\"},\"thumbnailUrl\":\"https:\/\/longchangchemical.com\/wp-content\/uploads\/2021\/01\/2-Hydroxyethyl-acrylate-Appearance.jpg\",\"datePublished\":\"2021-05-26T08:42:37+00:00\",\"dateModified\":\"2025-12-22T08:10:08+00:00\",\"description\":\"Longchang Chemical is a leading manufacturer and supplier of 2-Hydroxyethyl acrylatein China. Buy 2-Hydroxyethyl acrylate in china. We can provide the best 2-Hydroxyethyl acrylate price. Other Name: 2-Hydroxyethyl acrylate; 2-HEA; Hydroxyethyl acrylate; 2-Acryloyloxy ethanol; Ethylene glycol acrylate; Acrylic acid 2-hydroxyethyl ester; Ethylene glycol monoacrylate\",\"breadcrumb\":{\"@id\":\"https:\/\/longchangchemical.com\/product\/2-hea-cas-818-61-1\/#breadcrumb\"},\"inLanguage\":\"de\",\"potentialAction\":[{\"@type\":\"ReadAction\",\"target\":[\"https:\/\/longchangchemical.com\/product\/2-hea-cas-818-61-1\/\"]}]},{\"@type\":\"ImageObject\",\"inLanguage\":\"de\",\"@id\":\"https:\/\/longchangchemical.com\/product\/2-hea-cas-818-61-1\/#primaryimage\",\"url\":\"https:\/\/longchangchemical.com\/wp-content\/uploads\/2021\/01\/2-Hydroxyethyl-acrylate-Appearance.jpg\",\"contentUrl\":\"https:\/\/longchangchemical.com\/wp-content\/uploads\/2021\/01\/2-Hydroxyethyl-acrylate-Appearance.jpg\",\"width\":600,\"height\":800,\"caption\":\"Appearance\"},{\"@type\":\"BreadcrumbList\",\"@id\":\"https:\/\/longchangchemical.com\/product\/2-hea-cas-818-61-1\/#breadcrumb\",\"itemListElement\":[{\"@type\":\"ListItem\",\"position\":1,\"name\":\"Home\",\"item\":\"https:\/\/longchangchemical.com\/\"},{\"@type\":\"ListItem\",\"position\":2,\"name\":\"Products Longchang\",\"item\":\"https:\/\/longchangchemical.com\/product\/\"},{\"@type\":\"ListItem\",\"position\":3,\"name\":\"2-Hydroxyethyl acrylate CAS 818-61-1\"}]},{\"@type\":\"WebSite\",\"@id\":\"https:\/\/longchangchemical.com\/#website\",\"url\":\"https:\/\/longchangchemical.com\/\",\"name\":\"Longchang Chemical\",\"description\":\"China chemical manufacturer \uff06 supplier\",\"publisher\":{\"@id\":\"https:\/\/longchangchemical.com\/#organization\"},\"potentialAction\":[{\"@type\":\"SearchAction\",\"target\":{\"@type\":\"EntryPoint\",\"urlTemplate\":\"https:\/\/longchangchemical.com\/?s={search_term_string}\"},\"query-input\":{\"@type\":\"PropertyValueSpecification\",\"valueRequired\":true,\"valueName\":\"search_term_string\"}}],\"inLanguage\":\"de\"},{\"@type\":\"Organization\",\"@id\":\"https:\/\/longchangchemical.com\/#organization\",\"name\":\"Longchang Chemical\",\"url\":\"https:\/\/longchangchemical.com\/\",\"logo\":{\"@type\":\"ImageObject\",\"inLanguage\":\"de\",\"@id\":\"https:\/\/longchangchemical.com\/#\/schema\/logo\/image\/\",\"url\":\"https:\/\/longchangchemical.com\/wp-content\/uploads\/2020\/08\/cropped-longchang-logo.png\",\"contentUrl\":\"https:\/\/longchangchemical.com\/wp-content\/uploads\/2020\/08\/cropped-longchang-logo.png\",\"width\":512,\"height\":512,\"caption\":\"Longchang Chemical\"},\"image\":{\"@id\":\"https:\/\/longchangchemical.com\/#\/schema\/logo\/image\/\"}}]}<\/script>\n<!-- \/ Yoast SEO plugin. -->","yoast_head_json":{"title":"China 2-Hydroxyethylacrylat Hersteller \uff06 CAS 818-61-1 Lieferant - Longchang chemical Co., Ltd.","description":"Longchang Chemical ist ein f\u00fchrender Hersteller und Lieferant von 2-Hydroxyethylacrylat in China. Kaufen Sie 2-Hydroxyethylacrylat in China. Wir k\u00f6nnen die besten 2-Hydroxyethylacrylat Preis bieten. Anderer Name: 2-Hydroxyethylacrylat; 2-HEA; Hydroxyethylacrylat; 2-Acryloyloxyethanol; Ethylenglykol-Acrylat; Acryls\u00e4ure 2-Hydroxyethylester; Ethylenglykol-Monoacrylat","robots":{"index":"index","follow":"follow","max-snippet":"max-snippet:-1","max-image-preview":"max-image-preview:large","max-video-preview":"max-video-preview:-1"},"canonical":"https:\/\/longchangchemical.com\/de\/product\/2-hea-cas-818-61-1\/","og_locale":"de_DE","og_type":"article","og_title":"China 2-Hydroxyethyl acrylate Manufacturer \uff06 CAS 818-61-1 Supplier - Longchang chemical Co., Ltd.","og_description":"Longchang Chemical is a leading manufacturer and supplier of 2-Hydroxyethyl acrylatein China. Buy 2-Hydroxyethyl acrylate in china. We can provide the best 2-Hydroxyethyl acrylate price. Other Name: 2-Hydroxyethyl acrylate; 2-HEA; Hydroxyethyl acrylate; 2-Acryloyloxy ethanol; Ethylene glycol acrylate; Acrylic acid 2-hydroxyethyl ester; Ethylene glycol monoacrylate","og_url":"https:\/\/longchangchemical.com\/de\/product\/2-hea-cas-818-61-1\/","og_site_name":"Longchang Chemical","article_modified_time":"2025-12-22T08:10:08+00:00","og_image":[{"width":600,"height":800,"url":"https:\/\/longchangchemical.com\/wp-content\/uploads\/2021\/01\/2-Hydroxyethyl-acrylate-Appearance.jpg","type":"image\/jpeg"}],"twitter_card":"summary_large_image","schema":{"@context":"https:\/\/schema.org","@graph":[{"@type":"WebPage","@id":"https:\/\/longchangchemical.com\/product\/2-hea-cas-818-61-1\/","url":"https:\/\/longchangchemical.com\/product\/2-hea-cas-818-61-1\/","name":"China 2-Hydroxyethylacrylat Hersteller \uff06 CAS 818-61-1 Lieferant - Longchang chemical Co., Ltd.","isPartOf":{"@id":"https:\/\/longchangchemical.com\/#website"},"primaryImageOfPage":{"@id":"https:\/\/longchangchemical.com\/product\/2-hea-cas-818-61-1\/#primaryimage"},"image":{"@id":"https:\/\/longchangchemical.com\/product\/2-hea-cas-818-61-1\/#primaryimage"},"thumbnailUrl":"https:\/\/longchangchemical.com\/wp-content\/uploads\/2021\/01\/2-Hydroxyethyl-acrylate-Appearance.jpg","datePublished":"2021-05-26T08:42:37+00:00","dateModified":"2025-12-22T08:10:08+00:00","description":"Longchang Chemical ist ein f\u00fchrender Hersteller und Lieferant von 2-Hydroxyethylacrylat in China. Kaufen Sie 2-Hydroxyethylacrylat in China. Wir k\u00f6nnen die besten 2-Hydroxyethylacrylat Preis bieten. Anderer Name: 2-Hydroxyethylacrylat; 2-HEA; Hydroxyethylacrylat; 2-Acryloyloxyethanol; Ethylenglykol-Acrylat; Acryls\u00e4ure 2-Hydroxyethylester; Ethylenglykol-Monoacrylat","breadcrumb":{"@id":"https:\/\/longchangchemical.com\/product\/2-hea-cas-818-61-1\/#breadcrumb"},"inLanguage":"de","potentialAction":[{"@type":"ReadAction","target":["https:\/\/longchangchemical.com\/product\/2-hea-cas-818-61-1\/"]}]},{"@type":"ImageObject","inLanguage":"de","@id":"https:\/\/longchangchemical.com\/product\/2-hea-cas-818-61-1\/#primaryimage","url":"https:\/\/longchangchemical.com\/wp-content\/uploads\/2021\/01\/2-Hydroxyethyl-acrylate-Appearance.jpg","contentUrl":"https:\/\/longchangchemical.com\/wp-content\/uploads\/2021\/01\/2-Hydroxyethyl-acrylate-Appearance.jpg","width":600,"height":800,"caption":"Appearance"},{"@type":"BreadcrumbList","@id":"https:\/\/longchangchemical.com\/product\/2-hea-cas-818-61-1\/#breadcrumb","itemListElement":[{"@type":"ListItem","position":1,"name":"Home","item":"https:\/\/longchangchemical.com\/"},{"@type":"ListItem","position":2,"name":"Products Longchang","item":"https:\/\/longchangchemical.com\/product\/"},{"@type":"ListItem","position":3,"name":"2-Hydroxyethyl acrylate CAS 818-61-1"}]},{"@type":"WebSite","@id":"https:\/\/longchangchemical.com\/#website","url":"https:\/\/longchangchemical.com\/","name":"Longchang Chemical","description":"China Hersteller von Chemikalien \uff06 Lieferant","publisher":{"@id":"https:\/\/longchangchemical.com\/#organization"},"potentialAction":[{"@type":"SearchAction","target":{"@type":"EntryPoint","urlTemplate":"https:\/\/longchangchemical.com\/?s={search_term_string}"},"query-input":{"@type":"PropertyValueSpecification","valueRequired":true,"valueName":"search_term_string"}}],"inLanguage":"de"},{"@type":"Organization","@id":"https:\/\/longchangchemical.com\/#organization","name":"Longchang Chemical","url":"https:\/\/longchangchemical.com\/","logo":{"@type":"ImageObject","inLanguage":"de","@id":"https:\/\/longchangchemical.com\/#\/schema\/logo\/image\/","url":"https:\/\/longchangchemical.com\/wp-content\/uploads\/2020\/08\/cropped-longchang-logo.png","contentUrl":"https:\/\/longchangchemical.com\/wp-content\/uploads\/2020\/08\/cropped-longchang-logo.png","width":512,"height":512,"caption":"Longchang Chemical"},"image":{"@id":"https:\/\/longchangchemical.com\/#\/schema\/logo\/image\/"}}]}},"_links":{"self":[{"href":"https:\/\/longchangchemical.com\/de\/wp-json\/wp\/v2\/product\/4149","targetHints":{"allow":["GET"]}}],"collection":[{"href":"https:\/\/longchangchemical.com\/de\/wp-json\/wp\/v2\/product"}],"about":[{"href":"https:\/\/longchangchemical.com\/de\/wp-json\/wp\/v2\/types\/product"}],"replies":[{"embeddable":true,"href":"https:\/\/longchangchemical.com\/de\/wp-json\/wp\/v2\/comments?post=4149"}],"wp:featuredmedia":[{"embeddable":true,"href":"https:\/\/longchangchemical.com\/de\/wp-json\/wp\/v2\/media\/4633"}],"wp:attachment":[{"href":"https:\/\/longchangchemical.com\/de\/wp-json\/wp\/v2\/media?parent=4149"}],"wp:term":[{"taxonomy":"product_brand","embeddable":true,"href":"https:\/\/longchangchemical.com\/de\/wp-json\/wp\/v2\/product_brand?post=4149"},{"taxonomy":"product_cat","embeddable":true,"href":"https:\/\/longchangchemical.com\/de\/wp-json\/wp\/v2\/product_cat?post=4149"},{"taxonomy":"product_tag","embeddable":true,"href":"https:\/\/longchangchemical.com\/de\/wp-json\/wp\/v2\/product_tag?post=4149"}],"curies":[{"name":"wp","href":"https:\/\/api.w.org\/{rel}","templated":true}]}}