{"id":4148,"date":"2021-02-08T08:41:46","date_gmt":"2021-02-08T08:41:46","guid":{"rendered":"https:\/\/longchangchemical.com\/?post_type=product&#038;p=4148"},"modified":"2021-12-17T10:52:16","modified_gmt":"2021-12-17T10:52:16","slug":"zinc-naphthenate-cas-12001-85-3","status":"publish","type":"product","link":"https:\/\/longchangchemical.com\/de\/product\/zinc-naphthenate-cas-12001-85-3\/","title":{"rendered":"Zinknaphthenat CAS 12001-85-3"},"content":{"rendered":"<h1><strong>Zinknaphthenat CAS 12001-85-3<\/strong><\/h1>\n<table class=\"table-1\" cellspacing=\"0\">\n<tbody>\n<tr>\n<td>\n<h4>Artikel<\/h4>\n<\/td>\n<td>\n<h4>Spezifikationen<\/h4>\n<\/td>\n<\/tr>\n<tr>\n<td>\n<h4>Erscheinungsbild<\/h4>\n<\/td>\n<td>\n<h4>Braune Fl\u00fcssigkeit, mit charakteristischem Geruch<\/h4>\n<\/td>\n<\/tr>\n<tr>\n<td>\n<h4>Metallgehalt%<\/h4>\n<\/td>\n<td>\n<h4>8.0-8.2<\/h4>\n<\/td>\n<\/tr>\n<tr>\n<td>\n<h4>Dichte<\/h4>\n<\/td>\n<td>\n<h4>0,962 g\/ml bei 25 \u2103(lit.)<\/h4>\n<\/td>\n<\/tr>\n<tr>\n<td>\n<h4>L\u00f6slichkeit<\/h4>\n<\/td>\n<td>\n<h4>L\u00f6slich in \u00d6l, unl\u00f6slich in Wasser<\/h4>\n<\/td>\n<\/tr>\n<\/tbody>\n<\/table>\n<p>&nbsp;<\/p>\n<h2><strong>Zinknaphthenat Verwendung<\/strong><\/h2>\n<h4>1. Zinknaphthenat wird haupts\u00e4chlich als Rostschutzmittel und Korrosionsinhibitor f\u00fcr Metallprodukte verwendet. Es wird zur Herstellung verschiedener Rostschutz\u00f6le und Rostschutzfette verwendet. Es wird in Kombination mit Barium-Petroleumsulfonat zur Herstellung von Gusseisen-Rostschutz\u00f6l verwendet.<\/h4>\n<h4>2. Zinknaphthenat kann als Farbe und Druckfarbe verwendet werden.<\/h4>\n<h4>3. Zinknaphthenat kann als Harztrockner, Benetzungsmittel, Insektizid, Pilzbek\u00e4mpfungsmittel, Holzschutzmittel usw. verwendet werden.<\/h4>\n<h2><\/h2>\n<h2><strong>Zinknaphthenat Verpackung und Versand<\/strong><\/h2>\n<h4>200L Metalleimer, Nettogewicht 180 kg.<\/h4>\n<p>&nbsp;<\/p>\n<h2><strong>Zinknaphthenat Lagerung<\/strong><\/h2>\n<h4>Bewahren Sie das Siegel auf und bewahren Sie es bei niedriger Temperatur und unter trockenen Bedingungen auf.<\/h4>\n<h4>Gef\u00e4hrliche Eigenschaften: Dieses Produkt ist entz\u00fcndlich, wenn es offenen Flammen und gro\u00dfer Hitze ausgesetzt wird. Es zersetzt sich bei gro\u00dfer Hitze und setzt giftige D\u00e4mpfe frei.<br \/>\nAtemschutz: Es sollte eine Maske getragen werden.<br \/>\nAugenschutz: Schutzbrille tragen.<br \/>\nK\u00f6rperschutz: Antistatik-Overall tragen.<br \/>\nSchutz der H\u00e4nde: Schutzhandschuhe tragen.<\/h4>\n<h2><strong>Produkte der gleichen Serie<\/strong><\/h2>\n<table style=\"border-collapse: collapse; width: 256.52pt;\" border=\"0\" width=\"342\" cellspacing=\"0\" cellpadding=\"0\">\n<tbody>\n<tr style=\"height: 54.00pt;\">\n<td class=\"et2\" style=\"height: 54.00pt; width: 146.25pt;\" width=\"195\" height=\"72\"><a href=\"https:\/\/longchangchemical.com\/de\/product\/naphthenic-acid-cas-1338-24-5\/\"><span style=\"color: #3366ff;\"><strong>Naphthens\u00e4ure<\/strong><\/span><\/a><\/td>\n<td class=\"et2\" style=\"width: 110.25pt;\" width=\"147\"><a href=\"https:\/\/longchangchemical.com\/de\/product\/naphthenic-acid-cas-1338-24-5\/\"><span style=\"color: #3366ff;\"><strong>1338-24-5<\/strong><\/span><\/a><\/td>\n<\/tr>\n<tr style=\"height: 54.00pt;\">\n<td class=\"et2\" style=\"height: 54.00pt; width: 146.25pt;\" width=\"195\" height=\"72\"><a href=\"https:\/\/longchangchemical.com\/de\/product\/copper-naphthenate-cas-1338-02-9\/\"><span style=\"color: #3366ff;\"><strong>Kupfernaphthenat<\/strong><\/span><\/a><\/td>\n<td class=\"et2\" style=\"width: 110.25pt;\" width=\"147\"><a href=\"https:\/\/longchangchemical.com\/de\/product\/copper-naphthenate-cas-1338-02-9\/\"><span style=\"color: #3366ff;\"><strong>1338-02-9<\/strong><\/span><\/a><\/td>\n<\/tr>\n<tr style=\"height: 54.00pt;\">\n<td class=\"et3\" style=\"height: 54.00pt; width: 146.25pt;\" width=\"195\" height=\"72\"><span style=\"color: #3366ff;\"><strong>Zinknaphthenat<\/strong><\/span><\/td>\n<td class=\"et3\" style=\"width: 110.25pt;\" width=\"147\"><span style=\"color: #3366ff;\"><strong>12001-85-3<\/strong><\/span><\/td>\n<\/tr>\n<\/tbody>\n<\/table>\n<h2><\/h2>\n<h2><strong><b>Kontaktieren Sie uns jetzt!<\/b><\/strong><\/h2>\n<h4><strong><b>Wir bieten ma\u00dfgeschneiderte Dienstleistungen an und werden Sie in der Regel innerhalb von 24 Stunden kontaktieren. Sie k\u00f6nnen auch eine E-Mail an info@longchangchemical.com w\u00e4hrend der Arbeitszeiten (8:30 bis 18:00 Uhr UTC+8 Mo.~Sa.) senden oder den Live-Chat der Website nutzen, um eine schnelle Antwort zu erhalten.<\/b><\/strong><\/h4>","protected":false},"excerpt":{"rendered":"<h4>Chemische Bezeichnung: Zinknaphthenat<\/h4>\n<h4>CAS-Nr.: 12001-85-3<\/h4>\n<h4>Summenformel: 2(C11H7O2).Zn<\/h4>\n<h4>Molekulargewicht: 319,71<\/h4>\n<h4>\u00c4u\u00dferes Erscheinungsbild: Braune Fl\u00fcssigkeit, mit charakteristischem Geruch<\/h4>\n<h4>Assay: 8%<\/h4>","protected":false},"featured_media":4360,"comment_status":"open","ping_status":"closed","template":"","meta":[],"product_brand":[],"product_cat":[69],"product_tag":[],"class_list":{"0":"post-4148","1":"product","2":"type-product","3":"status-publish","4":"has-post-thumbnail","6":"product_cat-catalysts-chemical-auxiliary-agents","8":"first","9":"instock","10":"shipping-taxable","11":"product-type-simple"},"yoast_head":"<!-- This site is optimized with the Yoast SEO plugin v25.3.1 - https:\/\/yoast.com\/wordpress\/plugins\/seo\/ -->\n<title>China Zinc naphthenate Manufacturer \uff06 Supplier - Longchang chemical Co., Ltd.<\/title>\n<meta name=\"description\" content=\"Longchang Chemical is a leading manufacturer and supplier of Zinc naphthenate in China. Buy Zinc naphthenate in china. We can provide the best Zinc naphthenate price.\" \/>\n<meta name=\"robots\" content=\"index, follow, max-snippet:-1, max-image-preview:large, max-video-preview:-1\" \/>\n<link rel=\"canonical\" href=\"https:\/\/longchangchemical.com\/de\/product\/zinc-naphthenate-cas-12001-85-3\/\" \/>\n<meta property=\"og:locale\" content=\"de_DE\" \/>\n<meta property=\"og:type\" content=\"article\" \/>\n<meta property=\"og:title\" content=\"China Zinc naphthenate Manufacturer \uff06 Supplier - Longchang chemical Co., Ltd.\" \/>\n<meta property=\"og:description\" content=\"Longchang Chemical is a leading manufacturer and supplier of Zinc naphthenate in China. Buy Zinc naphthenate in china. We can provide the best Zinc naphthenate price.\" \/>\n<meta property=\"og:url\" content=\"https:\/\/longchangchemical.com\/de\/product\/zinc-naphthenate-cas-12001-85-3\/\" \/>\n<meta property=\"og:site_name\" content=\"Longchang Chemical\" \/>\n<meta property=\"article:modified_time\" content=\"2021-12-17T10:52:16+00:00\" \/>\n<meta property=\"og:image\" content=\"https:\/\/longchangchemical.com\/wp-content\/uploads\/2021\/01\/Zinc-naphthenate-Appearance.jpg\" \/>\n\t<meta property=\"og:image:width\" content=\"600\" \/>\n\t<meta property=\"og:image:height\" content=\"800\" \/>\n\t<meta property=\"og:image:type\" content=\"image\/jpeg\" \/>\n<meta name=\"twitter:card\" content=\"summary_large_image\" \/>\n<script type=\"application\/ld+json\" class=\"yoast-schema-graph\">{\"@context\":\"https:\/\/schema.org\",\"@graph\":[{\"@type\":\"WebPage\",\"@id\":\"https:\/\/longchangchemical.com\/product\/zinc-naphthenate-cas-12001-85-3\/\",\"url\":\"https:\/\/longchangchemical.com\/product\/zinc-naphthenate-cas-12001-85-3\/\",\"name\":\"China Zinc naphthenate Manufacturer \uff06 Supplier - Longchang chemical Co., Ltd.\",\"isPartOf\":{\"@id\":\"https:\/\/longchangchemical.com\/#website\"},\"primaryImageOfPage\":{\"@id\":\"https:\/\/longchangchemical.com\/product\/zinc-naphthenate-cas-12001-85-3\/#primaryimage\"},\"image\":{\"@id\":\"https:\/\/longchangchemical.com\/product\/zinc-naphthenate-cas-12001-85-3\/#primaryimage\"},\"thumbnailUrl\":\"https:\/\/longchangchemical.com\/wp-content\/uploads\/2021\/01\/Zinc-naphthenate-Appearance.jpg\",\"datePublished\":\"2021-02-08T08:41:46+00:00\",\"dateModified\":\"2021-12-17T10:52:16+00:00\",\"description\":\"Longchang Chemical is a leading manufacturer and supplier of Zinc naphthenate in China. Buy Zinc naphthenate in china. We can provide the best Zinc naphthenate price.\",\"breadcrumb\":{\"@id\":\"https:\/\/longchangchemical.com\/product\/zinc-naphthenate-cas-12001-85-3\/#breadcrumb\"},\"inLanguage\":\"de\",\"potentialAction\":[{\"@type\":\"ReadAction\",\"target\":[\"https:\/\/longchangchemical.com\/product\/zinc-naphthenate-cas-12001-85-3\/\"]}]},{\"@type\":\"ImageObject\",\"inLanguage\":\"de\",\"@id\":\"https:\/\/longchangchemical.com\/product\/zinc-naphthenate-cas-12001-85-3\/#primaryimage\",\"url\":\"https:\/\/longchangchemical.com\/wp-content\/uploads\/2021\/01\/Zinc-naphthenate-Appearance.jpg\",\"contentUrl\":\"https:\/\/longchangchemical.com\/wp-content\/uploads\/2021\/01\/Zinc-naphthenate-Appearance.jpg\",\"width\":600,\"height\":800,\"caption\":\"Zinc naphthenate Appearance\"},{\"@type\":\"BreadcrumbList\",\"@id\":\"https:\/\/longchangchemical.com\/product\/zinc-naphthenate-cas-12001-85-3\/#breadcrumb\",\"itemListElement\":[{\"@type\":\"ListItem\",\"position\":1,\"name\":\"Home\",\"item\":\"https:\/\/longchangchemical.com\/\"},{\"@type\":\"ListItem\",\"position\":2,\"name\":\"Products Longchang\",\"item\":\"https:\/\/longchangchemical.com\/product\/\"},{\"@type\":\"ListItem\",\"position\":3,\"name\":\"Zinc naphthenate CAS 12001-85-3\"}]},{\"@type\":\"WebSite\",\"@id\":\"https:\/\/longchangchemical.com\/#website\",\"url\":\"https:\/\/longchangchemical.com\/\",\"name\":\"Longchang Chemical\",\"description\":\"China chemical manufacturer \uff06 supplier\",\"publisher\":{\"@id\":\"https:\/\/longchangchemical.com\/#organization\"},\"potentialAction\":[{\"@type\":\"SearchAction\",\"target\":{\"@type\":\"EntryPoint\",\"urlTemplate\":\"https:\/\/longchangchemical.com\/?s={search_term_string}\"},\"query-input\":{\"@type\":\"PropertyValueSpecification\",\"valueRequired\":true,\"valueName\":\"search_term_string\"}}],\"inLanguage\":\"de\"},{\"@type\":\"Organization\",\"@id\":\"https:\/\/longchangchemical.com\/#organization\",\"name\":\"Longchang Chemical\",\"url\":\"https:\/\/longchangchemical.com\/\",\"logo\":{\"@type\":\"ImageObject\",\"inLanguage\":\"de\",\"@id\":\"https:\/\/longchangchemical.com\/#\/schema\/logo\/image\/\",\"url\":\"https:\/\/longchangchemical.com\/wp-content\/uploads\/2020\/08\/cropped-longchang-logo.png\",\"contentUrl\":\"https:\/\/longchangchemical.com\/wp-content\/uploads\/2020\/08\/cropped-longchang-logo.png\",\"width\":512,\"height\":512,\"caption\":\"Longchang Chemical\"},\"image\":{\"@id\":\"https:\/\/longchangchemical.com\/#\/schema\/logo\/image\/\"}}]}<\/script>\n<!-- \/ Yoast SEO plugin. -->","yoast_head_json":{"title":"China Zinknaphthenat Hersteller \uff06 Lieferant - Longchang chemical Co., Ltd.","description":"Longchang Chemical ist ein f\u00fchrender Hersteller und Lieferant von Zinknaphthenat in China. Kaufen Sie Zinknaphthenat in China. Wir k\u00f6nnen die besten Zinknaphthenat Preis bieten.","robots":{"index":"index","follow":"follow","max-snippet":"max-snippet:-1","max-image-preview":"max-image-preview:large","max-video-preview":"max-video-preview:-1"},"canonical":"https:\/\/longchangchemical.com\/de\/product\/zinc-naphthenate-cas-12001-85-3\/","og_locale":"de_DE","og_type":"article","og_title":"China Zinc naphthenate Manufacturer \uff06 Supplier - Longchang chemical Co., Ltd.","og_description":"Longchang Chemical is a leading manufacturer and supplier of Zinc naphthenate in China. Buy Zinc naphthenate in china. We can provide the best Zinc naphthenate price.","og_url":"https:\/\/longchangchemical.com\/de\/product\/zinc-naphthenate-cas-12001-85-3\/","og_site_name":"Longchang Chemical","article_modified_time":"2021-12-17T10:52:16+00:00","og_image":[{"width":600,"height":800,"url":"https:\/\/longchangchemical.com\/wp-content\/uploads\/2021\/01\/Zinc-naphthenate-Appearance.jpg","type":"image\/jpeg"}],"twitter_card":"summary_large_image","schema":{"@context":"https:\/\/schema.org","@graph":[{"@type":"WebPage","@id":"https:\/\/longchangchemical.com\/product\/zinc-naphthenate-cas-12001-85-3\/","url":"https:\/\/longchangchemical.com\/product\/zinc-naphthenate-cas-12001-85-3\/","name":"China Zinknaphthenat Hersteller \uff06 Lieferant - Longchang chemical Co., Ltd.","isPartOf":{"@id":"https:\/\/longchangchemical.com\/#website"},"primaryImageOfPage":{"@id":"https:\/\/longchangchemical.com\/product\/zinc-naphthenate-cas-12001-85-3\/#primaryimage"},"image":{"@id":"https:\/\/longchangchemical.com\/product\/zinc-naphthenate-cas-12001-85-3\/#primaryimage"},"thumbnailUrl":"https:\/\/longchangchemical.com\/wp-content\/uploads\/2021\/01\/Zinc-naphthenate-Appearance.jpg","datePublished":"2021-02-08T08:41:46+00:00","dateModified":"2021-12-17T10:52:16+00:00","description":"Longchang Chemical ist ein f\u00fchrender Hersteller und Lieferant von Zinknaphthenat in China. Kaufen Sie Zinknaphthenat in China. Wir k\u00f6nnen die besten Zinknaphthenat Preis bieten.","breadcrumb":{"@id":"https:\/\/longchangchemical.com\/product\/zinc-naphthenate-cas-12001-85-3\/#breadcrumb"},"inLanguage":"de","potentialAction":[{"@type":"ReadAction","target":["https:\/\/longchangchemical.com\/product\/zinc-naphthenate-cas-12001-85-3\/"]}]},{"@type":"ImageObject","inLanguage":"de","@id":"https:\/\/longchangchemical.com\/product\/zinc-naphthenate-cas-12001-85-3\/#primaryimage","url":"https:\/\/longchangchemical.com\/wp-content\/uploads\/2021\/01\/Zinc-naphthenate-Appearance.jpg","contentUrl":"https:\/\/longchangchemical.com\/wp-content\/uploads\/2021\/01\/Zinc-naphthenate-Appearance.jpg","width":600,"height":800,"caption":"Zinc naphthenate Appearance"},{"@type":"BreadcrumbList","@id":"https:\/\/longchangchemical.com\/product\/zinc-naphthenate-cas-12001-85-3\/#breadcrumb","itemListElement":[{"@type":"ListItem","position":1,"name":"Home","item":"https:\/\/longchangchemical.com\/"},{"@type":"ListItem","position":2,"name":"Products Longchang","item":"https:\/\/longchangchemical.com\/product\/"},{"@type":"ListItem","position":3,"name":"Zinc naphthenate CAS 12001-85-3"}]},{"@type":"WebSite","@id":"https:\/\/longchangchemical.com\/#website","url":"https:\/\/longchangchemical.com\/","name":"Longchang Chemical","description":"China Hersteller von Chemikalien \uff06 Lieferant","publisher":{"@id":"https:\/\/longchangchemical.com\/#organization"},"potentialAction":[{"@type":"SearchAction","target":{"@type":"EntryPoint","urlTemplate":"https:\/\/longchangchemical.com\/?s={search_term_string}"},"query-input":{"@type":"PropertyValueSpecification","valueRequired":true,"valueName":"search_term_string"}}],"inLanguage":"de"},{"@type":"Organization","@id":"https:\/\/longchangchemical.com\/#organization","name":"Longchang Chemical","url":"https:\/\/longchangchemical.com\/","logo":{"@type":"ImageObject","inLanguage":"de","@id":"https:\/\/longchangchemical.com\/#\/schema\/logo\/image\/","url":"https:\/\/longchangchemical.com\/wp-content\/uploads\/2020\/08\/cropped-longchang-logo.png","contentUrl":"https:\/\/longchangchemical.com\/wp-content\/uploads\/2020\/08\/cropped-longchang-logo.png","width":512,"height":512,"caption":"Longchang Chemical"},"image":{"@id":"https:\/\/longchangchemical.com\/#\/schema\/logo\/image\/"}}]}},"_links":{"self":[{"href":"https:\/\/longchangchemical.com\/de\/wp-json\/wp\/v2\/product\/4148","targetHints":{"allow":["GET"]}}],"collection":[{"href":"https:\/\/longchangchemical.com\/de\/wp-json\/wp\/v2\/product"}],"about":[{"href":"https:\/\/longchangchemical.com\/de\/wp-json\/wp\/v2\/types\/product"}],"replies":[{"embeddable":true,"href":"https:\/\/longchangchemical.com\/de\/wp-json\/wp\/v2\/comments?post=4148"}],"wp:featuredmedia":[{"embeddable":true,"href":"https:\/\/longchangchemical.com\/de\/wp-json\/wp\/v2\/media\/4360"}],"wp:attachment":[{"href":"https:\/\/longchangchemical.com\/de\/wp-json\/wp\/v2\/media?parent=4148"}],"wp:term":[{"taxonomy":"product_brand","embeddable":true,"href":"https:\/\/longchangchemical.com\/de\/wp-json\/wp\/v2\/product_brand?post=4148"},{"taxonomy":"product_cat","embeddable":true,"href":"https:\/\/longchangchemical.com\/de\/wp-json\/wp\/v2\/product_cat?post=4148"},{"taxonomy":"product_tag","embeddable":true,"href":"https:\/\/longchangchemical.com\/de\/wp-json\/wp\/v2\/product_tag?post=4148"}],"curies":[{"name":"wp","href":"https:\/\/api.w.org\/{rel}","templated":true}]}}