{"id":4133,"date":"2021-03-18T14:13:41","date_gmt":"2021-03-18T14:13:41","guid":{"rendered":"https:\/\/longchangchemical.com\/?post_type=product&#038;p=4133"},"modified":"2025-12-23T02:36:09","modified_gmt":"2025-12-23T02:36:09","slug":"tetrabutylammonium-hydroxide","status":"publish","type":"product","link":"https:\/\/longchangchemical.com\/de\/product\/tetrabutylammonium-hydroxide\/","title":{"rendered":"Tetrabutylammoniumhydroxid CAS 2052-49-5"},"content":{"rendered":"<h1><strong>Tetrabutylammoniumhydroxid CAS 2052-49-5<\/strong><\/h1>\n<table class=\"table-1\" cellspacing=\"0\">\n<tbody>\n<tr>\n<td>\n<h4><strong>Artikel<\/strong><\/h4>\n<\/td>\n<td>\n<h4><strong>Spezifikationen<\/strong><\/h4>\n<\/td>\n<\/tr>\n<tr>\n<td>\n<h4>Erscheinungsbild<\/h4>\n<\/td>\n<td>\n<h4>Farblose transparente Fl\u00fcssigkeit<\/h4>\n<\/td>\n<\/tr>\n<tr>\n<td>\n<h4>Inhalt<\/h4>\n<\/td>\n<td>\n<h4>\u226540.0%<\/h4>\n<\/td>\n<\/tr>\n<tr>\n<td>\n<h4>Brom<\/h4>\n<\/td>\n<td>\n<h4>\u2264500 ppm<\/h4>\n<\/td>\n<\/tr>\n<tr>\n<td>\n<h4>Natrium<\/h4>\n<\/td>\n<td>\n<h4>\u22645 ppm<\/h4>\n<\/td>\n<\/tr>\n<tr>\n<td>\n<h4>Kalium<\/h4>\n<\/td>\n<td>\n<h4>\u22645 ppm<\/h4>\n<\/td>\n<\/tr>\n<tr>\n<td>\n<h4>APHA (Hazen)<\/h4>\n<\/td>\n<td>\n<h4>\u2264 20<\/h4>\n<\/td>\n<\/tr>\n<\/tbody>\n<\/table>\n<p>&nbsp;<\/p>\n<h2><strong>Tetrabutylammoniumhydroxid Verwendung<\/strong><\/h2>\n<h4>1. Dieses Produkt ist ein Reinigungsreagenz f\u00fcr die Elektronikindustrie.<\/h4>\n<h4>2. Tetrabutylammoniumhydroxid muss zu vielen mobilen Phasen hinzugef\u00fcgt werden. Tetrabutylammoniumhydroxid ist ein Ionenpaarungsreagenz, dessen Funktion darin besteht, die Trennwirkung zu verbessern. Es schadet der chromatographischen S\u00e4ule, daher sollte es nicht \u00fcber einen l\u00e4ngeren Zeitraum verwendet werden. Die Konzentration kann nicht zu hoch sein, und eine hohe Konzentration ver\u00e4ndert die Retentionsmerkmale nicht wesentlich. Die \u00c4quilibrierungszeit der S\u00e4ule ist nach der Verwendung deutlich l\u00e4nger.<\/h4>\n<h4>3. Dieses Produkt kann auch in organischen starken Laugen verwendet werden.<\/h4>\n<p>&nbsp;<\/p>\n<h2><strong>TetrabutylammoniumhydroxidVerpackung und Versand<\/strong><\/h2>\n<h4>25 kg\/Karton, 25 kg\/Fass, 200 kg\/Fass Versand auf dem Seeweg.<\/h4>\n<p>&nbsp;<\/p>\n<h2><strong>Tetrabutylammoniumhydroxid Lagerung<\/strong><\/h2>\n<h4>Es sollte an einem k\u00fchlen, trockenen und bel\u00fcfteten Ort gelagert werden, und die Lagerzeit sollte 2 Jahre nicht \u00fcberschreiten.<\/h4>\n<p>&nbsp;<\/p>\n<h2><strong>Produkte der gleichen Serie<\/strong><\/h2>\n<table style=\"border-collapse: collapse; width: 312.02pt;\" border=\"0\" width=\"416\" cellspacing=\"0\" cellpadding=\"0\">\n<tbody>\n<tr style=\"height: 81.00pt;\">\n<td class=\"et2\" style=\"height: 81.00pt; width: 201.75pt;\" width=\"269\" height=\"108\">\n<h4><a href=\"https:\/\/longchangchemical.com\/de\/product\/tetrapropylammonium-hydroxide\/\"><span style=\"color: #3366ff;\"><strong>Tetrapropylammoniumhydroxid<\/strong><\/span><\/a><\/h4>\n<\/td>\n<td class=\"et2\" style=\"width: 110.25pt;\" width=\"147\">\n<h4><a href=\"https:\/\/longchangchemical.com\/de\/product\/tetrapropylammonium-hydroxide\/\"><span style=\"color: #3366ff;\"><strong>4499-86-9<\/strong><\/span><\/a><\/h4>\n<\/td>\n<\/tr>\n<tr style=\"height: 81.00pt;\">\n<td class=\"et3\" style=\"height: 81.00pt; width: 201.75pt;\" width=\"269\" height=\"108\">\n<h4><strong>Tetrabutylammoniumhydroxid<\/strong><\/h4>\n<\/td>\n<td class=\"et3\" style=\"width: 110.25pt;\" width=\"147\">\n<h4><strong>2052-49-5<\/strong><\/h4>\n<\/td>\n<\/tr>\n<\/tbody>\n<\/table>\n<h2><\/h2>\n<h2><strong><b>Kontaktieren Sie uns jetzt!<\/b><\/strong><\/h2>\n<h4><strong><b>Wir bieten ma\u00dfgeschneiderte Dienstleistungen an und werden Sie in der Regel innerhalb von 24 Stunden kontaktieren. Sie k\u00f6nnen auch eine E-Mail an info@longchangchemical.com w\u00e4hrend der Arbeitszeiten (8:30 bis 18:00 Uhr UTC+8 Mo.~Sa.) senden oder den Live-Chat der Website nutzen, um eine schnelle Antwort zu erhalten.<\/b><\/strong><\/h4>","protected":false},"excerpt":{"rendered":"<h4>Chemische Bezeichnung: Tetrabutylammoniumhydroxid<\/h4>\n<h4>CAS-Nr.: 2052-49-5<\/h4>\n<h4>Molekulare Formel: C16H37NOChemische Struktur:<\/h4>\n<h4>Molekulargewicht:259.47<\/h4>\n<h4><\/h4>\n<h4>Tetrabutylammoniumhydroxid Struktur:<img decoding=\"async\" title=\"Tetrabutylammoniumhydroxid Struktur\" src=\"https:\/\/www.longchangchemical.com\/wp-content\/uploads\/product-details\/20200611199673.png\" alt=\"Tetrabutylammoniumhydroxid Struktur\" width=\"175\" height=\"118\" border=\"0\" vspace=\"0\" \/><\/h4>\n<h4>\u00c4u\u00dferes Erscheinungsbild: Farblose transparente Fl\u00fcssigkeit<\/h4>\n<h4>Assay: 40%, 25%<\/h4>","protected":false},"featured_media":4440,"comment_status":"open","ping_status":"closed","template":"","meta":[],"product_brand":[],"product_cat":[69],"product_tag":[],"class_list":{"0":"post-4133","1":"product","2":"type-product","3":"status-publish","4":"has-post-thumbnail","6":"product_cat-catalysts-chemical-auxiliary-agents","8":"first","9":"instock","10":"shipping-taxable","11":"product-type-simple"},"yoast_head":"<!-- This site is optimized with the Yoast SEO plugin v25.3.1 - https:\/\/yoast.com\/wordpress\/plugins\/seo\/ -->\n<title>China Tetrabutylammonium hydroxide Manufacturer \uff06 CAS 4499-86-9 Supplier - Longchang chemical Co., Ltd.<\/title>\n<meta name=\"description\" content=\"Longchang Chemical is a leading manufacturer and supplier of Tetrabutylammonium hydroxide CAS 4499-86-9 in China. Buy Tetrabutylammonium hydroxide CAS 4499-86-9 in china. We can provide the best Tetrabutylammonium hydroxide CAS 4499-86-9 price.\" \/>\n<meta name=\"robots\" content=\"index, follow, max-snippet:-1, max-image-preview:large, max-video-preview:-1\" \/>\n<link rel=\"canonical\" href=\"https:\/\/longchangchemical.com\/de\/product\/tetrabutylammonium-hydroxide\/\" \/>\n<meta property=\"og:locale\" content=\"de_DE\" \/>\n<meta property=\"og:type\" content=\"article\" \/>\n<meta property=\"og:title\" content=\"China Tetrabutylammonium hydroxide Manufacturer \uff06 CAS 4499-86-9 Supplier - Longchang chemical Co., Ltd.\" \/>\n<meta property=\"og:description\" content=\"Longchang Chemical is a leading manufacturer and supplier of Tetrabutylammonium hydroxide CAS 4499-86-9 in China. Buy Tetrabutylammonium hydroxide CAS 4499-86-9 in china. We can provide the best Tetrabutylammonium hydroxide CAS 4499-86-9 price.\" \/>\n<meta property=\"og:url\" content=\"https:\/\/longchangchemical.com\/de\/product\/tetrabutylammonium-hydroxide\/\" \/>\n<meta property=\"og:site_name\" content=\"Longchang Chemical\" \/>\n<meta property=\"article:modified_time\" content=\"2025-12-23T02:36:09+00:00\" \/>\n<meta property=\"og:image\" content=\"https:\/\/longchangchemical.com\/wp-content\/uploads\/2021\/01\/Tetrabutylammonium-hydroxide-Appearance.jpg\" \/>\n\t<meta property=\"og:image:width\" content=\"600\" \/>\n\t<meta property=\"og:image:height\" content=\"800\" \/>\n\t<meta property=\"og:image:type\" content=\"image\/jpeg\" \/>\n<meta name=\"twitter:card\" content=\"summary_large_image\" \/>\n<script type=\"application\/ld+json\" class=\"yoast-schema-graph\">{\"@context\":\"https:\/\/schema.org\",\"@graph\":[{\"@type\":\"WebPage\",\"@id\":\"https:\/\/longchangchemical.com\/product\/tetrabutylammonium-hydroxide\/\",\"url\":\"https:\/\/longchangchemical.com\/product\/tetrabutylammonium-hydroxide\/\",\"name\":\"China Tetrabutylammonium hydroxide Manufacturer \uff06 CAS 4499-86-9 Supplier - Longchang chemical Co., Ltd.\",\"isPartOf\":{\"@id\":\"https:\/\/longchangchemical.com\/#website\"},\"primaryImageOfPage\":{\"@id\":\"https:\/\/longchangchemical.com\/product\/tetrabutylammonium-hydroxide\/#primaryimage\"},\"image\":{\"@id\":\"https:\/\/longchangchemical.com\/product\/tetrabutylammonium-hydroxide\/#primaryimage\"},\"thumbnailUrl\":\"https:\/\/longchangchemical.com\/wp-content\/uploads\/2021\/01\/Tetrabutylammonium-hydroxide-Appearance.jpg\",\"datePublished\":\"2021-03-18T14:13:41+00:00\",\"dateModified\":\"2025-12-23T02:36:09+00:00\",\"description\":\"Longchang Chemical is a leading manufacturer and supplier of Tetrabutylammonium hydroxide CAS 4499-86-9 in China. Buy Tetrabutylammonium hydroxide CAS 4499-86-9 in china. We can provide the best Tetrabutylammonium hydroxide CAS 4499-86-9 price.\",\"breadcrumb\":{\"@id\":\"https:\/\/longchangchemical.com\/product\/tetrabutylammonium-hydroxide\/#breadcrumb\"},\"inLanguage\":\"de\",\"potentialAction\":[{\"@type\":\"ReadAction\",\"target\":[\"https:\/\/longchangchemical.com\/product\/tetrabutylammonium-hydroxide\/\"]}]},{\"@type\":\"ImageObject\",\"inLanguage\":\"de\",\"@id\":\"https:\/\/longchangchemical.com\/product\/tetrabutylammonium-hydroxide\/#primaryimage\",\"url\":\"https:\/\/longchangchemical.com\/wp-content\/uploads\/2021\/01\/Tetrabutylammonium-hydroxide-Appearance.jpg\",\"contentUrl\":\"https:\/\/longchangchemical.com\/wp-content\/uploads\/2021\/01\/Tetrabutylammonium-hydroxide-Appearance.jpg\",\"width\":600,\"height\":800,\"caption\":\"Tetrabutylammonium hydroxide Appearance\"},{\"@type\":\"BreadcrumbList\",\"@id\":\"https:\/\/longchangchemical.com\/product\/tetrabutylammonium-hydroxide\/#breadcrumb\",\"itemListElement\":[{\"@type\":\"ListItem\",\"position\":1,\"name\":\"Home\",\"item\":\"https:\/\/longchangchemical.com\/\"},{\"@type\":\"ListItem\",\"position\":2,\"name\":\"Products Longchang\",\"item\":\"https:\/\/longchangchemical.com\/product\/\"},{\"@type\":\"ListItem\",\"position\":3,\"name\":\"Tetrabutylammonium hydroxide CAS 2052-49-5\"}]},{\"@type\":\"WebSite\",\"@id\":\"https:\/\/longchangchemical.com\/#website\",\"url\":\"https:\/\/longchangchemical.com\/\",\"name\":\"Longchang Chemical\",\"description\":\"China chemical manufacturer \uff06 supplier\",\"publisher\":{\"@id\":\"https:\/\/longchangchemical.com\/#organization\"},\"potentialAction\":[{\"@type\":\"SearchAction\",\"target\":{\"@type\":\"EntryPoint\",\"urlTemplate\":\"https:\/\/longchangchemical.com\/?s={search_term_string}\"},\"query-input\":{\"@type\":\"PropertyValueSpecification\",\"valueRequired\":true,\"valueName\":\"search_term_string\"}}],\"inLanguage\":\"de\"},{\"@type\":\"Organization\",\"@id\":\"https:\/\/longchangchemical.com\/#organization\",\"name\":\"Longchang Chemical\",\"url\":\"https:\/\/longchangchemical.com\/\",\"logo\":{\"@type\":\"ImageObject\",\"inLanguage\":\"de\",\"@id\":\"https:\/\/longchangchemical.com\/#\/schema\/logo\/image\/\",\"url\":\"https:\/\/longchangchemical.com\/wp-content\/uploads\/2020\/08\/cropped-longchang-logo.png\",\"contentUrl\":\"https:\/\/longchangchemical.com\/wp-content\/uploads\/2020\/08\/cropped-longchang-logo.png\",\"width\":512,\"height\":512,\"caption\":\"Longchang Chemical\"},\"image\":{\"@id\":\"https:\/\/longchangchemical.com\/#\/schema\/logo\/image\/\"}}]}<\/script>\n<!-- \/ Yoast SEO plugin. -->","yoast_head_json":{"title":"China Tetrabutylammoniumhydroxid Hersteller \uff06 CAS 4499-86-9 Lieferant - Longchang chemical Co., Ltd.","description":"Longchang Chemical ist ein f\u00fchrender Hersteller und Lieferant von Tetrabutylammoniumhydroxid CAS 4499-86-9 in China. Kaufen Sie Tetrabutylammoniumhydroxid CAS 4499-86-9 in China. Wir k\u00f6nnen die besten Tetrabutylammoniumhydroxid CAS 4499-86-9 Preis bieten.","robots":{"index":"index","follow":"follow","max-snippet":"max-snippet:-1","max-image-preview":"max-image-preview:large","max-video-preview":"max-video-preview:-1"},"canonical":"https:\/\/longchangchemical.com\/de\/product\/tetrabutylammonium-hydroxide\/","og_locale":"de_DE","og_type":"article","og_title":"China Tetrabutylammonium hydroxide Manufacturer \uff06 CAS 4499-86-9 Supplier - Longchang chemical Co., Ltd.","og_description":"Longchang Chemical is a leading manufacturer and supplier of Tetrabutylammonium hydroxide CAS 4499-86-9 in China. Buy Tetrabutylammonium hydroxide CAS 4499-86-9 in china. We can provide the best Tetrabutylammonium hydroxide CAS 4499-86-9 price.","og_url":"https:\/\/longchangchemical.com\/de\/product\/tetrabutylammonium-hydroxide\/","og_site_name":"Longchang Chemical","article_modified_time":"2025-12-23T02:36:09+00:00","og_image":[{"width":600,"height":800,"url":"https:\/\/longchangchemical.com\/wp-content\/uploads\/2021\/01\/Tetrabutylammonium-hydroxide-Appearance.jpg","type":"image\/jpeg"}],"twitter_card":"summary_large_image","schema":{"@context":"https:\/\/schema.org","@graph":[{"@type":"WebPage","@id":"https:\/\/longchangchemical.com\/product\/tetrabutylammonium-hydroxide\/","url":"https:\/\/longchangchemical.com\/product\/tetrabutylammonium-hydroxide\/","name":"China Tetrabutylammoniumhydroxid Hersteller \uff06 CAS 4499-86-9 Lieferant - Longchang chemical Co., Ltd.","isPartOf":{"@id":"https:\/\/longchangchemical.com\/#website"},"primaryImageOfPage":{"@id":"https:\/\/longchangchemical.com\/product\/tetrabutylammonium-hydroxide\/#primaryimage"},"image":{"@id":"https:\/\/longchangchemical.com\/product\/tetrabutylammonium-hydroxide\/#primaryimage"},"thumbnailUrl":"https:\/\/longchangchemical.com\/wp-content\/uploads\/2021\/01\/Tetrabutylammonium-hydroxide-Appearance.jpg","datePublished":"2021-03-18T14:13:41+00:00","dateModified":"2025-12-23T02:36:09+00:00","description":"Longchang Chemical ist ein f\u00fchrender Hersteller und Lieferant von Tetrabutylammoniumhydroxid CAS 4499-86-9 in China. Kaufen Sie Tetrabutylammoniumhydroxid CAS 4499-86-9 in China. Wir k\u00f6nnen die besten Tetrabutylammoniumhydroxid CAS 4499-86-9 Preis bieten.","breadcrumb":{"@id":"https:\/\/longchangchemical.com\/product\/tetrabutylammonium-hydroxide\/#breadcrumb"},"inLanguage":"de","potentialAction":[{"@type":"ReadAction","target":["https:\/\/longchangchemical.com\/product\/tetrabutylammonium-hydroxide\/"]}]},{"@type":"ImageObject","inLanguage":"de","@id":"https:\/\/longchangchemical.com\/product\/tetrabutylammonium-hydroxide\/#primaryimage","url":"https:\/\/longchangchemical.com\/wp-content\/uploads\/2021\/01\/Tetrabutylammonium-hydroxide-Appearance.jpg","contentUrl":"https:\/\/longchangchemical.com\/wp-content\/uploads\/2021\/01\/Tetrabutylammonium-hydroxide-Appearance.jpg","width":600,"height":800,"caption":"Tetrabutylammonium hydroxide Appearance"},{"@type":"BreadcrumbList","@id":"https:\/\/longchangchemical.com\/product\/tetrabutylammonium-hydroxide\/#breadcrumb","itemListElement":[{"@type":"ListItem","position":1,"name":"Home","item":"https:\/\/longchangchemical.com\/"},{"@type":"ListItem","position":2,"name":"Products Longchang","item":"https:\/\/longchangchemical.com\/product\/"},{"@type":"ListItem","position":3,"name":"Tetrabutylammonium hydroxide CAS 2052-49-5"}]},{"@type":"WebSite","@id":"https:\/\/longchangchemical.com\/#website","url":"https:\/\/longchangchemical.com\/","name":"Longchang Chemical","description":"China Hersteller von Chemikalien \uff06 Lieferant","publisher":{"@id":"https:\/\/longchangchemical.com\/#organization"},"potentialAction":[{"@type":"SearchAction","target":{"@type":"EntryPoint","urlTemplate":"https:\/\/longchangchemical.com\/?s={search_term_string}"},"query-input":{"@type":"PropertyValueSpecification","valueRequired":true,"valueName":"search_term_string"}}],"inLanguage":"de"},{"@type":"Organization","@id":"https:\/\/longchangchemical.com\/#organization","name":"Longchang Chemical","url":"https:\/\/longchangchemical.com\/","logo":{"@type":"ImageObject","inLanguage":"de","@id":"https:\/\/longchangchemical.com\/#\/schema\/logo\/image\/","url":"https:\/\/longchangchemical.com\/wp-content\/uploads\/2020\/08\/cropped-longchang-logo.png","contentUrl":"https:\/\/longchangchemical.com\/wp-content\/uploads\/2020\/08\/cropped-longchang-logo.png","width":512,"height":512,"caption":"Longchang Chemical"},"image":{"@id":"https:\/\/longchangchemical.com\/#\/schema\/logo\/image\/"}}]}},"_links":{"self":[{"href":"https:\/\/longchangchemical.com\/de\/wp-json\/wp\/v2\/product\/4133","targetHints":{"allow":["GET"]}}],"collection":[{"href":"https:\/\/longchangchemical.com\/de\/wp-json\/wp\/v2\/product"}],"about":[{"href":"https:\/\/longchangchemical.com\/de\/wp-json\/wp\/v2\/types\/product"}],"replies":[{"embeddable":true,"href":"https:\/\/longchangchemical.com\/de\/wp-json\/wp\/v2\/comments?post=4133"}],"wp:featuredmedia":[{"embeddable":true,"href":"https:\/\/longchangchemical.com\/de\/wp-json\/wp\/v2\/media\/4440"}],"wp:attachment":[{"href":"https:\/\/longchangchemical.com\/de\/wp-json\/wp\/v2\/media?parent=4133"}],"wp:term":[{"taxonomy":"product_brand","embeddable":true,"href":"https:\/\/longchangchemical.com\/de\/wp-json\/wp\/v2\/product_brand?post=4133"},{"taxonomy":"product_cat","embeddable":true,"href":"https:\/\/longchangchemical.com\/de\/wp-json\/wp\/v2\/product_cat?post=4133"},{"taxonomy":"product_tag","embeddable":true,"href":"https:\/\/longchangchemical.com\/de\/wp-json\/wp\/v2\/product_tag?post=4133"}],"curies":[{"name":"wp","href":"https:\/\/api.w.org\/{rel}","templated":true}]}}