{"id":4115,"date":"2021-07-27T03:18:39","date_gmt":"2021-07-27T03:18:39","guid":{"rendered":"https:\/\/longchangchemical.com\/?post_type=product&#038;p=4115"},"modified":"2025-12-22T07:59:10","modified_gmt":"2025-12-22T07:59:10","slug":"cas-149249-91-2","status":"publish","type":"product","link":"https:\/\/longchangchemical.com\/de\/product\/cas-149249-91-2\/","title":{"rendered":"(3r,4s)-1-benzoyl-4-phenyl-3-[(triethylsilyl)oxy]-2-azetidinone CAS 149249-91-2"},"content":{"rendered":"<h1><strong>(3R,4S)-1-Benzoyl-4-phenyl-3-[(Triethylsilyl)oxy]-2-azetidinon<\/strong><\/h1>\n<table class=\"table-1\" cellspacing=\"0\">\n<tbody>\n<tr>\n<td>\n<h4>Artikel<\/h4>\n<\/td>\n<td>\n<h4>Ergebnis<\/h4>\n<\/td>\n<\/tr>\n<tr>\n<td>\n<h4>Erscheinungsbild<\/h4>\n<\/td>\n<td>\n<h4>Farbloses oder blassgelbes \u00d6l; wei\u00dfes Pulver<\/h4>\n<\/td>\n<\/tr>\n<tr>\n<td>\n<h4>Identifizierung (HPLC)<\/h4>\n<\/td>\n<td>\n<h4>Die Verweildauer des Majoy<\/h4>\n<\/td>\n<\/tr>\n<tr>\n<td>\n<h4>Wasser<\/h4>\n<\/td>\n<td>\n<h4>Nicht mehr als 1,0%<\/h4>\n<\/td>\n<\/tr>\n<tr>\n<td>\n<h4>Reinheit<\/h4>\n<\/td>\n<td>\n<h4>Nicht weniger als 95,0%<\/h4>\n<\/td>\n<\/tr>\n<\/tbody>\n<\/table>\n<p>&nbsp;<\/p>\n<h2><strong>(3R,4S)-1-Benzoyl-4-phenyl-3-[(triethylsilyl)oxy]-2-azetidinon Verwendung<\/strong><\/h2>\n<h4>Es ist das beste nat\u00fcrliche Krebsmedikament, das bisher entdeckt wurde, und wird h\u00e4ufig zur Behandlung von Brustkrebs, Eierstockkrebs und einigen Krebsarten im Kopf- und Halsbereich sowie Lungenkrebs eingesetzt.<\/h4>\n<p>&nbsp;<\/p>\n<h2><strong>(3R,4S)-1-Benzoyl-4-phenyl-3-[(Triethylsilyl)oxy]-2-azetidinon Verpackung und Versand<\/strong><\/h2>\n<h4>Verpackung (\u00d6l): 10g\/Flasche 100g\/Flasche 500g\/Flasche 1kg\/Flasche<\/h4>\n<h4>Verpackung (Pulver):500g\/Beutel 100g\/Beutel 50g\/Beutel<\/h4>\n<p>&nbsp;<\/p>\n<p><strong>(3R,4S)-1-Benzoyl-4-phenyl-3-[(Triethylsilyl)oxy]-2-azetidinonLagerung<\/strong><\/p>\n<h4>\u00d6l: An einem k\u00fchlen, trockenen und bel\u00fcfteten Ort fern von Sonnenlicht und Hitze aufbewahren<\/h4>\n<h4>Pulver: In-15\u2103 halten.<\/h4>\n<p>&nbsp;<\/p>\n<h2><strong><b>Kontaktieren Sie uns jetzt!<\/b><\/strong><\/h2>\n<h4><strong><b>Wenn Sie COA, MSDS oder TDS ben\u00f6tigen, geben Sie bitte Ihre Kontaktinformationen in das untenstehende Formular ein. Wir werden uns in der Regel innerhalb von 24 Stunden mit Ihnen in Verbindung setzen. Sie k\u00f6nnen mir auch eine E-Mail schicken <span style=\"color: #0000ff;\"><a style=\"color: #0000ff;\" href=\"mailto:info@longchangchemical.com\">info@longchangchemical.com<\/a><\/span> w\u00e4hrend der Gesch\u00e4ftszeiten ( 8:30 bis 18:00 Uhr UTC+8 Mo.~Sa. ) oder nutzen Sie den Live-Chat auf der Website, um eine schnelle Antwort zu erhalten.<\/b><\/strong><\/h4>","protected":false},"excerpt":{"rendered":"<h4>Chemische Bezeichnung: (3R,4S)-1-Benzoyl-4-phenyl-3-[(Triethylsilyl)oxy]-2-azetidinon<\/h4>\n<h4>CAS-Nr.: 149249-91-2<\/h4>\n<h4>Molekulare Formel: C22H27NO3Si<\/h4>\n<h4>Molekulargewicht: 381,54<\/h4>\n<h4>MolekulareStruktur:<img decoding=\"async\" title=\"PACLITAXEL SIDE CHAIN NO 2 Struktur\" src=\"https:\/\/www.longchangchemical.com\/wp-content\/uploads\/product-details\/20200610249098.png\" alt=\"PACLITAXEL SIDE CHAIN NO 2 Struktur\" width=\"117\" height=\"143\" border=\"0\" vspace=\"0\" \/><\/h4>\n<h4>Erscheinungsbild: Farbloses oder blassgelbes \u00d6l; wei\u00dfes Pulver<\/h4>","protected":false},"featured_media":4739,"comment_status":"open","ping_status":"closed","template":"","meta":[],"product_brand":[],"product_cat":[113],"product_tag":[],"class_list":{"0":"post-4115","1":"product","2":"type-product","3":"status-publish","4":"has-post-thumbnail","6":"product_cat-organic-intermediate","8":"first","9":"instock","10":"shipping-taxable","11":"product-type-simple"},"yoast_head":"<!-- This site is optimized with the Yoast SEO plugin v25.3.1 - https:\/\/yoast.com\/wordpress\/plugins\/seo\/ -->\n<title>China (3r,4s)-1-benzoyl-4-phenyl-3-[(triethylsilyl)oxy]-2-azetidinone manufacturer - Longchang Chemical<\/title>\n<meta name=\"description\" content=\"Longchang Chemical is a china Leading (3r,4s)-1-benzoyl-4-phenyl-3-[(triethylsilyl)oxy]-2-azetidinone manufacturer and supplier.\" \/>\n<meta name=\"robots\" content=\"index, follow, max-snippet:-1, max-image-preview:large, max-video-preview:-1\" \/>\n<link rel=\"canonical\" href=\"https:\/\/longchangchemical.com\/de\/product\/cas-149249-91-2\/\" \/>\n<meta property=\"og:locale\" content=\"de_DE\" \/>\n<meta property=\"og:type\" content=\"article\" \/>\n<meta property=\"og:title\" content=\"China (3r,4s)-1-benzoyl-4-phenyl-3-[(triethylsilyl)oxy]-2-azetidinone manufacturer - Longchang Chemical\" \/>\n<meta property=\"og:description\" content=\"Longchang Chemical is a china Leading (3r,4s)-1-benzoyl-4-phenyl-3-[(triethylsilyl)oxy]-2-azetidinone manufacturer and supplier.\" \/>\n<meta property=\"og:url\" content=\"https:\/\/longchangchemical.com\/de\/product\/cas-149249-91-2\/\" \/>\n<meta property=\"og:site_name\" content=\"Longchang Chemical\" \/>\n<meta property=\"article:modified_time\" content=\"2025-12-22T07:59:10+00:00\" \/>\n<meta property=\"og:image\" content=\"https:\/\/longchangchemical.com\/wp-content\/uploads\/2021\/01\/149249-91-2-appearance.jpg\" \/>\n\t<meta property=\"og:image:width\" content=\"600\" \/>\n\t<meta property=\"og:image:height\" content=\"800\" \/>\n\t<meta property=\"og:image:type\" content=\"image\/jpeg\" \/>\n<meta name=\"twitter:card\" content=\"summary_large_image\" \/>\n<script type=\"application\/ld+json\" class=\"yoast-schema-graph\">{\"@context\":\"https:\/\/schema.org\",\"@graph\":[{\"@type\":\"WebPage\",\"@id\":\"https:\/\/longchangchemical.com\/product\/cas-149249-91-2\/\",\"url\":\"https:\/\/longchangchemical.com\/product\/cas-149249-91-2\/\",\"name\":\"China (3r,4s)-1-benzoyl-4-phenyl-3-[(triethylsilyl)oxy]-2-azetidinone manufacturer - Longchang Chemical\",\"isPartOf\":{\"@id\":\"https:\/\/longchangchemical.com\/#website\"},\"primaryImageOfPage\":{\"@id\":\"https:\/\/longchangchemical.com\/product\/cas-149249-91-2\/#primaryimage\"},\"image\":{\"@id\":\"https:\/\/longchangchemical.com\/product\/cas-149249-91-2\/#primaryimage\"},\"thumbnailUrl\":\"https:\/\/longchangchemical.com\/wp-content\/uploads\/2021\/01\/149249-91-2-appearance.jpg\",\"datePublished\":\"2021-07-27T03:18:39+00:00\",\"dateModified\":\"2025-12-22T07:59:10+00:00\",\"description\":\"Longchang Chemical is a china Leading (3r,4s)-1-benzoyl-4-phenyl-3-[(triethylsilyl)oxy]-2-azetidinone manufacturer and supplier.\",\"breadcrumb\":{\"@id\":\"https:\/\/longchangchemical.com\/product\/cas-149249-91-2\/#breadcrumb\"},\"inLanguage\":\"de\",\"potentialAction\":[{\"@type\":\"ReadAction\",\"target\":[\"https:\/\/longchangchemical.com\/product\/cas-149249-91-2\/\"]}]},{\"@type\":\"ImageObject\",\"inLanguage\":\"de\",\"@id\":\"https:\/\/longchangchemical.com\/product\/cas-149249-91-2\/#primaryimage\",\"url\":\"https:\/\/longchangchemical.com\/wp-content\/uploads\/2021\/01\/149249-91-2-appearance.jpg\",\"contentUrl\":\"https:\/\/longchangchemical.com\/wp-content\/uploads\/2021\/01\/149249-91-2-appearance.jpg\",\"width\":600,\"height\":800},{\"@type\":\"BreadcrumbList\",\"@id\":\"https:\/\/longchangchemical.com\/product\/cas-149249-91-2\/#breadcrumb\",\"itemListElement\":[{\"@type\":\"ListItem\",\"position\":1,\"name\":\"Home\",\"item\":\"https:\/\/longchangchemical.com\/\"},{\"@type\":\"ListItem\",\"position\":2,\"name\":\"Products Longchang\",\"item\":\"https:\/\/longchangchemical.com\/product\/\"},{\"@type\":\"ListItem\",\"position\":3,\"name\":\"(3r,4s)-1-benzoyl-4-phenyl-3-[(triethylsilyl)oxy]-2-azetidinone CAS 149249-91-2\"}]},{\"@type\":\"WebSite\",\"@id\":\"https:\/\/longchangchemical.com\/#website\",\"url\":\"https:\/\/longchangchemical.com\/\",\"name\":\"Longchang Chemical\",\"description\":\"China chemical manufacturer \uff06 supplier\",\"publisher\":{\"@id\":\"https:\/\/longchangchemical.com\/#organization\"},\"potentialAction\":[{\"@type\":\"SearchAction\",\"target\":{\"@type\":\"EntryPoint\",\"urlTemplate\":\"https:\/\/longchangchemical.com\/?s={search_term_string}\"},\"query-input\":{\"@type\":\"PropertyValueSpecification\",\"valueRequired\":true,\"valueName\":\"search_term_string\"}}],\"inLanguage\":\"de\"},{\"@type\":\"Organization\",\"@id\":\"https:\/\/longchangchemical.com\/#organization\",\"name\":\"Longchang Chemical\",\"url\":\"https:\/\/longchangchemical.com\/\",\"logo\":{\"@type\":\"ImageObject\",\"inLanguage\":\"de\",\"@id\":\"https:\/\/longchangchemical.com\/#\/schema\/logo\/image\/\",\"url\":\"https:\/\/longchangchemical.com\/wp-content\/uploads\/2020\/08\/cropped-longchang-logo.png\",\"contentUrl\":\"https:\/\/longchangchemical.com\/wp-content\/uploads\/2020\/08\/cropped-longchang-logo.png\",\"width\":512,\"height\":512,\"caption\":\"Longchang Chemical\"},\"image\":{\"@id\":\"https:\/\/longchangchemical.com\/#\/schema\/logo\/image\/\"}}]}<\/script>\n<!-- \/ Yoast SEO plugin. -->","yoast_head_json":{"title":"China (3r,4s)-1-Benzoyl-4-phenyl-3-[(Triethylsilyl)oxy]-2-azetidinon Hersteller - Longchang Chemical","description":"Longchang Chemical ist ein in China f\u00fchrender (3r,4s)-1-Benzoyl-4-phenyl-3-[(Triethylsilyl)oxy]-2-azetidinon Hersteller und Lieferant.","robots":{"index":"index","follow":"follow","max-snippet":"max-snippet:-1","max-image-preview":"max-image-preview:large","max-video-preview":"max-video-preview:-1"},"canonical":"https:\/\/longchangchemical.com\/de\/product\/cas-149249-91-2\/","og_locale":"de_DE","og_type":"article","og_title":"China (3r,4s)-1-benzoyl-4-phenyl-3-[(triethylsilyl)oxy]-2-azetidinone manufacturer - Longchang Chemical","og_description":"Longchang Chemical is a china Leading (3r,4s)-1-benzoyl-4-phenyl-3-[(triethylsilyl)oxy]-2-azetidinone manufacturer and supplier.","og_url":"https:\/\/longchangchemical.com\/de\/product\/cas-149249-91-2\/","og_site_name":"Longchang Chemical","article_modified_time":"2025-12-22T07:59:10+00:00","og_image":[{"width":600,"height":800,"url":"https:\/\/longchangchemical.com\/wp-content\/uploads\/2021\/01\/149249-91-2-appearance.jpg","type":"image\/jpeg"}],"twitter_card":"summary_large_image","schema":{"@context":"https:\/\/schema.org","@graph":[{"@type":"WebPage","@id":"https:\/\/longchangchemical.com\/product\/cas-149249-91-2\/","url":"https:\/\/longchangchemical.com\/product\/cas-149249-91-2\/","name":"China (3r,4s)-1-Benzoyl-4-phenyl-3-[(Triethylsilyl)oxy]-2-azetidinon Hersteller - Longchang Chemical","isPartOf":{"@id":"https:\/\/longchangchemical.com\/#website"},"primaryImageOfPage":{"@id":"https:\/\/longchangchemical.com\/product\/cas-149249-91-2\/#primaryimage"},"image":{"@id":"https:\/\/longchangchemical.com\/product\/cas-149249-91-2\/#primaryimage"},"thumbnailUrl":"https:\/\/longchangchemical.com\/wp-content\/uploads\/2021\/01\/149249-91-2-appearance.jpg","datePublished":"2021-07-27T03:18:39+00:00","dateModified":"2025-12-22T07:59:10+00:00","description":"Longchang Chemical ist ein in China f\u00fchrender (3r,4s)-1-Benzoyl-4-phenyl-3-[(Triethylsilyl)oxy]-2-azetidinon Hersteller und Lieferant.","breadcrumb":{"@id":"https:\/\/longchangchemical.com\/product\/cas-149249-91-2\/#breadcrumb"},"inLanguage":"de","potentialAction":[{"@type":"ReadAction","target":["https:\/\/longchangchemical.com\/product\/cas-149249-91-2\/"]}]},{"@type":"ImageObject","inLanguage":"de","@id":"https:\/\/longchangchemical.com\/product\/cas-149249-91-2\/#primaryimage","url":"https:\/\/longchangchemical.com\/wp-content\/uploads\/2021\/01\/149249-91-2-appearance.jpg","contentUrl":"https:\/\/longchangchemical.com\/wp-content\/uploads\/2021\/01\/149249-91-2-appearance.jpg","width":600,"height":800},{"@type":"BreadcrumbList","@id":"https:\/\/longchangchemical.com\/product\/cas-149249-91-2\/#breadcrumb","itemListElement":[{"@type":"ListItem","position":1,"name":"Home","item":"https:\/\/longchangchemical.com\/"},{"@type":"ListItem","position":2,"name":"Products Longchang","item":"https:\/\/longchangchemical.com\/product\/"},{"@type":"ListItem","position":3,"name":"(3r,4s)-1-benzoyl-4-phenyl-3-[(triethylsilyl)oxy]-2-azetidinone CAS 149249-91-2"}]},{"@type":"WebSite","@id":"https:\/\/longchangchemical.com\/#website","url":"https:\/\/longchangchemical.com\/","name":"Longchang Chemical","description":"China Hersteller von Chemikalien \uff06 Lieferant","publisher":{"@id":"https:\/\/longchangchemical.com\/#organization"},"potentialAction":[{"@type":"SearchAction","target":{"@type":"EntryPoint","urlTemplate":"https:\/\/longchangchemical.com\/?s={search_term_string}"},"query-input":{"@type":"PropertyValueSpecification","valueRequired":true,"valueName":"search_term_string"}}],"inLanguage":"de"},{"@type":"Organization","@id":"https:\/\/longchangchemical.com\/#organization","name":"Longchang Chemical","url":"https:\/\/longchangchemical.com\/","logo":{"@type":"ImageObject","inLanguage":"de","@id":"https:\/\/longchangchemical.com\/#\/schema\/logo\/image\/","url":"https:\/\/longchangchemical.com\/wp-content\/uploads\/2020\/08\/cropped-longchang-logo.png","contentUrl":"https:\/\/longchangchemical.com\/wp-content\/uploads\/2020\/08\/cropped-longchang-logo.png","width":512,"height":512,"caption":"Longchang Chemical"},"image":{"@id":"https:\/\/longchangchemical.com\/#\/schema\/logo\/image\/"}}]}},"_links":{"self":[{"href":"https:\/\/longchangchemical.com\/de\/wp-json\/wp\/v2\/product\/4115","targetHints":{"allow":["GET"]}}],"collection":[{"href":"https:\/\/longchangchemical.com\/de\/wp-json\/wp\/v2\/product"}],"about":[{"href":"https:\/\/longchangchemical.com\/de\/wp-json\/wp\/v2\/types\/product"}],"replies":[{"embeddable":true,"href":"https:\/\/longchangchemical.com\/de\/wp-json\/wp\/v2\/comments?post=4115"}],"wp:featuredmedia":[{"embeddable":true,"href":"https:\/\/longchangchemical.com\/de\/wp-json\/wp\/v2\/media\/4739"}],"wp:attachment":[{"href":"https:\/\/longchangchemical.com\/de\/wp-json\/wp\/v2\/media?parent=4115"}],"wp:term":[{"taxonomy":"product_brand","embeddable":true,"href":"https:\/\/longchangchemical.com\/de\/wp-json\/wp\/v2\/product_brand?post=4115"},{"taxonomy":"product_cat","embeddable":true,"href":"https:\/\/longchangchemical.com\/de\/wp-json\/wp\/v2\/product_cat?post=4115"},{"taxonomy":"product_tag","embeddable":true,"href":"https:\/\/longchangchemical.com\/de\/wp-json\/wp\/v2\/product_tag?post=4115"}],"curies":[{"name":"wp","href":"https:\/\/api.w.org\/{rel}","templated":true}]}}