{"id":4046,"date":"2021-07-28T05:58:34","date_gmt":"2021-07-28T05:58:34","guid":{"rendered":"https:\/\/longchangchemical.com\/?post_type=product&#038;p=4046"},"modified":"2025-12-22T07:56:10","modified_gmt":"2025-12-22T07:56:10","slug":"lauroyl-chloride-cas-112-16-3","status":"publish","type":"product","link":"https:\/\/longchangchemical.com\/de\/product\/lauroyl-chloride-cas-112-16-3\/","title":{"rendered":"Lauroylchlorid \/ Dodecylchlorid CAS 112-16-3"},"content":{"rendered":"<h1>Lauroylchlorid \/ Dodecylchlorid CAS 112-16-3<\/h1>\n<div>\n<table class=\"table-1\">\n<tbody>\n<tr align=\"center\">\n<td>\n<h4>Artikel<\/h4>\n<\/td>\n<td>\n<h4>Spezifikationen<\/h4>\n<\/td>\n<td>\n<h4>Ergebnisse<\/h4>\n<\/td>\n<\/tr>\n<tr align=\"center\">\n<td>\n<h4>Erscheinungsbild<\/h4>\n<\/td>\n<td>\n<h4>Farblose oder blassgelbe \u00f6lige Fl\u00fcssigkeit<\/h4>\n<\/td>\n<td>\n<h4>Farblose \u00f6lige Fl\u00fcssigkeit<\/h4>\n<\/td>\n<\/tr>\n<tr align=\"center\">\n<td>\n<h4>Inhalt<\/h4>\n<\/td>\n<td>\n<h4>\u226598.0%<\/h4>\n<\/td>\n<td>\n<h4>98.29%<\/h4>\n<\/td>\n<\/tr>\n<tr align=\"center\">\n<td>\n<h4>Phosphid<\/h4>\n<\/td>\n<td>\n<h4>\u22640.30%<\/h4>\n<\/td>\n<td>\n<h4>0.13%<\/h4>\n<\/td>\n<\/tr>\n<tr align=\"center\">\n<td>\n<h4>Lauric<\/h4>\n<\/td>\n<td>\n<h4>\u22640,50%<\/h4>\n<\/td>\n<td>\n<h4>0.49%<\/h4>\n<\/td>\n<\/tr>\n<tr align=\"center\">\n<td>\n<h4>Chlorid<\/h4>\n<\/td>\n<td>\n<h4>\u22641,0%<\/h4>\n<\/td>\n<td>\n<h4>0.24%<\/h4>\n<\/td>\n<\/tr>\n<tr align=\"center\">\n<td>\n<h4>Schlussfolgerung<\/h4>\n<\/td>\n<td colspan=\"2\">\n<h4>Die Ergebnisse entsprechen den Unternehmensstandards<\/h4>\n<\/td>\n<\/tr>\n<\/tbody>\n<\/table>\n<p>&nbsp;<\/p>\n<p><strong>Dieses Produkt kann Dodecanoylchlorid; n-Dodecanoylchlorid ersetzen.<\/strong><\/p>\n<p>&nbsp;<\/p>\n<h2><strong>Lauroylchlorid Verwendung<\/strong><\/h2>\n<h4>1. Dieses Produkt kann als Zwischenprodukt in der Pharmazie und der organischen Synthese verwendet werden.<\/h4>\n<h4>2. Lauroylchlorid kann als Tensid und als Acylierungsmittel f\u00fcr die Synthese anderer organischer Chemikalien verwendet werden.<\/h4>\n<h4>3. Dieses Produkt kann produzieren <a href=\"https:\/\/longchangchemical.com\/de\/product\/n-lauroyl-l-glutamic-acid-cas-3397-65-7\/\"><span style=\"color: #3366ff;\">N-Lauroyl-l-Glutamins\u00e4ure<\/span><\/a>.<\/h4>\n<p><strong><b>P<\/b><\/strong><strong><b>ackag<\/b><\/strong><strong><b>e<\/b><\/strong><strong><b>:<\/b><\/strong>180 kg\/Trommel.<\/p>\n<p><strong><b>\u00a0<\/b><\/strong><\/p>\n<p><strong><b>Lagerung: <\/b><\/strong><\/p>\n<p>Sie werden in einem trockenen, sauberen Lager mit guter Bel\u00fcftung aufbewahrt.<\/p>\n<p>Vermeiden Sie Licht- und Hitzeeinwirkung.<\/p>\n<p>Schutz des Produkts vor Auslaufen, Regen und Sonneneinstrahlung w\u00e4hrend des Transports.<\/p>\n<\/div>\n<h2><strong><b>Kontaktieren Sie uns jetzt!<\/b><\/strong><\/h2>\n<h4><strong><b>Wenn Sie einen Preis ben\u00f6tigen, tragen Sie bitte Ihre Kontaktdaten in das unten stehende Formular ein. Wir werden uns in der Regel innerhalb von 24 Stunden mit Ihnen in Verbindung setzen. Sie k\u00f6nnen mir auch mailen <span style=\"color: #0000ff;\"><a style=\"color: #0000ff;\" href=\"mailto:info@longchangchemical.com\">info@longchangchemical.com<\/a><\/span> w\u00e4hrend der Gesch\u00e4ftszeiten ( 8:30 bis 18:00 Uhr UTC+8 Mo.~Sa. ) oder nutzen Sie den Live-Chat auf der Website, um eine schnelle Antwort zu erhalten.<\/b><\/strong><\/h4>","protected":false},"excerpt":{"rendered":"<h4>Chemische Bezeichnung: Lauroylchlorid<\/h4>\n<h4>Andere Bezeichnung: Dodecanoylchlorid; n-Dodecanoylchlorid<\/h4>\n<h4>CAS: 112-16-3<\/h4>\n<h4>Summenformel:C12H23ClO<\/h4>\n<h4>Molekulargewicht:218.76<\/h4>\n<h4>Chemische Struktur:<img decoding=\"async\" title=\"Lauroylchlorid Struktur\" src=\"https:\/\/www.longchangchemical.com\/wp-content\/uploads\/product-details\/20200616057609.png\" alt=\"Lauroylchlorid Struktur\" width=\"217\" height=\"46\" border=\"0\" vspace=\"0\" \/><\/h4>\n<h4>\u00c4u\u00dferes Erscheinungsbild: Farblose Fl\u00fcssigkeit<\/h4>\n<h4>Reinheit: 98%<\/h4>","protected":false},"featured_media":4743,"comment_status":"open","ping_status":"closed","template":"","meta":[],"product_brand":[],"product_cat":[69],"product_tag":[],"class_list":{"0":"post-4046","1":"product","2":"type-product","3":"status-publish","4":"has-post-thumbnail","6":"product_cat-catalysts-chemical-auxiliary-agents","8":"first","9":"instock","10":"shipping-taxable","11":"product-type-simple"},"yoast_head":"<!-- This site is optimized with the Yoast SEO plugin v25.3.1 - https:\/\/yoast.com\/wordpress\/plugins\/seo\/ -->\n<title>China Lauroyl chloride manufacturer \uff06 112-16-3 supplier - Longchang Chemical<\/title>\n<meta name=\"description\" content=\"Lauroyl chloride for the synthesis of dodecanoyl peroxide, sodium lauroyl polycondensed amino acids, Longchang Chemical is a china Leading Lauroyl chloride manufacturer and supplier. We can provide the best Lauroyl chloride price. Dodecanoyl chloride; n-dodecanoyl chloride.\" \/>\n<meta name=\"robots\" content=\"index, follow, max-snippet:-1, max-image-preview:large, max-video-preview:-1\" \/>\n<link rel=\"canonical\" href=\"https:\/\/longchangchemical.com\/de\/product\/lauroyl-chloride-cas-112-16-3\/\" \/>\n<meta property=\"og:locale\" content=\"de_DE\" \/>\n<meta property=\"og:type\" content=\"article\" \/>\n<meta property=\"og:title\" content=\"China Lauroyl chloride manufacturer \uff06 112-16-3 supplier - Longchang Chemical\" \/>\n<meta property=\"og:description\" content=\"Lauroyl chloride for the synthesis of dodecanoyl peroxide, sodium lauroyl polycondensed amino acids, Longchang Chemical is a china Leading Lauroyl chloride manufacturer and supplier. We can provide the best Lauroyl chloride price. Dodecanoyl chloride; n-dodecanoyl chloride.\" \/>\n<meta property=\"og:url\" content=\"https:\/\/longchangchemical.com\/de\/product\/lauroyl-chloride-cas-112-16-3\/\" \/>\n<meta property=\"og:site_name\" content=\"Longchang Chemical\" \/>\n<meta property=\"article:modified_time\" content=\"2025-12-22T07:56:10+00:00\" \/>\n<meta property=\"og:image\" content=\"https:\/\/longchangchemical.com\/wp-content\/uploads\/2021\/01\/Lauroyl-chloride-appearance.jpg\" \/>\n\t<meta property=\"og:image:width\" content=\"600\" \/>\n\t<meta property=\"og:image:height\" content=\"800\" \/>\n\t<meta property=\"og:image:type\" content=\"image\/jpeg\" \/>\n<meta name=\"twitter:card\" content=\"summary_large_image\" \/>\n<script type=\"application\/ld+json\" class=\"yoast-schema-graph\">{\"@context\":\"https:\/\/schema.org\",\"@graph\":[{\"@type\":\"WebPage\",\"@id\":\"https:\/\/longchangchemical.com\/product\/lauroyl-chloride-cas-112-16-3\/\",\"url\":\"https:\/\/longchangchemical.com\/product\/lauroyl-chloride-cas-112-16-3\/\",\"name\":\"China Lauroyl chloride manufacturer \uff06 112-16-3 supplier - Longchang Chemical\",\"isPartOf\":{\"@id\":\"https:\/\/longchangchemical.com\/#website\"},\"primaryImageOfPage\":{\"@id\":\"https:\/\/longchangchemical.com\/product\/lauroyl-chloride-cas-112-16-3\/#primaryimage\"},\"image\":{\"@id\":\"https:\/\/longchangchemical.com\/product\/lauroyl-chloride-cas-112-16-3\/#primaryimage\"},\"thumbnailUrl\":\"https:\/\/longchangchemical.com\/wp-content\/uploads\/2021\/01\/Lauroyl-chloride-appearance.jpg\",\"datePublished\":\"2021-07-28T05:58:34+00:00\",\"dateModified\":\"2025-12-22T07:56:10+00:00\",\"description\":\"Lauroyl chloride for the synthesis of dodecanoyl peroxide, sodium lauroyl polycondensed amino acids, Longchang Chemical is a china Leading Lauroyl chloride manufacturer and supplier. We can provide the best Lauroyl chloride price. Dodecanoyl chloride; n-dodecanoyl chloride.\",\"breadcrumb\":{\"@id\":\"https:\/\/longchangchemical.com\/product\/lauroyl-chloride-cas-112-16-3\/#breadcrumb\"},\"inLanguage\":\"de\",\"potentialAction\":[{\"@type\":\"ReadAction\",\"target\":[\"https:\/\/longchangchemical.com\/product\/lauroyl-chloride-cas-112-16-3\/\"]}]},{\"@type\":\"ImageObject\",\"inLanguage\":\"de\",\"@id\":\"https:\/\/longchangchemical.com\/product\/lauroyl-chloride-cas-112-16-3\/#primaryimage\",\"url\":\"https:\/\/longchangchemical.com\/wp-content\/uploads\/2021\/01\/Lauroyl-chloride-appearance.jpg\",\"contentUrl\":\"https:\/\/longchangchemical.com\/wp-content\/uploads\/2021\/01\/Lauroyl-chloride-appearance.jpg\",\"width\":600,\"height\":800},{\"@type\":\"BreadcrumbList\",\"@id\":\"https:\/\/longchangchemical.com\/product\/lauroyl-chloride-cas-112-16-3\/#breadcrumb\",\"itemListElement\":[{\"@type\":\"ListItem\",\"position\":1,\"name\":\"Home\",\"item\":\"https:\/\/longchangchemical.com\/\"},{\"@type\":\"ListItem\",\"position\":2,\"name\":\"Products Longchang\",\"item\":\"https:\/\/longchangchemical.com\/product\/\"},{\"@type\":\"ListItem\",\"position\":3,\"name\":\"Lauroyl chloride \/ Dodecyl chloride CAS 112-16-3\"}]},{\"@type\":\"WebSite\",\"@id\":\"https:\/\/longchangchemical.com\/#website\",\"url\":\"https:\/\/longchangchemical.com\/\",\"name\":\"Longchang Chemical\",\"description\":\"China chemical manufacturer \uff06 supplier\",\"publisher\":{\"@id\":\"https:\/\/longchangchemical.com\/#organization\"},\"potentialAction\":[{\"@type\":\"SearchAction\",\"target\":{\"@type\":\"EntryPoint\",\"urlTemplate\":\"https:\/\/longchangchemical.com\/?s={search_term_string}\"},\"query-input\":{\"@type\":\"PropertyValueSpecification\",\"valueRequired\":true,\"valueName\":\"search_term_string\"}}],\"inLanguage\":\"de\"},{\"@type\":\"Organization\",\"@id\":\"https:\/\/longchangchemical.com\/#organization\",\"name\":\"Longchang Chemical\",\"url\":\"https:\/\/longchangchemical.com\/\",\"logo\":{\"@type\":\"ImageObject\",\"inLanguage\":\"de\",\"@id\":\"https:\/\/longchangchemical.com\/#\/schema\/logo\/image\/\",\"url\":\"https:\/\/longchangchemical.com\/wp-content\/uploads\/2020\/08\/cropped-longchang-logo.png\",\"contentUrl\":\"https:\/\/longchangchemical.com\/wp-content\/uploads\/2020\/08\/cropped-longchang-logo.png\",\"width\":512,\"height\":512,\"caption\":\"Longchang Chemical\"},\"image\":{\"@id\":\"https:\/\/longchangchemical.com\/#\/schema\/logo\/image\/\"}}]}<\/script>\n<!-- \/ Yoast SEO plugin. -->","yoast_head_json":{"title":"China Lauroylchlorid Hersteller \uff06 112-16-3 Lieferant - Longchang Chemical","description":"Lauroylchlorid f\u00fcr die Synthese von Dodecanoylperoxid, Natrium-Lauroyl-polykondensierte Aminos\u00e4uren, Longchang Chemical ist ein f\u00fchrender Hersteller und Lieferant von Lauroylchlorid in China. Wir k\u00f6nnen den besten Lauroylchlorid Preis bieten. Dodecanoylchlorid; n-Dodecanoylchlorid.","robots":{"index":"index","follow":"follow","max-snippet":"max-snippet:-1","max-image-preview":"max-image-preview:large","max-video-preview":"max-video-preview:-1"},"canonical":"https:\/\/longchangchemical.com\/de\/product\/lauroyl-chloride-cas-112-16-3\/","og_locale":"de_DE","og_type":"article","og_title":"China Lauroyl chloride manufacturer \uff06 112-16-3 supplier - Longchang Chemical","og_description":"Lauroyl chloride for the synthesis of dodecanoyl peroxide, sodium lauroyl polycondensed amino acids, Longchang Chemical is a china Leading Lauroyl chloride manufacturer and supplier. We can provide the best Lauroyl chloride price. Dodecanoyl chloride; n-dodecanoyl chloride.","og_url":"https:\/\/longchangchemical.com\/de\/product\/lauroyl-chloride-cas-112-16-3\/","og_site_name":"Longchang Chemical","article_modified_time":"2025-12-22T07:56:10+00:00","og_image":[{"width":600,"height":800,"url":"https:\/\/longchangchemical.com\/wp-content\/uploads\/2021\/01\/Lauroyl-chloride-appearance.jpg","type":"image\/jpeg"}],"twitter_card":"summary_large_image","schema":{"@context":"https:\/\/schema.org","@graph":[{"@type":"WebPage","@id":"https:\/\/longchangchemical.com\/product\/lauroyl-chloride-cas-112-16-3\/","url":"https:\/\/longchangchemical.com\/product\/lauroyl-chloride-cas-112-16-3\/","name":"China Lauroylchlorid Hersteller \uff06 112-16-3 Lieferant - Longchang Chemical","isPartOf":{"@id":"https:\/\/longchangchemical.com\/#website"},"primaryImageOfPage":{"@id":"https:\/\/longchangchemical.com\/product\/lauroyl-chloride-cas-112-16-3\/#primaryimage"},"image":{"@id":"https:\/\/longchangchemical.com\/product\/lauroyl-chloride-cas-112-16-3\/#primaryimage"},"thumbnailUrl":"https:\/\/longchangchemical.com\/wp-content\/uploads\/2021\/01\/Lauroyl-chloride-appearance.jpg","datePublished":"2021-07-28T05:58:34+00:00","dateModified":"2025-12-22T07:56:10+00:00","description":"Lauroylchlorid f\u00fcr die Synthese von Dodecanoylperoxid, Natrium-Lauroyl-polykondensierte Aminos\u00e4uren, Longchang Chemical ist ein f\u00fchrender Hersteller und Lieferant von Lauroylchlorid in China. Wir k\u00f6nnen den besten Lauroylchlorid Preis bieten. Dodecanoylchlorid; n-Dodecanoylchlorid.","breadcrumb":{"@id":"https:\/\/longchangchemical.com\/product\/lauroyl-chloride-cas-112-16-3\/#breadcrumb"},"inLanguage":"de","potentialAction":[{"@type":"ReadAction","target":["https:\/\/longchangchemical.com\/product\/lauroyl-chloride-cas-112-16-3\/"]}]},{"@type":"ImageObject","inLanguage":"de","@id":"https:\/\/longchangchemical.com\/product\/lauroyl-chloride-cas-112-16-3\/#primaryimage","url":"https:\/\/longchangchemical.com\/wp-content\/uploads\/2021\/01\/Lauroyl-chloride-appearance.jpg","contentUrl":"https:\/\/longchangchemical.com\/wp-content\/uploads\/2021\/01\/Lauroyl-chloride-appearance.jpg","width":600,"height":800},{"@type":"BreadcrumbList","@id":"https:\/\/longchangchemical.com\/product\/lauroyl-chloride-cas-112-16-3\/#breadcrumb","itemListElement":[{"@type":"ListItem","position":1,"name":"Home","item":"https:\/\/longchangchemical.com\/"},{"@type":"ListItem","position":2,"name":"Products Longchang","item":"https:\/\/longchangchemical.com\/product\/"},{"@type":"ListItem","position":3,"name":"Lauroyl chloride \/ Dodecyl chloride CAS 112-16-3"}]},{"@type":"WebSite","@id":"https:\/\/longchangchemical.com\/#website","url":"https:\/\/longchangchemical.com\/","name":"Longchang Chemical","description":"China Hersteller von Chemikalien \uff06 Lieferant","publisher":{"@id":"https:\/\/longchangchemical.com\/#organization"},"potentialAction":[{"@type":"SearchAction","target":{"@type":"EntryPoint","urlTemplate":"https:\/\/longchangchemical.com\/?s={search_term_string}"},"query-input":{"@type":"PropertyValueSpecification","valueRequired":true,"valueName":"search_term_string"}}],"inLanguage":"de"},{"@type":"Organization","@id":"https:\/\/longchangchemical.com\/#organization","name":"Longchang Chemical","url":"https:\/\/longchangchemical.com\/","logo":{"@type":"ImageObject","inLanguage":"de","@id":"https:\/\/longchangchemical.com\/#\/schema\/logo\/image\/","url":"https:\/\/longchangchemical.com\/wp-content\/uploads\/2020\/08\/cropped-longchang-logo.png","contentUrl":"https:\/\/longchangchemical.com\/wp-content\/uploads\/2020\/08\/cropped-longchang-logo.png","width":512,"height":512,"caption":"Longchang Chemical"},"image":{"@id":"https:\/\/longchangchemical.com\/#\/schema\/logo\/image\/"}}]}},"_links":{"self":[{"href":"https:\/\/longchangchemical.com\/de\/wp-json\/wp\/v2\/product\/4046","targetHints":{"allow":["GET"]}}],"collection":[{"href":"https:\/\/longchangchemical.com\/de\/wp-json\/wp\/v2\/product"}],"about":[{"href":"https:\/\/longchangchemical.com\/de\/wp-json\/wp\/v2\/types\/product"}],"replies":[{"embeddable":true,"href":"https:\/\/longchangchemical.com\/de\/wp-json\/wp\/v2\/comments?post=4046"}],"wp:featuredmedia":[{"embeddable":true,"href":"https:\/\/longchangchemical.com\/de\/wp-json\/wp\/v2\/media\/4743"}],"wp:attachment":[{"href":"https:\/\/longchangchemical.com\/de\/wp-json\/wp\/v2\/media?parent=4046"}],"wp:term":[{"taxonomy":"product_brand","embeddable":true,"href":"https:\/\/longchangchemical.com\/de\/wp-json\/wp\/v2\/product_brand?post=4046"},{"taxonomy":"product_cat","embeddable":true,"href":"https:\/\/longchangchemical.com\/de\/wp-json\/wp\/v2\/product_cat?post=4046"},{"taxonomy":"product_tag","embeddable":true,"href":"https:\/\/longchangchemical.com\/de\/wp-json\/wp\/v2\/product_tag?post=4046"}],"curies":[{"name":"wp","href":"https:\/\/api.w.org\/{rel}","templated":true}]}}