{"id":4002,"date":"2021-02-07T14:11:11","date_gmt":"2021-02-07T14:11:11","guid":{"rendered":"https:\/\/longchangchemical.com\/?post_type=product&#038;p=4002"},"modified":"2021-04-19T01:08:01","modified_gmt":"2021-04-19T01:08:01","slug":"amps-cas-15214-89-8","status":"publish","type":"product","link":"https:\/\/longchangchemical.com\/de\/product\/amps-cas-15214-89-8\/","title":{"rendered":"2-Acrylamido-2-methylpropansulfons\u00e4ure \/ AMPS CAS 15214-89-8"},"content":{"rendered":"<h1>2-Acrylamido-2-methylpropansulfons\u00e4ure \/ AMPS CAS 15214-89-8<\/h1>\n<table class=\"table-1\">\n<tbody>\n<tr>\n<td width=\"291\">\n<h4>Artikel<\/h4>\n<\/td>\n<td width=\"231\">\n<h4>Spezifikationen<\/h4>\n<\/td>\n<\/tr>\n<tr>\n<td width=\"291\">\n<h4>Erscheinungsbild<\/h4>\n<\/td>\n<td width=\"231\">\n<h4>\u00a0Wei\u00dfes Kristallpulver<\/h4>\n<\/td>\n<\/tr>\n<tr>\n<td width=\"291\">\n<h4>Reinheit(%)<\/h4>\n<\/td>\n<td width=\"231\">\n<h4>\u00a0\u226598.0<\/h4>\n<\/td>\n<\/tr>\n<tr>\n<td width=\"291\">\n<h4>Nichtfl\u00fcchtige Bestandteile(%)<\/h4>\n<\/td>\n<td width=\"231\">\n<h4>\u00a0\u226599.0<\/h4>\n<\/td>\n<\/tr>\n<tr>\n<td width=\"291\">\n<h4>Eisengehalt(%)<\/h4>\n<\/td>\n<td width=\"231\">\n<h4>\u00a0\u22640.6<\/h4>\n<\/td>\n<\/tr>\n<tr>\n<td width=\"291\">\n<h4>S\u00e4uregehalt(mgKOH\/g)<\/h4>\n<\/td>\n<td width=\"231\">\n<h4>\u00a0272-278<\/h4>\n<\/td>\n<\/tr>\n<tr>\n<td width=\"291\">\n<h4>Chroma(25% Wasserl\u00f6sung),Co-Pt<\/h4>\n<\/td>\n<td width=\"231\">\n<h4>\u226420<\/h4>\n<\/td>\n<\/tr>\n<tr>\n<td width=\"291\">\n<h4>Wasser(%)<\/h4>\n<\/td>\n<td width=\"231\">\n<h4>\u22640.2<\/h4>\n<\/td>\n<\/tr>\n<\/tbody>\n<\/table>\n<p>&nbsp;<\/p>\n<h2><strong>2-Acrylamido-2-Methylpropansulfons\u00e4ure Verwendung<\/strong><\/h2>\n<h4>1. 2-Acrylamido-2-methyl-1-propansulfons\u00e4ure (AMPS) hat polymerisierbare Vinyl- und hydrophile Sulfons\u00e4uregruppen im Molek\u00fcl. Sie kann mit wasserl\u00f6slichen Monomeren wie Acrylnitril und Acrylamid kombiniert werden. Styrol, Vinylchlorid und andere nicht wasserl\u00f6sliche Monomere.<\/h4>\n<h4>2. Einf\u00fchrung von hydrophilen Sulfons\u00e4uregruppen in das Polymer, um Fasern, Folien usw. hygroskopisch, wasserdurchl\u00e4ssig und leitf\u00e4hig zu machen.<\/h4>\n<h4>3. AMPS kann in der Papierindustrie und Abwasserbehandlung verwendet werden. Wird als Beschichtungsmodifikator, Fasermodifikator und medizinisches Polymer verwendet.<\/h4>\n<h4>4. 2-Acrylamido-2-methylpropansulfons\u00e4ure kann homopolymerisiert oder copolymerisiert werden.<\/h4>\n<h4>5. Die durchschnittliche Polymerisationsw\u00e4rme von 2-Acrylamido-2-methylpropansulfons\u00e4ure in Wasser betr\u00e4gt 22 kcal\/Koolamid kann als Polymerisationsmedium verwendet werden. Im Allgemeinen werden wasserl\u00f6sliches Ammoniumpersulfat, Wasserstoffperoxid usw. als Initiatoren verwendet. Das am h\u00e4ufigsten verwendete Monomer mit 2-Acrylamido-2-methylpropansulfons\u00e4ure ist Acrylnitril.<\/h4>\n<p>&nbsp;<\/p>\n<h2><strong>2-Acrylamido-2-Methylpropansulfons\u00e4ure-Paket<\/strong><\/h2>\n<h4>25KG\/Sack<\/h4>\n<p>&nbsp;<\/p>\n<h2><strong>2-Acrylamido-2-Methylpropansulfons\u00e4ure Lagerung<\/strong><\/h2>\n<h4>K\u00fchler, trockener und bel\u00fcfteter Ort.<\/h4>\n<p>&nbsp;<\/p>\n<h2><strong><b>Kontaktieren Sie uns jetzt!<\/b><\/strong><\/h2>\n<h4><strong><b>Wir bieten ma\u00dfgeschneiderte Dienstleistungen an und werden Sie in der Regel innerhalb von 24 Stunden kontaktieren. Sie k\u00f6nnen auch eine E-Mail an info@longchangchemical.com w\u00e4hrend der Arbeitszeiten (8:30 bis 18:00 Uhr UTC+8 Mo.~Sa.) senden oder den Live-Chat der Website nutzen, um eine schnelle Antwort zu erhalten.<\/b><\/strong><\/h4>","protected":false},"excerpt":{"rendered":"<h4>Produktname: 2-Acrylamido-2-Methylpropansulfons\u00e4ure<\/h4>\n<h4>Andere Bezeichnung: AMPS<\/h4>\n<h4>CAS-NR.: 15214-89-8<\/h4>\n<h4>Formel: C7H13N04S<\/h4>\n<h4>Chemische Struktur:<img decoding=\"async\" title=\"2-Acrylamido-2-Methylpropansulfons\u00e4ure Struktur\" src=\"https:\/\/www.longchangchemical.com\/wp-content\/uploads\/product-details\/20200616331729.png\" alt=\"2-Acrylamido-2-Methylpropansulfons\u00e4ure Struktur\" width=\"127\" height=\"54\" border=\"0\" vspace=\"0\" \/><\/h4>\n<h4>Molekulargewicht:183<\/h4>\n<h4>Assay: 98%<\/h4>","protected":false},"featured_media":4352,"comment_status":"open","ping_status":"closed","template":"","meta":[],"product_brand":[],"product_cat":[69],"product_tag":[],"class_list":{"0":"post-4002","1":"product","2":"type-product","3":"status-publish","4":"has-post-thumbnail","6":"product_cat-catalysts-chemical-auxiliary-agents","8":"first","9":"instock","10":"shipping-taxable","11":"product-type-simple"},"yoast_head":"<!-- This site is optimized with the Yoast SEO plugin v25.3.1 - https:\/\/yoast.com\/wordpress\/plugins\/seo\/ -->\n<title>China AMPS Manufacturer \uff06 15214-89-8 Supplier - Longchang chemical Co., Ltd.<\/title>\n<meta name=\"description\" content=\"Longchang Chemical is a leading manufacturer and supplier of 2-Acrylamido-2-Methylpropane Sulfonic Acid in China. Buy AMPS in china. We can provide the best AMPS price.\" \/>\n<meta name=\"robots\" content=\"index, follow, max-snippet:-1, max-image-preview:large, max-video-preview:-1\" \/>\n<link rel=\"canonical\" href=\"https:\/\/longchangchemical.com\/de\/product\/amps-cas-15214-89-8\/\" \/>\n<meta property=\"og:locale\" content=\"de_DE\" \/>\n<meta property=\"og:type\" content=\"article\" \/>\n<meta property=\"og:title\" content=\"China AMPS Manufacturer \uff06 15214-89-8 Supplier - Longchang chemical Co., Ltd.\" \/>\n<meta property=\"og:description\" content=\"Longchang Chemical is a leading manufacturer and supplier of 2-Acrylamido-2-Methylpropane Sulfonic Acid in China. Buy AMPS in china. We can provide the best AMPS price.\" \/>\n<meta property=\"og:url\" content=\"https:\/\/longchangchemical.com\/de\/product\/amps-cas-15214-89-8\/\" \/>\n<meta property=\"og:site_name\" content=\"Longchang Chemical\" \/>\n<meta property=\"article:modified_time\" content=\"2021-04-19T01:08:01+00:00\" \/>\n<meta property=\"og:image\" content=\"https:\/\/longchangchemical.com\/wp-content\/uploads\/2021\/02\/AMPS-Appearance.jpg\" \/>\n\t<meta property=\"og:image:width\" content=\"600\" \/>\n\t<meta property=\"og:image:height\" content=\"800\" \/>\n\t<meta property=\"og:image:type\" content=\"image\/jpeg\" \/>\n<meta name=\"twitter:card\" content=\"summary_large_image\" \/>\n<script type=\"application\/ld+json\" class=\"yoast-schema-graph\">{\"@context\":\"https:\/\/schema.org\",\"@graph\":[{\"@type\":\"WebPage\",\"@id\":\"https:\/\/longchangchemical.com\/product\/amps-cas-15214-89-8\/\",\"url\":\"https:\/\/longchangchemical.com\/product\/amps-cas-15214-89-8\/\",\"name\":\"China AMPS Manufacturer \uff06 15214-89-8 Supplier - Longchang chemical Co., Ltd.\",\"isPartOf\":{\"@id\":\"https:\/\/longchangchemical.com\/#website\"},\"primaryImageOfPage\":{\"@id\":\"https:\/\/longchangchemical.com\/product\/amps-cas-15214-89-8\/#primaryimage\"},\"image\":{\"@id\":\"https:\/\/longchangchemical.com\/product\/amps-cas-15214-89-8\/#primaryimage\"},\"thumbnailUrl\":\"https:\/\/longchangchemical.com\/wp-content\/uploads\/2021\/02\/AMPS-Appearance.jpg\",\"datePublished\":\"2021-02-07T14:11:11+00:00\",\"dateModified\":\"2021-04-19T01:08:01+00:00\",\"description\":\"Longchang Chemical is a leading manufacturer and supplier of 2-Acrylamido-2-Methylpropane Sulfonic Acid in China. Buy AMPS in china. We can provide the best AMPS price.\",\"breadcrumb\":{\"@id\":\"https:\/\/longchangchemical.com\/product\/amps-cas-15214-89-8\/#breadcrumb\"},\"inLanguage\":\"de\",\"potentialAction\":[{\"@type\":\"ReadAction\",\"target\":[\"https:\/\/longchangchemical.com\/product\/amps-cas-15214-89-8\/\"]}]},{\"@type\":\"ImageObject\",\"inLanguage\":\"de\",\"@id\":\"https:\/\/longchangchemical.com\/product\/amps-cas-15214-89-8\/#primaryimage\",\"url\":\"https:\/\/longchangchemical.com\/wp-content\/uploads\/2021\/02\/AMPS-Appearance.jpg\",\"contentUrl\":\"https:\/\/longchangchemical.com\/wp-content\/uploads\/2021\/02\/AMPS-Appearance.jpg\",\"width\":600,\"height\":800,\"caption\":\"AMPS Appearance\"},{\"@type\":\"BreadcrumbList\",\"@id\":\"https:\/\/longchangchemical.com\/product\/amps-cas-15214-89-8\/#breadcrumb\",\"itemListElement\":[{\"@type\":\"ListItem\",\"position\":1,\"name\":\"Home\",\"item\":\"https:\/\/longchangchemical.com\/\"},{\"@type\":\"ListItem\",\"position\":2,\"name\":\"Products Longchang\",\"item\":\"https:\/\/longchangchemical.com\/product\/\"},{\"@type\":\"ListItem\",\"position\":3,\"name\":\"2-Acrylamido-2-methylpropane sulfonic acid \/ AMPS CAS 15214-89-8\"}]},{\"@type\":\"WebSite\",\"@id\":\"https:\/\/longchangchemical.com\/#website\",\"url\":\"https:\/\/longchangchemical.com\/\",\"name\":\"Longchang Chemical\",\"description\":\"China chemical manufacturer \uff06 supplier\",\"publisher\":{\"@id\":\"https:\/\/longchangchemical.com\/#organization\"},\"potentialAction\":[{\"@type\":\"SearchAction\",\"target\":{\"@type\":\"EntryPoint\",\"urlTemplate\":\"https:\/\/longchangchemical.com\/?s={search_term_string}\"},\"query-input\":{\"@type\":\"PropertyValueSpecification\",\"valueRequired\":true,\"valueName\":\"search_term_string\"}}],\"inLanguage\":\"de\"},{\"@type\":\"Organization\",\"@id\":\"https:\/\/longchangchemical.com\/#organization\",\"name\":\"Longchang Chemical\",\"url\":\"https:\/\/longchangchemical.com\/\",\"logo\":{\"@type\":\"ImageObject\",\"inLanguage\":\"de\",\"@id\":\"https:\/\/longchangchemical.com\/#\/schema\/logo\/image\/\",\"url\":\"https:\/\/longchangchemical.com\/wp-content\/uploads\/2020\/08\/cropped-longchang-logo.png\",\"contentUrl\":\"https:\/\/longchangchemical.com\/wp-content\/uploads\/2020\/08\/cropped-longchang-logo.png\",\"width\":512,\"height\":512,\"caption\":\"Longchang Chemical\"},\"image\":{\"@id\":\"https:\/\/longchangchemical.com\/#\/schema\/logo\/image\/\"}}]}<\/script>\n<!-- \/ Yoast SEO plugin. -->","yoast_head_json":{"title":"China AMPS Hersteller \uff06 15214-89-8 Lieferant - Longchang chemical Co., Ltd.","description":"Longchang Chemical ist ein f\u00fchrender Hersteller und Lieferant von 2-Acrylamido-2-Methylpropansulfons\u00e4ure in China. Kaufen Sie AMPS in China. Wir k\u00f6nnen die besten AMPS Preis bieten.","robots":{"index":"index","follow":"follow","max-snippet":"max-snippet:-1","max-image-preview":"max-image-preview:large","max-video-preview":"max-video-preview:-1"},"canonical":"https:\/\/longchangchemical.com\/de\/product\/amps-cas-15214-89-8\/","og_locale":"de_DE","og_type":"article","og_title":"China AMPS Manufacturer \uff06 15214-89-8 Supplier - Longchang chemical Co., Ltd.","og_description":"Longchang Chemical is a leading manufacturer and supplier of 2-Acrylamido-2-Methylpropane Sulfonic Acid in China. Buy AMPS in china. We can provide the best AMPS price.","og_url":"https:\/\/longchangchemical.com\/de\/product\/amps-cas-15214-89-8\/","og_site_name":"Longchang Chemical","article_modified_time":"2021-04-19T01:08:01+00:00","og_image":[{"width":600,"height":800,"url":"https:\/\/longchangchemical.com\/wp-content\/uploads\/2021\/02\/AMPS-Appearance.jpg","type":"image\/jpeg"}],"twitter_card":"summary_large_image","schema":{"@context":"https:\/\/schema.org","@graph":[{"@type":"WebPage","@id":"https:\/\/longchangchemical.com\/product\/amps-cas-15214-89-8\/","url":"https:\/\/longchangchemical.com\/product\/amps-cas-15214-89-8\/","name":"China AMPS Hersteller \uff06 15214-89-8 Lieferant - Longchang chemical Co., Ltd.","isPartOf":{"@id":"https:\/\/longchangchemical.com\/#website"},"primaryImageOfPage":{"@id":"https:\/\/longchangchemical.com\/product\/amps-cas-15214-89-8\/#primaryimage"},"image":{"@id":"https:\/\/longchangchemical.com\/product\/amps-cas-15214-89-8\/#primaryimage"},"thumbnailUrl":"https:\/\/longchangchemical.com\/wp-content\/uploads\/2021\/02\/AMPS-Appearance.jpg","datePublished":"2021-02-07T14:11:11+00:00","dateModified":"2021-04-19T01:08:01+00:00","description":"Longchang Chemical ist ein f\u00fchrender Hersteller und Lieferant von 2-Acrylamido-2-Methylpropansulfons\u00e4ure in China. Kaufen Sie AMPS in China. Wir k\u00f6nnen die besten AMPS Preis bieten.","breadcrumb":{"@id":"https:\/\/longchangchemical.com\/product\/amps-cas-15214-89-8\/#breadcrumb"},"inLanguage":"de","potentialAction":[{"@type":"ReadAction","target":["https:\/\/longchangchemical.com\/product\/amps-cas-15214-89-8\/"]}]},{"@type":"ImageObject","inLanguage":"de","@id":"https:\/\/longchangchemical.com\/product\/amps-cas-15214-89-8\/#primaryimage","url":"https:\/\/longchangchemical.com\/wp-content\/uploads\/2021\/02\/AMPS-Appearance.jpg","contentUrl":"https:\/\/longchangchemical.com\/wp-content\/uploads\/2021\/02\/AMPS-Appearance.jpg","width":600,"height":800,"caption":"AMPS Appearance"},{"@type":"BreadcrumbList","@id":"https:\/\/longchangchemical.com\/product\/amps-cas-15214-89-8\/#breadcrumb","itemListElement":[{"@type":"ListItem","position":1,"name":"Home","item":"https:\/\/longchangchemical.com\/"},{"@type":"ListItem","position":2,"name":"Products Longchang","item":"https:\/\/longchangchemical.com\/product\/"},{"@type":"ListItem","position":3,"name":"2-Acrylamido-2-methylpropane sulfonic acid \/ AMPS CAS 15214-89-8"}]},{"@type":"WebSite","@id":"https:\/\/longchangchemical.com\/#website","url":"https:\/\/longchangchemical.com\/","name":"Longchang Chemical","description":"China Hersteller von Chemikalien \uff06 Lieferant","publisher":{"@id":"https:\/\/longchangchemical.com\/#organization"},"potentialAction":[{"@type":"SearchAction","target":{"@type":"EntryPoint","urlTemplate":"https:\/\/longchangchemical.com\/?s={search_term_string}"},"query-input":{"@type":"PropertyValueSpecification","valueRequired":true,"valueName":"search_term_string"}}],"inLanguage":"de"},{"@type":"Organization","@id":"https:\/\/longchangchemical.com\/#organization","name":"Longchang Chemical","url":"https:\/\/longchangchemical.com\/","logo":{"@type":"ImageObject","inLanguage":"de","@id":"https:\/\/longchangchemical.com\/#\/schema\/logo\/image\/","url":"https:\/\/longchangchemical.com\/wp-content\/uploads\/2020\/08\/cropped-longchang-logo.png","contentUrl":"https:\/\/longchangchemical.com\/wp-content\/uploads\/2020\/08\/cropped-longchang-logo.png","width":512,"height":512,"caption":"Longchang Chemical"},"image":{"@id":"https:\/\/longchangchemical.com\/#\/schema\/logo\/image\/"}}]}},"_links":{"self":[{"href":"https:\/\/longchangchemical.com\/de\/wp-json\/wp\/v2\/product\/4002","targetHints":{"allow":["GET"]}}],"collection":[{"href":"https:\/\/longchangchemical.com\/de\/wp-json\/wp\/v2\/product"}],"about":[{"href":"https:\/\/longchangchemical.com\/de\/wp-json\/wp\/v2\/types\/product"}],"replies":[{"embeddable":true,"href":"https:\/\/longchangchemical.com\/de\/wp-json\/wp\/v2\/comments?post=4002"}],"wp:featuredmedia":[{"embeddable":true,"href":"https:\/\/longchangchemical.com\/de\/wp-json\/wp\/v2\/media\/4352"}],"wp:attachment":[{"href":"https:\/\/longchangchemical.com\/de\/wp-json\/wp\/v2\/media?parent=4002"}],"wp:term":[{"taxonomy":"product_brand","embeddable":true,"href":"https:\/\/longchangchemical.com\/de\/wp-json\/wp\/v2\/product_brand?post=4002"},{"taxonomy":"product_cat","embeddable":true,"href":"https:\/\/longchangchemical.com\/de\/wp-json\/wp\/v2\/product_cat?post=4002"},{"taxonomy":"product_tag","embeddable":true,"href":"https:\/\/longchangchemical.com\/de\/wp-json\/wp\/v2\/product_tag?post=4002"}],"curies":[{"name":"wp","href":"https:\/\/api.w.org\/{rel}","templated":true}]}}