{"id":3919,"date":"2022-08-27T13:48:48","date_gmt":"2022-08-27T13:48:48","guid":{"rendered":"https:\/\/longchangchemical.com\/?post_type=product&#038;p=3919"},"modified":"2026-05-08T02:59:46","modified_gmt":"2026-05-08T02:59:46","slug":"sodium-p-styrenesulfonate-cas-2695-37-6","status":"publish","type":"product","link":"https:\/\/longchangchemical.com\/de\/product\/sodium-p-styrenesulfonate-cas-2695-37-6\/","title":{"rendered":"Natrium-p-Styrolsulfonat CAS 2695-37-6"},"content":{"rendered":"<h2><strong>Natrium-p-Styrolsulfonat CAS 2695-37-6<\/strong><\/h2>\n<table class=\"table-1\" cellspacing=\"0\">\n<tbody>\n<tr>\n<td>Artikel<\/td>\n<td>Standard<\/td>\n<td>Ergebnisse<\/td>\n<\/tr>\n<tr>\n<td>Erscheinungsbild<\/td>\n<td colspan=\"2\">Frei flie\u00dfendes Granulat oder Pulver ohne sichtbare Verunreinigungen<\/td>\n<\/tr>\n<tr>\n<td>Vinyl-Aktivit\u00e4t (als SSS) %<\/td>\n<td>89~100<\/td>\n<td>93.1<\/td>\n<\/tr>\n<tr>\n<td>Wasser %<\/td>\n<td>8~12<\/td>\n<td>10.5<\/td>\n<\/tr>\n<tr>\n<td>Farbe (1% APHA )(Hazen)<\/td>\n<td>\u226650<\/td>\n<td>15.0<\/td>\n<\/tr>\n<tr>\n<td>PH( 10% w\u00e4ssrige L\u00f6sung )<\/td>\n<td>7.5~11<\/td>\n<td>9.4<\/td>\n<\/tr>\n<tr>\n<td>Filtrierbare Materie %<\/td>\n<td>\u22660.06<\/td>\n<td>0.01<\/td>\n<\/tr>\n<tr>\n<td>Natriumsulfat %<\/td>\n<td>\u22660.8<\/td>\n<td>0.11<\/td>\n<\/tr>\n<tr>\n<td>Halogenide %<\/td>\n<td>\u22666<\/td>\n<td>1.4<\/td>\n<\/tr>\n<tr>\n<td>Lichtextinktion \/cm bei 600 nm<\/td>\n<td>\u22660.035<\/td>\n<td>0.005<\/td>\n<\/tr>\n<tr>\n<td>Eisen ppm<\/td>\n<td>\u226615<\/td>\n<td>3<\/td>\n<\/tr>\n<\/tbody>\n<\/table>\n<p>&nbsp;<\/p>\n<h2><strong>Natrium-p-Styrolsulfonat Verwendung<\/strong><\/h2>\n<p>1. zur Herstellung von F\u00e4rbemitteln f\u00fcr Polypropylen- und Acrylfasern, reaktiven Emulgatoren, aufgeladenen Pr\u00e4ventivmitteln wie Nylon, Aufzeichnungspapier, Polyester, Schwefelaustauschharz, usw.<\/p>\n<p>2. wird als drittes Monomer f\u00fcr die Herstellung von Acrylfasern verwendet.<\/p>\n<p>3) F\u00e4rbeverbesserer (Propylenfaser, Polyester, Polypropylenfaser, Rayon), reaktive Emulgatoren, Polysulfidversetzungen (Dialysemembranen, Batterien, Membranen f\u00fcr k\u00fcnstliche K\u00f6rper), aufgeladene Schutzmittel (Nylon, Aufzeichnungspapier, Polyester), Schwefelaustauschharz (Membran), fotorealistische Mittel (Mikroblende), Glanzmittel f\u00fcr die Beschichtung.<\/p>\n<p>&nbsp;<\/p>\n<h2><strong>Natrium-p-Styrolsulfonat Verpackung und Versand<\/strong><\/h2>\n<p>Verpackung:25 kg Sack<\/p>\n<p>Lieferung: per Luftfracht, per Schiff<\/p>\n<p>&nbsp;<\/p>\n<h2><strong>Natrium-p-Styrolsulfonat Lagerung<\/strong><\/h2>\n<p>An einem k\u00fchlen, trockenen Ort ohne direkte Sonneneinstrahlung aufbewahren.<\/p>\n<h2><strong><b>Kontaktieren Sie uns jetzt!<\/b><\/strong><\/h2>\n<h4><strong><b>Wenn Sie COA, MSDS oder TDS ben\u00f6tigen, geben Sie bitte Ihre Kontaktinformationen in das untenstehende Formular ein. Wir werden uns in der Regel innerhalb von 24 Stunden mit Ihnen in Verbindung setzen. Sie k\u00f6nnen mir auch eine E-Mail schicken <span style=\"color: #0000ff;\"><a style=\"color: #0000ff;\" href=\"mailto:info@longchangchemical.com\">info@longchangchemical.com<\/a><\/span> w\u00e4hrend der Gesch\u00e4ftszeiten ( 8:30 bis 18:00 Uhr UTC+8 Mo.~Sa. ) oder nutzen Sie den Live-Chat auf der Website, um eine schnelle Antwort zu erhalten.<\/b><\/strong><\/h4>","protected":false},"excerpt":{"rendered":"<p>Chemische Bezeichnung: Natrium-p-Styrolsulfonat<br \/>\nCAS-Nr.: 2695-37-6<br \/>\nSummenformel:C8H7NaO3S<\/p>\n<p>Chemische Struktur:<img decoding=\"async\" title=\"Natrium-p-Styrolsulfonat Struktur\" src=\"https:\/\/www.longchangchemical.com\/wp-content\/uploads\/product-details\/20200616354375.png\" alt=\"Natrium-p-Styrolsulfonat Struktur\" width=\"215\" height=\"144\" border=\"0\" vspace=\"0\" \/><\/p>\n<p>Molekulargewicht:206.19<\/p>\n<p>Aussehen: frei flie\u00dfendes Granulat oder Pulver ohne sichtbare Verunreinigungen<\/p>\n<p>Assay:90%<\/p>","protected":false},"featured_media":0,"comment_status":"open","ping_status":"closed","template":"","meta":[],"product_brand":[],"product_cat":[109],"product_tag":[],"class_list":{"0":"post-3919","1":"product","2":"type-product","3":"status-publish","5":"product_cat-water-treatment","7":"first","8":"instock","9":"shipping-taxable","10":"product-type-simple"},"yoast_head":"<!-- This site is optimized with the Yoast SEO plugin v25.3.1 - https:\/\/yoast.com\/wordpress\/plugins\/seo\/ -->\n<title>China sodium p-styrenesulfonate Manufacturer CAS 2695-37-6 supplier - Longchang Chemical<\/title>\n<meta name=\"description\" content=\"Longchang Chemical is China sodium p-styrenesulfonate Manufacturer CAS 2695-37-6 supplier.\" \/>\n<meta name=\"robots\" content=\"index, follow, max-snippet:-1, max-image-preview:large, max-video-preview:-1\" \/>\n<link rel=\"canonical\" href=\"https:\/\/longchangchemical.com\/de\/product\/sodium-p-styrenesulfonate-cas-2695-37-6\/\" \/>\n<meta property=\"og:locale\" content=\"de_DE\" \/>\n<meta property=\"og:type\" content=\"article\" \/>\n<meta property=\"og:title\" content=\"China sodium p-styrenesulfonate Manufacturer CAS 2695-37-6 supplier - Longchang Chemical\" \/>\n<meta property=\"og:description\" content=\"Longchang Chemical is China sodium p-styrenesulfonate Manufacturer CAS 2695-37-6 supplier.\" \/>\n<meta property=\"og:url\" content=\"https:\/\/longchangchemical.com\/de\/product\/sodium-p-styrenesulfonate-cas-2695-37-6\/\" \/>\n<meta property=\"og:site_name\" content=\"Longchang Chemical\" \/>\n<meta property=\"article:modified_time\" content=\"2026-05-08T02:59:46+00:00\" \/>\n<meta property=\"og:image\" content=\"https:\/\/longchangchemical.com\/wp-content\/uploads\/2024\/02\/logo-jpeg.jpg\" \/>\n\t<meta property=\"og:image:width\" content=\"1000\" \/>\n\t<meta property=\"og:image:height\" content=\"1000\" \/>\n\t<meta property=\"og:image:type\" content=\"image\/jpeg\" \/>\n<meta name=\"twitter:card\" content=\"summary_large_image\" \/>\n<script type=\"application\/ld+json\" class=\"yoast-schema-graph\">{\"@context\":\"https:\/\/schema.org\",\"@graph\":[{\"@type\":\"WebPage\",\"@id\":\"https:\/\/longchangchemical.com\/product\/sodium-p-styrenesulfonate-cas-2695-37-6\/\",\"url\":\"https:\/\/longchangchemical.com\/product\/sodium-p-styrenesulfonate-cas-2695-37-6\/\",\"name\":\"China sodium p-styrenesulfonate Manufacturer CAS 2695-37-6 supplier - Longchang Chemical\",\"isPartOf\":{\"@id\":\"https:\/\/longchangchemical.com\/#website\"},\"datePublished\":\"2022-08-27T13:48:48+00:00\",\"dateModified\":\"2026-05-08T02:59:46+00:00\",\"description\":\"Longchang Chemical is China sodium p-styrenesulfonate Manufacturer CAS 2695-37-6 supplier.\",\"breadcrumb\":{\"@id\":\"https:\/\/longchangchemical.com\/product\/sodium-p-styrenesulfonate-cas-2695-37-6\/#breadcrumb\"},\"inLanguage\":\"de\",\"potentialAction\":[{\"@type\":\"ReadAction\",\"target\":[\"https:\/\/longchangchemical.com\/product\/sodium-p-styrenesulfonate-cas-2695-37-6\/\"]}]},{\"@type\":\"BreadcrumbList\",\"@id\":\"https:\/\/longchangchemical.com\/product\/sodium-p-styrenesulfonate-cas-2695-37-6\/#breadcrumb\",\"itemListElement\":[{\"@type\":\"ListItem\",\"position\":1,\"name\":\"Home\",\"item\":\"https:\/\/longchangchemical.com\/\"},{\"@type\":\"ListItem\",\"position\":2,\"name\":\"Products Longchang\",\"item\":\"https:\/\/longchangchemical.com\/product\/\"},{\"@type\":\"ListItem\",\"position\":3,\"name\":\"sodium p-styrenesulfonate CAS 2695-37-6\"}]},{\"@type\":\"WebSite\",\"@id\":\"https:\/\/longchangchemical.com\/#website\",\"url\":\"https:\/\/longchangchemical.com\/\",\"name\":\"Longchang Chemical\",\"description\":\"China chemical manufacturer \uff06 supplier\",\"publisher\":{\"@id\":\"https:\/\/longchangchemical.com\/#organization\"},\"potentialAction\":[{\"@type\":\"SearchAction\",\"target\":{\"@type\":\"EntryPoint\",\"urlTemplate\":\"https:\/\/longchangchemical.com\/?s={search_term_string}\"},\"query-input\":{\"@type\":\"PropertyValueSpecification\",\"valueRequired\":true,\"valueName\":\"search_term_string\"}}],\"inLanguage\":\"de\"},{\"@type\":\"Organization\",\"@id\":\"https:\/\/longchangchemical.com\/#organization\",\"name\":\"Longchang Chemical\",\"url\":\"https:\/\/longchangchemical.com\/\",\"logo\":{\"@type\":\"ImageObject\",\"inLanguage\":\"de\",\"@id\":\"https:\/\/longchangchemical.com\/#\/schema\/logo\/image\/\",\"url\":\"https:\/\/longchangchemical.com\/wp-content\/uploads\/2020\/08\/cropped-longchang-logo.png\",\"contentUrl\":\"https:\/\/longchangchemical.com\/wp-content\/uploads\/2020\/08\/cropped-longchang-logo.png\",\"width\":512,\"height\":512,\"caption\":\"Longchang Chemical\"},\"image\":{\"@id\":\"https:\/\/longchangchemical.com\/#\/schema\/logo\/image\/\"}}]}<\/script>\n<!-- \/ Yoast SEO plugin. -->","yoast_head_json":{"title":"China Natrium p-Styrolsulfonat Hersteller CAS 2695-37-6 Lieferant - Longchang Chemical","description":"Longchang Chemical ist China Natrium p-Styrolsulfonat Hersteller CAS 2695-37-6 Lieferant.","robots":{"index":"index","follow":"follow","max-snippet":"max-snippet:-1","max-image-preview":"max-image-preview:large","max-video-preview":"max-video-preview:-1"},"canonical":"https:\/\/longchangchemical.com\/de\/product\/sodium-p-styrenesulfonate-cas-2695-37-6\/","og_locale":"de_DE","og_type":"article","og_title":"China sodium p-styrenesulfonate Manufacturer CAS 2695-37-6 supplier - Longchang Chemical","og_description":"Longchang Chemical is China sodium p-styrenesulfonate Manufacturer CAS 2695-37-6 supplier.","og_url":"https:\/\/longchangchemical.com\/de\/product\/sodium-p-styrenesulfonate-cas-2695-37-6\/","og_site_name":"Longchang Chemical","article_modified_time":"2026-05-08T02:59:46+00:00","og_image":[{"width":1000,"height":1000,"url":"https:\/\/longchangchemical.com\/wp-content\/uploads\/2024\/02\/logo-jpeg.jpg","type":"image\/jpeg"}],"twitter_card":"summary_large_image","schema":{"@context":"https:\/\/schema.org","@graph":[{"@type":"WebPage","@id":"https:\/\/longchangchemical.com\/product\/sodium-p-styrenesulfonate-cas-2695-37-6\/","url":"https:\/\/longchangchemical.com\/product\/sodium-p-styrenesulfonate-cas-2695-37-6\/","name":"China Natrium p-Styrolsulfonat Hersteller CAS 2695-37-6 Lieferant - Longchang Chemical","isPartOf":{"@id":"https:\/\/longchangchemical.com\/#website"},"datePublished":"2022-08-27T13:48:48+00:00","dateModified":"2026-05-08T02:59:46+00:00","description":"Longchang Chemical ist China Natrium p-Styrolsulfonat Hersteller CAS 2695-37-6 Lieferant.","breadcrumb":{"@id":"https:\/\/longchangchemical.com\/product\/sodium-p-styrenesulfonate-cas-2695-37-6\/#breadcrumb"},"inLanguage":"de","potentialAction":[{"@type":"ReadAction","target":["https:\/\/longchangchemical.com\/product\/sodium-p-styrenesulfonate-cas-2695-37-6\/"]}]},{"@type":"BreadcrumbList","@id":"https:\/\/longchangchemical.com\/product\/sodium-p-styrenesulfonate-cas-2695-37-6\/#breadcrumb","itemListElement":[{"@type":"ListItem","position":1,"name":"Home","item":"https:\/\/longchangchemical.com\/"},{"@type":"ListItem","position":2,"name":"Products Longchang","item":"https:\/\/longchangchemical.com\/product\/"},{"@type":"ListItem","position":3,"name":"sodium p-styrenesulfonate CAS 2695-37-6"}]},{"@type":"WebSite","@id":"https:\/\/longchangchemical.com\/#website","url":"https:\/\/longchangchemical.com\/","name":"Longchang Chemical","description":"China Hersteller von Chemikalien \uff06 Lieferant","publisher":{"@id":"https:\/\/longchangchemical.com\/#organization"},"potentialAction":[{"@type":"SearchAction","target":{"@type":"EntryPoint","urlTemplate":"https:\/\/longchangchemical.com\/?s={search_term_string}"},"query-input":{"@type":"PropertyValueSpecification","valueRequired":true,"valueName":"search_term_string"}}],"inLanguage":"de"},{"@type":"Organization","@id":"https:\/\/longchangchemical.com\/#organization","name":"Longchang Chemical","url":"https:\/\/longchangchemical.com\/","logo":{"@type":"ImageObject","inLanguage":"de","@id":"https:\/\/longchangchemical.com\/#\/schema\/logo\/image\/","url":"https:\/\/longchangchemical.com\/wp-content\/uploads\/2020\/08\/cropped-longchang-logo.png","contentUrl":"https:\/\/longchangchemical.com\/wp-content\/uploads\/2020\/08\/cropped-longchang-logo.png","width":512,"height":512,"caption":"Longchang Chemical"},"image":{"@id":"https:\/\/longchangchemical.com\/#\/schema\/logo\/image\/"}}]}},"_links":{"self":[{"href":"https:\/\/longchangchemical.com\/de\/wp-json\/wp\/v2\/product\/3919","targetHints":{"allow":["GET"]}}],"collection":[{"href":"https:\/\/longchangchemical.com\/de\/wp-json\/wp\/v2\/product"}],"about":[{"href":"https:\/\/longchangchemical.com\/de\/wp-json\/wp\/v2\/types\/product"}],"replies":[{"embeddable":true,"href":"https:\/\/longchangchemical.com\/de\/wp-json\/wp\/v2\/comments?post=3919"}],"wp:attachment":[{"href":"https:\/\/longchangchemical.com\/de\/wp-json\/wp\/v2\/media?parent=3919"}],"wp:term":[{"taxonomy":"product_brand","embeddable":true,"href":"https:\/\/longchangchemical.com\/de\/wp-json\/wp\/v2\/product_brand?post=3919"},{"taxonomy":"product_cat","embeddable":true,"href":"https:\/\/longchangchemical.com\/de\/wp-json\/wp\/v2\/product_cat?post=3919"},{"taxonomy":"product_tag","embeddable":true,"href":"https:\/\/longchangchemical.com\/de\/wp-json\/wp\/v2\/product_tag?post=3919"}],"curies":[{"name":"wp","href":"https:\/\/api.w.org\/{rel}","templated":true}]}}