{"id":3831,"date":"2021-03-16T13:20:17","date_gmt":"2021-03-16T13:20:17","guid":{"rendered":"https:\/\/longchangchemical.com\/?post_type=product&#038;p=3831"},"modified":"2026-05-08T02:59:33","modified_gmt":"2026-05-08T02:59:33","slug":"tetrapropylammonium-hydroxide","status":"publish","type":"product","link":"https:\/\/longchangchemical.com\/de\/product\/tetrapropylammonium-hydroxide\/","title":{"rendered":"Tetrapropylammoniumhydroxid CAS 4499-86-9"},"content":{"rendered":"<h2><strong>Tetrapropylammoniumhydroxid CAS 4499-86-9<\/strong><\/h2>\n<table class=\"table-1\">\n<tbody>\n<tr>\n<td valign=\"top\" width=\"647\">\n<h4>Artikel<\/h4>\n<\/td>\n<td valign=\"top\" width=\"647\">\n<h4>Spezifikation<\/h4>\n<\/td>\n<\/tr>\n<tr>\n<td valign=\"top\" width=\"647\">\n<h4>Erscheinungsbild<\/h4>\n<\/td>\n<td valign=\"top\" width=\"647\">\n<h4>Farblose transparente Fl\u00fcssigkeit<\/h4>\n<\/td>\n<\/tr>\n<tr>\n<td valign=\"top\" width=\"647\">\n<h4>Assay (%)<\/h4>\n<\/td>\n<td valign=\"top\" width=\"647\">\n<h4>25\u00b10.5<\/h4>\n<\/td>\n<\/tr>\n<tr>\n<td valign=\"top\" width=\"647\">\n<h4>Karbonat (%)<\/h4>\n<\/td>\n<td valign=\"top\" width=\"647\">\n<h4>\u22640.1<\/h4>\n<\/td>\n<\/tr>\n<tr>\n<td valign=\"top\" width=\"647\">\n<h4>Brom(ppm)<\/h4>\n<\/td>\n<td valign=\"top\" width=\"647\">\n<h4>\u2264100<\/h4>\n<\/td>\n<\/tr>\n<tr>\n<td valign=\"top\" width=\"647\">\n<h4>K(ppm)<\/h4>\n<\/td>\n<td valign=\"top\" width=\"647\">\n<h4>\u22645<\/h4>\n<\/td>\n<\/tr>\n<tr>\n<td valign=\"top\" width=\"647\">\n<h4>Na (ppm)<\/h4>\n<\/td>\n<td valign=\"top\" width=\"647\">\n<h4>\u22645<\/h4>\n<\/td>\n<\/tr>\n<tr>\n<td valign=\"top\" width=\"647\">\n<h4>APHA-Farbe<\/h4>\n<\/td>\n<td valign=\"top\" width=\"647\">\n<h4>\u226420<\/h4>\n<\/td>\n<\/tr>\n<\/tbody>\n<\/table>\n<p>&nbsp;<\/p>\n<h2><strong>Tetrapropylammoniumhydroxid Verwendung<\/strong><\/h2>\n<h4>1. Bei der Synthese von zsm-5 wird Tetrapropylammoniumhydroxid zugesetzt, das als Alkaliquelle oder als Vorlage dienen kann.<\/h4>\n<h4>2. Dieses Produkt kann f\u00fcr Titrationsexperimente verwendet werden.<\/h4>\n<h4>3. Dieses Produkt kann Zeolith synthetisieren.<\/h4>\n<h4>4. Dieses Produkt kann f\u00fcr polarographische Analyseversuche verwendet werden.<\/h4>\n<p>&nbsp;<\/p>\n<h2><strong>Tetrapropylammoniumhydroxid Verpackung und Versand<\/strong><\/h2>\n<h4>1000KG IBC-Beh\u00e4lter oder als kundenspezifisches Paket.<\/h4>\n<p>&nbsp;<\/p>\n<h2><strong>Tetrapropylammoniumhydroxid Lagerung<\/strong><\/h2>\n<h4>Gesch\u00fctzter, trockener, dunkler Ort f\u00fcr die Lagerung.<\/h4>\n<p>&nbsp;<\/p>\n<h2><strong>Produkte der gleichen Serie<\/strong><\/h2>\n<table style=\"border-collapse: collapse; width: 312.02pt;\" border=\"0\" width=\"416\" cellspacing=\"0\" cellpadding=\"0\">\n<tbody>\n<tr style=\"height: 81.00pt;\">\n<td class=\"et2\" style=\"height: 81.00pt; width: 201.75pt;\" width=\"269\" height=\"108\">\n<h4><strong>Tetrapropylammoniumhydroxid<\/strong><\/h4>\n<\/td>\n<td class=\"et2\" style=\"width: 110.25pt;\" width=\"147\">\n<h4><strong>4499-86-9<\/strong><\/h4>\n<\/td>\n<\/tr>\n<tr style=\"height: 81.00pt;\">\n<td class=\"et3\" style=\"height: 81.00pt; width: 201.75pt;\" width=\"269\" height=\"108\">\n<h4><a href=\"https:\/\/longchangchemical.com\/de\/product\/tetrabutylammonium-hydroxide\/\"><span style=\"color: #3366ff;\"><strong>Tetrabutylammoniumhydroxid<\/strong><\/span><\/a><\/h4>\n<\/td>\n<td class=\"et3\" style=\"width: 110.25pt;\" width=\"147\">\n<h4><a href=\"https:\/\/longchangchemical.com\/de\/product\/tetrabutylammonium-hydroxide\/\"><span style=\"color: #3366ff;\"><strong>2052-49-5<\/strong><\/span><\/a><\/h4>\n<\/td>\n<\/tr>\n<\/tbody>\n<\/table>\n<p>&nbsp;<\/p>\n<h2><strong><b>Kontaktieren Sie uns jetzt!<\/b><\/strong><\/h2>\n<h4><strong><b>Wir bieten ma\u00dfgeschneiderte Dienstleistungen an und werden Sie in der Regel innerhalb von 24 Stunden kontaktieren. Sie k\u00f6nnen auch eine E-Mail an info@longchangchemical.com w\u00e4hrend der Arbeitszeiten (8:30 bis 18:00 Uhr UTC+8 Mo.~Sa.) senden oder den Live-Chat der Website nutzen, um eine schnelle Antwort zu erhalten.<\/b><\/strong><\/h4>","protected":false},"excerpt":{"rendered":"<h4>Produktname\uff1aTetrapropylammoniumhydroxid<\/h4>\n<h4>CAS-Nr.:4499-86-9<\/h4>\n<h4>Molekulare Formel\uff1aC12H29NO<\/h4>\n<h4>Molekulargewicht\uff1a203.36<\/h4>\n<h4>Aussehen:Farblose transparente Fl\u00fcssigkeit, keine sichtbaren Verunreinigungen<\/h4>\n<h4>Assay\uff1a99.5%min<\/h4>","protected":false},"featured_media":4436,"comment_status":"open","ping_status":"closed","template":"","meta":[],"product_brand":[],"product_cat":[69],"product_tag":[],"class_list":{"0":"post-3831","1":"product","2":"type-product","3":"status-publish","4":"has-post-thumbnail","6":"product_cat-catalysts-chemical-auxiliary-agents","8":"first","9":"instock","10":"shipping-taxable","11":"product-type-simple"},"yoast_head":"<!-- This site is optimized with the Yoast SEO plugin v25.3.1 - https:\/\/yoast.com\/wordpress\/plugins\/seo\/ -->\n<title>China Tetrapropylammonium hydroxide CAS 4499-86-9 Manufacturer \uff06 Supplier - Longchang chemical Co., Ltd.<\/title>\n<meta name=\"description\" content=\"Longchang Chemical is a leading manufacturer and supplier of Tetrapropylammonium hydroxide CAS 4499-86-9 in China. Buy Tetrapropylammonium hydroxide in china. We can provide the best Tetrapropylammonium hydroxide price.\" \/>\n<meta name=\"robots\" content=\"index, follow, max-snippet:-1, max-image-preview:large, max-video-preview:-1\" \/>\n<link rel=\"canonical\" href=\"https:\/\/longchangchemical.com\/de\/product\/tetrapropylammonium-hydroxide\/\" \/>\n<meta property=\"og:locale\" content=\"de_DE\" \/>\n<meta property=\"og:type\" content=\"article\" \/>\n<meta property=\"og:title\" content=\"China Tetrapropylammonium hydroxide CAS 4499-86-9 Manufacturer \uff06 Supplier - Longchang chemical Co., Ltd.\" \/>\n<meta property=\"og:description\" content=\"Longchang Chemical is a leading manufacturer and supplier of Tetrapropylammonium hydroxide CAS 4499-86-9 in China. Buy Tetrapropylammonium hydroxide in china. We can provide the best Tetrapropylammonium hydroxide price.\" \/>\n<meta property=\"og:url\" content=\"https:\/\/longchangchemical.com\/de\/product\/tetrapropylammonium-hydroxide\/\" \/>\n<meta property=\"og:site_name\" content=\"Longchang Chemical\" \/>\n<meta property=\"article:modified_time\" content=\"2026-05-08T02:59:33+00:00\" \/>\n<meta property=\"og:image\" content=\"https:\/\/longchangchemical.com\/wp-content\/uploads\/2021\/01\/Appearance-13.jpg\" \/>\n\t<meta property=\"og:image:width\" content=\"600\" \/>\n\t<meta property=\"og:image:height\" content=\"800\" \/>\n\t<meta property=\"og:image:type\" content=\"image\/jpeg\" \/>\n<meta name=\"twitter:card\" content=\"summary_large_image\" \/>\n<script type=\"application\/ld+json\" class=\"yoast-schema-graph\">{\"@context\":\"https:\/\/schema.org\",\"@graph\":[{\"@type\":\"WebPage\",\"@id\":\"https:\/\/longchangchemical.com\/product\/tetrapropylammonium-hydroxide\/\",\"url\":\"https:\/\/longchangchemical.com\/product\/tetrapropylammonium-hydroxide\/\",\"name\":\"China Tetrapropylammonium hydroxide CAS 4499-86-9 Manufacturer \uff06 Supplier - Longchang chemical Co., Ltd.\",\"isPartOf\":{\"@id\":\"https:\/\/longchangchemical.com\/#website\"},\"primaryImageOfPage\":{\"@id\":\"https:\/\/longchangchemical.com\/product\/tetrapropylammonium-hydroxide\/#primaryimage\"},\"image\":{\"@id\":\"https:\/\/longchangchemical.com\/product\/tetrapropylammonium-hydroxide\/#primaryimage\"},\"thumbnailUrl\":\"https:\/\/longchangchemical.com\/wp-content\/uploads\/2021\/01\/Appearance-13.jpg\",\"datePublished\":\"2021-03-16T13:20:17+00:00\",\"dateModified\":\"2026-05-08T02:59:33+00:00\",\"description\":\"Longchang Chemical is a leading manufacturer and supplier of Tetrapropylammonium hydroxide CAS 4499-86-9 in China. Buy Tetrapropylammonium hydroxide in china. We can provide the best Tetrapropylammonium hydroxide price.\",\"breadcrumb\":{\"@id\":\"https:\/\/longchangchemical.com\/product\/tetrapropylammonium-hydroxide\/#breadcrumb\"},\"inLanguage\":\"de\",\"potentialAction\":[{\"@type\":\"ReadAction\",\"target\":[\"https:\/\/longchangchemical.com\/product\/tetrapropylammonium-hydroxide\/\"]}]},{\"@type\":\"ImageObject\",\"inLanguage\":\"de\",\"@id\":\"https:\/\/longchangchemical.com\/product\/tetrapropylammonium-hydroxide\/#primaryimage\",\"url\":\"https:\/\/longchangchemical.com\/wp-content\/uploads\/2021\/01\/Appearance-13.jpg\",\"contentUrl\":\"https:\/\/longchangchemical.com\/wp-content\/uploads\/2021\/01\/Appearance-13.jpg\",\"width\":600,\"height\":800,\"caption\":\"Appearance\"},{\"@type\":\"BreadcrumbList\",\"@id\":\"https:\/\/longchangchemical.com\/product\/tetrapropylammonium-hydroxide\/#breadcrumb\",\"itemListElement\":[{\"@type\":\"ListItem\",\"position\":1,\"name\":\"Home\",\"item\":\"https:\/\/longchangchemical.com\/\"},{\"@type\":\"ListItem\",\"position\":2,\"name\":\"Products Longchang\",\"item\":\"https:\/\/longchangchemical.com\/product\/\"},{\"@type\":\"ListItem\",\"position\":3,\"name\":\"Tetrapropylammonium hydroxide CAS 4499-86-9\"}]},{\"@type\":\"WebSite\",\"@id\":\"https:\/\/longchangchemical.com\/#website\",\"url\":\"https:\/\/longchangchemical.com\/\",\"name\":\"Longchang Chemical\",\"description\":\"China chemical manufacturer \uff06 supplier\",\"publisher\":{\"@id\":\"https:\/\/longchangchemical.com\/#organization\"},\"potentialAction\":[{\"@type\":\"SearchAction\",\"target\":{\"@type\":\"EntryPoint\",\"urlTemplate\":\"https:\/\/longchangchemical.com\/?s={search_term_string}\"},\"query-input\":{\"@type\":\"PropertyValueSpecification\",\"valueRequired\":true,\"valueName\":\"search_term_string\"}}],\"inLanguage\":\"de\"},{\"@type\":\"Organization\",\"@id\":\"https:\/\/longchangchemical.com\/#organization\",\"name\":\"Longchang Chemical\",\"url\":\"https:\/\/longchangchemical.com\/\",\"logo\":{\"@type\":\"ImageObject\",\"inLanguage\":\"de\",\"@id\":\"https:\/\/longchangchemical.com\/#\/schema\/logo\/image\/\",\"url\":\"https:\/\/longchangchemical.com\/wp-content\/uploads\/2020\/08\/cropped-longchang-logo.png\",\"contentUrl\":\"https:\/\/longchangchemical.com\/wp-content\/uploads\/2020\/08\/cropped-longchang-logo.png\",\"width\":512,\"height\":512,\"caption\":\"Longchang Chemical\"},\"image\":{\"@id\":\"https:\/\/longchangchemical.com\/#\/schema\/logo\/image\/\"}}]}<\/script>\n<!-- \/ Yoast SEO plugin. -->","yoast_head_json":{"title":"China Tetrapropylammoniumhydroxid CAS 4499-86-9 Hersteller \uff06 Lieferant - Longchang chemical Co., Ltd.","description":"Longchang Chemical ist ein f\u00fchrender Hersteller und Lieferant von Tetrapropylammoniumhydroxid CAS 4499-86-9 in China. Kaufen Sie Tetrapropylammoniumhydroxid in China. Wir k\u00f6nnen die besten Tetrapropylammoniumhydroxid Preis bieten.","robots":{"index":"index","follow":"follow","max-snippet":"max-snippet:-1","max-image-preview":"max-image-preview:large","max-video-preview":"max-video-preview:-1"},"canonical":"https:\/\/longchangchemical.com\/de\/product\/tetrapropylammonium-hydroxide\/","og_locale":"de_DE","og_type":"article","og_title":"China Tetrapropylammonium hydroxide CAS 4499-86-9 Manufacturer \uff06 Supplier - Longchang chemical Co., Ltd.","og_description":"Longchang Chemical is a leading manufacturer and supplier of Tetrapropylammonium hydroxide CAS 4499-86-9 in China. Buy Tetrapropylammonium hydroxide in china. We can provide the best Tetrapropylammonium hydroxide price.","og_url":"https:\/\/longchangchemical.com\/de\/product\/tetrapropylammonium-hydroxide\/","og_site_name":"Longchang Chemical","article_modified_time":"2026-05-08T02:59:33+00:00","og_image":[{"width":600,"height":800,"url":"https:\/\/longchangchemical.com\/wp-content\/uploads\/2021\/01\/Appearance-13.jpg","type":"image\/jpeg"}],"twitter_card":"summary_large_image","schema":{"@context":"https:\/\/schema.org","@graph":[{"@type":"WebPage","@id":"https:\/\/longchangchemical.com\/product\/tetrapropylammonium-hydroxide\/","url":"https:\/\/longchangchemical.com\/product\/tetrapropylammonium-hydroxide\/","name":"China Tetrapropylammoniumhydroxid CAS 4499-86-9 Hersteller \uff06 Lieferant - Longchang chemical Co., Ltd.","isPartOf":{"@id":"https:\/\/longchangchemical.com\/#website"},"primaryImageOfPage":{"@id":"https:\/\/longchangchemical.com\/product\/tetrapropylammonium-hydroxide\/#primaryimage"},"image":{"@id":"https:\/\/longchangchemical.com\/product\/tetrapropylammonium-hydroxide\/#primaryimage"},"thumbnailUrl":"https:\/\/longchangchemical.com\/wp-content\/uploads\/2021\/01\/Appearance-13.jpg","datePublished":"2021-03-16T13:20:17+00:00","dateModified":"2026-05-08T02:59:33+00:00","description":"Longchang Chemical ist ein f\u00fchrender Hersteller und Lieferant von Tetrapropylammoniumhydroxid CAS 4499-86-9 in China. Kaufen Sie Tetrapropylammoniumhydroxid in China. Wir k\u00f6nnen die besten Tetrapropylammoniumhydroxid Preis bieten.","breadcrumb":{"@id":"https:\/\/longchangchemical.com\/product\/tetrapropylammonium-hydroxide\/#breadcrumb"},"inLanguage":"de","potentialAction":[{"@type":"ReadAction","target":["https:\/\/longchangchemical.com\/product\/tetrapropylammonium-hydroxide\/"]}]},{"@type":"ImageObject","inLanguage":"de","@id":"https:\/\/longchangchemical.com\/product\/tetrapropylammonium-hydroxide\/#primaryimage","url":"https:\/\/longchangchemical.com\/wp-content\/uploads\/2021\/01\/Appearance-13.jpg","contentUrl":"https:\/\/longchangchemical.com\/wp-content\/uploads\/2021\/01\/Appearance-13.jpg","width":600,"height":800,"caption":"Appearance"},{"@type":"BreadcrumbList","@id":"https:\/\/longchangchemical.com\/product\/tetrapropylammonium-hydroxide\/#breadcrumb","itemListElement":[{"@type":"ListItem","position":1,"name":"Home","item":"https:\/\/longchangchemical.com\/"},{"@type":"ListItem","position":2,"name":"Products Longchang","item":"https:\/\/longchangchemical.com\/product\/"},{"@type":"ListItem","position":3,"name":"Tetrapropylammonium hydroxide CAS 4499-86-9"}]},{"@type":"WebSite","@id":"https:\/\/longchangchemical.com\/#website","url":"https:\/\/longchangchemical.com\/","name":"Longchang Chemical","description":"China Hersteller von Chemikalien \uff06 Lieferant","publisher":{"@id":"https:\/\/longchangchemical.com\/#organization"},"potentialAction":[{"@type":"SearchAction","target":{"@type":"EntryPoint","urlTemplate":"https:\/\/longchangchemical.com\/?s={search_term_string}"},"query-input":{"@type":"PropertyValueSpecification","valueRequired":true,"valueName":"search_term_string"}}],"inLanguage":"de"},{"@type":"Organization","@id":"https:\/\/longchangchemical.com\/#organization","name":"Longchang Chemical","url":"https:\/\/longchangchemical.com\/","logo":{"@type":"ImageObject","inLanguage":"de","@id":"https:\/\/longchangchemical.com\/#\/schema\/logo\/image\/","url":"https:\/\/longchangchemical.com\/wp-content\/uploads\/2020\/08\/cropped-longchang-logo.png","contentUrl":"https:\/\/longchangchemical.com\/wp-content\/uploads\/2020\/08\/cropped-longchang-logo.png","width":512,"height":512,"caption":"Longchang Chemical"},"image":{"@id":"https:\/\/longchangchemical.com\/#\/schema\/logo\/image\/"}}]}},"_links":{"self":[{"href":"https:\/\/longchangchemical.com\/de\/wp-json\/wp\/v2\/product\/3831","targetHints":{"allow":["GET"]}}],"collection":[{"href":"https:\/\/longchangchemical.com\/de\/wp-json\/wp\/v2\/product"}],"about":[{"href":"https:\/\/longchangchemical.com\/de\/wp-json\/wp\/v2\/types\/product"}],"replies":[{"embeddable":true,"href":"https:\/\/longchangchemical.com\/de\/wp-json\/wp\/v2\/comments?post=3831"}],"wp:featuredmedia":[{"embeddable":true,"href":"https:\/\/longchangchemical.com\/de\/wp-json\/wp\/v2\/media\/4436"}],"wp:attachment":[{"href":"https:\/\/longchangchemical.com\/de\/wp-json\/wp\/v2\/media?parent=3831"}],"wp:term":[{"taxonomy":"product_brand","embeddable":true,"href":"https:\/\/longchangchemical.com\/de\/wp-json\/wp\/v2\/product_brand?post=3831"},{"taxonomy":"product_cat","embeddable":true,"href":"https:\/\/longchangchemical.com\/de\/wp-json\/wp\/v2\/product_cat?post=3831"},{"taxonomy":"product_tag","embeddable":true,"href":"https:\/\/longchangchemical.com\/de\/wp-json\/wp\/v2\/product_tag?post=3831"}],"curies":[{"name":"wp","href":"https:\/\/api.w.org\/{rel}","templated":true}]}}