{"id":3819,"date":"2022-12-07T13:39:00","date_gmt":"2022-12-07T13:39:00","guid":{"rendered":"https:\/\/longchangchemical.com\/?post_type=product&#038;p=3819"},"modified":"2026-05-08T02:59:49","modified_gmt":"2026-05-08T02:59:49","slug":"syncat-dmcha-cas-98-94-2","status":"publish","type":"product","link":"https:\/\/longchangchemical.com\/de\/product\/syncat-dmcha-cas-98-94-2\/","title":{"rendered":"DMCHA (PC-8) \/ n,n-Dimethylcyclohexylamin CAS 98-94-2"},"content":{"rendered":"<h2><strong>DMCHA (PC-8) \/ n,n-Dimethylcyclohexylamin CAS 98-94-2<\/strong><\/h2>\n<table class=\"table-1\" cellspacing=\"0\">\n<tbody>\n<tr>\n<td>Artikel<\/td>\n<td>Spezifikationen<\/td>\n<\/tr>\n<tr>\n<td>Erscheinungsbild<\/td>\n<td>Farblose Fl\u00fcssigkeit<\/td>\n<\/tr>\n<tr>\n<td>Assay<\/td>\n<td>\u226599 %<\/td>\n<\/tr>\n<tr>\n<td>Luftfeuchtigkeit<\/td>\n<td>\u22640,5%<\/td>\n<\/tr>\n<tr>\n<td>Dichte<\/td>\n<td>0,85 g\/cm\u00b3<\/td>\n<\/tr>\n<tr>\n<td>Flammpunkt<\/td>\n<td>38,00 \u00b0C @ 1 013,25 hPa<\/td>\n<\/tr>\n<tr>\n<td>Log\/Pow<\/td>\n<td>2.01 @ 25 \u00b0C<\/td>\n<\/tr>\n<tr>\n<td>L\u00f6slichkeit in Wasser<\/td>\n<td>10,5 g\/L @ 25 \u00b0C<\/td>\n<\/tr>\n<tr>\n<td>Dampfdruck<\/td>\n<td>2,90 hPa @ 20 \u00b0C<\/td>\n<\/tr>\n<\/tbody>\n<\/table>\n<p>&nbsp;<\/p>\n<p><strong>N,N-Dimethylcyclohexylamin Beschreibung<\/strong><\/p>\n<p>PC-8 ist ein terti\u00e4res Amin, das haupts\u00e4chlich zur F\u00f6rderung der Urethanreaktion (Polyol-Isocyanat) in einer Vielzahl von Hartschaumanwendungen eingesetzt wird.<\/p>\n<p>Verpackung: 200 l\/Fass.<\/p>\n<p>&nbsp;<\/p>\n<p><strong>N,N-Dimethylcyclohexylamin Verwendung<\/strong><\/p>\n<p>1. PC-8 wird f\u00fcr die Bewertung einer breiten Palette von Hartschaumstoffen empfohlen. Eine Hauptanwendung sind Isoliersch\u00e4ume, einschlie\u00dflich Spr\u00fch-, Blockschaum-, Plattenlaminat- und K\u00e4ltetechnik-Formulierungen. NT CAT PC-8 wird auch bei der Herstellung von M\u00f6belrahmen und dekorativen Teilen aus Hartschaum verwendet. Es kann mit dem Polyol gemischt oder als separater Strom dosiert werden.<\/p>\n<p>2. DMCHA kann in einer breiten Palette von Hartschaumstoffen verwendet werden. Eine der Hauptanwendungen ist Isolierschaum, einschlie\u00dflich Formulierungen f\u00fcr Sprays, Platten, Laminate und K\u00fchlr\u00e4ume. N,N-Dimethylcyclohexylamin eignet sich auch f\u00fcr die Herstellung von M\u00f6belrahmen und Dekorationsteilen aus Hartschaum. Der in Hartschaumprodukten verwendete Katalysator kann als Hauptkatalysator allein ohne Zusatz von Zinnorganismen verwendet werden, er kann aber auch je nach Prozess- und Produktanforderungen durch Katalysatoren der JD-Serie erg\u00e4nzt werden. Dieses Produkt wird auch als Zwischenprodukt f\u00fcr Gummibeschleuniger und synthetische Fasern verwendet.<\/p>\n<p>&nbsp;<\/p>\n<p><strong>N,N-DimethylcyclohexylaminLagerung<\/strong><\/p>\n<p>In einem k\u00fchlen, bel\u00fcfteten Lagerhaus aufbewahren. Von Feuer und W\u00e4rmequellen fernhalten. Den Beh\u00e4lter verschlossen halten.<\/p>\n<p>&nbsp;<\/p>\n<h2><strong><b>Kontaktieren Sie uns jetzt!<\/b><\/strong><\/h2>\n<h4><strong><b>Wenn Sie COA, MSDS oder TDS ben\u00f6tigen, geben Sie bitte Ihre Kontaktinformationen in das untenstehende Formular ein. Wir werden uns in der Regel innerhalb von 24 Stunden mit Ihnen in Verbindung setzen.<\/b><\/strong> Sie k\u00f6nnen mir auch eine E-Mail schicken <a href=\"mailto:info@longchangchemical.com\"><span style=\"color: #0000ff;\">info@longchangchemical.com<\/span><\/a> w\u00e4hrend der Gesch\u00e4ftszeiten ( 8:30 bis 18:00 Uhr UTC+8 Mo.~Sa. ) oder nutzen Sie den Live-Chat auf der Website, um eine schnelle Antwort zu erhalten.<\/h4>","protected":false},"excerpt":{"rendered":"<p>Produktname:N,N-Dimethylcyclohexylamin<\/p>\n<p>AndereName:DMCHA;POLYCAT 8;Dimethylcyclohexylamin;LupragenN101;TEGOAMIN DMCHA;JEFFCAT DMCHA;DABCO DMCHA;KAOLIZER 10;TOYOCAT DMCHA;NIAX C-8;KAOLIZER 10;PCCAT DMCHA;DESMORAPID 726-B;AminCat DMCHA<\/p>\n<p>CAS-Nr.: 98-94-2<\/p>\n<p>Molekulare Formel: C8H17N<\/p>\n<p>Molekulargewicht:127.23<\/p>\n<p>N,N-DimethylcyclohexylaminStruktur:<img decoding=\"async\" title=\"N,N-Dimethylcyclohexylamin Struktur\" src=\"https:\/\/www.longchangchemical.com\/wp-content\/uploads\/product-details\/20200611108565.png\" alt=\"N,N-Dimethylcyclohexylamin Struktur\" width=\"75\" height=\"41\" border=\"0\" vspace=\"0\" \/><\/p>\n<p>\u00c4u\u00dferes Erscheinungsbild: Farblose Fl\u00fcssigkeit<\/p>\n<p>Pr\u00fcfung: \u226599 %<\/p>","protected":false},"featured_media":5918,"comment_status":"open","ping_status":"closed","template":"","meta":[],"product_brand":[],"product_cat":[119],"product_tag":[],"class_list":{"0":"post-3819","1":"product","2":"type-product","3":"status-publish","4":"has-post-thumbnail","6":"product_cat-synocat-polyurethane-catalyst","8":"first","9":"instock","10":"shipping-taxable","11":"product-type-simple"},"yoast_head":"<!-- This site is optimized with the Yoast SEO plugin v25.3.1 - https:\/\/yoast.com\/wordpress\/plugins\/seo\/ -->\n<title>PU Catalyst DMCHA \/N,N-Dimethylcyclohexylamine Manufacturer Cas 98-94-2 supplier - Longchang Chemical<\/title>\n<meta name=\"description\" content=\"DMCHA (REACH covered) can be used as PU Catalyst and is the key product of Longchang Chemical. We are the leading PU Catalyst manufacturer and supplier in China with the best quanlity and competitive price.\" \/>\n<meta name=\"robots\" content=\"index, follow, max-snippet:-1, max-image-preview:large, max-video-preview:-1\" \/>\n<link rel=\"canonical\" href=\"https:\/\/longchangchemical.com\/de\/product\/syncat-dmcha-cas-98-94-2\/\" \/>\n<meta property=\"og:locale\" content=\"de_DE\" \/>\n<meta property=\"og:type\" content=\"article\" \/>\n<meta property=\"og:title\" content=\"PU Catalyst DMCHA \/N,N-Dimethylcyclohexylamine Manufacturer Cas 98-94-2 supplier - Longchang Chemical\" \/>\n<meta property=\"og:description\" content=\"DMCHA (REACH covered) can be used as PU Catalyst and is the key product of Longchang Chemical. We are the leading PU Catalyst manufacturer and supplier in China with the best quanlity and competitive price.\" \/>\n<meta property=\"og:url\" content=\"https:\/\/longchangchemical.com\/de\/product\/syncat-dmcha-cas-98-94-2\/\" \/>\n<meta property=\"og:site_name\" content=\"Longchang Chemical\" \/>\n<meta property=\"article:modified_time\" content=\"2026-05-08T02:59:49+00:00\" \/>\n<meta property=\"og:image\" content=\"https:\/\/longchangchemical.com\/wp-content\/uploads\/2022\/12\/Synocat\u00ae-DMCHA-PC-8-nn-dimethylcyclohexylamine-CAS-98-94-2.jpg\" \/>\n\t<meta property=\"og:image:width\" content=\"800\" \/>\n\t<meta property=\"og:image:height\" content=\"800\" \/>\n\t<meta property=\"og:image:type\" content=\"image\/jpeg\" \/>\n<meta name=\"twitter:card\" content=\"summary_large_image\" \/>\n<script type=\"application\/ld+json\" class=\"yoast-schema-graph\">{\"@context\":\"https:\/\/schema.org\",\"@graph\":[{\"@type\":\"WebPage\",\"@id\":\"https:\/\/longchangchemical.com\/product\/syncat-dmcha-cas-98-94-2\/\",\"url\":\"https:\/\/longchangchemical.com\/product\/syncat-dmcha-cas-98-94-2\/\",\"name\":\"PU Catalyst DMCHA \/N,N-Dimethylcyclohexylamine Manufacturer Cas 98-94-2 supplier - Longchang Chemical\",\"isPartOf\":{\"@id\":\"https:\/\/longchangchemical.com\/#website\"},\"primaryImageOfPage\":{\"@id\":\"https:\/\/longchangchemical.com\/product\/syncat-dmcha-cas-98-94-2\/#primaryimage\"},\"image\":{\"@id\":\"https:\/\/longchangchemical.com\/product\/syncat-dmcha-cas-98-94-2\/#primaryimage\"},\"thumbnailUrl\":\"https:\/\/longchangchemical.com\/wp-content\/uploads\/2022\/12\/Synocat\u00ae-DMCHA-PC-8-nn-dimethylcyclohexylamine-CAS-98-94-2.jpg\",\"datePublished\":\"2022-12-07T13:39:00+00:00\",\"dateModified\":\"2026-05-08T02:59:49+00:00\",\"description\":\"DMCHA (REACH covered) can be used as PU Catalyst and is the key product of Longchang Chemical. We are the leading PU Catalyst manufacturer and supplier in China with the best quanlity and competitive price.\",\"breadcrumb\":{\"@id\":\"https:\/\/longchangchemical.com\/product\/syncat-dmcha-cas-98-94-2\/#breadcrumb\"},\"inLanguage\":\"de\",\"potentialAction\":[{\"@type\":\"ReadAction\",\"target\":[\"https:\/\/longchangchemical.com\/product\/syncat-dmcha-cas-98-94-2\/\"]}]},{\"@type\":\"ImageObject\",\"inLanguage\":\"de\",\"@id\":\"https:\/\/longchangchemical.com\/product\/syncat-dmcha-cas-98-94-2\/#primaryimage\",\"url\":\"https:\/\/longchangchemical.com\/wp-content\/uploads\/2022\/12\/Synocat\u00ae-DMCHA-PC-8-nn-dimethylcyclohexylamine-CAS-98-94-2.jpg\",\"contentUrl\":\"https:\/\/longchangchemical.com\/wp-content\/uploads\/2022\/12\/Synocat\u00ae-DMCHA-PC-8-nn-dimethylcyclohexylamine-CAS-98-94-2.jpg\",\"width\":800,\"height\":800,\"caption\":\"DMCHA (PC-8) \/ n,n-dimethylcyclohexylamine CAS 98-94-2\"},{\"@type\":\"BreadcrumbList\",\"@id\":\"https:\/\/longchangchemical.com\/product\/syncat-dmcha-cas-98-94-2\/#breadcrumb\",\"itemListElement\":[{\"@type\":\"ListItem\",\"position\":1,\"name\":\"Home\",\"item\":\"https:\/\/longchangchemical.com\/\"},{\"@type\":\"ListItem\",\"position\":2,\"name\":\"Products Longchang\",\"item\":\"https:\/\/longchangchemical.com\/product\/\"},{\"@type\":\"ListItem\",\"position\":3,\"name\":\"DMCHA (PC-8) \/ n,n-dimethylcyclohexylamine CAS 98-94-2\"}]},{\"@type\":\"WebSite\",\"@id\":\"https:\/\/longchangchemical.com\/#website\",\"url\":\"https:\/\/longchangchemical.com\/\",\"name\":\"Longchang Chemical\",\"description\":\"China chemical manufacturer \uff06 supplier\",\"publisher\":{\"@id\":\"https:\/\/longchangchemical.com\/#organization\"},\"potentialAction\":[{\"@type\":\"SearchAction\",\"target\":{\"@type\":\"EntryPoint\",\"urlTemplate\":\"https:\/\/longchangchemical.com\/?s={search_term_string}\"},\"query-input\":{\"@type\":\"PropertyValueSpecification\",\"valueRequired\":true,\"valueName\":\"search_term_string\"}}],\"inLanguage\":\"de\"},{\"@type\":\"Organization\",\"@id\":\"https:\/\/longchangchemical.com\/#organization\",\"name\":\"Longchang Chemical\",\"url\":\"https:\/\/longchangchemical.com\/\",\"logo\":{\"@type\":\"ImageObject\",\"inLanguage\":\"de\",\"@id\":\"https:\/\/longchangchemical.com\/#\/schema\/logo\/image\/\",\"url\":\"https:\/\/longchangchemical.com\/wp-content\/uploads\/2020\/08\/cropped-longchang-logo.png\",\"contentUrl\":\"https:\/\/longchangchemical.com\/wp-content\/uploads\/2020\/08\/cropped-longchang-logo.png\",\"width\":512,\"height\":512,\"caption\":\"Longchang Chemical\"},\"image\":{\"@id\":\"https:\/\/longchangchemical.com\/#\/schema\/logo\/image\/\"}}]}<\/script>\n<!-- \/ Yoast SEO plugin. -->","yoast_head_json":{"title":"PU-Katalysator DMCHA \/N,N-Dimethylcyclohexylamin Hersteller Cas 98-94-2 Lieferant - Longchang Chemical","description":"DMCHA (REACH abgedeckt) kann als PU-Katalysator verwendet werden und ist das Schl\u00fcsselprodukt von Longchang Chemical. Wir sind der f\u00fchrende Hersteller und Lieferant von PU-Katalysatoren in China mit der besten Qualit\u00e4t und einem wettbewerbsf\u00e4higen Preis.","robots":{"index":"index","follow":"follow","max-snippet":"max-snippet:-1","max-image-preview":"max-image-preview:large","max-video-preview":"max-video-preview:-1"},"canonical":"https:\/\/longchangchemical.com\/de\/product\/syncat-dmcha-cas-98-94-2\/","og_locale":"de_DE","og_type":"article","og_title":"PU Catalyst DMCHA \/N,N-Dimethylcyclohexylamine Manufacturer Cas 98-94-2 supplier - Longchang Chemical","og_description":"DMCHA (REACH covered) can be used as PU Catalyst and is the key product of Longchang Chemical. We are the leading PU Catalyst manufacturer and supplier in China with the best quanlity and competitive price.","og_url":"https:\/\/longchangchemical.com\/de\/product\/syncat-dmcha-cas-98-94-2\/","og_site_name":"Longchang Chemical","article_modified_time":"2026-05-08T02:59:49+00:00","og_image":[{"width":800,"height":800,"url":"https:\/\/longchangchemical.com\/wp-content\/uploads\/2022\/12\/Synocat\u00ae-DMCHA-PC-8-nn-dimethylcyclohexylamine-CAS-98-94-2.jpg","type":"image\/jpeg"}],"twitter_card":"summary_large_image","schema":{"@context":"https:\/\/schema.org","@graph":[{"@type":"WebPage","@id":"https:\/\/longchangchemical.com\/product\/syncat-dmcha-cas-98-94-2\/","url":"https:\/\/longchangchemical.com\/product\/syncat-dmcha-cas-98-94-2\/","name":"PU-Katalysator DMCHA \/N,N-Dimethylcyclohexylamin Hersteller Cas 98-94-2 Lieferant - Longchang Chemical","isPartOf":{"@id":"https:\/\/longchangchemical.com\/#website"},"primaryImageOfPage":{"@id":"https:\/\/longchangchemical.com\/product\/syncat-dmcha-cas-98-94-2\/#primaryimage"},"image":{"@id":"https:\/\/longchangchemical.com\/product\/syncat-dmcha-cas-98-94-2\/#primaryimage"},"thumbnailUrl":"https:\/\/longchangchemical.com\/wp-content\/uploads\/2022\/12\/Synocat\u00ae-DMCHA-PC-8-nn-dimethylcyclohexylamine-CAS-98-94-2.jpg","datePublished":"2022-12-07T13:39:00+00:00","dateModified":"2026-05-08T02:59:49+00:00","description":"DMCHA (REACH abgedeckt) kann als PU-Katalysator verwendet werden und ist das Schl\u00fcsselprodukt von Longchang Chemical. Wir sind der f\u00fchrende Hersteller und Lieferant von PU-Katalysatoren in China mit der besten Qualit\u00e4t und einem wettbewerbsf\u00e4higen Preis.","breadcrumb":{"@id":"https:\/\/longchangchemical.com\/product\/syncat-dmcha-cas-98-94-2\/#breadcrumb"},"inLanguage":"de","potentialAction":[{"@type":"ReadAction","target":["https:\/\/longchangchemical.com\/product\/syncat-dmcha-cas-98-94-2\/"]}]},{"@type":"ImageObject","inLanguage":"de","@id":"https:\/\/longchangchemical.com\/product\/syncat-dmcha-cas-98-94-2\/#primaryimage","url":"https:\/\/longchangchemical.com\/wp-content\/uploads\/2022\/12\/Synocat\u00ae-DMCHA-PC-8-nn-dimethylcyclohexylamine-CAS-98-94-2.jpg","contentUrl":"https:\/\/longchangchemical.com\/wp-content\/uploads\/2022\/12\/Synocat\u00ae-DMCHA-PC-8-nn-dimethylcyclohexylamine-CAS-98-94-2.jpg","width":800,"height":800,"caption":"DMCHA (PC-8) \/ n,n-dimethylcyclohexylamine CAS 98-94-2"},{"@type":"BreadcrumbList","@id":"https:\/\/longchangchemical.com\/product\/syncat-dmcha-cas-98-94-2\/#breadcrumb","itemListElement":[{"@type":"ListItem","position":1,"name":"Home","item":"https:\/\/longchangchemical.com\/"},{"@type":"ListItem","position":2,"name":"Products Longchang","item":"https:\/\/longchangchemical.com\/product\/"},{"@type":"ListItem","position":3,"name":"DMCHA (PC-8) \/ n,n-dimethylcyclohexylamine CAS 98-94-2"}]},{"@type":"WebSite","@id":"https:\/\/longchangchemical.com\/#website","url":"https:\/\/longchangchemical.com\/","name":"Longchang Chemical","description":"China Hersteller von Chemikalien \uff06 Lieferant","publisher":{"@id":"https:\/\/longchangchemical.com\/#organization"},"potentialAction":[{"@type":"SearchAction","target":{"@type":"EntryPoint","urlTemplate":"https:\/\/longchangchemical.com\/?s={search_term_string}"},"query-input":{"@type":"PropertyValueSpecification","valueRequired":true,"valueName":"search_term_string"}}],"inLanguage":"de"},{"@type":"Organization","@id":"https:\/\/longchangchemical.com\/#organization","name":"Longchang Chemical","url":"https:\/\/longchangchemical.com\/","logo":{"@type":"ImageObject","inLanguage":"de","@id":"https:\/\/longchangchemical.com\/#\/schema\/logo\/image\/","url":"https:\/\/longchangchemical.com\/wp-content\/uploads\/2020\/08\/cropped-longchang-logo.png","contentUrl":"https:\/\/longchangchemical.com\/wp-content\/uploads\/2020\/08\/cropped-longchang-logo.png","width":512,"height":512,"caption":"Longchang Chemical"},"image":{"@id":"https:\/\/longchangchemical.com\/#\/schema\/logo\/image\/"}}]}},"_links":{"self":[{"href":"https:\/\/longchangchemical.com\/de\/wp-json\/wp\/v2\/product\/3819","targetHints":{"allow":["GET"]}}],"collection":[{"href":"https:\/\/longchangchemical.com\/de\/wp-json\/wp\/v2\/product"}],"about":[{"href":"https:\/\/longchangchemical.com\/de\/wp-json\/wp\/v2\/types\/product"}],"replies":[{"embeddable":true,"href":"https:\/\/longchangchemical.com\/de\/wp-json\/wp\/v2\/comments?post=3819"}],"wp:featuredmedia":[{"embeddable":true,"href":"https:\/\/longchangchemical.com\/de\/wp-json\/wp\/v2\/media\/5918"}],"wp:attachment":[{"href":"https:\/\/longchangchemical.com\/de\/wp-json\/wp\/v2\/media?parent=3819"}],"wp:term":[{"taxonomy":"product_brand","embeddable":true,"href":"https:\/\/longchangchemical.com\/de\/wp-json\/wp\/v2\/product_brand?post=3819"},{"taxonomy":"product_cat","embeddable":true,"href":"https:\/\/longchangchemical.com\/de\/wp-json\/wp\/v2\/product_cat?post=3819"},{"taxonomy":"product_tag","embeddable":true,"href":"https:\/\/longchangchemical.com\/de\/wp-json\/wp\/v2\/product_tag?post=3819"}],"curies":[{"name":"wp","href":"https:\/\/api.w.org\/{rel}","templated":true}]}}