{"id":3809,"date":"2021-03-31T07:28:35","date_gmt":"2021-03-31T07:28:35","guid":{"rendered":"https:\/\/longchangchemical.com\/?post_type=product&#038;p=3809"},"modified":"2025-12-23T02:17:14","modified_gmt":"2025-12-23T02:17:14","slug":"carbohydrazide-cas-497-18-7","status":"publish","type":"product","link":"https:\/\/longchangchemical.com\/de\/product\/carbohydrazide-cas-497-18-7\/","title":{"rendered":"Carbohydrazid CAS 497-18-7"},"content":{"rendered":"<h1><strong>Carbohydrazid CAS 497-18-7<\/strong><\/h1>\n<p>&nbsp;<\/p>\n<table class=\"table-1\">\n<tbody>\n<tr>\n<td>\n<h4>Artikel<\/h4>\n<\/td>\n<td>\n<h4>Standard<\/h4>\n<\/td>\n<\/tr>\n<tr>\n<td>\n<h4>Erscheinungsbild<\/h4>\n<\/td>\n<td>\n<h4>Wei\u00dfer Kristall<\/h4>\n<\/td>\n<\/tr>\n<tr>\n<td>\n<h4>Reinheit(%)<\/h4>\n<\/td>\n<td>\n<h4>99.91<\/h4>\n<\/td>\n<\/tr>\n<tr>\n<td>\n<h4>Feuchte(%)<\/h4>\n<\/td>\n<td>\n<h4>0.14<\/h4>\n<\/td>\n<\/tr>\n<tr>\n<td>\n<h4>M.P.(\u2103)<\/h4>\n<\/td>\n<td>\n<h4>154.2~154.9<\/h4>\n<\/td>\n<\/tr>\n<tr>\n<td>\n<h4>PH<\/h4>\n<\/td>\n<td>\n<h4>8.42<\/h4>\n<\/td>\n<\/tr>\n<tr>\n<td>\n<h4>FREIES HYDRAZIN(mg\/l)<\/h4>\n<\/td>\n<td>\n<h4>468<\/h4>\n<\/td>\n<\/tr>\n<tr>\n<td>\n<h4>Schlussfolgerung<\/h4>\n<\/td>\n<td>\n<h4>Die Ergebnisse entsprechen den Unternehmensstandards<\/h4>\n<\/td>\n<\/tr>\n<tr>\n<td>\n<h4>Artikel<\/h4>\n<\/td>\n<td>\n<h4>Standard<\/h4>\n<\/td>\n<\/tr>\n<tr>\n<td>\n<h4>Erscheinungsbild<\/h4>\n<\/td>\n<td>\n<h4>Wei\u00dfer Kristall<\/h4>\n<\/td>\n<\/tr>\n<\/tbody>\n<\/table>\n<h2><strong>Was ist Carbohydrazid?<\/strong><\/h2>\n<h4>Dieses Produkt ist ein wei\u00dfes, kurzes, s\u00e4ulenf\u00f6rmiges Kristall oder ein wei\u00dfes, kristallines Pulver bei Raumtemperatur, schwer l\u00f6slich in Ethanol, sehr l\u00f6slich in Wasser, endotherm l\u00f6slich, unl\u00f6slich in Alkohol, Ether, Benzol, weil es ein Derivat von Hydrazin ist, hat es eine starke Reduktion, ungiftig, kann Hydrazinhydrat und Oxime ersetzen.<\/h4>\n<p>&nbsp;<\/p>\n<h2><strong>Carbohydrazid Anwendung<\/strong><\/h2>\n<h4>1. Dieses Produkt findet breite Verwendung bei der Herstellung von Arzneimitteln, Herbiziden, Pflanzenwachstumsregulatoren, Farbstoffen usw.<br \/>\n2. Carbohydrazid ist ein Derivat von Hydrazin mit starker Reduzierbarkeit. Es kann als Zwischenprodukt bei der Herstellung von energetischen Materialien verwendet werden, und es kann auch direkt als Bestandteil von Sprengstoffen und Treibladungen eingesetzt werden.<br \/>\n3. Dieses Produkt kann als Konservierungsmittel f\u00fcr \u00d6lraffinerieanlagen und als Desoxidationsmittel f\u00fcr Kesselwasserbehandlungsmittel verwendet werden.<br \/>\n4. Dieses Produkt wird als Vernetzungsmittel f\u00fcr elastische Fasern in der Chemiefaserindustrie verwendet.<br \/>\n5. Als chemischer Rohstoff und chemisches Zwischenprodukt wird dieses Produkt h\u00e4ufig in der Medizin, in Herbiziden, Pflanzenwachstumsregulatoren, Farbstoffen und anderen Industrien verwendet.<\/h4>\n<p>&nbsp;<\/p>\n<h2><strong>CarbohydrazidVerpackung und Versand<\/strong><\/h2>\n<h4>F\u00e4sser, 25kg \/50kg<\/h4>\n<p>&nbsp;<\/p>\n<h2><strong>Lagerung von Carbohydrazid<\/strong><\/h2>\n<h4>An einem k\u00fchlen, trockenen und lichtgesch\u00fctzten Ort aufbewahren.<\/h4>\n<p>&nbsp;<\/p>\n<h2><strong>Produkte der gleichen Serie<\/strong><\/h2>\n<table style=\"border-collapse: collapse; width: 312.02pt;\" border=\"0\" width=\"416\" cellspacing=\"0\" cellpadding=\"0\">\n<tbody>\n<tr style=\"height: 54.00pt;\">\n<td class=\"et3\" style=\"height: 54.00pt; width: 201.75pt;\" width=\"269\" height=\"72\">\n<h4><a href=\"https:\/\/longchangchemical.com\/de\/product\/cobalt-carbonate-cas-513-79-1\/\"><span style=\"color: #3366ff;\">Kobaltkarbonat<\/span><\/a><\/h4>\n<\/td>\n<td class=\"et3\" style=\"width: 110.25pt;\" width=\"147\">\n<h4><a href=\"https:\/\/longchangchemical.com\/de\/product\/cobalt-carbonate-cas-513-79-1\/\"><span style=\"color: #3366ff;\">513-79-1<\/span><\/a><\/h4>\n<\/td>\n<\/tr>\n<tr style=\"height: 40.50pt;\">\n<td class=\"et4\" style=\"height: 40.50pt; width: 201.75pt;\" width=\"269\" height=\"54\">\n<h4><a href=\"https:\/\/longchangchemical.com\/de\/product\/guanidine-carbonate-cas-593-85-1\/\"><span style=\"color: #3366ff;\">Guanidin-Karbonat<\/span><\/a><\/h4>\n<\/td>\n<td class=\"et5\" style=\"width: 110.25pt;\" width=\"147\">\n<h4><a href=\"https:\/\/longchangchemical.com\/de\/product\/guanidine-carbonate-cas-593-85-1\/\"><span style=\"color: #3366ff;\">593-85-1<\/span><\/a><\/h4>\n<\/td>\n<\/tr>\n<tr style=\"height: 40.50pt;\">\n<td class=\"et6\" style=\"height: 40.50pt; width: 201.75pt;\" width=\"269\" height=\"54\">\n<h4><a href=\"https:\/\/longchangchemical.com\/de\/product\/manganese-carbonate-cas-598-62-9\/\"><span style=\"color: #3366ff;\">Mangan-Karbonat<\/span><\/a><\/h4>\n<\/td>\n<td class=\"et6\" style=\"width: 110.25pt;\" width=\"147\">\n<h4><a href=\"https:\/\/longchangchemical.com\/de\/product\/manganese-carbonate-cas-598-62-9\/\"><span style=\"color: #3366ff;\">598-62-9<\/span><\/a><\/h4>\n<\/td>\n<\/tr>\n<tr style=\"height: 40.50pt;\">\n<td class=\"et7\" style=\"height: 40.50pt;\" height=\"54\">\n<h4><a href=\"https:\/\/longchangchemical.com\/de\/product\/ammonium-bicarbonate-cas-1066-33-7\/\"><span style=\"color: #3366ff;\">Ammoniumbicarbonat<\/span><\/a><\/h4>\n<\/td>\n<td class=\"et7\">\n<h4><a href=\"https:\/\/longchangchemical.com\/de\/product\/ammonium-bicarbonate-cas-1066-33-7\/\"><span style=\"color: #3366ff;\">1066-33-7<\/span><\/a><\/h4>\n<\/td>\n<\/tr>\n<tr style=\"height: 40.50pt;\">\n<td class=\"et4\" style=\"height: 40.50pt; width: 201.75pt;\" width=\"269\" height=\"54\">\n<h4><a href=\"https:\/\/longchangchemical.com\/de\/product\/caesium-carbonate-cas-534-17-8\/\"><span style=\"color: #3366ff;\">C\u00e4siumcarbonat<\/span><\/a><\/h4>\n<\/td>\n<td class=\"et4\" style=\"width: 110.25pt;\" width=\"147\">\n<h4><a href=\"https:\/\/longchangchemical.com\/de\/product\/caesium-carbonate-cas-534-17-8\/\"><span style=\"color: #3366ff;\">534-17-8<\/span><\/a><\/h4>\n<\/td>\n<\/tr>\n<tr style=\"height: 40.50pt;\">\n<td class=\"et8\" style=\"height: 40.50pt; width: 201.75pt;\" width=\"269\" height=\"54\">\n<h4><a href=\"https:\/\/longchangchemical.com\/de\/product\/strontium-carbonate-cas-1633-05-2\/\"><span style=\"color: #3366ff;\">Strontiumkarbonat<\/span><\/a><\/h4>\n<\/td>\n<td class=\"et8\" style=\"width: 110.25pt;\" width=\"147\">\n<h4><a href=\"https:\/\/longchangchemical.com\/de\/product\/strontium-carbonate-cas-1633-05-2\/\"><span style=\"color: #3366ff;\">1633-05-2<\/span><\/a><\/h4>\n<\/td>\n<\/tr>\n<tr style=\"height: 40.50pt;\">\n<td class=\"et4\" style=\"height: 40.50pt; width: 201.75pt;\" width=\"269\" height=\"54\">\n<h4>Carbohydrazid<\/h4>\n<\/td>\n<td class=\"et4\" style=\"width: 110.25pt;\" width=\"147\">\n<h4>497-18-7<\/h4>\n<\/td>\n<\/tr>\n<\/tbody>\n<\/table>\n<h2><\/h2>\n<h2><strong><b>Kontaktieren Sie uns jetzt!<\/b><\/strong><\/h2>\n<h4><strong><b>Wir bieten ma\u00dfgeschneiderte Dienstleistungen an und werden Sie in der Regel innerhalb von 24 Stunden kontaktieren. Sie k\u00f6nnen auch eine E-Mail an info@longchangchemical.com w\u00e4hrend der Arbeitszeiten (8:30 bis 18:00 Uhr UTC+8 Mo.~Sa.) senden oder den Live-Chat der Website nutzen, um eine schnelle Antwort zu erhalten.<\/b><\/strong><\/h4>","protected":false},"excerpt":{"rendered":"<h4>Chemische Bezeichnung: Carbohydrazid<\/h4>\n<h4>CAS-Nr.: 497-18-7<\/h4>\n<h4>Molekulare Formel: CH6N4O<\/h4>\n<h4>Chemische Struktur:<img decoding=\"async\" title=\"bild.png\" src=\"https:\/\/www.longchangchemical.com\/wp-content\/uploads\/product-details\/20200612059501.png\" alt=\"bild.png\" \/><\/h4>\n<h4>Molekulargewicht:90.08<\/h4>\n<h4>Aussehen:Wei\u00dfer Kristall<\/h4>\n<h4>Assay: 99.9%<\/h4>","protected":false},"featured_media":4444,"comment_status":"open","ping_status":"closed","template":"","meta":[],"product_brand":[],"product_cat":[69],"product_tag":[],"class_list":{"0":"post-3809","1":"product","2":"type-product","3":"status-publish","4":"has-post-thumbnail","6":"product_cat-catalysts-chemical-auxiliary-agents","8":"first","9":"instock","10":"shipping-taxable","11":"product-type-simple"},"yoast_head":"<!-- This site is optimized with the Yoast SEO plugin v25.3.1 - https:\/\/yoast.com\/wordpress\/plugins\/seo\/ -->\n<title>China Carbohydrazide Manufacturer \uff06 Supplier - Longchang chemical Co., Ltd.<\/title>\n<meta name=\"description\" content=\"Longchang Chemical is a leading manufacturer and supplier of Carbohydrazide in China. Buy Carbohydrazide in china. We can provide the best Carbohydrazide price.\" \/>\n<meta name=\"robots\" content=\"index, follow, max-snippet:-1, max-image-preview:large, max-video-preview:-1\" \/>\n<link rel=\"canonical\" href=\"https:\/\/longchangchemical.com\/de\/product\/carbohydrazide-cas-497-18-7\/\" \/>\n<meta property=\"og:locale\" content=\"de_DE\" \/>\n<meta property=\"og:type\" content=\"article\" \/>\n<meta property=\"og:title\" content=\"China Carbohydrazide Manufacturer \uff06 Supplier - Longchang chemical Co., Ltd.\" \/>\n<meta property=\"og:description\" content=\"Longchang Chemical is a leading manufacturer and supplier of Carbohydrazide in China. Buy Carbohydrazide in china. We can provide the best Carbohydrazide price.\" \/>\n<meta property=\"og:url\" content=\"https:\/\/longchangchemical.com\/de\/product\/carbohydrazide-cas-497-18-7\/\" \/>\n<meta property=\"og:site_name\" content=\"Longchang Chemical\" \/>\n<meta property=\"article:modified_time\" content=\"2025-12-23T02:17:14+00:00\" \/>\n<meta property=\"og:image\" content=\"https:\/\/longchangchemical.com\/wp-content\/uploads\/2021\/01\/Guanidine-carbonate-Appearance.jpg\" \/>\n\t<meta property=\"og:image:width\" content=\"600\" \/>\n\t<meta property=\"og:image:height\" content=\"800\" \/>\n\t<meta property=\"og:image:type\" content=\"image\/jpeg\" \/>\n<meta name=\"twitter:card\" content=\"summary_large_image\" \/>\n<script type=\"application\/ld+json\" class=\"yoast-schema-graph\">{\"@context\":\"https:\/\/schema.org\",\"@graph\":[{\"@type\":\"WebPage\",\"@id\":\"https:\/\/longchangchemical.com\/product\/carbohydrazide-cas-497-18-7\/\",\"url\":\"https:\/\/longchangchemical.com\/product\/carbohydrazide-cas-497-18-7\/\",\"name\":\"China Carbohydrazide Manufacturer \uff06 Supplier - Longchang chemical Co., Ltd.\",\"isPartOf\":{\"@id\":\"https:\/\/longchangchemical.com\/#website\"},\"primaryImageOfPage\":{\"@id\":\"https:\/\/longchangchemical.com\/product\/carbohydrazide-cas-497-18-7\/#primaryimage\"},\"image\":{\"@id\":\"https:\/\/longchangchemical.com\/product\/carbohydrazide-cas-497-18-7\/#primaryimage\"},\"thumbnailUrl\":\"https:\/\/longchangchemical.com\/wp-content\/uploads\/2021\/01\/Guanidine-carbonate-Appearance.jpg\",\"datePublished\":\"2021-03-31T07:28:35+00:00\",\"dateModified\":\"2025-12-23T02:17:14+00:00\",\"description\":\"Longchang Chemical is a leading manufacturer and supplier of Carbohydrazide in China. Buy Carbohydrazide in china. We can provide the best Carbohydrazide price.\",\"breadcrumb\":{\"@id\":\"https:\/\/longchangchemical.com\/product\/carbohydrazide-cas-497-18-7\/#breadcrumb\"},\"inLanguage\":\"de\",\"potentialAction\":[{\"@type\":\"ReadAction\",\"target\":[\"https:\/\/longchangchemical.com\/product\/carbohydrazide-cas-497-18-7\/\"]}]},{\"@type\":\"ImageObject\",\"inLanguage\":\"de\",\"@id\":\"https:\/\/longchangchemical.com\/product\/carbohydrazide-cas-497-18-7\/#primaryimage\",\"url\":\"https:\/\/longchangchemical.com\/wp-content\/uploads\/2021\/01\/Guanidine-carbonate-Appearance.jpg\",\"contentUrl\":\"https:\/\/longchangchemical.com\/wp-content\/uploads\/2021\/01\/Guanidine-carbonate-Appearance.jpg\",\"width\":600,\"height\":800,\"caption\":\"Carbohydrazide Appearance\"},{\"@type\":\"BreadcrumbList\",\"@id\":\"https:\/\/longchangchemical.com\/product\/carbohydrazide-cas-497-18-7\/#breadcrumb\",\"itemListElement\":[{\"@type\":\"ListItem\",\"position\":1,\"name\":\"Home\",\"item\":\"https:\/\/longchangchemical.com\/\"},{\"@type\":\"ListItem\",\"position\":2,\"name\":\"Products Longchang\",\"item\":\"https:\/\/longchangchemical.com\/product\/\"},{\"@type\":\"ListItem\",\"position\":3,\"name\":\"Carbohydrazide CAS 497-18-7\"}]},{\"@type\":\"WebSite\",\"@id\":\"https:\/\/longchangchemical.com\/#website\",\"url\":\"https:\/\/longchangchemical.com\/\",\"name\":\"Longchang Chemical\",\"description\":\"China chemical manufacturer \uff06 supplier\",\"publisher\":{\"@id\":\"https:\/\/longchangchemical.com\/#organization\"},\"potentialAction\":[{\"@type\":\"SearchAction\",\"target\":{\"@type\":\"EntryPoint\",\"urlTemplate\":\"https:\/\/longchangchemical.com\/?s={search_term_string}\"},\"query-input\":{\"@type\":\"PropertyValueSpecification\",\"valueRequired\":true,\"valueName\":\"search_term_string\"}}],\"inLanguage\":\"de\"},{\"@type\":\"Organization\",\"@id\":\"https:\/\/longchangchemical.com\/#organization\",\"name\":\"Longchang Chemical\",\"url\":\"https:\/\/longchangchemical.com\/\",\"logo\":{\"@type\":\"ImageObject\",\"inLanguage\":\"de\",\"@id\":\"https:\/\/longchangchemical.com\/#\/schema\/logo\/image\/\",\"url\":\"https:\/\/longchangchemical.com\/wp-content\/uploads\/2020\/08\/cropped-longchang-logo.png\",\"contentUrl\":\"https:\/\/longchangchemical.com\/wp-content\/uploads\/2020\/08\/cropped-longchang-logo.png\",\"width\":512,\"height\":512,\"caption\":\"Longchang Chemical\"},\"image\":{\"@id\":\"https:\/\/longchangchemical.com\/#\/schema\/logo\/image\/\"}}]}<\/script>\n<!-- \/ Yoast SEO plugin. -->","yoast_head_json":{"title":"China Carbohydrazid Hersteller \uff06 Lieferant - Longchang chemical Co., Ltd.","description":"Longchang Chemical ist ein f\u00fchrender Hersteller und Lieferant von Carbohydrazid in China. Kaufen Sie Carbohydrazid in China. Wir k\u00f6nnen die besten Carbohydrazid Preis bieten.","robots":{"index":"index","follow":"follow","max-snippet":"max-snippet:-1","max-image-preview":"max-image-preview:large","max-video-preview":"max-video-preview:-1"},"canonical":"https:\/\/longchangchemical.com\/de\/product\/carbohydrazide-cas-497-18-7\/","og_locale":"de_DE","og_type":"article","og_title":"China Carbohydrazide Manufacturer \uff06 Supplier - Longchang chemical Co., Ltd.","og_description":"Longchang Chemical is a leading manufacturer and supplier of Carbohydrazide in China. Buy Carbohydrazide in china. We can provide the best Carbohydrazide price.","og_url":"https:\/\/longchangchemical.com\/de\/product\/carbohydrazide-cas-497-18-7\/","og_site_name":"Longchang Chemical","article_modified_time":"2025-12-23T02:17:14+00:00","og_image":[{"width":600,"height":800,"url":"https:\/\/longchangchemical.com\/wp-content\/uploads\/2021\/01\/Guanidine-carbonate-Appearance.jpg","type":"image\/jpeg"}],"twitter_card":"summary_large_image","schema":{"@context":"https:\/\/schema.org","@graph":[{"@type":"WebPage","@id":"https:\/\/longchangchemical.com\/product\/carbohydrazide-cas-497-18-7\/","url":"https:\/\/longchangchemical.com\/product\/carbohydrazide-cas-497-18-7\/","name":"China Carbohydrazid Hersteller \uff06 Lieferant - Longchang chemical Co., Ltd.","isPartOf":{"@id":"https:\/\/longchangchemical.com\/#website"},"primaryImageOfPage":{"@id":"https:\/\/longchangchemical.com\/product\/carbohydrazide-cas-497-18-7\/#primaryimage"},"image":{"@id":"https:\/\/longchangchemical.com\/product\/carbohydrazide-cas-497-18-7\/#primaryimage"},"thumbnailUrl":"https:\/\/longchangchemical.com\/wp-content\/uploads\/2021\/01\/Guanidine-carbonate-Appearance.jpg","datePublished":"2021-03-31T07:28:35+00:00","dateModified":"2025-12-23T02:17:14+00:00","description":"Longchang Chemical ist ein f\u00fchrender Hersteller und Lieferant von Carbohydrazid in China. Kaufen Sie Carbohydrazid in China. Wir k\u00f6nnen die besten Carbohydrazid Preis bieten.","breadcrumb":{"@id":"https:\/\/longchangchemical.com\/product\/carbohydrazide-cas-497-18-7\/#breadcrumb"},"inLanguage":"de","potentialAction":[{"@type":"ReadAction","target":["https:\/\/longchangchemical.com\/product\/carbohydrazide-cas-497-18-7\/"]}]},{"@type":"ImageObject","inLanguage":"de","@id":"https:\/\/longchangchemical.com\/product\/carbohydrazide-cas-497-18-7\/#primaryimage","url":"https:\/\/longchangchemical.com\/wp-content\/uploads\/2021\/01\/Guanidine-carbonate-Appearance.jpg","contentUrl":"https:\/\/longchangchemical.com\/wp-content\/uploads\/2021\/01\/Guanidine-carbonate-Appearance.jpg","width":600,"height":800,"caption":"Carbohydrazide Appearance"},{"@type":"BreadcrumbList","@id":"https:\/\/longchangchemical.com\/product\/carbohydrazide-cas-497-18-7\/#breadcrumb","itemListElement":[{"@type":"ListItem","position":1,"name":"Home","item":"https:\/\/longchangchemical.com\/"},{"@type":"ListItem","position":2,"name":"Products Longchang","item":"https:\/\/longchangchemical.com\/product\/"},{"@type":"ListItem","position":3,"name":"Carbohydrazide CAS 497-18-7"}]},{"@type":"WebSite","@id":"https:\/\/longchangchemical.com\/#website","url":"https:\/\/longchangchemical.com\/","name":"Longchang Chemical","description":"China Hersteller von Chemikalien \uff06 Lieferant","publisher":{"@id":"https:\/\/longchangchemical.com\/#organization"},"potentialAction":[{"@type":"SearchAction","target":{"@type":"EntryPoint","urlTemplate":"https:\/\/longchangchemical.com\/?s={search_term_string}"},"query-input":{"@type":"PropertyValueSpecification","valueRequired":true,"valueName":"search_term_string"}}],"inLanguage":"de"},{"@type":"Organization","@id":"https:\/\/longchangchemical.com\/#organization","name":"Longchang Chemical","url":"https:\/\/longchangchemical.com\/","logo":{"@type":"ImageObject","inLanguage":"de","@id":"https:\/\/longchangchemical.com\/#\/schema\/logo\/image\/","url":"https:\/\/longchangchemical.com\/wp-content\/uploads\/2020\/08\/cropped-longchang-logo.png","contentUrl":"https:\/\/longchangchemical.com\/wp-content\/uploads\/2020\/08\/cropped-longchang-logo.png","width":512,"height":512,"caption":"Longchang Chemical"},"image":{"@id":"https:\/\/longchangchemical.com\/#\/schema\/logo\/image\/"}}]}},"_links":{"self":[{"href":"https:\/\/longchangchemical.com\/de\/wp-json\/wp\/v2\/product\/3809","targetHints":{"allow":["GET"]}}],"collection":[{"href":"https:\/\/longchangchemical.com\/de\/wp-json\/wp\/v2\/product"}],"about":[{"href":"https:\/\/longchangchemical.com\/de\/wp-json\/wp\/v2\/types\/product"}],"replies":[{"embeddable":true,"href":"https:\/\/longchangchemical.com\/de\/wp-json\/wp\/v2\/comments?post=3809"}],"wp:featuredmedia":[{"embeddable":true,"href":"https:\/\/longchangchemical.com\/de\/wp-json\/wp\/v2\/media\/4444"}],"wp:attachment":[{"href":"https:\/\/longchangchemical.com\/de\/wp-json\/wp\/v2\/media?parent=3809"}],"wp:term":[{"taxonomy":"product_brand","embeddable":true,"href":"https:\/\/longchangchemical.com\/de\/wp-json\/wp\/v2\/product_brand?post=3809"},{"taxonomy":"product_cat","embeddable":true,"href":"https:\/\/longchangchemical.com\/de\/wp-json\/wp\/v2\/product_cat?post=3809"},{"taxonomy":"product_tag","embeddable":true,"href":"https:\/\/longchangchemical.com\/de\/wp-json\/wp\/v2\/product_tag?post=3809"}],"curies":[{"name":"wp","href":"https:\/\/api.w.org\/{rel}","templated":true}]}}