{"id":3799,"date":"2024-01-11T02:18:36","date_gmt":"2024-01-11T02:18:36","guid":{"rendered":"https:\/\/longchangchemical.com\/?post_type=product&#038;p=3799"},"modified":"2026-01-12T08:48:55","modified_gmt":"2026-01-12T08:48:55","slug":"chlorinatedpolypropylene-cas-68442-33-1","status":"publish","type":"product","link":"https:\/\/longchangchemical.com\/de\/product\/chlorinatedpolypropylene-cas-68442-33-1\/","title":{"rendered":"Soresyn\u00ae CPP-Harze \/ Chloriertes Polypropylen CAS 68442-33-1"},"content":{"rendered":"<h1><strong>Soresyn\u00ae CPP-Harze \/ Chloriertes Polypropylen CAS 68442-33-1<\/strong><\/h1>\n<table border=\"1\" cellspacing=\"0\">\n<tbody>\n<tr>\n<td valign=\"center\" width=\"142\">\n<p class=\"\" align=\"center\"><b>Typ NO.<\/b><\/p>\n<\/td>\n<td valign=\"center\" width=\"133\">\n<p class=\"\" align=\"center\"><b>CPP AG30<\/b><\/p>\n<\/td>\n<td valign=\"center\" width=\"114\">\n<p class=\"\" align=\"center\"><b>CPP AG26<\/b><\/p>\n<\/td>\n<td valign=\"center\" width=\"142\">\n<p class=\"\" align=\"center\"><b>CPP EG40<\/b><\/p>\n<\/td>\n<\/tr>\n<tr>\n<td valign=\"center\" width=\"142\">\n<p class=\"\" align=\"center\">Erscheinungsbild<\/p>\n<\/td>\n<td valign=\"center\" width=\"133\">\n<p class=\"\" align=\"center\">Gelblich k\u00f6rnig<\/p>\n<\/td>\n<td valign=\"center\" width=\"114\">\n<p class=\"\" align=\"center\">Gelblich k\u00f6rnig<\/p>\n<\/td>\n<td valign=\"center\" width=\"142\">\n<p class=\"\" align=\"center\">Gelbes Granulat<\/p>\n<\/td>\n<\/tr>\n<tr>\n<td valign=\"center\" width=\"142\">\n<p class=\"\" align=\"center\">Cl-Gehalt %<\/p>\n<\/td>\n<td valign=\"center\" width=\"133\">\n<p class=\"\" align=\"center\">28\u00a0~\u00a035<\/p>\n<\/td>\n<td valign=\"center\" width=\"114\">\n<p class=\"\" align=\"center\">25 ~ 28<\/p>\n<\/td>\n<td valign=\"center\" width=\"142\">\n<p class=\"\" align=\"center\">36 ~ 41<\/p>\n<\/td>\n<\/tr>\n<tr>\n<td valign=\"center\" width=\"142\">\n<p class=\"\" align=\"center\">Viskosit\u00e4t mPa.s\/25\u00b0C<\/p>\n<\/td>\n<td valign=\"center\" width=\"133\">\n<p class=\"\" align=\"center\">250 ~ 500<\/p>\n<\/td>\n<td valign=\"center\" width=\"114\">\n<p class=\"\" align=\"center\">100 ~ 500<\/p>\n<\/td>\n<td valign=\"center\" width=\"142\">\n<p class=\"\" align=\"center\">100 ~\u00a0500<\/p>\n<\/td>\n<\/tr>\n<tr>\n<td valign=\"center\" width=\"142\">\n<p class=\"\" align=\"center\">PH-Wert<\/p>\n<\/td>\n<td valign=\"center\" width=\"133\">\n<p class=\"\" align=\"center\">4.5 ~ 7<\/p>\n<\/td>\n<td valign=\"center\" width=\"114\">\n<p class=\"\" align=\"center\">4.5 ~ 7<\/p>\n<\/td>\n<td valign=\"center\" width=\"142\">\n<p class=\"\" align=\"center\">4.5 ~ 7<\/p>\n<\/td>\n<\/tr>\n<tr>\n<td valign=\"center\" width=\"142\">\n<p class=\"\" align=\"center\">Empfohlenes L\u00f6sungsmittel<\/p>\n<\/td>\n<td valign=\"center\" width=\"133\">\n<p class=\"\" align=\"center\">Toluol<\/p>\n<\/td>\n<td valign=\"center\" width=\"114\">\n<p class=\"\" align=\"center\">Toluol<\/p>\n<\/td>\n<td valign=\"center\" width=\"142\">\n<p class=\"\" align=\"center\">Ester, Keton,<\/p>\n<p class=\"\" align=\"center\">Ethylcyclohexan<\/p>\n<p class=\"\" align=\"center\">Oder gemischtes L\u00f6sungsmittel<\/p>\n<\/td>\n<\/tr>\n<\/tbody>\n<\/table>\n<div><\/div>\n<div>\n<table border=\"1\" cellspacing=\"0\">\n<tbody>\n<tr>\n<td valign=\"center\" width=\"142\">\n<p class=\"\" align=\"center\"><b>Typ NO.<\/b><\/p>\n<\/td>\n<td valign=\"center\" width=\"142\">\n<p class=\"\" align=\"center\"><b>CPM-16<\/b><\/p>\n<\/td>\n<td valign=\"center\" width=\"124\">\n<p class=\"\" align=\"center\"><b>CPM-22<\/b><\/p>\n<\/td>\n<td valign=\"center\" width=\"124\">\n<p class=\"\" align=\"center\"><b>CPP<\/b><b>\u00a0AP<\/b><\/p>\n<\/td>\n<\/tr>\n<tr>\n<td valign=\"center\" width=\"142\">\n<p class=\"\" align=\"center\">Erscheinungsbild<\/p>\n<\/td>\n<td valign=\"center\" width=\"142\">\n<p class=\"\" align=\"center\">Gelblich k\u00f6rnig<\/p>\n<\/td>\n<td valign=\"center\" width=\"124\">\n<p class=\"\" align=\"center\">Gelblich k\u00f6rnig<\/p>\n<\/td>\n<td valign=\"center\" width=\"124\">\n<p class=\"\" align=\"center\">Wei\u00dfes Pulver<\/p>\n<\/td>\n<\/tr>\n<tr>\n<td valign=\"center\" width=\"142\">\n<p class=\"\" align=\"center\">Cl-Gehalt %<\/p>\n<\/td>\n<td valign=\"center\" width=\"142\">\n<p class=\"\" align=\"center\">14\u00a0~\u00a018<\/p>\n<\/td>\n<td valign=\"center\" width=\"124\">\n<p class=\"\" align=\"center\">18\u00a0~\u00a024<\/p>\n<\/td>\n<td valign=\"center\" width=\"124\">\n<p class=\"\" align=\"center\">30 ~ 33<\/p>\n<\/td>\n<\/tr>\n<tr>\n<td valign=\"center\" width=\"142\">\n<p class=\"\" align=\"center\">Viskosit\u00e4t mPa.s\/25\u00b0C<\/p>\n<\/td>\n<td valign=\"center\" width=\"142\">\n<p class=\"\" align=\"center\">10\u00a0~\u00a0200<\/p>\n<\/td>\n<td valign=\"center\" width=\"124\">\n<p class=\"\" align=\"center\">10\u00a0~\u00a0200<\/p>\n<\/td>\n<td valign=\"center\" width=\"124\">\n<p class=\"\" align=\"center\">250 ~ 350<\/p>\n<\/td>\n<\/tr>\n<tr>\n<td valign=\"center\" width=\"142\">\n<p class=\"\" align=\"center\">PH-Wert<\/p>\n<\/td>\n<td valign=\"center\" width=\"142\">\n<p class=\"\" align=\"center\">4.5\u00a0~\u00a07<\/p>\n<\/td>\n<td valign=\"center\" width=\"124\">\n<p class=\"\" align=\"center\">4.5\u00a0~\u00a07<\/p>\n<\/td>\n<td valign=\"center\" width=\"124\">\n<p class=\"\" align=\"center\">6 ~ 8<\/p>\n<\/td>\n<\/tr>\n<tr>\n<td valign=\"center\" width=\"142\">\n<p class=\"\" align=\"center\">Empfohlenes L\u00f6sungsmittel<\/p>\n<\/td>\n<td valign=\"center\" width=\"142\">\n<p class=\"\" align=\"center\">Ester, Keton,<\/p>\n<p class=\"\" align=\"center\">Ethylcyclohexan<\/p>\n<p class=\"\" align=\"center\">Oder gemischtes L\u00f6sungsmittel<\/p>\n<\/td>\n<td valign=\"center\" width=\"124\">\n<p class=\"\" align=\"center\">\u00a0Ester, Keton,<\/p>\n<p class=\"\" align=\"center\">Ethylcyclohexan<\/p>\n<p class=\"\" align=\"center\">Oder gemischtes L\u00f6sungsmittel<\/p>\n<\/td>\n<td valign=\"center\" width=\"124\">\n<p class=\"\" align=\"center\">Toluol<\/p>\n<\/td>\n<\/tr>\n<\/tbody>\n<\/table>\n<\/div>\n<p><strong>Chloriertes Polypropylen Verwendung<\/strong><\/p>\n<p>1. Haftung Haftvermittler CPP-Harz hat eine ausgezeichnete Haftung auf PP, PE, EPDM &amp; TPO-Materialien.<\/p>\n<p>2. Es ist ungiftig, geruchsneutral und hat keine L\u00f6sungsmittelr\u00fcckst\u00e4nde. Sie ist wasserbest\u00e4ndig, s\u00e4urebest\u00e4ndig und alkalibest\u00e4ndig. Die Komposit-Tinte von CPP hat eine stabile Leistung und gute Filmbildung Eigenschaft.<\/p>\n<p class=\"\">3. Soresyn\u00ae l\u00f6sungsmittell\u00f6sliches chloriertes PP-Harz wird als Hauptharz der Druckfarbe f\u00fcr den Stichtiefdruck auf BOPP-Folie (bi-axial orientiertes Polypropylen) verwendet.<\/p>\n<p class=\"\">4. Soresyn\u00ae CPP-Harz kann als Beschichtung f\u00fcr BOPP-Folie und als Klebstoff f\u00fcr doppellagige PP-Folie oder mit PP-Folie beschichtetes Papier in der Verpackungsindustrie verwendet werden.<\/p>\n<p class=\"\">5. Unser Polypropylen cpp-Harz wird als Klebstoff f\u00fcr Beschichtungen auf Polypropylenprofilen verwendet.<\/p>\n<p>&nbsp;<\/p>\n<p><strong>Chloriertes Polypropylen Verpackung und Versand<\/strong><\/p>\n<p>Verpackung: 25KG BAG OR BOX<\/p>\n<p>Lieferung: innerhalb von 5-7 Arbeitstagen<\/p>\n<p><strong>Lagerung von chloriertem Polypropylen<\/strong><\/p>\n<p>Das Lager ist klimatisiert und trocken.<\/p>\n<h2><strong>Kontaktieren Sie uns jetzt!<\/strong><\/h2>\n<p><strong>Wenn Sie einen Preis ben\u00f6tigen, tragen Sie bitte Ihre Kontaktdaten in das unten stehende Formular ein. Wir werden uns in der Regel innerhalb von 24 Stunden mit Ihnen in Verbindung setzen. Sie k\u00f6nnen mir auch mailen <a href=\"mailto:info@longchangchemical.com\">info@longchangchemical.com<\/a>\u00a0w\u00e4hrend der Gesch\u00e4ftszeiten ( 8:30 bis 18:00 Uhr UTC+8 Mo.~Sa. ) oder nutzen Sie den Live-Chat auf der Website, um eine schnelle Antwort zu erhalten.<\/strong><\/p>","protected":false},"excerpt":{"rendered":"<p>Chemische Bezeichnung:POLYPROPYLEN,CHLORINIERT<\/p>\n<p>CAS-Nr.: 68442-33-1<\/p>\n<p>Summenformel:C8H15Cl<\/p>\n<p>Molekulargewicht:146.6577<\/p>\n<p>MolekulareStruktur:<img decoding=\"async\" title=\"POLYPROPYLEN,CHLORINIERT Struktur\" src=\"https:\/\/www.longchangchemical.com\/wp-content\/uploads\/product-details\/20200611247186.png\" alt=\"POLYPROPYLEN,CHLORINIERT Struktur\" width=\"114\" height=\"245\" border=\"0\" vspace=\"0\" \/><\/p>\n<p>Erscheinungsbild: Wei\u00df bis Beige Kleine Artikel<\/p>","protected":false},"featured_media":0,"comment_status":"open","ping_status":"closed","template":"","meta":[],"product_brand":[],"product_cat":[116],"product_tag":[],"class_list":{"0":"post-3799","1":"product","2":"type-product","3":"status-publish","5":"product_cat-soresyn-resin","7":"first","8":"instock","9":"shipping-taxable","10":"product-type-simple"},"yoast_head":"<!-- This site is optimized with the Yoast SEO plugin v25.3.1 - https:\/\/yoast.com\/wordpress\/plugins\/seo\/ -->\n<title>China CPP Resins \/ Chlorinated Polypropylene Manufacturer | CAS 68442-33-1 Factory and supplier - Longchang Chemical<\/title>\n<meta name=\"description\" content=\"Soresyn\u00ae CPP Resins \/ Chlorinated Polypropylene CAS 68442-33-1 is a key product of Longchang Chemical. We provide the best price. We are the leading manufacturer in China with the best quality and competitive price.\" \/>\n<meta name=\"robots\" content=\"index, follow, max-snippet:-1, max-image-preview:large, max-video-preview:-1\" \/>\n<link rel=\"canonical\" href=\"https:\/\/longchangchemical.com\/de\/product\/chlorinatedpolypropylene-cas-68442-33-1\/\" \/>\n<meta property=\"og:locale\" content=\"de_DE\" \/>\n<meta property=\"og:type\" content=\"article\" \/>\n<meta property=\"og:title\" content=\"China CPP Resins \/ Chlorinated Polypropylene Manufacturer | CAS 68442-33-1 Factory and supplier - Longchang Chemical\" \/>\n<meta property=\"og:description\" content=\"Soresyn\u00ae CPP Resins \/ Chlorinated Polypropylene CAS 68442-33-1 is a key product of Longchang Chemical. We provide the best price. We are the leading manufacturer in China with the best quality and competitive price.\" \/>\n<meta property=\"og:url\" content=\"https:\/\/longchangchemical.com\/de\/product\/chlorinatedpolypropylene-cas-68442-33-1\/\" \/>\n<meta property=\"og:site_name\" content=\"Longchang Chemical\" \/>\n<meta property=\"article:modified_time\" content=\"2026-01-12T08:48:55+00:00\" \/>\n<meta property=\"og:image\" content=\"https:\/\/longchangchemical.com\/wp-content\/uploads\/2024\/02\/logo-jpeg.jpg\" \/>\n\t<meta property=\"og:image:width\" content=\"1000\" \/>\n\t<meta property=\"og:image:height\" content=\"1000\" \/>\n\t<meta property=\"og:image:type\" content=\"image\/jpeg\" \/>\n<meta name=\"twitter:card\" content=\"summary_large_image\" \/>\n<script type=\"application\/ld+json\" class=\"yoast-schema-graph\">{\"@context\":\"https:\/\/schema.org\",\"@graph\":[{\"@type\":\"WebPage\",\"@id\":\"https:\/\/longchangchemical.com\/product\/chlorinatedpolypropylene-cas-68442-33-1\/\",\"url\":\"https:\/\/longchangchemical.com\/product\/chlorinatedpolypropylene-cas-68442-33-1\/\",\"name\":\"China CPP Resins \/ Chlorinated Polypropylene Manufacturer | CAS 68442-33-1 Factory and supplier - Longchang Chemical\",\"isPartOf\":{\"@id\":\"https:\/\/longchangchemical.com\/#website\"},\"datePublished\":\"2024-01-11T02:18:36+00:00\",\"dateModified\":\"2026-01-12T08:48:55+00:00\",\"description\":\"Soresyn\u00ae CPP Resins \/ Chlorinated Polypropylene CAS 68442-33-1 is a key product of Longchang Chemical. We provide the best price. We are the leading manufacturer in China with the best quality and competitive price.\",\"breadcrumb\":{\"@id\":\"https:\/\/longchangchemical.com\/product\/chlorinatedpolypropylene-cas-68442-33-1\/#breadcrumb\"},\"inLanguage\":\"de\",\"potentialAction\":[{\"@type\":\"ReadAction\",\"target\":[\"https:\/\/longchangchemical.com\/product\/chlorinatedpolypropylene-cas-68442-33-1\/\"]}]},{\"@type\":\"BreadcrumbList\",\"@id\":\"https:\/\/longchangchemical.com\/product\/chlorinatedpolypropylene-cas-68442-33-1\/#breadcrumb\",\"itemListElement\":[{\"@type\":\"ListItem\",\"position\":1,\"name\":\"Home\",\"item\":\"https:\/\/longchangchemical.com\/\"},{\"@type\":\"ListItem\",\"position\":2,\"name\":\"Products Longchang\",\"item\":\"https:\/\/longchangchemical.com\/product\/\"},{\"@type\":\"ListItem\",\"position\":3,\"name\":\"Soresyn\u00ae CPP Resins \/ Chlorinated Polypropylene CAS 68442-33-1\"}]},{\"@type\":\"WebSite\",\"@id\":\"https:\/\/longchangchemical.com\/#website\",\"url\":\"https:\/\/longchangchemical.com\/\",\"name\":\"Longchang Chemical\",\"description\":\"China chemical manufacturer \uff06 supplier\",\"publisher\":{\"@id\":\"https:\/\/longchangchemical.com\/#organization\"},\"potentialAction\":[{\"@type\":\"SearchAction\",\"target\":{\"@type\":\"EntryPoint\",\"urlTemplate\":\"https:\/\/longchangchemical.com\/?s={search_term_string}\"},\"query-input\":{\"@type\":\"PropertyValueSpecification\",\"valueRequired\":true,\"valueName\":\"search_term_string\"}}],\"inLanguage\":\"de\"},{\"@type\":\"Organization\",\"@id\":\"https:\/\/longchangchemical.com\/#organization\",\"name\":\"Longchang Chemical\",\"url\":\"https:\/\/longchangchemical.com\/\",\"logo\":{\"@type\":\"ImageObject\",\"inLanguage\":\"de\",\"@id\":\"https:\/\/longchangchemical.com\/#\/schema\/logo\/image\/\",\"url\":\"https:\/\/longchangchemical.com\/wp-content\/uploads\/2020\/08\/cropped-longchang-logo.png\",\"contentUrl\":\"https:\/\/longchangchemical.com\/wp-content\/uploads\/2020\/08\/cropped-longchang-logo.png\",\"width\":512,\"height\":512,\"caption\":\"Longchang Chemical\"},\"image\":{\"@id\":\"https:\/\/longchangchemical.com\/#\/schema\/logo\/image\/\"}}]}<\/script>\n<!-- \/ Yoast SEO plugin. -->","yoast_head_json":{"title":"China CPP Harze \/ Chloriertes Polypropylen Hersteller | CAS 68442-33-1 Fabrik und Lieferant - Longchang Chemical","description":"Soresyn\u00ae CPP Resins \/ Chlorinated Polypropylene CAS 68442-33-1 ist ein Schl\u00fcsselprodukt von Longchang Chemical. Wir bieten den besten Preis. Wir sind der f\u00fchrende Hersteller in China mit der besten Qualit\u00e4t und konkurrenzf\u00e4higem Preis.","robots":{"index":"index","follow":"follow","max-snippet":"max-snippet:-1","max-image-preview":"max-image-preview:large","max-video-preview":"max-video-preview:-1"},"canonical":"https:\/\/longchangchemical.com\/de\/product\/chlorinatedpolypropylene-cas-68442-33-1\/","og_locale":"de_DE","og_type":"article","og_title":"China CPP Resins \/ Chlorinated Polypropylene Manufacturer | CAS 68442-33-1 Factory and supplier - Longchang Chemical","og_description":"Soresyn\u00ae CPP Resins \/ Chlorinated Polypropylene CAS 68442-33-1 is a key product of Longchang Chemical. We provide the best price. We are the leading manufacturer in China with the best quality and competitive price.","og_url":"https:\/\/longchangchemical.com\/de\/product\/chlorinatedpolypropylene-cas-68442-33-1\/","og_site_name":"Longchang Chemical","article_modified_time":"2026-01-12T08:48:55+00:00","og_image":[{"width":1000,"height":1000,"url":"https:\/\/longchangchemical.com\/wp-content\/uploads\/2024\/02\/logo-jpeg.jpg","type":"image\/jpeg"}],"twitter_card":"summary_large_image","schema":{"@context":"https:\/\/schema.org","@graph":[{"@type":"WebPage","@id":"https:\/\/longchangchemical.com\/product\/chlorinatedpolypropylene-cas-68442-33-1\/","url":"https:\/\/longchangchemical.com\/product\/chlorinatedpolypropylene-cas-68442-33-1\/","name":"China CPP Harze \/ Chloriertes Polypropylen Hersteller | CAS 68442-33-1 Fabrik und Lieferant - Longchang Chemical","isPartOf":{"@id":"https:\/\/longchangchemical.com\/#website"},"datePublished":"2024-01-11T02:18:36+00:00","dateModified":"2026-01-12T08:48:55+00:00","description":"Soresyn\u00ae CPP Resins \/ Chlorinated Polypropylene CAS 68442-33-1 ist ein Schl\u00fcsselprodukt von Longchang Chemical. Wir bieten den besten Preis. Wir sind der f\u00fchrende Hersteller in China mit der besten Qualit\u00e4t und konkurrenzf\u00e4higem Preis.","breadcrumb":{"@id":"https:\/\/longchangchemical.com\/product\/chlorinatedpolypropylene-cas-68442-33-1\/#breadcrumb"},"inLanguage":"de","potentialAction":[{"@type":"ReadAction","target":["https:\/\/longchangchemical.com\/product\/chlorinatedpolypropylene-cas-68442-33-1\/"]}]},{"@type":"BreadcrumbList","@id":"https:\/\/longchangchemical.com\/product\/chlorinatedpolypropylene-cas-68442-33-1\/#breadcrumb","itemListElement":[{"@type":"ListItem","position":1,"name":"Home","item":"https:\/\/longchangchemical.com\/"},{"@type":"ListItem","position":2,"name":"Products Longchang","item":"https:\/\/longchangchemical.com\/product\/"},{"@type":"ListItem","position":3,"name":"Soresyn\u00ae CPP Resins \/ Chlorinated Polypropylene CAS 68442-33-1"}]},{"@type":"WebSite","@id":"https:\/\/longchangchemical.com\/#website","url":"https:\/\/longchangchemical.com\/","name":"Longchang Chemical","description":"China Hersteller von Chemikalien \uff06 Lieferant","publisher":{"@id":"https:\/\/longchangchemical.com\/#organization"},"potentialAction":[{"@type":"SearchAction","target":{"@type":"EntryPoint","urlTemplate":"https:\/\/longchangchemical.com\/?s={search_term_string}"},"query-input":{"@type":"PropertyValueSpecification","valueRequired":true,"valueName":"search_term_string"}}],"inLanguage":"de"},{"@type":"Organization","@id":"https:\/\/longchangchemical.com\/#organization","name":"Longchang Chemical","url":"https:\/\/longchangchemical.com\/","logo":{"@type":"ImageObject","inLanguage":"de","@id":"https:\/\/longchangchemical.com\/#\/schema\/logo\/image\/","url":"https:\/\/longchangchemical.com\/wp-content\/uploads\/2020\/08\/cropped-longchang-logo.png","contentUrl":"https:\/\/longchangchemical.com\/wp-content\/uploads\/2020\/08\/cropped-longchang-logo.png","width":512,"height":512,"caption":"Longchang Chemical"},"image":{"@id":"https:\/\/longchangchemical.com\/#\/schema\/logo\/image\/"}}]}},"_links":{"self":[{"href":"https:\/\/longchangchemical.com\/de\/wp-json\/wp\/v2\/product\/3799","targetHints":{"allow":["GET"]}}],"collection":[{"href":"https:\/\/longchangchemical.com\/de\/wp-json\/wp\/v2\/product"}],"about":[{"href":"https:\/\/longchangchemical.com\/de\/wp-json\/wp\/v2\/types\/product"}],"replies":[{"embeddable":true,"href":"https:\/\/longchangchemical.com\/de\/wp-json\/wp\/v2\/comments?post=3799"}],"wp:attachment":[{"href":"https:\/\/longchangchemical.com\/de\/wp-json\/wp\/v2\/media?parent=3799"}],"wp:term":[{"taxonomy":"product_brand","embeddable":true,"href":"https:\/\/longchangchemical.com\/de\/wp-json\/wp\/v2\/product_brand?post=3799"},{"taxonomy":"product_cat","embeddable":true,"href":"https:\/\/longchangchemical.com\/de\/wp-json\/wp\/v2\/product_cat?post=3799"},{"taxonomy":"product_tag","embeddable":true,"href":"https:\/\/longchangchemical.com\/de\/wp-json\/wp\/v2\/product_tag?post=3799"}],"curies":[{"name":"wp","href":"https:\/\/api.w.org\/{rel}","templated":true}]}}