{"id":3771,"date":"2021-07-29T07:21:15","date_gmt":"2021-07-29T07:21:15","guid":{"rendered":"https:\/\/longchangchemical.com\/?post_type=product&#038;p=3771"},"modified":"2025-12-22T07:52:51","modified_gmt":"2025-12-22T07:52:51","slug":"n-lauroyl-l-glutamic-acid-cas-3397-65-7","status":"publish","type":"product","link":"https:\/\/longchangchemical.com\/de\/product\/n-lauroyl-l-glutamic-acid-cas-3397-65-7\/","title":{"rendered":"n-Lauroyl-l-Glutamins\u00e4ure cas 3397-65-7"},"content":{"rendered":"<h1><strong>N-Lauroyl-l-Glutamins\u00e4ure\u00a0<\/strong><\/h1>\n<table class=\"table-1\" cellspacing=\"0\">\n<tbody>\n<tr>\n<td>\n<h4>Artikel<\/h4>\n<\/td>\n<td>\n<h4>Spezifikationen<\/h4>\n<\/td>\n<td>\n<h4>Ergebnisse<\/h4>\n<\/td>\n<\/tr>\n<tr>\n<td>\n<h4>Erscheinungsbild<\/h4>\n<\/td>\n<td>\n<h4>Wei\u00dfes oder \u00e4hnliches wei\u00dfes Pulver und Partikel<br \/>\nohne mechanische Verunreinigungen<\/h4>\n<\/td>\n<td>\n<h4>Wei\u00dfe Partikel, keine mechanischen Verunreinigungen<\/h4>\n<\/td>\n<\/tr>\n<tr>\n<td>\n<h4>Geruch<\/h4>\n<\/td>\n<td>\n<h4>Kein besonderer Geruch<\/h4>\n<\/td>\n<td>\n<h4>Kein besonderer Geruch<\/h4>\n<\/td>\n<\/tr>\n<tr>\n<td>\n<h4>Wirkstoffgehalt %<\/h4>\n<\/td>\n<td>\n<h4>\u226595<\/h4>\n<\/td>\n<td>\n<h4>98.01<\/h4>\n<\/td>\n<\/tr>\n<tr>\n<td>\n<h4>S\u00e4urewert (mgKOH\/g)<\/h4>\n<\/td>\n<td>\n<h4>300~360<\/h4>\n<\/td>\n<td>\n<h4>339.31<\/h4>\n<\/td>\n<\/tr>\n<tr>\n<td>\n<h4>Wasser %<\/h4>\n<\/td>\n<td>\n<h4>\u22645<\/h4>\n<\/td>\n<td>\n<h4>1.53<\/h4>\n<\/td>\n<\/tr>\n<tr>\n<td>\n<h4>PH-Wert,25\u2103\uff0c5% Ethanol-Wasser-L\u00f6sung<\/h4>\n<\/td>\n<td>\n<h4>2.0~3.0<\/h4>\n<\/td>\n<td>\n<h4>2.65<\/h4>\n<\/td>\n<\/tr>\n<tr>\n<td>\n<h4>Natriumchlorid-Gehalt %<\/h4>\n<\/td>\n<td>\n<h4>\u22641<\/h4>\n<\/td>\n<td>\n<h4>0.46<\/h4>\n<\/td>\n<\/tr>\n<tr>\n<td>\n<h4>Schwermetalle (ppm)<\/h4>\n<\/td>\n<td>\n<h4>\u226410<\/h4>\n<\/td>\n<td>\n<h4>\u226410<\/h4>\n<\/td>\n<\/tr>\n<tr>\n<td>\n<h4>As (ppm)<\/h4>\n<\/td>\n<td>\n<h4>\u22642.0<\/h4>\n<\/td>\n<td>\n<h4>\u22642.0<\/h4>\n<\/td>\n<\/tr>\n<tr>\n<td>\n<h4>Schlussfolgerung<\/h4>\n<\/td>\n<td colspan=\"2\">\n<h4>Die Ergebnisse entsprechen den Unternehmensstandards<\/h4>\n<\/td>\n<\/tr>\n<\/tbody>\n<\/table>\n<p>&nbsp;<\/p>\n<h2><strong>Verfahren zur Herstellung von N-Lauroyl-l-Glutamins\u00e4ure<\/strong><\/h2>\n<h4>Dieses Produkt ist acyliert mit <span style=\"color: #3366ff;\"><a style=\"color: #3366ff;\" href=\"https:\/\/longchangchemical.com\/de\/product\/lauroyl-chloride-cas-112-16-3\/\">Lauroylchlorid<\/a><\/span> und Glutamins\u00e4ure.<\/h4>\n<p>&nbsp;<\/p>\n<h2><strong>N-Lauroyl-l-Glutamins\u00e4ure Verwendung<\/strong><\/h2>\n<h4>1. Das gro\u00dftechnische Herstellungsverfahren basiert auf Glutamins\u00e4ure und Lauroylchlorid als Rohstoffen, und die Acylierungsreaktion wird unter einem bestimmten pH-Wert und einem polaren gemischten L\u00f6sungsmittel durchgef\u00fchrt, und schlie\u00dflich kann ein hochwertiger reiner wei\u00dfer kristalliner Feststoff mit einer Reinheit von mehr als 98% gewonnen werden. .<\/h4>\n<h4>2. Die Verbindung wird h\u00e4ufig als Rohstoff f\u00fcr die Herstellung von Tensiden des Glutamat-Typs verwendet und kann auch direkt als anionisches Tensid (in mittlerem oder alkalischem Milieu, Natrium- oder Kaliumsalz, das in verschiedenen Reinigungsmitteln verwendet werden kann) eingesetzt werden, das im alkalischen Zustand elastischen Schaum liefert.<\/h4>\n<h4>3. Seine w\u00e4ssrige L\u00f6sung ist leicht sauer und kann direkt zu verschiedenen Reinigungsmitteln hinzugef\u00fcgt werden, um elastischen Schaum zu erzeugen. Nach dem Waschen ist die Haut nicht gespannt, sondern glatt und frisch. Es kann auch zur Herstellung von Lauroylglutamat-Diestern verwendet werden, wie z. B. Bis-Stearyl-Lauroylglutamat, Sterol\/Octyldodecanol-Lauroylglutamat usw.<\/h4>\n<p>&nbsp;<\/p>\n<h2><strong>N-Lauroyl-l-Glutamins\u00e4ure Leistungsmerkmale<\/strong><\/h2>\n<h4>1. das Produkt ist mild, komfortabel und seidig nach der Anwendung.<\/h4>\n<h4>2.Schaum ist reichhaltig, besonders unter sauren Bedingungen.<\/h4>\n<h4>3. die Entfettungskraft der Seifenbasis deutlich zu verringern.<\/h4>\n<h4>4. das K\u00e4mmen der Haare zu verbessern<\/h4>\n<h4>5. ausgezeichnete biologische Abbaubarkeit<\/h4>\n<h4>6. ein gewisses Ma\u00df an hartem Wasser und Salz widerstehen.<\/h4>\n<h4><\/h4>\n<h2><strong>N-Lauroyl-l-Glutamins\u00e4ure Dosierung<\/strong><\/h2>\n<h4>5%-30%<\/h4>\n<p>&nbsp;<\/p>\n<h2><strong>N-Lauroyl-l-Glutamins\u00e4ure <\/strong><strong>Verpackung und Versand<\/strong><\/h2>\n<h4>25kg\/Fass<\/h4>\n<p>&nbsp;<\/p>\n<h2><strong>N-Lauroyl-l-Glutamins\u00e4ure Lagerung<\/strong><\/h2>\n<h4>An einem k\u00fchlen, bel\u00fcfteten Ort aufbewahren, vor Licht sch\u00fctzen und Feuchtigkeit und Regen vermeiden. Bei Nichtgebrauch versiegelt aufbewahren. Nicht mit starken S\u00e4uren, Laugen oder Oxidationsmitteln in Ber\u00fchrung bringen. Bitte behandeln Sie es vorsichtig, um Sch\u00e4den und Auslaufen zu vermeiden.<\/h4>\n<p>&nbsp;<\/p>\n<h2><strong><b>Kontaktieren Sie uns jetzt!<\/b><\/strong><\/h2>\n<h4><strong><b>Wenn Sie COA, MSDS oder TDS ben\u00f6tigen, geben Sie bitte Ihre Kontaktinformationen in das untenstehende Formular ein. Wir werden uns in der Regel innerhalb von 24 Stunden mit Ihnen in Verbindung setzen. Sie k\u00f6nnen mir auch eine E-Mail schicken <span style=\"color: #0000ff;\"><a style=\"color: #0000ff;\" href=\"mailto:info@longchangchemical.com\">info@longchangchemical.com<\/a><\/span> w\u00e4hrend der Gesch\u00e4ftszeiten ( 8:30 bis 18:00 Uhr UTC+8 Mo.~Sa. ) oder nutzen Sie den Live-Chat auf der Website, um eine schnelle Antwort zu erhalten.<\/b><\/strong><\/h4>","protected":false},"excerpt":{"rendered":"<h4>Chemische Bezeichnung: N-Lauroyl-l-Glutamins\u00e4ure<\/h4>\n<h4>CAS-Nr.: 3397-65-7<\/h4>\n<h4>Summenformel:C17H31NO5<\/h4>\n<h4>Molekulargewicht: 329,43<\/h4>\n<h4>\u00c4u\u00dferes Erscheinungsbild: Wei\u00dfes oder \u00e4hnliches wei\u00dfes Pulver und Partikel ohne mechanische Verunreinigungen<\/h4>\n<h4>Assay: 95%<\/h4>","protected":false},"featured_media":4745,"comment_status":"open","ping_status":"closed","template":"","meta":[],"product_brand":[],"product_cat":[103],"product_tag":[],"class_list":{"0":"post-3771","1":"product","2":"type-product","3":"status-publish","4":"has-post-thumbnail","6":"product_cat-cosmetic-additives","8":"first","9":"instock","10":"shipping-taxable","11":"product-type-simple"},"yoast_head":"<!-- This site is optimized with the Yoast SEO plugin v25.3.1 - https:\/\/yoast.com\/wordpress\/plugins\/seo\/ -->\n<title>China N-lauroyl-l-glutamic acid manufacturer - Longchang Chemical<\/title>\n<meta name=\"description\" content=\"Longchang Chemical is a china Leading N-lauroyl-l-glutamic acid manufacturer and 3397-65-7 supplier. We can provide the best N-lauroyl-l-glutamic acid price\" \/>\n<meta name=\"robots\" content=\"index, follow, max-snippet:-1, max-image-preview:large, max-video-preview:-1\" \/>\n<link rel=\"canonical\" href=\"https:\/\/longchangchemical.com\/de\/product\/n-lauroyl-l-glutamic-acid-cas-3397-65-7\/\" \/>\n<meta property=\"og:locale\" content=\"de_DE\" \/>\n<meta property=\"og:type\" content=\"article\" \/>\n<meta property=\"og:title\" content=\"China N-lauroyl-l-glutamic acid manufacturer - Longchang Chemical\" \/>\n<meta property=\"og:description\" content=\"Longchang Chemical is a china Leading N-lauroyl-l-glutamic acid manufacturer and 3397-65-7 supplier. We can provide the best N-lauroyl-l-glutamic acid price\" \/>\n<meta property=\"og:url\" content=\"https:\/\/longchangchemical.com\/de\/product\/n-lauroyl-l-glutamic-acid-cas-3397-65-7\/\" \/>\n<meta property=\"og:site_name\" content=\"Longchang Chemical\" \/>\n<meta property=\"article:modified_time\" content=\"2025-12-22T07:52:51+00:00\" \/>\n<meta property=\"og:image\" content=\"https:\/\/longchangchemical.com\/wp-content\/uploads\/2021\/01\/N-lauroyl-l-glutamic-acid-appearance.jpg\" \/>\n\t<meta property=\"og:image:width\" content=\"600\" \/>\n\t<meta property=\"og:image:height\" content=\"800\" \/>\n\t<meta property=\"og:image:type\" content=\"image\/jpeg\" \/>\n<meta name=\"twitter:card\" content=\"summary_large_image\" \/>\n<script type=\"application\/ld+json\" class=\"yoast-schema-graph\">{\"@context\":\"https:\/\/schema.org\",\"@graph\":[{\"@type\":\"WebPage\",\"@id\":\"https:\/\/longchangchemical.com\/product\/n-lauroyl-l-glutamic-acid-cas-3397-65-7\/\",\"url\":\"https:\/\/longchangchemical.com\/product\/n-lauroyl-l-glutamic-acid-cas-3397-65-7\/\",\"name\":\"China N-lauroyl-l-glutamic acid manufacturer - Longchang Chemical\",\"isPartOf\":{\"@id\":\"https:\/\/longchangchemical.com\/#website\"},\"primaryImageOfPage\":{\"@id\":\"https:\/\/longchangchemical.com\/product\/n-lauroyl-l-glutamic-acid-cas-3397-65-7\/#primaryimage\"},\"image\":{\"@id\":\"https:\/\/longchangchemical.com\/product\/n-lauroyl-l-glutamic-acid-cas-3397-65-7\/#primaryimage\"},\"thumbnailUrl\":\"https:\/\/longchangchemical.com\/wp-content\/uploads\/2021\/01\/N-lauroyl-l-glutamic-acid-appearance.jpg\",\"datePublished\":\"2021-07-29T07:21:15+00:00\",\"dateModified\":\"2025-12-22T07:52:51+00:00\",\"description\":\"Longchang Chemical is a china Leading N-lauroyl-l-glutamic acid manufacturer and 3397-65-7 supplier. We can provide the best N-lauroyl-l-glutamic acid price\",\"breadcrumb\":{\"@id\":\"https:\/\/longchangchemical.com\/product\/n-lauroyl-l-glutamic-acid-cas-3397-65-7\/#breadcrumb\"},\"inLanguage\":\"de\",\"potentialAction\":[{\"@type\":\"ReadAction\",\"target\":[\"https:\/\/longchangchemical.com\/product\/n-lauroyl-l-glutamic-acid-cas-3397-65-7\/\"]}]},{\"@type\":\"ImageObject\",\"inLanguage\":\"de\",\"@id\":\"https:\/\/longchangchemical.com\/product\/n-lauroyl-l-glutamic-acid-cas-3397-65-7\/#primaryimage\",\"url\":\"https:\/\/longchangchemical.com\/wp-content\/uploads\/2021\/01\/N-lauroyl-l-glutamic-acid-appearance.jpg\",\"contentUrl\":\"https:\/\/longchangchemical.com\/wp-content\/uploads\/2021\/01\/N-lauroyl-l-glutamic-acid-appearance.jpg\",\"width\":600,\"height\":800},{\"@type\":\"BreadcrumbList\",\"@id\":\"https:\/\/longchangchemical.com\/product\/n-lauroyl-l-glutamic-acid-cas-3397-65-7\/#breadcrumb\",\"itemListElement\":[{\"@type\":\"ListItem\",\"position\":1,\"name\":\"Home\",\"item\":\"https:\/\/longchangchemical.com\/\"},{\"@type\":\"ListItem\",\"position\":2,\"name\":\"Products Longchang\",\"item\":\"https:\/\/longchangchemical.com\/product\/\"},{\"@type\":\"ListItem\",\"position\":3,\"name\":\"n-lauroyl-l-glutamic acid cas 3397-65-7\"}]},{\"@type\":\"WebSite\",\"@id\":\"https:\/\/longchangchemical.com\/#website\",\"url\":\"https:\/\/longchangchemical.com\/\",\"name\":\"Longchang Chemical\",\"description\":\"China chemical manufacturer \uff06 supplier\",\"publisher\":{\"@id\":\"https:\/\/longchangchemical.com\/#organization\"},\"potentialAction\":[{\"@type\":\"SearchAction\",\"target\":{\"@type\":\"EntryPoint\",\"urlTemplate\":\"https:\/\/longchangchemical.com\/?s={search_term_string}\"},\"query-input\":{\"@type\":\"PropertyValueSpecification\",\"valueRequired\":true,\"valueName\":\"search_term_string\"}}],\"inLanguage\":\"de\"},{\"@type\":\"Organization\",\"@id\":\"https:\/\/longchangchemical.com\/#organization\",\"name\":\"Longchang Chemical\",\"url\":\"https:\/\/longchangchemical.com\/\",\"logo\":{\"@type\":\"ImageObject\",\"inLanguage\":\"de\",\"@id\":\"https:\/\/longchangchemical.com\/#\/schema\/logo\/image\/\",\"url\":\"https:\/\/longchangchemical.com\/wp-content\/uploads\/2020\/08\/cropped-longchang-logo.png\",\"contentUrl\":\"https:\/\/longchangchemical.com\/wp-content\/uploads\/2020\/08\/cropped-longchang-logo.png\",\"width\":512,\"height\":512,\"caption\":\"Longchang Chemical\"},\"image\":{\"@id\":\"https:\/\/longchangchemical.com\/#\/schema\/logo\/image\/\"}}]}<\/script>\n<!-- \/ Yoast SEO plugin. -->","yoast_head_json":{"title":"China N-Lauroyl-l-Glutamins\u00e4ure Hersteller - Longchang Chemical","description":"Longchang Chemical ist ein f\u00fchrendes China N-lauroyl-l-glutamins\u00e4ure Hersteller und 3397-65-7 Lieferant. Wir k\u00f6nnen die besten N-lauroyl-l-Glutamins\u00e4ure Preis bieten","robots":{"index":"index","follow":"follow","max-snippet":"max-snippet:-1","max-image-preview":"max-image-preview:large","max-video-preview":"max-video-preview:-1"},"canonical":"https:\/\/longchangchemical.com\/de\/product\/n-lauroyl-l-glutamic-acid-cas-3397-65-7\/","og_locale":"de_DE","og_type":"article","og_title":"China N-lauroyl-l-glutamic acid manufacturer - Longchang Chemical","og_description":"Longchang Chemical is a china Leading N-lauroyl-l-glutamic acid manufacturer and 3397-65-7 supplier. We can provide the best N-lauroyl-l-glutamic acid price","og_url":"https:\/\/longchangchemical.com\/de\/product\/n-lauroyl-l-glutamic-acid-cas-3397-65-7\/","og_site_name":"Longchang Chemical","article_modified_time":"2025-12-22T07:52:51+00:00","og_image":[{"width":600,"height":800,"url":"https:\/\/longchangchemical.com\/wp-content\/uploads\/2021\/01\/N-lauroyl-l-glutamic-acid-appearance.jpg","type":"image\/jpeg"}],"twitter_card":"summary_large_image","schema":{"@context":"https:\/\/schema.org","@graph":[{"@type":"WebPage","@id":"https:\/\/longchangchemical.com\/product\/n-lauroyl-l-glutamic-acid-cas-3397-65-7\/","url":"https:\/\/longchangchemical.com\/product\/n-lauroyl-l-glutamic-acid-cas-3397-65-7\/","name":"China N-Lauroyl-l-Glutamins\u00e4ure Hersteller - Longchang Chemical","isPartOf":{"@id":"https:\/\/longchangchemical.com\/#website"},"primaryImageOfPage":{"@id":"https:\/\/longchangchemical.com\/product\/n-lauroyl-l-glutamic-acid-cas-3397-65-7\/#primaryimage"},"image":{"@id":"https:\/\/longchangchemical.com\/product\/n-lauroyl-l-glutamic-acid-cas-3397-65-7\/#primaryimage"},"thumbnailUrl":"https:\/\/longchangchemical.com\/wp-content\/uploads\/2021\/01\/N-lauroyl-l-glutamic-acid-appearance.jpg","datePublished":"2021-07-29T07:21:15+00:00","dateModified":"2025-12-22T07:52:51+00:00","description":"Longchang Chemical ist ein f\u00fchrendes China N-lauroyl-l-glutamins\u00e4ure Hersteller und 3397-65-7 Lieferant. Wir k\u00f6nnen die besten N-lauroyl-l-Glutamins\u00e4ure Preis bieten","breadcrumb":{"@id":"https:\/\/longchangchemical.com\/product\/n-lauroyl-l-glutamic-acid-cas-3397-65-7\/#breadcrumb"},"inLanguage":"de","potentialAction":[{"@type":"ReadAction","target":["https:\/\/longchangchemical.com\/product\/n-lauroyl-l-glutamic-acid-cas-3397-65-7\/"]}]},{"@type":"ImageObject","inLanguage":"de","@id":"https:\/\/longchangchemical.com\/product\/n-lauroyl-l-glutamic-acid-cas-3397-65-7\/#primaryimage","url":"https:\/\/longchangchemical.com\/wp-content\/uploads\/2021\/01\/N-lauroyl-l-glutamic-acid-appearance.jpg","contentUrl":"https:\/\/longchangchemical.com\/wp-content\/uploads\/2021\/01\/N-lauroyl-l-glutamic-acid-appearance.jpg","width":600,"height":800},{"@type":"BreadcrumbList","@id":"https:\/\/longchangchemical.com\/product\/n-lauroyl-l-glutamic-acid-cas-3397-65-7\/#breadcrumb","itemListElement":[{"@type":"ListItem","position":1,"name":"Home","item":"https:\/\/longchangchemical.com\/"},{"@type":"ListItem","position":2,"name":"Products Longchang","item":"https:\/\/longchangchemical.com\/product\/"},{"@type":"ListItem","position":3,"name":"n-lauroyl-l-glutamic acid cas 3397-65-7"}]},{"@type":"WebSite","@id":"https:\/\/longchangchemical.com\/#website","url":"https:\/\/longchangchemical.com\/","name":"Longchang Chemical","description":"China Hersteller von Chemikalien \uff06 Lieferant","publisher":{"@id":"https:\/\/longchangchemical.com\/#organization"},"potentialAction":[{"@type":"SearchAction","target":{"@type":"EntryPoint","urlTemplate":"https:\/\/longchangchemical.com\/?s={search_term_string}"},"query-input":{"@type":"PropertyValueSpecification","valueRequired":true,"valueName":"search_term_string"}}],"inLanguage":"de"},{"@type":"Organization","@id":"https:\/\/longchangchemical.com\/#organization","name":"Longchang Chemical","url":"https:\/\/longchangchemical.com\/","logo":{"@type":"ImageObject","inLanguage":"de","@id":"https:\/\/longchangchemical.com\/#\/schema\/logo\/image\/","url":"https:\/\/longchangchemical.com\/wp-content\/uploads\/2020\/08\/cropped-longchang-logo.png","contentUrl":"https:\/\/longchangchemical.com\/wp-content\/uploads\/2020\/08\/cropped-longchang-logo.png","width":512,"height":512,"caption":"Longchang Chemical"},"image":{"@id":"https:\/\/longchangchemical.com\/#\/schema\/logo\/image\/"}}]}},"_links":{"self":[{"href":"https:\/\/longchangchemical.com\/de\/wp-json\/wp\/v2\/product\/3771","targetHints":{"allow":["GET"]}}],"collection":[{"href":"https:\/\/longchangchemical.com\/de\/wp-json\/wp\/v2\/product"}],"about":[{"href":"https:\/\/longchangchemical.com\/de\/wp-json\/wp\/v2\/types\/product"}],"replies":[{"embeddable":true,"href":"https:\/\/longchangchemical.com\/de\/wp-json\/wp\/v2\/comments?post=3771"}],"wp:featuredmedia":[{"embeddable":true,"href":"https:\/\/longchangchemical.com\/de\/wp-json\/wp\/v2\/media\/4745"}],"wp:attachment":[{"href":"https:\/\/longchangchemical.com\/de\/wp-json\/wp\/v2\/media?parent=3771"}],"wp:term":[{"taxonomy":"product_brand","embeddable":true,"href":"https:\/\/longchangchemical.com\/de\/wp-json\/wp\/v2\/product_brand?post=3771"},{"taxonomy":"product_cat","embeddable":true,"href":"https:\/\/longchangchemical.com\/de\/wp-json\/wp\/v2\/product_cat?post=3771"},{"taxonomy":"product_tag","embeddable":true,"href":"https:\/\/longchangchemical.com\/de\/wp-json\/wp\/v2\/product_tag?post=3771"}],"curies":[{"name":"wp","href":"https:\/\/api.w.org\/{rel}","templated":true}]}}