{"id":3726,"date":"2023-05-08T11:41:49","date_gmt":"2023-05-08T11:41:49","guid":{"rendered":"https:\/\/longchangchemical.com\/?post_type=product&#038;p=3726"},"modified":"2026-01-09T07:18:27","modified_gmt":"2026-01-09T07:18:27","slug":"lcsorb-bp-4-cas-4065-45-6","status":"publish","type":"product","link":"https:\/\/longchangchemical.com\/de\/product\/lcsorb-bp-4-cas-4065-45-6\/","title":{"rendered":"CHLUMIUV\u00ae BP-4 CAS 4065-45-6"},"content":{"rendered":"<h1><strong>BP-4 CAS 4065-45-6<\/strong><\/h1>\n<table class=\"table-1\" cellspacing=\"1\">\n<tbody>\n<tr>\n<td>Artikel<\/td>\n<td>Spezifikationen<\/td>\n<\/tr>\n<tr>\n<td>Erscheinungsbild<\/td>\n<td>Off-wei\u00dfes oder hellgelbes kristallines Pulver<\/td>\n<\/tr>\n<tr>\n<td>Schmelzpunkt<\/td>\n<td>\u2265140\u00b0C<\/td>\n<\/tr>\n<tr>\n<td rowspan=\"2\">SpezifischesAussterben(1%,1cm)<\/td>\n<td>E285:\u2265460<\/td>\n<\/tr>\n<tr>\n<td>E325:\u2265290<\/td>\n<\/tr>\n<tr>\n<td>Lossondrying<\/td>\n<td>\u22643.0%<\/td>\n<\/tr>\n<tr>\n<td>Gardnercolor<\/td>\n<td>\u22642.0<\/td>\n<\/tr>\n<tr>\n<td>Schwermetalle<\/td>\n<td>\u22645ppm<\/td>\n<\/tr>\n<tr>\n<td>Tr\u00fcbung<\/td>\n<td>\u22644.0EBC<\/td>\n<\/tr>\n<tr>\n<td>PH-Wert<\/td>\n<td>1.2~2.2<\/td>\n<\/tr>\n<tr>\n<td>Assay<\/td>\n<td>\u226599.0%<\/td>\n<\/tr>\n<\/tbody>\n<\/table>\n<p><strong>2-Hydroxy-4-methoxybenzophenon-5-sulfons\u00e4ure Verwendung<\/strong><\/p>\n<p>1. Haupts\u00e4chlich f\u00fcr wasserl\u00f6sliche in Kosmetika als Widerstand gegen Sonnenschutzmittel, kann auch in anderen wasserl\u00f6slichen Tinte, Farbe, etc. f\u00fcr UV-Absorber verwendet werden.<\/p>\n<p>2. Als Anti-Ultraviolett-Ausr\u00fcstungsmittel f\u00fcr Baumwollgewebe hat die Polyesterfaser eine gute Anti-Aging- und Erweichungswirkung.<\/p>\n<p>3. Haupts\u00e4chlich verwendet f\u00fcr wasserl\u00f6sliche in Kosmetika als Widerstand gegen Sonnenschutzmittel, kann auch in anderen wasserl\u00f6slichen Tinte, Farbe, etc. f\u00fcr UV-Absorber verwendet werden.<\/p>\n<p>4. Ein Breitspektrum-UV-Absorber, Absorption mit hoher Effizienz, ungiftige Nebenwirkungen, keine Teratogenit\u00e4t, optische, thermische Stabilit\u00e4t ist gut f\u00fcr einen Vorteil warten, kann es auch absorbieren uv-a und UV - B, wird von der FDA \u2160 Art von Sonnenschutzmittel genehmigt, ist die Verwendung Frequenz h\u00f6her in den Vereinigten Staaten und Europa, weit verbreitet in Sonnencreme, Creme, Honig, Latex, \u00d6l und andere Sonnenschutzmittel Kosmetika als Anti-Ultraviolett-Finishing-Agent, der Baumwollstoff, Polyester-Faser hat gute Anti-Aging-und Erweichung Wirkung.<\/p>\n<p><strong>2-Hydroxy-4-methoxybenzophenon-5-sulfons\u00e4ure Verpackung und Versand<\/strong><\/p>\n<p>Eimer aus Pappe, Nettogewicht: 25 kg pro Fass.<\/p>\n<p><strong>2-Hydroxy-4-methoxybenzophenon-5-sulfons\u00e4ure Lagerung<\/strong><\/p>\n<p>An einem k\u00fchlen und trockenen, bel\u00fcfteten Ort aufbewahren.<\/p>\n<p>&nbsp;<\/p>\n<h2><strong>Kontaktieren Sie uns jetzt!<\/strong><\/h2>\n<p><strong>Wenn Sie COA, MSDS oder TDS von <span style=\"color: #00ccff;\"><a style=\"color: #00ccff;\" href=\"https:\/\/longchangchemical.com\/de\/product-category\/lcsorb-uv-absorber\/\">UV-Absorber<\/a><\/span>Bitte tragen Sie Ihre Kontaktdaten in das untenstehende Formular ein. Wir werden uns in der Regel innerhalb von 24 Stunden mit Ihnen in Verbindung setzen. Sie k\u00f6nnen mir auch eine E-Mail schicken <span style=\"color: #00ccff;\"><a style=\"color: #00ccff;\" href=\"mailto:info@longchangchemical.com\">info@longchangchemical.com<\/a> <\/span>w\u00e4hrend der Gesch\u00e4ftszeiten ( 8:30 bis 18:00 Uhr UTC+8 Mo.~Sa. ) oder nutzen Sie den Live-Chat auf der Website, um eine schnelle Antwort zu erhalten.<\/strong><\/p>","protected":false},"excerpt":{"rendered":"<p>Chemische Bezeichnung: 2-Hydroxy-4-methoxybenzophenon-5-sulfons\u00e4ure<\/p>\n<p>CAS-NR.: 4065-45-6<\/p>\n<p>Molekulare Formel: C14H12O6S<\/p>\n<p>Molekulargewicht: 308.31<\/p>\n<p>Aussehen:Wei\u00dfes oder hellgelbes kristallines Pulver<\/p>\n<p>Untersuchung:\u226599.0%<\/p>","protected":false},"featured_media":7945,"comment_status":"open","ping_status":"closed","template":"","meta":[],"product_brand":[],"product_cat":[139],"product_tag":[],"class_list":{"0":"post-3726","1":"product","2":"type-product","3":"status-publish","4":"has-post-thumbnail","6":"product_cat-lcsorb-uv-absorber","8":"first","9":"instock","10":"shipping-taxable","11":"product-type-simple"},"yoast_head":"<!-- This site is optimized with the Yoast SEO plugin v25.3.1 - https:\/\/yoast.com\/wordpress\/plugins\/seo\/ -->\n<title>China CHLUMIUV\u00ae BP-4 CAS 4065-45-6 Manufacturer - Longchang Chemical<\/title>\n<meta name=\"description\" content=\"CHLUMIUV\u00ae BP-4 CAS 4065-45-6 is a key product of Longchang Chemical. We provide the best price. We are the leading manufacturer in China with the best quality and competitive price.\" \/>\n<meta name=\"robots\" content=\"index, follow, max-snippet:-1, max-image-preview:large, max-video-preview:-1\" \/>\n<link rel=\"canonical\" href=\"https:\/\/longchangchemical.com\/de\/product\/lcsorb-bp-4-cas-4065-45-6\/\" \/>\n<meta property=\"og:locale\" content=\"de_DE\" \/>\n<meta property=\"og:type\" content=\"article\" \/>\n<meta property=\"og:title\" content=\"China CHLUMIUV\u00ae BP-4 CAS 4065-45-6 Manufacturer - Longchang Chemical\" \/>\n<meta property=\"og:description\" content=\"CHLUMIUV\u00ae BP-4 CAS 4065-45-6 is a key product of Longchang Chemical. We provide the best price. We are the leading manufacturer in China with the best quality and competitive price.\" \/>\n<meta property=\"og:url\" content=\"https:\/\/longchangchemical.com\/de\/product\/lcsorb-bp-4-cas-4065-45-6\/\" \/>\n<meta property=\"og:site_name\" content=\"Longchang Chemical\" \/>\n<meta property=\"article:modified_time\" content=\"2026-01-09T07:18:27+00:00\" \/>\n<meta property=\"og:image\" content=\"https:\/\/longchangchemical.com\/wp-content\/uploads\/2023\/05\/4065-45-6.jpg\" \/>\n\t<meta property=\"og:image:width\" content=\"600\" \/>\n\t<meta property=\"og:image:height\" content=\"600\" \/>\n\t<meta property=\"og:image:type\" content=\"image\/jpeg\" \/>\n<meta name=\"twitter:card\" content=\"summary_large_image\" \/>\n<script type=\"application\/ld+json\" class=\"yoast-schema-graph\">{\"@context\":\"https:\/\/schema.org\",\"@graph\":[{\"@type\":\"WebPage\",\"@id\":\"https:\/\/longchangchemical.com\/product\/lcsorb-bp-4-cas-4065-45-6\/\",\"url\":\"https:\/\/longchangchemical.com\/product\/lcsorb-bp-4-cas-4065-45-6\/\",\"name\":\"China CHLUMIUV\u00ae BP-4 CAS 4065-45-6 Manufacturer - Longchang Chemical\",\"isPartOf\":{\"@id\":\"https:\/\/longchangchemical.com\/#website\"},\"primaryImageOfPage\":{\"@id\":\"https:\/\/longchangchemical.com\/product\/lcsorb-bp-4-cas-4065-45-6\/#primaryimage\"},\"image\":{\"@id\":\"https:\/\/longchangchemical.com\/product\/lcsorb-bp-4-cas-4065-45-6\/#primaryimage\"},\"thumbnailUrl\":\"https:\/\/longchangchemical.com\/wp-content\/uploads\/2023\/05\/4065-45-6.jpg\",\"datePublished\":\"2023-05-08T11:41:49+00:00\",\"dateModified\":\"2026-01-09T07:18:27+00:00\",\"description\":\"CHLUMIUV\u00ae BP-4 CAS 4065-45-6 is a key product of Longchang Chemical. We provide the best price. We are the leading manufacturer in China with the best quality and competitive price.\",\"breadcrumb\":{\"@id\":\"https:\/\/longchangchemical.com\/product\/lcsorb-bp-4-cas-4065-45-6\/#breadcrumb\"},\"inLanguage\":\"de\",\"potentialAction\":[{\"@type\":\"ReadAction\",\"target\":[\"https:\/\/longchangchemical.com\/product\/lcsorb-bp-4-cas-4065-45-6\/\"]}]},{\"@type\":\"ImageObject\",\"inLanguage\":\"de\",\"@id\":\"https:\/\/longchangchemical.com\/product\/lcsorb-bp-4-cas-4065-45-6\/#primaryimage\",\"url\":\"https:\/\/longchangchemical.com\/wp-content\/uploads\/2023\/05\/4065-45-6.jpg\",\"contentUrl\":\"https:\/\/longchangchemical.com\/wp-content\/uploads\/2023\/05\/4065-45-6.jpg\",\"width\":600,\"height\":600},{\"@type\":\"BreadcrumbList\",\"@id\":\"https:\/\/longchangchemical.com\/product\/lcsorb-bp-4-cas-4065-45-6\/#breadcrumb\",\"itemListElement\":[{\"@type\":\"ListItem\",\"position\":1,\"name\":\"Home\",\"item\":\"https:\/\/longchangchemical.com\/\"},{\"@type\":\"ListItem\",\"position\":2,\"name\":\"Products Longchang\",\"item\":\"https:\/\/longchangchemical.com\/product\/\"},{\"@type\":\"ListItem\",\"position\":3,\"name\":\"CHLUMIUV\u00ae BP-4 CAS 4065-45-6\"}]},{\"@type\":\"WebSite\",\"@id\":\"https:\/\/longchangchemical.com\/#website\",\"url\":\"https:\/\/longchangchemical.com\/\",\"name\":\"Longchang Chemical\",\"description\":\"China chemical manufacturer \uff06 supplier\",\"publisher\":{\"@id\":\"https:\/\/longchangchemical.com\/#organization\"},\"potentialAction\":[{\"@type\":\"SearchAction\",\"target\":{\"@type\":\"EntryPoint\",\"urlTemplate\":\"https:\/\/longchangchemical.com\/?s={search_term_string}\"},\"query-input\":{\"@type\":\"PropertyValueSpecification\",\"valueRequired\":true,\"valueName\":\"search_term_string\"}}],\"inLanguage\":\"de\"},{\"@type\":\"Organization\",\"@id\":\"https:\/\/longchangchemical.com\/#organization\",\"name\":\"Longchang Chemical\",\"url\":\"https:\/\/longchangchemical.com\/\",\"logo\":{\"@type\":\"ImageObject\",\"inLanguage\":\"de\",\"@id\":\"https:\/\/longchangchemical.com\/#\/schema\/logo\/image\/\",\"url\":\"https:\/\/longchangchemical.com\/wp-content\/uploads\/2020\/08\/cropped-longchang-logo.png\",\"contentUrl\":\"https:\/\/longchangchemical.com\/wp-content\/uploads\/2020\/08\/cropped-longchang-logo.png\",\"width\":512,\"height\":512,\"caption\":\"Longchang Chemical\"},\"image\":{\"@id\":\"https:\/\/longchangchemical.com\/#\/schema\/logo\/image\/\"}}]}<\/script>\n<!-- \/ Yoast SEO plugin. -->","yoast_head_json":{"title":"China CHLUMIUV\u00ae BP-4 CAS 4065-45-6 Hersteller - Longchang Chemical","description":"CHLUMIUV\u00ae BP-4 CAS 4065-45-6 ist ein Schl\u00fcsselprodukt von Longchang Chemical. Wir bieten den besten Preis. Wir sind der f\u00fchrende Hersteller in China mit der besten Qualit\u00e4t und konkurrenzf\u00e4higem Preis.","robots":{"index":"index","follow":"follow","max-snippet":"max-snippet:-1","max-image-preview":"max-image-preview:large","max-video-preview":"max-video-preview:-1"},"canonical":"https:\/\/longchangchemical.com\/de\/product\/lcsorb-bp-4-cas-4065-45-6\/","og_locale":"de_DE","og_type":"article","og_title":"China CHLUMIUV\u00ae BP-4 CAS 4065-45-6 Manufacturer - Longchang Chemical","og_description":"CHLUMIUV\u00ae BP-4 CAS 4065-45-6 is a key product of Longchang Chemical. We provide the best price. We are the leading manufacturer in China with the best quality and competitive price.","og_url":"https:\/\/longchangchemical.com\/de\/product\/lcsorb-bp-4-cas-4065-45-6\/","og_site_name":"Longchang Chemical","article_modified_time":"2026-01-09T07:18:27+00:00","og_image":[{"width":600,"height":600,"url":"https:\/\/longchangchemical.com\/wp-content\/uploads\/2023\/05\/4065-45-6.jpg","type":"image\/jpeg"}],"twitter_card":"summary_large_image","schema":{"@context":"https:\/\/schema.org","@graph":[{"@type":"WebPage","@id":"https:\/\/longchangchemical.com\/product\/lcsorb-bp-4-cas-4065-45-6\/","url":"https:\/\/longchangchemical.com\/product\/lcsorb-bp-4-cas-4065-45-6\/","name":"China CHLUMIUV\u00ae BP-4 CAS 4065-45-6 Hersteller - Longchang Chemical","isPartOf":{"@id":"https:\/\/longchangchemical.com\/#website"},"primaryImageOfPage":{"@id":"https:\/\/longchangchemical.com\/product\/lcsorb-bp-4-cas-4065-45-6\/#primaryimage"},"image":{"@id":"https:\/\/longchangchemical.com\/product\/lcsorb-bp-4-cas-4065-45-6\/#primaryimage"},"thumbnailUrl":"https:\/\/longchangchemical.com\/wp-content\/uploads\/2023\/05\/4065-45-6.jpg","datePublished":"2023-05-08T11:41:49+00:00","dateModified":"2026-01-09T07:18:27+00:00","description":"CHLUMIUV\u00ae BP-4 CAS 4065-45-6 ist ein Schl\u00fcsselprodukt von Longchang Chemical. Wir bieten den besten Preis. Wir sind der f\u00fchrende Hersteller in China mit der besten Qualit\u00e4t und konkurrenzf\u00e4higem Preis.","breadcrumb":{"@id":"https:\/\/longchangchemical.com\/product\/lcsorb-bp-4-cas-4065-45-6\/#breadcrumb"},"inLanguage":"de","potentialAction":[{"@type":"ReadAction","target":["https:\/\/longchangchemical.com\/product\/lcsorb-bp-4-cas-4065-45-6\/"]}]},{"@type":"ImageObject","inLanguage":"de","@id":"https:\/\/longchangchemical.com\/product\/lcsorb-bp-4-cas-4065-45-6\/#primaryimage","url":"https:\/\/longchangchemical.com\/wp-content\/uploads\/2023\/05\/4065-45-6.jpg","contentUrl":"https:\/\/longchangchemical.com\/wp-content\/uploads\/2023\/05\/4065-45-6.jpg","width":600,"height":600},{"@type":"BreadcrumbList","@id":"https:\/\/longchangchemical.com\/product\/lcsorb-bp-4-cas-4065-45-6\/#breadcrumb","itemListElement":[{"@type":"ListItem","position":1,"name":"Home","item":"https:\/\/longchangchemical.com\/"},{"@type":"ListItem","position":2,"name":"Products Longchang","item":"https:\/\/longchangchemical.com\/product\/"},{"@type":"ListItem","position":3,"name":"CHLUMIUV\u00ae BP-4 CAS 4065-45-6"}]},{"@type":"WebSite","@id":"https:\/\/longchangchemical.com\/#website","url":"https:\/\/longchangchemical.com\/","name":"Longchang Chemical","description":"China Hersteller von Chemikalien \uff06 Lieferant","publisher":{"@id":"https:\/\/longchangchemical.com\/#organization"},"potentialAction":[{"@type":"SearchAction","target":{"@type":"EntryPoint","urlTemplate":"https:\/\/longchangchemical.com\/?s={search_term_string}"},"query-input":{"@type":"PropertyValueSpecification","valueRequired":true,"valueName":"search_term_string"}}],"inLanguage":"de"},{"@type":"Organization","@id":"https:\/\/longchangchemical.com\/#organization","name":"Longchang Chemical","url":"https:\/\/longchangchemical.com\/","logo":{"@type":"ImageObject","inLanguage":"de","@id":"https:\/\/longchangchemical.com\/#\/schema\/logo\/image\/","url":"https:\/\/longchangchemical.com\/wp-content\/uploads\/2020\/08\/cropped-longchang-logo.png","contentUrl":"https:\/\/longchangchemical.com\/wp-content\/uploads\/2020\/08\/cropped-longchang-logo.png","width":512,"height":512,"caption":"Longchang Chemical"},"image":{"@id":"https:\/\/longchangchemical.com\/#\/schema\/logo\/image\/"}}]}},"_links":{"self":[{"href":"https:\/\/longchangchemical.com\/de\/wp-json\/wp\/v2\/product\/3726","targetHints":{"allow":["GET"]}}],"collection":[{"href":"https:\/\/longchangchemical.com\/de\/wp-json\/wp\/v2\/product"}],"about":[{"href":"https:\/\/longchangchemical.com\/de\/wp-json\/wp\/v2\/types\/product"}],"replies":[{"embeddable":true,"href":"https:\/\/longchangchemical.com\/de\/wp-json\/wp\/v2\/comments?post=3726"}],"wp:featuredmedia":[{"embeddable":true,"href":"https:\/\/longchangchemical.com\/de\/wp-json\/wp\/v2\/media\/7945"}],"wp:attachment":[{"href":"https:\/\/longchangchemical.com\/de\/wp-json\/wp\/v2\/media?parent=3726"}],"wp:term":[{"taxonomy":"product_brand","embeddable":true,"href":"https:\/\/longchangchemical.com\/de\/wp-json\/wp\/v2\/product_brand?post=3726"},{"taxonomy":"product_cat","embeddable":true,"href":"https:\/\/longchangchemical.com\/de\/wp-json\/wp\/v2\/product_cat?post=3726"},{"taxonomy":"product_tag","embeddable":true,"href":"https:\/\/longchangchemical.com\/de\/wp-json\/wp\/v2\/product_tag?post=3726"}],"curies":[{"name":"wp","href":"https:\/\/api.w.org\/{rel}","templated":true}]}}