{"id":3720,"date":"2023-05-18T13:22:11","date_gmt":"2023-05-18T13:22:11","guid":{"rendered":"https:\/\/longchangchemical.com\/?post_type=product&#038;p=3720"},"modified":"2026-01-09T06:40:13","modified_gmt":"2026-01-09T06:40:13","slug":"cas-5466-77-3","status":"publish","type":"product","link":"https:\/\/longchangchemical.com\/de\/product\/cas-5466-77-3\/","title":{"rendered":"CHLUMIUV\u00ae Octyl-4-methoxycinnamat cas 5466-77-3"},"content":{"rendered":"<p>&nbsp;<\/p>\n<table class=\"table-1\" cellspacing=\"0\">\n<tbody>\n<tr>\n<td><strong>Artikel<\/strong><\/td>\n<td><strong>Spezifikation<\/strong><\/td>\n<td><strong>Artikel<\/strong><\/td>\n<td><strong>Spezifikation<\/strong><\/td>\n<\/tr>\n<tr>\n<td>Erscheinungsbild<\/td>\n<td>Farblose oder hellgelbe Fl\u00fcssigkeit<\/td>\n<td>Peroxidzahl<\/td>\n<td>1,0mg\/kg Max<\/td>\n<\/tr>\n<tr>\n<td>Geruch<\/td>\n<td>Sehr schwach, charakteristisch<\/td>\n<td>Farbe (Hazen)<\/td>\n<td>70 Maximal<\/td>\n<\/tr>\n<tr>\n<td>A Kennzeichnung IR 197F<\/td>\n<td>Muss entsprechen<\/td>\n<td>A 1%\/1cm (310nm in Ethanol)<\/td>\n<td>850 Min<\/td>\n<\/tr>\n<tr>\n<td>B Kennzeichnung UV 197U<\/td>\n<td>Muss entsprechen<\/td>\n<td>Assay<\/td>\n<td>98.0%~108.0%<\/td>\n<\/tr>\n<tr>\n<td>Azidit\u00e4t<\/td>\n<td>Nicht mehr als 0,8 ml 0,1N NaOH verbraucht<\/td>\n<td>Reinheit (GC)<\/td>\n<td>98.0% Min<\/td>\n<\/tr>\n<tr>\n<td>S\u00e4urewert<\/td>\n<td>\u22641,0mg KOH\/g<\/td>\n<td>Individuelle Verunreinigung<\/td>\n<td>0,5g\/100g Max.<\/td>\n<\/tr>\n<tr>\n<td>Spezifische Schwerkraft<\/td>\n<td>1.005-1.013<\/td>\n<td>Verunreinigungen insgesamt<\/td>\n<td>2,0g\/100g Max.<\/td>\n<\/tr>\n<tr>\n<td>Brechungsindex<\/td>\n<td>1.542-1.548<\/td>\n<td><\/td>\n<td><\/td>\n<\/tr>\n<\/tbody>\n<\/table>\n<p><strong>Octyl 4-Methoxycinnamat Verwendung<\/strong><\/p>\n<p>1. Weltweit weit verbreiteter, \u00f6ll\u00f6slicher UV-B-Absorber; ausgezeichnete Sicherheit, weltweit zugelassen; leicht in einer Vielzahl von Sonnenschutzformulierungen anzuwenden.<\/p>\n<p>2. Wird in der Industrie als Alterungsschutzmittel f\u00fcr Kunststoffe und Druckfarben sowie als Ultraviolettabsorber verwendet.<\/p>\n<p>&nbsp;<\/p>\n<p><strong>Octyl-4-Methoxycinnamat Verpackung<\/strong><\/p>\n<p>200kg pro Fass 1x20FCL laden 80 F\u00e4sser mit Paletten, insgesamt 16000kg<\/p>\n<p>25 kg pro Fass, 32 F\u00e4sser auf einer Palette (800 kg), insgesamt 1x20FCL, 16000 kg<\/p>\n<p>Aber diese kleine Trommel kann nur 1-2 Trommeln f\u00fcr Probeauftrag liefern.<\/p>\n<h2><strong>Kontaktieren Sie uns jetzt!<\/strong><\/h2>\n<p><strong>Wenn Sie COA, MSDS oder TDS von <span style=\"color: #00ccff;\"><a style=\"color: #00ccff;\" href=\"https:\/\/longchangchemical.com\/de\/product-category\/lcsorb-uv-absorber\/\">UV-Absorber<\/a><\/span>Bitte tragen Sie Ihre Kontaktdaten in das untenstehende Formular ein. Wir werden uns in der Regel innerhalb von 24 Stunden mit Ihnen in Verbindung setzen. Sie k\u00f6nnen mir auch eine E-Mail schicken <span style=\"color: #00ccff;\"><a style=\"color: #00ccff;\" href=\"mailto:info@longchangchemical.com\">info@longchangchemical.com<\/a> <\/span>w\u00e4hrend der Gesch\u00e4ftszeiten ( 8:30 bis 18:00 Uhr UTC+8 Mo.~Sa. ) oder nutzen Sie den Live-Chat auf der Website, um eine schnelle Antwort zu erhalten.<\/strong><\/p>","protected":false},"excerpt":{"rendered":"<p>Chemische Bezeichnung:Octyl 4-Methoxycinnamat<\/p>\n<p>CAS: 5466-77-3<\/p>\n<p>Molekulare Formel: C18H26O3<\/p>\n<p>Molekulargewicht:290,4<\/p>\n<p>Chemische Struktur:<img decoding=\"async\" title=\"Octyl-4-Methoxycinnamat Struktur\" src=\"https:\/\/www.longchangchemical.com\/wp-content\/uploads\/product-details\/20200616109869.png\" alt=\"Octyl-4-Methoxycinnamat Struktur\" width=\"161\" height=\"127\" border=\"0\" vspace=\"0\" \/><\/p>\n<p>\u00c4u\u00dferes Erscheinungsbild: Farblose bis klare gelbe Fl\u00fcssigkeit<\/p>\n<p>Pr\u00fcfung: 95.0%~105%<\/p>","protected":false},"featured_media":7935,"comment_status":"open","ping_status":"closed","template":"","meta":[],"product_brand":[],"product_cat":[139],"product_tag":[],"class_list":{"0":"post-3720","1":"product","2":"type-product","3":"status-publish","4":"has-post-thumbnail","6":"product_cat-lcsorb-uv-absorber","8":"first","9":"instock","10":"shipping-taxable","11":"product-type-simple"},"yoast_head":"<!-- This site is optimized with the Yoast SEO plugin v25.3.1 - https:\/\/yoast.com\/wordpress\/plugins\/seo\/ -->\n<title>China CHLUMIUV\u00ae Octyl 4-methoxycinnamate cas 5466-77-3 Manufacturer - Longchang Chemical<\/title>\n<meta name=\"description\" content=\"CHLUMIUV\u00ae Octyl 4-methoxycinnamate cas 5466-77-3 is a key product of Longchang Chemical. We provide the best price. We are the leading manufacturer in China with the best quality and competitive price.\" \/>\n<meta name=\"robots\" content=\"index, follow, max-snippet:-1, max-image-preview:large, max-video-preview:-1\" \/>\n<link rel=\"canonical\" href=\"https:\/\/longchangchemical.com\/de\/product\/cas-5466-77-3\/\" \/>\n<meta property=\"og:locale\" content=\"de_DE\" \/>\n<meta property=\"og:type\" content=\"article\" \/>\n<meta property=\"og:title\" content=\"China CHLUMIUV\u00ae Octyl 4-methoxycinnamate cas 5466-77-3 Manufacturer - Longchang Chemical\" \/>\n<meta property=\"og:description\" content=\"CHLUMIUV\u00ae Octyl 4-methoxycinnamate cas 5466-77-3 is a key product of Longchang Chemical. We provide the best price. We are the leading manufacturer in China with the best quality and competitive price.\" \/>\n<meta property=\"og:url\" content=\"https:\/\/longchangchemical.com\/de\/product\/cas-5466-77-3\/\" \/>\n<meta property=\"og:site_name\" content=\"Longchang Chemical\" \/>\n<meta property=\"article:modified_time\" content=\"2026-01-09T06:40:13+00:00\" \/>\n<meta property=\"og:image\" content=\"https:\/\/longchangchemical.com\/wp-content\/uploads\/2023\/05\/5466-77-3.jpg\" \/>\n\t<meta property=\"og:image:width\" content=\"600\" \/>\n\t<meta property=\"og:image:height\" content=\"600\" \/>\n\t<meta property=\"og:image:type\" content=\"image\/jpeg\" \/>\n<meta name=\"twitter:card\" content=\"summary_large_image\" \/>\n<script type=\"application\/ld+json\" class=\"yoast-schema-graph\">{\"@context\":\"https:\/\/schema.org\",\"@graph\":[{\"@type\":\"WebPage\",\"@id\":\"https:\/\/longchangchemical.com\/product\/cas-5466-77-3\/\",\"url\":\"https:\/\/longchangchemical.com\/product\/cas-5466-77-3\/\",\"name\":\"China CHLUMIUV\u00ae Octyl 4-methoxycinnamate cas 5466-77-3 Manufacturer - Longchang Chemical\",\"isPartOf\":{\"@id\":\"https:\/\/longchangchemical.com\/#website\"},\"primaryImageOfPage\":{\"@id\":\"https:\/\/longchangchemical.com\/product\/cas-5466-77-3\/#primaryimage\"},\"image\":{\"@id\":\"https:\/\/longchangchemical.com\/product\/cas-5466-77-3\/#primaryimage\"},\"thumbnailUrl\":\"https:\/\/longchangchemical.com\/wp-content\/uploads\/2023\/05\/5466-77-3.jpg\",\"datePublished\":\"2023-05-18T13:22:11+00:00\",\"dateModified\":\"2026-01-09T06:40:13+00:00\",\"description\":\"CHLUMIUV\u00ae Octyl 4-methoxycinnamate cas 5466-77-3 is a key product of Longchang Chemical. We provide the best price. We are the leading manufacturer in China with the best quality and competitive price.\",\"breadcrumb\":{\"@id\":\"https:\/\/longchangchemical.com\/product\/cas-5466-77-3\/#breadcrumb\"},\"inLanguage\":\"de\",\"potentialAction\":[{\"@type\":\"ReadAction\",\"target\":[\"https:\/\/longchangchemical.com\/product\/cas-5466-77-3\/\"]}]},{\"@type\":\"ImageObject\",\"inLanguage\":\"de\",\"@id\":\"https:\/\/longchangchemical.com\/product\/cas-5466-77-3\/#primaryimage\",\"url\":\"https:\/\/longchangchemical.com\/wp-content\/uploads\/2023\/05\/5466-77-3.jpg\",\"contentUrl\":\"https:\/\/longchangchemical.com\/wp-content\/uploads\/2023\/05\/5466-77-3.jpg\",\"width\":600,\"height\":600},{\"@type\":\"BreadcrumbList\",\"@id\":\"https:\/\/longchangchemical.com\/product\/cas-5466-77-3\/#breadcrumb\",\"itemListElement\":[{\"@type\":\"ListItem\",\"position\":1,\"name\":\"Home\",\"item\":\"https:\/\/longchangchemical.com\/\"},{\"@type\":\"ListItem\",\"position\":2,\"name\":\"Products Longchang\",\"item\":\"https:\/\/longchangchemical.com\/product\/\"},{\"@type\":\"ListItem\",\"position\":3,\"name\":\"CHLUMIUV\u00ae Octyl 4-methoxycinnamate cas 5466-77-3\"}]},{\"@type\":\"WebSite\",\"@id\":\"https:\/\/longchangchemical.com\/#website\",\"url\":\"https:\/\/longchangchemical.com\/\",\"name\":\"Longchang Chemical\",\"description\":\"China chemical manufacturer \uff06 supplier\",\"publisher\":{\"@id\":\"https:\/\/longchangchemical.com\/#organization\"},\"potentialAction\":[{\"@type\":\"SearchAction\",\"target\":{\"@type\":\"EntryPoint\",\"urlTemplate\":\"https:\/\/longchangchemical.com\/?s={search_term_string}\"},\"query-input\":{\"@type\":\"PropertyValueSpecification\",\"valueRequired\":true,\"valueName\":\"search_term_string\"}}],\"inLanguage\":\"de\"},{\"@type\":\"Organization\",\"@id\":\"https:\/\/longchangchemical.com\/#organization\",\"name\":\"Longchang Chemical\",\"url\":\"https:\/\/longchangchemical.com\/\",\"logo\":{\"@type\":\"ImageObject\",\"inLanguage\":\"de\",\"@id\":\"https:\/\/longchangchemical.com\/#\/schema\/logo\/image\/\",\"url\":\"https:\/\/longchangchemical.com\/wp-content\/uploads\/2020\/08\/cropped-longchang-logo.png\",\"contentUrl\":\"https:\/\/longchangchemical.com\/wp-content\/uploads\/2020\/08\/cropped-longchang-logo.png\",\"width\":512,\"height\":512,\"caption\":\"Longchang Chemical\"},\"image\":{\"@id\":\"https:\/\/longchangchemical.com\/#\/schema\/logo\/image\/\"}}]}<\/script>\n<!-- \/ Yoast SEO plugin. -->","yoast_head_json":{"title":"China CHLUMIUV\u00ae Octyl 4-Methoxycinnamat cas 5466-77-3 Hersteller - Longchang Chemical","description":"CHLUMIUV\u00ae Octyl 4-methoxycinnamate cas 5466-77-3 ist ein Schl\u00fcsselprodukt von Longchang Chemical. Wir bieten den besten Preis. Wir sind der f\u00fchrende Hersteller in China mit der besten Qualit\u00e4t und konkurrenzf\u00e4higem Preis.","robots":{"index":"index","follow":"follow","max-snippet":"max-snippet:-1","max-image-preview":"max-image-preview:large","max-video-preview":"max-video-preview:-1"},"canonical":"https:\/\/longchangchemical.com\/de\/product\/cas-5466-77-3\/","og_locale":"de_DE","og_type":"article","og_title":"China CHLUMIUV\u00ae Octyl 4-methoxycinnamate cas 5466-77-3 Manufacturer - Longchang Chemical","og_description":"CHLUMIUV\u00ae Octyl 4-methoxycinnamate cas 5466-77-3 is a key product of Longchang Chemical. We provide the best price. We are the leading manufacturer in China with the best quality and competitive price.","og_url":"https:\/\/longchangchemical.com\/de\/product\/cas-5466-77-3\/","og_site_name":"Longchang Chemical","article_modified_time":"2026-01-09T06:40:13+00:00","og_image":[{"width":600,"height":600,"url":"https:\/\/longchangchemical.com\/wp-content\/uploads\/2023\/05\/5466-77-3.jpg","type":"image\/jpeg"}],"twitter_card":"summary_large_image","schema":{"@context":"https:\/\/schema.org","@graph":[{"@type":"WebPage","@id":"https:\/\/longchangchemical.com\/product\/cas-5466-77-3\/","url":"https:\/\/longchangchemical.com\/product\/cas-5466-77-3\/","name":"China CHLUMIUV\u00ae Octyl 4-Methoxycinnamat cas 5466-77-3 Hersteller - Longchang Chemical","isPartOf":{"@id":"https:\/\/longchangchemical.com\/#website"},"primaryImageOfPage":{"@id":"https:\/\/longchangchemical.com\/product\/cas-5466-77-3\/#primaryimage"},"image":{"@id":"https:\/\/longchangchemical.com\/product\/cas-5466-77-3\/#primaryimage"},"thumbnailUrl":"https:\/\/longchangchemical.com\/wp-content\/uploads\/2023\/05\/5466-77-3.jpg","datePublished":"2023-05-18T13:22:11+00:00","dateModified":"2026-01-09T06:40:13+00:00","description":"CHLUMIUV\u00ae Octyl 4-methoxycinnamate cas 5466-77-3 ist ein Schl\u00fcsselprodukt von Longchang Chemical. Wir bieten den besten Preis. Wir sind der f\u00fchrende Hersteller in China mit der besten Qualit\u00e4t und konkurrenzf\u00e4higem Preis.","breadcrumb":{"@id":"https:\/\/longchangchemical.com\/product\/cas-5466-77-3\/#breadcrumb"},"inLanguage":"de","potentialAction":[{"@type":"ReadAction","target":["https:\/\/longchangchemical.com\/product\/cas-5466-77-3\/"]}]},{"@type":"ImageObject","inLanguage":"de","@id":"https:\/\/longchangchemical.com\/product\/cas-5466-77-3\/#primaryimage","url":"https:\/\/longchangchemical.com\/wp-content\/uploads\/2023\/05\/5466-77-3.jpg","contentUrl":"https:\/\/longchangchemical.com\/wp-content\/uploads\/2023\/05\/5466-77-3.jpg","width":600,"height":600},{"@type":"BreadcrumbList","@id":"https:\/\/longchangchemical.com\/product\/cas-5466-77-3\/#breadcrumb","itemListElement":[{"@type":"ListItem","position":1,"name":"Home","item":"https:\/\/longchangchemical.com\/"},{"@type":"ListItem","position":2,"name":"Products Longchang","item":"https:\/\/longchangchemical.com\/product\/"},{"@type":"ListItem","position":3,"name":"CHLUMIUV\u00ae Octyl 4-methoxycinnamate cas 5466-77-3"}]},{"@type":"WebSite","@id":"https:\/\/longchangchemical.com\/#website","url":"https:\/\/longchangchemical.com\/","name":"Longchang Chemical","description":"China Hersteller von Chemikalien \uff06 Lieferant","publisher":{"@id":"https:\/\/longchangchemical.com\/#organization"},"potentialAction":[{"@type":"SearchAction","target":{"@type":"EntryPoint","urlTemplate":"https:\/\/longchangchemical.com\/?s={search_term_string}"},"query-input":{"@type":"PropertyValueSpecification","valueRequired":true,"valueName":"search_term_string"}}],"inLanguage":"de"},{"@type":"Organization","@id":"https:\/\/longchangchemical.com\/#organization","name":"Longchang Chemical","url":"https:\/\/longchangchemical.com\/","logo":{"@type":"ImageObject","inLanguage":"de","@id":"https:\/\/longchangchemical.com\/#\/schema\/logo\/image\/","url":"https:\/\/longchangchemical.com\/wp-content\/uploads\/2020\/08\/cropped-longchang-logo.png","contentUrl":"https:\/\/longchangchemical.com\/wp-content\/uploads\/2020\/08\/cropped-longchang-logo.png","width":512,"height":512,"caption":"Longchang Chemical"},"image":{"@id":"https:\/\/longchangchemical.com\/#\/schema\/logo\/image\/"}}]}},"_links":{"self":[{"href":"https:\/\/longchangchemical.com\/de\/wp-json\/wp\/v2\/product\/3720","targetHints":{"allow":["GET"]}}],"collection":[{"href":"https:\/\/longchangchemical.com\/de\/wp-json\/wp\/v2\/product"}],"about":[{"href":"https:\/\/longchangchemical.com\/de\/wp-json\/wp\/v2\/types\/product"}],"replies":[{"embeddable":true,"href":"https:\/\/longchangchemical.com\/de\/wp-json\/wp\/v2\/comments?post=3720"}],"wp:featuredmedia":[{"embeddable":true,"href":"https:\/\/longchangchemical.com\/de\/wp-json\/wp\/v2\/media\/7935"}],"wp:attachment":[{"href":"https:\/\/longchangchemical.com\/de\/wp-json\/wp\/v2\/media?parent=3720"}],"wp:term":[{"taxonomy":"product_brand","embeddable":true,"href":"https:\/\/longchangchemical.com\/de\/wp-json\/wp\/v2\/product_brand?post=3720"},{"taxonomy":"product_cat","embeddable":true,"href":"https:\/\/longchangchemical.com\/de\/wp-json\/wp\/v2\/product_cat?post=3720"},{"taxonomy":"product_tag","embeddable":true,"href":"https:\/\/longchangchemical.com\/de\/wp-json\/wp\/v2\/product_tag?post=3720"}],"curies":[{"name":"wp","href":"https:\/\/api.w.org\/{rel}","templated":true}]}}