{"id":3664,"date":"2021-09-25T10:54:04","date_gmt":"2021-09-25T10:54:04","guid":{"rendered":"https:\/\/longchangchemical.com\/?post_type=product&#038;p=3664"},"modified":"2026-05-08T02:59:39","modified_gmt":"2026-05-08T02:59:39","slug":"hepes-cas-7365-45-9","status":"publish","type":"product","link":"https:\/\/longchangchemical.com\/de\/product\/hepes-cas-7365-45-9\/","title":{"rendered":"HEPES CAS 7365-45-9"},"content":{"rendered":"<h2><strong>HEPES CAS 7365-45-9<\/strong><\/h2>\n<table class=\"table-1\" cellspacing=\"0\">\n<tbody>\n<tr>\n<td>\n<h4>Artikel<\/h4>\n<\/td>\n<td>\n<h4>Spezifikationen<\/h4>\n<\/td>\n<\/tr>\n<tr>\n<td>\n<h4>Erscheinungsbild<\/h4>\n<\/td>\n<td>\n<h4>Frei flie\u00dfendes wei\u00dfes Pulver<\/h4>\n<\/td>\n<\/tr>\n<tr>\n<td>\n<h4>Pr\u00fcfung (pottiometrische Kalibrierung der Trockensubstanz)<\/h4>\n<\/td>\n<td>\n<h4>Min 99.5%<\/h4>\n<\/td>\n<\/tr>\n<tr>\n<td>\n<h4>Farbe ( 1M L\u00f6sung)<\/h4>\n<\/td>\n<td>\n<h4>Pr\u00fcfung bestanden<\/h4>\n<\/td>\n<\/tr>\n<tr>\n<td>\n<h4>PKa bei 20 \u2103.<\/h4>\n<\/td>\n<td>\n<h4>7.4-7.7<\/h4>\n<\/td>\n<\/tr>\n<tr>\n<td>\n<h4>Schwermetalle ( Pb )<\/h4>\n<\/td>\n<td>\n<h4>&lt;5ppm<\/h4>\n<\/td>\n<\/tr>\n<tr>\n<td>\n<h4>Sulfat<\/h4>\n<\/td>\n<td>\n<h4>&lt;0,05%<\/h4>\n<\/td>\n<\/tr>\n<tr>\n<td>\n<h4>R\u00fcckst\u00e4nde bei der Z\u00fcndung<\/h4>\n<\/td>\n<td>\n<h4>&lt;0,1%<\/h4>\n<\/td>\n<\/tr>\n<tr>\n<td>\n<h4>Verlust beim Trocknen (105 C, 3 Stunden)<\/h4>\n<\/td>\n<td>\n<h4>&lt;1%<\/h4>\n<\/td>\n<\/tr>\n<tr>\n<td>\n<h4>UV-Absobanz\/260nm<\/h4>\n<\/td>\n<td>\n<h4>&lt;0.5<\/h4>\n<\/td>\n<\/tr>\n<tr>\n<td>\n<h4>UV-Absobanz\/280nm<\/h4>\n<\/td>\n<td>\n<h4>&lt;0.5<\/h4>\n<\/td>\n<\/tr>\n<tr>\n<td>\n<h4>UV-Absobanz\/440nm<\/h4>\n<\/td>\n<td>\n<h4>&lt;0.2<\/h4>\n<\/td>\n<\/tr>\n<\/tbody>\n<\/table>\n<p>&nbsp;<\/p>\n<h2><strong>CAS 7365-45-9 (HEPES) Verwendung<\/strong><\/h2>\n<h4>1). HEPES (4-Hydroxyethylpiperazin-Ethansulfons\u00e4ure) ist ein nicht-ionischer amphoterer Puffer, der stark polar und inert gegen\u00fcber einer Vielzahl von chemischen Reagenzien und Enzymen ist. Er nimmt nicht an biochemischen Reaktionen teil und st\u00f6rt diese nicht. Er hat keine hemmende Wirkung auf chemische Reaktionen und kann daher speziell f\u00fcr die Erforschung von Organellen und extrem fl\u00fcchtigen und pH-empfindlichen Proteinen und Enzymen verwendet werden.<\/h4>\n<h4>2). Zell-Zell-Adh\u00e4sion, kurzfristige Zellaggregation und -kultur, Puffer f\u00fcr die Reinigung von Geweben und Zellen.<\/h4>\n<h4>Dieses Produkt kann 2-[4-(2-Hydroxyethyl)-1-piperazin]ethansulfons\u00e4ure; 4-(2-Hydroxyethyl)piperazin-1-ylethansulfons\u00e4ure; 4-Hydroxyethylpiperazinethansulfons\u00e4ure ersetzen.<\/h4>\n<h2><strong>CAS 7365-45-9 (HEPES) Verpackung und Versand<\/strong><\/h2>\n<h4>Normales Paket: 25kg\/Fass.<\/h4>\n<h4>Lieferung: 5-7 Tage nach Eingang der Zahlung.<\/h4>\n<p>&nbsp;<\/p>\n<h2><strong>CAS 7365-45-9 (HEPES) Lagerung<\/strong><\/h2>\n<h4>2-8\u00b0C.<\/h4>\n<p>&nbsp;<\/p>\n<h2><strong><b>Kontaktieren Sie uns jetzt!<\/b><\/strong><\/h2>\n<h4><strong><b>Wenn Sie COA, MSDS oder TDS ben\u00f6tigen, geben Sie bitte Ihre Kontaktinformationen in das untenstehende Formular ein. Wir werden uns in der Regel innerhalb von 24 Stunden mit Ihnen in Verbindung setzen. Sie k\u00f6nnen mir auch eine E-Mail schicken <span style=\"color: #0000ff;\"><a style=\"color: #0000ff;\" href=\"mailto:info@longchangchemical.com\">info@longchangchemical.com<\/a><\/span> w\u00e4hrend der Gesch\u00e4ftszeiten ( 8:30 bis 18:00 Uhr UTC+8 Mo.~Sa. ) oder nutzen Sie den Live-Chat auf der Website, um eine schnelle Antwort zu erhalten.<\/b><\/strong><\/h4>","protected":false},"excerpt":{"rendered":"<h4>Chemische Bezeichnung: HEPES<\/h4>\n<h4>Andere Bezeichnung: 2-[4-(2-Hydroxyethyl)-1-piperazin]ethansulfons\u00e4ure; 4-(2-Hydroxyethyl)piperazin-1-ylethansulfons\u00e4ure; 4-Hydroxyethylpiperazinethansulfons\u00e4ure<\/h4>\n<h4>CAS-Nr.: 7365-45-9<\/h4>\n<h4>Molekulare Formel: C8H18N2O4S<\/h4>\n<h4>Molekulargewicht: 238,3<\/h4>\n<h4>Molekulare Struktur:<img decoding=\"async\" title=\"CAS 7365-45-9 (HEPES) Struktur\" src=\"https:\/\/www.longchangchemical.com\/wp-content\/uploads\/product-details\/20200612282646.png\" alt=\"CAS 7365-45-9 (HEPES) Struktur\" width=\"229\" height=\"82\" border=\"0\" vspace=\"0\" \/><\/h4>\n<h4>\u00c4u\u00dferes Erscheinungsbild: Wei\u00dfes Kristallpulver<\/h4>\n<h4>Assay: 99%min<\/h4>","protected":false},"featured_media":4609,"comment_status":"open","ping_status":"closed","template":"","meta":[],"product_brand":[],"product_cat":[69],"product_tag":[],"class_list":{"0":"post-3664","1":"product","2":"type-product","3":"status-publish","4":"has-post-thumbnail","6":"product_cat-catalysts-chemical-auxiliary-agents","8":"first","9":"instock","10":"shipping-taxable","11":"product-type-simple"},"yoast_head":"<!-- This site is optimized with the Yoast SEO plugin v25.3.1 - https:\/\/yoast.com\/wordpress\/plugins\/seo\/ -->\n<title>China HEPES CAS 7365-45-9 manufacturer - Longchang Chemical<\/title>\n<meta name=\"description\" content=\"Longchang Chemical is China HEPES manufacturer and CAS 7365-45-9 supplier. We provide the best HEPES price.\" \/>\n<meta name=\"robots\" content=\"index, follow, max-snippet:-1, max-image-preview:large, max-video-preview:-1\" \/>\n<link rel=\"canonical\" href=\"https:\/\/longchangchemical.com\/de\/product\/hepes-cas-7365-45-9\/\" \/>\n<meta property=\"og:locale\" content=\"de_DE\" \/>\n<meta property=\"og:type\" content=\"article\" \/>\n<meta property=\"og:title\" content=\"China HEPES CAS 7365-45-9 manufacturer - Longchang Chemical\" \/>\n<meta property=\"og:description\" content=\"Longchang Chemical is China HEPES manufacturer and CAS 7365-45-9 supplier. We provide the best HEPES price.\" \/>\n<meta property=\"og:url\" content=\"https:\/\/longchangchemical.com\/de\/product\/hepes-cas-7365-45-9\/\" \/>\n<meta property=\"og:site_name\" content=\"Longchang Chemical\" \/>\n<meta property=\"article:modified_time\" content=\"2026-05-08T02:59:39+00:00\" \/>\n<meta property=\"og:image\" content=\"https:\/\/longchangchemical.com\/wp-content\/uploads\/2021\/05\/DL-Mandelic-acid-Appearance.jpg\" \/>\n\t<meta property=\"og:image:width\" content=\"600\" \/>\n\t<meta property=\"og:image:height\" content=\"800\" \/>\n\t<meta property=\"og:image:type\" content=\"image\/jpeg\" \/>\n<meta name=\"twitter:card\" content=\"summary_large_image\" \/>\n<script type=\"application\/ld+json\" class=\"yoast-schema-graph\">{\"@context\":\"https:\/\/schema.org\",\"@graph\":[{\"@type\":\"WebPage\",\"@id\":\"https:\/\/longchangchemical.com\/product\/hepes-cas-7365-45-9\/\",\"url\":\"https:\/\/longchangchemical.com\/product\/hepes-cas-7365-45-9\/\",\"name\":\"China HEPES CAS 7365-45-9 manufacturer - Longchang Chemical\",\"isPartOf\":{\"@id\":\"https:\/\/longchangchemical.com\/#website\"},\"primaryImageOfPage\":{\"@id\":\"https:\/\/longchangchemical.com\/product\/hepes-cas-7365-45-9\/#primaryimage\"},\"image\":{\"@id\":\"https:\/\/longchangchemical.com\/product\/hepes-cas-7365-45-9\/#primaryimage\"},\"thumbnailUrl\":\"https:\/\/longchangchemical.com\/wp-content\/uploads\/2021\/05\/DL-Mandelic-acid-Appearance.jpg\",\"datePublished\":\"2021-09-25T10:54:04+00:00\",\"dateModified\":\"2026-05-08T02:59:39+00:00\",\"description\":\"Longchang Chemical is China HEPES manufacturer and CAS 7365-45-9 supplier. We provide the best HEPES price.\",\"breadcrumb\":{\"@id\":\"https:\/\/longchangchemical.com\/product\/hepes-cas-7365-45-9\/#breadcrumb\"},\"inLanguage\":\"de\",\"potentialAction\":[{\"@type\":\"ReadAction\",\"target\":[\"https:\/\/longchangchemical.com\/product\/hepes-cas-7365-45-9\/\"]}]},{\"@type\":\"ImageObject\",\"inLanguage\":\"de\",\"@id\":\"https:\/\/longchangchemical.com\/product\/hepes-cas-7365-45-9\/#primaryimage\",\"url\":\"https:\/\/longchangchemical.com\/wp-content\/uploads\/2021\/05\/DL-Mandelic-acid-Appearance.jpg\",\"contentUrl\":\"https:\/\/longchangchemical.com\/wp-content\/uploads\/2021\/05\/DL-Mandelic-acid-Appearance.jpg\",\"width\":600,\"height\":800,\"caption\":\"Appearance\"},{\"@type\":\"BreadcrumbList\",\"@id\":\"https:\/\/longchangchemical.com\/product\/hepes-cas-7365-45-9\/#breadcrumb\",\"itemListElement\":[{\"@type\":\"ListItem\",\"position\":1,\"name\":\"Home\",\"item\":\"https:\/\/longchangchemical.com\/\"},{\"@type\":\"ListItem\",\"position\":2,\"name\":\"Products Longchang\",\"item\":\"https:\/\/longchangchemical.com\/product\/\"},{\"@type\":\"ListItem\",\"position\":3,\"name\":\"HEPES CAS 7365-45-9\"}]},{\"@type\":\"WebSite\",\"@id\":\"https:\/\/longchangchemical.com\/#website\",\"url\":\"https:\/\/longchangchemical.com\/\",\"name\":\"Longchang Chemical\",\"description\":\"China chemical manufacturer \uff06 supplier\",\"publisher\":{\"@id\":\"https:\/\/longchangchemical.com\/#organization\"},\"potentialAction\":[{\"@type\":\"SearchAction\",\"target\":{\"@type\":\"EntryPoint\",\"urlTemplate\":\"https:\/\/longchangchemical.com\/?s={search_term_string}\"},\"query-input\":{\"@type\":\"PropertyValueSpecification\",\"valueRequired\":true,\"valueName\":\"search_term_string\"}}],\"inLanguage\":\"de\"},{\"@type\":\"Organization\",\"@id\":\"https:\/\/longchangchemical.com\/#organization\",\"name\":\"Longchang Chemical\",\"url\":\"https:\/\/longchangchemical.com\/\",\"logo\":{\"@type\":\"ImageObject\",\"inLanguage\":\"de\",\"@id\":\"https:\/\/longchangchemical.com\/#\/schema\/logo\/image\/\",\"url\":\"https:\/\/longchangchemical.com\/wp-content\/uploads\/2020\/08\/cropped-longchang-logo.png\",\"contentUrl\":\"https:\/\/longchangchemical.com\/wp-content\/uploads\/2020\/08\/cropped-longchang-logo.png\",\"width\":512,\"height\":512,\"caption\":\"Longchang Chemical\"},\"image\":{\"@id\":\"https:\/\/longchangchemical.com\/#\/schema\/logo\/image\/\"}}]}<\/script>\n<!-- \/ Yoast SEO plugin. -->","yoast_head_json":{"title":"China HEPES CAS 7365-45-9 Hersteller - Longchang Chemical","description":"Longchang Chemical ist China HEPES Hersteller und CAS 7365-45-9 Lieferant. Wir bieten die besten HEPES Preis.","robots":{"index":"index","follow":"follow","max-snippet":"max-snippet:-1","max-image-preview":"max-image-preview:large","max-video-preview":"max-video-preview:-1"},"canonical":"https:\/\/longchangchemical.com\/de\/product\/hepes-cas-7365-45-9\/","og_locale":"de_DE","og_type":"article","og_title":"China HEPES CAS 7365-45-9 manufacturer - Longchang Chemical","og_description":"Longchang Chemical is China HEPES manufacturer and CAS 7365-45-9 supplier. We provide the best HEPES price.","og_url":"https:\/\/longchangchemical.com\/de\/product\/hepes-cas-7365-45-9\/","og_site_name":"Longchang Chemical","article_modified_time":"2026-05-08T02:59:39+00:00","og_image":[{"width":600,"height":800,"url":"https:\/\/longchangchemical.com\/wp-content\/uploads\/2021\/05\/DL-Mandelic-acid-Appearance.jpg","type":"image\/jpeg"}],"twitter_card":"summary_large_image","schema":{"@context":"https:\/\/schema.org","@graph":[{"@type":"WebPage","@id":"https:\/\/longchangchemical.com\/product\/hepes-cas-7365-45-9\/","url":"https:\/\/longchangchemical.com\/product\/hepes-cas-7365-45-9\/","name":"China HEPES CAS 7365-45-9 Hersteller - Longchang Chemical","isPartOf":{"@id":"https:\/\/longchangchemical.com\/#website"},"primaryImageOfPage":{"@id":"https:\/\/longchangchemical.com\/product\/hepes-cas-7365-45-9\/#primaryimage"},"image":{"@id":"https:\/\/longchangchemical.com\/product\/hepes-cas-7365-45-9\/#primaryimage"},"thumbnailUrl":"https:\/\/longchangchemical.com\/wp-content\/uploads\/2021\/05\/DL-Mandelic-acid-Appearance.jpg","datePublished":"2021-09-25T10:54:04+00:00","dateModified":"2026-05-08T02:59:39+00:00","description":"Longchang Chemical ist China HEPES Hersteller und CAS 7365-45-9 Lieferant. Wir bieten die besten HEPES Preis.","breadcrumb":{"@id":"https:\/\/longchangchemical.com\/product\/hepes-cas-7365-45-9\/#breadcrumb"},"inLanguage":"de","potentialAction":[{"@type":"ReadAction","target":["https:\/\/longchangchemical.com\/product\/hepes-cas-7365-45-9\/"]}]},{"@type":"ImageObject","inLanguage":"de","@id":"https:\/\/longchangchemical.com\/product\/hepes-cas-7365-45-9\/#primaryimage","url":"https:\/\/longchangchemical.com\/wp-content\/uploads\/2021\/05\/DL-Mandelic-acid-Appearance.jpg","contentUrl":"https:\/\/longchangchemical.com\/wp-content\/uploads\/2021\/05\/DL-Mandelic-acid-Appearance.jpg","width":600,"height":800,"caption":"Appearance"},{"@type":"BreadcrumbList","@id":"https:\/\/longchangchemical.com\/product\/hepes-cas-7365-45-9\/#breadcrumb","itemListElement":[{"@type":"ListItem","position":1,"name":"Home","item":"https:\/\/longchangchemical.com\/"},{"@type":"ListItem","position":2,"name":"Products Longchang","item":"https:\/\/longchangchemical.com\/product\/"},{"@type":"ListItem","position":3,"name":"HEPES CAS 7365-45-9"}]},{"@type":"WebSite","@id":"https:\/\/longchangchemical.com\/#website","url":"https:\/\/longchangchemical.com\/","name":"Longchang Chemical","description":"China Hersteller von Chemikalien \uff06 Lieferant","publisher":{"@id":"https:\/\/longchangchemical.com\/#organization"},"potentialAction":[{"@type":"SearchAction","target":{"@type":"EntryPoint","urlTemplate":"https:\/\/longchangchemical.com\/?s={search_term_string}"},"query-input":{"@type":"PropertyValueSpecification","valueRequired":true,"valueName":"search_term_string"}}],"inLanguage":"de"},{"@type":"Organization","@id":"https:\/\/longchangchemical.com\/#organization","name":"Longchang Chemical","url":"https:\/\/longchangchemical.com\/","logo":{"@type":"ImageObject","inLanguage":"de","@id":"https:\/\/longchangchemical.com\/#\/schema\/logo\/image\/","url":"https:\/\/longchangchemical.com\/wp-content\/uploads\/2020\/08\/cropped-longchang-logo.png","contentUrl":"https:\/\/longchangchemical.com\/wp-content\/uploads\/2020\/08\/cropped-longchang-logo.png","width":512,"height":512,"caption":"Longchang Chemical"},"image":{"@id":"https:\/\/longchangchemical.com\/#\/schema\/logo\/image\/"}}]}},"_links":{"self":[{"href":"https:\/\/longchangchemical.com\/de\/wp-json\/wp\/v2\/product\/3664","targetHints":{"allow":["GET"]}}],"collection":[{"href":"https:\/\/longchangchemical.com\/de\/wp-json\/wp\/v2\/product"}],"about":[{"href":"https:\/\/longchangchemical.com\/de\/wp-json\/wp\/v2\/types\/product"}],"replies":[{"embeddable":true,"href":"https:\/\/longchangchemical.com\/de\/wp-json\/wp\/v2\/comments?post=3664"}],"wp:featuredmedia":[{"embeddable":true,"href":"https:\/\/longchangchemical.com\/de\/wp-json\/wp\/v2\/media\/4609"}],"wp:attachment":[{"href":"https:\/\/longchangchemical.com\/de\/wp-json\/wp\/v2\/media?parent=3664"}],"wp:term":[{"taxonomy":"product_brand","embeddable":true,"href":"https:\/\/longchangchemical.com\/de\/wp-json\/wp\/v2\/product_brand?post=3664"},{"taxonomy":"product_cat","embeddable":true,"href":"https:\/\/longchangchemical.com\/de\/wp-json\/wp\/v2\/product_cat?post=3664"},{"taxonomy":"product_tag","embeddable":true,"href":"https:\/\/longchangchemical.com\/de\/wp-json\/wp\/v2\/product_tag?post=3664"}],"curies":[{"name":"wp","href":"https:\/\/api.w.org\/{rel}","templated":true}]}}