{"id":3661,"date":"2024-05-15T02:46:16","date_gmt":"2024-05-15T02:46:16","guid":{"rendered":"https:\/\/longchangchemical.com\/?post_type=product&#038;p=3661"},"modified":"2025-12-16T09:39:36","modified_gmt":"2025-12-16T09:39:36","slug":"hydroxypinacolone-retinoate-cas-893412-73-2","status":"publish","type":"product","link":"https:\/\/longchangchemical.com\/de\/product\/hydroxypinacolone-retinoate-cas-893412-73-2\/","title":{"rendered":"Hydroxypinacolon-Retinoat cas 893412-73-2"},"content":{"rendered":"<h1><strong>Hydroxypinacolon-Retinoat cas 893412-73-2<\/strong><\/h1>\n<p>&nbsp;<\/p>\n<table class=\"table-1\" cellspacing=\"0\">\n<tbody>\n<tr>\n<td>Erscheinungsbild<\/td>\n<td>Gelbes Pulver oder Kristall<\/td>\n<\/tr>\n<tr>\n<td>Identifizieren Sie<\/td>\n<td>Erf\u00fcllt<\/td>\n<\/tr>\n<tr>\n<td>L\u00f6slichkeit<\/td>\n<td>L\u00f6st sich nicht in Wasser auf<\/td>\n<\/tr>\n<tr>\n<td>R\u00fcckst\u00e4nde beim Anz\u00fcnden<\/td>\n<td>\u22640.1%<\/td>\n<\/tr>\n<tr>\n<td>Schwermetall<\/td>\n<td>\u226420ppm<\/td>\n<\/tr>\n<tr>\n<td>Assay<\/td>\n<td>\u226595.0%<\/td>\n<\/tr>\n<tr>\n<td>Erscheinungsbild<\/td>\n<td>Gelbes Pulver oder Kristall<\/td>\n<\/tr>\n<tr>\n<td>Identifizieren Sie<\/td>\n<td>Erf\u00fcllt<\/td>\n<\/tr>\n<\/tbody>\n<\/table>\n<p>&nbsp;<\/p>\n<p>&nbsp;<\/p>\n<p><strong>Hydroxypinacolon-Retinoat Verwendung<\/strong><\/p>\n<p><strong>Hydroxy-Pinacolon-Retinoat ist ein Retinol-Derivat mit der Funktion, den Stoffwechsel der Epidermis und der Hornschicht zu regulieren. Es kann zur Vorbeugung von Hautalterung, zur Verringerung von Seborrhoe, zur Aufhellung der epidermalen Pigmentierung und zur Vorbeugung von Akne sowie zur Aufhellung von Flecken verwendet werden. Es gew\u00e4hrleistet die starke Wirkung von Retinol, w\u00e4hrend es gleichzeitig die Reizung der Haut stark reduziert, und wird derzeit zur Vorbeugung von Hautalterung und Akne eingesetzt.<\/strong><\/p>\n<p>1. Akne-Entfernung<br \/>\n2. antifaltig<br \/>\n3. die Hautfarbe aufhellen<br \/>\nZusatzstoffmenge: 0,1 ~ 0,3%<\/p>\n<p><strong>Hydroxypinacolon-Retinoat Verpackung und Versand<\/strong><\/p>\n<p>Verpacken: G\/Aluminiumfolienbeutel<\/p>\n<p><strong>Hydroxypinacolon-Retinoat Lagerung<\/strong><\/p>\n<p>In einem k\u00fchlen, bel\u00fcfteten Lagerhaus lagern. Die Lagertemperatur sollte 37 \u00b0 C nicht \u00fcberschreiten. Es sollte getrennt von Oxidationsmitteln und essbaren Chemikalien gelagert werden, und vermeiden Sie gemischte Lagerung.<\/p>\n<h2><span style=\"color: #000000;\"><strong><b>Kontaktieren Sie uns jetzt!<\/b><\/strong><\/span><\/h2>\n<h4><span style=\"color: #000000;\"><strong><b>Wenn Sie einen Preis ben\u00f6tigen, tragen Sie bitte Ihre Kontaktdaten in das unten stehende Formular ein. Wir werden uns in der Regel innerhalb von 24 Stunden mit Ihnen in Verbindung setzen. Sie k\u00f6nnen mir auch mailen <span style=\"color: #00ffff;\"><a style=\"color: #00ffff;\" href=\"mailto:info@longchangchemical.com\">info@longchangchemical.com<\/a><\/span> w\u00e4hrend der Gesch\u00e4ftszeiten ( 8:30 bis 18:00 Uhr UTC+8 Mo.~Sa. ) oder nutzen Sie den Live-Chat auf der Website, um eine schnelle Antwort zu erhalten.<\/b><\/strong><\/span><\/h4>\n<p><!--more--><\/p>\n<h2><strong>Neue Alternativen zu Retinol<\/strong><\/h2>\n<p>Hydroxy-Pinacol-Kupfer-Retinoat, abgek\u00fcrzt HPR, ist ein neuartiges Retinoid-Derivat. Es wird durch Veresterung von Retins\u00e4ure und dem kleinen Molek\u00fcl Pinacol gebildet. Im Gegensatz zu anderen Retins\u00e4urederivaten beh\u00e4lt HPR die wirksame Gruppe der Retins\u00e4ure und muss nicht in Retins\u00e4ure umgewandelt werden, so dass es direkt auf den Retins\u00e4urerezeptor einwirken und eine Rolle spielen kann, und seine Anti-Aging-Wirkung ist \u00e4hnlich wie die der all-trans-Retins\u00e4ure. In diesem Artikel werden einige seiner Vorteile bei der Anwendung beschrieben.<\/p>\n<p>Hydroxy-Pinacolon-Retinoat<\/p>\n<p>Sanfter.<br \/>\nWissenschaftler verglichen die Wirkungen mehrerer Vitamin A (einschlie\u00dflich HPR, trans-Retins\u00e4ure, Retinol, Retinaldehyd und Retinylpalmitat) in Bezug auf Anti-Aging und Reizung in einem In-vitro-Modell der menschlichen Haut. In dieser Studie wurde festgestellt, dass HPR eine schw\u00e4chere Entz\u00fcndung (gekennzeichnet durch IL-1\u03b1) ausl\u00f6ste als Retinols\u00e4ure. Auch die Zytotoxizit\u00e4t war bei einer 10-fachen Konzentration geringer. Daher ist HPR eine stabilere und mildere Alternative zu Retins\u00e4ure und kann in Kosmetika verwendet werden.<\/p>\n<p>Wirksamer<br \/>\nAnti-Falten<br \/>\nBei Verwendung des Hydroxy-Pinacolon-Retinoid-haltigen Produkts zeigen die Bilder des Gr\u00fcbchenvolumens, der Falten und der feinen Linien, die an den Tagen 0 (W0), 14 (W14) und 28 (W28) lokal von den Probanden aufgenommen wurden, dass sich das Gr\u00fcbchenvolumen in den Augenwinkeln der Probanden, die Falten und die feinen Linien nach zweiw\u00f6chiger und vierw\u00f6chiger Anwendung der Probe, die das WL-HPR1130-Serum enth\u00e4lt, signifikant ver\u00e4ndert haben und eine Tendenz zur Abnahme aufweisen.<\/p>\n<p>F\u00f6rderung des Keratinstoffwechsels<br \/>\nHydroxypinacolon-Retinoat (HPR) verkleinert die Poren und reduziert die Rauheit der Haut, indem es den Keratinstoffwechsel beschleunigt, die richtige Differenzierung der Keratinozyten erm\u00f6glicht und die Synthese der interstitiellen Lipide f\u00f6rdert, was zu einer glatteren, ebenm\u00e4\u00dfigen Haut f\u00fchrt.<\/p>\n<p>HPR reduziert Pickel durch den Keratinstoffwechsel, verringert die Verstopfung der Follikel\u00f6ffnungen und hemmt die Talgdr\u00fcsen an der Absonderung von \u00d6l, wodurch Akneausbr\u00fcche reduziert und die Unterdr\u00fcckung und Beseitigung von Hautentz\u00fcndungen erreicht werden. Es kann auch die Haut durch den Keratinstoffwechsel aufhellen, indem es die Entladung der Melanozyten beschleunigt und die Produktion von Melanozyten reduziert.<\/p>\n<p>Mehr Stabilit\u00e4t<br \/>\nDie Forscher testeten die Lichtempfindlichkeit von Vitamin-A-Analoga, und von allen getesteten Vitaminen A wurden Retinylpalmitat (Rpal) und Beta-Carotin (\u03b2cal) leichter photodegradiert und nach einer Woche Lichteinwirkung fast vollst\u00e4ndig abgebaut, w\u00e4hrend Hydroxypinacolon-Retinylpalmitat (HPR) nach einer Woche nur zu 40 Prozent abgebaut wurde. Im Durchschnitt hatte die Lichtexposition die geringste Auswirkung auf die Stabilit\u00e4t von HPR von allen getesteten Vitaminen A.<\/p>\n<p>Dar\u00fcber hinaus blieb HPR laut den experimentellen Daten des Papiers in der Formulierung sehr stabil (im Wesentlichen unver\u00e4ndert gegen\u00fcber dem urspr\u00fcnglichen Gehalt von 95%) in einem simulierten Langzeitstabilit\u00e4tstest (6 Monate bei 25\u00b0C und 60% Feuchtigkeit) und in einem beschleunigten Stabilit\u00e4tstest (40\u00b0C, UV-exponierte Umgebung). Bei mehreren anderen Derivaten der Klasse A wurde ein erheblicher Abbau festgestellt.<\/p>\n<p>Zusammenfassung<br \/>\nHydroxy-Pinacolon-Retinoat hat eine direkte Wirkung, die sich ohne Umwandlungsprozess direkt an den Retins\u00e4ure-Rezeptor binden kann und einen schnellen Wirkungseintritt hat; mit einem geringen Molekulargewicht hat es den Vorteil, dass es leichter transdermal absorbiert wird, geringe Reizung, hohe Aktivit\u00e4t und hohe Stabilit\u00e4t aufweist, was nicht nur besser in der Wirksamkeit als herk\u00f6mmliches Retinol ist, sondern auch besser in der Sicherheit, und ein gro\u00dfes Anwendungspotenzial hat.<\/p>","protected":false},"excerpt":{"rendered":"<p>Chemische Bezeichnung:Hydroxypinacolon-Retinoat<\/p>\n<p>CAS-Nr.: 893412-73-2<\/p>\n<p>Molekulare Formel: C26H38O3<\/p>\n<p>Molekulargewicht:398.57812<\/p>\n<p>MolekulareStruktur:<img decoding=\"async\" title=\"Hydroxypinacolon-Retinoat CAS-Nr. 893412-73-2\" src=\"https:\/\/www.longchangchemical.com\/wp-content\/uploads\/product-details\/20200603325600.png\" alt=\"Hydroxypinacolon-Retinoat CAS-Nr. 893412-73-2\" width=\"409\" height=\"200\" \/><\/p>\n<p>Aussehen:Gelbes Pulver oder Kristall<\/p>\n<p>&nbsp;<\/p>","protected":false},"featured_media":0,"comment_status":"open","ping_status":"closed","template":"","meta":[],"product_brand":[],"product_cat":[103],"product_tag":[],"class_list":{"0":"post-3661","1":"product","2":"type-product","3":"status-publish","5":"product_cat-cosmetic-additives","7":"first","8":"instock","9":"shipping-taxable","10":"product-type-simple"},"yoast_head":"<!-- This site is optimized with the Yoast SEO plugin v25.3.1 - https:\/\/yoast.com\/wordpress\/plugins\/seo\/ -->\n<title>China hydroxypinacolone retinoate cas 893412-73-2 manufacturer - Longchang Chemical<\/title>\n<meta name=\"description\" content=\"hydroxypinacolone retinoate cas 893412-73-2 is key product of LongChang Chemical. We provide best price. We are the leading manufacturer in China with the best quanlity and competitive price.\" \/>\n<meta name=\"robots\" content=\"index, follow, max-snippet:-1, max-image-preview:large, max-video-preview:-1\" \/>\n<link rel=\"canonical\" href=\"https:\/\/longchangchemical.com\/de\/product\/hydroxypinacolone-retinoate-cas-893412-73-2\/\" \/>\n<meta property=\"og:locale\" content=\"de_DE\" \/>\n<meta property=\"og:type\" content=\"article\" \/>\n<meta property=\"og:title\" content=\"China hydroxypinacolone retinoate cas 893412-73-2 manufacturer - Longchang Chemical\" \/>\n<meta property=\"og:description\" content=\"hydroxypinacolone retinoate cas 893412-73-2 is key product of LongChang Chemical. We provide best price. We are the leading manufacturer in China with the best quanlity and competitive price.\" \/>\n<meta property=\"og:url\" content=\"https:\/\/longchangchemical.com\/de\/product\/hydroxypinacolone-retinoate-cas-893412-73-2\/\" \/>\n<meta property=\"og:site_name\" content=\"Longchang Chemical\" \/>\n<meta property=\"article:modified_time\" content=\"2025-12-16T09:39:36+00:00\" \/>\n<meta property=\"og:image\" content=\"https:\/\/longchangchemical.com\/wp-content\/uploads\/2024\/02\/logo-jpeg.jpg\" \/>\n\t<meta property=\"og:image:width\" content=\"1000\" \/>\n\t<meta property=\"og:image:height\" content=\"1000\" \/>\n\t<meta property=\"og:image:type\" content=\"image\/jpeg\" \/>\n<meta name=\"twitter:card\" content=\"summary_large_image\" \/>\n<script type=\"application\/ld+json\" class=\"yoast-schema-graph\">{\"@context\":\"https:\/\/schema.org\",\"@graph\":[{\"@type\":\"WebPage\",\"@id\":\"https:\/\/longchangchemical.com\/product\/hydroxypinacolone-retinoate-cas-893412-73-2\/\",\"url\":\"https:\/\/longchangchemical.com\/product\/hydroxypinacolone-retinoate-cas-893412-73-2\/\",\"name\":\"China hydroxypinacolone retinoate cas 893412-73-2 manufacturer - Longchang Chemical\",\"isPartOf\":{\"@id\":\"https:\/\/longchangchemical.com\/#website\"},\"datePublished\":\"2024-05-15T02:46:16+00:00\",\"dateModified\":\"2025-12-16T09:39:36+00:00\",\"description\":\"hydroxypinacolone retinoate cas 893412-73-2 is key product of LongChang Chemical. We provide best price. We are the leading manufacturer in China with the best quanlity and competitive price.\",\"breadcrumb\":{\"@id\":\"https:\/\/longchangchemical.com\/product\/hydroxypinacolone-retinoate-cas-893412-73-2\/#breadcrumb\"},\"inLanguage\":\"de\",\"potentialAction\":[{\"@type\":\"ReadAction\",\"target\":[\"https:\/\/longchangchemical.com\/product\/hydroxypinacolone-retinoate-cas-893412-73-2\/\"]}]},{\"@type\":\"BreadcrumbList\",\"@id\":\"https:\/\/longchangchemical.com\/product\/hydroxypinacolone-retinoate-cas-893412-73-2\/#breadcrumb\",\"itemListElement\":[{\"@type\":\"ListItem\",\"position\":1,\"name\":\"Home\",\"item\":\"https:\/\/longchangchemical.com\/\"},{\"@type\":\"ListItem\",\"position\":2,\"name\":\"Products Longchang\",\"item\":\"https:\/\/longchangchemical.com\/product\/\"},{\"@type\":\"ListItem\",\"position\":3,\"name\":\"hydroxypinacolone retinoate cas 893412-73-2\"}]},{\"@type\":\"WebSite\",\"@id\":\"https:\/\/longchangchemical.com\/#website\",\"url\":\"https:\/\/longchangchemical.com\/\",\"name\":\"Longchang Chemical\",\"description\":\"China chemical manufacturer \uff06 supplier\",\"publisher\":{\"@id\":\"https:\/\/longchangchemical.com\/#organization\"},\"potentialAction\":[{\"@type\":\"SearchAction\",\"target\":{\"@type\":\"EntryPoint\",\"urlTemplate\":\"https:\/\/longchangchemical.com\/?s={search_term_string}\"},\"query-input\":{\"@type\":\"PropertyValueSpecification\",\"valueRequired\":true,\"valueName\":\"search_term_string\"}}],\"inLanguage\":\"de\"},{\"@type\":\"Organization\",\"@id\":\"https:\/\/longchangchemical.com\/#organization\",\"name\":\"Longchang Chemical\",\"url\":\"https:\/\/longchangchemical.com\/\",\"logo\":{\"@type\":\"ImageObject\",\"inLanguage\":\"de\",\"@id\":\"https:\/\/longchangchemical.com\/#\/schema\/logo\/image\/\",\"url\":\"https:\/\/longchangchemical.com\/wp-content\/uploads\/2020\/08\/cropped-longchang-logo.png\",\"contentUrl\":\"https:\/\/longchangchemical.com\/wp-content\/uploads\/2020\/08\/cropped-longchang-logo.png\",\"width\":512,\"height\":512,\"caption\":\"Longchang Chemical\"},\"image\":{\"@id\":\"https:\/\/longchangchemical.com\/#\/schema\/logo\/image\/\"}}]}<\/script>\n<!-- \/ Yoast SEO plugin. -->","yoast_head_json":{"title":"China Hydroxypinacolon Retinoat cas 893412-73-2 Hersteller - Longchang Chemical","description":"Hydroxypinacolonretinoat cas 893412-73-2 ist ein Schl\u00fcsselprodukt von LongChang Chemical. Wir bieten besten Preis. Wir sind der f\u00fchrende Hersteller in China mit der besten quanlity und konkurrenzf\u00e4higen Preis.","robots":{"index":"index","follow":"follow","max-snippet":"max-snippet:-1","max-image-preview":"max-image-preview:large","max-video-preview":"max-video-preview:-1"},"canonical":"https:\/\/longchangchemical.com\/de\/product\/hydroxypinacolone-retinoate-cas-893412-73-2\/","og_locale":"de_DE","og_type":"article","og_title":"China hydroxypinacolone retinoate cas 893412-73-2 manufacturer - Longchang Chemical","og_description":"hydroxypinacolone retinoate cas 893412-73-2 is key product of LongChang Chemical. We provide best price. We are the leading manufacturer in China with the best quanlity and competitive price.","og_url":"https:\/\/longchangchemical.com\/de\/product\/hydroxypinacolone-retinoate-cas-893412-73-2\/","og_site_name":"Longchang Chemical","article_modified_time":"2025-12-16T09:39:36+00:00","og_image":[{"width":1000,"height":1000,"url":"https:\/\/longchangchemical.com\/wp-content\/uploads\/2024\/02\/logo-jpeg.jpg","type":"image\/jpeg"}],"twitter_card":"summary_large_image","schema":{"@context":"https:\/\/schema.org","@graph":[{"@type":"WebPage","@id":"https:\/\/longchangchemical.com\/product\/hydroxypinacolone-retinoate-cas-893412-73-2\/","url":"https:\/\/longchangchemical.com\/product\/hydroxypinacolone-retinoate-cas-893412-73-2\/","name":"China Hydroxypinacolon Retinoat cas 893412-73-2 Hersteller - Longchang Chemical","isPartOf":{"@id":"https:\/\/longchangchemical.com\/#website"},"datePublished":"2024-05-15T02:46:16+00:00","dateModified":"2025-12-16T09:39:36+00:00","description":"Hydroxypinacolonretinoat cas 893412-73-2 ist ein Schl\u00fcsselprodukt von LongChang Chemical. Wir bieten besten Preis. Wir sind der f\u00fchrende Hersteller in China mit der besten quanlity und konkurrenzf\u00e4higen Preis.","breadcrumb":{"@id":"https:\/\/longchangchemical.com\/product\/hydroxypinacolone-retinoate-cas-893412-73-2\/#breadcrumb"},"inLanguage":"de","potentialAction":[{"@type":"ReadAction","target":["https:\/\/longchangchemical.com\/product\/hydroxypinacolone-retinoate-cas-893412-73-2\/"]}]},{"@type":"BreadcrumbList","@id":"https:\/\/longchangchemical.com\/product\/hydroxypinacolone-retinoate-cas-893412-73-2\/#breadcrumb","itemListElement":[{"@type":"ListItem","position":1,"name":"Home","item":"https:\/\/longchangchemical.com\/"},{"@type":"ListItem","position":2,"name":"Products Longchang","item":"https:\/\/longchangchemical.com\/product\/"},{"@type":"ListItem","position":3,"name":"hydroxypinacolone retinoate cas 893412-73-2"}]},{"@type":"WebSite","@id":"https:\/\/longchangchemical.com\/#website","url":"https:\/\/longchangchemical.com\/","name":"Longchang Chemical","description":"China Hersteller von Chemikalien \uff06 Lieferant","publisher":{"@id":"https:\/\/longchangchemical.com\/#organization"},"potentialAction":[{"@type":"SearchAction","target":{"@type":"EntryPoint","urlTemplate":"https:\/\/longchangchemical.com\/?s={search_term_string}"},"query-input":{"@type":"PropertyValueSpecification","valueRequired":true,"valueName":"search_term_string"}}],"inLanguage":"de"},{"@type":"Organization","@id":"https:\/\/longchangchemical.com\/#organization","name":"Longchang Chemical","url":"https:\/\/longchangchemical.com\/","logo":{"@type":"ImageObject","inLanguage":"de","@id":"https:\/\/longchangchemical.com\/#\/schema\/logo\/image\/","url":"https:\/\/longchangchemical.com\/wp-content\/uploads\/2020\/08\/cropped-longchang-logo.png","contentUrl":"https:\/\/longchangchemical.com\/wp-content\/uploads\/2020\/08\/cropped-longchang-logo.png","width":512,"height":512,"caption":"Longchang Chemical"},"image":{"@id":"https:\/\/longchangchemical.com\/#\/schema\/logo\/image\/"}}]}},"_links":{"self":[{"href":"https:\/\/longchangchemical.com\/de\/wp-json\/wp\/v2\/product\/3661","targetHints":{"allow":["GET"]}}],"collection":[{"href":"https:\/\/longchangchemical.com\/de\/wp-json\/wp\/v2\/product"}],"about":[{"href":"https:\/\/longchangchemical.com\/de\/wp-json\/wp\/v2\/types\/product"}],"replies":[{"embeddable":true,"href":"https:\/\/longchangchemical.com\/de\/wp-json\/wp\/v2\/comments?post=3661"}],"wp:attachment":[{"href":"https:\/\/longchangchemical.com\/de\/wp-json\/wp\/v2\/media?parent=3661"}],"wp:term":[{"taxonomy":"product_brand","embeddable":true,"href":"https:\/\/longchangchemical.com\/de\/wp-json\/wp\/v2\/product_brand?post=3661"},{"taxonomy":"product_cat","embeddable":true,"href":"https:\/\/longchangchemical.com\/de\/wp-json\/wp\/v2\/product_cat?post=3661"},{"taxonomy":"product_tag","embeddable":true,"href":"https:\/\/longchangchemical.com\/de\/wp-json\/wp\/v2\/product_tag?post=3661"}],"curies":[{"name":"wp","href":"https:\/\/api.w.org\/{rel}","templated":true}]}}