{"id":3655,"date":"2021-04-21T10:00:25","date_gmt":"2021-04-21T10:00:25","guid":{"rendered":"https:\/\/longchangchemical.com\/?post_type=product&#038;p=3655"},"modified":"2025-12-22T09:26:12","modified_gmt":"2025-12-22T09:26:12","slug":"benzyl-nicotinate-cas-94-44-0","status":"publish","type":"product","link":"https:\/\/longchangchemical.com\/de\/product\/benzyl-nicotinate-cas-94-44-0\/","title":{"rendered":"Benzylnicotinat CAS 94-44-0"},"content":{"rendered":"<h1><strong>Benzylnicotinat CAS 94-44-0<\/strong><\/h1>\n<table class=\"table-1\" cellspacing=\"0\" cellpadding=\"0\">\n<tbody>\n<tr>\n<td>\n<h4>Artikel<\/h4>\n<\/td>\n<td>\n<h4>Spezifikationen<\/h4>\n<\/td>\n<\/tr>\n<tr>\n<td>\n<h4>Erscheinungsbild<\/h4>\n<\/td>\n<td>\n<h4>Farbloses bis gelbes Kristall oder Fl\u00fcssigkeit.<\/h4>\n<\/td>\n<\/tr>\n<tr>\n<td>\n<h4>Luftfeuchtigkeit<\/h4>\n<\/td>\n<td>\n<h4>\u22640,5%<\/h4>\n<\/td>\n<\/tr>\n<tr>\n<td>\n<h4>Reinheit<\/h4>\n<\/td>\n<td>\n<h4>\u226598%<\/h4>\n<\/td>\n<\/tr>\n<tr>\n<td>\n<h4>Schmelzpunkt<\/h4>\n<\/td>\n<td>\n<h4>22-24\u2103<\/h4>\n<\/td>\n<\/tr>\n<tr>\n<td>\n<h4>Schwermetalle<\/h4>\n<\/td>\n<td>\n<h4>K.A.<\/h4>\n<\/td>\n<\/tr>\n<\/tbody>\n<\/table>\n<p>&nbsp;<\/p>\n<h2><strong>Benzylnicotinat Verwendung<\/strong><\/h2>\n<h4>1. Benzylnicotinat ist der Hauptbestandteil der Leber- und Gallenblasen-Energietabletten. Es ist eine \u00f6lige Fl\u00fcssigkeit, die die Gallensekretion f\u00f6rdert und die Leber sch\u00fctzt. Es kann Fett in der Leber in das extrahepatische Fettdepot transportieren. Es ist wirksam bei einer durch Alkoholismus verursachten Leber. Die Zellzerst\u00f6rung hat eine deutlich hemmende Wirkung.<\/h4>\n<h4>2. In der Kosmetikindustrie sind die meisten gew\u00f6hnlichen Massagecremes teuer und haben starke Nebenwirkungen. Sie haben keine offensichtliche Rolle bei der F\u00f6rderung der Lymph- und Blutzirkulation und der Beseitigung abgestorbener Hautzellen. Der Zweck der Benzylnicotinat-Massagecreme ist es, einen Weg zur F\u00f6rderung der Lymph- und Blutzirkulation zu bieten, alte abgestorbene Hautzellen zu beseitigen und f\u00fcr die Make-up-Massage geeignet zu sein, um M\u00fcdigkeit zu lindern.<\/h4>\n<p>&nbsp;<\/p>\n<h2><strong>Benzylnicotinat Verpackung<\/strong><\/h2>\n<h4>1KG\/Fass; 25Kg\/Fass oder entsprechend Ihrer Anforderung.<\/h4>\n<p>&nbsp;<\/p>\n<h2><strong>Produkte der gleichen Serie<\/strong><\/h2>\n<table style=\"border-collapse: collapse; width: 312.02pt;\" border=\"0\" width=\"416\" cellspacing=\"0\" cellpadding=\"0\">\n<tbody>\n<tr style=\"height: 54.00pt;\">\n<td class=\"et3\" style=\"height: 54.00pt; width: 201.75pt;\" width=\"269\" height=\"72\">\n<h4>Benzylnikotinat<\/h4>\n<\/td>\n<td class=\"et3\" style=\"width: 110.25pt;\" width=\"147\">\n<h4>94-44-0<\/h4>\n<\/td>\n<\/tr>\n<tr style=\"height: 54.00pt;\">\n<td class=\"et4\" style=\"height: 54.00pt; width: 201.75pt;\" width=\"269\" height=\"72\">\n<h4><a href=\"https:\/\/longchangchemical.com\/de\/product\/methyl-nicotinate-cas-93-60-7\/\"><span style=\"color: #0000ff;\">Methylnikotinat<\/span><\/a><\/h4>\n<\/td>\n<td class=\"et4\" style=\"width: 110.25pt;\" width=\"147\">\n<h4><span style=\"color: #0000ff;\">93-60-7<\/span><\/h4>\n<\/td>\n<\/tr>\n<\/tbody>\n<\/table>\n<h2><strong><b>Kontaktieren Sie uns jetzt!<\/b><\/strong><\/h2>\n<h4><strong><b>Wenn Sie COA, MSDS oder TDS ben\u00f6tigen, geben Sie bitte Ihre Kontaktinformationen in das untenstehende Formular ein. Wir werden uns in der Regel innerhalb von 24 Stunden mit Ihnen in Verbindung setzen. Sie k\u00f6nnen mir auch eine E-Mail schicken <span style=\"color: #0000ff;\"><a style=\"color: #0000ff;\" href=\"mailto:info@longchangchemical.com\">info@longchangchemical.com<\/a><\/span> w\u00e4hrend der Gesch\u00e4ftszeiten ( 8:30 bis 18:00 Uhr UTC+8 Mo.~Sa. ) oder nutzen Sie den Live-Chat auf der Website, um eine schnelle Antwort zu erhalten.<\/b><\/strong><\/h4>","protected":false},"excerpt":{"rendered":"<h4>Chemische Bezeichnung:Benzylnicotinat<\/h4>\n<h4>CAS: 94-44-0<\/h4>\n<h4>Summenformel:C13H11NO2<\/h4>\n<h4>Molekulargewicht:213.23<\/h4>\n<h4>Chemische Struktur:<img decoding=\"async\" title=\"Benzylnicotinat Struktur\" src=\"https:\/\/www.longchangchemical.com\/wp-content\/uploads\/product-details\/20200616074062.png\" alt=\"Benzylnicotinat Struktur\" width=\"145\" height=\"70\" border=\"0\" vspace=\"0\" \/><\/h4>\n<h4>\u00c4u\u00dferes Erscheinungsbild: Leicht gelbliche Fl\u00fcssigkeit<\/h4>\n<h4>Reinheit: 98%<\/h4>","protected":false},"featured_media":4507,"comment_status":"open","ping_status":"closed","template":"","meta":[],"product_brand":[],"product_cat":[69],"product_tag":[],"class_list":{"0":"post-3655","1":"product","2":"type-product","3":"status-publish","4":"has-post-thumbnail","6":"product_cat-catalysts-chemical-auxiliary-agents","8":"first","9":"instock","10":"shipping-taxable","11":"product-type-simple"},"yoast_head":"<!-- This site is optimized with the Yoast SEO plugin v25.3.1 - https:\/\/yoast.com\/wordpress\/plugins\/seo\/ -->\n<title>China Benzyl nicotinate Manufacturer \uff06 CAS 94-44-0 Supplier - Longchang chemical Co., Ltd.<\/title>\n<meta name=\"description\" content=\"Longchang Chemical is a leading manufacturer and supplier of Benzyl nicotinate in China. Buy Benzyl nicotinate in china. We can provide the best Benzyl nicotinate price.\" \/>\n<meta name=\"robots\" content=\"index, follow, max-snippet:-1, max-image-preview:large, max-video-preview:-1\" \/>\n<link rel=\"canonical\" href=\"https:\/\/longchangchemical.com\/de\/product\/benzyl-nicotinate-cas-94-44-0\/\" \/>\n<meta property=\"og:locale\" content=\"de_DE\" \/>\n<meta property=\"og:type\" content=\"article\" \/>\n<meta property=\"og:title\" content=\"China Benzyl nicotinate Manufacturer \uff06 CAS 94-44-0 Supplier - Longchang chemical Co., Ltd.\" \/>\n<meta property=\"og:description\" content=\"Longchang Chemical is a leading manufacturer and supplier of Benzyl nicotinate in China. Buy Benzyl nicotinate in china. We can provide the best Benzyl nicotinate price.\" \/>\n<meta property=\"og:url\" content=\"https:\/\/longchangchemical.com\/de\/product\/benzyl-nicotinate-cas-94-44-0\/\" \/>\n<meta property=\"og:site_name\" content=\"Longchang Chemical\" \/>\n<meta property=\"article:modified_time\" content=\"2025-12-22T09:26:12+00:00\" \/>\n<meta property=\"og:image\" content=\"https:\/\/longchangchemical.com\/wp-content\/uploads\/2021\/01\/Benzyl-nicotinate-Appearance.jpg\" \/>\n\t<meta property=\"og:image:width\" content=\"600\" \/>\n\t<meta property=\"og:image:height\" content=\"800\" \/>\n\t<meta property=\"og:image:type\" content=\"image\/jpeg\" \/>\n<meta name=\"twitter:card\" content=\"summary_large_image\" \/>\n<script type=\"application\/ld+json\" class=\"yoast-schema-graph\">{\"@context\":\"https:\/\/schema.org\",\"@graph\":[{\"@type\":\"WebPage\",\"@id\":\"https:\/\/longchangchemical.com\/product\/benzyl-nicotinate-cas-94-44-0\/\",\"url\":\"https:\/\/longchangchemical.com\/product\/benzyl-nicotinate-cas-94-44-0\/\",\"name\":\"China Benzyl nicotinate Manufacturer \uff06 CAS 94-44-0 Supplier - Longchang chemical Co., Ltd.\",\"isPartOf\":{\"@id\":\"https:\/\/longchangchemical.com\/#website\"},\"primaryImageOfPage\":{\"@id\":\"https:\/\/longchangchemical.com\/product\/benzyl-nicotinate-cas-94-44-0\/#primaryimage\"},\"image\":{\"@id\":\"https:\/\/longchangchemical.com\/product\/benzyl-nicotinate-cas-94-44-0\/#primaryimage\"},\"thumbnailUrl\":\"https:\/\/longchangchemical.com\/wp-content\/uploads\/2021\/01\/Benzyl-nicotinate-Appearance.jpg\",\"datePublished\":\"2021-04-21T10:00:25+00:00\",\"dateModified\":\"2025-12-22T09:26:12+00:00\",\"description\":\"Longchang Chemical is a leading manufacturer and supplier of Benzyl nicotinate in China. Buy Benzyl nicotinate in china. We can provide the best Benzyl nicotinate price.\",\"breadcrumb\":{\"@id\":\"https:\/\/longchangchemical.com\/product\/benzyl-nicotinate-cas-94-44-0\/#breadcrumb\"},\"inLanguage\":\"de\",\"potentialAction\":[{\"@type\":\"ReadAction\",\"target\":[\"https:\/\/longchangchemical.com\/product\/benzyl-nicotinate-cas-94-44-0\/\"]}]},{\"@type\":\"ImageObject\",\"inLanguage\":\"de\",\"@id\":\"https:\/\/longchangchemical.com\/product\/benzyl-nicotinate-cas-94-44-0\/#primaryimage\",\"url\":\"https:\/\/longchangchemical.com\/wp-content\/uploads\/2021\/01\/Benzyl-nicotinate-Appearance.jpg\",\"contentUrl\":\"https:\/\/longchangchemical.com\/wp-content\/uploads\/2021\/01\/Benzyl-nicotinate-Appearance.jpg\",\"width\":600,\"height\":800,\"caption\":\"Benzyl-nicotinate-Appearance\"},{\"@type\":\"BreadcrumbList\",\"@id\":\"https:\/\/longchangchemical.com\/product\/benzyl-nicotinate-cas-94-44-0\/#breadcrumb\",\"itemListElement\":[{\"@type\":\"ListItem\",\"position\":1,\"name\":\"Home\",\"item\":\"https:\/\/longchangchemical.com\/\"},{\"@type\":\"ListItem\",\"position\":2,\"name\":\"Products Longchang\",\"item\":\"https:\/\/longchangchemical.com\/product\/\"},{\"@type\":\"ListItem\",\"position\":3,\"name\":\"Benzyl nicotinate CAS 94-44-0\"}]},{\"@type\":\"WebSite\",\"@id\":\"https:\/\/longchangchemical.com\/#website\",\"url\":\"https:\/\/longchangchemical.com\/\",\"name\":\"Longchang Chemical\",\"description\":\"China chemical manufacturer \uff06 supplier\",\"publisher\":{\"@id\":\"https:\/\/longchangchemical.com\/#organization\"},\"potentialAction\":[{\"@type\":\"SearchAction\",\"target\":{\"@type\":\"EntryPoint\",\"urlTemplate\":\"https:\/\/longchangchemical.com\/?s={search_term_string}\"},\"query-input\":{\"@type\":\"PropertyValueSpecification\",\"valueRequired\":true,\"valueName\":\"search_term_string\"}}],\"inLanguage\":\"de\"},{\"@type\":\"Organization\",\"@id\":\"https:\/\/longchangchemical.com\/#organization\",\"name\":\"Longchang Chemical\",\"url\":\"https:\/\/longchangchemical.com\/\",\"logo\":{\"@type\":\"ImageObject\",\"inLanguage\":\"de\",\"@id\":\"https:\/\/longchangchemical.com\/#\/schema\/logo\/image\/\",\"url\":\"https:\/\/longchangchemical.com\/wp-content\/uploads\/2020\/08\/cropped-longchang-logo.png\",\"contentUrl\":\"https:\/\/longchangchemical.com\/wp-content\/uploads\/2020\/08\/cropped-longchang-logo.png\",\"width\":512,\"height\":512,\"caption\":\"Longchang Chemical\"},\"image\":{\"@id\":\"https:\/\/longchangchemical.com\/#\/schema\/logo\/image\/\"}}]}<\/script>\n<!-- \/ Yoast SEO plugin. -->","yoast_head_json":{"title":"China Benzylnikotinat Hersteller \uff06 CAS 94-44-0 Lieferant - Longchang chemical Co., Ltd.","description":"Longchang Chemical ist ein f\u00fchrender Hersteller und Lieferant von Benzylnicotinat in China. Kaufen Benzylnikotinat in China. Wir k\u00f6nnen die besten Benzylnikotinat Preis bieten.","robots":{"index":"index","follow":"follow","max-snippet":"max-snippet:-1","max-image-preview":"max-image-preview:large","max-video-preview":"max-video-preview:-1"},"canonical":"https:\/\/longchangchemical.com\/de\/product\/benzyl-nicotinate-cas-94-44-0\/","og_locale":"de_DE","og_type":"article","og_title":"China Benzyl nicotinate Manufacturer \uff06 CAS 94-44-0 Supplier - Longchang chemical Co., Ltd.","og_description":"Longchang Chemical is a leading manufacturer and supplier of Benzyl nicotinate in China. Buy Benzyl nicotinate in china. We can provide the best Benzyl nicotinate price.","og_url":"https:\/\/longchangchemical.com\/de\/product\/benzyl-nicotinate-cas-94-44-0\/","og_site_name":"Longchang Chemical","article_modified_time":"2025-12-22T09:26:12+00:00","og_image":[{"width":600,"height":800,"url":"https:\/\/longchangchemical.com\/wp-content\/uploads\/2021\/01\/Benzyl-nicotinate-Appearance.jpg","type":"image\/jpeg"}],"twitter_card":"summary_large_image","schema":{"@context":"https:\/\/schema.org","@graph":[{"@type":"WebPage","@id":"https:\/\/longchangchemical.com\/product\/benzyl-nicotinate-cas-94-44-0\/","url":"https:\/\/longchangchemical.com\/product\/benzyl-nicotinate-cas-94-44-0\/","name":"China Benzylnikotinat Hersteller \uff06 CAS 94-44-0 Lieferant - Longchang chemical Co., Ltd.","isPartOf":{"@id":"https:\/\/longchangchemical.com\/#website"},"primaryImageOfPage":{"@id":"https:\/\/longchangchemical.com\/product\/benzyl-nicotinate-cas-94-44-0\/#primaryimage"},"image":{"@id":"https:\/\/longchangchemical.com\/product\/benzyl-nicotinate-cas-94-44-0\/#primaryimage"},"thumbnailUrl":"https:\/\/longchangchemical.com\/wp-content\/uploads\/2021\/01\/Benzyl-nicotinate-Appearance.jpg","datePublished":"2021-04-21T10:00:25+00:00","dateModified":"2025-12-22T09:26:12+00:00","description":"Longchang Chemical ist ein f\u00fchrender Hersteller und Lieferant von Benzylnicotinat in China. Kaufen Benzylnikotinat in China. Wir k\u00f6nnen die besten Benzylnikotinat Preis bieten.","breadcrumb":{"@id":"https:\/\/longchangchemical.com\/product\/benzyl-nicotinate-cas-94-44-0\/#breadcrumb"},"inLanguage":"de","potentialAction":[{"@type":"ReadAction","target":["https:\/\/longchangchemical.com\/product\/benzyl-nicotinate-cas-94-44-0\/"]}]},{"@type":"ImageObject","inLanguage":"de","@id":"https:\/\/longchangchemical.com\/product\/benzyl-nicotinate-cas-94-44-0\/#primaryimage","url":"https:\/\/longchangchemical.com\/wp-content\/uploads\/2021\/01\/Benzyl-nicotinate-Appearance.jpg","contentUrl":"https:\/\/longchangchemical.com\/wp-content\/uploads\/2021\/01\/Benzyl-nicotinate-Appearance.jpg","width":600,"height":800,"caption":"Benzyl-nicotinate-Appearance"},{"@type":"BreadcrumbList","@id":"https:\/\/longchangchemical.com\/product\/benzyl-nicotinate-cas-94-44-0\/#breadcrumb","itemListElement":[{"@type":"ListItem","position":1,"name":"Home","item":"https:\/\/longchangchemical.com\/"},{"@type":"ListItem","position":2,"name":"Products Longchang","item":"https:\/\/longchangchemical.com\/product\/"},{"@type":"ListItem","position":3,"name":"Benzyl nicotinate CAS 94-44-0"}]},{"@type":"WebSite","@id":"https:\/\/longchangchemical.com\/#website","url":"https:\/\/longchangchemical.com\/","name":"Longchang Chemical","description":"China Hersteller von Chemikalien \uff06 Lieferant","publisher":{"@id":"https:\/\/longchangchemical.com\/#organization"},"potentialAction":[{"@type":"SearchAction","target":{"@type":"EntryPoint","urlTemplate":"https:\/\/longchangchemical.com\/?s={search_term_string}"},"query-input":{"@type":"PropertyValueSpecification","valueRequired":true,"valueName":"search_term_string"}}],"inLanguage":"de"},{"@type":"Organization","@id":"https:\/\/longchangchemical.com\/#organization","name":"Longchang Chemical","url":"https:\/\/longchangchemical.com\/","logo":{"@type":"ImageObject","inLanguage":"de","@id":"https:\/\/longchangchemical.com\/#\/schema\/logo\/image\/","url":"https:\/\/longchangchemical.com\/wp-content\/uploads\/2020\/08\/cropped-longchang-logo.png","contentUrl":"https:\/\/longchangchemical.com\/wp-content\/uploads\/2020\/08\/cropped-longchang-logo.png","width":512,"height":512,"caption":"Longchang Chemical"},"image":{"@id":"https:\/\/longchangchemical.com\/#\/schema\/logo\/image\/"}}]}},"_links":{"self":[{"href":"https:\/\/longchangchemical.com\/de\/wp-json\/wp\/v2\/product\/3655","targetHints":{"allow":["GET"]}}],"collection":[{"href":"https:\/\/longchangchemical.com\/de\/wp-json\/wp\/v2\/product"}],"about":[{"href":"https:\/\/longchangchemical.com\/de\/wp-json\/wp\/v2\/types\/product"}],"replies":[{"embeddable":true,"href":"https:\/\/longchangchemical.com\/de\/wp-json\/wp\/v2\/comments?post=3655"}],"wp:featuredmedia":[{"embeddable":true,"href":"https:\/\/longchangchemical.com\/de\/wp-json\/wp\/v2\/media\/4507"}],"wp:attachment":[{"href":"https:\/\/longchangchemical.com\/de\/wp-json\/wp\/v2\/media?parent=3655"}],"wp:term":[{"taxonomy":"product_brand","embeddable":true,"href":"https:\/\/longchangchemical.com\/de\/wp-json\/wp\/v2\/product_brand?post=3655"},{"taxonomy":"product_cat","embeddable":true,"href":"https:\/\/longchangchemical.com\/de\/wp-json\/wp\/v2\/product_cat?post=3655"},{"taxonomy":"product_tag","embeddable":true,"href":"https:\/\/longchangchemical.com\/de\/wp-json\/wp\/v2\/product_tag?post=3655"}],"curies":[{"name":"wp","href":"https:\/\/api.w.org\/{rel}","templated":true}]}}