{"id":3651,"date":"2023-05-19T14:29:05","date_gmt":"2023-05-19T14:29:05","guid":{"rendered":"https:\/\/longchangchemical.com\/?post_type=product&#038;p=3651"},"modified":"2025-12-22T06:43:32","modified_gmt":"2025-12-22T06:43:32","slug":"sodium-cocoyl-isethionate-cas-61789-32-0","status":"publish","type":"product","link":"https:\/\/longchangchemical.com\/de\/product\/sodium-cocoyl-isethionate-cas-61789-32-0\/","title":{"rendered":"Natriumcocoylisethionat cas 61789-32-0"},"content":{"rendered":"<p>&nbsp;<\/p>\n<table width=\"781\">\n<tbody>\n<tr class=\"firstRow\">\n<td width=\"184\"><strong>Artikel<\/strong><\/td>\n<td width=\"338\"><strong>Spezifikation<\/strong><\/td>\n<\/tr>\n<tr>\n<td width=\"184\">Erscheinungsbild<\/td>\n<td width=\"338\">Wei\u00dfes Granulat oder Pulver<\/td>\n<\/tr>\n<tr>\n<td width=\"184\">Assay(MW=343)(%)<\/td>\n<td width=\"338\">84.0min<\/td>\n<\/tr>\n<tr>\n<td width=\"400\">Freie Fetts\u00e4ure(MW=213)(%)<\/td>\n<td width=\"338\">3.0 ~10.0<\/td>\n<\/tr>\n<tr>\n<td width=\"184\">PH<\/td>\n<td width=\"338\">5.0 ~ 6.5<\/td>\n<\/tr>\n<tr>\n<td width=\"184\">Farbe<\/td>\n<td width=\"338\">35max<\/td>\n<\/tr>\n<tr>\n<td width=\"184\">Feuchte(%)<\/td>\n<td width=\"338\">1,5max<\/td>\n<\/tr>\n<\/tbody>\n<\/table>\n<p><strong>Natrium-Cocoyl-Isethionat <\/strong><strong>Anmeldung<\/strong><\/p>\n<p>1. Es hat eine niedrige Oberfl\u00e4chenspannung, eine ausgezeichnete Benetzungs-, Schaum- und Reinigungswirkung sowie eine ausgezeichnete Best\u00e4ndigkeit gegen hartes Wasser.<\/p>\n<p>2. Verwendet f\u00fcr feine Textilwaschmittel, Shampoos und K\u00f6rperpflegemittel<\/p>\n<p>3. Verbessert die Best\u00e4ndigkeit gegen hartes Wasser, den Schaumbildungseffekt und das Hautgef\u00fchl der Seife<\/p>\n<p><strong>Natrium-Cocoyl-Isethionat <\/strong><strong>Verpackung und Versand<\/strong><\/p>\n<p>25kg\/Fasertrommel 25kg\/Sack<strong><br \/>\n<\/strong><\/p>\n<p><strong>Natrium-Cocoyl-Isethionat <\/strong><strong>Lagerung<\/strong><\/p>\n<p>Die Garantiezeit betr\u00e4gt 24 Monate ab dem Datum der Lieferung von Haihang, gelagert im unge\u00f6ffneten Originalbeh\u00e4lter bei 25\u2103.<\/p>\n<p>&nbsp;<\/p>\n<h2><strong>Kontaktieren Sie uns jetzt!<\/strong><\/h2>\n<p><strong>Wenn Sie COA, MSDS oder TDS ben\u00f6tigen, geben Sie bitte Ihre Kontaktinformationen in das untenstehende Formular ein. Wir werden uns in der Regel innerhalb von 24 Stunden mit Ihnen in Verbindung setzen. Sie k\u00f6nnen mir auch eine E-Mail schicken <span style=\"color: #00ccff;\"><a style=\"color: #00ccff;\" href=\"mailto:info@longchangchemical.com\">info@longchangchemical.com<\/a> <\/span>w\u00e4hrend der Gesch\u00e4ftszeiten ( 8:30 bis 18:00 Uhr UTC+8 Mo.~Sa. ) oder nutzen Sie den Live-Chat auf der Website, um eine schnelle Antwort zu erhalten.<\/strong><\/p>","protected":false},"excerpt":{"rendered":"<p>Chemische Bezeichnung: Natrium-Cocoyl-Isethionat<\/p>\n<p>CAS-Nr.: 61789-32-0<\/p>\n<p>Molek\u00fclformel: C2Na6O47S20<\/p>\n<p>Molekulargewicht: 1555,23<\/p>\n<p>Erscheinungsbild:Wei\u00dfe Flocke<\/p>\n<p>Assay\uff1a85%min<\/p>","protected":false},"featured_media":0,"comment_status":"open","ping_status":"closed","template":"","meta":[],"product_brand":[],"product_cat":[69],"product_tag":[],"class_list":{"0":"post-3651","1":"product","2":"type-product","3":"status-publish","5":"product_cat-catalysts-chemical-auxiliary-agents","7":"first","8":"instock","9":"shipping-taxable","10":"product-type-simple"},"yoast_head":"<!-- This site is optimized with the Yoast SEO plugin v25.3.1 - https:\/\/yoast.com\/wordpress\/plugins\/seo\/ -->\n<title>China sodium cocoyl isethionate cas 61789-32-0 Manufacturer - Longchang Chemical<\/title>\n<meta name=\"description\" content=\"sodium cocoyl isethionate cas 61789-32-0 is a key product of Longchang Chemical. We provide the best price. We are the leading manufacturer in China with the best quality and competitive price.\" \/>\n<meta name=\"robots\" content=\"index, follow, max-snippet:-1, max-image-preview:large, max-video-preview:-1\" \/>\n<link rel=\"canonical\" href=\"https:\/\/longchangchemical.com\/de\/product\/sodium-cocoyl-isethionate-cas-61789-32-0\/\" \/>\n<meta property=\"og:locale\" content=\"de_DE\" \/>\n<meta property=\"og:type\" content=\"article\" \/>\n<meta property=\"og:title\" content=\"China sodium cocoyl isethionate cas 61789-32-0 Manufacturer - Longchang Chemical\" \/>\n<meta property=\"og:description\" content=\"sodium cocoyl isethionate cas 61789-32-0 is a key product of Longchang Chemical. We provide the best price. We are the leading manufacturer in China with the best quality and competitive price.\" \/>\n<meta property=\"og:url\" content=\"https:\/\/longchangchemical.com\/de\/product\/sodium-cocoyl-isethionate-cas-61789-32-0\/\" \/>\n<meta property=\"og:site_name\" content=\"Longchang Chemical\" \/>\n<meta property=\"article:modified_time\" content=\"2025-12-22T06:43:32+00:00\" \/>\n<meta property=\"og:image\" content=\"https:\/\/longchangchemical.com\/wp-content\/uploads\/2024\/02\/logo-jpeg.jpg\" \/>\n\t<meta property=\"og:image:width\" content=\"1000\" \/>\n\t<meta property=\"og:image:height\" content=\"1000\" \/>\n\t<meta property=\"og:image:type\" content=\"image\/jpeg\" \/>\n<meta name=\"twitter:card\" content=\"summary_large_image\" \/>\n<script type=\"application\/ld+json\" class=\"yoast-schema-graph\">{\"@context\":\"https:\/\/schema.org\",\"@graph\":[{\"@type\":\"WebPage\",\"@id\":\"https:\/\/longchangchemical.com\/product\/sodium-cocoyl-isethionate-cas-61789-32-0\/\",\"url\":\"https:\/\/longchangchemical.com\/product\/sodium-cocoyl-isethionate-cas-61789-32-0\/\",\"name\":\"China sodium cocoyl isethionate cas 61789-32-0 Manufacturer - Longchang Chemical\",\"isPartOf\":{\"@id\":\"https:\/\/longchangchemical.com\/#website\"},\"datePublished\":\"2023-05-19T14:29:05+00:00\",\"dateModified\":\"2025-12-22T06:43:32+00:00\",\"description\":\"sodium cocoyl isethionate cas 61789-32-0 is a key product of Longchang Chemical. We provide the best price. We are the leading manufacturer in China with the best quality and competitive price.\",\"breadcrumb\":{\"@id\":\"https:\/\/longchangchemical.com\/product\/sodium-cocoyl-isethionate-cas-61789-32-0\/#breadcrumb\"},\"inLanguage\":\"de\",\"potentialAction\":[{\"@type\":\"ReadAction\",\"target\":[\"https:\/\/longchangchemical.com\/product\/sodium-cocoyl-isethionate-cas-61789-32-0\/\"]}]},{\"@type\":\"BreadcrumbList\",\"@id\":\"https:\/\/longchangchemical.com\/product\/sodium-cocoyl-isethionate-cas-61789-32-0\/#breadcrumb\",\"itemListElement\":[{\"@type\":\"ListItem\",\"position\":1,\"name\":\"Home\",\"item\":\"https:\/\/longchangchemical.com\/\"},{\"@type\":\"ListItem\",\"position\":2,\"name\":\"Products Longchang\",\"item\":\"https:\/\/longchangchemical.com\/product\/\"},{\"@type\":\"ListItem\",\"position\":3,\"name\":\"sodium cocoyl isethionate cas 61789-32-0\"}]},{\"@type\":\"WebSite\",\"@id\":\"https:\/\/longchangchemical.com\/#website\",\"url\":\"https:\/\/longchangchemical.com\/\",\"name\":\"Longchang Chemical\",\"description\":\"China chemical manufacturer \uff06 supplier\",\"publisher\":{\"@id\":\"https:\/\/longchangchemical.com\/#organization\"},\"potentialAction\":[{\"@type\":\"SearchAction\",\"target\":{\"@type\":\"EntryPoint\",\"urlTemplate\":\"https:\/\/longchangchemical.com\/?s={search_term_string}\"},\"query-input\":{\"@type\":\"PropertyValueSpecification\",\"valueRequired\":true,\"valueName\":\"search_term_string\"}}],\"inLanguage\":\"de\"},{\"@type\":\"Organization\",\"@id\":\"https:\/\/longchangchemical.com\/#organization\",\"name\":\"Longchang Chemical\",\"url\":\"https:\/\/longchangchemical.com\/\",\"logo\":{\"@type\":\"ImageObject\",\"inLanguage\":\"de\",\"@id\":\"https:\/\/longchangchemical.com\/#\/schema\/logo\/image\/\",\"url\":\"https:\/\/longchangchemical.com\/wp-content\/uploads\/2020\/08\/cropped-longchang-logo.png\",\"contentUrl\":\"https:\/\/longchangchemical.com\/wp-content\/uploads\/2020\/08\/cropped-longchang-logo.png\",\"width\":512,\"height\":512,\"caption\":\"Longchang Chemical\"},\"image\":{\"@id\":\"https:\/\/longchangchemical.com\/#\/schema\/logo\/image\/\"}}]}<\/script>\n<!-- \/ Yoast SEO plugin. -->","yoast_head_json":{"title":"China Natriumcocoylisethionat cas 61789-32-0 Hersteller - Longchang Chemical","description":"Natriumcocoylisethionat cas 61789-32-0 ist ein Schl\u00fcsselprodukt von Longchang Chemical. Wir bieten den besten Preis. Wir sind der f\u00fchrende Hersteller in China mit der besten Qualit\u00e4t und konkurrenzf\u00e4higem Preis.","robots":{"index":"index","follow":"follow","max-snippet":"max-snippet:-1","max-image-preview":"max-image-preview:large","max-video-preview":"max-video-preview:-1"},"canonical":"https:\/\/longchangchemical.com\/de\/product\/sodium-cocoyl-isethionate-cas-61789-32-0\/","og_locale":"de_DE","og_type":"article","og_title":"China sodium cocoyl isethionate cas 61789-32-0 Manufacturer - Longchang Chemical","og_description":"sodium cocoyl isethionate cas 61789-32-0 is a key product of Longchang Chemical. We provide the best price. We are the leading manufacturer in China with the best quality and competitive price.","og_url":"https:\/\/longchangchemical.com\/de\/product\/sodium-cocoyl-isethionate-cas-61789-32-0\/","og_site_name":"Longchang Chemical","article_modified_time":"2025-12-22T06:43:32+00:00","og_image":[{"width":1000,"height":1000,"url":"https:\/\/longchangchemical.com\/wp-content\/uploads\/2024\/02\/logo-jpeg.jpg","type":"image\/jpeg"}],"twitter_card":"summary_large_image","schema":{"@context":"https:\/\/schema.org","@graph":[{"@type":"WebPage","@id":"https:\/\/longchangchemical.com\/product\/sodium-cocoyl-isethionate-cas-61789-32-0\/","url":"https:\/\/longchangchemical.com\/product\/sodium-cocoyl-isethionate-cas-61789-32-0\/","name":"China Natriumcocoylisethionat cas 61789-32-0 Hersteller - Longchang Chemical","isPartOf":{"@id":"https:\/\/longchangchemical.com\/#website"},"datePublished":"2023-05-19T14:29:05+00:00","dateModified":"2025-12-22T06:43:32+00:00","description":"Natriumcocoylisethionat cas 61789-32-0 ist ein Schl\u00fcsselprodukt von Longchang Chemical. Wir bieten den besten Preis. Wir sind der f\u00fchrende Hersteller in China mit der besten Qualit\u00e4t und konkurrenzf\u00e4higem Preis.","breadcrumb":{"@id":"https:\/\/longchangchemical.com\/product\/sodium-cocoyl-isethionate-cas-61789-32-0\/#breadcrumb"},"inLanguage":"de","potentialAction":[{"@type":"ReadAction","target":["https:\/\/longchangchemical.com\/product\/sodium-cocoyl-isethionate-cas-61789-32-0\/"]}]},{"@type":"BreadcrumbList","@id":"https:\/\/longchangchemical.com\/product\/sodium-cocoyl-isethionate-cas-61789-32-0\/#breadcrumb","itemListElement":[{"@type":"ListItem","position":1,"name":"Home","item":"https:\/\/longchangchemical.com\/"},{"@type":"ListItem","position":2,"name":"Products Longchang","item":"https:\/\/longchangchemical.com\/product\/"},{"@type":"ListItem","position":3,"name":"sodium cocoyl isethionate cas 61789-32-0"}]},{"@type":"WebSite","@id":"https:\/\/longchangchemical.com\/#website","url":"https:\/\/longchangchemical.com\/","name":"Longchang Chemical","description":"China Hersteller von Chemikalien \uff06 Lieferant","publisher":{"@id":"https:\/\/longchangchemical.com\/#organization"},"potentialAction":[{"@type":"SearchAction","target":{"@type":"EntryPoint","urlTemplate":"https:\/\/longchangchemical.com\/?s={search_term_string}"},"query-input":{"@type":"PropertyValueSpecification","valueRequired":true,"valueName":"search_term_string"}}],"inLanguage":"de"},{"@type":"Organization","@id":"https:\/\/longchangchemical.com\/#organization","name":"Longchang Chemical","url":"https:\/\/longchangchemical.com\/","logo":{"@type":"ImageObject","inLanguage":"de","@id":"https:\/\/longchangchemical.com\/#\/schema\/logo\/image\/","url":"https:\/\/longchangchemical.com\/wp-content\/uploads\/2020\/08\/cropped-longchang-logo.png","contentUrl":"https:\/\/longchangchemical.com\/wp-content\/uploads\/2020\/08\/cropped-longchang-logo.png","width":512,"height":512,"caption":"Longchang Chemical"},"image":{"@id":"https:\/\/longchangchemical.com\/#\/schema\/logo\/image\/"}}]}},"_links":{"self":[{"href":"https:\/\/longchangchemical.com\/de\/wp-json\/wp\/v2\/product\/3651","targetHints":{"allow":["GET"]}}],"collection":[{"href":"https:\/\/longchangchemical.com\/de\/wp-json\/wp\/v2\/product"}],"about":[{"href":"https:\/\/longchangchemical.com\/de\/wp-json\/wp\/v2\/types\/product"}],"replies":[{"embeddable":true,"href":"https:\/\/longchangchemical.com\/de\/wp-json\/wp\/v2\/comments?post=3651"}],"wp:attachment":[{"href":"https:\/\/longchangchemical.com\/de\/wp-json\/wp\/v2\/media?parent=3651"}],"wp:term":[{"taxonomy":"product_brand","embeddable":true,"href":"https:\/\/longchangchemical.com\/de\/wp-json\/wp\/v2\/product_brand?post=3651"},{"taxonomy":"product_cat","embeddable":true,"href":"https:\/\/longchangchemical.com\/de\/wp-json\/wp\/v2\/product_cat?post=3651"},{"taxonomy":"product_tag","embeddable":true,"href":"https:\/\/longchangchemical.com\/de\/wp-json\/wp\/v2\/product_tag?post=3651"}],"curies":[{"name":"wp","href":"https:\/\/api.w.org\/{rel}","templated":true}]}}