{"id":3648,"date":"2021-10-09T13:36:05","date_gmt":"2021-10-09T13:36:05","guid":{"rendered":"https:\/\/longchangchemical.com\/?post_type=product&#038;p=3648"},"modified":"2026-05-08T02:59:40","modified_gmt":"2026-05-08T02:59:40","slug":"phenolphthalein-cas-77-09-8","status":"publish","type":"product","link":"https:\/\/longchangchemical.com\/de\/product\/phenolphthalein-cas-77-09-8\/","title":{"rendered":"Phenolphthalein CAS 77-09-8"},"content":{"rendered":"<h2><strong>Phenolphthalein CAS 77-09-8<\/strong><\/h2>\n<table class=\"table-1\" cellspacing=\"0\">\n<tbody>\n<tr>\n<td><strong>Artikel<\/strong><\/td>\n<td><strong>Spezifikationen<\/strong><\/td>\n<\/tr>\n<tr>\n<td>Merkmale<\/td>\n<td>Ein wei\u00dfes oder fast wei\u00dfes Pulver, praktisch unl\u00f6slich in Wasser, l\u00f6slich in Alkohol.<\/td>\n<\/tr>\n<tr>\n<td>Schmelzpunkt<\/td>\n<td>Es schmilzt bei etwa 260\u2103.<\/td>\n<\/tr>\n<tr>\n<td>Identifizierung<\/td>\n<td>A\uff1aPositiv B\uff1aPositiv<\/td>\n<\/tr>\n<tr>\n<td>Erscheinungsbild der L\u00f6sung<\/td>\n<td>Die L\u00f6sung ist klar und nicht intensiver gef\u00e4rbt als die Referenzl\u00f6sung Y7<\/td>\n<\/tr>\n<tr>\n<td>Verwandte Stoffe<\/td>\n<td>Weniger als 0,5%<\/td>\n<\/tr>\n<tr>\n<td>Schwermetalle<\/td>\n<td>Nicht mehr als0,001%<\/td>\n<\/tr>\n<tr>\n<td>Azidit\u00e4t oder Alkalit\u00e4t<\/td>\n<td>Erf\u00fcllt<\/td>\n<\/tr>\n<tr>\n<td>Chloride<\/td>\n<td>Nicht mehr als 0,01%<\/td>\n<\/tr>\n<tr>\n<td>Sulfate<\/td>\n<td>Nicht mehr als 0,02%<\/td>\n<\/tr>\n<tr>\n<td>Verlust beim Trocknen<\/td>\n<td>Nicht mehr als 0,5%<\/td>\n<\/tr>\n<tr>\n<td>Sulfatierte Asche<\/td>\n<td>Nicht mehr als 0,1%<\/td>\n<\/tr>\n<tr>\n<td>Assay<\/td>\n<td>98.0%-101.0%(C<sub>2<\/sub>OHi<sub>4<\/sub>O<sub>4<\/sub>)<\/td>\n<\/tr>\n<tr>\n<td rowspan=\"6\">Mikroorganismus<\/td>\n<td>TPC&lt;1000cfu\/g<\/td>\n<\/tr>\n<tr>\n<td>Y und M &lt;100cfu\/g<\/td>\n<\/tr>\n<tr>\n<td>E-coli - nicht vorhanden<\/td>\n<\/tr>\n<tr>\n<td>Staphylococcus Aureus-abwesend<\/td>\n<\/tr>\n<tr>\n<td>Pseudomonas Aeruginosa-Absorber<\/td>\n<\/tr>\n<tr>\n<td>Albicans Saccharomyces-Absorber<\/td>\n<\/tr>\n<\/tbody>\n<\/table>\n<p>&nbsp;<\/p>\n<h2><strong>Verwendung von Phenolphthalein<\/strong><\/h2>\n<p>1. Phenolphthalein ist eine schwache organische S\u00e4ure. Es ist bei Raumtemperatur wei\u00df oder leicht gelblich und besteht aus feinen Kristallen. Es ist geruchlos und geschmacklos. Es ist kaum wasserl\u00f6slich, aber leicht l\u00f6slich in Alkohol (Ethanol) und Ether. In Alkoholl\u00f6sung aufgel\u00f6st, um einen S\u00e4ure-Base-Indikator herzustellen, ist es farblos in saurer L\u00f6sung, rot in Lauge oder Alkalimetallcarbonatl\u00f6sung, aber wenn es in konzentrierter Alkalil\u00f6sung ist, wird es farbloses Trimetall erzeugen Das Salz, das rot verblasst. Aufgrund dieser Eigenschaft wird es h\u00e4ufig als Indikator f\u00fcr die S\u00e4ure-Base-Titration in Labors verwendet. Der Farbbereich des PH-Wertes liegt bei 8,2\uff5e10,0, von farblos bis rot. Wenn das Phenolphthalein-Reagenz in Wasser oder eine neutrale, saure w\u00e4ssrige L\u00f6sung getropft wird, erscheint eine wei\u00dfe Tr\u00fcbung. Dies liegt daran, dass Alkohol leicht wasserl\u00f6slich ist und das schwer wasserl\u00f6sliche Phenolphthalein im Reagenz ausf\u00e4llt.<\/p>\n<p>2. Pharmazeutische Inhaltsstoffe: Phenolphthalein wird als pharmazeutisches leichtes Abf\u00fchrmittel bei gewohnheitsm\u00e4\u00dfiger und anhaltender Verstopfung verwendet. Es ist in Tabletten, Z\u00e4pfchen und anderen Darreichungsformen erh\u00e4ltlich, vor allem im Dickdarm, durch die Zersetzung des K\u00f6rpers, um l\u00f6sliche Natriumsalze zu bilden, stimulieren das Nervengeflecht in der Darmwand, so dass die Peristaltik erh\u00f6ht und f\u00f6rdern Def\u00e4kation.<br \/>\n3. Organische Synthese: Phenolphthalein wird auch bei der Synthese von Kunststoffen verwendet, insbesondere bei der Synthese von Diazanaphthon-Polyaryletherketon-Polyaryletherketon-Polymeren. Diese Polymere haben eine gute W\u00e4rmebest\u00e4ndigkeit, Wasserbest\u00e4ndigkeit, chemische Best\u00e4ndigkeit, W\u00e4rmealterungsbest\u00e4ndigkeit und Verarbeitung und Formgebung, aus Fasern, Beschichtungen und Verbundwerkstoffen sind weit verbreitet in elektrischen und elektronischen Ger\u00e4ten, Maschinen und Anlagen, Transport, Luft- und Raumfahrt, Atomenergietechnik und Milit\u00e4r und anderen Bereichen verwendet.<\/p>\n<p>4. Chemische Analyse: Phenolphthalein kann als Endokrinator f\u00fcr die kolokale Bestimmung der Schl\u00fcssels\u00e4ure und den Nachweis von Magnesiumionen verwendet werden. Phenolphthalein als Endokrinator kann die Konzentration der chinesischen S\u00e4ure anzeigen. Beim Nachweis von Magnesiumionen kann Phenolphthalein die Anwesenheit und Konzentration von Magnesiumionen anzeigen.<\/p>\n<p>5. Biochemische Spuren: Phenolphthalein kann als Identifikator f\u00fcr einige biochemische Tests verwendet werden, um das Vorhandensein oder Fehlen von Merkmalen festzustellen, z. B. zum Nachweis des Vorhandenseins von Enzymreaktionen und Stoffwechselaktivit\u00e4t.<\/p>\n<p>6. Pharmazeutika und Pigmente: Phenolphthalein kann als synthetische Verbindung f\u00fcr einige Organopharmaka und Pigmente hergestellt werden. Es kann als Pr\u00e4parat verwendet werden, um Rollen und anderen Materialien verschiedene Farben zu verleihen.<\/p>\n<h2><strong>PhenolphthaleinVerpackung und Versand<\/strong><\/h2>\n<p>Fasertrommel, 25kg<\/p>\n<p>&nbsp;<\/p>\n<h2><strong>Lagerung von Phenolphthalein<\/strong><\/h2>\n<p>An einem k\u00fchlen, trockenen Ort aufbewahren.<\/p>\n<p>&nbsp;<\/p>\n<h2><strong><b>Kontaktieren Sie uns jetzt!<\/b><\/strong><\/h2>\n<h4><strong><b>Wenn Sie COA, MSDS oder TDS ben\u00f6tigen, geben Sie bitte Ihre Kontaktinformationen in das untenstehende Formular ein. Wir werden uns in der Regel innerhalb von 24 Stunden mit Ihnen in Verbindung setzen. Sie k\u00f6nnen mir auch eine E-Mail schicken <span style=\"color: #0000ff;\"><a style=\"color: #0000ff;\" href=\"mailto:info@longchangchemical.com\">info@longchangchemical.com<\/a><\/span> w\u00e4hrend der Gesch\u00e4ftszeiten ( 8:30 bis 18:00 Uhr UTC+8 Mo.~Sa. ) oder nutzen Sie den Live-Chat auf der Website, um eine schnelle Antwort zu erhalten.<\/b><\/strong><\/h4>","protected":false},"excerpt":{"rendered":"<h4>Chemische Bezeichnung: Phenolphthalein<\/h4>\n<h4>CAS-Nr.: 77-09-8<\/h4>\n<h4>Summenformel: C20H14O4<\/h4>\n<h4>Chemische Struktur:<img decoding=\"async\" title=\"Phenolphthalein Struktur\" src=\"https:\/\/www.longchangchemical.com\/wp-content\/uploads\/product-details\/20200615068865.png\" alt=\"Phenolphthalein Struktur\" width=\"193\" height=\"168\" border=\"0\" vspace=\"0\" \/><\/h4>\n<h4>Molekulargewicht: 318.32<\/h4>\n<h4>\u00c4u\u00dferes Erscheinungsbild: Wei\u00dfes Pulver, praktisch unl\u00f6slich in Wasser, l\u00f6slich in Alkohol.<\/h4>\n<h4>Assay: 98.0%-101.0%(C2OHi4O4)<\/h4>","protected":false},"featured_media":4377,"comment_status":"open","ping_status":"closed","template":"","meta":[],"product_brand":[],"product_cat":[69],"product_tag":[],"class_list":{"0":"post-3648","1":"product","2":"type-product","3":"status-publish","4":"has-post-thumbnail","6":"product_cat-catalysts-chemical-auxiliary-agents","8":"first","9":"instock","10":"shipping-taxable","11":"product-type-simple"},"yoast_head":"<!-- This site is optimized with the Yoast SEO plugin v25.3.1 - https:\/\/yoast.com\/wordpress\/plugins\/seo\/ -->\n<title>China Phenolphthalein manufacturer - Longchang Chemical Co., Ltd.<\/title>\n<meta name=\"description\" content=\"China Phenolphthalein cas 77-09-8 manufacturer and suplier.\" \/>\n<meta name=\"robots\" content=\"index, follow, max-snippet:-1, max-image-preview:large, max-video-preview:-1\" \/>\n<link rel=\"canonical\" href=\"https:\/\/longchangchemical.com\/de\/product\/phenolphthalein-cas-77-09-8\/\" \/>\n<meta property=\"og:locale\" content=\"de_DE\" \/>\n<meta property=\"og:type\" content=\"article\" \/>\n<meta property=\"og:title\" content=\"China Phenolphthalein manufacturer - Longchang Chemical Co., Ltd.\" \/>\n<meta property=\"og:description\" content=\"China Phenolphthalein cas 77-09-8 manufacturer and suplier.\" \/>\n<meta property=\"og:url\" content=\"https:\/\/longchangchemical.com\/de\/product\/phenolphthalein-cas-77-09-8\/\" \/>\n<meta property=\"og:site_name\" content=\"Longchang Chemical\" \/>\n<meta property=\"article:modified_time\" content=\"2026-05-08T02:59:40+00:00\" \/>\n<meta property=\"og:image\" content=\"https:\/\/longchangchemical.com\/wp-content\/uploads\/2021\/02\/Calcium-citrate-Appearance.jpg\" \/>\n\t<meta property=\"og:image:width\" content=\"600\" \/>\n\t<meta property=\"og:image:height\" content=\"800\" \/>\n\t<meta property=\"og:image:type\" content=\"image\/jpeg\" \/>\n<meta name=\"twitter:card\" content=\"summary_large_image\" \/>\n<script type=\"application\/ld+json\" class=\"yoast-schema-graph\">{\"@context\":\"https:\/\/schema.org\",\"@graph\":[{\"@type\":\"WebPage\",\"@id\":\"https:\/\/longchangchemical.com\/product\/phenolphthalein-cas-77-09-8\/\",\"url\":\"https:\/\/longchangchemical.com\/product\/phenolphthalein-cas-77-09-8\/\",\"name\":\"China Phenolphthalein manufacturer - Longchang Chemical Co., Ltd.\",\"isPartOf\":{\"@id\":\"https:\/\/longchangchemical.com\/#website\"},\"primaryImageOfPage\":{\"@id\":\"https:\/\/longchangchemical.com\/product\/phenolphthalein-cas-77-09-8\/#primaryimage\"},\"image\":{\"@id\":\"https:\/\/longchangchemical.com\/product\/phenolphthalein-cas-77-09-8\/#primaryimage\"},\"thumbnailUrl\":\"https:\/\/longchangchemical.com\/wp-content\/uploads\/2021\/02\/Calcium-citrate-Appearance.jpg\",\"datePublished\":\"2021-10-09T13:36:05+00:00\",\"dateModified\":\"2026-05-08T02:59:40+00:00\",\"description\":\"China Phenolphthalein cas 77-09-8 manufacturer and suplier.\",\"breadcrumb\":{\"@id\":\"https:\/\/longchangchemical.com\/product\/phenolphthalein-cas-77-09-8\/#breadcrumb\"},\"inLanguage\":\"de\",\"potentialAction\":[{\"@type\":\"ReadAction\",\"target\":[\"https:\/\/longchangchemical.com\/product\/phenolphthalein-cas-77-09-8\/\"]}]},{\"@type\":\"ImageObject\",\"inLanguage\":\"de\",\"@id\":\"https:\/\/longchangchemical.com\/product\/phenolphthalein-cas-77-09-8\/#primaryimage\",\"url\":\"https:\/\/longchangchemical.com\/wp-content\/uploads\/2021\/02\/Calcium-citrate-Appearance.jpg\",\"contentUrl\":\"https:\/\/longchangchemical.com\/wp-content\/uploads\/2021\/02\/Calcium-citrate-Appearance.jpg\",\"width\":600,\"height\":800,\"caption\":\"Calcium citrate Appearance\"},{\"@type\":\"BreadcrumbList\",\"@id\":\"https:\/\/longchangchemical.com\/product\/phenolphthalein-cas-77-09-8\/#breadcrumb\",\"itemListElement\":[{\"@type\":\"ListItem\",\"position\":1,\"name\":\"Home\",\"item\":\"https:\/\/longchangchemical.com\/\"},{\"@type\":\"ListItem\",\"position\":2,\"name\":\"Products Longchang\",\"item\":\"https:\/\/longchangchemical.com\/product\/\"},{\"@type\":\"ListItem\",\"position\":3,\"name\":\"Phenolphthalein CAS 77-09-8\"}]},{\"@type\":\"WebSite\",\"@id\":\"https:\/\/longchangchemical.com\/#website\",\"url\":\"https:\/\/longchangchemical.com\/\",\"name\":\"Longchang Chemical\",\"description\":\"China chemical manufacturer \uff06 supplier\",\"publisher\":{\"@id\":\"https:\/\/longchangchemical.com\/#organization\"},\"potentialAction\":[{\"@type\":\"SearchAction\",\"target\":{\"@type\":\"EntryPoint\",\"urlTemplate\":\"https:\/\/longchangchemical.com\/?s={search_term_string}\"},\"query-input\":{\"@type\":\"PropertyValueSpecification\",\"valueRequired\":true,\"valueName\":\"search_term_string\"}}],\"inLanguage\":\"de\"},{\"@type\":\"Organization\",\"@id\":\"https:\/\/longchangchemical.com\/#organization\",\"name\":\"Longchang Chemical\",\"url\":\"https:\/\/longchangchemical.com\/\",\"logo\":{\"@type\":\"ImageObject\",\"inLanguage\":\"de\",\"@id\":\"https:\/\/longchangchemical.com\/#\/schema\/logo\/image\/\",\"url\":\"https:\/\/longchangchemical.com\/wp-content\/uploads\/2020\/08\/cropped-longchang-logo.png\",\"contentUrl\":\"https:\/\/longchangchemical.com\/wp-content\/uploads\/2020\/08\/cropped-longchang-logo.png\",\"width\":512,\"height\":512,\"caption\":\"Longchang Chemical\"},\"image\":{\"@id\":\"https:\/\/longchangchemical.com\/#\/schema\/logo\/image\/\"}}]}<\/script>\n<!-- \/ Yoast SEO plugin. -->","yoast_head_json":{"title":"China Phenolphthalein Hersteller - Longchang Chemical Co., Ltd.","description":"China Phenolphthalein cas 77-09-8 Hersteller und Lieferant.","robots":{"index":"index","follow":"follow","max-snippet":"max-snippet:-1","max-image-preview":"max-image-preview:large","max-video-preview":"max-video-preview:-1"},"canonical":"https:\/\/longchangchemical.com\/de\/product\/phenolphthalein-cas-77-09-8\/","og_locale":"de_DE","og_type":"article","og_title":"China Phenolphthalein manufacturer - Longchang Chemical Co., Ltd.","og_description":"China Phenolphthalein cas 77-09-8 manufacturer and suplier.","og_url":"https:\/\/longchangchemical.com\/de\/product\/phenolphthalein-cas-77-09-8\/","og_site_name":"Longchang Chemical","article_modified_time":"2026-05-08T02:59:40+00:00","og_image":[{"width":600,"height":800,"url":"https:\/\/longchangchemical.com\/wp-content\/uploads\/2021\/02\/Calcium-citrate-Appearance.jpg","type":"image\/jpeg"}],"twitter_card":"summary_large_image","schema":{"@context":"https:\/\/schema.org","@graph":[{"@type":"WebPage","@id":"https:\/\/longchangchemical.com\/product\/phenolphthalein-cas-77-09-8\/","url":"https:\/\/longchangchemical.com\/product\/phenolphthalein-cas-77-09-8\/","name":"China Phenolphthalein Hersteller - Longchang Chemical Co., Ltd.","isPartOf":{"@id":"https:\/\/longchangchemical.com\/#website"},"primaryImageOfPage":{"@id":"https:\/\/longchangchemical.com\/product\/phenolphthalein-cas-77-09-8\/#primaryimage"},"image":{"@id":"https:\/\/longchangchemical.com\/product\/phenolphthalein-cas-77-09-8\/#primaryimage"},"thumbnailUrl":"https:\/\/longchangchemical.com\/wp-content\/uploads\/2021\/02\/Calcium-citrate-Appearance.jpg","datePublished":"2021-10-09T13:36:05+00:00","dateModified":"2026-05-08T02:59:40+00:00","description":"China Phenolphthalein cas 77-09-8 Hersteller und Lieferant.","breadcrumb":{"@id":"https:\/\/longchangchemical.com\/product\/phenolphthalein-cas-77-09-8\/#breadcrumb"},"inLanguage":"de","potentialAction":[{"@type":"ReadAction","target":["https:\/\/longchangchemical.com\/product\/phenolphthalein-cas-77-09-8\/"]}]},{"@type":"ImageObject","inLanguage":"de","@id":"https:\/\/longchangchemical.com\/product\/phenolphthalein-cas-77-09-8\/#primaryimage","url":"https:\/\/longchangchemical.com\/wp-content\/uploads\/2021\/02\/Calcium-citrate-Appearance.jpg","contentUrl":"https:\/\/longchangchemical.com\/wp-content\/uploads\/2021\/02\/Calcium-citrate-Appearance.jpg","width":600,"height":800,"caption":"Calcium citrate Appearance"},{"@type":"BreadcrumbList","@id":"https:\/\/longchangchemical.com\/product\/phenolphthalein-cas-77-09-8\/#breadcrumb","itemListElement":[{"@type":"ListItem","position":1,"name":"Home","item":"https:\/\/longchangchemical.com\/"},{"@type":"ListItem","position":2,"name":"Products Longchang","item":"https:\/\/longchangchemical.com\/product\/"},{"@type":"ListItem","position":3,"name":"Phenolphthalein CAS 77-09-8"}]},{"@type":"WebSite","@id":"https:\/\/longchangchemical.com\/#website","url":"https:\/\/longchangchemical.com\/","name":"Longchang Chemical","description":"China Hersteller von Chemikalien \uff06 Lieferant","publisher":{"@id":"https:\/\/longchangchemical.com\/#organization"},"potentialAction":[{"@type":"SearchAction","target":{"@type":"EntryPoint","urlTemplate":"https:\/\/longchangchemical.com\/?s={search_term_string}"},"query-input":{"@type":"PropertyValueSpecification","valueRequired":true,"valueName":"search_term_string"}}],"inLanguage":"de"},{"@type":"Organization","@id":"https:\/\/longchangchemical.com\/#organization","name":"Longchang Chemical","url":"https:\/\/longchangchemical.com\/","logo":{"@type":"ImageObject","inLanguage":"de","@id":"https:\/\/longchangchemical.com\/#\/schema\/logo\/image\/","url":"https:\/\/longchangchemical.com\/wp-content\/uploads\/2020\/08\/cropped-longchang-logo.png","contentUrl":"https:\/\/longchangchemical.com\/wp-content\/uploads\/2020\/08\/cropped-longchang-logo.png","width":512,"height":512,"caption":"Longchang Chemical"},"image":{"@id":"https:\/\/longchangchemical.com\/#\/schema\/logo\/image\/"}}]}},"_links":{"self":[{"href":"https:\/\/longchangchemical.com\/de\/wp-json\/wp\/v2\/product\/3648","targetHints":{"allow":["GET"]}}],"collection":[{"href":"https:\/\/longchangchemical.com\/de\/wp-json\/wp\/v2\/product"}],"about":[{"href":"https:\/\/longchangchemical.com\/de\/wp-json\/wp\/v2\/types\/product"}],"replies":[{"embeddable":true,"href":"https:\/\/longchangchemical.com\/de\/wp-json\/wp\/v2\/comments?post=3648"}],"wp:featuredmedia":[{"embeddable":true,"href":"https:\/\/longchangchemical.com\/de\/wp-json\/wp\/v2\/media\/4377"}],"wp:attachment":[{"href":"https:\/\/longchangchemical.com\/de\/wp-json\/wp\/v2\/media?parent=3648"}],"wp:term":[{"taxonomy":"product_brand","embeddable":true,"href":"https:\/\/longchangchemical.com\/de\/wp-json\/wp\/v2\/product_brand?post=3648"},{"taxonomy":"product_cat","embeddable":true,"href":"https:\/\/longchangchemical.com\/de\/wp-json\/wp\/v2\/product_cat?post=3648"},{"taxonomy":"product_tag","embeddable":true,"href":"https:\/\/longchangchemical.com\/de\/wp-json\/wp\/v2\/product_tag?post=3648"}],"curies":[{"name":"wp","href":"https:\/\/api.w.org\/{rel}","templated":true}]}}