{"id":3643,"date":"2021-05-18T08:10:14","date_gmt":"2021-05-18T08:10:14","guid":{"rendered":"https:\/\/longchangchemical.com\/?post_type=product&#038;p=3643"},"modified":"2025-12-22T08:18:24","modified_gmt":"2025-12-22T08:18:24","slug":"d-lactide-cas-13076-17-0","status":"publish","type":"product","link":"https:\/\/longchangchemical.com\/de\/product\/d-lactide-cas-13076-17-0\/","title":{"rendered":"D-Lactid CAS 13076-17-0"},"content":{"rendered":"<h1><strong>D-Lactid CAS 13076-17-0<\/strong><\/h1>\n<table class=\"table-1\" cellspacing=\"0\">\n<tbody>\n<tr>\n<td>\n<h4>Artikel<\/h4>\n<\/td>\n<td>\n<h4>Standard<\/h4>\n<\/td>\n<td>\n<h4>Ergebnisse<\/h4>\n<\/td>\n<\/tr>\n<tr>\n<td>\n<h4>Erscheinungsbild<\/h4>\n<\/td>\n<td>\n<h4>Wei\u00dfe Kristalle<\/h4>\n<\/td>\n<td>\n<h4>Wei\u00dfe Kristalle<\/h4>\n<\/td>\n<\/tr>\n<tr>\n<td>\n<h4>Schmelzpunkt(\u2103)<\/h4>\n<\/td>\n<td>\n<h4>96-99<\/h4>\n<\/td>\n<td>\n<h4>97<\/h4>\n<\/td>\n<\/tr>\n<tr>\n<td>\n<h4>Wassergehalt\uff0c%<\/h4>\n<\/td>\n<td>\n<h4>\u22640.4<\/h4>\n<\/td>\n<td>\n<h4>0.12<\/h4>\n<\/td>\n<\/tr>\n<tr>\n<td>\n<h4>Schwermetallgehalt (ppm)<\/h4>\n<\/td>\n<td>\n<h4>\u22645<\/h4>\n<\/td>\n<td>\n<h4>\u22645<\/h4>\n<\/td>\n<\/tr>\n<tr>\n<td>\n<h4>Freie S\u00e4ure<\/h4>\n<\/td>\n<td>\n<h4>\u22640.1<\/h4>\n<\/td>\n<td>\n<h4>0.056<\/h4>\n<\/td>\n<\/tr>\n<tr>\n<td>\n<h4>Esche,%<\/h4>\n<\/td>\n<td>\n<h4>\u22640.05<\/h4>\n<\/td>\n<td>\n<h4>0.035<\/h4>\n<\/td>\n<\/tr>\n<tr>\n<td>\n<h4>Reinheit,%<\/h4>\n<\/td>\n<td>\n<h4>\u226599.5<\/h4>\n<\/td>\n<td>\n<h4>\u226599.5<\/h4>\n<\/td>\n<\/tr>\n<tr>\n<td>\n<h4>Optische Drehung (Dichlormethan, 25 \u00b0 C)<\/h4>\n<\/td>\n<td>\n<h4>260\uff5e265\u00b0<\/h4>\n<\/td>\n<td>\n<h4>262\u00b0<\/h4>\n<\/td>\n<\/tr>\n<tr>\n<td>\n<h4>Schlussfolgerung<\/h4>\n<\/td>\n<td colspan=\"2\">\n<h4>Qualifiziert<\/h4>\n<\/td>\n<\/tr>\n<\/tbody>\n<\/table>\n<p>&nbsp;<\/p>\n<h2><strong>D-LACTIDE Verwendung<\/strong><\/h2>\n<h4>D-(+)-Propylkreuzester ist ein cyclischer Diester der Milchs\u00e4ure, ein Nebenprodukt, das von Muskelsarkomeren und roten Blutk\u00f6rperchen produziert wird, wenn der K\u00f6rper bei niedrigem Sauerstoffgehalt Kohlenhydrate zur Energiegewinnung abbaut. Mit einem geeigneten Katalysator kann der Propionylester zu Polymilchs\u00e4ure polymerisiert werden, was zu einem Material mit n\u00fctzlichen Eigenschaften f\u00fchrt.<\/h4>\n<h4><\/h4>\n<h2><strong>D-LACTIDE Lagerung<\/strong><\/h2>\n<h4>1. Diese Produktreihe besteht aus biologisch abbaubaren Materialien. Vermeiden Sie den Kontakt mit Wasser, sauren Substanzen, alkalischen Substanzen, alkoholischen Reagenzien und anderen Reagenzien, die w\u00e4hrend der Lagerung zu einem Abbau des Produkts f\u00fchren k\u00f6nnen.<\/h4>\n<h4>2. Diese Produktserie sollte versiegelt und bei einer trockenen und niedrigen Temperatur (K\u00fchlschranktemperatur -20 Grad) w\u00e4hrend der Lagerung gelagert werden, und sollte mit einem Versiegler versiegelt werden (die verbleibenden Produkte nach dem Gebrauch d\u00fcrfen nicht verpackt und in Ziplock-Beuteln gelagert werden).<\/h4>\n<h4>3. Wenn Sie das Produkt verwenden, nehmen Sie es aus dem K\u00fchlschrank und stellen Sie es bei Raumtemperatur auf, und warten Sie, bis die Temperatur die Raumtemperatur erreicht hat, um die kondensierte Feuchtigkeit auf der Oberfl\u00e4che des Verpackungsbeutels vor dem \u00d6ffnen abzuwischen (die Feuchtigkeit in der Luft wird auf der Oberfl\u00e4che des Produkts kondensieren und das Produkt verschlechtern, wenn es aus dem K\u00fchlschrank ohne konstante Temperatur genommen und ge\u00f6ffnet wird). Die Luftfeuchtigkeit der Umgebung w\u00e4hrend des Gebrauchs sollte weniger als 35% betragen, um zu verhindern, dass die verbleibenden Produkte feucht werden und die Produktqualit\u00e4t beeintr\u00e4chtigen.<\/h4>\n<h2><strong>D-LACTIDE Verpackung<\/strong><\/h2>\n<h4>500g\/Sack oder 1kg\/Sack oder 25kg\/Fass.<\/h4>\n<p>&nbsp;<\/p>\n<h2><strong>Wie kann man D-LACTIDE und L-LACTIDE unterscheiden?<\/strong><\/h2>\n<h4>1. Die nadelf\u00f6rmigen Kristalle von L- und D-Lactid sind gleich, der Schmelzpunkt ist derselbe, und das Aussehen ist ununterscheidbar. Die racemische Form kann anhand des Aussehens unterschieden werden, sie ist nicht nadelf\u00f6rmig und hat einen anderen Schmelzpunkt.<br \/>\n2. Kernmagnetismus und Infrarot k\u00f6nnen nicht unterschieden werden, optische Rotation kann unterschieden werden, linksh\u00e4ndig ist negativ, rechtsh\u00e4ndig ist positiv, Racemisierung hat keine optische Rotation<\/h4>\n<p>&nbsp;<\/p>\n<h2><strong>Produkte der gleichen Serie<\/strong><\/h2>\n<table style=\"border-collapse: collapse; width: 312.02pt;\" border=\"0\" width=\"416\" cellspacing=\"0\" cellpadding=\"0\">\n<tbody>\n<tr style=\"height: 40.50pt;\">\n<td class=\"et2\" style=\"height: 40.50pt; width: 201.75pt;\" width=\"269\" height=\"54\">\n<h4>D-LACTIDE<\/h4>\n<\/td>\n<td class=\"et2\" style=\"width: 110.25pt;\" width=\"147\">\n<h4>13076-17-0<\/h4>\n<\/td>\n<\/tr>\n<tr style=\"height: 40.50pt;\">\n<td class=\"et2\" style=\"height: 40.50pt; width: 201.75pt;\" width=\"269\" height=\"54\">\n<h4><a href=\"https:\/\/longchangchemical.com\/de\/product\/l-lactide-cas-4511-42-6\/\"><span style=\"color: #0000ff;\">L-LACTIDE<\/span><\/a><\/h4>\n<\/td>\n<td class=\"et2\" style=\"width: 110.25pt;\" width=\"147\">\n<h4>4511-42-6<\/h4>\n<\/td>\n<\/tr>\n<\/tbody>\n<\/table>\n<h2><\/h2>\n<h2><strong><b>Kontaktieren Sie uns jetzt!<\/b><\/strong><\/h2>\n<h4><strong><b>Wenn Sie COA, MSDS oder TDS ben\u00f6tigen, f\u00fcllen Sie bitte das untenstehende Formular aus. Wir werden Sie in der Regel innerhalb von 24 Stunden kontaktieren. Sie k\u00f6nnen mir auch eine E-Mail schicken <span style=\"color: #0000ff;\"><a style=\"color: #0000ff;\" href=\"mailto:info@longchangchemical.com\">info@longchangchemical.com<\/a><\/span> w\u00e4hrend der Gesch\u00e4ftszeiten ( 8:30 bis 18:00 Uhr UTC+8 Mo.~Sa. ) oder nutzen Sie den Live-Chat auf der Website, um eine schnelle Antwort zu erhalten.<\/b><\/strong><\/h4>\n<p>&nbsp;<\/p>","protected":false},"excerpt":{"rendered":"<h4>Produktname: D-LACTIDE<\/h4>\n<h4>CAS-Nr.: 13076-17-0<\/h4>\n<h4>Molekulare Formel: C6H8O4<\/h4>\n<h4>Molekulargewicht:144.13<\/h4>\n<h4>Chemische Struktur\uff1a<img decoding=\"async\" title=\"D-LACTID CAS 13076-17-0\" src=\"https:\/\/www.longchangchemical.com\/wp-content\/uploads\/product-details\/20200617061310.png\" alt=\"D-LACTID CAS 13076-17-0\" \/><\/h4>\n<h4>Erscheinungsbild: Wei\u00dfe Kristalle<\/h4>","protected":false},"featured_media":4625,"comment_status":"open","ping_status":"closed","template":"","meta":[],"product_brand":[],"product_cat":[69],"product_tag":[],"class_list":{"0":"post-3643","1":"product","2":"type-product","3":"status-publish","4":"has-post-thumbnail","6":"product_cat-catalysts-chemical-auxiliary-agents","8":"first","9":"instock","10":"shipping-taxable","11":"product-type-simple"},"yoast_head":"<!-- This site is optimized with the Yoast SEO plugin v25.3.1 - https:\/\/yoast.com\/wordpress\/plugins\/seo\/ -->\n<title>China D-Lactide Manufacturer \uff06 13076-17-0 Supplier - Longchang chemical Co., Ltd.<\/title>\n<meta name=\"description\" content=\"Longchang Chemical is a leading manufacturer and supplier of D-Lactide in China. Buy D-Lactide in china. We can provide the best D-Lactide price.\" \/>\n<meta name=\"robots\" content=\"index, follow, max-snippet:-1, max-image-preview:large, max-video-preview:-1\" \/>\n<link rel=\"canonical\" href=\"https:\/\/longchangchemical.com\/de\/product\/d-lactide-cas-13076-17-0\/\" \/>\n<meta property=\"og:locale\" content=\"de_DE\" \/>\n<meta property=\"og:type\" content=\"article\" \/>\n<meta property=\"og:title\" content=\"China D-Lactide Manufacturer \uff06 13076-17-0 Supplier - Longchang chemical Co., Ltd.\" \/>\n<meta property=\"og:description\" content=\"Longchang Chemical is a leading manufacturer and supplier of D-Lactide in China. Buy D-Lactide in china. We can provide the best D-Lactide price.\" \/>\n<meta property=\"og:url\" content=\"https:\/\/longchangchemical.com\/de\/product\/d-lactide-cas-13076-17-0\/\" \/>\n<meta property=\"og:site_name\" content=\"Longchang Chemical\" \/>\n<meta property=\"article:modified_time\" content=\"2025-12-22T08:18:24+00:00\" \/>\n<meta property=\"og:image\" content=\"https:\/\/longchangchemical.com\/wp-content\/uploads\/2021\/01\/Appearance-26.jpg\" \/>\n\t<meta property=\"og:image:width\" content=\"600\" \/>\n\t<meta property=\"og:image:height\" content=\"800\" \/>\n\t<meta property=\"og:image:type\" content=\"image\/jpeg\" \/>\n<meta name=\"twitter:card\" content=\"summary_large_image\" \/>\n<script type=\"application\/ld+json\" class=\"yoast-schema-graph\">{\"@context\":\"https:\/\/schema.org\",\"@graph\":[{\"@type\":\"WebPage\",\"@id\":\"https:\/\/longchangchemical.com\/product\/d-lactide-cas-13076-17-0\/\",\"url\":\"https:\/\/longchangchemical.com\/product\/d-lactide-cas-13076-17-0\/\",\"name\":\"China D-Lactide Manufacturer \uff06 13076-17-0 Supplier - Longchang chemical Co., Ltd.\",\"isPartOf\":{\"@id\":\"https:\/\/longchangchemical.com\/#website\"},\"primaryImageOfPage\":{\"@id\":\"https:\/\/longchangchemical.com\/product\/d-lactide-cas-13076-17-0\/#primaryimage\"},\"image\":{\"@id\":\"https:\/\/longchangchemical.com\/product\/d-lactide-cas-13076-17-0\/#primaryimage\"},\"thumbnailUrl\":\"https:\/\/longchangchemical.com\/wp-content\/uploads\/2021\/01\/Appearance-26.jpg\",\"datePublished\":\"2021-05-18T08:10:14+00:00\",\"dateModified\":\"2025-12-22T08:18:24+00:00\",\"description\":\"Longchang Chemical is a leading manufacturer and supplier of D-Lactide in China. Buy D-Lactide in china. We can provide the best D-Lactide price.\",\"breadcrumb\":{\"@id\":\"https:\/\/longchangchemical.com\/product\/d-lactide-cas-13076-17-0\/#breadcrumb\"},\"inLanguage\":\"de\",\"potentialAction\":[{\"@type\":\"ReadAction\",\"target\":[\"https:\/\/longchangchemical.com\/product\/d-lactide-cas-13076-17-0\/\"]}]},{\"@type\":\"ImageObject\",\"inLanguage\":\"de\",\"@id\":\"https:\/\/longchangchemical.com\/product\/d-lactide-cas-13076-17-0\/#primaryimage\",\"url\":\"https:\/\/longchangchemical.com\/wp-content\/uploads\/2021\/01\/Appearance-26.jpg\",\"contentUrl\":\"https:\/\/longchangchemical.com\/wp-content\/uploads\/2021\/01\/Appearance-26.jpg\",\"width\":600,\"height\":800},{\"@type\":\"BreadcrumbList\",\"@id\":\"https:\/\/longchangchemical.com\/product\/d-lactide-cas-13076-17-0\/#breadcrumb\",\"itemListElement\":[{\"@type\":\"ListItem\",\"position\":1,\"name\":\"Home\",\"item\":\"https:\/\/longchangchemical.com\/\"},{\"@type\":\"ListItem\",\"position\":2,\"name\":\"Products Longchang\",\"item\":\"https:\/\/longchangchemical.com\/product\/\"},{\"@type\":\"ListItem\",\"position\":3,\"name\":\"D-Lactide CAS 13076-17-0\"}]},{\"@type\":\"WebSite\",\"@id\":\"https:\/\/longchangchemical.com\/#website\",\"url\":\"https:\/\/longchangchemical.com\/\",\"name\":\"Longchang Chemical\",\"description\":\"China chemical manufacturer \uff06 supplier\",\"publisher\":{\"@id\":\"https:\/\/longchangchemical.com\/#organization\"},\"potentialAction\":[{\"@type\":\"SearchAction\",\"target\":{\"@type\":\"EntryPoint\",\"urlTemplate\":\"https:\/\/longchangchemical.com\/?s={search_term_string}\"},\"query-input\":{\"@type\":\"PropertyValueSpecification\",\"valueRequired\":true,\"valueName\":\"search_term_string\"}}],\"inLanguage\":\"de\"},{\"@type\":\"Organization\",\"@id\":\"https:\/\/longchangchemical.com\/#organization\",\"name\":\"Longchang Chemical\",\"url\":\"https:\/\/longchangchemical.com\/\",\"logo\":{\"@type\":\"ImageObject\",\"inLanguage\":\"de\",\"@id\":\"https:\/\/longchangchemical.com\/#\/schema\/logo\/image\/\",\"url\":\"https:\/\/longchangchemical.com\/wp-content\/uploads\/2020\/08\/cropped-longchang-logo.png\",\"contentUrl\":\"https:\/\/longchangchemical.com\/wp-content\/uploads\/2020\/08\/cropped-longchang-logo.png\",\"width\":512,\"height\":512,\"caption\":\"Longchang Chemical\"},\"image\":{\"@id\":\"https:\/\/longchangchemical.com\/#\/schema\/logo\/image\/\"}}]}<\/script>\n<!-- \/ Yoast SEO plugin. -->","yoast_head_json":{"title":"China D-Lactid Hersteller \uff06 13076-17-0 Lieferant - Longchang chemical Co., Ltd.","description":"Longchang Chemical ist ein f\u00fchrender Hersteller und Lieferant von D-Lactid in China. Kaufen D-Lactide in China. Wir k\u00f6nnen die besten D-Lactide Preis bieten.","robots":{"index":"index","follow":"follow","max-snippet":"max-snippet:-1","max-image-preview":"max-image-preview:large","max-video-preview":"max-video-preview:-1"},"canonical":"https:\/\/longchangchemical.com\/de\/product\/d-lactide-cas-13076-17-0\/","og_locale":"de_DE","og_type":"article","og_title":"China D-Lactide Manufacturer \uff06 13076-17-0 Supplier - Longchang chemical Co., Ltd.","og_description":"Longchang Chemical is a leading manufacturer and supplier of D-Lactide in China. Buy D-Lactide in china. We can provide the best D-Lactide price.","og_url":"https:\/\/longchangchemical.com\/de\/product\/d-lactide-cas-13076-17-0\/","og_site_name":"Longchang Chemical","article_modified_time":"2025-12-22T08:18:24+00:00","og_image":[{"width":600,"height":800,"url":"https:\/\/longchangchemical.com\/wp-content\/uploads\/2021\/01\/Appearance-26.jpg","type":"image\/jpeg"}],"twitter_card":"summary_large_image","schema":{"@context":"https:\/\/schema.org","@graph":[{"@type":"WebPage","@id":"https:\/\/longchangchemical.com\/product\/d-lactide-cas-13076-17-0\/","url":"https:\/\/longchangchemical.com\/product\/d-lactide-cas-13076-17-0\/","name":"China D-Lactid Hersteller \uff06 13076-17-0 Lieferant - Longchang chemical Co., Ltd.","isPartOf":{"@id":"https:\/\/longchangchemical.com\/#website"},"primaryImageOfPage":{"@id":"https:\/\/longchangchemical.com\/product\/d-lactide-cas-13076-17-0\/#primaryimage"},"image":{"@id":"https:\/\/longchangchemical.com\/product\/d-lactide-cas-13076-17-0\/#primaryimage"},"thumbnailUrl":"https:\/\/longchangchemical.com\/wp-content\/uploads\/2021\/01\/Appearance-26.jpg","datePublished":"2021-05-18T08:10:14+00:00","dateModified":"2025-12-22T08:18:24+00:00","description":"Longchang Chemical ist ein f\u00fchrender Hersteller und Lieferant von D-Lactid in China. Kaufen D-Lactide in China. Wir k\u00f6nnen die besten D-Lactide Preis bieten.","breadcrumb":{"@id":"https:\/\/longchangchemical.com\/product\/d-lactide-cas-13076-17-0\/#breadcrumb"},"inLanguage":"de","potentialAction":[{"@type":"ReadAction","target":["https:\/\/longchangchemical.com\/product\/d-lactide-cas-13076-17-0\/"]}]},{"@type":"ImageObject","inLanguage":"de","@id":"https:\/\/longchangchemical.com\/product\/d-lactide-cas-13076-17-0\/#primaryimage","url":"https:\/\/longchangchemical.com\/wp-content\/uploads\/2021\/01\/Appearance-26.jpg","contentUrl":"https:\/\/longchangchemical.com\/wp-content\/uploads\/2021\/01\/Appearance-26.jpg","width":600,"height":800},{"@type":"BreadcrumbList","@id":"https:\/\/longchangchemical.com\/product\/d-lactide-cas-13076-17-0\/#breadcrumb","itemListElement":[{"@type":"ListItem","position":1,"name":"Home","item":"https:\/\/longchangchemical.com\/"},{"@type":"ListItem","position":2,"name":"Products Longchang","item":"https:\/\/longchangchemical.com\/product\/"},{"@type":"ListItem","position":3,"name":"D-Lactide CAS 13076-17-0"}]},{"@type":"WebSite","@id":"https:\/\/longchangchemical.com\/#website","url":"https:\/\/longchangchemical.com\/","name":"Longchang Chemical","description":"China Hersteller von Chemikalien \uff06 Lieferant","publisher":{"@id":"https:\/\/longchangchemical.com\/#organization"},"potentialAction":[{"@type":"SearchAction","target":{"@type":"EntryPoint","urlTemplate":"https:\/\/longchangchemical.com\/?s={search_term_string}"},"query-input":{"@type":"PropertyValueSpecification","valueRequired":true,"valueName":"search_term_string"}}],"inLanguage":"de"},{"@type":"Organization","@id":"https:\/\/longchangchemical.com\/#organization","name":"Longchang Chemical","url":"https:\/\/longchangchemical.com\/","logo":{"@type":"ImageObject","inLanguage":"de","@id":"https:\/\/longchangchemical.com\/#\/schema\/logo\/image\/","url":"https:\/\/longchangchemical.com\/wp-content\/uploads\/2020\/08\/cropped-longchang-logo.png","contentUrl":"https:\/\/longchangchemical.com\/wp-content\/uploads\/2020\/08\/cropped-longchang-logo.png","width":512,"height":512,"caption":"Longchang Chemical"},"image":{"@id":"https:\/\/longchangchemical.com\/#\/schema\/logo\/image\/"}}]}},"_links":{"self":[{"href":"https:\/\/longchangchemical.com\/de\/wp-json\/wp\/v2\/product\/3643","targetHints":{"allow":["GET"]}}],"collection":[{"href":"https:\/\/longchangchemical.com\/de\/wp-json\/wp\/v2\/product"}],"about":[{"href":"https:\/\/longchangchemical.com\/de\/wp-json\/wp\/v2\/types\/product"}],"replies":[{"embeddable":true,"href":"https:\/\/longchangchemical.com\/de\/wp-json\/wp\/v2\/comments?post=3643"}],"wp:featuredmedia":[{"embeddable":true,"href":"https:\/\/longchangchemical.com\/de\/wp-json\/wp\/v2\/media\/4625"}],"wp:attachment":[{"href":"https:\/\/longchangchemical.com\/de\/wp-json\/wp\/v2\/media?parent=3643"}],"wp:term":[{"taxonomy":"product_brand","embeddable":true,"href":"https:\/\/longchangchemical.com\/de\/wp-json\/wp\/v2\/product_brand?post=3643"},{"taxonomy":"product_cat","embeddable":true,"href":"https:\/\/longchangchemical.com\/de\/wp-json\/wp\/v2\/product_cat?post=3643"},{"taxonomy":"product_tag","embeddable":true,"href":"https:\/\/longchangchemical.com\/de\/wp-json\/wp\/v2\/product_tag?post=3643"}],"curies":[{"name":"wp","href":"https:\/\/api.w.org\/{rel}","templated":true}]}}