{"id":3640,"date":"2021-05-19T08:06:14","date_gmt":"2021-05-19T08:06:14","guid":{"rendered":"https:\/\/longchangchemical.com\/?post_type=product&#038;p=3640"},"modified":"2026-05-08T02:59:37","modified_gmt":"2026-05-08T02:59:37","slug":"l-lactide-cas-4511-42-6","status":"publish","type":"product","link":"https:\/\/longchangchemical.com\/de\/product\/l-lactide-cas-4511-42-6\/","title":{"rendered":"L-Lactid CAS 4511-42-6"},"content":{"rendered":"<h2><strong>L-Lactid CAS 4511-42-6<\/strong><\/h2>\n<table>\n<tbody>\n<tr>\n<td width=\"257\">\n<h4><strong>Artikel<\/strong><\/h4>\n<\/td>\n<td width=\"216\">\n<h4><strong>Spezifikationen<\/strong><\/h4>\n<\/td>\n<td width=\"227\">\n<h4><strong>Ergebnisse<\/strong><\/h4>\n<\/td>\n<\/tr>\n<tr>\n<td width=\"257\">\n<h4>Assay(C<sub>12<\/sub>H<sub>8<\/sub>N<sub>2<\/sub>-H<sub>2<\/sub>O)<\/h4>\n<\/td>\n<td width=\"216\">\n<h4>\u226599.0%<\/h4>\n<\/td>\n<td width=\"227\">\n<h4>99.6%<\/h4>\n<\/td>\n<\/tr>\n<tr>\n<td width=\"257\">\n<h4>Erscheinungsbild<\/h4>\n<\/td>\n<td width=\"216\">\n<h4>Wei\u00dfe bis hellgelbe Fl\u00fcssigkeit<\/h4>\n<\/td>\n<td width=\"227\">\n<h4>Wei\u00dfe bis hellgelbe Fl\u00fcssigkeit<\/h4>\n<\/td>\n<\/tr>\n<tr>\n<td width=\"257\">\n<h4>Schlussfolgerung<\/h4>\n<\/td>\n<td colspan=\"2\" width=\"443\">\n<h4>Die Ergebnisse entsprechen den Unternehmensstandards<\/h4>\n<\/td>\n<\/tr>\n<\/tbody>\n<\/table>\n<h2><strong>Verwendung von L-Lactid<\/strong><\/h2>\n<h4>1. L-Lactid wird in vielen Bereichen eingesetzt, vor allem in chirurgischem Nahtmaterial, in der Zahnmedizin, in der Augenheilkunde, in pharmazeutischen Systemen mit kontrollierter Freisetzung, in k\u00fcnstlicher Haut, in k\u00fcnstlichen Blutgef\u00e4\u00dfen, in Teilf\u00fcllern f\u00fcr Knochen- und Weichteildefekte, in bioabsorbierbaren Stents und in anderen medizinischen Bereichen.<\/h4>\n<h4>2. Die niedrige Konzentration der externen Anwendung kann den Stoffwechsel der Haut verbessern, die Teilung der Keratinozyten beschleunigen und die angesammelten Keratinozyten abfallen lassen. Es kann auch den Wassergehalt der Keratinozyten und der Dermis erh\u00f6hen, die Anzahl der Mucopolysaccharide, Kollagenfasern und elastischen Fasern in der Dermis erh\u00f6hen, die Dicke der Dermis erh\u00f6hen und die oberfl\u00e4chlichen Kapillaren erweitern, um die Hautstruktur zu verbessern. Wird bei trockener Haut, Juckreiz bei \u00e4lteren Menschen usw. eingesetzt.<\/h4>\n<p>&nbsp;<\/p>\n<h2><strong>L-Lactid Verpackung und Versand<\/strong><\/h2>\n<h4>Verpackung:1kg\/Sack; 5kg\/Sack oder nach Bedarf<\/h4>\n<h4>Lieferung: 10-15 Tage nach Zahlungseingang.<\/h4>\n<p>&nbsp;<\/p>\n<h2><strong>L-Lactid Lagerung<\/strong><\/h2>\n<h4>K\u00fchl und vor Licht gesch\u00fctzt lagern.<\/h4>\n<p>&nbsp;<\/p>\n<h2>Biokompatibilit\u00e4t von L-Lactid<\/h2>\n<h4>L-Lactid ist ein wichtiges biologisch abbaubares Polymermaterial. Es zeichnet sich durch ungiftige, nicht reizende, biologisch abbaubare Absorption, hohe Festigkeit, gute Plastizit\u00e4t und einfache Verarbeitung und Formung aus. Der Abbauzyklus betr\u00e4gt 2-12 Monate. Der Abbauzyklus kann auch durch die Zugabe von Modifikatoren ver\u00e4ndert werden. PLLA wird im Organismus enzymatisch abgebaut und bildet schlie\u00dflich Kohlendioxid und Wasser, was zu einer guten Biokompatibilit\u00e4t f\u00fchrt.<\/h4>\n<p>&nbsp;<\/p>\n<h2><strong>Produkte der gleichen Serie<\/strong><\/h2>\n<table style=\"border-collapse: collapse; width: 312.02pt;\" border=\"0\" width=\"416\" cellspacing=\"0\" cellpadding=\"0\">\n<tbody>\n<tr style=\"height: 40.50pt;\">\n<td class=\"et2\" style=\"height: 40.50pt; width: 201.75pt;\" width=\"269\" height=\"54\">\n<h4><a href=\"https:\/\/longchangchemical.com\/de\/product\/d-lactide-cas-13076-17-0\/\"><span style=\"color: #0000ff;\">D-LACTIDE<\/span><\/a><\/h4>\n<\/td>\n<td class=\"et2\" style=\"width: 110.25pt;\" width=\"147\">\n<h4>13076-17-0<\/h4>\n<\/td>\n<\/tr>\n<tr style=\"height: 40.50pt;\">\n<td class=\"et2\" style=\"height: 40.50pt; width: 201.75pt;\" width=\"269\" height=\"54\">\n<h4><span style=\"color: #000000;\">L-LACTIDE<\/span><\/h4>\n<\/td>\n<td class=\"et2\" style=\"width: 110.25pt;\" width=\"147\">\n<h4>4511-42-6<\/h4>\n<\/td>\n<\/tr>\n<\/tbody>\n<\/table>\n<h2><\/h2>\n<h2><strong><b>Kontaktieren Sie uns jetzt!<\/b><\/strong><\/h2>\n<h4><strong><b>Wenn Sie COA, MSDS oder TDS ben\u00f6tigen, f\u00fcllen Sie bitte das untenstehende Formular aus. Wir werden Sie in der Regel innerhalb von 24 Stunden kontaktieren. Sie k\u00f6nnen mir auch eine E-Mail schicken <span style=\"color: #0000ff;\"><a style=\"color: #0000ff;\" href=\"mailto:info@longchangchemical.com\">info@longchangchemical.com<\/a><\/span> w\u00e4hrend der Gesch\u00e4ftszeiten ( 8:30 bis 18:00 Uhr UTC+8 Mo.~Sa. ) oder nutzen Sie den Live-Chat auf der Website, um eine schnelle Antwort zu erhalten.<\/b><\/strong><\/h4>","protected":false},"excerpt":{"rendered":"<h4>Chemische Bezeichnung: L-Lactid<\/h4>\n<h4>CAS-Nr.:4511-42-6<\/h4>\n<h4>Summenformel: C6H8O4<\/h4>\n<h4>Molekulargewicht:144.13<\/h4>\n<h4>Chemische Struktur:<img decoding=\"async\" title=\"L-Lactid Struktur\" src=\"https:\/\/www.longchangchemical.com\/wp-content\/uploads\/product-details\/20200612162229.png\" alt=\"L-Lactid Struktur\" width=\"129\" height=\"77\" border=\"0\" vspace=\"0\" \/><\/h4>\n<h4>Aussehen:wei\u00dfes Pulver<\/h4>\n<h4>Assay: 99%<\/h4>","protected":false},"featured_media":4625,"comment_status":"open","ping_status":"closed","template":"","meta":[],"product_brand":[],"product_cat":[69],"product_tag":[],"class_list":{"0":"post-3640","1":"product","2":"type-product","3":"status-publish","4":"has-post-thumbnail","6":"product_cat-catalysts-chemical-auxiliary-agents","8":"first","9":"instock","10":"shipping-taxable","11":"product-type-simple"},"yoast_head":"<!-- This site is optimized with the Yoast SEO plugin v25.3.1 - https:\/\/yoast.com\/wordpress\/plugins\/seo\/ -->\n<title>China l-lactide Manufacturer \uff06 Supplier - Longchang chemical Co., Ltd.<\/title>\n<meta name=\"description\" content=\"Longchang Chemical is a leading manufacturer and supplier of l-lactide in China. Buy l-lactide in china. We can provide the best l-lactide price.\" \/>\n<meta name=\"robots\" content=\"index, follow, max-snippet:-1, max-image-preview:large, max-video-preview:-1\" \/>\n<link rel=\"canonical\" href=\"https:\/\/longchangchemical.com\/de\/product\/l-lactide-cas-4511-42-6\/\" \/>\n<meta property=\"og:locale\" content=\"de_DE\" \/>\n<meta property=\"og:type\" content=\"article\" \/>\n<meta property=\"og:title\" content=\"China l-lactide Manufacturer \uff06 Supplier - Longchang chemical Co., Ltd.\" \/>\n<meta property=\"og:description\" content=\"Longchang Chemical is a leading manufacturer and supplier of l-lactide in China. Buy l-lactide in china. We can provide the best l-lactide price.\" \/>\n<meta property=\"og:url\" content=\"https:\/\/longchangchemical.com\/de\/product\/l-lactide-cas-4511-42-6\/\" \/>\n<meta property=\"og:site_name\" content=\"Longchang Chemical\" \/>\n<meta property=\"article:modified_time\" content=\"2026-05-08T02:59:37+00:00\" \/>\n<meta property=\"og:image\" content=\"https:\/\/longchangchemical.com\/wp-content\/uploads\/2021\/01\/Appearance-26.jpg\" \/>\n\t<meta property=\"og:image:width\" content=\"600\" \/>\n\t<meta property=\"og:image:height\" content=\"800\" \/>\n\t<meta property=\"og:image:type\" content=\"image\/jpeg\" \/>\n<meta name=\"twitter:card\" content=\"summary_large_image\" \/>\n<script type=\"application\/ld+json\" class=\"yoast-schema-graph\">{\"@context\":\"https:\/\/schema.org\",\"@graph\":[{\"@type\":\"WebPage\",\"@id\":\"https:\/\/longchangchemical.com\/product\/l-lactide-cas-4511-42-6\/\",\"url\":\"https:\/\/longchangchemical.com\/product\/l-lactide-cas-4511-42-6\/\",\"name\":\"China l-lactide Manufacturer \uff06 Supplier - Longchang chemical Co., Ltd.\",\"isPartOf\":{\"@id\":\"https:\/\/longchangchemical.com\/#website\"},\"primaryImageOfPage\":{\"@id\":\"https:\/\/longchangchemical.com\/product\/l-lactide-cas-4511-42-6\/#primaryimage\"},\"image\":{\"@id\":\"https:\/\/longchangchemical.com\/product\/l-lactide-cas-4511-42-6\/#primaryimage\"},\"thumbnailUrl\":\"https:\/\/longchangchemical.com\/wp-content\/uploads\/2021\/01\/Appearance-26.jpg\",\"datePublished\":\"2021-05-19T08:06:14+00:00\",\"dateModified\":\"2026-05-08T02:59:37+00:00\",\"description\":\"Longchang Chemical is a leading manufacturer and supplier of l-lactide in China. Buy l-lactide in china. We can provide the best l-lactide price.\",\"breadcrumb\":{\"@id\":\"https:\/\/longchangchemical.com\/product\/l-lactide-cas-4511-42-6\/#breadcrumb\"},\"inLanguage\":\"de\",\"potentialAction\":[{\"@type\":\"ReadAction\",\"target\":[\"https:\/\/longchangchemical.com\/product\/l-lactide-cas-4511-42-6\/\"]}]},{\"@type\":\"ImageObject\",\"inLanguage\":\"de\",\"@id\":\"https:\/\/longchangchemical.com\/product\/l-lactide-cas-4511-42-6\/#primaryimage\",\"url\":\"https:\/\/longchangchemical.com\/wp-content\/uploads\/2021\/01\/Appearance-26.jpg\",\"contentUrl\":\"https:\/\/longchangchemical.com\/wp-content\/uploads\/2021\/01\/Appearance-26.jpg\",\"width\":600,\"height\":800},{\"@type\":\"BreadcrumbList\",\"@id\":\"https:\/\/longchangchemical.com\/product\/l-lactide-cas-4511-42-6\/#breadcrumb\",\"itemListElement\":[{\"@type\":\"ListItem\",\"position\":1,\"name\":\"Home\",\"item\":\"https:\/\/longchangchemical.com\/\"},{\"@type\":\"ListItem\",\"position\":2,\"name\":\"Products Longchang\",\"item\":\"https:\/\/longchangchemical.com\/product\/\"},{\"@type\":\"ListItem\",\"position\":3,\"name\":\"L-lactide CAS 4511-42-6\"}]},{\"@type\":\"WebSite\",\"@id\":\"https:\/\/longchangchemical.com\/#website\",\"url\":\"https:\/\/longchangchemical.com\/\",\"name\":\"Longchang Chemical\",\"description\":\"China chemical manufacturer \uff06 supplier\",\"publisher\":{\"@id\":\"https:\/\/longchangchemical.com\/#organization\"},\"potentialAction\":[{\"@type\":\"SearchAction\",\"target\":{\"@type\":\"EntryPoint\",\"urlTemplate\":\"https:\/\/longchangchemical.com\/?s={search_term_string}\"},\"query-input\":{\"@type\":\"PropertyValueSpecification\",\"valueRequired\":true,\"valueName\":\"search_term_string\"}}],\"inLanguage\":\"de\"},{\"@type\":\"Organization\",\"@id\":\"https:\/\/longchangchemical.com\/#organization\",\"name\":\"Longchang Chemical\",\"url\":\"https:\/\/longchangchemical.com\/\",\"logo\":{\"@type\":\"ImageObject\",\"inLanguage\":\"de\",\"@id\":\"https:\/\/longchangchemical.com\/#\/schema\/logo\/image\/\",\"url\":\"https:\/\/longchangchemical.com\/wp-content\/uploads\/2020\/08\/cropped-longchang-logo.png\",\"contentUrl\":\"https:\/\/longchangchemical.com\/wp-content\/uploads\/2020\/08\/cropped-longchang-logo.png\",\"width\":512,\"height\":512,\"caption\":\"Longchang Chemical\"},\"image\":{\"@id\":\"https:\/\/longchangchemical.com\/#\/schema\/logo\/image\/\"}}]}<\/script>\n<!-- \/ Yoast SEO plugin. -->","yoast_head_json":{"title":"China l-lactide Hersteller \uff06 Lieferant - Longchang chemical Co., Ltd.","description":"Longchang Chemical ist ein f\u00fchrender Hersteller und Lieferant von L-Lactid in China. Kaufen l-lactide in China. Wir k\u00f6nnen die besten l-lactide Preis bieten.","robots":{"index":"index","follow":"follow","max-snippet":"max-snippet:-1","max-image-preview":"max-image-preview:large","max-video-preview":"max-video-preview:-1"},"canonical":"https:\/\/longchangchemical.com\/de\/product\/l-lactide-cas-4511-42-6\/","og_locale":"de_DE","og_type":"article","og_title":"China l-lactide Manufacturer \uff06 Supplier - Longchang chemical Co., Ltd.","og_description":"Longchang Chemical is a leading manufacturer and supplier of l-lactide in China. Buy l-lactide in china. We can provide the best l-lactide price.","og_url":"https:\/\/longchangchemical.com\/de\/product\/l-lactide-cas-4511-42-6\/","og_site_name":"Longchang Chemical","article_modified_time":"2026-05-08T02:59:37+00:00","og_image":[{"width":600,"height":800,"url":"https:\/\/longchangchemical.com\/wp-content\/uploads\/2021\/01\/Appearance-26.jpg","type":"image\/jpeg"}],"twitter_card":"summary_large_image","schema":{"@context":"https:\/\/schema.org","@graph":[{"@type":"WebPage","@id":"https:\/\/longchangchemical.com\/product\/l-lactide-cas-4511-42-6\/","url":"https:\/\/longchangchemical.com\/product\/l-lactide-cas-4511-42-6\/","name":"China l-lactide Hersteller \uff06 Lieferant - Longchang chemical Co., Ltd.","isPartOf":{"@id":"https:\/\/longchangchemical.com\/#website"},"primaryImageOfPage":{"@id":"https:\/\/longchangchemical.com\/product\/l-lactide-cas-4511-42-6\/#primaryimage"},"image":{"@id":"https:\/\/longchangchemical.com\/product\/l-lactide-cas-4511-42-6\/#primaryimage"},"thumbnailUrl":"https:\/\/longchangchemical.com\/wp-content\/uploads\/2021\/01\/Appearance-26.jpg","datePublished":"2021-05-19T08:06:14+00:00","dateModified":"2026-05-08T02:59:37+00:00","description":"Longchang Chemical ist ein f\u00fchrender Hersteller und Lieferant von L-Lactid in China. Kaufen l-lactide in China. Wir k\u00f6nnen die besten l-lactide Preis bieten.","breadcrumb":{"@id":"https:\/\/longchangchemical.com\/product\/l-lactide-cas-4511-42-6\/#breadcrumb"},"inLanguage":"de","potentialAction":[{"@type":"ReadAction","target":["https:\/\/longchangchemical.com\/product\/l-lactide-cas-4511-42-6\/"]}]},{"@type":"ImageObject","inLanguage":"de","@id":"https:\/\/longchangchemical.com\/product\/l-lactide-cas-4511-42-6\/#primaryimage","url":"https:\/\/longchangchemical.com\/wp-content\/uploads\/2021\/01\/Appearance-26.jpg","contentUrl":"https:\/\/longchangchemical.com\/wp-content\/uploads\/2021\/01\/Appearance-26.jpg","width":600,"height":800},{"@type":"BreadcrumbList","@id":"https:\/\/longchangchemical.com\/product\/l-lactide-cas-4511-42-6\/#breadcrumb","itemListElement":[{"@type":"ListItem","position":1,"name":"Home","item":"https:\/\/longchangchemical.com\/"},{"@type":"ListItem","position":2,"name":"Products Longchang","item":"https:\/\/longchangchemical.com\/product\/"},{"@type":"ListItem","position":3,"name":"L-lactide CAS 4511-42-6"}]},{"@type":"WebSite","@id":"https:\/\/longchangchemical.com\/#website","url":"https:\/\/longchangchemical.com\/","name":"Longchang Chemical","description":"China Hersteller von Chemikalien \uff06 Lieferant","publisher":{"@id":"https:\/\/longchangchemical.com\/#organization"},"potentialAction":[{"@type":"SearchAction","target":{"@type":"EntryPoint","urlTemplate":"https:\/\/longchangchemical.com\/?s={search_term_string}"},"query-input":{"@type":"PropertyValueSpecification","valueRequired":true,"valueName":"search_term_string"}}],"inLanguage":"de"},{"@type":"Organization","@id":"https:\/\/longchangchemical.com\/#organization","name":"Longchang Chemical","url":"https:\/\/longchangchemical.com\/","logo":{"@type":"ImageObject","inLanguage":"de","@id":"https:\/\/longchangchemical.com\/#\/schema\/logo\/image\/","url":"https:\/\/longchangchemical.com\/wp-content\/uploads\/2020\/08\/cropped-longchang-logo.png","contentUrl":"https:\/\/longchangchemical.com\/wp-content\/uploads\/2020\/08\/cropped-longchang-logo.png","width":512,"height":512,"caption":"Longchang Chemical"},"image":{"@id":"https:\/\/longchangchemical.com\/#\/schema\/logo\/image\/"}}]}},"_links":{"self":[{"href":"https:\/\/longchangchemical.com\/de\/wp-json\/wp\/v2\/product\/3640","targetHints":{"allow":["GET"]}}],"collection":[{"href":"https:\/\/longchangchemical.com\/de\/wp-json\/wp\/v2\/product"}],"about":[{"href":"https:\/\/longchangchemical.com\/de\/wp-json\/wp\/v2\/types\/product"}],"replies":[{"embeddable":true,"href":"https:\/\/longchangchemical.com\/de\/wp-json\/wp\/v2\/comments?post=3640"}],"wp:featuredmedia":[{"embeddable":true,"href":"https:\/\/longchangchemical.com\/de\/wp-json\/wp\/v2\/media\/4625"}],"wp:attachment":[{"href":"https:\/\/longchangchemical.com\/de\/wp-json\/wp\/v2\/media?parent=3640"}],"wp:term":[{"taxonomy":"product_brand","embeddable":true,"href":"https:\/\/longchangchemical.com\/de\/wp-json\/wp\/v2\/product_brand?post=3640"},{"taxonomy":"product_cat","embeddable":true,"href":"https:\/\/longchangchemical.com\/de\/wp-json\/wp\/v2\/product_cat?post=3640"},{"taxonomy":"product_tag","embeddable":true,"href":"https:\/\/longchangchemical.com\/de\/wp-json\/wp\/v2\/product_tag?post=3640"}],"curies":[{"name":"wp","href":"https:\/\/api.w.org\/{rel}","templated":true}]}}