{"id":3623,"date":"2021-04-24T06:06:16","date_gmt":"2021-04-24T06:06:16","guid":{"rendered":"https:\/\/longchangchemical.com\/?post_type=product&#038;p=3623"},"modified":"2025-12-22T09:18:58","modified_gmt":"2025-12-22T09:18:58","slug":"cas-21679-31-2","status":"publish","type":"product","link":"https:\/\/longchangchemical.com\/de\/product\/cas-21679-31-2\/","title":{"rendered":"Chrom(iii)-acetylacetonat CAS 21679-31-2"},"content":{"rendered":"<h1><strong>Chrom(iii)-acetylacetonat CAS 21679-31-2<\/strong><\/h1>\n<table class=\"table-1\" cellspacing=\"0\">\n<tbody>\n<tr>\n<td>\n<h4>Erscheinungsbild<\/h4>\n<\/td>\n<td>\n<h4>Pulver mit guter Flie\u00dff\u00e4higkeit<\/h4>\n<\/td>\n<\/tr>\n<tr>\n<td>\n<h4>Erscheinungsbild<\/h4>\n<\/td>\n<td>\n<h4>Dunkelviolettrotes Kristallpulver<\/h4>\n<\/td>\n<\/tr>\n<tr>\n<td>\n<h4>Assay%<\/h4>\n<\/td>\n<td>\n<h4>\u226598.0<\/h4>\n<\/td>\n<\/tr>\n<tr>\n<td>\n<h4>Cr,%<\/h4>\n<\/td>\n<td>\n<h4>\u226514.7<\/h4>\n<\/td>\n<\/tr>\n<tr>\n<td>\n<h4>Schmelzpunkt<\/h4>\n<\/td>\n<td>\n<h4>212\u2103<\/h4>\n<\/td>\n<\/tr>\n<\/tbody>\n<\/table>\n<p>&nbsp;<\/p>\n<h2>Was ist Chrom(III)-acetylacetonat?<\/h2>\n<h4>Als wichtiges chemisches Zwischenprodukt hat Chromacetylacetonat einzigartige physikalische und chemische Eigenschaften. Es ist ein violettes kristallines Pulver, unl\u00f6slich in Wasser, l\u00f6slich in Toluol und Essigs\u00e4ure.<\/h4>\n<p>&nbsp;<\/p>\n<h2><strong>Chrom(III)-acetylacetonat Verwendung<\/strong><\/h2>\n<h4>1. Chrom(III)-acetylacetonat kann als Katalysator f\u00fcr die organische Synthese verwendet werden, z. B. zur Oxidation von Methacrylat oder zur Ver\u00e4nderung der Oberfl\u00e4cheneigenschaften von festem Polyurethan.<\/h4>\n<h4>2. Chrom(III)-acetylacetonat kann als Harzvernetzungsmittel und H\u00e4rter, chemische Abscheidung zur Herstellung von Chrom-, Chromoxid- und Chromnitridfilmen, kohlenstoffarmer Olefinpolymerisationskatalysator, chemisches Adsorptionsmittel usw. verwendet werden.<\/h4>\n<h4>3. Dar\u00fcber hinaus kann man sehen, dass es an der Synthese und Modifizierung von funktionellen Materialien, der Herstellung von Nanopulvern und als Erg\u00e4nzung f\u00fcr medizinische Nahrungsbestandteile beteiligt ist.<\/h4>\n<p>&nbsp;<\/p>\n<h2><strong>Chrom(III)-acetylacetonat Verpackung und Versand<\/strong><\/h2>\n<h4>Verpackung: 1KG\/Flasche; 25KG\/DRUM<\/h4>\n<p>&nbsp;<\/p>\n<h2><strong>Produkte der gleichen Serie<\/strong><\/h2>\n<table style=\"border-collapse: collapse; width: 312.02pt;\" border=\"0\" width=\"416\" cellspacing=\"0\" cellpadding=\"0\">\n<tbody>\n<tr style=\"height: 67.50pt;\">\n<td class=\"et3\" style=\"height: 67.50pt; width: 201.75pt;\" width=\"269\" height=\"90\">\n<h4>Chrom(III)-acetylacetonat<\/h4>\n<\/td>\n<td class=\"et3\" style=\"width: 110.25pt;\" width=\"147\">\n<h4>21679-31-2<\/h4>\n<\/td>\n<\/tr>\n<tr style=\"height: 40.50pt;\">\n<td class=\"et4\" style=\"height: 40.50pt; width: 201.75pt;\" width=\"269\" height=\"54\">\n<h4><a href=\"https:\/\/longchangchemical.com\/de\/product\/ferric-acetylacetonate\/\"><span style=\"color: #0000ff;\">Eisen(III)-acetylacetonat<\/span><\/a><\/h4>\n<\/td>\n<td class=\"et4\" style=\"width: 110.25pt;\" width=\"147\">\n<h4>14024-18-1<\/h4>\n<\/td>\n<\/tr>\n<\/tbody>\n<\/table>\n<h2><\/h2>\n<h2><strong>Chrom(III)-acetylacetonat Lagerung<\/strong><\/h2>\n<h4>Beh\u00e4lter dicht verschlossen an einem trockenen und gut bel\u00fcfteten Ort aufbewahren.<\/h4>\n<h4>An einem k\u00fchlen Ort aufbewahren.<\/h4>\n<p>&nbsp;<\/p>\n<h2><strong><b>Kontaktieren Sie uns jetzt!<\/b><\/strong><\/h2>\n<h4><strong><b>Wir bieten ma\u00dfgeschneiderte Dienstleistungen an und werden Sie in der Regel innerhalb von 24 Stunden kontaktieren. Sie k\u00f6nnen auch eine E-Mail an info@longchangchemical.com w\u00e4hrend der Arbeitszeiten (8:30 bis 18:00 Uhr UTC+8 Mo.~Sa.) senden oder den Live-Chat der Website nutzen, um eine schnelle Antwort zu erhalten.<\/b><\/strong><\/h4>\n<p>&nbsp;<\/p>","protected":false},"excerpt":{"rendered":"<h4>Chemische Bezeichnung: Chrom(III)-acetylacetonat<\/h4>\n<h4>CAS-Nr.: 21679-31-2<\/h4>\n<h4>Molekulare Formel: C15H21CrO6<\/h4>\n<h4>Molekulargewicht: 349.32<\/h4>\n<h4>MolekulareStruktur:<img decoding=\"async\" title=\"Chrom(III)-acetylacetonat Struktur\" src=\"https:\/\/www.longchangchemical.com\/wp-content\/uploads\/product-details\/20200610056003.png\" alt=\"Chrom(III)-acetylacetonat Struktur\" width=\"138\" height=\"122\" border=\"0\" vspace=\"0\" \/><\/h4>\n<h4>Aussehen:Dunkelviolettrotes Kristallpulver<\/h4>","protected":false},"featured_media":4538,"comment_status":"open","ping_status":"closed","template":"","meta":[],"product_brand":[],"product_cat":[69],"product_tag":[],"class_list":{"0":"post-3623","1":"product","2":"type-product","3":"status-publish","4":"has-post-thumbnail","6":"product_cat-catalysts-chemical-auxiliary-agents","8":"first","9":"instock","10":"shipping-taxable","11":"product-type-simple"},"yoast_head":"<!-- This site is optimized with the Yoast SEO plugin v25.3.1 - https:\/\/yoast.com\/wordpress\/plugins\/seo\/ -->\n<title>China Chromium(III) acetylacetonate Manufacturer \uff06 Supplier - Longchang chemical Co., Ltd.<\/title>\n<meta name=\"description\" content=\"Longchang Chemical is a leading manufacturer and supplier of Chromium(III) acetylacetonate in China. Buy Chromium(III) acetylacetonate in china. We can provide the best Chromium(III) acetylacetonate price.\" \/>\n<meta name=\"robots\" content=\"index, follow, max-snippet:-1, max-image-preview:large, max-video-preview:-1\" \/>\n<link rel=\"canonical\" href=\"https:\/\/longchangchemical.com\/de\/product\/cas-21679-31-2\/\" \/>\n<meta property=\"og:locale\" content=\"de_DE\" \/>\n<meta property=\"og:type\" content=\"article\" \/>\n<meta property=\"og:title\" content=\"China Chromium(III) acetylacetonate Manufacturer \uff06 Supplier - Longchang chemical Co., Ltd.\" \/>\n<meta property=\"og:description\" content=\"Longchang Chemical is a leading manufacturer and supplier of Chromium(III) acetylacetonate in China. Buy Chromium(III) acetylacetonate in china. We can provide the best Chromium(III) acetylacetonate price.\" \/>\n<meta property=\"og:url\" content=\"https:\/\/longchangchemical.com\/de\/product\/cas-21679-31-2\/\" \/>\n<meta property=\"og:site_name\" content=\"Longchang Chemical\" \/>\n<meta property=\"article:modified_time\" content=\"2025-12-22T09:18:58+00:00\" \/>\n<meta property=\"og:image\" content=\"https:\/\/longchangchemical.com\/wp-content\/uploads\/2021\/01\/ChromiumIII-acetylacetonate-Appearance.jpg\" \/>\n\t<meta property=\"og:image:width\" content=\"600\" \/>\n\t<meta property=\"og:image:height\" content=\"800\" \/>\n\t<meta property=\"og:image:type\" content=\"image\/jpeg\" \/>\n<meta name=\"twitter:card\" content=\"summary_large_image\" \/>\n<script type=\"application\/ld+json\" class=\"yoast-schema-graph\">{\"@context\":\"https:\/\/schema.org\",\"@graph\":[{\"@type\":\"WebPage\",\"@id\":\"https:\/\/longchangchemical.com\/product\/cas-21679-31-2\/\",\"url\":\"https:\/\/longchangchemical.com\/product\/cas-21679-31-2\/\",\"name\":\"China Chromium(III) acetylacetonate Manufacturer \uff06 Supplier - Longchang chemical Co., Ltd.\",\"isPartOf\":{\"@id\":\"https:\/\/longchangchemical.com\/#website\"},\"primaryImageOfPage\":{\"@id\":\"https:\/\/longchangchemical.com\/product\/cas-21679-31-2\/#primaryimage\"},\"image\":{\"@id\":\"https:\/\/longchangchemical.com\/product\/cas-21679-31-2\/#primaryimage\"},\"thumbnailUrl\":\"https:\/\/longchangchemical.com\/wp-content\/uploads\/2021\/01\/ChromiumIII-acetylacetonate-Appearance.jpg\",\"datePublished\":\"2021-04-24T06:06:16+00:00\",\"dateModified\":\"2025-12-22T09:18:58+00:00\",\"description\":\"Longchang Chemical is a leading manufacturer and supplier of Chromium(III) acetylacetonate in China. Buy Chromium(III) acetylacetonate in china. We can provide the best Chromium(III) acetylacetonate price.\",\"breadcrumb\":{\"@id\":\"https:\/\/longchangchemical.com\/product\/cas-21679-31-2\/#breadcrumb\"},\"inLanguage\":\"de\",\"potentialAction\":[{\"@type\":\"ReadAction\",\"target\":[\"https:\/\/longchangchemical.com\/product\/cas-21679-31-2\/\"]}]},{\"@type\":\"ImageObject\",\"inLanguage\":\"de\",\"@id\":\"https:\/\/longchangchemical.com\/product\/cas-21679-31-2\/#primaryimage\",\"url\":\"https:\/\/longchangchemical.com\/wp-content\/uploads\/2021\/01\/ChromiumIII-acetylacetonate-Appearance.jpg\",\"contentUrl\":\"https:\/\/longchangchemical.com\/wp-content\/uploads\/2021\/01\/ChromiumIII-acetylacetonate-Appearance.jpg\",\"width\":600,\"height\":800},{\"@type\":\"BreadcrumbList\",\"@id\":\"https:\/\/longchangchemical.com\/product\/cas-21679-31-2\/#breadcrumb\",\"itemListElement\":[{\"@type\":\"ListItem\",\"position\":1,\"name\":\"Home\",\"item\":\"https:\/\/longchangchemical.com\/\"},{\"@type\":\"ListItem\",\"position\":2,\"name\":\"Products Longchang\",\"item\":\"https:\/\/longchangchemical.com\/product\/\"},{\"@type\":\"ListItem\",\"position\":3,\"name\":\"Chromium(iii) acetylacetonate CAS 21679-31-2\"}]},{\"@type\":\"WebSite\",\"@id\":\"https:\/\/longchangchemical.com\/#website\",\"url\":\"https:\/\/longchangchemical.com\/\",\"name\":\"Longchang Chemical\",\"description\":\"China chemical manufacturer \uff06 supplier\",\"publisher\":{\"@id\":\"https:\/\/longchangchemical.com\/#organization\"},\"potentialAction\":[{\"@type\":\"SearchAction\",\"target\":{\"@type\":\"EntryPoint\",\"urlTemplate\":\"https:\/\/longchangchemical.com\/?s={search_term_string}\"},\"query-input\":{\"@type\":\"PropertyValueSpecification\",\"valueRequired\":true,\"valueName\":\"search_term_string\"}}],\"inLanguage\":\"de\"},{\"@type\":\"Organization\",\"@id\":\"https:\/\/longchangchemical.com\/#organization\",\"name\":\"Longchang Chemical\",\"url\":\"https:\/\/longchangchemical.com\/\",\"logo\":{\"@type\":\"ImageObject\",\"inLanguage\":\"de\",\"@id\":\"https:\/\/longchangchemical.com\/#\/schema\/logo\/image\/\",\"url\":\"https:\/\/longchangchemical.com\/wp-content\/uploads\/2020\/08\/cropped-longchang-logo.png\",\"contentUrl\":\"https:\/\/longchangchemical.com\/wp-content\/uploads\/2020\/08\/cropped-longchang-logo.png\",\"width\":512,\"height\":512,\"caption\":\"Longchang Chemical\"},\"image\":{\"@id\":\"https:\/\/longchangchemical.com\/#\/schema\/logo\/image\/\"}}]}<\/script>\n<!-- \/ Yoast SEO plugin. -->","yoast_head_json":{"title":"China Chrom(III)-acetylacetonat Hersteller \uff06 Lieferant - Longchang chemical Co, Ltd.","description":"Longchang Chemical ist ein f\u00fchrender Hersteller und Lieferant von Chrom(III)-acetylacetonat in China. Kaufen Sie Chrom(III)-acetylacetonat in China. Wir k\u00f6nnen die besten Chrom(III)-acetylacetonat Preis bieten.","robots":{"index":"index","follow":"follow","max-snippet":"max-snippet:-1","max-image-preview":"max-image-preview:large","max-video-preview":"max-video-preview:-1"},"canonical":"https:\/\/longchangchemical.com\/de\/product\/cas-21679-31-2\/","og_locale":"de_DE","og_type":"article","og_title":"China Chromium(III) acetylacetonate Manufacturer \uff06 Supplier - Longchang chemical Co., Ltd.","og_description":"Longchang Chemical is a leading manufacturer and supplier of Chromium(III) acetylacetonate in China. Buy Chromium(III) acetylacetonate in china. We can provide the best Chromium(III) acetylacetonate price.","og_url":"https:\/\/longchangchemical.com\/de\/product\/cas-21679-31-2\/","og_site_name":"Longchang Chemical","article_modified_time":"2025-12-22T09:18:58+00:00","og_image":[{"width":600,"height":800,"url":"https:\/\/longchangchemical.com\/wp-content\/uploads\/2021\/01\/ChromiumIII-acetylacetonate-Appearance.jpg","type":"image\/jpeg"}],"twitter_card":"summary_large_image","schema":{"@context":"https:\/\/schema.org","@graph":[{"@type":"WebPage","@id":"https:\/\/longchangchemical.com\/product\/cas-21679-31-2\/","url":"https:\/\/longchangchemical.com\/product\/cas-21679-31-2\/","name":"China Chrom(III)-acetylacetonat Hersteller \uff06 Lieferant - Longchang chemical Co, Ltd.","isPartOf":{"@id":"https:\/\/longchangchemical.com\/#website"},"primaryImageOfPage":{"@id":"https:\/\/longchangchemical.com\/product\/cas-21679-31-2\/#primaryimage"},"image":{"@id":"https:\/\/longchangchemical.com\/product\/cas-21679-31-2\/#primaryimage"},"thumbnailUrl":"https:\/\/longchangchemical.com\/wp-content\/uploads\/2021\/01\/ChromiumIII-acetylacetonate-Appearance.jpg","datePublished":"2021-04-24T06:06:16+00:00","dateModified":"2025-12-22T09:18:58+00:00","description":"Longchang Chemical ist ein f\u00fchrender Hersteller und Lieferant von Chrom(III)-acetylacetonat in China. Kaufen Sie Chrom(III)-acetylacetonat in China. Wir k\u00f6nnen die besten Chrom(III)-acetylacetonat Preis bieten.","breadcrumb":{"@id":"https:\/\/longchangchemical.com\/product\/cas-21679-31-2\/#breadcrumb"},"inLanguage":"de","potentialAction":[{"@type":"ReadAction","target":["https:\/\/longchangchemical.com\/product\/cas-21679-31-2\/"]}]},{"@type":"ImageObject","inLanguage":"de","@id":"https:\/\/longchangchemical.com\/product\/cas-21679-31-2\/#primaryimage","url":"https:\/\/longchangchemical.com\/wp-content\/uploads\/2021\/01\/ChromiumIII-acetylacetonate-Appearance.jpg","contentUrl":"https:\/\/longchangchemical.com\/wp-content\/uploads\/2021\/01\/ChromiumIII-acetylacetonate-Appearance.jpg","width":600,"height":800},{"@type":"BreadcrumbList","@id":"https:\/\/longchangchemical.com\/product\/cas-21679-31-2\/#breadcrumb","itemListElement":[{"@type":"ListItem","position":1,"name":"Home","item":"https:\/\/longchangchemical.com\/"},{"@type":"ListItem","position":2,"name":"Products Longchang","item":"https:\/\/longchangchemical.com\/product\/"},{"@type":"ListItem","position":3,"name":"Chromium(iii) acetylacetonate CAS 21679-31-2"}]},{"@type":"WebSite","@id":"https:\/\/longchangchemical.com\/#website","url":"https:\/\/longchangchemical.com\/","name":"Longchang Chemical","description":"China Hersteller von Chemikalien \uff06 Lieferant","publisher":{"@id":"https:\/\/longchangchemical.com\/#organization"},"potentialAction":[{"@type":"SearchAction","target":{"@type":"EntryPoint","urlTemplate":"https:\/\/longchangchemical.com\/?s={search_term_string}"},"query-input":{"@type":"PropertyValueSpecification","valueRequired":true,"valueName":"search_term_string"}}],"inLanguage":"de"},{"@type":"Organization","@id":"https:\/\/longchangchemical.com\/#organization","name":"Longchang Chemical","url":"https:\/\/longchangchemical.com\/","logo":{"@type":"ImageObject","inLanguage":"de","@id":"https:\/\/longchangchemical.com\/#\/schema\/logo\/image\/","url":"https:\/\/longchangchemical.com\/wp-content\/uploads\/2020\/08\/cropped-longchang-logo.png","contentUrl":"https:\/\/longchangchemical.com\/wp-content\/uploads\/2020\/08\/cropped-longchang-logo.png","width":512,"height":512,"caption":"Longchang Chemical"},"image":{"@id":"https:\/\/longchangchemical.com\/#\/schema\/logo\/image\/"}}]}},"_links":{"self":[{"href":"https:\/\/longchangchemical.com\/de\/wp-json\/wp\/v2\/product\/3623","targetHints":{"allow":["GET"]}}],"collection":[{"href":"https:\/\/longchangchemical.com\/de\/wp-json\/wp\/v2\/product"}],"about":[{"href":"https:\/\/longchangchemical.com\/de\/wp-json\/wp\/v2\/types\/product"}],"replies":[{"embeddable":true,"href":"https:\/\/longchangchemical.com\/de\/wp-json\/wp\/v2\/comments?post=3623"}],"wp:featuredmedia":[{"embeddable":true,"href":"https:\/\/longchangchemical.com\/de\/wp-json\/wp\/v2\/media\/4538"}],"wp:attachment":[{"href":"https:\/\/longchangchemical.com\/de\/wp-json\/wp\/v2\/media?parent=3623"}],"wp:term":[{"taxonomy":"product_brand","embeddable":true,"href":"https:\/\/longchangchemical.com\/de\/wp-json\/wp\/v2\/product_brand?post=3623"},{"taxonomy":"product_cat","embeddable":true,"href":"https:\/\/longchangchemical.com\/de\/wp-json\/wp\/v2\/product_cat?post=3623"},{"taxonomy":"product_tag","embeddable":true,"href":"https:\/\/longchangchemical.com\/de\/wp-json\/wp\/v2\/product_tag?post=3623"}],"curies":[{"name":"wp","href":"https:\/\/api.w.org\/{rel}","templated":true}]}}