{"id":3589,"date":"2021-05-13T07:44:05","date_gmt":"2021-05-13T07:44:05","guid":{"rendered":"https:\/\/longchangchemical.com\/?post_type=product&#038;p=3589"},"modified":"2025-12-22T08:28:56","modified_gmt":"2025-12-22T08:28:56","slug":"dl-mandelic-acid-cas-90-64-2","status":"publish","type":"product","link":"https:\/\/longchangchemical.com\/de\/product\/dl-mandelic-acid-cas-90-64-2\/","title":{"rendered":"DL-Mandels\u00e4ure CAS 90-64-2"},"content":{"rendered":"<h1><strong>DL-Mandels\u00e4ure CAS 90-64-2<\/strong><\/h1>\n<table>\n<tbody>\n<tr>\n<td width=\"257\">\n<h4><strong>Artikel<\/strong><\/h4>\n<\/td>\n<td width=\"216\">\n<h4><strong>Spezifikationen<\/strong><\/h4>\n<\/td>\n<td width=\"227\">\n<h4><strong>Ergebnisse<\/strong><\/h4>\n<\/td>\n<\/tr>\n<tr>\n<td width=\"257\">\n<h4>Erscheinungsbild<\/h4>\n<\/td>\n<td width=\"216\">\n<h4>Wei\u00dfer Kristall<\/h4>\n<\/td>\n<td width=\"227\">\n<h4>Wei\u00dfer Kristall<\/h4>\n<\/td>\n<\/tr>\n<tr>\n<td width=\"257\">\n<h4>L\u00f6slichkeit<\/h4>\n<\/td>\n<td width=\"216\">\n<h4>L\u00f6slich in Wasser und Ether<\/h4>\n<\/td>\n<td width=\"227\">\n<h4>L\u00f6slich in Wasser und Ether<\/h4>\n<\/td>\n<\/tr>\n<tr>\n<td width=\"257\">\n<h4>Zyanid<\/h4>\n<\/td>\n<td width=\"216\">\n<h4>Sollte abwesend sein<\/h4>\n<\/td>\n<td width=\"227\">\n<h4>Nicht entdeckt<\/h4>\n<\/td>\n<\/tr>\n<tr>\n<td width=\"257\">\n<h4>Assay (Benzol)<\/h4>\n<\/td>\n<td width=\"216\">\n<h4>50 ppm maximal<\/h4>\n<\/td>\n<td width=\"227\">\n<h4>Nicht entdeckt<\/h4>\n<\/td>\n<\/tr>\n<tr>\n<td width=\"257\">\n<h4>Gehalt (auf Trockenbasis)<\/h4>\n<\/td>\n<td width=\"216\">\n<h4>99% min<\/h4>\n<\/td>\n<td width=\"227\">\n<h4>99.86%<\/h4>\n<\/td>\n<\/tr>\n<tr>\n<td width=\"257\">\n<h4>Schmelzpunkt<\/h4>\n<\/td>\n<td width=\"216\">\n<h4>117\u2103~121\u2103<\/h4>\n<\/td>\n<td width=\"227\">\n<h4>118.6\u2103~119.2\u2103<\/h4>\n<\/td>\n<\/tr>\n<tr>\n<td width=\"257\">\n<h4>[a]<sub>D<\/sub><sup>20<\/sup><\/h4>\n<\/td>\n<td width=\"216\">\n<h4>\u00b10.25\u00b0<\/h4>\n<\/td>\n<td width=\"227\">\n<h4>0\u00b0<\/h4>\n<\/td>\n<\/tr>\n<tr>\n<td width=\"257\">\n<h4>Durchl\u00e4ssigkeit<\/h4>\n<h4>(10% w\/v Wasser)<\/h4>\n<\/td>\n<td width=\"216\">\n<h4>Nicht weniger als 90%<\/h4>\n<\/td>\n<td width=\"227\">\n<h4>97.1%<\/h4>\n<\/td>\n<\/tr>\n<tr>\n<td width=\"257\">\n<h4>R\u00fcckst\u00e4nde beim Anz\u00fcnden<\/h4>\n<\/td>\n<td width=\"216\">\n<h4>0,5% max<\/h4>\n<\/td>\n<td width=\"227\">\n<h4>0.02%<\/h4>\n<\/td>\n<\/tr>\n<tr>\n<td width=\"257\">\n<h4>Tr\u00fcbung<\/h4>\n<\/td>\n<td width=\"216\">\n<h4>\uff1c20NTU<\/h4>\n<\/td>\n<td width=\"227\">\n<h4>11.31NTU<\/h4>\n<\/td>\n<\/tr>\n<tr>\n<td width=\"257\">\n<h4>Luftfeuchtigkeit<\/h4>\n<\/td>\n<td width=\"216\">\n<h4>0,5% max<\/h4>\n<\/td>\n<td width=\"227\">\n<h4>0.07%<\/h4>\n<\/td>\n<\/tr>\n<tr>\n<td width=\"257\">\n<h4>Schlussfolgerung<\/h4>\n<\/td>\n<td colspan=\"2\" width=\"443\">\n<h4>Die Ergebnisse entsprechen den Unternehmensstandards<\/h4>\n<\/td>\n<\/tr>\n<\/tbody>\n<\/table>\n<h2><strong>DL-Mandels\u00e4ure Verwendung<\/strong><\/h2>\n<h4>1. DL-Mandels\u00e4ure ist eine Art von Alpha-Hydroxys\u00e4ure Fruchts\u00e4ure mit Lipophilie. Im Vergleich zu gew\u00f6hnlicher Fruchts\u00e4ure-Glykols\u00e4ure hat Mandels\u00e4ure eine gewisse antibakterielle F\u00e4higkeit. Gleichzeitig ist die Penetrationsgeschwindigkeit der Mandels\u00e4ure im Vergleich zur \u00fcblichen Glykols\u00e4ure und Milchs\u00e4ure langsamer, was bedeutet, dass die Reizung geringer ist als bei Glykols\u00e4ure. Die Fettl\u00f6slichkeit der Mandels\u00e4ure ist erh\u00f6ht, und die Permeationsf\u00e4higkeit des Stratum corneum ist verbessert.<\/h4>\n<h4>2. Daher hat die DL-Mandels\u00e4ure in der Kosmetikindustrie auch die Funktion, das \u00d6l in den Poren zu entfernen und Akne zu beseitigen. Wie Glykols\u00e4ure und Milchs\u00e4ure hat auch die Mandels\u00e4ure eine gewisse aufhellende Wirkung.<\/h4>\n<h4>3. DL-Mandels\u00e4ure Zutaten sind geeignet f\u00fcr trockene Haut, straffe Haut, nicht-pigmentierte Haut, faltige Haut, tolerante Haut, pigmentierte Haut, fettige Haut, diese 7 Arten von Haut.<\/h4>\n<p>&nbsp;<\/p>\n<h2><strong>DL-Mandels\u00e4ure <\/strong><strong>Verpackung und Versand<\/strong><\/h2>\n<h4>1 kg\/Flasche; 25 kg pro Fass.<\/h4>\n<p>&nbsp;<\/p>\n<h2><strong>DL-Mandels\u00e4ure Lagerung<\/strong><\/h2>\n<h4>Langfristige Lichteinwirkung f\u00fchrt zu Verf\u00e4rbung und Zersetzung. Es ist lichtempfindlich und sauer auf Lackmus, daher sollte es k\u00fchl und vor Licht gesch\u00fctzt gelagert werden.<\/h4>\n<h2><strong>Produkte der gleichen Serie<\/strong><\/h2>\n<table style=\"border-collapse: collapse; width: 312.02pt;\" border=\"0\" width=\"416\" cellspacing=\"0\" cellpadding=\"0\">\n<tbody>\n<tr style=\"height: 54.00pt;\">\n<td class=\"et3\" style=\"height: 54.00pt; width: 201.75pt;\" width=\"269\" height=\"72\">\n<h4>DL-Mandels\u00e4ure<\/h4>\n<\/td>\n<td class=\"et3\" style=\"width: 110.25pt;\" width=\"147\">\n<h4>90-64-2<\/h4>\n<\/td>\n<\/tr>\n<tr style=\"height: 54.00pt;\">\n<td class=\"et4\" style=\"height: 54.00pt; width: 201.75pt;\" width=\"269\" height=\"72\">\n<h4><a href=\"https:\/\/longchangchemical.com\/de\/product\/d-mandelic-acid-cas-611-71-2\/\"><span style=\"color: #0000ff;\">D-Mandels\u00e4ure<\/span><\/a><\/h4>\n<\/td>\n<td class=\"et4\" style=\"width: 110.25pt;\" width=\"147\">\n<h4>611-71-2<\/h4>\n<\/td>\n<\/tr>\n<tr style=\"height: 40.50pt;\">\n<td class=\"et5\" style=\"height: 40.50pt; width: 201.75pt;\" width=\"269\" height=\"54\">\n<h4><a href=\"https:\/\/longchangchemical.com\/de\/product\/l-mandelic-acid-cas-17199-29-0\/\"><span style=\"color: #0000ff;\">L-Mandels\u00e4ure<\/span><\/a><\/h4>\n<\/td>\n<td class=\"et5\" style=\"width: 110.25pt;\" width=\"147\">\n<h4>17199-29-0<\/h4>\n<\/td>\n<\/tr>\n<\/tbody>\n<\/table>\n<h2><strong><b>Kontaktieren Sie uns jetzt!<\/b><\/strong><\/h2>\n<h4><strong><b>Wenn Sie COA, MSDS oder TDS ben\u00f6tigen, f\u00fcllen Sie bitte das untenstehende Formular aus. Wir werden Sie in der Regel innerhalb von 24 Stunden kontaktieren. Sie k\u00f6nnen mir auch eine E-Mail schicken <a href=\"mailto:info@longchangchemical.com\">info@longchangchemical.com<\/a> w\u00e4hrend der Gesch\u00e4ftszeiten ( 8:30 bis 18:00 Uhr UTC+8 Mo.~Sa. ) oder nutzen Sie den Live-Chat auf der Website, um eine schnelle Antwort zu erhalten.<\/b><\/strong><\/h4>","protected":false},"excerpt":{"rendered":"<h4>Chemische Bezeichnung: DL-Mandels\u00e4ure<\/h4>\n<h4>CAS-Nr.: 90-64-2<\/h4>\n<h4>Summenformel: C8H8O3<\/h4>\n<h4>Chemische Struktur:<img decoding=\"async\" title=\"DL-Mandels\u00e4ure CAS 90-64-2\" src=\"https:\/\/www.longchangchemical.com\/wp-content\/uploads\/product-details\/20200617202770.png\" alt=\"DL-Mandels\u00e4ure CAS 90-64-2\" \/><\/h4>\n<h4>Molekulargewicht: 152,15<\/h4>\n<h4>DL-Mandels\u00e4ureSchmelzpunkt:119-121\u00b0C(lit.)<\/h4>\n<h4>Erscheinungsbild: Wei\u00dfer orthorhombischer, flockiger Kristall<\/h4>\n<h4>Assay: 99%<\/h4>","protected":false},"featured_media":4609,"comment_status":"open","ping_status":"closed","template":"","meta":[],"product_brand":[],"product_cat":[103],"product_tag":[],"class_list":{"0":"post-3589","1":"product","2":"type-product","3":"status-publish","4":"has-post-thumbnail","6":"product_cat-cosmetic-additives","8":"first","9":"instock","10":"shipping-taxable","11":"product-type-simple"},"yoast_head":"<!-- This site is optimized with the Yoast SEO plugin v25.3.1 - https:\/\/yoast.com\/wordpress\/plugins\/seo\/ -->\n<title>China DL-Mandelic acid Manufacturer \uff06 90-64-2 Supplier - Longchang chemical Co., Ltd.<\/title>\n<meta name=\"description\" content=\"Longchang Chemical is a leading manufacturer and supplier of DL-Mandelic acid in China. Buy DL-Mandelic acid in china. We can provide the best DL-Mandelic acid price.\" \/>\n<meta name=\"robots\" content=\"index, follow, max-snippet:-1, max-image-preview:large, max-video-preview:-1\" \/>\n<link rel=\"canonical\" href=\"https:\/\/longchangchemical.com\/de\/product\/dl-mandelic-acid-cas-90-64-2\/\" \/>\n<meta property=\"og:locale\" content=\"de_DE\" \/>\n<meta property=\"og:type\" content=\"article\" \/>\n<meta property=\"og:title\" content=\"China DL-Mandelic acid Manufacturer \uff06 90-64-2 Supplier - Longchang chemical Co., Ltd.\" \/>\n<meta property=\"og:description\" content=\"Longchang Chemical is a leading manufacturer and supplier of DL-Mandelic acid in China. Buy DL-Mandelic acid in china. We can provide the best DL-Mandelic acid price.\" \/>\n<meta property=\"og:url\" content=\"https:\/\/longchangchemical.com\/de\/product\/dl-mandelic-acid-cas-90-64-2\/\" \/>\n<meta property=\"og:site_name\" content=\"Longchang Chemical\" \/>\n<meta property=\"article:modified_time\" content=\"2025-12-22T08:28:56+00:00\" \/>\n<meta property=\"og:image\" content=\"https:\/\/longchangchemical.com\/wp-content\/uploads\/2021\/05\/DL-Mandelic-acid-Appearance.jpg\" \/>\n\t<meta property=\"og:image:width\" content=\"600\" \/>\n\t<meta property=\"og:image:height\" content=\"800\" \/>\n\t<meta property=\"og:image:type\" content=\"image\/jpeg\" \/>\n<meta name=\"twitter:card\" content=\"summary_large_image\" \/>\n<script type=\"application\/ld+json\" class=\"yoast-schema-graph\">{\"@context\":\"https:\/\/schema.org\",\"@graph\":[{\"@type\":\"WebPage\",\"@id\":\"https:\/\/longchangchemical.com\/product\/dl-mandelic-acid-cas-90-64-2\/\",\"url\":\"https:\/\/longchangchemical.com\/product\/dl-mandelic-acid-cas-90-64-2\/\",\"name\":\"China DL-Mandelic acid Manufacturer \uff06 90-64-2 Supplier - Longchang chemical Co., Ltd.\",\"isPartOf\":{\"@id\":\"https:\/\/longchangchemical.com\/#website\"},\"primaryImageOfPage\":{\"@id\":\"https:\/\/longchangchemical.com\/product\/dl-mandelic-acid-cas-90-64-2\/#primaryimage\"},\"image\":{\"@id\":\"https:\/\/longchangchemical.com\/product\/dl-mandelic-acid-cas-90-64-2\/#primaryimage\"},\"thumbnailUrl\":\"https:\/\/longchangchemical.com\/wp-content\/uploads\/2021\/05\/DL-Mandelic-acid-Appearance.jpg\",\"datePublished\":\"2021-05-13T07:44:05+00:00\",\"dateModified\":\"2025-12-22T08:28:56+00:00\",\"description\":\"Longchang Chemical is a leading manufacturer and supplier of DL-Mandelic acid in China. Buy DL-Mandelic acid in china. We can provide the best DL-Mandelic acid price.\",\"breadcrumb\":{\"@id\":\"https:\/\/longchangchemical.com\/product\/dl-mandelic-acid-cas-90-64-2\/#breadcrumb\"},\"inLanguage\":\"de\",\"potentialAction\":[{\"@type\":\"ReadAction\",\"target\":[\"https:\/\/longchangchemical.com\/product\/dl-mandelic-acid-cas-90-64-2\/\"]}]},{\"@type\":\"ImageObject\",\"inLanguage\":\"de\",\"@id\":\"https:\/\/longchangchemical.com\/product\/dl-mandelic-acid-cas-90-64-2\/#primaryimage\",\"url\":\"https:\/\/longchangchemical.com\/wp-content\/uploads\/2021\/05\/DL-Mandelic-acid-Appearance.jpg\",\"contentUrl\":\"https:\/\/longchangchemical.com\/wp-content\/uploads\/2021\/05\/DL-Mandelic-acid-Appearance.jpg\",\"width\":600,\"height\":800,\"caption\":\"Appearance\"},{\"@type\":\"BreadcrumbList\",\"@id\":\"https:\/\/longchangchemical.com\/product\/dl-mandelic-acid-cas-90-64-2\/#breadcrumb\",\"itemListElement\":[{\"@type\":\"ListItem\",\"position\":1,\"name\":\"Home\",\"item\":\"https:\/\/longchangchemical.com\/\"},{\"@type\":\"ListItem\",\"position\":2,\"name\":\"Products Longchang\",\"item\":\"https:\/\/longchangchemical.com\/product\/\"},{\"@type\":\"ListItem\",\"position\":3,\"name\":\"DL-Mandelic acid CAS 90-64-2\"}]},{\"@type\":\"WebSite\",\"@id\":\"https:\/\/longchangchemical.com\/#website\",\"url\":\"https:\/\/longchangchemical.com\/\",\"name\":\"Longchang Chemical\",\"description\":\"China chemical manufacturer \uff06 supplier\",\"publisher\":{\"@id\":\"https:\/\/longchangchemical.com\/#organization\"},\"potentialAction\":[{\"@type\":\"SearchAction\",\"target\":{\"@type\":\"EntryPoint\",\"urlTemplate\":\"https:\/\/longchangchemical.com\/?s={search_term_string}\"},\"query-input\":{\"@type\":\"PropertyValueSpecification\",\"valueRequired\":true,\"valueName\":\"search_term_string\"}}],\"inLanguage\":\"de\"},{\"@type\":\"Organization\",\"@id\":\"https:\/\/longchangchemical.com\/#organization\",\"name\":\"Longchang Chemical\",\"url\":\"https:\/\/longchangchemical.com\/\",\"logo\":{\"@type\":\"ImageObject\",\"inLanguage\":\"de\",\"@id\":\"https:\/\/longchangchemical.com\/#\/schema\/logo\/image\/\",\"url\":\"https:\/\/longchangchemical.com\/wp-content\/uploads\/2020\/08\/cropped-longchang-logo.png\",\"contentUrl\":\"https:\/\/longchangchemical.com\/wp-content\/uploads\/2020\/08\/cropped-longchang-logo.png\",\"width\":512,\"height\":512,\"caption\":\"Longchang Chemical\"},\"image\":{\"@id\":\"https:\/\/longchangchemical.com\/#\/schema\/logo\/image\/\"}}]}<\/script>\n<!-- \/ Yoast SEO plugin. -->","yoast_head_json":{"title":"China DL-Mandels\u00e4ure Hersteller \uff06 90-64-2 Lieferant - Longchang chemical Co., Ltd.","description":"Longchang Chemical ist ein f\u00fchrender Hersteller und Lieferant von DL-Mandels\u00e4ure in China. Kaufen Sie DL-Mandels\u00e4ure in China. Wir k\u00f6nnen die besten DL-Mandels\u00e4ure Preis bieten.","robots":{"index":"index","follow":"follow","max-snippet":"max-snippet:-1","max-image-preview":"max-image-preview:large","max-video-preview":"max-video-preview:-1"},"canonical":"https:\/\/longchangchemical.com\/de\/product\/dl-mandelic-acid-cas-90-64-2\/","og_locale":"de_DE","og_type":"article","og_title":"China DL-Mandelic acid Manufacturer \uff06 90-64-2 Supplier - Longchang chemical Co., Ltd.","og_description":"Longchang Chemical is a leading manufacturer and supplier of DL-Mandelic acid in China. Buy DL-Mandelic acid in china. We can provide the best DL-Mandelic acid price.","og_url":"https:\/\/longchangchemical.com\/de\/product\/dl-mandelic-acid-cas-90-64-2\/","og_site_name":"Longchang Chemical","article_modified_time":"2025-12-22T08:28:56+00:00","og_image":[{"width":600,"height":800,"url":"https:\/\/longchangchemical.com\/wp-content\/uploads\/2021\/05\/DL-Mandelic-acid-Appearance.jpg","type":"image\/jpeg"}],"twitter_card":"summary_large_image","schema":{"@context":"https:\/\/schema.org","@graph":[{"@type":"WebPage","@id":"https:\/\/longchangchemical.com\/product\/dl-mandelic-acid-cas-90-64-2\/","url":"https:\/\/longchangchemical.com\/product\/dl-mandelic-acid-cas-90-64-2\/","name":"China DL-Mandels\u00e4ure Hersteller \uff06 90-64-2 Lieferant - Longchang chemical Co., Ltd.","isPartOf":{"@id":"https:\/\/longchangchemical.com\/#website"},"primaryImageOfPage":{"@id":"https:\/\/longchangchemical.com\/product\/dl-mandelic-acid-cas-90-64-2\/#primaryimage"},"image":{"@id":"https:\/\/longchangchemical.com\/product\/dl-mandelic-acid-cas-90-64-2\/#primaryimage"},"thumbnailUrl":"https:\/\/longchangchemical.com\/wp-content\/uploads\/2021\/05\/DL-Mandelic-acid-Appearance.jpg","datePublished":"2021-05-13T07:44:05+00:00","dateModified":"2025-12-22T08:28:56+00:00","description":"Longchang Chemical ist ein f\u00fchrender Hersteller und Lieferant von DL-Mandels\u00e4ure in China. Kaufen Sie DL-Mandels\u00e4ure in China. Wir k\u00f6nnen die besten DL-Mandels\u00e4ure Preis bieten.","breadcrumb":{"@id":"https:\/\/longchangchemical.com\/product\/dl-mandelic-acid-cas-90-64-2\/#breadcrumb"},"inLanguage":"de","potentialAction":[{"@type":"ReadAction","target":["https:\/\/longchangchemical.com\/product\/dl-mandelic-acid-cas-90-64-2\/"]}]},{"@type":"ImageObject","inLanguage":"de","@id":"https:\/\/longchangchemical.com\/product\/dl-mandelic-acid-cas-90-64-2\/#primaryimage","url":"https:\/\/longchangchemical.com\/wp-content\/uploads\/2021\/05\/DL-Mandelic-acid-Appearance.jpg","contentUrl":"https:\/\/longchangchemical.com\/wp-content\/uploads\/2021\/05\/DL-Mandelic-acid-Appearance.jpg","width":600,"height":800,"caption":"Appearance"},{"@type":"BreadcrumbList","@id":"https:\/\/longchangchemical.com\/product\/dl-mandelic-acid-cas-90-64-2\/#breadcrumb","itemListElement":[{"@type":"ListItem","position":1,"name":"Home","item":"https:\/\/longchangchemical.com\/"},{"@type":"ListItem","position":2,"name":"Products Longchang","item":"https:\/\/longchangchemical.com\/product\/"},{"@type":"ListItem","position":3,"name":"DL-Mandelic acid CAS 90-64-2"}]},{"@type":"WebSite","@id":"https:\/\/longchangchemical.com\/#website","url":"https:\/\/longchangchemical.com\/","name":"Longchang Chemical","description":"China Hersteller von Chemikalien \uff06 Lieferant","publisher":{"@id":"https:\/\/longchangchemical.com\/#organization"},"potentialAction":[{"@type":"SearchAction","target":{"@type":"EntryPoint","urlTemplate":"https:\/\/longchangchemical.com\/?s={search_term_string}"},"query-input":{"@type":"PropertyValueSpecification","valueRequired":true,"valueName":"search_term_string"}}],"inLanguage":"de"},{"@type":"Organization","@id":"https:\/\/longchangchemical.com\/#organization","name":"Longchang Chemical","url":"https:\/\/longchangchemical.com\/","logo":{"@type":"ImageObject","inLanguage":"de","@id":"https:\/\/longchangchemical.com\/#\/schema\/logo\/image\/","url":"https:\/\/longchangchemical.com\/wp-content\/uploads\/2020\/08\/cropped-longchang-logo.png","contentUrl":"https:\/\/longchangchemical.com\/wp-content\/uploads\/2020\/08\/cropped-longchang-logo.png","width":512,"height":512,"caption":"Longchang Chemical"},"image":{"@id":"https:\/\/longchangchemical.com\/#\/schema\/logo\/image\/"}}]}},"_links":{"self":[{"href":"https:\/\/longchangchemical.com\/de\/wp-json\/wp\/v2\/product\/3589","targetHints":{"allow":["GET"]}}],"collection":[{"href":"https:\/\/longchangchemical.com\/de\/wp-json\/wp\/v2\/product"}],"about":[{"href":"https:\/\/longchangchemical.com\/de\/wp-json\/wp\/v2\/types\/product"}],"replies":[{"embeddable":true,"href":"https:\/\/longchangchemical.com\/de\/wp-json\/wp\/v2\/comments?post=3589"}],"wp:featuredmedia":[{"embeddable":true,"href":"https:\/\/longchangchemical.com\/de\/wp-json\/wp\/v2\/media\/4609"}],"wp:attachment":[{"href":"https:\/\/longchangchemical.com\/de\/wp-json\/wp\/v2\/media?parent=3589"}],"wp:term":[{"taxonomy":"product_brand","embeddable":true,"href":"https:\/\/longchangchemical.com\/de\/wp-json\/wp\/v2\/product_brand?post=3589"},{"taxonomy":"product_cat","embeddable":true,"href":"https:\/\/longchangchemical.com\/de\/wp-json\/wp\/v2\/product_cat?post=3589"},{"taxonomy":"product_tag","embeddable":true,"href":"https:\/\/longchangchemical.com\/de\/wp-json\/wp\/v2\/product_tag?post=3589"}],"curies":[{"name":"wp","href":"https:\/\/api.w.org\/{rel}","templated":true}]}}