{"id":3577,"date":"2021-04-18T13:22:18","date_gmt":"2021-04-18T13:22:18","guid":{"rendered":"https:\/\/longchangchemical.com\/?post_type=product&#038;p=3577"},"modified":"2025-12-22T09:31:12","modified_gmt":"2025-12-22T09:31:12","slug":"cas-51503-61-8","status":"publish","type":"product","link":"https:\/\/longchangchemical.com\/de\/product\/cas-51503-61-8\/","title":{"rendered":"Diammoniumhydrogenphosphit CAS 51503-61-8"},"content":{"rendered":"<h1><strong>Diammoniumhydrogenphosphit CAS 51503-61-8<\/strong><\/h1>\n<table class=\"table-1\" cellspacing=\"0\">\n<tbody>\n<tr>\n<td colspan=\"2\">Artikel<\/td>\n<td>Spezifikationen<\/td>\n<\/tr>\n<tr>\n<td colspan=\"2\">Erscheinungsbild<\/td>\n<td>Wei\u00dfer Kristall<\/td>\n<\/tr>\n<tr>\n<td rowspan=\"3\">Assay<\/td>\n<td>(NH4)<sub>2<\/sub>HPO<sub>3<\/sub>-H<sub>2<\/sub>O<\/td>\n<td>98.0% min<\/td>\n<\/tr>\n<tr>\n<td>N<\/td>\n<td>20.4% min<\/td>\n<\/tr>\n<tr>\n<td>P<sub>2<\/sub>O<sub>5<\/sub><\/td>\n<td>51.9% min<\/td>\n<\/tr>\n<tr>\n<td colspan=\"2\">PH-Wert eines 5%-Sols.<\/td>\n<td>7.4-7.7<\/td>\n<\/tr>\n<tr>\n<td colspan=\"2\">Luftfeuchtigkeit<\/td>\n<td>2,0% max<\/td>\n<\/tr>\n<tr>\n<td colspan=\"2\">Cl<\/td>\n<td>0,0005% max<\/td>\n<\/tr>\n<tr>\n<td colspan=\"2\">Fe<\/td>\n<td>0,0005% max<\/td>\n<\/tr>\n<tr>\n<td colspan=\"2\">Cd<\/td>\n<td>0,0005% max<\/td>\n<\/tr>\n<tr>\n<td colspan=\"2\">Pb<\/td>\n<td>0,001% max<\/td>\n<\/tr>\n<tr>\n<td colspan=\"2\">Als<\/td>\n<td>0,001% max<\/td>\n<\/tr>\n<tr>\n<td colspan=\"2\">In Wasser nicht l\u00f6sliche Stoffe<\/td>\n<td>0,01% max<\/td>\n<\/tr>\n<\/tbody>\n<\/table>\n<p>&nbsp;<\/p>\n<h2>Was ist der Unterschied zwischen Diammoniumhydrogenphosphit und Diammoniumhydrogenphosphat?<\/h2>\n<h4>1. Sie alle sind in der Landwirtschaft h\u00e4ufig verwendete Phosphat-Mischd\u00fcnger.<\/h4>\n<h4>2. \u00dcbliche Diammoniumverbindungen sind 18-46-0, 15-42-0 usw., Monoammonium 11-52-0, 11-44-0 usw. Der Stickstoffgehalt von Monoammonium ist im Allgemeinen geringer als 11%. Diammonium ist eher alkalisch, Monoammonium ist eher sauer. Die Wirkung von Monoammonium auf salzhaltigen Alkalib\u00f6den in Nordchina ist besser als die von Diammonium. Solange es zusammen mit verschiedenen Stickstoff- und Kaliumd\u00fcngern entsprechend dem D\u00fcngebedarf der verschiedenen Kulturen verwendet wird, ist die Wirkung \u00e4hnlich.<\/h4>\n<h4>3. Aufgrund des hohen Gesamtgehalts an Diammonium ist f\u00fcr die Produktion in der Regel hochwertiges Phosphatgestein erforderlich, und der wasserl\u00f6sliche Phosphorgehalt ist im Allgemeinen h\u00f6her als der von Monoammonium<\/h4>\n<h2><\/h2>\n<h2><strong>Diammoniumhydrogenphosphit Verpackung und Versand<\/strong><\/h2>\n<h4>Verpackung: 20kg\/Sack<\/h4>\n<h4>Lieferung: Auf dem Seeweg, per Luftfracht, per Kurier, etc.<\/h4>\n<p>&nbsp;<\/p>\n<h2><strong>Diammoniumhydrogenphosphit Lagerung<\/strong><\/h2>\n<h4>An einem k\u00fchlen Ort aufbewahren. Beh\u00e4lter dicht verschlossen an einem trockenen und gut bel\u00fcfteten Ort aufbewahren.<\/h4>\n<p>&nbsp;<\/p>\n<h2><strong><b>Kontaktieren Sie uns jetzt!<\/b><\/strong><\/h2>\n<h4><strong><b>Wir bieten ma\u00dfgeschneiderte Dienstleistungen an und werden Sie in der Regel innerhalb von 24 Stunden kontaktieren. Sie k\u00f6nnen auch eine E-Mail an info@longchangchemical.com w\u00e4hrend der Arbeitszeiten (8:30 bis 18:00 Uhr UTC+8 Mo.~Sa.) senden oder den Live-Chat der Website nutzen, um eine schnelle Antwort zu erhalten.<\/b><\/strong><\/h4>","protected":false},"excerpt":{"rendered":"<h4>Chemische Bezeichnung: Diammoniumhydrogenphosphit<\/h4>\n<h4>CAS-Nr.: 51503-61-8<\/h4>\n<h4>Molekulare Formel: H9N2O3P<\/h4>\n<h4>Molekulargewicht:116.06<\/h4>\n<h4>DiammoniumhydrogenphosphitStruktur:<img decoding=\"async\" title=\"Diammoniumhydrogenphosphit Struktur\" src=\"https:\/\/www.longchangchemical.com\/wp-content\/uploads\/product-details\/20200611140376.png\" alt=\"Diammoniumhydrogenphosphit Struktur\" width=\"75\" height=\"60\" border=\"0\" vspace=\"0\" \/><\/h4>\n<h4>Aussehen:Wei\u00dfer Kristall<\/h4>\n<h4>Untersuchung:\u226598.0%<\/h4>","protected":false},"featured_media":4504,"comment_status":"open","ping_status":"closed","template":"","meta":[],"product_brand":[],"product_cat":[73],"product_tag":[],"class_list":{"0":"post-3577","1":"product","2":"type-product","3":"status-publish","4":"has-post-thumbnail","6":"product_cat-other-additives","8":"first","9":"instock","10":"shipping-taxable","11":"product-type-simple"},"yoast_head":"<!-- This site is optimized with the Yoast SEO plugin v25.3.1 - https:\/\/yoast.com\/wordpress\/plugins\/seo\/ -->\n<title>China Diammonium hydrogen phosphite Manufacturer \uff06 CAS 51503-61-8 Supplier - Longchang chemical Co., Ltd.<\/title>\n<meta name=\"description\" content=\"Longchang Chemical is a leading manufacturer and supplier of Diammonium hydrogen phosphite in China. Buy Diammonium hydrogen phosphite in china. We can provide the best Diammonium hydrogen phosphite price.\" \/>\n<meta name=\"robots\" content=\"index, follow, max-snippet:-1, max-image-preview:large, max-video-preview:-1\" \/>\n<link rel=\"canonical\" href=\"https:\/\/longchangchemical.com\/de\/product\/cas-51503-61-8\/\" \/>\n<meta property=\"og:locale\" content=\"de_DE\" \/>\n<meta property=\"og:type\" content=\"article\" \/>\n<meta property=\"og:title\" content=\"China Diammonium hydrogen phosphite Manufacturer \uff06 CAS 51503-61-8 Supplier - Longchang chemical Co., Ltd.\" \/>\n<meta property=\"og:description\" content=\"Longchang Chemical is a leading manufacturer and supplier of Diammonium hydrogen phosphite in China. Buy Diammonium hydrogen phosphite in china. We can provide the best Diammonium hydrogen phosphite price.\" \/>\n<meta property=\"og:url\" content=\"https:\/\/longchangchemical.com\/de\/product\/cas-51503-61-8\/\" \/>\n<meta property=\"og:site_name\" content=\"Longchang Chemical\" \/>\n<meta property=\"article:modified_time\" content=\"2025-12-22T09:31:12+00:00\" \/>\n<meta property=\"og:image\" content=\"https:\/\/longchangchemical.com\/wp-content\/uploads\/2021\/01\/Appearance-18.jpg\" \/>\n\t<meta property=\"og:image:width\" content=\"600\" \/>\n\t<meta property=\"og:image:height\" content=\"800\" \/>\n\t<meta property=\"og:image:type\" content=\"image\/jpeg\" \/>\n<meta name=\"twitter:card\" content=\"summary_large_image\" \/>\n<script type=\"application\/ld+json\" class=\"yoast-schema-graph\">{\"@context\":\"https:\/\/schema.org\",\"@graph\":[{\"@type\":\"WebPage\",\"@id\":\"https:\/\/longchangchemical.com\/product\/cas-51503-61-8\/\",\"url\":\"https:\/\/longchangchemical.com\/product\/cas-51503-61-8\/\",\"name\":\"China Diammonium hydrogen phosphite Manufacturer \uff06 CAS 51503-61-8 Supplier - Longchang chemical Co., Ltd.\",\"isPartOf\":{\"@id\":\"https:\/\/longchangchemical.com\/#website\"},\"primaryImageOfPage\":{\"@id\":\"https:\/\/longchangchemical.com\/product\/cas-51503-61-8\/#primaryimage\"},\"image\":{\"@id\":\"https:\/\/longchangchemical.com\/product\/cas-51503-61-8\/#primaryimage\"},\"thumbnailUrl\":\"https:\/\/longchangchemical.com\/wp-content\/uploads\/2021\/01\/Appearance-18.jpg\",\"datePublished\":\"2021-04-18T13:22:18+00:00\",\"dateModified\":\"2025-12-22T09:31:12+00:00\",\"description\":\"Longchang Chemical is a leading manufacturer and supplier of Diammonium hydrogen phosphite in China. Buy Diammonium hydrogen phosphite in china. We can provide the best Diammonium hydrogen phosphite price.\",\"breadcrumb\":{\"@id\":\"https:\/\/longchangchemical.com\/product\/cas-51503-61-8\/#breadcrumb\"},\"inLanguage\":\"de\",\"potentialAction\":[{\"@type\":\"ReadAction\",\"target\":[\"https:\/\/longchangchemical.com\/product\/cas-51503-61-8\/\"]}]},{\"@type\":\"ImageObject\",\"inLanguage\":\"de\",\"@id\":\"https:\/\/longchangchemical.com\/product\/cas-51503-61-8\/#primaryimage\",\"url\":\"https:\/\/longchangchemical.com\/wp-content\/uploads\/2021\/01\/Appearance-18.jpg\",\"contentUrl\":\"https:\/\/longchangchemical.com\/wp-content\/uploads\/2021\/01\/Appearance-18.jpg\",\"width\":600,\"height\":800,\"caption\":\"Diammonium hydrogen phosphite Appearance\"},{\"@type\":\"BreadcrumbList\",\"@id\":\"https:\/\/longchangchemical.com\/product\/cas-51503-61-8\/#breadcrumb\",\"itemListElement\":[{\"@type\":\"ListItem\",\"position\":1,\"name\":\"Home\",\"item\":\"https:\/\/longchangchemical.com\/\"},{\"@type\":\"ListItem\",\"position\":2,\"name\":\"Products Longchang\",\"item\":\"https:\/\/longchangchemical.com\/product\/\"},{\"@type\":\"ListItem\",\"position\":3,\"name\":\"Diammonium hydrogen phosphite CAS 51503-61-8\"}]},{\"@type\":\"WebSite\",\"@id\":\"https:\/\/longchangchemical.com\/#website\",\"url\":\"https:\/\/longchangchemical.com\/\",\"name\":\"Longchang Chemical\",\"description\":\"China chemical manufacturer \uff06 supplier\",\"publisher\":{\"@id\":\"https:\/\/longchangchemical.com\/#organization\"},\"potentialAction\":[{\"@type\":\"SearchAction\",\"target\":{\"@type\":\"EntryPoint\",\"urlTemplate\":\"https:\/\/longchangchemical.com\/?s={search_term_string}\"},\"query-input\":{\"@type\":\"PropertyValueSpecification\",\"valueRequired\":true,\"valueName\":\"search_term_string\"}}],\"inLanguage\":\"de\"},{\"@type\":\"Organization\",\"@id\":\"https:\/\/longchangchemical.com\/#organization\",\"name\":\"Longchang Chemical\",\"url\":\"https:\/\/longchangchemical.com\/\",\"logo\":{\"@type\":\"ImageObject\",\"inLanguage\":\"de\",\"@id\":\"https:\/\/longchangchemical.com\/#\/schema\/logo\/image\/\",\"url\":\"https:\/\/longchangchemical.com\/wp-content\/uploads\/2020\/08\/cropped-longchang-logo.png\",\"contentUrl\":\"https:\/\/longchangchemical.com\/wp-content\/uploads\/2020\/08\/cropped-longchang-logo.png\",\"width\":512,\"height\":512,\"caption\":\"Longchang Chemical\"},\"image\":{\"@id\":\"https:\/\/longchangchemical.com\/#\/schema\/logo\/image\/\"}}]}<\/script>\n<!-- \/ Yoast SEO plugin. -->","yoast_head_json":{"title":"China Diammoniumhydrogenphosphit Hersteller \uff06 CAS 51503-61-8 Lieferant - Longchang chemical Co., Ltd.","description":"Longchang Chemical ist ein f\u00fchrender Hersteller und Lieferant von Diammoniumhydrogenphosphit in China. Kaufen Sie Diammoniumhydrogenphosphit in China. Wir k\u00f6nnen die besten Diammoniumhydrogenphosphit Preis bieten.","robots":{"index":"index","follow":"follow","max-snippet":"max-snippet:-1","max-image-preview":"max-image-preview:large","max-video-preview":"max-video-preview:-1"},"canonical":"https:\/\/longchangchemical.com\/de\/product\/cas-51503-61-8\/","og_locale":"de_DE","og_type":"article","og_title":"China Diammonium hydrogen phosphite Manufacturer \uff06 CAS 51503-61-8 Supplier - Longchang chemical Co., Ltd.","og_description":"Longchang Chemical is a leading manufacturer and supplier of Diammonium hydrogen phosphite in China. Buy Diammonium hydrogen phosphite in china. We can provide the best Diammonium hydrogen phosphite price.","og_url":"https:\/\/longchangchemical.com\/de\/product\/cas-51503-61-8\/","og_site_name":"Longchang Chemical","article_modified_time":"2025-12-22T09:31:12+00:00","og_image":[{"width":600,"height":800,"url":"https:\/\/longchangchemical.com\/wp-content\/uploads\/2021\/01\/Appearance-18.jpg","type":"image\/jpeg"}],"twitter_card":"summary_large_image","schema":{"@context":"https:\/\/schema.org","@graph":[{"@type":"WebPage","@id":"https:\/\/longchangchemical.com\/product\/cas-51503-61-8\/","url":"https:\/\/longchangchemical.com\/product\/cas-51503-61-8\/","name":"China Diammoniumhydrogenphosphit Hersteller \uff06 CAS 51503-61-8 Lieferant - Longchang chemical Co., Ltd.","isPartOf":{"@id":"https:\/\/longchangchemical.com\/#website"},"primaryImageOfPage":{"@id":"https:\/\/longchangchemical.com\/product\/cas-51503-61-8\/#primaryimage"},"image":{"@id":"https:\/\/longchangchemical.com\/product\/cas-51503-61-8\/#primaryimage"},"thumbnailUrl":"https:\/\/longchangchemical.com\/wp-content\/uploads\/2021\/01\/Appearance-18.jpg","datePublished":"2021-04-18T13:22:18+00:00","dateModified":"2025-12-22T09:31:12+00:00","description":"Longchang Chemical ist ein f\u00fchrender Hersteller und Lieferant von Diammoniumhydrogenphosphit in China. Kaufen Sie Diammoniumhydrogenphosphit in China. Wir k\u00f6nnen die besten Diammoniumhydrogenphosphit Preis bieten.","breadcrumb":{"@id":"https:\/\/longchangchemical.com\/product\/cas-51503-61-8\/#breadcrumb"},"inLanguage":"de","potentialAction":[{"@type":"ReadAction","target":["https:\/\/longchangchemical.com\/product\/cas-51503-61-8\/"]}]},{"@type":"ImageObject","inLanguage":"de","@id":"https:\/\/longchangchemical.com\/product\/cas-51503-61-8\/#primaryimage","url":"https:\/\/longchangchemical.com\/wp-content\/uploads\/2021\/01\/Appearance-18.jpg","contentUrl":"https:\/\/longchangchemical.com\/wp-content\/uploads\/2021\/01\/Appearance-18.jpg","width":600,"height":800,"caption":"Diammonium hydrogen phosphite Appearance"},{"@type":"BreadcrumbList","@id":"https:\/\/longchangchemical.com\/product\/cas-51503-61-8\/#breadcrumb","itemListElement":[{"@type":"ListItem","position":1,"name":"Home","item":"https:\/\/longchangchemical.com\/"},{"@type":"ListItem","position":2,"name":"Products Longchang","item":"https:\/\/longchangchemical.com\/product\/"},{"@type":"ListItem","position":3,"name":"Diammonium hydrogen phosphite CAS 51503-61-8"}]},{"@type":"WebSite","@id":"https:\/\/longchangchemical.com\/#website","url":"https:\/\/longchangchemical.com\/","name":"Longchang Chemical","description":"China Hersteller von Chemikalien \uff06 Lieferant","publisher":{"@id":"https:\/\/longchangchemical.com\/#organization"},"potentialAction":[{"@type":"SearchAction","target":{"@type":"EntryPoint","urlTemplate":"https:\/\/longchangchemical.com\/?s={search_term_string}"},"query-input":{"@type":"PropertyValueSpecification","valueRequired":true,"valueName":"search_term_string"}}],"inLanguage":"de"},{"@type":"Organization","@id":"https:\/\/longchangchemical.com\/#organization","name":"Longchang Chemical","url":"https:\/\/longchangchemical.com\/","logo":{"@type":"ImageObject","inLanguage":"de","@id":"https:\/\/longchangchemical.com\/#\/schema\/logo\/image\/","url":"https:\/\/longchangchemical.com\/wp-content\/uploads\/2020\/08\/cropped-longchang-logo.png","contentUrl":"https:\/\/longchangchemical.com\/wp-content\/uploads\/2020\/08\/cropped-longchang-logo.png","width":512,"height":512,"caption":"Longchang Chemical"},"image":{"@id":"https:\/\/longchangchemical.com\/#\/schema\/logo\/image\/"}}]}},"_links":{"self":[{"href":"https:\/\/longchangchemical.com\/de\/wp-json\/wp\/v2\/product\/3577","targetHints":{"allow":["GET"]}}],"collection":[{"href":"https:\/\/longchangchemical.com\/de\/wp-json\/wp\/v2\/product"}],"about":[{"href":"https:\/\/longchangchemical.com\/de\/wp-json\/wp\/v2\/types\/product"}],"replies":[{"embeddable":true,"href":"https:\/\/longchangchemical.com\/de\/wp-json\/wp\/v2\/comments?post=3577"}],"wp:featuredmedia":[{"embeddable":true,"href":"https:\/\/longchangchemical.com\/de\/wp-json\/wp\/v2\/media\/4504"}],"wp:attachment":[{"href":"https:\/\/longchangchemical.com\/de\/wp-json\/wp\/v2\/media?parent=3577"}],"wp:term":[{"taxonomy":"product_brand","embeddable":true,"href":"https:\/\/longchangchemical.com\/de\/wp-json\/wp\/v2\/product_brand?post=3577"},{"taxonomy":"product_cat","embeddable":true,"href":"https:\/\/longchangchemical.com\/de\/wp-json\/wp\/v2\/product_cat?post=3577"},{"taxonomy":"product_tag","embeddable":true,"href":"https:\/\/longchangchemical.com\/de\/wp-json\/wp\/v2\/product_tag?post=3577"}],"curies":[{"name":"wp","href":"https:\/\/api.w.org\/{rel}","templated":true}]}}