{"id":3569,"date":"2021-05-06T10:06:49","date_gmt":"2021-05-06T10:06:49","guid":{"rendered":"https:\/\/longchangchemical.com\/?post_type=product&#038;p=3569"},"modified":"2025-12-22T08:47:51","modified_gmt":"2025-12-22T08:47:51","slug":"rhodinal-citronellal-cas-106-23-0","status":"publish","type":"product","link":"https:\/\/longchangchemical.com\/de\/product\/rhodinal-citronellal-cas-106-23-0\/","title":{"rendered":"Rhodinal \/ Citronellal CAS 106-23-0"},"content":{"rendered":"<h1><strong>Rhodinal (Citronellal) CAS 106-23-0<\/strong><\/h1>\n<table class=\"table-1\" cellspacing=\"1\">\n<tbody>\n<tr>\n<td>\n<h4>Artikel<\/h4>\n<\/td>\n<td>\n<h4>Spezifikationen<\/h4>\n<\/td>\n<\/tr>\n<tr>\n<td>\n<h4>Erscheinungsbild:<\/h4>\n<\/td>\n<td>\n<h4>hellgelbe bis gelbe klare Fl\u00fcssigkeit<\/h4>\n<\/td>\n<\/tr>\n<tr>\n<td>\n<h4>Geruch:<\/h4>\n<\/td>\n<td>\n<h4>mit starkem S\u00fc\u00dfgras-Aroma<\/h4>\n<\/td>\n<\/tr>\n<tr>\n<td>\n<h4>Relative Dichte:<\/h4>\n<\/td>\n<td>\n<h4>0.888~0.892<\/h4>\n<\/td>\n<\/tr>\n<tr>\n<td>\n<h4>Brechungsindex:<\/h4>\n<\/td>\n<td>\n<h4>1.470~1.474<\/h4>\n<\/td>\n<\/tr>\n<tr>\n<td>\n<h4>Optischer Dienstplan:<\/h4>\n<\/td>\n<td>\n<h4>-7\u00b0~ -13\u00b0<\/h4>\n<\/td>\n<\/tr>\n<tr>\n<td>\n<h4>L\u00f6slichkeit:<\/h4>\n<\/td>\n<td>\n<h4>leicht l\u00f6slich in 95% Ethanol<\/h4>\n<\/td>\n<\/tr>\n<tr>\n<td>\n<h4>Inhalt:<\/h4>\n<\/td>\n<td>\n<h4>Citronellal 32-40%citronellol 9-18 %geraniol 20~25%<\/h4>\n<\/td>\n<\/tr>\n<tr>\n<td>\n<h4>Gesamtalkoholgehalt<\/h4>\n<\/td>\n<td>\n<h4>85%mindestens<\/h4>\n<\/td>\n<\/tr>\n<\/tbody>\n<\/table>\n<p>&nbsp;<\/p>\n<h2><strong>Rhodinal (Citronellal) Verwendung<\/strong><\/h2>\n<h4>1. Citronellal wird zur Formulierung von Aromen verwendet und hat ein starkes zitronen-, zitronengras- und rosenartiges Aroma.<br \/>\n2. Citronellal wird als Fixiermittel, Koordinator und Modifikator verwendet und ist in kosmetischen Duftstoffen weit verbreitet.<br \/>\n3. Citronellal in Lebensmittelqualit\u00e4t ist auch ein Geschmacksverst\u00e4rker f\u00fcr Getr\u00e4nke und Lebensmittel.<br \/>\n4. Wird vor allem zur Herstellung von Vanillinalkohol und Hydroxycitronella-Essig verwendet. Es wird auch als Rohstoff f\u00fcr Dihydrococoron verwendet, das durch Isopulegol synthetisiert wird. Unter ihnen ist Hydroxycitronellal eines der wertvollsten Gew\u00fcrze.<\/h4>\n<h2><strong>Rhodinal (Citronellal) Verpackung<\/strong><\/h2>\n<p>&nbsp;<\/p>\n<h4>Blaue Stahltrommel, Nettogewicht: 180 kg pro Trommel.<\/h4>\n<p>&nbsp;<\/p>\n<h2><strong>Rhodinal (Citronellal) Lagerung<\/strong><\/h2>\n<h4><\/h4>\n<h4>Das Versandst\u00fcck ist vollst\u00e4ndig, leicht be- und entladen; das Lager ist bel\u00fcftet, von offenen Flammen und hohen Temperaturen entfernt und von Oxidationsmitteln getrennt gelagert.<\/h4>\n<p>&nbsp;<\/p>\n<h2><strong><b>Kontaktieren Sie uns jetzt!<\/b><\/strong><\/h2>\n<h4><strong><b>Wir werden Sie in der Regel innerhalb von 24 Stunden kontaktieren. Sie k\u00f6nnen auch eine E-Mail an info@longchangchemical.com w\u00e4hrend der Arbeitszeiten (8:30 bis 18:00 Uhr UTC+8 Mo.~Sa.) senden oder den Live-Chat der Website nutzen, um eine schnelle Antwort zu erhalten.<\/b><\/strong><\/h4>","protected":false},"excerpt":{"rendered":"<h4>Produktname: Citronellal \/Rhodinal<\/h4>\n<h4>CAS: 106-23-0<\/h4>\n<h4>Summenformel:C10H18O<\/h4>\n<h4>Molekulargewicht:154.25<\/h4>\n<h4>Chemische Struktur:<img decoding=\"async\" title=\"Rhodinal (Citronellal) Struktur\" src=\"https:\/\/www.longchangchemical.com\/wp-content\/uploads\/product-details\/20200612121574.png\" alt=\"Rhodinal (Citronellal) Struktur\" width=\"78\" height=\"93\" border=\"0\" vspace=\"0\" \/><\/h4>\n<h4>Aussehen: hellgelbe bis gelbe klare Fl\u00fcssigkeit<\/h4>\n<h4>Assay:85%<\/h4>","protected":false},"featured_media":4596,"comment_status":"open","ping_status":"closed","template":"","meta":[],"product_brand":[],"product_cat":[103],"product_tag":[],"class_list":{"0":"post-3569","1":"product","2":"type-product","3":"status-publish","4":"has-post-thumbnail","6":"product_cat-cosmetic-additives","8":"first","9":"instock","10":"shipping-taxable","11":"product-type-simple"},"yoast_head":"<!-- This site is optimized with the Yoast SEO plugin v25.3.1 - https:\/\/yoast.com\/wordpress\/plugins\/seo\/ -->\n<title>China Citronellal Manufacturer \uff06 Supplier - Longchang chemical Co., Ltd.<\/title>\n<meta name=\"description\" content=\"Longchang Chemical is a leading manufacturer and supplier of Rhodinal \/ Citronellal in China. Buy Citronellal in china. We can provide the best Citronellal price.\" \/>\n<meta name=\"robots\" content=\"index, follow, max-snippet:-1, max-image-preview:large, max-video-preview:-1\" \/>\n<link rel=\"canonical\" href=\"https:\/\/longchangchemical.com\/de\/product\/rhodinal-citronellal-cas-106-23-0\/\" \/>\n<meta property=\"og:locale\" content=\"de_DE\" \/>\n<meta property=\"og:type\" content=\"article\" \/>\n<meta property=\"og:title\" content=\"China Citronellal Manufacturer \uff06 Supplier - Longchang chemical Co., Ltd.\" \/>\n<meta property=\"og:description\" content=\"Longchang Chemical is a leading manufacturer and supplier of Rhodinal \/ Citronellal in China. Buy Citronellal in china. We can provide the best Citronellal price.\" \/>\n<meta property=\"og:url\" content=\"https:\/\/longchangchemical.com\/de\/product\/rhodinal-citronellal-cas-106-23-0\/\" \/>\n<meta property=\"og:site_name\" content=\"Longchang Chemical\" \/>\n<meta property=\"article:modified_time\" content=\"2025-12-22T08:47:51+00:00\" \/>\n<meta property=\"og:image\" content=\"https:\/\/longchangchemical.com\/wp-content\/uploads\/2021\/01\/Citronellal-Appearance.jpg\" \/>\n\t<meta property=\"og:image:width\" content=\"600\" \/>\n\t<meta property=\"og:image:height\" content=\"800\" \/>\n\t<meta property=\"og:image:type\" content=\"image\/jpeg\" \/>\n<meta name=\"twitter:card\" content=\"summary_large_image\" \/>\n<script type=\"application\/ld+json\" class=\"yoast-schema-graph\">{\"@context\":\"https:\/\/schema.org\",\"@graph\":[{\"@type\":\"WebPage\",\"@id\":\"https:\/\/longchangchemical.com\/product\/rhodinal-citronellal-cas-106-23-0\/\",\"url\":\"https:\/\/longchangchemical.com\/product\/rhodinal-citronellal-cas-106-23-0\/\",\"name\":\"China Citronellal Manufacturer \uff06 Supplier - Longchang chemical Co., Ltd.\",\"isPartOf\":{\"@id\":\"https:\/\/longchangchemical.com\/#website\"},\"primaryImageOfPage\":{\"@id\":\"https:\/\/longchangchemical.com\/product\/rhodinal-citronellal-cas-106-23-0\/#primaryimage\"},\"image\":{\"@id\":\"https:\/\/longchangchemical.com\/product\/rhodinal-citronellal-cas-106-23-0\/#primaryimage\"},\"thumbnailUrl\":\"https:\/\/longchangchemical.com\/wp-content\/uploads\/2021\/01\/Citronellal-Appearance.jpg\",\"datePublished\":\"2021-05-06T10:06:49+00:00\",\"dateModified\":\"2025-12-22T08:47:51+00:00\",\"description\":\"Longchang Chemical is a leading manufacturer and supplier of Rhodinal \/ Citronellal in China. Buy Citronellal in china. We can provide the best Citronellal price.\",\"breadcrumb\":{\"@id\":\"https:\/\/longchangchemical.com\/product\/rhodinal-citronellal-cas-106-23-0\/#breadcrumb\"},\"inLanguage\":\"de\",\"potentialAction\":[{\"@type\":\"ReadAction\",\"target\":[\"https:\/\/longchangchemical.com\/product\/rhodinal-citronellal-cas-106-23-0\/\"]}]},{\"@type\":\"ImageObject\",\"inLanguage\":\"de\",\"@id\":\"https:\/\/longchangchemical.com\/product\/rhodinal-citronellal-cas-106-23-0\/#primaryimage\",\"url\":\"https:\/\/longchangchemical.com\/wp-content\/uploads\/2021\/01\/Citronellal-Appearance.jpg\",\"contentUrl\":\"https:\/\/longchangchemical.com\/wp-content\/uploads\/2021\/01\/Citronellal-Appearance.jpg\",\"width\":600,\"height\":800,\"caption\":\"Citronellal Appearance\"},{\"@type\":\"BreadcrumbList\",\"@id\":\"https:\/\/longchangchemical.com\/product\/rhodinal-citronellal-cas-106-23-0\/#breadcrumb\",\"itemListElement\":[{\"@type\":\"ListItem\",\"position\":1,\"name\":\"Home\",\"item\":\"https:\/\/longchangchemical.com\/\"},{\"@type\":\"ListItem\",\"position\":2,\"name\":\"Products Longchang\",\"item\":\"https:\/\/longchangchemical.com\/product\/\"},{\"@type\":\"ListItem\",\"position\":3,\"name\":\"Rhodinal \/ Citronellal CAS 106-23-0\"}]},{\"@type\":\"WebSite\",\"@id\":\"https:\/\/longchangchemical.com\/#website\",\"url\":\"https:\/\/longchangchemical.com\/\",\"name\":\"Longchang Chemical\",\"description\":\"China chemical manufacturer \uff06 supplier\",\"publisher\":{\"@id\":\"https:\/\/longchangchemical.com\/#organization\"},\"potentialAction\":[{\"@type\":\"SearchAction\",\"target\":{\"@type\":\"EntryPoint\",\"urlTemplate\":\"https:\/\/longchangchemical.com\/?s={search_term_string}\"},\"query-input\":{\"@type\":\"PropertyValueSpecification\",\"valueRequired\":true,\"valueName\":\"search_term_string\"}}],\"inLanguage\":\"de\"},{\"@type\":\"Organization\",\"@id\":\"https:\/\/longchangchemical.com\/#organization\",\"name\":\"Longchang Chemical\",\"url\":\"https:\/\/longchangchemical.com\/\",\"logo\":{\"@type\":\"ImageObject\",\"inLanguage\":\"de\",\"@id\":\"https:\/\/longchangchemical.com\/#\/schema\/logo\/image\/\",\"url\":\"https:\/\/longchangchemical.com\/wp-content\/uploads\/2020\/08\/cropped-longchang-logo.png\",\"contentUrl\":\"https:\/\/longchangchemical.com\/wp-content\/uploads\/2020\/08\/cropped-longchang-logo.png\",\"width\":512,\"height\":512,\"caption\":\"Longchang Chemical\"},\"image\":{\"@id\":\"https:\/\/longchangchemical.com\/#\/schema\/logo\/image\/\"}}]}<\/script>\n<!-- \/ Yoast SEO plugin. -->","yoast_head_json":{"title":"China Citronellal Hersteller \uff06 Lieferant - Longchang chemical Co., Ltd.","description":"Longchang Chemical ist ein f\u00fchrender Hersteller und Lieferant von Rhodinal \/ Citronellal in China. Kaufen Citronellal in china. Wir k\u00f6nnen die besten Citronellal Preis bieten.","robots":{"index":"index","follow":"follow","max-snippet":"max-snippet:-1","max-image-preview":"max-image-preview:large","max-video-preview":"max-video-preview:-1"},"canonical":"https:\/\/longchangchemical.com\/de\/product\/rhodinal-citronellal-cas-106-23-0\/","og_locale":"de_DE","og_type":"article","og_title":"China Citronellal Manufacturer \uff06 Supplier - Longchang chemical Co., Ltd.","og_description":"Longchang Chemical is a leading manufacturer and supplier of Rhodinal \/ Citronellal in China. Buy Citronellal in china. We can provide the best Citronellal price.","og_url":"https:\/\/longchangchemical.com\/de\/product\/rhodinal-citronellal-cas-106-23-0\/","og_site_name":"Longchang Chemical","article_modified_time":"2025-12-22T08:47:51+00:00","og_image":[{"width":600,"height":800,"url":"https:\/\/longchangchemical.com\/wp-content\/uploads\/2021\/01\/Citronellal-Appearance.jpg","type":"image\/jpeg"}],"twitter_card":"summary_large_image","schema":{"@context":"https:\/\/schema.org","@graph":[{"@type":"WebPage","@id":"https:\/\/longchangchemical.com\/product\/rhodinal-citronellal-cas-106-23-0\/","url":"https:\/\/longchangchemical.com\/product\/rhodinal-citronellal-cas-106-23-0\/","name":"China Citronellal Hersteller \uff06 Lieferant - Longchang chemical Co., Ltd.","isPartOf":{"@id":"https:\/\/longchangchemical.com\/#website"},"primaryImageOfPage":{"@id":"https:\/\/longchangchemical.com\/product\/rhodinal-citronellal-cas-106-23-0\/#primaryimage"},"image":{"@id":"https:\/\/longchangchemical.com\/product\/rhodinal-citronellal-cas-106-23-0\/#primaryimage"},"thumbnailUrl":"https:\/\/longchangchemical.com\/wp-content\/uploads\/2021\/01\/Citronellal-Appearance.jpg","datePublished":"2021-05-06T10:06:49+00:00","dateModified":"2025-12-22T08:47:51+00:00","description":"Longchang Chemical ist ein f\u00fchrender Hersteller und Lieferant von Rhodinal \/ Citronellal in China. Kaufen Citronellal in china. Wir k\u00f6nnen die besten Citronellal Preis bieten.","breadcrumb":{"@id":"https:\/\/longchangchemical.com\/product\/rhodinal-citronellal-cas-106-23-0\/#breadcrumb"},"inLanguage":"de","potentialAction":[{"@type":"ReadAction","target":["https:\/\/longchangchemical.com\/product\/rhodinal-citronellal-cas-106-23-0\/"]}]},{"@type":"ImageObject","inLanguage":"de","@id":"https:\/\/longchangchemical.com\/product\/rhodinal-citronellal-cas-106-23-0\/#primaryimage","url":"https:\/\/longchangchemical.com\/wp-content\/uploads\/2021\/01\/Citronellal-Appearance.jpg","contentUrl":"https:\/\/longchangchemical.com\/wp-content\/uploads\/2021\/01\/Citronellal-Appearance.jpg","width":600,"height":800,"caption":"Citronellal Appearance"},{"@type":"BreadcrumbList","@id":"https:\/\/longchangchemical.com\/product\/rhodinal-citronellal-cas-106-23-0\/#breadcrumb","itemListElement":[{"@type":"ListItem","position":1,"name":"Home","item":"https:\/\/longchangchemical.com\/"},{"@type":"ListItem","position":2,"name":"Products Longchang","item":"https:\/\/longchangchemical.com\/product\/"},{"@type":"ListItem","position":3,"name":"Rhodinal \/ Citronellal CAS 106-23-0"}]},{"@type":"WebSite","@id":"https:\/\/longchangchemical.com\/#website","url":"https:\/\/longchangchemical.com\/","name":"Longchang Chemical","description":"China Hersteller von Chemikalien \uff06 Lieferant","publisher":{"@id":"https:\/\/longchangchemical.com\/#organization"},"potentialAction":[{"@type":"SearchAction","target":{"@type":"EntryPoint","urlTemplate":"https:\/\/longchangchemical.com\/?s={search_term_string}"},"query-input":{"@type":"PropertyValueSpecification","valueRequired":true,"valueName":"search_term_string"}}],"inLanguage":"de"},{"@type":"Organization","@id":"https:\/\/longchangchemical.com\/#organization","name":"Longchang Chemical","url":"https:\/\/longchangchemical.com\/","logo":{"@type":"ImageObject","inLanguage":"de","@id":"https:\/\/longchangchemical.com\/#\/schema\/logo\/image\/","url":"https:\/\/longchangchemical.com\/wp-content\/uploads\/2020\/08\/cropped-longchang-logo.png","contentUrl":"https:\/\/longchangchemical.com\/wp-content\/uploads\/2020\/08\/cropped-longchang-logo.png","width":512,"height":512,"caption":"Longchang Chemical"},"image":{"@id":"https:\/\/longchangchemical.com\/#\/schema\/logo\/image\/"}}]}},"_links":{"self":[{"href":"https:\/\/longchangchemical.com\/de\/wp-json\/wp\/v2\/product\/3569","targetHints":{"allow":["GET"]}}],"collection":[{"href":"https:\/\/longchangchemical.com\/de\/wp-json\/wp\/v2\/product"}],"about":[{"href":"https:\/\/longchangchemical.com\/de\/wp-json\/wp\/v2\/types\/product"}],"replies":[{"embeddable":true,"href":"https:\/\/longchangchemical.com\/de\/wp-json\/wp\/v2\/comments?post=3569"}],"wp:featuredmedia":[{"embeddable":true,"href":"https:\/\/longchangchemical.com\/de\/wp-json\/wp\/v2\/media\/4596"}],"wp:attachment":[{"href":"https:\/\/longchangchemical.com\/de\/wp-json\/wp\/v2\/media?parent=3569"}],"wp:term":[{"taxonomy":"product_brand","embeddable":true,"href":"https:\/\/longchangchemical.com\/de\/wp-json\/wp\/v2\/product_brand?post=3569"},{"taxonomy":"product_cat","embeddable":true,"href":"https:\/\/longchangchemical.com\/de\/wp-json\/wp\/v2\/product_cat?post=3569"},{"taxonomy":"product_tag","embeddable":true,"href":"https:\/\/longchangchemical.com\/de\/wp-json\/wp\/v2\/product_tag?post=3569"}],"curies":[{"name":"wp","href":"https:\/\/api.w.org\/{rel}","templated":true}]}}