{"id":3552,"date":"2021-02-08T08:09:47","date_gmt":"2021-02-08T08:09:47","guid":{"rendered":"https:\/\/longchangchemical.com\/?post_type=product&#038;p=3552"},"modified":"2025-12-23T07:46:45","modified_gmt":"2025-12-23T07:46:45","slug":"naphthenic-acid-cas-1338-24-5","status":"publish","type":"product","link":"https:\/\/longchangchemical.com\/de\/product\/naphthenic-acid-cas-1338-24-5\/","title":{"rendered":"Naphthens\u00e4ure CAS 1338-24-5"},"content":{"rendered":"<h1><strong>Naphthens\u00e4ure CAS 1338-24-5<\/strong><\/h1>\n<h2><b>COA von Naphthens\u00e4ure<\/b><\/h2>\n<table class=\"table-1\" cellspacing=\"0\">\n<tbody>\n<tr>\n<td>\n<h4><strong>Artikel<\/strong><\/h4>\n<\/td>\n<td>\n<h4><strong>Ergebnisse<\/strong><\/h4>\n<\/td>\n<\/tr>\n<tr>\n<td>\n<h4>Erscheinungsbild<\/h4>\n<\/td>\n<td>\n<h4>Hellgelbe oder orangefarbene Fl\u00fcssigkeit<\/h4>\n<\/td>\n<\/tr>\n<tr>\n<td>\n<h4>S\u00e4urewert (mg\/KOH\/g)<\/h4>\n<\/td>\n<td>\n<h4>200 min<\/h4>\n<\/td>\n<\/tr>\n<tr>\n<td>\n<h4>Assay \uff08m\/m\uff09%<\/h4>\n<\/td>\n<td>\n<h4>\u2265 70 %<\/h4>\n<\/td>\n<\/tr>\n<tr>\n<td>\n<h4>Spezifisches Gewicht \uff0820\u2103\uff09<\/h4>\n<\/td>\n<td>\n<h4>0.92<\/h4>\n<\/td>\n<\/tr>\n<tr>\n<td>\n<h4>Viskosit\u00e4t\uff0840\u2103\uff09<\/h4>\n<\/td>\n<td>\n<h4>25<\/h4>\n<\/td>\n<\/tr>\n<tr>\n<td>\n<h4>Farbe (Eisen-Kobalt)<\/h4>\n<\/td>\n<td>\n<h4>12-14<\/h4>\n<\/td>\n<\/tr>\n<tr>\n<td>\n<h4>Schlussfolgerung<\/h4>\n<\/td>\n<td>\n<h4>Die Ergebnisse entsprechen den Unternehmensstandards<\/h4>\n<\/td>\n<\/tr>\n<\/tbody>\n<\/table>\n<p>&nbsp;<\/p>\n<h2>Was ist Naphthens\u00e4ure?<\/h2>\n<h4>NAPHTENS\u00c4URE ist eine dunkel gef\u00e4rbte Fl\u00fcssigkeit mit \u00fcblem Geruch. NAPHTHENISCHE SAUERSTOFFS\u00c4URE ist unl\u00f6slich in Wasser. NAPHTENS\u00c4URE brennt, l\u00e4sst sich jedoch nur mit einiger Anstrengung entz\u00fcnden. Die Hauptgefahr besteht in der Gef\u00e4hrdung der Umwelt. Es sollten sofortige Ma\u00dfnahmen ergriffen werden, um die Ausbreitung in der Umwelt zu begrenzen. Da es sich bei Naphthens\u00e4ure um eine Fl\u00fcssigkeit handelt, kann Naphthens\u00e4ure leicht in den Boden eindringen und das Grundwasser und nahe gelegene B\u00e4che verunreinigen. NAPHTENS\u00c4URE wird zur Herstellung von Farbtrocknern, Reinigungsmitteln und L\u00f6sungsmitteln verwendet.<\/h4>\n<p>&nbsp;<\/p>\n<h2><strong class=\"\">Naphthenisch<\/strong><strong> S\u00e4ureverbrauch<\/strong><\/h2>\n<h4>1. Naphtens\u00e4ure wird als Lacktrockner, biologischer Zusatzstoff usw. verwendet.<\/h4>\n<h4>2. Naphtens\u00e4ure wird als Rohstoff f\u00fcr die Herstellung von Naphthenaten und als Trockenmittel f\u00fcr Beschichtungen verwendet. Sie wird auch als Korrosionsschutzmittel f\u00fcr Holz und Kabel verwendet.<\/h4>\n<h4>3. Naphthens\u00e4ure wird zur Herstellung verschiedener Naphthenate verwendet.<\/h4>\n<p>&nbsp;<\/p>\n<h2><strong class=\"\">Naphthenisch<\/strong><strong>\u00a0S\u00e4ure Verpackung und Versand<\/strong><\/h2>\n<h4>200 kg Eisenfass<\/h4>\n<h4>Lieferung: innerhalb von 5-7 Arbeitstagen.<\/h4>\n<p>&nbsp;<\/p>\n<h2><strong>Produkte der gleichen Serie<\/strong><\/h2>\n<table style=\"border-collapse: collapse; width: 256.52pt;\" border=\"0\" width=\"342\" cellspacing=\"0\" cellpadding=\"0\">\n<tbody>\n<tr style=\"height: 54.00pt;\">\n<td class=\"et2\" style=\"height: 54.00pt; width: 146.25pt;\" width=\"195\" height=\"72\"><strong><span style=\"color: #3366ff;\">Naphthens\u00e4ure<\/span><\/strong><\/td>\n<td class=\"et2\" style=\"width: 110.25pt;\" width=\"147\"><strong><span style=\"color: #3366ff;\">1338-24-5<\/span><\/strong><\/td>\n<\/tr>\n<tr style=\"height: 54.00pt;\">\n<td class=\"et2\" style=\"height: 54.00pt; width: 146.25pt;\" width=\"195\" height=\"72\"><a href=\"https:\/\/longchangchemical.com\/de\/product\/copper-naphthenate-cas-1338-02-9\/\"><strong><span style=\"color: #3366ff;\">Kupfernaphthenat<\/span><\/strong><\/a><\/td>\n<td class=\"et2\" style=\"width: 110.25pt;\" width=\"147\"><a href=\"https:\/\/longchangchemical.com\/de\/product\/copper-naphthenate-cas-1338-02-9\/\"><strong><span style=\"color: #3366ff;\">1338-02-9<\/span><\/strong><\/a><\/td>\n<\/tr>\n<tr style=\"height: 54.00pt;\">\n<td class=\"et3\" style=\"height: 54.00pt; width: 146.25pt;\" width=\"195\" height=\"72\"><a href=\"https:\/\/longchangchemical.com\/de\/product\/zinc-naphthenate-cas-12001-85-3\/\"><strong><span style=\"color: #3366ff;\">Zinknaphthenat<\/span><\/strong><\/a><\/td>\n<td class=\"et3\" style=\"width: 110.25pt;\" width=\"147\"><a href=\"https:\/\/longchangchemical.com\/de\/product\/zinc-naphthenate-cas-12001-85-3\/\"><strong><span style=\"color: #3366ff;\">12001-85-3<\/span><\/strong><\/a><\/td>\n<\/tr>\n<\/tbody>\n<\/table>\n<h2><strong><b>Kontaktieren Sie uns jetzt!<\/b><\/strong><\/h2>\n<h4><strong><b>Wir bieten ma\u00dfgeschneiderte Dienstleistungen an und werden Sie in der Regel innerhalb von 24 Stunden kontaktieren. Sie k\u00f6nnen auch eine E-Mail an info@longchangchemical.com w\u00e4hrend der Arbeitszeiten (8:30 bis 18:00 Uhr UTC+8 Mo.~Sa.) senden oder den Live-Chat der Website nutzen, um eine schnelle Antwort zu erhalten.<\/b><\/strong><\/h4>","protected":false},"excerpt":{"rendered":"<h4>Chemische Bezeichnung: Naphthens\u00e4ure<\/h4>\n<h4>CAS: 1338-24-5<\/h4>\n<h4>Summenformel:C7H10O2<\/h4>\n<h4>Molekulargewicht:126.154<\/h4>\n<h4>\u00c4u\u00dferes Erscheinungsbild: Hellgelbe oder orangefarbene Fl\u00fcssigkeit<\/h4>","protected":false},"featured_media":4355,"comment_status":"open","ping_status":"closed","template":"","meta":[],"product_brand":[],"product_cat":[69],"product_tag":[],"class_list":{"0":"post-3552","1":"product","2":"type-product","3":"status-publish","4":"has-post-thumbnail","6":"product_cat-catalysts-chemical-auxiliary-agents","8":"first","9":"instock","10":"shipping-taxable","11":"product-type-simple"},"yoast_head":"<!-- This site is optimized with the Yoast SEO plugin v25.3.1 - https:\/\/yoast.com\/wordpress\/plugins\/seo\/ -->\n<title>China Naphthenic acid Manufacturer \uff06 1338-24-5 Supplier - Longchang chemical Co., Ltd.<\/title>\n<meta name=\"description\" content=\"Longchang Chemical is a leading manufacturer and supplier of Naphthenic acid in China. Buy Naphthenic acid in china. We can provide the best Naphthenic acid price.\" \/>\n<meta name=\"robots\" content=\"index, follow, max-snippet:-1, max-image-preview:large, max-video-preview:-1\" \/>\n<link rel=\"canonical\" href=\"https:\/\/longchangchemical.com\/de\/product\/naphthenic-acid-cas-1338-24-5\/\" \/>\n<meta property=\"og:locale\" content=\"de_DE\" \/>\n<meta property=\"og:type\" content=\"article\" \/>\n<meta property=\"og:title\" content=\"China Naphthenic acid Manufacturer \uff06 1338-24-5 Supplier - Longchang chemical Co., Ltd.\" \/>\n<meta property=\"og:description\" content=\"Longchang Chemical is a leading manufacturer and supplier of Naphthenic acid in China. Buy Naphthenic acid in china. We can provide the best Naphthenic acid price.\" \/>\n<meta property=\"og:url\" content=\"https:\/\/longchangchemical.com\/de\/product\/naphthenic-acid-cas-1338-24-5\/\" \/>\n<meta property=\"og:site_name\" content=\"Longchang Chemical\" \/>\n<meta property=\"article:modified_time\" content=\"2025-12-23T07:46:45+00:00\" \/>\n<meta property=\"og:image\" content=\"https:\/\/longchangchemical.com\/wp-content\/uploads\/2021\/01\/Naphthenic-acid-Appearance.jpg\" \/>\n\t<meta property=\"og:image:width\" content=\"600\" \/>\n\t<meta property=\"og:image:height\" content=\"800\" \/>\n\t<meta property=\"og:image:type\" content=\"image\/jpeg\" \/>\n<meta name=\"twitter:card\" content=\"summary_large_image\" \/>\n<script type=\"application\/ld+json\" class=\"yoast-schema-graph\">{\"@context\":\"https:\/\/schema.org\",\"@graph\":[{\"@type\":\"WebPage\",\"@id\":\"https:\/\/longchangchemical.com\/product\/naphthenic-acid-cas-1338-24-5\/\",\"url\":\"https:\/\/longchangchemical.com\/product\/naphthenic-acid-cas-1338-24-5\/\",\"name\":\"China Naphthenic acid Manufacturer \uff06 1338-24-5 Supplier - Longchang chemical Co., Ltd.\",\"isPartOf\":{\"@id\":\"https:\/\/longchangchemical.com\/#website\"},\"primaryImageOfPage\":{\"@id\":\"https:\/\/longchangchemical.com\/product\/naphthenic-acid-cas-1338-24-5\/#primaryimage\"},\"image\":{\"@id\":\"https:\/\/longchangchemical.com\/product\/naphthenic-acid-cas-1338-24-5\/#primaryimage\"},\"thumbnailUrl\":\"https:\/\/longchangchemical.com\/wp-content\/uploads\/2021\/01\/Naphthenic-acid-Appearance.jpg\",\"datePublished\":\"2021-02-08T08:09:47+00:00\",\"dateModified\":\"2025-12-23T07:46:45+00:00\",\"description\":\"Longchang Chemical is a leading manufacturer and supplier of Naphthenic acid in China. Buy Naphthenic acid in china. We can provide the best Naphthenic acid price.\",\"breadcrumb\":{\"@id\":\"https:\/\/longchangchemical.com\/product\/naphthenic-acid-cas-1338-24-5\/#breadcrumb\"},\"inLanguage\":\"de\",\"potentialAction\":[{\"@type\":\"ReadAction\",\"target\":[\"https:\/\/longchangchemical.com\/product\/naphthenic-acid-cas-1338-24-5\/\"]}]},{\"@type\":\"ImageObject\",\"inLanguage\":\"de\",\"@id\":\"https:\/\/longchangchemical.com\/product\/naphthenic-acid-cas-1338-24-5\/#primaryimage\",\"url\":\"https:\/\/longchangchemical.com\/wp-content\/uploads\/2021\/01\/Naphthenic-acid-Appearance.jpg\",\"contentUrl\":\"https:\/\/longchangchemical.com\/wp-content\/uploads\/2021\/01\/Naphthenic-acid-Appearance.jpg\",\"width\":600,\"height\":800,\"caption\":\"Naphthenic acid Appearance\"},{\"@type\":\"BreadcrumbList\",\"@id\":\"https:\/\/longchangchemical.com\/product\/naphthenic-acid-cas-1338-24-5\/#breadcrumb\",\"itemListElement\":[{\"@type\":\"ListItem\",\"position\":1,\"name\":\"Home\",\"item\":\"https:\/\/longchangchemical.com\/\"},{\"@type\":\"ListItem\",\"position\":2,\"name\":\"Products Longchang\",\"item\":\"https:\/\/longchangchemical.com\/product\/\"},{\"@type\":\"ListItem\",\"position\":3,\"name\":\"Naphthenic acid CAS 1338-24-5\"}]},{\"@type\":\"WebSite\",\"@id\":\"https:\/\/longchangchemical.com\/#website\",\"url\":\"https:\/\/longchangchemical.com\/\",\"name\":\"Longchang Chemical\",\"description\":\"China chemical manufacturer \uff06 supplier\",\"publisher\":{\"@id\":\"https:\/\/longchangchemical.com\/#organization\"},\"potentialAction\":[{\"@type\":\"SearchAction\",\"target\":{\"@type\":\"EntryPoint\",\"urlTemplate\":\"https:\/\/longchangchemical.com\/?s={search_term_string}\"},\"query-input\":{\"@type\":\"PropertyValueSpecification\",\"valueRequired\":true,\"valueName\":\"search_term_string\"}}],\"inLanguage\":\"de\"},{\"@type\":\"Organization\",\"@id\":\"https:\/\/longchangchemical.com\/#organization\",\"name\":\"Longchang Chemical\",\"url\":\"https:\/\/longchangchemical.com\/\",\"logo\":{\"@type\":\"ImageObject\",\"inLanguage\":\"de\",\"@id\":\"https:\/\/longchangchemical.com\/#\/schema\/logo\/image\/\",\"url\":\"https:\/\/longchangchemical.com\/wp-content\/uploads\/2020\/08\/cropped-longchang-logo.png\",\"contentUrl\":\"https:\/\/longchangchemical.com\/wp-content\/uploads\/2020\/08\/cropped-longchang-logo.png\",\"width\":512,\"height\":512,\"caption\":\"Longchang Chemical\"},\"image\":{\"@id\":\"https:\/\/longchangchemical.com\/#\/schema\/logo\/image\/\"}}]}<\/script>\n<!-- \/ Yoast SEO plugin. -->","yoast_head_json":{"title":"China Naphthens\u00e4ure Hersteller \uff06 1338-24-5 Lieferant - Longchang chemical Co., Ltd.","description":"Longchang Chemical ist ein f\u00fchrender Hersteller und Lieferant von Naphthens\u00e4ure in China. Kaufen Sie Naphthens\u00e4ure in China. Wir k\u00f6nnen die besten Naphthens\u00e4ure Preis bieten.","robots":{"index":"index","follow":"follow","max-snippet":"max-snippet:-1","max-image-preview":"max-image-preview:large","max-video-preview":"max-video-preview:-1"},"canonical":"https:\/\/longchangchemical.com\/de\/product\/naphthenic-acid-cas-1338-24-5\/","og_locale":"de_DE","og_type":"article","og_title":"China Naphthenic acid Manufacturer \uff06 1338-24-5 Supplier - Longchang chemical Co., Ltd.","og_description":"Longchang Chemical is a leading manufacturer and supplier of Naphthenic acid in China. Buy Naphthenic acid in china. We can provide the best Naphthenic acid price.","og_url":"https:\/\/longchangchemical.com\/de\/product\/naphthenic-acid-cas-1338-24-5\/","og_site_name":"Longchang Chemical","article_modified_time":"2025-12-23T07:46:45+00:00","og_image":[{"width":600,"height":800,"url":"https:\/\/longchangchemical.com\/wp-content\/uploads\/2021\/01\/Naphthenic-acid-Appearance.jpg","type":"image\/jpeg"}],"twitter_card":"summary_large_image","schema":{"@context":"https:\/\/schema.org","@graph":[{"@type":"WebPage","@id":"https:\/\/longchangchemical.com\/product\/naphthenic-acid-cas-1338-24-5\/","url":"https:\/\/longchangchemical.com\/product\/naphthenic-acid-cas-1338-24-5\/","name":"China Naphthens\u00e4ure Hersteller \uff06 1338-24-5 Lieferant - Longchang chemical Co., Ltd.","isPartOf":{"@id":"https:\/\/longchangchemical.com\/#website"},"primaryImageOfPage":{"@id":"https:\/\/longchangchemical.com\/product\/naphthenic-acid-cas-1338-24-5\/#primaryimage"},"image":{"@id":"https:\/\/longchangchemical.com\/product\/naphthenic-acid-cas-1338-24-5\/#primaryimage"},"thumbnailUrl":"https:\/\/longchangchemical.com\/wp-content\/uploads\/2021\/01\/Naphthenic-acid-Appearance.jpg","datePublished":"2021-02-08T08:09:47+00:00","dateModified":"2025-12-23T07:46:45+00:00","description":"Longchang Chemical ist ein f\u00fchrender Hersteller und Lieferant von Naphthens\u00e4ure in China. Kaufen Sie Naphthens\u00e4ure in China. Wir k\u00f6nnen die besten Naphthens\u00e4ure Preis bieten.","breadcrumb":{"@id":"https:\/\/longchangchemical.com\/product\/naphthenic-acid-cas-1338-24-5\/#breadcrumb"},"inLanguage":"de","potentialAction":[{"@type":"ReadAction","target":["https:\/\/longchangchemical.com\/product\/naphthenic-acid-cas-1338-24-5\/"]}]},{"@type":"ImageObject","inLanguage":"de","@id":"https:\/\/longchangchemical.com\/product\/naphthenic-acid-cas-1338-24-5\/#primaryimage","url":"https:\/\/longchangchemical.com\/wp-content\/uploads\/2021\/01\/Naphthenic-acid-Appearance.jpg","contentUrl":"https:\/\/longchangchemical.com\/wp-content\/uploads\/2021\/01\/Naphthenic-acid-Appearance.jpg","width":600,"height":800,"caption":"Naphthenic acid Appearance"},{"@type":"BreadcrumbList","@id":"https:\/\/longchangchemical.com\/product\/naphthenic-acid-cas-1338-24-5\/#breadcrumb","itemListElement":[{"@type":"ListItem","position":1,"name":"Home","item":"https:\/\/longchangchemical.com\/"},{"@type":"ListItem","position":2,"name":"Products Longchang","item":"https:\/\/longchangchemical.com\/product\/"},{"@type":"ListItem","position":3,"name":"Naphthenic acid CAS 1338-24-5"}]},{"@type":"WebSite","@id":"https:\/\/longchangchemical.com\/#website","url":"https:\/\/longchangchemical.com\/","name":"Longchang Chemical","description":"China Hersteller von Chemikalien \uff06 Lieferant","publisher":{"@id":"https:\/\/longchangchemical.com\/#organization"},"potentialAction":[{"@type":"SearchAction","target":{"@type":"EntryPoint","urlTemplate":"https:\/\/longchangchemical.com\/?s={search_term_string}"},"query-input":{"@type":"PropertyValueSpecification","valueRequired":true,"valueName":"search_term_string"}}],"inLanguage":"de"},{"@type":"Organization","@id":"https:\/\/longchangchemical.com\/#organization","name":"Longchang Chemical","url":"https:\/\/longchangchemical.com\/","logo":{"@type":"ImageObject","inLanguage":"de","@id":"https:\/\/longchangchemical.com\/#\/schema\/logo\/image\/","url":"https:\/\/longchangchemical.com\/wp-content\/uploads\/2020\/08\/cropped-longchang-logo.png","contentUrl":"https:\/\/longchangchemical.com\/wp-content\/uploads\/2020\/08\/cropped-longchang-logo.png","width":512,"height":512,"caption":"Longchang Chemical"},"image":{"@id":"https:\/\/longchangchemical.com\/#\/schema\/logo\/image\/"}}]}},"_links":{"self":[{"href":"https:\/\/longchangchemical.com\/de\/wp-json\/wp\/v2\/product\/3552","targetHints":{"allow":["GET"]}}],"collection":[{"href":"https:\/\/longchangchemical.com\/de\/wp-json\/wp\/v2\/product"}],"about":[{"href":"https:\/\/longchangchemical.com\/de\/wp-json\/wp\/v2\/types\/product"}],"replies":[{"embeddable":true,"href":"https:\/\/longchangchemical.com\/de\/wp-json\/wp\/v2\/comments?post=3552"}],"wp:featuredmedia":[{"embeddable":true,"href":"https:\/\/longchangchemical.com\/de\/wp-json\/wp\/v2\/media\/4355"}],"wp:attachment":[{"href":"https:\/\/longchangchemical.com\/de\/wp-json\/wp\/v2\/media?parent=3552"}],"wp:term":[{"taxonomy":"product_brand","embeddable":true,"href":"https:\/\/longchangchemical.com\/de\/wp-json\/wp\/v2\/product_brand?post=3552"},{"taxonomy":"product_cat","embeddable":true,"href":"https:\/\/longchangchemical.com\/de\/wp-json\/wp\/v2\/product_cat?post=3552"},{"taxonomy":"product_tag","embeddable":true,"href":"https:\/\/longchangchemical.com\/de\/wp-json\/wp\/v2\/product_tag?post=3552"}],"curies":[{"name":"wp","href":"https:\/\/api.w.org\/{rel}","templated":true}]}}