{"id":3538,"date":"2021-02-07T13:21:35","date_gmt":"2021-02-07T13:21:35","guid":{"rendered":"https:\/\/longchangchemical.com\/?post_type=product&#038;p=3538"},"modified":"2025-04-01T07:40:27","modified_gmt":"2025-04-01T07:40:27","slug":"4-hydroxy-tempo-cas-2226-96-2","status":"publish","type":"product","link":"https:\/\/longchangchemical.com\/de\/product\/4-hydroxy-tempo-cas-2226-96-2\/","title":{"rendered":"CHLUMINIT\u00ae 701 \/ Polymerisationsinhibitor 701 \/ 4-Hydroxy-tempo CAS 2226-96-2"},"content":{"rendered":"<h2>Polymerisationsinhibitor 701 \/ 4-Hydroxy-tempo CAS 2226-96-2<\/h2>\n<table class=\"table-1\" cellspacing=\"0\">\n<tbody>\n<tr>\n<td valign=\"center\" width=\"266\">\n<h4><strong>Artikel<\/strong><\/h4>\n<\/td>\n<td valign=\"center\" width=\"300\">\n<h4><strong>Spezifikationen<\/strong><\/h4>\n<\/td>\n<\/tr>\n<tr>\n<td valign=\"center\" width=\"266\">\n<h4>Erscheinungsbild<\/h4>\n<\/td>\n<td valign=\"center\" width=\"300\">\n<h4>Dunkle Orangenflocken<\/h4>\n<\/td>\n<\/tr>\n<tr>\n<td valign=\"center\" width=\"266\">\n<h4>Esche<\/h4>\n<\/td>\n<td valign=\"center\" width=\"300\">\n<h4>0,10%max<\/h4>\n<\/td>\n<\/tr>\n<tr>\n<td valign=\"center\" width=\"266\">\n<h4>Assay(GC)<\/h4>\n<\/td>\n<td valign=\"center\" width=\"300\">\n<h4>99.0%min<\/h4>\n<\/td>\n<\/tr>\n<tr>\n<td valign=\"center\" width=\"266\">\n<h4>Schmelzpunkt<\/h4>\n<\/td>\n<td valign=\"center\" width=\"300\">\n<h4>70.0~72.0\u2103<\/h4>\n<\/td>\n<\/tr>\n<tr>\n<td valign=\"center\" width=\"266\">\n<h4>Wassergehalt<\/h4>\n<\/td>\n<td valign=\"center\" width=\"300\">\n<h4>0,50%max<\/h4>\n<\/td>\n<\/tr>\n<tr>\n<td valign=\"center\" width=\"266\">\n<h4>Toluol unl\u00f6slich<\/h4>\n<\/td>\n<td valign=\"center\" width=\"300\">\n<h4>0.5%<\/h4>\n<\/td>\n<\/tr>\n<\/tbody>\n<\/table>\n<p>&nbsp;<\/p>\n<p>&nbsp;<\/p>\n<h2><strong>4-Hydroxy TEMPO Verwendung<\/strong><\/h2>\n<h4>1. Inhibitor 701 hat eine gute inhibitorische Wirkung auf Acrylate, Methacrylate, Acryls\u00e4ure, Acrylnitril, Styrol und Butadien.<\/h4>\n<h4>2. Seine Polymerisationshemmung Leistung ist besser als Phenole, aromatische Amine, Ether, Chinone und Nitroverbindungen und andere Polymerisationsinhibitoren, kann Hydrochinon ersetzen, und seine Polymerisationshemmung Wirkung ist etwa 4 mal die von Hydrochinon.<\/h4>\n<h4>3. Der Inhibitor 701 wird verwendet, um die Selbstpolymerisation von Olefinmonomeren w\u00e4hrend der Herstellung, Trennung, Raffination, Lagerung oder des Transports zu verhindern und um den Polymerisationsgrad von Olefinen und ihren Derivaten zu kontrollieren und einzustellen.<\/h4>\n<h4>4. Der Polymerisationsinhibitor 701 wird als Spin-Marker f\u00fcr die Untersuchung biologischer Verbindungen und Polymere verwendet; ein Spin-Marker-Reagenz wird zur Identifizierung der Bindungsstellen von NK1-Rezeptor-Antagonisten und -Agonisten verwendet und kann auch f\u00fcr die Elektronenspinresonanzspektroskopie verwendet werden;<\/h4>\n<h4>5. TEMPOL kann Zellen, die CYP2E1 \u00fcberexprimieren, vor den toxischen Sch\u00e4den von Arachidons\u00e4ure sch\u00fctzen; es kann zur Herstellung von fluormarkierten TEMPO-Derivaten aus derivatisiertem TEMPO-Propynylether und anschlie\u00dfender \"Click\"-Reaktion mit Fluoroazid verwendet werden;<\/h4>\n<h4>6. Der Inhibitor 701 wird als hocheffizienter Katalysator bei der Oxidationsreaktion von Alkohol mit Bleichmittel verwendet<\/h4>\n<p>&nbsp;<\/p>\n<h2><strong>4-Hydroxy TEMPO-Paket<\/strong><\/h2>\n<h4>Fasertrommel mit Hochdruck-Polyethylen-Folienbeutel im Inneren 25 kg\/Fass, kann auch nach Kundenwunsch verpackt werden.<\/h4>\n<p>&nbsp;<\/p>\n<h2><strong>4-Hydroxy TEMPO Lagerung<\/strong><\/h2>\n<h4>Es kann leicht Feuchtigkeit aufnehmen. Es muss unter luftdichten und trockenen Bedingungen gelagert werden. Es sollte unversehrt und in einem bel\u00fcfteten und aufger\u00e4umten Lagerhaus gelagert werden, damit es nicht mit anderen s\u00e4urehaltigen Chemikalien zusammen gelagert wird.<\/h4>\n<p>&nbsp;<\/p>\n<h2><strong><b>Kontaktieren Sie uns jetzt!<\/b><\/strong><\/h2>\n<h4><strong><b>Wenn Sie COA, MSDS oder TDS ben\u00f6tigen, geben Sie bitte Ihre Kontaktinformationen in das untenstehende Formular ein. Wir werden uns in der Regel innerhalb von 24 Stunden mit Ihnen in Verbindung setzen.<\/b><\/strong><strong><b>\u00a0Sie k\u00f6nnen mir auch eine E-Mail schicken <span style=\"color: #3366ff;\"><a style=\"color: #3366ff;\" href=\"mailto:info@longchangchemical.com\">info@longchangchemical.com<\/a><\/span> w\u00e4hrend der Gesch\u00e4ftszeiten ( 8:30 bis 18:00 Uhr UTC+8 Mo.~Sa. ) oder nutzen Sie den Live-Chat auf der Website, um eine schnelle Antwort zu erhalten.<\/b><\/strong><\/h4>","protected":false},"excerpt":{"rendered":"<h4>Produktname:4-Hydroxy TEMPO<\/h4>\n<h4>CAS-Nr.: 2226-96-2<\/h4>\n<h4>Summenformel:C9H18NO2<\/h4>\n<h4>Molekulargewicht: 172,24<\/h4>\n<h4>Chemische Struktur:<img decoding=\"async\" title=\"4-Hydroxy TEMPO Struktur\" src=\"https:\/\/www.longchangchemical.com\/wp-content\/uploads\/product-details\/20200616326347.png\" alt=\"4-Hydroxy TEMPO Struktur\" width=\"108\" height=\"77\" border=\"0\" vspace=\"0\" \/><\/h4>\n<h4>\u00c4u\u00dferes Erscheinungsbild: Dunkelorangefarbene Flocken<\/h4>\n<h4>Assay: 99.8%<\/h4>\n<h4>Eigenschaften: L\u00f6slich in Ethanol, Benzol und anderen organischen L\u00f6sungsmitteln, l\u00f6slich in Wasser.<\/h4>","protected":false},"featured_media":4736,"comment_status":"open","ping_status":"closed","template":"","meta":[],"product_brand":[],"product_cat":[186],"product_tag":[],"class_list":{"0":"post-3538","1":"product","2":"type-product","3":"status-publish","4":"has-post-thumbnail","6":"product_cat-polymerization-inhibitor","8":"first","9":"instock","10":"shipping-taxable","11":"product-type-simple"},"yoast_head":"<!-- This site is optimized with the Yoast SEO plugin v25.3.1 - https:\/\/yoast.com\/wordpress\/plugins\/seo\/ -->\n<title>China Polymerization inhibitor 701 \/ 4-Hydroxy-TEMPO Manufacturer \uff06 Supplier - Longchang chemical Co., Ltd.<\/title>\n<meta name=\"description\" content=\"Longchang Chemical is a leading manufacturer and supplier of 4-Hydroxy-TEMPO in China. Buy 4-Hydroxy-2,2,6,6-tetramethyl-piperidinooxy in china. We can provide the best 4-Hydroxy-TEMPO price.\" \/>\n<meta name=\"robots\" content=\"index, follow, max-snippet:-1, max-image-preview:large, max-video-preview:-1\" \/>\n<link rel=\"canonical\" href=\"https:\/\/longchangchemical.com\/de\/product\/4-hydroxy-tempo-cas-2226-96-2\/\" \/>\n<meta property=\"og:locale\" content=\"de_DE\" \/>\n<meta property=\"og:type\" content=\"article\" \/>\n<meta property=\"og:title\" content=\"China Polymerization inhibitor 701 \/ 4-Hydroxy-TEMPO Manufacturer \uff06 Supplier - Longchang chemical Co., Ltd.\" \/>\n<meta property=\"og:description\" content=\"Longchang Chemical is a leading manufacturer and supplier of 4-Hydroxy-TEMPO in China. Buy 4-Hydroxy-2,2,6,6-tetramethyl-piperidinooxy in china. We can provide the best 4-Hydroxy-TEMPO price.\" \/>\n<meta property=\"og:url\" content=\"https:\/\/longchangchemical.com\/de\/product\/4-hydroxy-tempo-cas-2226-96-2\/\" \/>\n<meta property=\"og:site_name\" content=\"Longchang Chemical\" \/>\n<meta property=\"article:modified_time\" content=\"2025-04-01T07:40:27+00:00\" \/>\n<meta property=\"og:image\" content=\"https:\/\/longchangchemical.com\/wp-content\/uploads\/2021\/02\/4-Hydroxy-tempo-Appearance.jpg\" \/>\n\t<meta property=\"og:image:width\" content=\"600\" \/>\n\t<meta property=\"og:image:height\" content=\"800\" \/>\n\t<meta property=\"og:image:type\" content=\"image\/jpeg\" \/>\n<meta name=\"twitter:card\" content=\"summary_large_image\" \/>\n<script type=\"application\/ld+json\" class=\"yoast-schema-graph\">{\"@context\":\"https:\/\/schema.org\",\"@graph\":[{\"@type\":\"WebPage\",\"@id\":\"https:\/\/longchangchemical.com\/product\/4-hydroxy-tempo-cas-2226-96-2\/\",\"url\":\"https:\/\/longchangchemical.com\/product\/4-hydroxy-tempo-cas-2226-96-2\/\",\"name\":\"China Polymerization inhibitor 701 \/ 4-Hydroxy-TEMPO Manufacturer \uff06 Supplier - Longchang chemical Co., Ltd.\",\"isPartOf\":{\"@id\":\"https:\/\/longchangchemical.com\/#website\"},\"primaryImageOfPage\":{\"@id\":\"https:\/\/longchangchemical.com\/product\/4-hydroxy-tempo-cas-2226-96-2\/#primaryimage\"},\"image\":{\"@id\":\"https:\/\/longchangchemical.com\/product\/4-hydroxy-tempo-cas-2226-96-2\/#primaryimage\"},\"thumbnailUrl\":\"https:\/\/longchangchemical.com\/wp-content\/uploads\/2021\/02\/4-Hydroxy-tempo-Appearance.jpg\",\"datePublished\":\"2021-02-07T13:21:35+00:00\",\"dateModified\":\"2025-04-01T07:40:27+00:00\",\"description\":\"Longchang Chemical is a leading manufacturer and supplier of 4-Hydroxy-TEMPO in China. Buy 4-Hydroxy-2,2,6,6-tetramethyl-piperidinooxy in china. We can provide the best 4-Hydroxy-TEMPO price.\",\"breadcrumb\":{\"@id\":\"https:\/\/longchangchemical.com\/product\/4-hydroxy-tempo-cas-2226-96-2\/#breadcrumb\"},\"inLanguage\":\"de\",\"potentialAction\":[{\"@type\":\"ReadAction\",\"target\":[\"https:\/\/longchangchemical.com\/product\/4-hydroxy-tempo-cas-2226-96-2\/\"]}]},{\"@type\":\"ImageObject\",\"inLanguage\":\"de\",\"@id\":\"https:\/\/longchangchemical.com\/product\/4-hydroxy-tempo-cas-2226-96-2\/#primaryimage\",\"url\":\"https:\/\/longchangchemical.com\/wp-content\/uploads\/2021\/02\/4-Hydroxy-tempo-Appearance.jpg\",\"contentUrl\":\"https:\/\/longchangchemical.com\/wp-content\/uploads\/2021\/02\/4-Hydroxy-tempo-Appearance.jpg\",\"width\":600,\"height\":800},{\"@type\":\"BreadcrumbList\",\"@id\":\"https:\/\/longchangchemical.com\/product\/4-hydroxy-tempo-cas-2226-96-2\/#breadcrumb\",\"itemListElement\":[{\"@type\":\"ListItem\",\"position\":1,\"name\":\"Home\",\"item\":\"https:\/\/longchangchemical.com\/\"},{\"@type\":\"ListItem\",\"position\":2,\"name\":\"Products Longchang\",\"item\":\"https:\/\/longchangchemical.com\/product\/\"},{\"@type\":\"ListItem\",\"position\":3,\"name\":\"CHLUMINIT\u00ae 701 \/ Polymerization inhibitor 701 \/ 4-Hydroxy-tempo CAS 2226-96-2\"}]},{\"@type\":\"WebSite\",\"@id\":\"https:\/\/longchangchemical.com\/#website\",\"url\":\"https:\/\/longchangchemical.com\/\",\"name\":\"Longchang Chemical\",\"description\":\"China chemical manufacturer \uff06 supplier\",\"publisher\":{\"@id\":\"https:\/\/longchangchemical.com\/#organization\"},\"potentialAction\":[{\"@type\":\"SearchAction\",\"target\":{\"@type\":\"EntryPoint\",\"urlTemplate\":\"https:\/\/longchangchemical.com\/?s={search_term_string}\"},\"query-input\":{\"@type\":\"PropertyValueSpecification\",\"valueRequired\":true,\"valueName\":\"search_term_string\"}}],\"inLanguage\":\"de\"},{\"@type\":\"Organization\",\"@id\":\"https:\/\/longchangchemical.com\/#organization\",\"name\":\"Longchang Chemical\",\"url\":\"https:\/\/longchangchemical.com\/\",\"logo\":{\"@type\":\"ImageObject\",\"inLanguage\":\"de\",\"@id\":\"https:\/\/longchangchemical.com\/#\/schema\/logo\/image\/\",\"url\":\"https:\/\/longchangchemical.com\/wp-content\/uploads\/2020\/08\/cropped-longchang-logo.png\",\"contentUrl\":\"https:\/\/longchangchemical.com\/wp-content\/uploads\/2020\/08\/cropped-longchang-logo.png\",\"width\":512,\"height\":512,\"caption\":\"Longchang Chemical\"},\"image\":{\"@id\":\"https:\/\/longchangchemical.com\/#\/schema\/logo\/image\/\"}}]}<\/script>\n<!-- \/ Yoast SEO plugin. -->","yoast_head_json":{"title":"China Polymerisationsinhibitor 701 \/ 4-Hydroxy-TEMPO Hersteller \uff06 Lieferant - Longchang chemical Co., Ltd.","description":"Longchang Chemical ist ein f\u00fchrender Hersteller und Lieferant von 4-Hydroxy-TEMPO in China. Kaufen Sie 4-Hydroxy-2,2,6,6-tetramethyl-piperidinooxy in China. Wir k\u00f6nnen die besten 4-Hydroxy-TEMPO Preis bieten.","robots":{"index":"index","follow":"follow","max-snippet":"max-snippet:-1","max-image-preview":"max-image-preview:large","max-video-preview":"max-video-preview:-1"},"canonical":"https:\/\/longchangchemical.com\/de\/product\/4-hydroxy-tempo-cas-2226-96-2\/","og_locale":"de_DE","og_type":"article","og_title":"China Polymerization inhibitor 701 \/ 4-Hydroxy-TEMPO Manufacturer \uff06 Supplier - Longchang chemical Co., Ltd.","og_description":"Longchang Chemical is a leading manufacturer and supplier of 4-Hydroxy-TEMPO in China. Buy 4-Hydroxy-2,2,6,6-tetramethyl-piperidinooxy in china. We can provide the best 4-Hydroxy-TEMPO price.","og_url":"https:\/\/longchangchemical.com\/de\/product\/4-hydroxy-tempo-cas-2226-96-2\/","og_site_name":"Longchang Chemical","article_modified_time":"2025-04-01T07:40:27+00:00","og_image":[{"width":600,"height":800,"url":"https:\/\/longchangchemical.com\/wp-content\/uploads\/2021\/02\/4-Hydroxy-tempo-Appearance.jpg","type":"image\/jpeg"}],"twitter_card":"summary_large_image","schema":{"@context":"https:\/\/schema.org","@graph":[{"@type":"WebPage","@id":"https:\/\/longchangchemical.com\/product\/4-hydroxy-tempo-cas-2226-96-2\/","url":"https:\/\/longchangchemical.com\/product\/4-hydroxy-tempo-cas-2226-96-2\/","name":"China Polymerisationsinhibitor 701 \/ 4-Hydroxy-TEMPO Hersteller \uff06 Lieferant - Longchang chemical Co., Ltd.","isPartOf":{"@id":"https:\/\/longchangchemical.com\/#website"},"primaryImageOfPage":{"@id":"https:\/\/longchangchemical.com\/product\/4-hydroxy-tempo-cas-2226-96-2\/#primaryimage"},"image":{"@id":"https:\/\/longchangchemical.com\/product\/4-hydroxy-tempo-cas-2226-96-2\/#primaryimage"},"thumbnailUrl":"https:\/\/longchangchemical.com\/wp-content\/uploads\/2021\/02\/4-Hydroxy-tempo-Appearance.jpg","datePublished":"2021-02-07T13:21:35+00:00","dateModified":"2025-04-01T07:40:27+00:00","description":"Longchang Chemical ist ein f\u00fchrender Hersteller und Lieferant von 4-Hydroxy-TEMPO in China. Kaufen Sie 4-Hydroxy-2,2,6,6-tetramethyl-piperidinooxy in China. Wir k\u00f6nnen die besten 4-Hydroxy-TEMPO Preis bieten.","breadcrumb":{"@id":"https:\/\/longchangchemical.com\/product\/4-hydroxy-tempo-cas-2226-96-2\/#breadcrumb"},"inLanguage":"de","potentialAction":[{"@type":"ReadAction","target":["https:\/\/longchangchemical.com\/product\/4-hydroxy-tempo-cas-2226-96-2\/"]}]},{"@type":"ImageObject","inLanguage":"de","@id":"https:\/\/longchangchemical.com\/product\/4-hydroxy-tempo-cas-2226-96-2\/#primaryimage","url":"https:\/\/longchangchemical.com\/wp-content\/uploads\/2021\/02\/4-Hydroxy-tempo-Appearance.jpg","contentUrl":"https:\/\/longchangchemical.com\/wp-content\/uploads\/2021\/02\/4-Hydroxy-tempo-Appearance.jpg","width":600,"height":800},{"@type":"BreadcrumbList","@id":"https:\/\/longchangchemical.com\/product\/4-hydroxy-tempo-cas-2226-96-2\/#breadcrumb","itemListElement":[{"@type":"ListItem","position":1,"name":"Home","item":"https:\/\/longchangchemical.com\/"},{"@type":"ListItem","position":2,"name":"Products Longchang","item":"https:\/\/longchangchemical.com\/product\/"},{"@type":"ListItem","position":3,"name":"CHLUMINIT\u00ae 701 \/ Polymerization inhibitor 701 \/ 4-Hydroxy-tempo CAS 2226-96-2"}]},{"@type":"WebSite","@id":"https:\/\/longchangchemical.com\/#website","url":"https:\/\/longchangchemical.com\/","name":"Longchang Chemical","description":"China Hersteller von Chemikalien \uff06 Lieferant","publisher":{"@id":"https:\/\/longchangchemical.com\/#organization"},"potentialAction":[{"@type":"SearchAction","target":{"@type":"EntryPoint","urlTemplate":"https:\/\/longchangchemical.com\/?s={search_term_string}"},"query-input":{"@type":"PropertyValueSpecification","valueRequired":true,"valueName":"search_term_string"}}],"inLanguage":"de"},{"@type":"Organization","@id":"https:\/\/longchangchemical.com\/#organization","name":"Longchang Chemical","url":"https:\/\/longchangchemical.com\/","logo":{"@type":"ImageObject","inLanguage":"de","@id":"https:\/\/longchangchemical.com\/#\/schema\/logo\/image\/","url":"https:\/\/longchangchemical.com\/wp-content\/uploads\/2020\/08\/cropped-longchang-logo.png","contentUrl":"https:\/\/longchangchemical.com\/wp-content\/uploads\/2020\/08\/cropped-longchang-logo.png","width":512,"height":512,"caption":"Longchang Chemical"},"image":{"@id":"https:\/\/longchangchemical.com\/#\/schema\/logo\/image\/"}}]}},"_links":{"self":[{"href":"https:\/\/longchangchemical.com\/de\/wp-json\/wp\/v2\/product\/3538","targetHints":{"allow":["GET"]}}],"collection":[{"href":"https:\/\/longchangchemical.com\/de\/wp-json\/wp\/v2\/product"}],"about":[{"href":"https:\/\/longchangchemical.com\/de\/wp-json\/wp\/v2\/types\/product"}],"replies":[{"embeddable":true,"href":"https:\/\/longchangchemical.com\/de\/wp-json\/wp\/v2\/comments?post=3538"}],"wp:featuredmedia":[{"embeddable":true,"href":"https:\/\/longchangchemical.com\/de\/wp-json\/wp\/v2\/media\/4736"}],"wp:attachment":[{"href":"https:\/\/longchangchemical.com\/de\/wp-json\/wp\/v2\/media?parent=3538"}],"wp:term":[{"taxonomy":"product_brand","embeddable":true,"href":"https:\/\/longchangchemical.com\/de\/wp-json\/wp\/v2\/product_brand?post=3538"},{"taxonomy":"product_cat","embeddable":true,"href":"https:\/\/longchangchemical.com\/de\/wp-json\/wp\/v2\/product_cat?post=3538"},{"taxonomy":"product_tag","embeddable":true,"href":"https:\/\/longchangchemical.com\/de\/wp-json\/wp\/v2\/product_tag?post=3538"}],"curies":[{"name":"wp","href":"https:\/\/api.w.org\/{rel}","templated":true}]}}